{"id":234,"date":"2018-11-10T17:28:29","date_gmt":"2018-11-10T15:28:29","guid":{"rendered":"https:\/\/meripelastus.fi\/lahti-vedos\/?page_id=234"},"modified":"2024-01-19T14:41:25","modified_gmt":"2024-01-19T12:41:25","slug":"historian-havinaa","status":"publish","type":"page","link":"https:\/\/meripelastus.fi\/lahti\/kuvagalleria\/historian-havinaa\/","title":{"rendered":"Historian havinaa"},"content":{"rendered":"\n<h2 class=\"wp-block-heading\">Vanhoja aluksia<\/h2>\n\n\n\n<figure class=\"wp-block-gallery has-nested-images columns-4 is-cropped wp-block-gallery-1 is-layout-flex wp-block-gallery-is-layout-flex\">\n<figure class=\"wp-block-image size-large\"><a href=\"https:\/\/meripelastus.fi\/lahti\/wp-content\/uploads\/sites\/10\/2018\/11\/Kuutti1.jpg\"><img loading=\"lazy\" decoding=\"async\" width=\"640\" height=\"413\" data-id=\"457\" src=\"https:\/\/meripelastus.fi\/lahti\/wp-content\/uploads\/sites\/10\/2018\/11\/Kuutti1.jpg\" alt=\"\" class=\"wp-image-457\" srcset=\"https:\/\/meripelastus.fi\/lahti\/wp-content\/uploads\/sites\/10\/2018\/11\/Kuutti1.jpg 640w, https:\/\/meripelastus.fi\/lahti\/wp-content\/uploads\/sites\/10\/2018\/11\/Kuutti1-300x194.jpg 300w\" sizes=\"auto, (max-width: 640px) 100vw, 640px\" \/><\/a><figcaption class=\"wp-element-caption\">Yhdistyksen ensimm\u00e4inen <br>\nalus Pv Kuutti <br>\nV\u00e4\u00e4ksyn kanavalla<\/figcaption><\/figure>\n\n\n\n<figure class=\"wp-block-image size-large\"><a href=\"https:\/\/meripelastus.fi\/lahti\/wp-content\/uploads\/sites\/10\/2018\/11\/Kuutti2.jpg\"><img loading=\"lazy\" decoding=\"async\" width=\"640\" height=\"419\" data-id=\"458\" src=\"https:\/\/meripelastus.fi\/lahti\/wp-content\/uploads\/sites\/10\/2018\/11\/Kuutti2.jpg\" alt=\"\" class=\"wp-image-458\" srcset=\"https:\/\/meripelastus.fi\/lahti\/wp-content\/uploads\/sites\/10\/2018\/11\/Kuutti2.jpg 640w, https:\/\/meripelastus.fi\/lahti\/wp-content\/uploads\/sites\/10\/2018\/11\/Kuutti2-300x196.jpg 300w\" sizes=\"auto, (max-width: 640px) 100vw, 640px\" \/><\/a><figcaption class=\"wp-element-caption\">Pv Kuutti talviteloilla<\/figcaption><\/figure>\n\n\n\n<figure class=\"wp-block-image size-large\"><a href=\"https:\/\/meripelastus.fi\/lahti\/wp-content\/uploads\/sites\/10\/2018\/11\/KK0002.jpg\"><img loading=\"lazy\" decoding=\"async\" width=\"600\" height=\"415\" data-id=\"468\" src=\"https:\/\/meripelastus.fi\/lahti\/wp-content\/uploads\/sites\/10\/2018\/11\/KK0002.jpg\" alt=\"\" class=\"wp-image-468\" srcset=\"https:\/\/meripelastus.fi\/lahti\/wp-content\/uploads\/sites\/10\/2018\/11\/KK0002.jpg 600w, https:\/\/meripelastus.fi\/lahti\/wp-content\/uploads\/sites\/10\/2018\/11\/KK0002-300x208.jpg 300w\" sizes=\"auto, (max-width: 600px) 100vw, 600px\" \/><\/a><\/figure>\n\n\n\n<figure class=\"wp-block-image size-large\"><a href=\"https:\/\/meripelastus.fi\/lahti\/wp-content\/uploads\/sites\/10\/2018\/11\/telakka2.jpg\"><img loading=\"lazy\" decoding=\"async\" width=\"400\" height=\"273\" data-id=\"462\" src=\"https:\/\/meripelastus.fi\/lahti\/wp-content\/uploads\/sites\/10\/2018\/11\/telakka2.jpg\" alt=\"\" class=\"wp-image-462\" srcset=\"https:\/\/meripelastus.fi\/lahti\/wp-content\/uploads\/sites\/10\/2018\/11\/telakka2.jpg 400w, https:\/\/meripelastus.fi\/lahti\/wp-content\/uploads\/sites\/10\/2018\/11\/telakka2-300x205.jpg 300w\" sizes=\"auto, (max-width: 400px) 100vw, 400px\" \/><\/a><figcaption class=\"wp-element-caption\">Pv Teemu Hiltunen rakenteilla<\/figcaption><\/figure>\n\n\n\n<figure class=\"wp-block-image size-large\"><a href=\"https:\/\/meripelastus.fi\/lahti\/wp-content\/uploads\/sites\/10\/2018\/11\/cat.jpg\"><img loading=\"lazy\" decoding=\"async\" width=\"400\" height=\"276\" data-id=\"324\" src=\"https:\/\/meripelastus.fi\/lahti\/wp-content\/uploads\/sites\/10\/2018\/11\/cat.jpg\" alt=\"PV Teemu Hiltusen moottori Caterpillar 3176 odottamassa asennusta\" class=\"wp-image-324\" srcset=\"https:\/\/meripelastus.fi\/lahti\/wp-content\/uploads\/sites\/10\/2018\/11\/cat.jpg 400w, https:\/\/meripelastus.fi\/lahti\/wp-content\/uploads\/sites\/10\/2018\/11\/cat-300x207.jpg 300w\" sizes=\"auto, (max-width: 400px) 100vw, 400px\" \/><\/a><\/figure>\n\n\n\n<figure class=\"wp-block-image size-large\"><a href=\"https:\/\/meripelastus.fi\/lahti\/wp-content\/uploads\/sites\/10\/2018\/11\/hilpuh.jpg\"><img loading=\"lazy\" decoding=\"async\" width=\"262\" height=\"400\" data-id=\"325\" src=\"https:\/\/meripelastus.fi\/lahti\/wp-content\/uploads\/sites\/10\/2018\/11\/hilpuh.jpg\" alt=\"PV Teemu Hiltusen kastetilaisuus 1.6.1997\" class=\"wp-image-325\" srcset=\"https:\/\/meripelastus.fi\/lahti\/wp-content\/uploads\/sites\/10\/2018\/11\/hilpuh.jpg 262w, https:\/\/meripelastus.fi\/lahti\/wp-content\/uploads\/sites\/10\/2018\/11\/hilpuh-197x300.jpg 197w\" sizes=\"auto, (max-width: 262px) 100vw, 262px\" \/><\/a><\/figure>\n\n\n\n<figure class=\"wp-block-image size-large\"><a href=\"https:\/\/meripelastus.fi\/lahti\/wp-content\/uploads\/sites\/10\/2018\/11\/NOK0003.jpg\"><img loading=\"lazy\" decoding=\"async\" width=\"640\" height=\"407\" data-id=\"459\" src=\"https:\/\/meripelastus.fi\/lahti\/wp-content\/uploads\/sites\/10\/2018\/11\/NOK0003.jpg\" alt=\"\" class=\"wp-image-459\" srcset=\"https:\/\/meripelastus.fi\/lahti\/wp-content\/uploads\/sites\/10\/2018\/11\/NOK0003.jpg 640w, https:\/\/meripelastus.fi\/lahti\/wp-content\/uploads\/sites\/10\/2018\/11\/NOK0003-300x191.jpg 300w\" sizes=\"auto, (max-width: 640px) 100vw, 640px\" \/><\/a><figcaption class=\"wp-element-caption\">Pv Nokkala<\/figcaption><\/figure>\n\n\n\n<figure class=\"wp-block-image size-large\"><a href=\"https:\/\/meripelastus.fi\/lahti\/wp-content\/uploads\/sites\/10\/2018\/11\/nokkala01.jpg\"><img loading=\"lazy\" decoding=\"async\" width=\"400\" height=\"300\" data-id=\"460\" src=\"https:\/\/meripelastus.fi\/lahti\/wp-content\/uploads\/sites\/10\/2018\/11\/nokkala01.jpg\" alt=\"\" class=\"wp-image-460\" srcset=\"https:\/\/meripelastus.fi\/lahti\/wp-content\/uploads\/sites\/10\/2018\/11\/nokkala01.jpg 400w, https:\/\/meripelastus.fi\/lahti\/wp-content\/uploads\/sites\/10\/2018\/11\/nokkala01-300x225.jpg 300w\" sizes=\"auto, (max-width: 400px) 100vw, 400px\" \/><\/a><figcaption class=\"wp-element-caption\">Pv Nokkala<\/figcaption><\/figure>\n\n\n\n<figure class=\"wp-block-image size-large\"><a href=\"https:\/\/meripelastus.fi\/lahti\/wp-content\/uploads\/sites\/10\/2018\/11\/NOKKALA05.jpg\"><img loading=\"lazy\" decoding=\"async\" width=\"400\" height=\"300\" data-id=\"461\" src=\"https:\/\/meripelastus.fi\/lahti\/wp-content\/uploads\/sites\/10\/2018\/11\/NOKKALA05.jpg\" alt=\"\" class=\"wp-image-461\" srcset=\"https:\/\/meripelastus.fi\/lahti\/wp-content\/uploads\/sites\/10\/2018\/11\/NOKKALA05.jpg 400w, https:\/\/meripelastus.fi\/lahti\/wp-content\/uploads\/sites\/10\/2018\/11\/NOKKALA05-300x225.jpg 300w\" sizes=\"auto, (max-width: 400px) 100vw, 400px\" \/><\/a><figcaption class=\"wp-element-caption\">Pv Nokkala<\/figcaption><\/figure>\n\n\n\n<figure class=\"wp-block-image size-large\"><a href=\"https:\/\/meripelastus.fi\/lahti\/wp-content\/uploads\/sites\/10\/2018\/11\/IMG_0862-1.jpg\"><img loading=\"lazy\" decoding=\"async\" width=\"1024\" height=\"768\" data-id=\"328\" src=\"https:\/\/meripelastus.fi\/lahti\/wp-content\/uploads\/sites\/10\/2018\/11\/IMG_0862-1-1024x768.jpg\" alt=\"PV Kalle Komon tukikohdan laiturissa. PV Kalle palveli Lahdessa kauden 2009 loppuun\" class=\"wp-image-328\" srcset=\"https:\/\/meripelastus.fi\/lahti\/wp-content\/uploads\/sites\/10\/2018\/11\/IMG_0862-1-1024x768.jpg 1024w, https:\/\/meripelastus.fi\/lahti\/wp-content\/uploads\/sites\/10\/2018\/11\/IMG_0862-1-300x225.jpg 300w, https:\/\/meripelastus.fi\/lahti\/wp-content\/uploads\/sites\/10\/2018\/11\/IMG_0862-1-768x576.jpg 768w, https:\/\/meripelastus.fi\/lahti\/wp-content\/uploads\/sites\/10\/2018\/11\/IMG_0862-1-1600x1200.jpg 1600w, https:\/\/meripelastus.fi\/lahti\/wp-content\/uploads\/sites\/10\/2018\/11\/IMG_0862-1.jpg 2000w\" sizes=\"auto, (max-width: 1024px) 100vw, 1024px\" \/><\/a><\/figure>\n\n\n\n<figure class=\"wp-block-image size-large\"><a href=\"https:\/\/meripelastus.fi\/lahti\/wp-content\/uploads\/sites\/10\/2018\/11\/IMG_1960.jpg\"><img loading=\"lazy\" decoding=\"async\" width=\"1024\" height=\"768\" data-id=\"329\" src=\"https:\/\/meripelastus.fi\/lahti\/wp-content\/uploads\/sites\/10\/2018\/11\/IMG_1960-1024x768.jpg\" alt=\"PV Teemu Hiltunen, PV Vesij\u00e4rvi ja PV Helmi Harjula Komolla. PV Helvi Harjula oli Lahdessa tilap\u00e4isesti 2010 ja 2017 kun edellinen alus oli jo l\u00e4htenyt seuraavaan yhdistykseen mutta seuraava ei ollut viel\u00e4 saapunut\" class=\"wp-image-329\" srcset=\"https:\/\/meripelastus.fi\/lahti\/wp-content\/uploads\/sites\/10\/2018\/11\/IMG_1960-1024x768.jpg 1024w, https:\/\/meripelastus.fi\/lahti\/wp-content\/uploads\/sites\/10\/2018\/11\/IMG_1960-300x225.jpg 300w, https:\/\/meripelastus.fi\/lahti\/wp-content\/uploads\/sites\/10\/2018\/11\/IMG_1960-768x576.jpg 768w, https:\/\/meripelastus.fi\/lahti\/wp-content\/uploads\/sites\/10\/2018\/11\/IMG_1960-1600x1200.jpg 1600w, https:\/\/meripelastus.fi\/lahti\/wp-content\/uploads\/sites\/10\/2018\/11\/IMG_1960.jpg 2000w\" sizes=\"auto, (max-width: 1024px) 100vw, 1024px\" \/><\/a><\/figure>\n\n\n\n<figure class=\"wp-block-image size-large\"><a href=\"https:\/\/meripelastus.fi\/lahti\/wp-content\/uploads\/sites\/10\/2018\/11\/IMG_2485.jpg\"><img loading=\"lazy\" decoding=\"async\" width=\"1024\" height=\"768\" data-id=\"330\" src=\"https:\/\/meripelastus.fi\/lahti\/wp-content\/uploads\/sites\/10\/2018\/11\/IMG_2485-1024x768.jpg\" alt=\"PV Teemu Hiltunen, PV Vesij\u00e4rvi ja PV Kalle Komolla\" class=\"wp-image-330\" srcset=\"https:\/\/meripelastus.fi\/lahti\/wp-content\/uploads\/sites\/10\/2018\/11\/IMG_2485-1024x768.jpg 1024w, https:\/\/meripelastus.fi\/lahti\/wp-content\/uploads\/sites\/10\/2018\/11\/IMG_2485-300x225.jpg 300w, https:\/\/meripelastus.fi\/lahti\/wp-content\/uploads\/sites\/10\/2018\/11\/IMG_2485-768x576.jpg 768w, https:\/\/meripelastus.fi\/lahti\/wp-content\/uploads\/sites\/10\/2018\/11\/IMG_2485-1600x1200.jpg 1600w, https:\/\/meripelastus.fi\/lahti\/wp-content\/uploads\/sites\/10\/2018\/11\/IMG_2485.jpg 2000w\" sizes=\"auto, (max-width: 1024px) 100vw, 1024px\" \/><\/a><\/figure>\n\n\n\n<figure class=\"wp-block-image size-large\"><a href=\"https:\/\/meripelastus.fi\/lahti\/wp-content\/uploads\/sites\/10\/2018\/11\/P6260612.jpg\"><img loading=\"lazy\" decoding=\"async\" width=\"1024\" height=\"768\" data-id=\"340\" src=\"https:\/\/meripelastus.fi\/lahti\/wp-content\/uploads\/sites\/10\/2018\/11\/P6260612-1024x768.jpg\" alt=\"PV Masto Komon tukikohdan laiturissa\" class=\"wp-image-340\" srcset=\"https:\/\/meripelastus.fi\/lahti\/wp-content\/uploads\/sites\/10\/2018\/11\/P6260612-1024x768.jpg 1024w, https:\/\/meripelastus.fi\/lahti\/wp-content\/uploads\/sites\/10\/2018\/11\/P6260612-300x225.jpg 300w, https:\/\/meripelastus.fi\/lahti\/wp-content\/uploads\/sites\/10\/2018\/11\/P6260612-768x576.jpg 768w, https:\/\/meripelastus.fi\/lahti\/wp-content\/uploads\/sites\/10\/2018\/11\/P6260612-1600x1200.jpg 1600w, https:\/\/meripelastus.fi\/lahti\/wp-content\/uploads\/sites\/10\/2018\/11\/P6260612.jpg 2000w\" sizes=\"auto, (max-width: 1024px) 100vw, 1024px\" \/><\/a><\/figure>\n\n\n\n<figure class=\"wp-block-image size-large\"><a href=\"https:\/\/meripelastus.fi\/lahti\/wp-content\/uploads\/sites\/10\/2018\/11\/MG_1128-2.jpg\"><img loading=\"lazy\" decoding=\"async\" width=\"1024\" height=\"682\" data-id=\"515\" src=\"https:\/\/meripelastus.fi\/lahti\/wp-content\/uploads\/sites\/10\/2018\/11\/MG_1128-2-1024x682.jpg\" alt=\"\" class=\"wp-image-515\" srcset=\"https:\/\/meripelastus.fi\/lahti\/wp-content\/uploads\/sites\/10\/2018\/11\/MG_1128-2-1024x682.jpg 1024w, https:\/\/meripelastus.fi\/lahti\/wp-content\/uploads\/sites\/10\/2018\/11\/MG_1128-2-300x200.jpg 300w, https:\/\/meripelastus.fi\/lahti\/wp-content\/uploads\/sites\/10\/2018\/11\/MG_1128-2-768x511.jpg 768w, https:\/\/meripelastus.fi\/lahti\/wp-content\/uploads\/sites\/10\/2018\/11\/MG_1128-2.jpg 1970w\" sizes=\"auto, (max-width: 1024px) 100vw, 1024px\" \/><\/a><\/figure>\n\n\n\n<figure class=\"wp-block-image size-large\"><a href=\"https:\/\/meripelastus.fi\/lahti\/wp-content\/uploads\/sites\/10\/2018\/11\/MG_1105-2.jpg\"><img loading=\"lazy\" decoding=\"async\" width=\"1024\" height=\"683\" data-id=\"354\" src=\"https:\/\/meripelastus.fi\/lahti\/wp-content\/uploads\/sites\/10\/2018\/11\/MG_1105-2-1024x683.jpg\" alt=\"\" class=\"wp-image-354\" srcset=\"https:\/\/meripelastus.fi\/lahti\/wp-content\/uploads\/sites\/10\/2018\/11\/MG_1105-2-1024x683.jpg 1024w, https:\/\/meripelastus.fi\/lahti\/wp-content\/uploads\/sites\/10\/2018\/11\/MG_1105-2-300x200.jpg 300w, https:\/\/meripelastus.fi\/lahti\/wp-content\/uploads\/sites\/10\/2018\/11\/MG_1105-2-768x512.jpg 768w, https:\/\/meripelastus.fi\/lahti\/wp-content\/uploads\/sites\/10\/2018\/11\/MG_1105-2.jpg 2048w\" sizes=\"auto, (max-width: 1024px) 100vw, 1024px\" \/><\/a><\/figure>\n\n\n\n<figure class=\"wp-block-image size-large\"><a href=\"https:\/\/meripelastus.fi\/lahti\/wp-content\/uploads\/sites\/10\/2018\/11\/teemu.jpg\"><img loading=\"lazy\" decoding=\"async\" width=\"400\" height=\"264\" data-id=\"503\" src=\"https:\/\/meripelastus.fi\/lahti\/wp-content\/uploads\/sites\/10\/2018\/11\/teemu.jpg\" alt=\"\" class=\"wp-image-503\" srcset=\"https:\/\/meripelastus.fi\/lahti\/wp-content\/uploads\/sites\/10\/2018\/11\/teemu.jpg 400w, https:\/\/meripelastus.fi\/lahti\/wp-content\/uploads\/sites\/10\/2018\/11\/teemu-300x198.jpg 300w\" sizes=\"auto, (max-width: 400px) 100vw, 400px\" \/><\/a><\/figure>\n\n\n\n<figure class=\"wp-block-image size-large\"><a href=\"https:\/\/meripelastus.fi\/lahti\/wp-content\/uploads\/sites\/10\/2018\/11\/MG_1025.jpg\"><img loading=\"lazy\" decoding=\"async\" width=\"1024\" height=\"683\" data-id=\"319\" src=\"https:\/\/meripelastus.fi\/lahti\/wp-content\/uploads\/sites\/10\/2018\/11\/MG_1025-1024x683.jpg\" alt=\"Ohjaamon yleisn\u00e4kym\u00e4\u00e4\" class=\"wp-image-319\" srcset=\"https:\/\/meripelastus.fi\/lahti\/wp-content\/uploads\/sites\/10\/2018\/11\/MG_1025-1024x683.jpg 1024w, https:\/\/meripelastus.fi\/lahti\/wp-content\/uploads\/sites\/10\/2018\/11\/MG_1025-300x200.jpg 300w, https:\/\/meripelastus.fi\/lahti\/wp-content\/uploads\/sites\/10\/2018\/11\/MG_1025-768x512.jpg 768w, https:\/\/meripelastus.fi\/lahti\/wp-content\/uploads\/sites\/10\/2018\/11\/MG_1025.jpg 2048w\" sizes=\"auto, (max-width: 1024px) 100vw, 1024px\" \/><\/a><\/figure>\n\n\n\n<figure class=\"wp-block-image size-large\"><a href=\"https:\/\/meripelastus.fi\/lahti\/wp-content\/uploads\/sites\/10\/2018\/11\/MG_0357.jpg\"><img loading=\"lazy\" decoding=\"async\" width=\"1024\" height=\"682\" data-id=\"469\" src=\"https:\/\/meripelastus.fi\/lahti\/wp-content\/uploads\/sites\/10\/2018\/11\/MG_0357-1024x682.jpg\" alt=\"\" class=\"wp-image-469\" srcset=\"https:\/\/meripelastus.fi\/lahti\/wp-content\/uploads\/sites\/10\/2018\/11\/MG_0357-1024x682.jpg 1024w, https:\/\/meripelastus.fi\/lahti\/wp-content\/uploads\/sites\/10\/2018\/11\/MG_0357-300x200.jpg 300w, https:\/\/meripelastus.fi\/lahti\/wp-content\/uploads\/sites\/10\/2018\/11\/MG_0357-768x511.jpg 768w, https:\/\/meripelastus.fi\/lahti\/wp-content\/uploads\/sites\/10\/2018\/11\/MG_0357.jpg 1973w\" sizes=\"auto, (max-width: 1024px) 100vw, 1024px\" \/><\/a><\/figure>\n\n\n\n<figure class=\"wp-block-image size-large\"><a href=\"https:\/\/meripelastus.fi\/lahti\/wp-content\/uploads\/sites\/10\/2018\/11\/MG_1155.jpg\"><img loading=\"lazy\" decoding=\"async\" width=\"1024\" height=\"683\" data-id=\"466\" src=\"https:\/\/meripelastus.fi\/lahti\/wp-content\/uploads\/sites\/10\/2018\/11\/MG_1155-1024x683.jpg\" alt=\"\" class=\"wp-image-466\" srcset=\"https:\/\/meripelastus.fi\/lahti\/wp-content\/uploads\/sites\/10\/2018\/11\/MG_1155-1024x683.jpg 1024w, https:\/\/meripelastus.fi\/lahti\/wp-content\/uploads\/sites\/10\/2018\/11\/MG_1155-300x200.jpg 300w, https:\/\/meripelastus.fi\/lahti\/wp-content\/uploads\/sites\/10\/2018\/11\/MG_1155-768x512.jpg 768w, https:\/\/meripelastus.fi\/lahti\/wp-content\/uploads\/sites\/10\/2018\/11\/MG_1155.jpg 2048w\" sizes=\"auto, (max-width: 1024px) 100vw, 1024px\" \/><\/a><\/figure>\n\n\n\n<figure class=\"wp-block-image size-large\"><a href=\"https:\/\/meripelastus.fi\/lahti\/wp-content\/uploads\/sites\/10\/2018\/11\/MG_1158.jpg\"><img loading=\"lazy\" decoding=\"async\" width=\"1024\" height=\"683\" data-id=\"467\" src=\"https:\/\/meripelastus.fi\/lahti\/wp-content\/uploads\/sites\/10\/2018\/11\/MG_1158-1024x683.jpg\" alt=\"\" class=\"wp-image-467\" srcset=\"https:\/\/meripelastus.fi\/lahti\/wp-content\/uploads\/sites\/10\/2018\/11\/MG_1158-1024x683.jpg 1024w, https:\/\/meripelastus.fi\/lahti\/wp-content\/uploads\/sites\/10\/2018\/11\/MG_1158-300x200.jpg 300w, https:\/\/meripelastus.fi\/lahti\/wp-content\/uploads\/sites\/10\/2018\/11\/MG_1158-768x512.jpg 768w, https:\/\/meripelastus.fi\/lahti\/wp-content\/uploads\/sites\/10\/2018\/11\/MG_1158.jpg 2048w\" sizes=\"auto, (max-width: 1024px) 100vw, 1024px\" \/><\/a><\/figure>\n<\/figure>\n\n\n\n<p><\/p>\n","protected":false},"excerpt":{"rendered":"<p>Vanhoja aluksia<\/p>\n","protected":false},"author":17,"featured_media":0,"parent":236,"menu_order":0,"comment_status":"closed","ping_status":"closed","template":"","meta":{"_acf_changed":false,"inline_featured_image":false,"footnotes":""},"class_list":["post-234","page","type-page","status-publish","hentry"],"acf":[],"yoast_head":"<!-- This site is optimized with the Yoast SEO Premium plugin v27.2 (Yoast SEO v27.2) - https:\/\/yoast.com\/product\/yoast-seo-premium-wordpress\/ -->\n<title>Historian havinaa - Lahden J\u00e4rvipelastajat<\/title>\n<meta name=\"robots\" content=\"index, follow, max-snippet:-1, max-image-preview:large, max-video-preview:-1\" \/>\n<link rel=\"canonical\" href=\"https:\/\/meripelastus.fi\/lahti\/kuvagalleria\/historian-havinaa\/\" \/>\n<meta property=\"og:locale\" content=\"fi_FI\" \/>\n<meta property=\"og:type\" content=\"article\" \/>\n<meta property=\"og:title\" content=\"Historian havinaa\" \/>\n<meta property=\"og:description\" content=\"Vanhoja aluksia\" \/>\n<meta property=\"og:url\" content=\"https:\/\/meripelastus.fi\/lahti\/kuvagalleria\/historian-havinaa\/\" \/>\n<meta property=\"og:site_name\" content=\"Lahden J\u00e4rvipelastajat\" \/>\n<meta property=\"article:modified_time\" content=\"2024-01-19T12:41:25+00:00\" \/>\n<meta property=\"og:image\" content=\"https:\/\/meripelastus.fi\/lahti\/wp-content\/uploads\/sites\/10\/2018\/11\/Kuutti1.jpg\" \/>\n<meta name=\"twitter:card\" content=\"summary_large_image\" \/>\n<meta name=\"twitter:label1\" content=\"Arvioitu lukuaika\" \/>\n\t<meta name=\"twitter:data1\" content=\"5 minuuttia\" \/>\n<script type=\"application\/ld+json\" class=\"yoast-schema-graph\">{\"@context\":\"https:\/\/schema.org\",\"@graph\":[{\"@type\":\"WebPage\",\"@id\":\"https:\/\/meripelastus.fi\/lahti\/kuvagalleria\/historian-havinaa\/\",\"url\":\"https:\/\/meripelastus.fi\/lahti\/kuvagalleria\/historian-havinaa\/\",\"name\":\"Historian havinaa - Lahden J\u00e4rvipelastajat\",\"isPartOf\":{\"@id\":\"https:\/\/meripelastus.fi\/lahti\/#website\"},\"primaryImageOfPage\":{\"@id\":\"https:\/\/meripelastus.fi\/lahti\/kuvagalleria\/historian-havinaa\/#primaryimage\"},\"image\":{\"@id\":\"https:\/\/meripelastus.fi\/lahti\/kuvagalleria\/historian-havinaa\/#primaryimage\"},\"thumbnailUrl\":\"https:\/\/meripelastus.fi\/lahti\/wp-content\/uploads\/sites\/10\/2018\/11\/Kuutti1.jpg\",\"datePublished\":\"2018-11-10T15:28:29+00:00\",\"dateModified\":\"2024-01-19T12:41:25+00:00\",\"breadcrumb\":{\"@id\":\"https:\/\/meripelastus.fi\/lahti\/kuvagalleria\/historian-havinaa\/#breadcrumb\"},\"inLanguage\":\"fi\",\"potentialAction\":[{\"@type\":\"ReadAction\",\"target\":[\"https:\/\/meripelastus.fi\/lahti\/kuvagalleria\/historian-havinaa\/\"]}]},{\"@type\":\"ImageObject\",\"inLanguage\":\"fi\",\"@id\":\"https:\/\/meripelastus.fi\/lahti\/kuvagalleria\/historian-havinaa\/#primaryimage\",\"url\":\"https:\/\/meripelastus.fi\/lahti\/wp-content\/uploads\/sites\/10\/2018\/11\/Kuutti1.jpg\",\"contentUrl\":\"https:\/\/meripelastus.fi\/lahti\/wp-content\/uploads\/sites\/10\/2018\/11\/Kuutti1.jpg\"},{\"@type\":\"BreadcrumbList\",\"@id\":\"https:\/\/meripelastus.fi\/lahti\/kuvagalleria\/historian-havinaa\/#breadcrumb\",\"itemListElement\":[{\"@type\":\"ListItem\",\"position\":1,\"name\":\"Etusivu\",\"item\":\"https:\/\/meripelastus.fi\/lahti\/\"},{\"@type\":\"ListItem\",\"position\":2,\"name\":\"Kuvagalleria\",\"item\":\"https:\/\/meripelastus.fi\/lahti\/kuvagalleria\/\"},{\"@type\":\"ListItem\",\"position\":3,\"name\":\"Historian havinaa\"}]},{\"@type\":\"WebSite\",\"@id\":\"https:\/\/meripelastus.fi\/lahti\/#website\",\"url\":\"https:\/\/meripelastus.fi\/lahti\/\",\"name\":\"Lahden J\u00e4rvipelastajat\",\"description\":\"Vapaaehtoiset apunasi vesill\u00e4\",\"potentialAction\":[{\"@type\":\"SearchAction\",\"target\":{\"@type\":\"EntryPoint\",\"urlTemplate\":\"https:\/\/meripelastus.fi\/lahti\/?s={search_term_string}\"},\"query-input\":{\"@type\":\"PropertyValueSpecification\",\"valueRequired\":true,\"valueName\":\"search_term_string\"}}],\"inLanguage\":\"fi\"}]}<\/script>\n<!-- \/ Yoast SEO Premium plugin. -->","yoast_head_json":{"title":"Historian havinaa - Lahden J\u00e4rvipelastajat","robots":{"index":"index","follow":"follow","max-snippet":"max-snippet:-1","max-image-preview":"max-image-preview:large","max-video-preview":"max-video-preview:-1"},"canonical":"https:\/\/meripelastus.fi\/lahti\/kuvagalleria\/historian-havinaa\/","og_locale":"fi_FI","og_type":"article","og_title":"Historian havinaa","og_description":"Vanhoja aluksia","og_url":"https:\/\/meripelastus.fi\/lahti\/kuvagalleria\/historian-havinaa\/","og_site_name":"Lahden J\u00e4rvipelastajat","article_modified_time":"2024-01-19T12:41:25+00:00","og_image":[{"url":"https:\/\/meripelastus.fi\/lahti\/wp-content\/uploads\/sites\/10\/2018\/11\/Kuutti1.jpg","type":"","width":"","height":""}],"twitter_card":"summary_large_image","twitter_misc":{"Arvioitu lukuaika":"5 minuuttia"},"schema":{"@context":"https:\/\/schema.org","@graph":[{"@type":"WebPage","@id":"https:\/\/meripelastus.fi\/lahti\/kuvagalleria\/historian-havinaa\/","url":"https:\/\/meripelastus.fi\/lahti\/kuvagalleria\/historian-havinaa\/","name":"Historian havinaa - Lahden J\u00e4rvipelastajat","isPartOf":{"@id":"https:\/\/meripelastus.fi\/lahti\/#website"},"primaryImageOfPage":{"@id":"https:\/\/meripelastus.fi\/lahti\/kuvagalleria\/historian-havinaa\/#primaryimage"},"image":{"@id":"https:\/\/meripelastus.fi\/lahti\/kuvagalleria\/historian-havinaa\/#primaryimage"},"thumbnailUrl":"https:\/\/meripelastus.fi\/lahti\/wp-content\/uploads\/sites\/10\/2018\/11\/Kuutti1.jpg","datePublished":"2018-11-10T15:28:29+00:00","dateModified":"2024-01-19T12:41:25+00:00","breadcrumb":{"@id":"https:\/\/meripelastus.fi\/lahti\/kuvagalleria\/historian-havinaa\/#breadcrumb"},"inLanguage":"fi","potentialAction":[{"@type":"ReadAction","target":["https:\/\/meripelastus.fi\/lahti\/kuvagalleria\/historian-havinaa\/"]}]},{"@type":"ImageObject","inLanguage":"fi","@id":"https:\/\/meripelastus.fi\/lahti\/kuvagalleria\/historian-havinaa\/#primaryimage","url":"https:\/\/meripelastus.fi\/lahti\/wp-content\/uploads\/sites\/10\/2018\/11\/Kuutti1.jpg","contentUrl":"https:\/\/meripelastus.fi\/lahti\/wp-content\/uploads\/sites\/10\/2018\/11\/Kuutti1.jpg"},{"@type":"BreadcrumbList","@id":"https:\/\/meripelastus.fi\/lahti\/kuvagalleria\/historian-havinaa\/#breadcrumb","itemListElement":[{"@type":"ListItem","position":1,"name":"Etusivu","item":"https:\/\/meripelastus.fi\/lahti\/"},{"@type":"ListItem","position":2,"name":"Kuvagalleria","item":"https:\/\/meripelastus.fi\/lahti\/kuvagalleria\/"},{"@type":"ListItem","position":3,"name":"Historian havinaa"}]},{"@type":"WebSite","@id":"https:\/\/meripelastus.fi\/lahti\/#website","url":"https:\/\/meripelastus.fi\/lahti\/","name":"Lahden J\u00e4rvipelastajat","description":"Vapaaehtoiset apunasi vesill\u00e4","potentialAction":[{"@type":"SearchAction","target":{"@type":"EntryPoint","urlTemplate":"https:\/\/meripelastus.fi\/lahti\/?s={search_term_string}"},"query-input":{"@type":"PropertyValueSpecification","valueRequired":true,"valueName":"search_term_string"}}],"inLanguage":"fi"}]}},"_links":{"self":[{"href":"https:\/\/meripelastus.fi\/lahti\/wp-json\/wp\/v2\/pages\/234","targetHints":{"allow":["GET"]}}],"collection":[{"href":"https:\/\/meripelastus.fi\/lahti\/wp-json\/wp\/v2\/pages"}],"about":[{"href":"https:\/\/meripelastus.fi\/lahti\/wp-json\/wp\/v2\/types\/page"}],"author":[{"embeddable":true,"href":"https:\/\/meripelastus.fi\/lahti\/wp-json\/wp\/v2\/users\/17"}],"replies":[{"embeddable":true,"href":"https:\/\/meripelastus.fi\/lahti\/wp-json\/wp\/v2\/comments?post=234"}],"version-history":[{"count":13,"href":"https:\/\/meripelastus.fi\/lahti\/wp-json\/wp\/v2\/pages\/234\/revisions"}],"predecessor-version":[{"id":585,"href":"https:\/\/meripelastus.fi\/lahti\/wp-json\/wp\/v2\/pages\/234\/revisions\/585"}],"up":[{"embeddable":true,"href":"https:\/\/meripelastus.fi\/lahti\/wp-json\/wp\/v2\/pages\/236"}],"wp:attachment":[{"href":"https:\/\/meripelastus.fi\/lahti\/wp-json\/wp\/v2\/media?parent=234"}],"curies":[{"name":"wp","href":"https:\/\/api.w.org\/{rel}","templated":true}]}}