{"id":213,"date":"2018-11-10T16:38:18","date_gmt":"2018-11-10T14:38:18","guid":{"rendered":"https:\/\/meripelastus.fi\/lahti-vedos\/?page_id=213"},"modified":"2022-01-17T18:36:15","modified_gmt":"2022-01-17T16:36:15","slug":"tehtavatilastot","status":"publish","type":"page","link":"https:\/\/meripelastus.fi\/lahti\/toiminta\/tehtavat\/tehtavatilastot\/","title":{"rendered":"Teht\u00e4v\u00e4tilastot"},"content":{"rendered":"<p>Kokonaisteht\u00e4v\u00e4m\u00e4\u00e4r\u00e4 voi poiketa aluksien teht\u00e4vien summasta koska samalla teht\u00e4v\u00e4ll\u00e4 on voinut olla useampi alus.<\/p>\n<h3>2021<\/h3>\n<p>Teht\u00e4vi\u00e4: 123<\/p>\n<p>Ennaltaehk\u00e4isevi\u00e4\/turvaveneteht\u00e4vi\u00e4: 4<\/p>\n<p>Miesty\u00f6tunnit: 903<\/p>\n<p>Avustettuja aluksia: 103\u00a0 henkil\u00f6it\u00e4: 214<\/p>\n<p>Pelastettuja aluksia: 5\u00a0 henkil\u00f6it\u00e4: 2<\/p>\n<p>Teht\u00e4v\u00e4t aluksittain: PV Teemu: 23\u00a0 PV Vesij\u00e4rvi: 76\u00a0 Pv Jousi: 27<\/p>\n<h3>2020<\/h3>\n<p>Teht\u00e4vi\u00e4: 109<\/p>\n<p>Ennaltaehk\u00e4isevi\u00e4\/turvaveneteht\u00e4vi\u00e4: 4<\/p>\n<p>Miesty\u00f6tunnit: 387<\/p>\n<p>Avustettuja aluksia: 90\u00a0 henkil\u00f6it\u00e4: 237<\/p>\n<p>Pelastettuja aluksia: 4\u00a0 henkil\u00f6it\u00e4: 1<\/p>\n<p>Teht\u00e4v\u00e4t aluksittain: PV Teemu: 17\u00a0 PV Vesij\u00e4rvi: 72\u00a0 Pv Jousi: 22<\/p>\n<h3>2019<\/h3>\n<p>Teht\u00e4vi\u00e4: 102<\/p>\n<p>Ennaltaehk\u00e4isevi\u00e4\/turvaveneteht\u00e4vi\u00e4: 10<\/p>\n<p>Miesty\u00f6tunnit: 460<\/p>\n<p>Avustettuja aluksia: 88\u00a0 henkil\u00f6it\u00e4: 214<\/p>\n<p>Pelastettuja aluksia: 1\u00a0 henkil\u00f6it\u00e4: 1<\/p>\n<p>Teht\u00e4v\u00e4t aluksittain: PV Teemu: 25\u00a0 PV Vesij\u00e4rvi: 61\u00a0 Atlantic: 23<\/p>\n<h3>2018<\/h3>\n<p>Teht\u00e4vi\u00e4: 109<\/p>\n<p>Ennaltaehk\u00e4isevi\u00e4\/turvaveneteht\u00e4vi\u00e4: 6<\/p>\n<p>Miesty\u00f6tunnit: 651<\/p>\n<p>Avustettuja aluksia: 94\u00a0 henkil\u00f6it\u00e4: 217<\/p>\n<p>Pelastettuja aluksia: 3 \u00a0 henkil\u00f6it\u00e4: 5<\/p>\n<p>Teht\u00e4v\u00e4t aluksittain: PV Teemu: 41\u00a0 PV Vesij\u00e4rvi: 32\u00a0 Atlantic: 41<\/p>\n<h3>2017<\/h3>\n<p>Teht\u00e4vi\u00e4: 93<\/p>\n<p>Ennaltaehk\u00e4isevi\u00e4\/turvaveneteht\u00e4vi\u00e4: 11<\/p>\n<p>Miesty\u00f6tunnit: 453<\/p>\n<p>Avustettuja aluksia: 81\u00a0 henkil\u00f6it\u00e4: 189<\/p>\n<p>Pelastettuja aluksia: 2 \u00a0 henkil\u00f6it\u00e4: 0<\/p>\n<p>Teht\u00e4v\u00e4t aluksittain: PV Teemu: 32\u00a0 PV Vesij\u00e4rvi: 34\u00a0 PV Helvi Harjula: 30<\/p>\n<h3>2016<\/h3>\n<p>Teht\u00e4vi\u00e4: 94<\/p>\n<p>Ennaltaehk\u00e4isevi\u00e4\/turvaveneteht\u00e4vi\u00e4: 8<\/p>\n<p>Miesty\u00f6tunnit: 828<\/p>\n<p>Avustettuja aluksia: 73\u00a0 henkil\u00f6it\u00e4: 143<\/p>\n<p>Pelastettuja aluksia: 7\u00a0\u00a0 henkil\u00f6it\u00e4: 0<\/p>\n<p>Teht\u00e4v\u00e4t aluksittain: PV Teemu: 42\u00a0 PV Vesij\u00e4rvi: 36\u00a0 PV Masto: 26<\/p>\n<h3>2015<\/h3>\n<p>Teht\u00e4vi\u00e4: 103<\/p>\n<p>Ennaltaehk\u00e4isevi\u00e4\/turvaveneteht\u00e4vi\u00e4: 15<\/p>\n<p>Miesty\u00f6tunnit: 639<\/p>\n<p>Avustettuja aluksia: 92\u00a0 henkil\u00f6it\u00e4: 227<\/p>\n<p>Pelastettuja aluksia: 4 \u00a0 henkil\u00f6it\u00e4: 8<\/p>\n<p>Teht\u00e4v\u00e4t aluksittain: PV Teemu: 29\u00a0 PV Vesij\u00e4rvi: 46\u00a0 PV Masto: 33<\/p>\n<h3>2014<\/h3>\n<p>Teht\u00e4vi\u00e4: 95<\/p>\n<p>Ennaltaehk\u00e4isevi\u00e4\/turvaveneteht\u00e4vi\u00e4: 14<\/p>\n<p>Miesty\u00f6tunnit: 450<\/p>\n<p>Avustettuja aluksia: 81\u00a0 henkil\u00f6it\u00e4: 208<\/p>\n<p>Pelastettuja aluksia: 3 \u00a0 henkil\u00f6it\u00e4: 1<\/p>\n<p>Teht\u00e4v\u00e4t aluksittain: PV Teemu: 35\u00a0 PV Vesij\u00e4rvi: 34\u00a0 PV Masto: 34<\/p>\n","protected":false},"excerpt":{"rendered":"<p>Kokonaisteht\u00e4v\u00e4m\u00e4\u00e4r\u00e4 voi poiketa aluksien teht\u00e4vien summasta koska samalla teht\u00e4v\u00e4ll\u00e4 on voinut olla useampi alus. 2021 Teht\u00e4vi\u00e4: 123 Ennaltaehk\u00e4isevi\u00e4\/turvaveneteht\u00e4vi\u00e4: 4 Miesty\u00f6tunnit: 903 Avustettuja aluksia: 103\u00a0 henkil\u00f6it\u00e4: 214 Pelastettuja aluksia: 5\u00a0 henkil\u00f6it\u00e4: 2 Teht\u00e4v\u00e4t aluksittain: PV Teemu: 23\u00a0 PV Vesij\u00e4rvi: 76\u00a0 Pv Jousi: 27 2020 Teht\u00e4vi\u00e4: 109 Ennaltaehk\u00e4isevi\u00e4\/turvaveneteht\u00e4vi\u00e4: 4 Miesty\u00f6tunnit: 387 Avustettuja aluksia: 90\u00a0 henkil\u00f6it\u00e4: 237 Pelastettuja [&hellip;]<\/p>\n","protected":false},"author":17,"featured_media":218,"parent":24,"menu_order":0,"comment_status":"closed","ping_status":"closed","template":"","meta":{"_acf_changed":false,"inline_featured_image":false,"footnotes":""},"class_list":["post-213","page","type-page","status-publish","has-post-thumbnail","hentry"],"acf":[],"yoast_head":"<!-- This site is optimized with the Yoast SEO Premium plugin v27.2 (Yoast SEO v27.2) - https:\/\/yoast.com\/product\/yoast-seo-premium-wordpress\/ -->\n<title>Teht\u00e4v\u00e4tilastot - Lahden J\u00e4rvipelastajat<\/title>\n<meta name=\"robots\" content=\"index, follow, max-snippet:-1, max-image-preview:large, max-video-preview:-1\" \/>\n<link rel=\"canonical\" href=\"https:\/\/meripelastus.fi\/lahti\/toiminta\/tehtavat\/tehtavatilastot\/\" \/>\n<meta property=\"og:locale\" content=\"fi_FI\" \/>\n<meta property=\"og:type\" content=\"article\" \/>\n<meta property=\"og:title\" content=\"Teht\u00e4v\u00e4tilastot\" \/>\n<meta property=\"og:description\" content=\"Kokonaisteht\u00e4v\u00e4m\u00e4\u00e4r\u00e4 voi poiketa aluksien teht\u00e4vien summasta koska samalla teht\u00e4v\u00e4ll\u00e4 on voinut olla useampi alus. 2021 Teht\u00e4vi\u00e4: 123 Ennaltaehk\u00e4isevi\u00e4\/turvaveneteht\u00e4vi\u00e4: 4 Miesty\u00f6tunnit: 903 Avustettuja aluksia: 103\u00a0 henkil\u00f6it\u00e4: 214 Pelastettuja aluksia: 5\u00a0 henkil\u00f6it\u00e4: 2 Teht\u00e4v\u00e4t aluksittain: PV Teemu: 23\u00a0 PV Vesij\u00e4rvi: 76\u00a0 Pv Jousi: 27 2020 Teht\u00e4vi\u00e4: 109 Ennaltaehk\u00e4isevi\u00e4\/turvaveneteht\u00e4vi\u00e4: 4 Miesty\u00f6tunnit: 387 Avustettuja aluksia: 90\u00a0 henkil\u00f6it\u00e4: 237 Pelastettuja [&hellip;]\" \/>\n<meta property=\"og:url\" content=\"https:\/\/meripelastus.fi\/lahti\/toiminta\/tehtavat\/tehtavatilastot\/\" \/>\n<meta property=\"og:site_name\" content=\"Lahden J\u00e4rvipelastajat\" \/>\n<meta property=\"article:modified_time\" content=\"2022-01-17T16:36:15+00:00\" \/>\n<meta property=\"og:image\" content=\"https:\/\/meripelastus.fi\/lahti\/wp-content\/uploads\/sites\/10\/2018\/11\/tilastot.jpg\" \/>\n\t<meta property=\"og:image:width\" content=\"1972\" \/>\n\t<meta property=\"og:image:height\" content=\"1034\" \/>\n\t<meta property=\"og:image:type\" content=\"image\/jpeg\" \/>\n<meta name=\"twitter:card\" content=\"summary_large_image\" \/>\n<meta name=\"twitter:label1\" content=\"Arvioitu lukuaika\" \/>\n\t<meta name=\"twitter:data1\" content=\"1 minuutti\" \/>\n<script type=\"application\/ld+json\" class=\"yoast-schema-graph\">{\"@context\":\"https:\/\/schema.org\",\"@graph\":[{\"@type\":\"WebPage\",\"@id\":\"https:\/\/meripelastus.fi\/lahti\/toiminta\/tehtavat\/tehtavatilastot\/\",\"url\":\"https:\/\/meripelastus.fi\/lahti\/toiminta\/tehtavat\/tehtavatilastot\/\",\"name\":\"Teht\u00e4v\u00e4tilastot - Lahden J\u00e4rvipelastajat\",\"isPartOf\":{\"@id\":\"https:\/\/meripelastus.fi\/lahti\/#website\"},\"primaryImageOfPage\":{\"@id\":\"https:\/\/meripelastus.fi\/lahti\/toiminta\/tehtavat\/tehtavatilastot\/#primaryimage\"},\"image\":{\"@id\":\"https:\/\/meripelastus.fi\/lahti\/toiminta\/tehtavat\/tehtavatilastot\/#primaryimage\"},\"thumbnailUrl\":\"https:\/\/meripelastus.fi\/lahti\/wp-content\/uploads\/sites\/10\/2018\/11\/tilastot.jpg\",\"datePublished\":\"2018-11-10T14:38:18+00:00\",\"dateModified\":\"2022-01-17T16:36:15+00:00\",\"breadcrumb\":{\"@id\":\"https:\/\/meripelastus.fi\/lahti\/toiminta\/tehtavat\/tehtavatilastot\/#breadcrumb\"},\"inLanguage\":\"fi\",\"potentialAction\":[{\"@type\":\"ReadAction\",\"target\":[\"https:\/\/meripelastus.fi\/lahti\/toiminta\/tehtavat\/tehtavatilastot\/\"]}]},{\"@type\":\"ImageObject\",\"inLanguage\":\"fi\",\"@id\":\"https:\/\/meripelastus.fi\/lahti\/toiminta\/tehtavat\/tehtavatilastot\/#primaryimage\",\"url\":\"https:\/\/meripelastus.fi\/lahti\/wp-content\/uploads\/sites\/10\/2018\/11\/tilastot.jpg\",\"contentUrl\":\"https:\/\/meripelastus.fi\/lahti\/wp-content\/uploads\/sites\/10\/2018\/11\/tilastot.jpg\",\"width\":1972,\"height\":1034},{\"@type\":\"BreadcrumbList\",\"@id\":\"https:\/\/meripelastus.fi\/lahti\/toiminta\/tehtavat\/tehtavatilastot\/#breadcrumb\",\"itemListElement\":[{\"@type\":\"ListItem\",\"position\":1,\"name\":\"Etusivu\",\"item\":\"https:\/\/meripelastus.fi\/lahti\/\"},{\"@type\":\"ListItem\",\"position\":2,\"name\":\"Toiminta\",\"item\":\"https:\/\/meripelastus.fi\/lahti\/toiminta\/\"},{\"@type\":\"ListItem\",\"position\":3,\"name\":\"Teht\u00e4v\u00e4t\",\"item\":\"https:\/\/meripelastus.fi\/lahti\/toiminta\/tehtavat\/\"},{\"@type\":\"ListItem\",\"position\":4,\"name\":\"Teht\u00e4v\u00e4tilastot\"}]},{\"@type\":\"WebSite\",\"@id\":\"https:\/\/meripelastus.fi\/lahti\/#website\",\"url\":\"https:\/\/meripelastus.fi\/lahti\/\",\"name\":\"Lahden J\u00e4rvipelastajat\",\"description\":\"Vapaaehtoiset apunasi vesill\u00e4\",\"potentialAction\":[{\"@type\":\"SearchAction\",\"target\":{\"@type\":\"EntryPoint\",\"urlTemplate\":\"https:\/\/meripelastus.fi\/lahti\/?s={search_term_string}\"},\"query-input\":{\"@type\":\"PropertyValueSpecification\",\"valueRequired\":true,\"valueName\":\"search_term_string\"}}],\"inLanguage\":\"fi\"}]}<\/script>\n<!-- \/ Yoast SEO Premium plugin. -->","yoast_head_json":{"title":"Teht\u00e4v\u00e4tilastot - Lahden J\u00e4rvipelastajat","robots":{"index":"index","follow":"follow","max-snippet":"max-snippet:-1","max-image-preview":"max-image-preview:large","max-video-preview":"max-video-preview:-1"},"canonical":"https:\/\/meripelastus.fi\/lahti\/toiminta\/tehtavat\/tehtavatilastot\/","og_locale":"fi_FI","og_type":"article","og_title":"Teht\u00e4v\u00e4tilastot","og_description":"Kokonaisteht\u00e4v\u00e4m\u00e4\u00e4r\u00e4 voi poiketa aluksien teht\u00e4vien summasta koska samalla teht\u00e4v\u00e4ll\u00e4 on voinut olla useampi alus. 2021 Teht\u00e4vi\u00e4: 123 Ennaltaehk\u00e4isevi\u00e4\/turvaveneteht\u00e4vi\u00e4: 4 Miesty\u00f6tunnit: 903 Avustettuja aluksia: 103\u00a0 henkil\u00f6it\u00e4: 214 Pelastettuja aluksia: 5\u00a0 henkil\u00f6it\u00e4: 2 Teht\u00e4v\u00e4t aluksittain: PV Teemu: 23\u00a0 PV Vesij\u00e4rvi: 76\u00a0 Pv Jousi: 27 2020 Teht\u00e4vi\u00e4: 109 Ennaltaehk\u00e4isevi\u00e4\/turvaveneteht\u00e4vi\u00e4: 4 Miesty\u00f6tunnit: 387 Avustettuja aluksia: 90\u00a0 henkil\u00f6it\u00e4: 237 Pelastettuja [&hellip;]","og_url":"https:\/\/meripelastus.fi\/lahti\/toiminta\/tehtavat\/tehtavatilastot\/","og_site_name":"Lahden J\u00e4rvipelastajat","article_modified_time":"2022-01-17T16:36:15+00:00","og_image":[{"width":1972,"height":1034,"url":"https:\/\/meripelastus.fi\/lahti\/wp-content\/uploads\/sites\/10\/2018\/11\/tilastot.jpg","type":"image\/jpeg"}],"twitter_card":"summary_large_image","twitter_misc":{"Arvioitu lukuaika":"1 minuutti"},"schema":{"@context":"https:\/\/schema.org","@graph":[{"@type":"WebPage","@id":"https:\/\/meripelastus.fi\/lahti\/toiminta\/tehtavat\/tehtavatilastot\/","url":"https:\/\/meripelastus.fi\/lahti\/toiminta\/tehtavat\/tehtavatilastot\/","name":"Teht\u00e4v\u00e4tilastot - Lahden J\u00e4rvipelastajat","isPartOf":{"@id":"https:\/\/meripelastus.fi\/lahti\/#website"},"primaryImageOfPage":{"@id":"https:\/\/meripelastus.fi\/lahti\/toiminta\/tehtavat\/tehtavatilastot\/#primaryimage"},"image":{"@id":"https:\/\/meripelastus.fi\/lahti\/toiminta\/tehtavat\/tehtavatilastot\/#primaryimage"},"thumbnailUrl":"https:\/\/meripelastus.fi\/lahti\/wp-content\/uploads\/sites\/10\/2018\/11\/tilastot.jpg","datePublished":"2018-11-10T14:38:18+00:00","dateModified":"2022-01-17T16:36:15+00:00","breadcrumb":{"@id":"https:\/\/meripelastus.fi\/lahti\/toiminta\/tehtavat\/tehtavatilastot\/#breadcrumb"},"inLanguage":"fi","potentialAction":[{"@type":"ReadAction","target":["https:\/\/meripelastus.fi\/lahti\/toiminta\/tehtavat\/tehtavatilastot\/"]}]},{"@type":"ImageObject","inLanguage":"fi","@id":"https:\/\/meripelastus.fi\/lahti\/toiminta\/tehtavat\/tehtavatilastot\/#primaryimage","url":"https:\/\/meripelastus.fi\/lahti\/wp-content\/uploads\/sites\/10\/2018\/11\/tilastot.jpg","contentUrl":"https:\/\/meripelastus.fi\/lahti\/wp-content\/uploads\/sites\/10\/2018\/11\/tilastot.jpg","width":1972,"height":1034},{"@type":"BreadcrumbList","@id":"https:\/\/meripelastus.fi\/lahti\/toiminta\/tehtavat\/tehtavatilastot\/#breadcrumb","itemListElement":[{"@type":"ListItem","position":1,"name":"Etusivu","item":"https:\/\/meripelastus.fi\/lahti\/"},{"@type":"ListItem","position":2,"name":"Toiminta","item":"https:\/\/meripelastus.fi\/lahti\/toiminta\/"},{"@type":"ListItem","position":3,"name":"Teht\u00e4v\u00e4t","item":"https:\/\/meripelastus.fi\/lahti\/toiminta\/tehtavat\/"},{"@type":"ListItem","position":4,"name":"Teht\u00e4v\u00e4tilastot"}]},{"@type":"WebSite","@id":"https:\/\/meripelastus.fi\/lahti\/#website","url":"https:\/\/meripelastus.fi\/lahti\/","name":"Lahden J\u00e4rvipelastajat","description":"Vapaaehtoiset apunasi vesill\u00e4","potentialAction":[{"@type":"SearchAction","target":{"@type":"EntryPoint","urlTemplate":"https:\/\/meripelastus.fi\/lahti\/?s={search_term_string}"},"query-input":{"@type":"PropertyValueSpecification","valueRequired":true,"valueName":"search_term_string"}}],"inLanguage":"fi"}]}},"_links":{"self":[{"href":"https:\/\/meripelastus.fi\/lahti\/wp-json\/wp\/v2\/pages\/213","targetHints":{"allow":["GET"]}}],"collection":[{"href":"https:\/\/meripelastus.fi\/lahti\/wp-json\/wp\/v2\/pages"}],"about":[{"href":"https:\/\/meripelastus.fi\/lahti\/wp-json\/wp\/v2\/types\/page"}],"author":[{"embeddable":true,"href":"https:\/\/meripelastus.fi\/lahti\/wp-json\/wp\/v2\/users\/17"}],"replies":[{"embeddable":true,"href":"https:\/\/meripelastus.fi\/lahti\/wp-json\/wp\/v2\/comments?post=213"}],"version-history":[{"count":3,"href":"https:\/\/meripelastus.fi\/lahti\/wp-json\/wp\/v2\/pages\/213\/revisions"}],"predecessor-version":[{"id":438,"href":"https:\/\/meripelastus.fi\/lahti\/wp-json\/wp\/v2\/pages\/213\/revisions\/438"}],"up":[{"embeddable":true,"href":"https:\/\/meripelastus.fi\/lahti\/wp-json\/wp\/v2\/pages\/24"}],"wp:featuredmedia":[{"embeddable":true,"href":"https:\/\/meripelastus.fi\/lahti\/wp-json\/wp\/v2\/media\/218"}],"wp:attachment":[{"href":"https:\/\/meripelastus.fi\/lahti\/wp-json\/wp\/v2\/media?parent=213"}],"curies":[{"name":"wp","href":"https:\/\/api.w.org\/{rel}","templated":true}]}}