{"id":20,"date":"2018-03-19T09:18:28","date_gmt":"2018-03-19T07:18:28","guid":{"rendered":"http:\/\/basetemplate.smpsyhdistykset.16.testivedos.com\/?page_id=20"},"modified":"2021-01-25T19:01:02","modified_gmt":"2021-01-25T17:01:02","slug":"toiminta","status":"publish","type":"page","link":"https:\/\/meripelastus.fi\/lahti\/toiminta\/","title":{"rendered":"Toiminta"},"content":{"rendered":"<p>Lahden j\u00e4rvipelastajat on vuonna 1964 perustettu yhdistys, jonka kattoj\u00e4rjest\u00f6n\u00e4 toimii Suomen Meripelastusseura. Lahdessa toiminta on ollut aktiivista halki yhdistyksen historian ja t\u00e4ll\u00e4 hetkell\u00e4 Lahden j\u00e4rvipelastajat on teht\u00e4v\u00e4m\u00e4\u00e4r\u00e4lt\u00e4\u00e4n yksi vilkkaimmista Meripelastusseuran yhdistyksist\u00e4. Toiminta-alueena on P\u00e4ij\u00e4t-H\u00e4meen vesialueisiin kuuluvat Vesij\u00e4rvi ja etel\u00e4inen P\u00e4ij\u00e4nne aina Judinsaloon asti. Vuosittain yhdistyksell\u00e4 on 100-130 teht\u00e4v\u00e4\u00e4. Teht\u00e4v\u00e4t tulevat j\u00e4rvipelastajille p\u00e4\u00e4s\u00e4\u00e4nt\u00f6isesti h\u00e4t\u00e4keskuksen ja trossipalvelun kautta.<\/p>\n<p>Yhdistyksell\u00e4 on t\u00e4ll\u00e4 hetkell\u00e4 kolme alusta. Lahdesta k\u00e4sin p\u00e4ivyst\u00e4v\u00e4t PV Teemu ja PV Jousi. Padasjoella satamapaikkaa pit\u00e4\u00e4 PV Vesij\u00e4rvi. Viikonloppuisin PV Teemu ja PV Vesij\u00e4rvi pyrit\u00e4\u00e4n pit\u00e4m\u00e4\u00e4n P\u00e4ij\u00e4nteen puolella, jossa ne p\u00e4ivyst\u00e4v\u00e4t tukikohdista k\u00e4sin. PV Jousi pysyttelee enimm\u00e4kseen Vesij\u00e4rven puolella ja on l\u00e4ht\u00f6valmiudessa Niemen satamassa tai tukikohdassa Vesij\u00e4rven keskivaiheilla.<\/p>\n<p>Veneet ovat avovesikaudella, vapusta aina marraskuun loppuun saakka, jatkuvassa l\u00e4ht\u00f6valmiudessa. Arkena p\u00e4ivystet\u00e4\u00e4n pitk\u00e4lti kotivaralta. Viikonloppuisin<br \/>\npyrit\u00e4\u00e4n olemaan koko ajan vesill\u00e4 ja p\u00e4ivyst\u00e4m\u00e4\u00e4n tukikohdista k\u00e4sin.<\/p>\n","protected":false},"excerpt":{"rendered":"<p>Lahden j\u00e4rvipelastajat on vuonna 1964 perustettu yhdistys, jonka kattoj\u00e4rjest\u00f6n\u00e4 toimii Suomen Meripelastusseura. Lahdessa toiminta on ollut aktiivista halki yhdistyksen historian ja t\u00e4ll\u00e4 hetkell\u00e4 Lahden j\u00e4rvipelastajat on teht\u00e4v\u00e4m\u00e4\u00e4r\u00e4lt\u00e4\u00e4n yksi vilkkaimmista Meripelastusseuran yhdistyksist\u00e4. Toiminta-alueena on P\u00e4ij\u00e4t-H\u00e4meen vesialueisiin kuuluvat Vesij\u00e4rvi ja etel\u00e4inen P\u00e4ij\u00e4nne aina Judinsaloon asti. Vuosittain yhdistyksell\u00e4 on 100-130 teht\u00e4v\u00e4\u00e4. Teht\u00e4v\u00e4t tulevat j\u00e4rvipelastajille p\u00e4\u00e4s\u00e4\u00e4nt\u00f6isesti h\u00e4t\u00e4keskuksen ja trossipalvelun [&hellip;]<\/p>\n","protected":false},"author":1,"featured_media":0,"parent":0,"menu_order":3,"comment_status":"closed","ping_status":"closed","template":"","meta":{"_acf_changed":false,"inline_featured_image":false,"footnotes":""},"class_list":["post-20","page","type-page","status-publish","hentry"],"acf":[],"yoast_head":"<!-- This site is optimized with the Yoast SEO Premium plugin v27.2 (Yoast SEO v27.2) - https:\/\/yoast.com\/product\/yoast-seo-premium-wordpress\/ -->\n<title>Toiminta - Lahden J\u00e4rvipelastajat<\/title>\n<meta name=\"robots\" content=\"index, follow, max-snippet:-1, max-image-preview:large, max-video-preview:-1\" \/>\n<link rel=\"canonical\" href=\"https:\/\/meripelastus.fi\/lahti\/toiminta\/\" \/>\n<meta property=\"og:locale\" content=\"fi_FI\" \/>\n<meta property=\"og:type\" content=\"article\" \/>\n<meta property=\"og:title\" content=\"Toiminta\" \/>\n<meta property=\"og:description\" content=\"Lahden j\u00e4rvipelastajat on vuonna 1964 perustettu yhdistys, jonka kattoj\u00e4rjest\u00f6n\u00e4 toimii Suomen Meripelastusseura. Lahdessa toiminta on ollut aktiivista halki yhdistyksen historian ja t\u00e4ll\u00e4 hetkell\u00e4 Lahden j\u00e4rvipelastajat on teht\u00e4v\u00e4m\u00e4\u00e4r\u00e4lt\u00e4\u00e4n yksi vilkkaimmista Meripelastusseuran yhdistyksist\u00e4. Toiminta-alueena on P\u00e4ij\u00e4t-H\u00e4meen vesialueisiin kuuluvat Vesij\u00e4rvi ja etel\u00e4inen P\u00e4ij\u00e4nne aina Judinsaloon asti. Vuosittain yhdistyksell\u00e4 on 100-130 teht\u00e4v\u00e4\u00e4. Teht\u00e4v\u00e4t tulevat j\u00e4rvipelastajille p\u00e4\u00e4s\u00e4\u00e4nt\u00f6isesti h\u00e4t\u00e4keskuksen ja trossipalvelun [&hellip;]\" \/>\n<meta property=\"og:url\" content=\"https:\/\/meripelastus.fi\/lahti\/toiminta\/\" \/>\n<meta property=\"og:site_name\" content=\"Lahden J\u00e4rvipelastajat\" \/>\n<meta property=\"article:modified_time\" content=\"2021-01-25T17:01:02+00:00\" \/>\n<meta name=\"twitter:card\" content=\"summary_large_image\" \/>\n<meta name=\"twitter:label1\" content=\"Arvioitu lukuaika\" \/>\n\t<meta name=\"twitter:data1\" content=\"1 minuutti\" \/>\n<script type=\"application\/ld+json\" class=\"yoast-schema-graph\">{\"@context\":\"https:\/\/schema.org\",\"@graph\":[{\"@type\":\"WebPage\",\"@id\":\"https:\/\/meripelastus.fi\/lahti\/toiminta\/\",\"url\":\"https:\/\/meripelastus.fi\/lahti\/toiminta\/\",\"name\":\"Toiminta - Lahden J\u00e4rvipelastajat\",\"isPartOf\":{\"@id\":\"https:\/\/meripelastus.fi\/lahti\/#website\"},\"datePublished\":\"2018-03-19T07:18:28+00:00\",\"dateModified\":\"2021-01-25T17:01:02+00:00\",\"breadcrumb\":{\"@id\":\"https:\/\/meripelastus.fi\/lahti\/toiminta\/#breadcrumb\"},\"inLanguage\":\"fi\",\"potentialAction\":[{\"@type\":\"ReadAction\",\"target\":[\"https:\/\/meripelastus.fi\/lahti\/toiminta\/\"]}]},{\"@type\":\"BreadcrumbList\",\"@id\":\"https:\/\/meripelastus.fi\/lahti\/toiminta\/#breadcrumb\",\"itemListElement\":[{\"@type\":\"ListItem\",\"position\":1,\"name\":\"Etusivu\",\"item\":\"https:\/\/meripelastus.fi\/lahti\/\"},{\"@type\":\"ListItem\",\"position\":2,\"name\":\"Toiminta\"}]},{\"@type\":\"WebSite\",\"@id\":\"https:\/\/meripelastus.fi\/lahti\/#website\",\"url\":\"https:\/\/meripelastus.fi\/lahti\/\",\"name\":\"Lahden J\u00e4rvipelastajat\",\"description\":\"Vapaaehtoiset apunasi vesill\u00e4\",\"potentialAction\":[{\"@type\":\"SearchAction\",\"target\":{\"@type\":\"EntryPoint\",\"urlTemplate\":\"https:\/\/meripelastus.fi\/lahti\/?s={search_term_string}\"},\"query-input\":{\"@type\":\"PropertyValueSpecification\",\"valueRequired\":true,\"valueName\":\"search_term_string\"}}],\"inLanguage\":\"fi\"}]}<\/script>\n<!-- \/ Yoast SEO Premium plugin. -->","yoast_head_json":{"title":"Toiminta - Lahden J\u00e4rvipelastajat","robots":{"index":"index","follow":"follow","max-snippet":"max-snippet:-1","max-image-preview":"max-image-preview:large","max-video-preview":"max-video-preview:-1"},"canonical":"https:\/\/meripelastus.fi\/lahti\/toiminta\/","og_locale":"fi_FI","og_type":"article","og_title":"Toiminta","og_description":"Lahden j\u00e4rvipelastajat on vuonna 1964 perustettu yhdistys, jonka kattoj\u00e4rjest\u00f6n\u00e4 toimii Suomen Meripelastusseura. Lahdessa toiminta on ollut aktiivista halki yhdistyksen historian ja t\u00e4ll\u00e4 hetkell\u00e4 Lahden j\u00e4rvipelastajat on teht\u00e4v\u00e4m\u00e4\u00e4r\u00e4lt\u00e4\u00e4n yksi vilkkaimmista Meripelastusseuran yhdistyksist\u00e4. Toiminta-alueena on P\u00e4ij\u00e4t-H\u00e4meen vesialueisiin kuuluvat Vesij\u00e4rvi ja etel\u00e4inen P\u00e4ij\u00e4nne aina Judinsaloon asti. Vuosittain yhdistyksell\u00e4 on 100-130 teht\u00e4v\u00e4\u00e4. Teht\u00e4v\u00e4t tulevat j\u00e4rvipelastajille p\u00e4\u00e4s\u00e4\u00e4nt\u00f6isesti h\u00e4t\u00e4keskuksen ja trossipalvelun [&hellip;]","og_url":"https:\/\/meripelastus.fi\/lahti\/toiminta\/","og_site_name":"Lahden J\u00e4rvipelastajat","article_modified_time":"2021-01-25T17:01:02+00:00","twitter_card":"summary_large_image","twitter_misc":{"Arvioitu lukuaika":"1 minuutti"},"schema":{"@context":"https:\/\/schema.org","@graph":[{"@type":"WebPage","@id":"https:\/\/meripelastus.fi\/lahti\/toiminta\/","url":"https:\/\/meripelastus.fi\/lahti\/toiminta\/","name":"Toiminta - Lahden J\u00e4rvipelastajat","isPartOf":{"@id":"https:\/\/meripelastus.fi\/lahti\/#website"},"datePublished":"2018-03-19T07:18:28+00:00","dateModified":"2021-01-25T17:01:02+00:00","breadcrumb":{"@id":"https:\/\/meripelastus.fi\/lahti\/toiminta\/#breadcrumb"},"inLanguage":"fi","potentialAction":[{"@type":"ReadAction","target":["https:\/\/meripelastus.fi\/lahti\/toiminta\/"]}]},{"@type":"BreadcrumbList","@id":"https:\/\/meripelastus.fi\/lahti\/toiminta\/#breadcrumb","itemListElement":[{"@type":"ListItem","position":1,"name":"Etusivu","item":"https:\/\/meripelastus.fi\/lahti\/"},{"@type":"ListItem","position":2,"name":"Toiminta"}]},{"@type":"WebSite","@id":"https:\/\/meripelastus.fi\/lahti\/#website","url":"https:\/\/meripelastus.fi\/lahti\/","name":"Lahden J\u00e4rvipelastajat","description":"Vapaaehtoiset apunasi vesill\u00e4","potentialAction":[{"@type":"SearchAction","target":{"@type":"EntryPoint","urlTemplate":"https:\/\/meripelastus.fi\/lahti\/?s={search_term_string}"},"query-input":{"@type":"PropertyValueSpecification","valueRequired":true,"valueName":"search_term_string"}}],"inLanguage":"fi"}]}},"_links":{"self":[{"href":"https:\/\/meripelastus.fi\/lahti\/wp-json\/wp\/v2\/pages\/20","targetHints":{"allow":["GET"]}}],"collection":[{"href":"https:\/\/meripelastus.fi\/lahti\/wp-json\/wp\/v2\/pages"}],"about":[{"href":"https:\/\/meripelastus.fi\/lahti\/wp-json\/wp\/v2\/types\/page"}],"author":[{"embeddable":true,"href":"https:\/\/meripelastus.fi\/lahti\/wp-json\/wp\/v2\/users\/1"}],"replies":[{"embeddable":true,"href":"https:\/\/meripelastus.fi\/lahti\/wp-json\/wp\/v2\/comments?post=20"}],"version-history":[{"count":4,"href":"https:\/\/meripelastus.fi\/lahti\/wp-json\/wp\/v2\/pages\/20\/revisions"}],"predecessor-version":[{"id":429,"href":"https:\/\/meripelastus.fi\/lahti\/wp-json\/wp\/v2\/pages\/20\/revisions\/429"}],"wp:attachment":[{"href":"https:\/\/meripelastus.fi\/lahti\/wp-json\/wp\/v2\/media?parent=20"}],"curies":[{"name":"wp","href":"https:\/\/api.w.org\/{rel}","templated":true}]}}