{"id":8,"date":"2018-03-19T09:16:29","date_gmt":"2018-03-19T07:16:29","guid":{"rendered":"http:\/\/basetemplate.smpsyhdistykset.16.testivedos.com\/?page_id=8"},"modified":"2026-03-18T14:59:48","modified_gmt":"2026-03-18T12:59:48","slug":"tietoa-meista","status":"publish","type":"page","link":"https:\/\/meripelastus.fi\/kuopio\/kuopion-jarvipelastajat\/tietoa-meista\/","title":{"rendered":"Tietoa meist\u00e4"},"content":{"rendered":"\n<figure class=\"wp-block-image size-large is-resized\"><img loading=\"lazy\" decoding=\"async\" width=\"768\" height=\"1024\" src=\"https:\/\/meripelastus.fi\/kuopio\/wp-content\/uploads\/sites\/18\/2024\/01\/IMG_20220523_214606_Original-768x1024.jpeg\" alt=\"\" class=\"wp-image-548\" style=\"width:580px;height:auto\" srcset=\"https:\/\/meripelastus.fi\/kuopio\/wp-content\/uploads\/sites\/18\/2024\/01\/IMG_20220523_214606_Original-768x1024.jpeg 768w, https:\/\/meripelastus.fi\/kuopio\/wp-content\/uploads\/sites\/18\/2024\/01\/IMG_20220523_214606_Original-225x300.jpeg 225w, https:\/\/meripelastus.fi\/kuopio\/wp-content\/uploads\/sites\/18\/2024\/01\/IMG_20220523_214606_Original-1152x1536.jpeg 1152w, https:\/\/meripelastus.fi\/kuopio\/wp-content\/uploads\/sites\/18\/2024\/01\/IMG_20220523_214606_Original-1536x2048.jpeg 1536w, https:\/\/meripelastus.fi\/kuopio\/wp-content\/uploads\/sites\/18\/2024\/01\/IMG_20220523_214606_Original-scaled.jpeg 1920w\" sizes=\"auto, (max-width: 768px) 100vw, 768px\" \/><\/figure>\n\n\n<p>SMPS Kuopion J\u00e4rvipelastajat ry:n perustettiin vuonna 1971. Alkuper\u00e4inen nimi Pohjois-Savon J\u00e4rvipelastusyhdistys ry muuttui 1989 muotoon Kuopion J\u00e4rvipelastusyhdistys ry. Nykyinen nimi otettiin k\u00e4ytt\u00f6\u00f6n vuonna 2000.<\/p>\n<p>Yhdistyksemme suorittaa avustus-, etsint\u00e4- ja pelastusteht\u00e4vi\u00e4 Vuoksen vesist\u00f6alueella joko itsen\u00e4isesti tai viranomaisten tukena. Toimialueemme ulottuu Karvion, Varistaipaleen ja Konnuksen kanavilta Ahkiolahden ja Karjalankosken kanaville. Lis\u00e4ksi toimialue kattaa Summan kanavan Suvasvedelt\u00e4 Melalahteen sek\u00e4 Juoj\u00e4rven, Vuotj\u00e4rven ja Syv\u00e4rin. Avustuspyynn\u00f6t ja toimeksiannot saamme p\u00e4\u00e4s\u00e4\u00e4nt\u00f6isesti Trossi-palvelusta tai h\u00e4t\u00e4keskukselta.<\/p>\n<p>Suoritamme avustus- ja pelastusteht\u00e4vi\u00e4 vuosittain noin sata.<\/p>\n<p>Osallistumme my\u00f6s yhteisharjoituksiin viranomaisten ja muiden toimijoiden kanssa. Yhdistys on mukana viranomaisten apuna toimivassa Vapaaehtoisessa pelatuspalvelussa. (<a href=\"http:\/\/www.vapepa.fi\/\" target=\"_blank\" rel=\"noopener\">VAPEPA<\/a>).<\/p>\n<p>Lis\u00e4ksi toimintamuotoihimme kuuluvat koulutus- ja valistusteht\u00e4v\u00e4t.<\/p>\n<h2>P\u00e4ivystystoiminta<\/h2>\n<p>P\u00e4ivystyksemme toimii avovesikaudella ymp\u00e4ri vuorokauden. P\u00e4ivystysvahvuudessa on aina yksi p\u00e4\u00e4llikk\u00f6 ja kaksi miehist\u00f6n j\u00e4sent\u00e4, joilla kaikilla on teht\u00e4viins\u00e4 SMPS:n edellytt\u00e4m\u00e4 koulutustaso. K\u00e4ytett\u00e4viss\u00e4mme on kolme alusta, jotka ovat jatkuvassa l\u00e4ht\u00f6valmiudessa Pirttiniemen tukikohdassa. Vilkkaimman veneilysesongin aikana p\u00e4ivyst\u00e4mme my\u00f6s Iivarinsalon tukikohdasta k\u00e4sin tai partioimalla vesill\u00e4.<\/p>\n<h2>J\u00e4senist\u00f6<\/h2>\n<p>Yhdistyksemme j\u00e4senm\u00e4\u00e4r\u00e4 on noin 800. Toiminnan ytimen muodostavat Aktiivit, joita on noin 40. Aktiiveihin luokitellaan hallituksen j\u00e4senet, toimi- ja vastuuhenkil\u00f6t, p\u00e4ivystysmiehist\u00f6, miehist\u00f6koulutettavat sek\u00e4 muut aktiivisesti toiminnassa mukana olevat. Aktiiveihin ja my\u00f6s koko j\u00e4senist\u00f6\u00f6n pidet\u00e4\u00e4n s\u00e4\u00e4nn\u00f6llisesti yhteytt\u00e4 s\u00e4hk\u00f6isell\u00e4 tiedottamisella sek\u00e4 j\u00e4rjest\u00e4m\u00e4ll\u00e4 yhteisi\u00e4 aktiviteetteja.<\/p>\n<p>Tervetuloa mukaan toimintaan, tai liity j\u00e4seneksi ja hanki <a href=\"https:\/\/meripelastus.fi\/jaseneksi\/\">Meripelastusseuran J\u00e4senpalvelu<\/a>. Lis\u00e4tietoja l\u00f6ytyy: <a href=\"https:\/\/meripelastus.fi\/kuopio\/kuopion-jarvipelastajat\/liity-jaseneksi\/\">Liity t\u00e4st\u00e4!<\/a><\/p>\n\n\n<p><\/p>\n","protected":false},"excerpt":{"rendered":"<p>SMPS Kuopion J\u00e4rvipelastajat ry:n perustettiin vuonna 1971. Alkuper\u00e4inen nimi Pohjois-Savon J\u00e4rvipelastusyhdistys ry muuttui 1989 muotoon Kuopion J\u00e4rvipelastusyhdistys ry. Nykyinen nimi otettiin k\u00e4ytt\u00f6\u00f6n vuonna 2000. Yhdistyksemme suorittaa avustus-, etsint\u00e4- ja pelastusteht\u00e4vi\u00e4 Vuoksen vesist\u00f6alueella joko itsen\u00e4isesti tai viranomaisten tukena. Toimialueemme ulottuu Karvion, Varistaipaleen ja Konnuksen kanavilta Ahkiolahden ja Karjalankosken kanaville. Lis\u00e4ksi toimialue kattaa Summan kanavan Suvasvedelt\u00e4 Melalahteen [&hellip;]<\/p>\n","protected":false},"author":1,"featured_media":0,"parent":6,"menu_order":0,"comment_status":"closed","ping_status":"closed","template":"","meta":{"_acf_changed":false,"inline_featured_image":false,"footnotes":""},"class_list":["post-8","page","type-page","status-publish","hentry"],"acf":[],"yoast_head":"<!-- This site is optimized with the Yoast SEO Premium plugin v27.4 (Yoast SEO v27.4) - https:\/\/yoast.com\/product\/yoast-seo-premium-wordpress\/ -->\n<title>Tietoa meist\u00e4 - Kuopion J\u00e4rvipelastajat<\/title>\n<meta name=\"robots\" content=\"index, follow, max-snippet:-1, max-image-preview:large, max-video-preview:-1\" \/>\n<link rel=\"canonical\" href=\"https:\/\/meripelastus.fi\/kuopio\/kuopion-jarvipelastajat\/tietoa-meista\/\" \/>\n<meta property=\"og:locale\" content=\"fi_FI\" \/>\n<meta property=\"og:type\" content=\"article\" \/>\n<meta property=\"og:title\" content=\"Tietoa meist\u00e4\" \/>\n<meta property=\"og:description\" content=\"SMPS Kuopion J\u00e4rvipelastajat ry:n perustettiin vuonna 1971. Alkuper\u00e4inen nimi Pohjois-Savon J\u00e4rvipelastusyhdistys ry muuttui 1989 muotoon Kuopion J\u00e4rvipelastusyhdistys ry. Nykyinen nimi otettiin k\u00e4ytt\u00f6\u00f6n vuonna 2000. Yhdistyksemme suorittaa avustus-, etsint\u00e4- ja pelastusteht\u00e4vi\u00e4 Vuoksen vesist\u00f6alueella joko itsen\u00e4isesti tai viranomaisten tukena. Toimialueemme ulottuu Karvion, Varistaipaleen ja Konnuksen kanavilta Ahkiolahden ja Karjalankosken kanaville. Lis\u00e4ksi toimialue kattaa Summan kanavan Suvasvedelt\u00e4 Melalahteen [&hellip;]\" \/>\n<meta property=\"og:url\" content=\"https:\/\/meripelastus.fi\/kuopio\/kuopion-jarvipelastajat\/tietoa-meista\/\" \/>\n<meta property=\"og:site_name\" content=\"Kuopion J\u00e4rvipelastajat\" \/>\n<meta property=\"article:modified_time\" content=\"2026-03-18T12:59:48+00:00\" \/>\n<meta property=\"og:image\" content=\"https:\/\/meripelastus.fi\/kuopio\/wp-content\/uploads\/sites\/18\/2024\/01\/IMG_20220523_214606_Original-scaled.jpeg\" \/>\n\t<meta property=\"og:image:width\" content=\"1920\" \/>\n\t<meta property=\"og:image:height\" content=\"2560\" \/>\n\t<meta property=\"og:image:type\" content=\"image\/jpeg\" \/>\n<meta name=\"twitter:card\" content=\"summary_large_image\" \/>\n<meta name=\"twitter:label1\" content=\"Arvioitu lukuaika\" \/>\n\t<meta name=\"twitter:data1\" content=\"2 minuuttia\" \/>\n<script type=\"application\/ld+json\" class=\"yoast-schema-graph\">{\"@context\":\"https:\\\/\\\/schema.org\",\"@graph\":[{\"@type\":\"WebPage\",\"@id\":\"https:\\\/\\\/meripelastus.fi\\\/kuopio\\\/kuopion-jarvipelastajat\\\/tietoa-meista\\\/\",\"url\":\"https:\\\/\\\/meripelastus.fi\\\/kuopio\\\/kuopion-jarvipelastajat\\\/tietoa-meista\\\/\",\"name\":\"Tietoa meist\u00e4 - Kuopion J\u00e4rvipelastajat\",\"isPartOf\":{\"@id\":\"https:\\\/\\\/meripelastus.fi\\\/kuopio\\\/#website\"},\"primaryImageOfPage\":{\"@id\":\"https:\\\/\\\/meripelastus.fi\\\/kuopio\\\/kuopion-jarvipelastajat\\\/tietoa-meista\\\/#primaryimage\"},\"image\":{\"@id\":\"https:\\\/\\\/meripelastus.fi\\\/kuopio\\\/kuopion-jarvipelastajat\\\/tietoa-meista\\\/#primaryimage\"},\"thumbnailUrl\":\"https:\\\/\\\/meripelastus.fi\\\/kuopio\\\/wp-content\\\/uploads\\\/sites\\\/18\\\/2024\\\/01\\\/IMG_20220523_214606_Original-768x1024.jpeg\",\"datePublished\":\"2018-03-19T07:16:29+00:00\",\"dateModified\":\"2026-03-18T12:59:48+00:00\",\"breadcrumb\":{\"@id\":\"https:\\\/\\\/meripelastus.fi\\\/kuopio\\\/kuopion-jarvipelastajat\\\/tietoa-meista\\\/#breadcrumb\"},\"inLanguage\":\"fi\",\"potentialAction\":[{\"@type\":\"ReadAction\",\"target\":[\"https:\\\/\\\/meripelastus.fi\\\/kuopio\\\/kuopion-jarvipelastajat\\\/tietoa-meista\\\/\"]}]},{\"@type\":\"ImageObject\",\"inLanguage\":\"fi\",\"@id\":\"https:\\\/\\\/meripelastus.fi\\\/kuopio\\\/kuopion-jarvipelastajat\\\/tietoa-meista\\\/#primaryimage\",\"url\":\"https:\\\/\\\/meripelastus.fi\\\/kuopio\\\/wp-content\\\/uploads\\\/sites\\\/18\\\/2024\\\/01\\\/IMG_20220523_214606_Original-scaled.jpeg\",\"contentUrl\":\"https:\\\/\\\/meripelastus.fi\\\/kuopio\\\/wp-content\\\/uploads\\\/sites\\\/18\\\/2024\\\/01\\\/IMG_20220523_214606_Original-scaled.jpeg\",\"width\":1920,\"height\":2560},{\"@type\":\"BreadcrumbList\",\"@id\":\"https:\\\/\\\/meripelastus.fi\\\/kuopio\\\/kuopion-jarvipelastajat\\\/tietoa-meista\\\/#breadcrumb\",\"itemListElement\":[{\"@type\":\"ListItem\",\"position\":1,\"name\":\"Etusivu\",\"item\":\"https:\\\/\\\/meripelastus.fi\\\/kuopio\\\/\"},{\"@type\":\"ListItem\",\"position\":2,\"name\":\"Kuopion J\u00e4rvipelastajat\",\"item\":\"https:\\\/\\\/meripelastus.fi\\\/kuopio\\\/kuopion-jarvipelastajat\\\/\"},{\"@type\":\"ListItem\",\"position\":3,\"name\":\"Tietoa meist\u00e4\"}]},{\"@type\":\"WebSite\",\"@id\":\"https:\\\/\\\/meripelastus.fi\\\/kuopio\\\/#website\",\"url\":\"https:\\\/\\\/meripelastus.fi\\\/kuopio\\\/\",\"name\":\"Kuopion J\u00e4rvipelastajat\",\"description\":\"Vapaaehtoiset apunasi vesill\u00e4\",\"potentialAction\":[{\"@type\":\"SearchAction\",\"target\":{\"@type\":\"EntryPoint\",\"urlTemplate\":\"https:\\\/\\\/meripelastus.fi\\\/kuopio\\\/?s={search_term_string}\"},\"query-input\":{\"@type\":\"PropertyValueSpecification\",\"valueRequired\":true,\"valueName\":\"search_term_string\"}}],\"inLanguage\":\"fi\"}]}<\/script>\n<!-- \/ Yoast SEO Premium plugin. -->","yoast_head_json":{"title":"Tietoa meist\u00e4 - Kuopion J\u00e4rvipelastajat","robots":{"index":"index","follow":"follow","max-snippet":"max-snippet:-1","max-image-preview":"max-image-preview:large","max-video-preview":"max-video-preview:-1"},"canonical":"https:\/\/meripelastus.fi\/kuopio\/kuopion-jarvipelastajat\/tietoa-meista\/","og_locale":"fi_FI","og_type":"article","og_title":"Tietoa meist\u00e4","og_description":"SMPS Kuopion J\u00e4rvipelastajat ry:n perustettiin vuonna 1971. Alkuper\u00e4inen nimi Pohjois-Savon J\u00e4rvipelastusyhdistys ry muuttui 1989 muotoon Kuopion J\u00e4rvipelastusyhdistys ry. Nykyinen nimi otettiin k\u00e4ytt\u00f6\u00f6n vuonna 2000. Yhdistyksemme suorittaa avustus-, etsint\u00e4- ja pelastusteht\u00e4vi\u00e4 Vuoksen vesist\u00f6alueella joko itsen\u00e4isesti tai viranomaisten tukena. Toimialueemme ulottuu Karvion, Varistaipaleen ja Konnuksen kanavilta Ahkiolahden ja Karjalankosken kanaville. Lis\u00e4ksi toimialue kattaa Summan kanavan Suvasvedelt\u00e4 Melalahteen [&hellip;]","og_url":"https:\/\/meripelastus.fi\/kuopio\/kuopion-jarvipelastajat\/tietoa-meista\/","og_site_name":"Kuopion J\u00e4rvipelastajat","article_modified_time":"2026-03-18T12:59:48+00:00","og_image":[{"width":1920,"height":2560,"url":"https:\/\/meripelastus.fi\/kuopio\/wp-content\/uploads\/sites\/18\/2024\/01\/IMG_20220523_214606_Original-scaled.jpeg","type":"image\/jpeg"}],"twitter_card":"summary_large_image","twitter_misc":{"Arvioitu lukuaika":"2 minuuttia"},"schema":{"@context":"https:\/\/schema.org","@graph":[{"@type":"WebPage","@id":"https:\/\/meripelastus.fi\/kuopio\/kuopion-jarvipelastajat\/tietoa-meista\/","url":"https:\/\/meripelastus.fi\/kuopio\/kuopion-jarvipelastajat\/tietoa-meista\/","name":"Tietoa meist\u00e4 - Kuopion J\u00e4rvipelastajat","isPartOf":{"@id":"https:\/\/meripelastus.fi\/kuopio\/#website"},"primaryImageOfPage":{"@id":"https:\/\/meripelastus.fi\/kuopio\/kuopion-jarvipelastajat\/tietoa-meista\/#primaryimage"},"image":{"@id":"https:\/\/meripelastus.fi\/kuopio\/kuopion-jarvipelastajat\/tietoa-meista\/#primaryimage"},"thumbnailUrl":"https:\/\/meripelastus.fi\/kuopio\/wp-content\/uploads\/sites\/18\/2024\/01\/IMG_20220523_214606_Original-768x1024.jpeg","datePublished":"2018-03-19T07:16:29+00:00","dateModified":"2026-03-18T12:59:48+00:00","breadcrumb":{"@id":"https:\/\/meripelastus.fi\/kuopio\/kuopion-jarvipelastajat\/tietoa-meista\/#breadcrumb"},"inLanguage":"fi","potentialAction":[{"@type":"ReadAction","target":["https:\/\/meripelastus.fi\/kuopio\/kuopion-jarvipelastajat\/tietoa-meista\/"]}]},{"@type":"ImageObject","inLanguage":"fi","@id":"https:\/\/meripelastus.fi\/kuopio\/kuopion-jarvipelastajat\/tietoa-meista\/#primaryimage","url":"https:\/\/meripelastus.fi\/kuopio\/wp-content\/uploads\/sites\/18\/2024\/01\/IMG_20220523_214606_Original-scaled.jpeg","contentUrl":"https:\/\/meripelastus.fi\/kuopio\/wp-content\/uploads\/sites\/18\/2024\/01\/IMG_20220523_214606_Original-scaled.jpeg","width":1920,"height":2560},{"@type":"BreadcrumbList","@id":"https:\/\/meripelastus.fi\/kuopio\/kuopion-jarvipelastajat\/tietoa-meista\/#breadcrumb","itemListElement":[{"@type":"ListItem","position":1,"name":"Etusivu","item":"https:\/\/meripelastus.fi\/kuopio\/"},{"@type":"ListItem","position":2,"name":"Kuopion J\u00e4rvipelastajat","item":"https:\/\/meripelastus.fi\/kuopio\/kuopion-jarvipelastajat\/"},{"@type":"ListItem","position":3,"name":"Tietoa meist\u00e4"}]},{"@type":"WebSite","@id":"https:\/\/meripelastus.fi\/kuopio\/#website","url":"https:\/\/meripelastus.fi\/kuopio\/","name":"Kuopion J\u00e4rvipelastajat","description":"Vapaaehtoiset apunasi vesill\u00e4","potentialAction":[{"@type":"SearchAction","target":{"@type":"EntryPoint","urlTemplate":"https:\/\/meripelastus.fi\/kuopio\/?s={search_term_string}"},"query-input":{"@type":"PropertyValueSpecification","valueRequired":true,"valueName":"search_term_string"}}],"inLanguage":"fi"}]}},"_links":{"self":[{"href":"https:\/\/meripelastus.fi\/kuopio\/wp-json\/wp\/v2\/pages\/8","targetHints":{"allow":["GET"]}}],"collection":[{"href":"https:\/\/meripelastus.fi\/kuopio\/wp-json\/wp\/v2\/pages"}],"about":[{"href":"https:\/\/meripelastus.fi\/kuopio\/wp-json\/wp\/v2\/types\/page"}],"author":[{"embeddable":true,"href":"https:\/\/meripelastus.fi\/kuopio\/wp-json\/wp\/v2\/users\/1"}],"replies":[{"embeddable":true,"href":"https:\/\/meripelastus.fi\/kuopio\/wp-json\/wp\/v2\/comments?post=8"}],"version-history":[{"count":20,"href":"https:\/\/meripelastus.fi\/kuopio\/wp-json\/wp\/v2\/pages\/8\/revisions"}],"predecessor-version":[{"id":726,"href":"https:\/\/meripelastus.fi\/kuopio\/wp-json\/wp\/v2\/pages\/8\/revisions\/726"}],"up":[{"embeddable":true,"href":"https:\/\/meripelastus.fi\/kuopio\/wp-json\/wp\/v2\/pages\/6"}],"wp:attachment":[{"href":"https:\/\/meripelastus.fi\/kuopio\/wp-json\/wp\/v2\/media?parent=8"}],"curies":[{"name":"wp","href":"https:\/\/api.w.org\/{rel}","templated":true}]}}