{"id":4,"date":"2018-03-19T09:15:43","date_gmt":"2018-03-19T07:15:43","guid":{"rendered":"http:\/\/basetemplate.smpsyhdistykset.16.testivedos.com\/?page_id=4"},"modified":"2026-03-18T14:43:18","modified_gmt":"2026-03-18T12:43:18","slug":"etusivu","status":"publish","type":"page","link":"https:\/\/meripelastus.fi\/kuopio\/","title":{"rendered":"Kuopion J\u00e4rvipelastajat"},"content":{"rendered":"\n<div style=\"height:3rem\" aria-hidden=\"true\" class=\"wp-block-spacer\"><\/div>\n\n\n\t\n<div class=\"container home-container\"> \n  <div class=\"row gridparent post-lists\">\n            <figure class=\"gridchild d-flex align-items-stretch\">\n            <div class=\"post-item relative\">\n                    <a href=\"https:\/\/meripelastus.fi\/kuopio\/tulokashaku-2026-on-alkanut\/\" title=\"Tulokashaku 2026 on alkanut!\">\n                        <img loading=\"lazy\" decoding=\"async\" src=\"https:\/\/meripelastus.fi\/kuopio\/wp-content\/themes\/jarjestot\/img\/news-big.jpg\" alt=\"Tulokashaku 2026 on alkanut!\" width=\"730\" height=\"460\" \/>\n                        <div class=\"postgradient\"><\/div><!--postgradient-->\n                    <\/a>\n                    <figcaption class=\"post-list-content\">\n                        <p class=\"article-meta has-white-color\">\n                            16.02.2026 \n                                                                                                <a href=\"https:\/\/meripelastus.fi\/kuopio\/category\/uutiset\/\">Uutiset<\/a>\n                                                                                    <\/p>\n                        <a href=\"https:\/\/meripelastus.fi\/kuopio\/tulokashaku-2026-on-alkanut\/\" title=\"Tulokashaku 2026 on alkanut!\">\n                            <h4 class=\"has-white-color my-0\">Tulokashaku 2026 on alkanut!<\/h4>\n                        <\/a>\n                    <\/figcaption>\t\n            <\/div>\n        <\/figure>\n            <figure class=\"gridchild d-flex align-items-stretch\">\n            <div class=\"post-item relative\">\n                    <a href=\"https:\/\/meripelastus.fi\/kuopio\/syyskokouskuulumisia\/\" title=\"Syyskokouskuulumisia\">\n                        <img loading=\"lazy\" decoding=\"async\" src=\"https:\/\/meripelastus.fi\/kuopio\/wp-content\/themes\/jarjestot\/img\/news-big.jpg\" alt=\"Syyskokouskuulumisia\" width=\"730\" height=\"460\" \/>\n                        <div class=\"postgradient\"><\/div><!--postgradient-->\n                    <\/a>\n                    <figcaption class=\"post-list-content\">\n                        <p class=\"article-meta has-white-color\">\n                            24.11.2025 \n                                                                                                <a href=\"https:\/\/meripelastus.fi\/kuopio\/category\/uutiset\/\">Uutiset<\/a>\n                                                                                    <\/p>\n                        <a href=\"https:\/\/meripelastus.fi\/kuopio\/syyskokouskuulumisia\/\" title=\"Syyskokouskuulumisia\">\n                            <h4 class=\"has-white-color my-0\">Syyskokouskuulumisia<\/h4>\n                        <\/a>\n                    <\/figcaption>\t\n            <\/div>\n        <\/figure>\n            <figure class=\"gridchild d-flex align-items-stretch\">\n            <div class=\"post-item relative\">\n                    <a href=\"https:\/\/meripelastus.fi\/kuopio\/kutsu-yhdistyksen-saantomaaraiseen-kevatkokoukseen\/\" title=\"Kutsu yhdistyksen s\u00e4\u00e4nt\u00f6m\u00e4\u00e4r\u00e4iseen syyskokoukseen\">\n                        <img loading=\"lazy\" decoding=\"async\" src=\"https:\/\/meripelastus.fi\/kuopio\/wp-content\/themes\/jarjestot\/img\/news-big.jpg\" alt=\"Kutsu yhdistyksen s\u00e4\u00e4nt\u00f6m\u00e4\u00e4r\u00e4iseen syyskokoukseen\" width=\"730\" height=\"460\" \/>\n                        <div class=\"postgradient\"><\/div><!--postgradient-->\n                    <\/a>\n                    <figcaption class=\"post-list-content\">\n                        <p class=\"article-meta has-white-color\">\n                            30.10.2024 \n                                                                                                <a href=\"https:\/\/meripelastus.fi\/kuopio\/category\/uutiset\/\">Uutiset<\/a>\n                                                                                    <\/p>\n                        <a href=\"https:\/\/meripelastus.fi\/kuopio\/kutsu-yhdistyksen-saantomaaraiseen-kevatkokoukseen\/\" title=\"Kutsu yhdistyksen s\u00e4\u00e4nt\u00f6m\u00e4\u00e4r\u00e4iseen syyskokoukseen\">\n                            <h4 class=\"has-white-color my-0\">Kutsu yhdistyksen s\u00e4\u00e4nt\u00f6m\u00e4\u00e4r\u00e4iseen syy&#8230;<\/h4>\n                        <\/a>\n                    <\/figcaption>\t\n            <\/div>\n        <\/figure>\n      <\/div>\n\n    \t\n\n    <div class=\"row\">\n      <div class=\"d-none d-sm-block col-2 col-md-3 col-xl-4\"><hr class=\"has-primary-background-color\"><\/div>\n      <div class=\"col-12 col-sm-8 col-md-6 col-xl-4\">\n      <div class=\"d-flex justify-content-center\">\t\n        <a href=\"https:\/\/meripelastus.fi\/kuopio\/kuopion-jarvipelastajat\/uutiset\/\" target=\"_self\" class=\"btn btn-primary mt-0 mb-3 my-sm-0\">Lis\u00e4\u00e4 kuulumisia<\/a>\t\t\t\t\t\t\t\t\t\t\n      <\/div>\n      <\/div>\n      <div class=\"col-12 col-sm-2 col-md-3 col-xl-4\"><hr class=\"has-primary-background-color\"><\/div>\n    <\/div>\n  \n<\/div>\n\n\n<div style=\"height:6rem\" aria-hidden=\"true\" class=\"wp-block-spacer\"><\/div>\n\n\n \n\t\n<div class=\"container home-container\"> \n    <div class=\"row home-img-lifts py-0 d-flex justify-content-center\">\n\n            \t\t\t\t \n\t\t\t\t\t\t<div class=\"col-10 offset-1 offset-md-0 col-md-6 col-lg-3 col-xxl-4 has-secondary-background-color d-flex flex-column align-items-stretch justify-content-between text-white text-center homelifts homelifts-lahjoita\">\n                            <div class=\"homelifts-lahjoita-img\"><img loading=\"lazy\" decoding=\"async\" src=\"https:\/\/meripelastus.fi\/kuopio\/wp-content\/uploads\/sites\/18\/2024\/01\/svg-huutomerkki-white.svg\" alt=\"\" width=\"300\" height=\"273\" \/><\/div> \n                            <div class=\"homelifts-lahjoita-content\">\n                                <h3 class=\"h2 text-white mt-0 mb-0\">H\u00e4t\u00e4tilanne! Mihin soitan?<\/h3>                                                                <div class=\"homelifts-lahjoita-content-otsikkoryhma\">\n                                    <h4 class=\"text-white mt-0\"><span>Sis\u00e4vesill\u00e4<\/span><\/h4>\n                                    <p><a href=\"tel:112\">112<\/a><\/p>\n                                <\/div>\n                                                                <div class=\"homelifts-lahjoita-content-otsikkoryhma\">\n                                    <h4 class=\"text-white mt-0\"><span>Merell\u00e4<\/span><\/h4>\n                                    <p><a href=\"tel:02941000\">02 94 1000<\/a><\/p>\n                                <\/div>\n                                                                                            <\/div>\n                            <a href=\"https:\/\/meripelastus.fi\/kuopio\/halytysohje\/\" class=\"btn btn-default my-0 mx-auto\" target=\"_self\">H\u00e4lytysohjeet<\/a>                             \n                        <\/div>\n\t\t\t\t\t\t\t\n            \t\t\t\t \n\t\t\t\t\t\t\t<div class=\"col-10 offset-1 offset-md-0 col-md-6 col-lg-3 col-xxl-4 has-white-background-color d-flex flex-column align-items-stretch justify-content-between text-center homelifts homelifts-trossi\">\n                                <div class=\"homelifts-trossi-img\"><img loading=\"lazy\" decoding=\"async\" src=\"https:\/\/meripelastus.fi\/kuopio\/wp-content\/uploads\/sites\/18\/2024\/01\/svg-alus.svg\" alt=\"\" width=\"300\" height=\"300\" \/><\/div>                          \n                                <div class=\"homelifts-trossi-content\">\n                                    <h3 class=\"h2 mt-0\">Suoritetut teht\u00e4v\u00e4t<\/h3>                                                                                                                <ul class=\"list-unstyled\" id=\"tehtavatrss\" data-amount=\"2\" data-city=\"35\">\n                                            <template>\n                                                <li>\n                                                    <time><\/time>\n                                                    <strong><\/strong>\n                                                    <br \/>\n                                                    <span><\/span>\n                                                <\/li>\n                                            <\/template>\n                                        <\/ul>\n                                                                    <\/div>\n                                <a href=\"https:\/\/meripelastus.fi\/kuopio\/toiminta\/tehtavat\/\" class=\"btn btn-primary mb-0 mx-auto\" target=\"_self\">Selaa teht\u00e4vi\u00e4<\/a>                             \n                            <\/div>\n\t\t\t\t\t\t\t           \n\n            \t\t\t\t \n\t\t\t\t\t\t<div class=\"col-10 offset-1 offset-md-0 col-md-6 col-lg-3 col-xxl-4 has-secondary-background-color d-flex flex-column align-items-stretch justify-content-between text-white text-center homelifts homelifts-liity\">\n                            <div class=\"homelifts-liity-img\"><img loading=\"lazy\" decoding=\"async\" src=\"https:\/\/meripelastus.fi\/kuopio\/wp-content\/uploads\/sites\/18\/2025\/12\/smps-plus-jasenpalvelu-300x300.png\" alt=\"Ympyr\u00e4ikoni\" width=\"300\" height=\"300\" \/><\/div>  \n                            <div class=\"homelifts-liity-content\">\n                                <h3 class=\"h2 text-white mt-0\">J\u00e4senpalvelu<\/h3>                                <hr class=\"homelift-border\">\n                                <p>Hankkimalla j\u00e4senpalvelun varmistat my\u00f6s veneellesi maksuttoman avun.<\/p>\n                            <\/div>\n                            <a href=\"https:\/\/meripelastus.fi\/jaseneksi\/\" class=\"btn btn-default mb-0 mx-auto\" target=\"_blank\">Liity j\u00e4seneksi<\/a>                             \n                        <\/div>\n\t\t\t\t\t\t\t    <\/div>\n<\/div>\n\n\n<div style=\"height:3rem\" aria-hidden=\"true\" class=\"wp-block-spacer\"><\/div>\n\n\n\n<div class=\"wp-block-group alignfull border-top has-white-background-color has-background\"><div class=\"wp-block-group__inner-container is-layout-constrained wp-block-group-is-layout-constrained\">\n<div style=\"height:3rem\" aria-hidden=\"true\" class=\"wp-block-spacer\"><\/div>\n\n\n\n<h4 class=\"wp-block-heading has-text-align-center has-x-large-font-size\" id=\"h-vapaaehtoiset-apunasi-vesilla\" style=\"text-transform:uppercase\">Vapaaehtoiset apunasi vesill\u00e4<\/h4>\n\n\n\n<p class=\"has-text-align-center\"><strong>Kuopion J\u00e4rvipelastajat ry on toiminut Kallavedell\u00e4 ja sen l\u00e4hivesill\u00e4 jo vuodesta 1971. Toimintamme perustuu vapaaehtoisuuteen ja p\u00e4\u00e4teht\u00e4v\u00e4mme on auttaa vesill\u00e4 h\u00e4t\u00e4\u00e4n joutuneita ja edist\u00e4\u00e4 yleist\u00e4 veneilyturvallisuutta.<\/strong><\/p>\n\n\n\n<p class=\"has-text-align-center\"><strong>Hanki veneellesi Meripelastusseuran j\u00e4senpalvelu, jotta saat apua helposti ja ilman erillisi\u00e4 kustannuksia! <a href=\"https:\/\/meripelastus.fi\/jaseneksi\/\">Lis\u00e4tietoja t\u00e4st\u00e4<\/a><\/strong>!<\/p>\n\n\n\n<div class=\"wp-block-buttons is-content-justification-center is-layout-flex wp-container-core-buttons-is-layout-16018d1d wp-block-buttons-is-layout-flex\">\n<div class=\"wp-block-button\"><a class=\"wp-block-button__link wp-element-button\" href=\"\/kuopio\/tietoa-meista\">Tutustu toimintaamme<\/a><\/div>\n<\/div>\n\n\n\t\n   <div class=\"compass-wrapper\"><img loading=\"lazy\" decoding=\"async\" src=\"https:\/\/meripelastus.fi\/kuopio\/wp-content\/themes\/jarjestot\/img\/smps-kompassi-sininen.png\" width=\"1083\" height=\"110\" class=\"kompassi-block\" aria-hidden=\"true\"\/><\/div><\/div><\/div>\n","protected":false},"excerpt":{"rendered":"<p>Vapaaehtoiset apunasi vesill\u00e4 Kuopion J\u00e4rvipelastajat ry on toiminut Kallavedell\u00e4 ja sen l\u00e4hivesill\u00e4 jo vuodesta 1971. Toimintamme perustuu vapaaehtoisuuteen ja p\u00e4\u00e4teht\u00e4v\u00e4mme on auttaa vesill\u00e4 h\u00e4t\u00e4\u00e4n joutuneita ja edist\u00e4\u00e4 yleist\u00e4 veneilyturvallisuutta. Hanki veneellesi Meripelastusseuran j\u00e4senpalvelu, jotta saat apua helposti ja ilman erillisi\u00e4 kustannuksia! Lis\u00e4tietoja t\u00e4st\u00e4!<\/p>\n","protected":false},"author":1,"featured_media":469,"parent":0,"menu_order":1,"comment_status":"closed","ping_status":"closed","template":"templates\/frontpage.php","meta":{"_acf_changed":false,"inline_featured_image":false,"footnotes":""},"class_list":["post-4","page","type-page","status-publish","has-post-thumbnail","hentry"],"acf":[],"yoast_head":"<!-- This site is optimized with the Yoast SEO Premium plugin v27.4 (Yoast SEO v27.4) - https:\/\/yoast.com\/product\/yoast-seo-premium-wordpress\/ -->\n<title>Kuopion J\u00e4rvipelastajat - Kuopion J\u00e4rvipelastajat<\/title>\n<meta name=\"description\" content=\"Vapaaehtoisetapunasi vesill\u00e4! Olemme meri- ja j\u00e4rvipelastusyhdistysten keskusj\u00e4rjest\u00f6n Suomen Meripelastusseuran j\u00e4senyhdistys. Toimintamme perustuu vapaaehtoisuuteen ja p\u00e4\u00e4teht\u00e4v\u00e4mme on auttaa vesill\u00e4 h\u00e4t\u00e4\u00e4n joutuneita. Lis\u00e4ksi edist\u00e4mme toiminnallamme yleist\u00e4 veneilyturvallisuutta.\" \/>\n<meta name=\"robots\" content=\"index, follow, max-snippet:-1, max-image-preview:large, max-video-preview:-1\" \/>\n<link rel=\"canonical\" href=\"https:\/\/meripelastus.fi\/kuopio\/\" \/>\n<meta property=\"og:locale\" content=\"fi_FI\" \/>\n<meta property=\"og:type\" content=\"article\" \/>\n<meta property=\"og:title\" content=\"Kuopion J\u00e4rvipelastajat\" \/>\n<meta property=\"og:description\" content=\"Vapaaehtoisetapunasi vesill\u00e4! Olemme meri- ja j\u00e4rvipelastusyhdistysten keskusj\u00e4rjest\u00f6n Suomen Meripelastusseuran j\u00e4senyhdistys. Toimintamme perustuu vapaaehtoisuuteen ja p\u00e4\u00e4teht\u00e4v\u00e4mme on auttaa vesill\u00e4 h\u00e4t\u00e4\u00e4n joutuneita. Lis\u00e4ksi edist\u00e4mme toiminnallamme yleist\u00e4 veneilyturvallisuutta.\" \/>\n<meta property=\"og:url\" content=\"https:\/\/meripelastus.fi\/kuopio\/\" \/>\n<meta property=\"og:site_name\" content=\"Kuopion J\u00e4rvipelastajat\" \/>\n<meta property=\"article:modified_time\" content=\"2026-03-18T12:43:18+00:00\" \/>\n<meta property=\"og:image\" content=\"https:\/\/meripelastus.fi\/kuopio\/wp-content\/uploads\/sites\/18\/2023\/03\/IMG_3545.jpg\" \/>\n\t<meta property=\"og:image:width\" content=\"2048\" \/>\n\t<meta property=\"og:image:height\" content=\"1536\" \/>\n\t<meta property=\"og:image:type\" content=\"image\/jpeg\" \/>\n<meta name=\"twitter:card\" content=\"summary_large_image\" \/>\n<meta name=\"twitter:label1\" content=\"Arvioitu lukuaika\" \/>\n\t<meta name=\"twitter:data1\" content=\"1 minuutti\" \/>\n<script type=\"application\/ld+json\" class=\"yoast-schema-graph\">{\"@context\":\"https:\\\/\\\/schema.org\",\"@graph\":[{\"@type\":\"WebPage\",\"@id\":\"https:\\\/\\\/meripelastus.fi\\\/kuopio\\\/\",\"url\":\"https:\\\/\\\/meripelastus.fi\\\/kuopio\\\/\",\"name\":\"Kuopion J\u00e4rvipelastajat - Kuopion J\u00e4rvipelastajat\",\"isPartOf\":{\"@id\":\"https:\\\/\\\/meripelastus.fi\\\/kuopio\\\/#website\"},\"primaryImageOfPage\":{\"@id\":\"https:\\\/\\\/meripelastus.fi\\\/kuopio\\\/#primaryimage\"},\"image\":{\"@id\":\"https:\\\/\\\/meripelastus.fi\\\/kuopio\\\/#primaryimage\"},\"thumbnailUrl\":\"https:\\\/\\\/meripelastus.fi\\\/kuopio\\\/wp-content\\\/uploads\\\/sites\\\/18\\\/2023\\\/03\\\/IMG_3545.jpg\",\"datePublished\":\"2018-03-19T07:15:43+00:00\",\"dateModified\":\"2026-03-18T12:43:18+00:00\",\"description\":\"Vapaaehtoisetapunasi vesill\u00e4! Olemme meri- ja j\u00e4rvipelastusyhdistysten keskusj\u00e4rjest\u00f6n Suomen Meripelastusseuran j\u00e4senyhdistys. Toimintamme perustuu vapaaehtoisuuteen ja p\u00e4\u00e4teht\u00e4v\u00e4mme on auttaa vesill\u00e4 h\u00e4t\u00e4\u00e4n joutuneita. Lis\u00e4ksi edist\u00e4mme toiminnallamme yleist\u00e4 veneilyturvallisuutta.\",\"breadcrumb\":{\"@id\":\"https:\\\/\\\/meripelastus.fi\\\/kuopio\\\/#breadcrumb\"},\"inLanguage\":\"fi\",\"potentialAction\":[{\"@type\":\"ReadAction\",\"target\":[\"https:\\\/\\\/meripelastus.fi\\\/kuopio\\\/\"]}]},{\"@type\":\"ImageObject\",\"inLanguage\":\"fi\",\"@id\":\"https:\\\/\\\/meripelastus.fi\\\/kuopio\\\/#primaryimage\",\"url\":\"https:\\\/\\\/meripelastus.fi\\\/kuopio\\\/wp-content\\\/uploads\\\/sites\\\/18\\\/2023\\\/03\\\/IMG_3545.jpg\",\"contentUrl\":\"https:\\\/\\\/meripelastus.fi\\\/kuopio\\\/wp-content\\\/uploads\\\/sites\\\/18\\\/2023\\\/03\\\/IMG_3545.jpg\",\"width\":2048,\"height\":1536},{\"@type\":\"BreadcrumbList\",\"@id\":\"https:\\\/\\\/meripelastus.fi\\\/kuopio\\\/#breadcrumb\",\"itemListElement\":[{\"@type\":\"ListItem\",\"position\":1,\"name\":\"Etusivu\",\"item\":\"https:\\\/\\\/meripelastus.fi\\\/kuopio\\\/\"},{\"@type\":\"ListItem\",\"position\":2,\"name\":\"Kuopion J\u00e4rvipelastajat\"}]},{\"@type\":\"WebSite\",\"@id\":\"https:\\\/\\\/meripelastus.fi\\\/kuopio\\\/#website\",\"url\":\"https:\\\/\\\/meripelastus.fi\\\/kuopio\\\/\",\"name\":\"Kuopion J\u00e4rvipelastajat\",\"description\":\"Vapaaehtoiset apunasi vesill\u00e4\",\"potentialAction\":[{\"@type\":\"SearchAction\",\"target\":{\"@type\":\"EntryPoint\",\"urlTemplate\":\"https:\\\/\\\/meripelastus.fi\\\/kuopio\\\/?s={search_term_string}\"},\"query-input\":{\"@type\":\"PropertyValueSpecification\",\"valueRequired\":true,\"valueName\":\"search_term_string\"}}],\"inLanguage\":\"fi\"}]}<\/script>\n<!-- \/ Yoast SEO Premium plugin. -->","yoast_head_json":{"title":"Kuopion J\u00e4rvipelastajat - Kuopion J\u00e4rvipelastajat","description":"Vapaaehtoisetapunasi vesill\u00e4! Olemme meri- ja j\u00e4rvipelastusyhdistysten keskusj\u00e4rjest\u00f6n Suomen Meripelastusseuran j\u00e4senyhdistys. Toimintamme perustuu vapaaehtoisuuteen ja p\u00e4\u00e4teht\u00e4v\u00e4mme on auttaa vesill\u00e4 h\u00e4t\u00e4\u00e4n joutuneita. Lis\u00e4ksi edist\u00e4mme toiminnallamme yleist\u00e4 veneilyturvallisuutta.","robots":{"index":"index","follow":"follow","max-snippet":"max-snippet:-1","max-image-preview":"max-image-preview:large","max-video-preview":"max-video-preview:-1"},"canonical":"https:\/\/meripelastus.fi\/kuopio\/","og_locale":"fi_FI","og_type":"article","og_title":"Kuopion J\u00e4rvipelastajat","og_description":"Vapaaehtoisetapunasi vesill\u00e4! Olemme meri- ja j\u00e4rvipelastusyhdistysten keskusj\u00e4rjest\u00f6n Suomen Meripelastusseuran j\u00e4senyhdistys. Toimintamme perustuu vapaaehtoisuuteen ja p\u00e4\u00e4teht\u00e4v\u00e4mme on auttaa vesill\u00e4 h\u00e4t\u00e4\u00e4n joutuneita. Lis\u00e4ksi edist\u00e4mme toiminnallamme yleist\u00e4 veneilyturvallisuutta.","og_url":"https:\/\/meripelastus.fi\/kuopio\/","og_site_name":"Kuopion J\u00e4rvipelastajat","article_modified_time":"2026-03-18T12:43:18+00:00","og_image":[{"width":2048,"height":1536,"url":"https:\/\/meripelastus.fi\/kuopio\/wp-content\/uploads\/sites\/18\/2023\/03\/IMG_3545.jpg","type":"image\/jpeg"}],"twitter_card":"summary_large_image","twitter_misc":{"Arvioitu lukuaika":"1 minuutti"},"schema":{"@context":"https:\/\/schema.org","@graph":[{"@type":"WebPage","@id":"https:\/\/meripelastus.fi\/kuopio\/","url":"https:\/\/meripelastus.fi\/kuopio\/","name":"Kuopion J\u00e4rvipelastajat - Kuopion J\u00e4rvipelastajat","isPartOf":{"@id":"https:\/\/meripelastus.fi\/kuopio\/#website"},"primaryImageOfPage":{"@id":"https:\/\/meripelastus.fi\/kuopio\/#primaryimage"},"image":{"@id":"https:\/\/meripelastus.fi\/kuopio\/#primaryimage"},"thumbnailUrl":"https:\/\/meripelastus.fi\/kuopio\/wp-content\/uploads\/sites\/18\/2023\/03\/IMG_3545.jpg","datePublished":"2018-03-19T07:15:43+00:00","dateModified":"2026-03-18T12:43:18+00:00","description":"Vapaaehtoisetapunasi vesill\u00e4! Olemme meri- ja j\u00e4rvipelastusyhdistysten keskusj\u00e4rjest\u00f6n Suomen Meripelastusseuran j\u00e4senyhdistys. Toimintamme perustuu vapaaehtoisuuteen ja p\u00e4\u00e4teht\u00e4v\u00e4mme on auttaa vesill\u00e4 h\u00e4t\u00e4\u00e4n joutuneita. Lis\u00e4ksi edist\u00e4mme toiminnallamme yleist\u00e4 veneilyturvallisuutta.","breadcrumb":{"@id":"https:\/\/meripelastus.fi\/kuopio\/#breadcrumb"},"inLanguage":"fi","potentialAction":[{"@type":"ReadAction","target":["https:\/\/meripelastus.fi\/kuopio\/"]}]},{"@type":"ImageObject","inLanguage":"fi","@id":"https:\/\/meripelastus.fi\/kuopio\/#primaryimage","url":"https:\/\/meripelastus.fi\/kuopio\/wp-content\/uploads\/sites\/18\/2023\/03\/IMG_3545.jpg","contentUrl":"https:\/\/meripelastus.fi\/kuopio\/wp-content\/uploads\/sites\/18\/2023\/03\/IMG_3545.jpg","width":2048,"height":1536},{"@type":"BreadcrumbList","@id":"https:\/\/meripelastus.fi\/kuopio\/#breadcrumb","itemListElement":[{"@type":"ListItem","position":1,"name":"Etusivu","item":"https:\/\/meripelastus.fi\/kuopio\/"},{"@type":"ListItem","position":2,"name":"Kuopion J\u00e4rvipelastajat"}]},{"@type":"WebSite","@id":"https:\/\/meripelastus.fi\/kuopio\/#website","url":"https:\/\/meripelastus.fi\/kuopio\/","name":"Kuopion J\u00e4rvipelastajat","description":"Vapaaehtoiset apunasi vesill\u00e4","potentialAction":[{"@type":"SearchAction","target":{"@type":"EntryPoint","urlTemplate":"https:\/\/meripelastus.fi\/kuopio\/?s={search_term_string}"},"query-input":{"@type":"PropertyValueSpecification","valueRequired":true,"valueName":"search_term_string"}}],"inLanguage":"fi"}]}},"_links":{"self":[{"href":"https:\/\/meripelastus.fi\/kuopio\/wp-json\/wp\/v2\/pages\/4","targetHints":{"allow":["GET"]}}],"collection":[{"href":"https:\/\/meripelastus.fi\/kuopio\/wp-json\/wp\/v2\/pages"}],"about":[{"href":"https:\/\/meripelastus.fi\/kuopio\/wp-json\/wp\/v2\/types\/page"}],"author":[{"embeddable":true,"href":"https:\/\/meripelastus.fi\/kuopio\/wp-json\/wp\/v2\/users\/1"}],"replies":[{"embeddable":true,"href":"https:\/\/meripelastus.fi\/kuopio\/wp-json\/wp\/v2\/comments?post=4"}],"version-history":[{"count":45,"href":"https:\/\/meripelastus.fi\/kuopio\/wp-json\/wp\/v2\/pages\/4\/revisions"}],"predecessor-version":[{"id":725,"href":"https:\/\/meripelastus.fi\/kuopio\/wp-json\/wp\/v2\/pages\/4\/revisions\/725"}],"wp:featuredmedia":[{"embeddable":true,"href":"https:\/\/meripelastus.fi\/kuopio\/wp-json\/wp\/v2\/media\/469"}],"wp:attachment":[{"href":"https:\/\/meripelastus.fi\/kuopio\/wp-json\/wp\/v2\/media?parent=4"}],"curies":[{"name":"wp","href":"https:\/\/api.w.org\/{rel}","templated":true}]}}