{"id":282,"date":"2019-03-05T07:57:55","date_gmt":"2019-03-05T05:57:55","guid":{"rendered":"https:\/\/meripelastus.fi\/kuopio-vedos\/?page_id=282"},"modified":"2026-02-17T16:03:03","modified_gmt":"2026-02-17T14:03:03","slug":"tukijat","status":"publish","type":"page","link":"https:\/\/meripelastus.fi\/kuopio\/kuopion-jarvipelastajat\/tukijat\/","title":{"rendered":"Tukijat"},"content":{"rendered":"<div class=\"title\">\n<h2>Yhteisty\u00f6kumppanimme<\/h2>\n<\/div>\n<h3>Toimintaamme tukevat merkitt\u00e4v\u00e4sti:<\/h3>\n<p><img loading=\"lazy\" decoding=\"async\" class=\"alignnone wp-image-429 size-full\" src=\"https:\/\/meripelastus.fi\/kuopio\/wp-content\/uploads\/sites\/18\/2021\/04\/Saastamoinen-logo.jpg\" alt=\"\" width=\"547\" height=\"218\" srcset=\"https:\/\/meripelastus.fi\/kuopio\/wp-content\/uploads\/sites\/18\/2021\/04\/Saastamoinen-logo.jpg 547w, https:\/\/meripelastus.fi\/kuopio\/wp-content\/uploads\/sites\/18\/2021\/04\/Saastamoinen-logo-300x120.jpg 300w\" sizes=\"auto, (max-width: 547px) 100vw, 547px\" \/><\/p>\n<h3><img loading=\"lazy\" decoding=\"async\" class=\"alignnone  wp-image-430\" style=\"font-family: 'Noto Serif', serif;font-size: 17.6px\" src=\"https:\/\/meripelastus.fi\/kuopio\/wp-content\/uploads\/sites\/18\/2021\/04\/thumbnail_OP_Pohjois-Savo_4v_oikea-1024x214.jpg\" alt=\"\" width=\"676\" height=\"142\" srcset=\"https:\/\/meripelastus.fi\/kuopio\/wp-content\/uploads\/sites\/18\/2021\/04\/thumbnail_OP_Pohjois-Savo_4v_oikea-1024x214.jpg 1024w, https:\/\/meripelastus.fi\/kuopio\/wp-content\/uploads\/sites\/18\/2021\/04\/thumbnail_OP_Pohjois-Savo_4v_oikea-300x63.jpg 300w, https:\/\/meripelastus.fi\/kuopio\/wp-content\/uploads\/sites\/18\/2021\/04\/thumbnail_OP_Pohjois-Savo_4v_oikea-768x160.jpg 768w, https:\/\/meripelastus.fi\/kuopio\/wp-content\/uploads\/sites\/18\/2021\/04\/thumbnail_OP_Pohjois-Savo_4v_oikea.jpg 1093w\" sizes=\"auto, (max-width: 676px) 100vw, 676px\" \/><\/h3>\n<h3><img loading=\"lazy\" decoding=\"async\" class=\"alignnone size-medium wp-image-718\" src=\"https:\/\/meripelastus.fi\/kuopio\/wp-content\/uploads\/sites\/18\/2026\/02\/thumbnail_kone-ja-tarvike-mika-leppanen-logo-300x73.png\" alt=\"\" width=\"300\" height=\"73\" srcset=\"https:\/\/meripelastus.fi\/kuopio\/wp-content\/uploads\/sites\/18\/2026\/02\/thumbnail_kone-ja-tarvike-mika-leppanen-logo-300x73.png 300w, https:\/\/meripelastus.fi\/kuopio\/wp-content\/uploads\/sites\/18\/2026\/02\/thumbnail_kone-ja-tarvike-mika-leppanen-logo-1024x250.png 1024w, https:\/\/meripelastus.fi\/kuopio\/wp-content\/uploads\/sites\/18\/2026\/02\/thumbnail_kone-ja-tarvike-mika-leppanen-logo-768x188.png 768w, https:\/\/meripelastus.fi\/kuopio\/wp-content\/uploads\/sites\/18\/2026\/02\/thumbnail_kone-ja-tarvike-mika-leppanen-logo-1536x376.png 1536w, https:\/\/meripelastus.fi\/kuopio\/wp-content\/uploads\/sites\/18\/2026\/02\/thumbnail_kone-ja-tarvike-mika-leppanen-logo-2048x501.png 2048w\" sizes=\"auto, (max-width: 300px) 100vw, 300px\" \/><\/h3>\n<h3>Lis\u00e4ksi yhteisty\u00f6ss\u00e4:<\/h3>\n<h3><img loading=\"lazy\" decoding=\"async\" class=\"alignnone  wp-image-431\" src=\"https:\/\/meripelastus.fi\/kuopio\/wp-content\/uploads\/sites\/18\/2021\/04\/PSS-logo.jpg\" alt=\"\" width=\"321\" height=\"315\" srcset=\"https:\/\/meripelastus.fi\/kuopio\/wp-content\/uploads\/sites\/18\/2021\/04\/PSS-logo.jpg 699w, https:\/\/meripelastus.fi\/kuopio\/wp-content\/uploads\/sites\/18\/2021\/04\/PSS-logo-300x295.jpg 300w\" sizes=\"auto, (max-width: 321px) 100vw, 321px\" \/><\/h3>\n<h3><img loading=\"lazy\" decoding=\"async\" class=\"\" src=\"https:\/\/brandiportaali.fi\/app\/uploads\/sites\/8\/2022\/03\/kuopio_brandimanuaali_www_kuvat_2022_12-scaled.jpg\" alt=\"kuopio_brandimanuaali_www_kuvat_2022_12-scaled\" width=\"549\" height=\"309\" \/><\/h3>\n<h3><\/h3>\n<h3>Yhteis\u00f6j\u00e4seni\u00e4mme ovat<\/h3>\n<p><a href=\"http:\/\/www.dataprisma.fi\/\">Data Prisma Oy<\/a><\/p>\n<p><a class=\"readon\" href=\"http:\/\/turpatalli.net\/\" target=\"_blank\" rel=\"noopener noreferrer\">Esiintyj\u00e4v\u00e4litys Turpatalli Oy<\/a><\/p>\n<p><a class=\"readon\" href=\"http:\/\/www.kuopionautokauppa.fi\/\" target=\"_blank\" rel=\"noopener noreferrer\">Kuopion Autokauppa Oy<\/a><\/p>\n<p><a href=\"https:\/\/www.kuopionkumi.fi\/\">Kuopion Kumi Oy<\/a><\/p>\n<p><a class=\"readon\" href=\"http:\/\/www.nostokonepalvelu.fi\/\" target=\"_blank\" rel=\"noopener noreferrer\">Kuopion Nostokonepalvelu Oy<\/a><\/p>\n<p><a class=\"readon\" href=\"http:\/\/www.kuopionpursiseura.fi\/\" target=\"_blank\" rel=\"noopener noreferrer\">Kuopion Pursiseura ry<\/a><\/p>\n<p><a class=\"readon\" href=\"http:\/\/cafesatama.fi\/\" target=\"_blank\" rel=\"noopener noreferrer\">MJK Palvelut Kuopio Oy \/ Cafe Satama<\/a><\/p>\n<p><a class=\"readon\" href=\"http:\/\/www.roll.fi\/\" target=\"_blank\" rel=\"noopener noreferrer\">Roll Risteilyt<\/a><\/p>\n<p><a class=\"readon\" href=\"http:\/\/www.savonpalokalusto.com\/\" target=\"_blank\" rel=\"noopener noreferrer\">Savon Palokalusto\u00a0<\/a><\/p>\n<p><a class=\"readon\" href=\"http:\/\/www.va-varuste.fi\/\" target=\"_blank\" rel=\"noopener noreferrer\">VA-Varuste<\/a><\/p>\n<p>Vapaaehtoista avustus- ja pelastustoimintaamme voi tukea tekem\u00e4ll\u00e4 lahjoituksen tilillemme:<\/p>\n<p>Kuopion J\u00e4rvipelastajat ry<br \/>\nTilinro: Osuuspankki FI31 5609 1840 0517 77<\/p>\n<p><strong>Voitte ottaa avustus- ja tukiasioissa yhteytt\u00e4 meihin. Yhteystiedot- osiossa lis\u00e4tietoja!<\/strong><\/p>\n","protected":false},"excerpt":{"rendered":"<p>Yhteisty\u00f6kumppanimme Toimintaamme tukevat merkitt\u00e4v\u00e4sti: Lis\u00e4ksi yhteisty\u00f6ss\u00e4: Yhteis\u00f6j\u00e4seni\u00e4mme ovat Data Prisma Oy Esiintyj\u00e4v\u00e4litys Turpatalli Oy Kuopion Autokauppa Oy Kuopion Kumi Oy Kuopion Nostokonepalvelu Oy Kuopion Pursiseura ry MJK Palvelut Kuopio Oy \/ Cafe Satama Roll Risteilyt Savon Palokalusto\u00a0 VA-Varuste Vapaaehtoista avustus- ja pelastustoimintaamme voi tukea tekem\u00e4ll\u00e4 lahjoituksen tilillemme: Kuopion J\u00e4rvipelastajat ry Tilinro: Osuuspankki FI31 5609 1840 [&hellip;]<\/p>\n","protected":false},"author":35,"featured_media":0,"parent":6,"menu_order":0,"comment_status":"closed","ping_status":"closed","template":"","meta":{"_acf_changed":false,"inline_featured_image":false,"footnotes":""},"class_list":["post-282","page","type-page","status-publish","hentry"],"acf":[],"yoast_head":"<!-- This site is optimized with the Yoast SEO Premium plugin v27.4 (Yoast SEO v27.4) - https:\/\/yoast.com\/product\/yoast-seo-premium-wordpress\/ -->\n<title>Tukijat - Kuopion J\u00e4rvipelastajat<\/title>\n<meta name=\"description\" content=\"Yhteisty\u00f6kumppanimme. Toimintaamme tukevat merkitt\u00e4v\u00e4sti.\" \/>\n<meta name=\"robots\" content=\"index, follow, max-snippet:-1, max-image-preview:large, max-video-preview:-1\" \/>\n<link rel=\"canonical\" href=\"https:\/\/meripelastus.fi\/kuopio\/kuopion-jarvipelastajat\/tukijat\/\" \/>\n<meta property=\"og:locale\" content=\"fi_FI\" \/>\n<meta property=\"og:type\" content=\"article\" \/>\n<meta property=\"og:title\" content=\"Tukijat\" \/>\n<meta property=\"og:description\" content=\"Yhteisty\u00f6kumppanimme. Toimintaamme tukevat merkitt\u00e4v\u00e4sti.\" \/>\n<meta property=\"og:url\" content=\"https:\/\/meripelastus.fi\/kuopio\/kuopion-jarvipelastajat\/tukijat\/\" \/>\n<meta property=\"og:site_name\" content=\"Kuopion J\u00e4rvipelastajat\" \/>\n<meta property=\"article:modified_time\" content=\"2026-02-17T14:03:03+00:00\" \/>\n<meta property=\"og:image\" content=\"https:\/\/meripelastus.fi\/kuopio\/wp-content\/uploads\/sites\/18\/2021\/04\/Saastamoinen-logo.jpg\" \/>\n\t<meta property=\"og:image:width\" content=\"547\" \/>\n\t<meta property=\"og:image:height\" content=\"218\" \/>\n\t<meta property=\"og:image:type\" content=\"image\/jpeg\" \/>\n<meta name=\"twitter:card\" content=\"summary_large_image\" \/>\n<meta name=\"twitter:label1\" content=\"Arvioitu lukuaika\" \/>\n\t<meta name=\"twitter:data1\" content=\"2 minuuttia\" \/>\n<script type=\"application\/ld+json\" class=\"yoast-schema-graph\">{\"@context\":\"https:\\\/\\\/schema.org\",\"@graph\":[{\"@type\":\"WebPage\",\"@id\":\"https:\\\/\\\/meripelastus.fi\\\/kuopio\\\/kuopion-jarvipelastajat\\\/tukijat\\\/\",\"url\":\"https:\\\/\\\/meripelastus.fi\\\/kuopio\\\/kuopion-jarvipelastajat\\\/tukijat\\\/\",\"name\":\"Tukijat - Kuopion J\u00e4rvipelastajat\",\"isPartOf\":{\"@id\":\"https:\\\/\\\/meripelastus.fi\\\/kuopio\\\/#website\"},\"primaryImageOfPage\":{\"@id\":\"https:\\\/\\\/meripelastus.fi\\\/kuopio\\\/kuopion-jarvipelastajat\\\/tukijat\\\/#primaryimage\"},\"image\":{\"@id\":\"https:\\\/\\\/meripelastus.fi\\\/kuopio\\\/kuopion-jarvipelastajat\\\/tukijat\\\/#primaryimage\"},\"thumbnailUrl\":\"https:\\\/\\\/meripelastus.fi\\\/kuopio\\\/wp-content\\\/uploads\\\/sites\\\/18\\\/2021\\\/04\\\/Saastamoinen-logo.jpg\",\"datePublished\":\"2019-03-05T05:57:55+00:00\",\"dateModified\":\"2026-02-17T14:03:03+00:00\",\"description\":\"Yhteisty\u00f6kumppanimme. Toimintaamme tukevat merkitt\u00e4v\u00e4sti.\",\"breadcrumb\":{\"@id\":\"https:\\\/\\\/meripelastus.fi\\\/kuopio\\\/kuopion-jarvipelastajat\\\/tukijat\\\/#breadcrumb\"},\"inLanguage\":\"fi\",\"potentialAction\":[{\"@type\":\"ReadAction\",\"target\":[\"https:\\\/\\\/meripelastus.fi\\\/kuopio\\\/kuopion-jarvipelastajat\\\/tukijat\\\/\"]}]},{\"@type\":\"ImageObject\",\"inLanguage\":\"fi\",\"@id\":\"https:\\\/\\\/meripelastus.fi\\\/kuopio\\\/kuopion-jarvipelastajat\\\/tukijat\\\/#primaryimage\",\"url\":\"https:\\\/\\\/meripelastus.fi\\\/kuopio\\\/wp-content\\\/uploads\\\/sites\\\/18\\\/2021\\\/04\\\/Saastamoinen-logo.jpg\",\"contentUrl\":\"https:\\\/\\\/meripelastus.fi\\\/kuopio\\\/wp-content\\\/uploads\\\/sites\\\/18\\\/2021\\\/04\\\/Saastamoinen-logo.jpg\",\"width\":547,\"height\":218},{\"@type\":\"BreadcrumbList\",\"@id\":\"https:\\\/\\\/meripelastus.fi\\\/kuopio\\\/kuopion-jarvipelastajat\\\/tukijat\\\/#breadcrumb\",\"itemListElement\":[{\"@type\":\"ListItem\",\"position\":1,\"name\":\"Etusivu\",\"item\":\"https:\\\/\\\/meripelastus.fi\\\/kuopio\\\/\"},{\"@type\":\"ListItem\",\"position\":2,\"name\":\"Kuopion J\u00e4rvipelastajat\",\"item\":\"https:\\\/\\\/meripelastus.fi\\\/kuopio\\\/kuopion-jarvipelastajat\\\/\"},{\"@type\":\"ListItem\",\"position\":3,\"name\":\"Tukijat\"}]},{\"@type\":\"WebSite\",\"@id\":\"https:\\\/\\\/meripelastus.fi\\\/kuopio\\\/#website\",\"url\":\"https:\\\/\\\/meripelastus.fi\\\/kuopio\\\/\",\"name\":\"Kuopion J\u00e4rvipelastajat\",\"description\":\"Vapaaehtoiset apunasi vesill\u00e4\",\"potentialAction\":[{\"@type\":\"SearchAction\",\"target\":{\"@type\":\"EntryPoint\",\"urlTemplate\":\"https:\\\/\\\/meripelastus.fi\\\/kuopio\\\/?s={search_term_string}\"},\"query-input\":{\"@type\":\"PropertyValueSpecification\",\"valueRequired\":true,\"valueName\":\"search_term_string\"}}],\"inLanguage\":\"fi\"}]}<\/script>\n<!-- \/ Yoast SEO Premium plugin. -->","yoast_head_json":{"title":"Tukijat - Kuopion J\u00e4rvipelastajat","description":"Yhteisty\u00f6kumppanimme. Toimintaamme tukevat merkitt\u00e4v\u00e4sti.","robots":{"index":"index","follow":"follow","max-snippet":"max-snippet:-1","max-image-preview":"max-image-preview:large","max-video-preview":"max-video-preview:-1"},"canonical":"https:\/\/meripelastus.fi\/kuopio\/kuopion-jarvipelastajat\/tukijat\/","og_locale":"fi_FI","og_type":"article","og_title":"Tukijat","og_description":"Yhteisty\u00f6kumppanimme. Toimintaamme tukevat merkitt\u00e4v\u00e4sti.","og_url":"https:\/\/meripelastus.fi\/kuopio\/kuopion-jarvipelastajat\/tukijat\/","og_site_name":"Kuopion J\u00e4rvipelastajat","article_modified_time":"2026-02-17T14:03:03+00:00","og_image":[{"width":547,"height":218,"url":"https:\/\/meripelastus.fi\/kuopio\/wp-content\/uploads\/sites\/18\/2021\/04\/Saastamoinen-logo.jpg","type":"image\/jpeg"}],"twitter_card":"summary_large_image","twitter_misc":{"Arvioitu lukuaika":"2 minuuttia"},"schema":{"@context":"https:\/\/schema.org","@graph":[{"@type":"WebPage","@id":"https:\/\/meripelastus.fi\/kuopio\/kuopion-jarvipelastajat\/tukijat\/","url":"https:\/\/meripelastus.fi\/kuopio\/kuopion-jarvipelastajat\/tukijat\/","name":"Tukijat - Kuopion J\u00e4rvipelastajat","isPartOf":{"@id":"https:\/\/meripelastus.fi\/kuopio\/#website"},"primaryImageOfPage":{"@id":"https:\/\/meripelastus.fi\/kuopio\/kuopion-jarvipelastajat\/tukijat\/#primaryimage"},"image":{"@id":"https:\/\/meripelastus.fi\/kuopio\/kuopion-jarvipelastajat\/tukijat\/#primaryimage"},"thumbnailUrl":"https:\/\/meripelastus.fi\/kuopio\/wp-content\/uploads\/sites\/18\/2021\/04\/Saastamoinen-logo.jpg","datePublished":"2019-03-05T05:57:55+00:00","dateModified":"2026-02-17T14:03:03+00:00","description":"Yhteisty\u00f6kumppanimme. Toimintaamme tukevat merkitt\u00e4v\u00e4sti.","breadcrumb":{"@id":"https:\/\/meripelastus.fi\/kuopio\/kuopion-jarvipelastajat\/tukijat\/#breadcrumb"},"inLanguage":"fi","potentialAction":[{"@type":"ReadAction","target":["https:\/\/meripelastus.fi\/kuopio\/kuopion-jarvipelastajat\/tukijat\/"]}]},{"@type":"ImageObject","inLanguage":"fi","@id":"https:\/\/meripelastus.fi\/kuopio\/kuopion-jarvipelastajat\/tukijat\/#primaryimage","url":"https:\/\/meripelastus.fi\/kuopio\/wp-content\/uploads\/sites\/18\/2021\/04\/Saastamoinen-logo.jpg","contentUrl":"https:\/\/meripelastus.fi\/kuopio\/wp-content\/uploads\/sites\/18\/2021\/04\/Saastamoinen-logo.jpg","width":547,"height":218},{"@type":"BreadcrumbList","@id":"https:\/\/meripelastus.fi\/kuopio\/kuopion-jarvipelastajat\/tukijat\/#breadcrumb","itemListElement":[{"@type":"ListItem","position":1,"name":"Etusivu","item":"https:\/\/meripelastus.fi\/kuopio\/"},{"@type":"ListItem","position":2,"name":"Kuopion J\u00e4rvipelastajat","item":"https:\/\/meripelastus.fi\/kuopio\/kuopion-jarvipelastajat\/"},{"@type":"ListItem","position":3,"name":"Tukijat"}]},{"@type":"WebSite","@id":"https:\/\/meripelastus.fi\/kuopio\/#website","url":"https:\/\/meripelastus.fi\/kuopio\/","name":"Kuopion J\u00e4rvipelastajat","description":"Vapaaehtoiset apunasi vesill\u00e4","potentialAction":[{"@type":"SearchAction","target":{"@type":"EntryPoint","urlTemplate":"https:\/\/meripelastus.fi\/kuopio\/?s={search_term_string}"},"query-input":{"@type":"PropertyValueSpecification","valueRequired":true,"valueName":"search_term_string"}}],"inLanguage":"fi"}]}},"_links":{"self":[{"href":"https:\/\/meripelastus.fi\/kuopio\/wp-json\/wp\/v2\/pages\/282","targetHints":{"allow":["GET"]}}],"collection":[{"href":"https:\/\/meripelastus.fi\/kuopio\/wp-json\/wp\/v2\/pages"}],"about":[{"href":"https:\/\/meripelastus.fi\/kuopio\/wp-json\/wp\/v2\/types\/page"}],"author":[{"embeddable":true,"href":"https:\/\/meripelastus.fi\/kuopio\/wp-json\/wp\/v2\/users\/35"}],"replies":[{"embeddable":true,"href":"https:\/\/meripelastus.fi\/kuopio\/wp-json\/wp\/v2\/comments?post=282"}],"version-history":[{"count":13,"href":"https:\/\/meripelastus.fi\/kuopio\/wp-json\/wp\/v2\/pages\/282\/revisions"}],"predecessor-version":[{"id":719,"href":"https:\/\/meripelastus.fi\/kuopio\/wp-json\/wp\/v2\/pages\/282\/revisions\/719"}],"up":[{"embeddable":true,"href":"https:\/\/meripelastus.fi\/kuopio\/wp-json\/wp\/v2\/pages\/6"}],"wp:attachment":[{"href":"https:\/\/meripelastus.fi\/kuopio\/wp-json\/wp\/v2\/media?parent=282"}],"curies":[{"name":"wp","href":"https:\/\/api.w.org\/{rel}","templated":true}]}}