{"id":28,"date":"2018-03-19T09:19:27","date_gmt":"2018-03-19T07:19:27","guid":{"rendered":"http:\/\/basetemplate.smpsyhdistykset.16.testivedos.com\/?page_id=28"},"modified":"2026-02-16T17:59:18","modified_gmt":"2026-02-16T15:59:18","slug":"miehisto","status":"publish","type":"page","link":"https:\/\/meripelastus.fi\/kuopio\/toiminta\/miehisto\/","title":{"rendered":"Miehist\u00f6"},"content":{"rendered":"<div class=\"title\">\n<p>Miehist\u00f6mme suorittama p\u00e4ivystys-, pelastus- ja avustustoiminta perustuu t\u00e4ysin vapaaehtoisuuteen. Miehist\u00f6mme on sitoutunut auttamaan veneilij\u00f6it\u00e4 ja muita vesill\u00e4 liikkujia koko avovesikauden ajan.<\/p>\n<\/div>\n<h3><a href=\"https:\/\/meripelastus.fi\/kuopio\/kuopion-jarvipelastajat\/liity-jaseneksi\/\">Mukaan miehist\u00f6\u00f6n? &#8211; Liity j\u00e4seneksi t\u00e4st\u00e4.<\/a><\/h3>\n<div class=\"title\">\n<h2>Tarjoamme laadukasta koulutusta<\/h2>\n<\/div>\n<p>Suomen Meripelastusseuran koulutusj\u00e4rjestelm\u00e4 takaa kaikille vapaaehtoisille meripelastajille yhdenmukaisen ja tasokkaan osaamisen toimia vesill\u00e4 avustus- ja pelastusteht\u00e4viss\u00e4. P\u00e4\u00e4m\u00e4\u00e4rin\u00e4 ovat p\u00e4ivyst\u00e4jien tietotaidon yll\u00e4pit\u00e4minen ja edelleen kehitt\u00e4minen sek\u00e4 uusien p\u00e4ivyst\u00e4jien kouluttaminen kansimiehist\u00e4 aina p\u00e4\u00e4llik\u00f6iksi asti.<\/p>\n<p>SMPS Kuopion J\u00e4rvipelastajat ry noudattaa Meripelastusseuran koulutusj\u00e4rjestelm\u00e4\u00e4 tarjoten\u00a0nousujohteista sek\u00e4 laadukasta koulutusta, jossa riitt\u00e4\u00e4 opittavaa vuosiksi eteenp\u00e4in. Laajat opiskelumahdollisuudet ja SMPS:n kurssitarjonta avaavat v\u00e4yl\u00e4n jopa kouluttautua pelastusaluksen p\u00e4\u00e4llik\u00f6ksi. Koulutuksemme my\u00f6t\u00e4 opit liikkumaan vesill\u00e4 turvallisesti, hallitset navigoinnin ja ensiaputaidot,\u00a0 osaat tehd\u00e4 ja avata solmut sek\u00e4 nautit hyv\u00e4st\u00e4 yhteishengest\u00e4 ja mukavista hetkist\u00e4.<\/p>\n<p>\u00a0<\/p>\n\n\n<figure class=\"wp-block-image size-large is-resized\"><img loading=\"lazy\" decoding=\"async\" width=\"1536\" height=\"1536\" src=\"https:\/\/meripelastus.fi\/kuopio\/wp-content\/uploads\/sites\/18\/2026\/02\/IMG_3861-edited.jpeg\" alt=\"\" class=\"wp-image-710\" style=\"width:753px;height:auto\" srcset=\"https:\/\/meripelastus.fi\/kuopio\/wp-content\/uploads\/sites\/18\/2026\/02\/IMG_3861-edited.jpeg 1536w, https:\/\/meripelastus.fi\/kuopio\/wp-content\/uploads\/sites\/18\/2026\/02\/IMG_3861-edited-300x300.jpeg 300w, https:\/\/meripelastus.fi\/kuopio\/wp-content\/uploads\/sites\/18\/2026\/02\/IMG_3861-edited-1024x1024.jpeg 1024w, https:\/\/meripelastus.fi\/kuopio\/wp-content\/uploads\/sites\/18\/2026\/02\/IMG_3861-edited-150x150.jpeg 150w, https:\/\/meripelastus.fi\/kuopio\/wp-content\/uploads\/sites\/18\/2026\/02\/IMG_3861-edited-768x768.jpeg 768w, https:\/\/meripelastus.fi\/kuopio\/wp-content\/uploads\/sites\/18\/2026\/02\/IMG_3861-edited-160x160.jpeg 160w\" sizes=\"auto, (max-width: 1536px) 100vw, 1536px\" \/><\/figure>\n\n\n\n<figure class=\"wp-block-image size-large is-resized\"><img loading=\"lazy\" decoding=\"async\" width=\"1536\" height=\"1536\" src=\"https:\/\/meripelastus.fi\/kuopio\/wp-content\/uploads\/sites\/18\/2026\/02\/IMG_8900-edited.jpeg\" alt=\"\" class=\"wp-image-714\" style=\"width:752px;height:auto\" srcset=\"https:\/\/meripelastus.fi\/kuopio\/wp-content\/uploads\/sites\/18\/2026\/02\/IMG_8900-edited.jpeg 1536w, https:\/\/meripelastus.fi\/kuopio\/wp-content\/uploads\/sites\/18\/2026\/02\/IMG_8900-edited-300x300.jpeg 300w, https:\/\/meripelastus.fi\/kuopio\/wp-content\/uploads\/sites\/18\/2026\/02\/IMG_8900-edited-1024x1024.jpeg 1024w, https:\/\/meripelastus.fi\/kuopio\/wp-content\/uploads\/sites\/18\/2026\/02\/IMG_8900-edited-150x150.jpeg 150w, https:\/\/meripelastus.fi\/kuopio\/wp-content\/uploads\/sites\/18\/2026\/02\/IMG_8900-edited-768x768.jpeg 768w, https:\/\/meripelastus.fi\/kuopio\/wp-content\/uploads\/sites\/18\/2026\/02\/IMG_8900-edited-160x160.jpeg 160w\" sizes=\"auto, (max-width: 1536px) 100vw, 1536px\" \/><\/figure>\n","protected":false},"excerpt":{"rendered":"<p>Miehist\u00f6mme suorittama p\u00e4ivystys-, pelastus- ja avustustoiminta perustuu t\u00e4ysin vapaaehtoisuuteen. Miehist\u00f6mme on sitoutunut auttamaan veneilij\u00f6it\u00e4 ja muita vesill\u00e4 liikkujia koko avovesikauden ajan. Mukaan miehist\u00f6\u00f6n? &#8211; Liity j\u00e4seneksi t\u00e4st\u00e4. Tarjoamme laadukasta koulutusta Suomen Meripelastusseuran koulutusj\u00e4rjestelm\u00e4 takaa kaikille vapaaehtoisille meripelastajille yhdenmukaisen ja tasokkaan osaamisen toimia vesill\u00e4 avustus- ja pelastusteht\u00e4viss\u00e4. P\u00e4\u00e4m\u00e4\u00e4rin\u00e4 ovat p\u00e4ivyst\u00e4jien tietotaidon yll\u00e4pit\u00e4minen ja edelleen kehitt\u00e4minen sek\u00e4 [&hellip;]<\/p>\n","protected":false},"author":1,"featured_media":0,"parent":20,"menu_order":0,"comment_status":"closed","ping_status":"closed","template":"","meta":{"_acf_changed":false,"inline_featured_image":false,"footnotes":""},"class_list":["post-28","page","type-page","status-publish","hentry"],"acf":[],"yoast_head":"<!-- This site is optimized with the Yoast SEO Premium plugin v27.2 (Yoast SEO v27.2) - https:\/\/yoast.com\/product\/yoast-seo-premium-wordpress\/ -->\n<title>Miehist\u00f6 - Kuopion J\u00e4rvipelastajat<\/title>\n<meta name=\"robots\" content=\"index, follow, max-snippet:-1, max-image-preview:large, max-video-preview:-1\" \/>\n<link rel=\"canonical\" href=\"https:\/\/meripelastus.fi\/kuopio\/toiminta\/miehisto\/\" \/>\n<meta property=\"og:locale\" content=\"fi_FI\" \/>\n<meta property=\"og:type\" content=\"article\" \/>\n<meta property=\"og:title\" content=\"Miehist\u00f6\" \/>\n<meta property=\"og:description\" content=\"Miehist\u00f6mme suorittama p\u00e4ivystys-, pelastus- ja avustustoiminta perustuu t\u00e4ysin vapaaehtoisuuteen. Miehist\u00f6mme on sitoutunut auttamaan veneilij\u00f6it\u00e4 ja muita vesill\u00e4 liikkujia koko avovesikauden ajan. Mukaan miehist\u00f6\u00f6n? &#8211; Liity j\u00e4seneksi t\u00e4st\u00e4. Tarjoamme laadukasta koulutusta Suomen Meripelastusseuran koulutusj\u00e4rjestelm\u00e4 takaa kaikille vapaaehtoisille meripelastajille yhdenmukaisen ja tasokkaan osaamisen toimia vesill\u00e4 avustus- ja pelastusteht\u00e4viss\u00e4. P\u00e4\u00e4m\u00e4\u00e4rin\u00e4 ovat p\u00e4ivyst\u00e4jien tietotaidon yll\u00e4pit\u00e4minen ja edelleen kehitt\u00e4minen sek\u00e4 [&hellip;]\" \/>\n<meta property=\"og:url\" content=\"https:\/\/meripelastus.fi\/kuopio\/toiminta\/miehisto\/\" \/>\n<meta property=\"og:site_name\" content=\"Kuopion J\u00e4rvipelastajat\" \/>\n<meta property=\"article:modified_time\" content=\"2026-02-16T15:59:18+00:00\" \/>\n<meta property=\"og:image\" content=\"https:\/\/meripelastus.fi\/kuopio\/wp-content\/uploads\/sites\/18\/2026\/02\/IMG_3861-edited.jpeg\" \/>\n\t<meta property=\"og:image:width\" content=\"1536\" \/>\n\t<meta property=\"og:image:height\" content=\"1536\" \/>\n\t<meta property=\"og:image:type\" content=\"image\/jpeg\" \/>\n<meta name=\"twitter:card\" content=\"summary_large_image\" \/>\n<meta name=\"twitter:label1\" content=\"Arvioitu lukuaika\" \/>\n\t<meta name=\"twitter:data1\" content=\"2 minuuttia\" \/>\n<script type=\"application\/ld+json\" class=\"yoast-schema-graph\">{\"@context\":\"https:\/\/schema.org\",\"@graph\":[{\"@type\":\"WebPage\",\"@id\":\"https:\/\/meripelastus.fi\/kuopio\/toiminta\/miehisto\/\",\"url\":\"https:\/\/meripelastus.fi\/kuopio\/toiminta\/miehisto\/\",\"name\":\"Miehist\u00f6 - Kuopion J\u00e4rvipelastajat\",\"isPartOf\":{\"@id\":\"https:\/\/meripelastus.fi\/kuopio\/#website\"},\"primaryImageOfPage\":{\"@id\":\"https:\/\/meripelastus.fi\/kuopio\/toiminta\/miehisto\/#primaryimage\"},\"image\":{\"@id\":\"https:\/\/meripelastus.fi\/kuopio\/toiminta\/miehisto\/#primaryimage\"},\"thumbnailUrl\":\"https:\/\/meripelastus.fi\/kuopio\/wp-content\/uploads\/sites\/18\/2026\/02\/IMG_3861-edited.jpeg\",\"datePublished\":\"2018-03-19T07:19:27+00:00\",\"dateModified\":\"2026-02-16T15:59:18+00:00\",\"breadcrumb\":{\"@id\":\"https:\/\/meripelastus.fi\/kuopio\/toiminta\/miehisto\/#breadcrumb\"},\"inLanguage\":\"fi\",\"potentialAction\":[{\"@type\":\"ReadAction\",\"target\":[\"https:\/\/meripelastus.fi\/kuopio\/toiminta\/miehisto\/\"]}]},{\"@type\":\"ImageObject\",\"inLanguage\":\"fi\",\"@id\":\"https:\/\/meripelastus.fi\/kuopio\/toiminta\/miehisto\/#primaryimage\",\"url\":\"https:\/\/meripelastus.fi\/kuopio\/wp-content\/uploads\/sites\/18\/2026\/02\/IMG_3861-edited.jpeg\",\"contentUrl\":\"https:\/\/meripelastus.fi\/kuopio\/wp-content\/uploads\/sites\/18\/2026\/02\/IMG_3861-edited.jpeg\",\"width\":1536,\"height\":1536},{\"@type\":\"BreadcrumbList\",\"@id\":\"https:\/\/meripelastus.fi\/kuopio\/toiminta\/miehisto\/#breadcrumb\",\"itemListElement\":[{\"@type\":\"ListItem\",\"position\":1,\"name\":\"Etusivu\",\"item\":\"https:\/\/meripelastus.fi\/kuopio\/\"},{\"@type\":\"ListItem\",\"position\":2,\"name\":\"Toiminta\",\"item\":\"https:\/\/meripelastus.fi\/kuopio\/toiminta\/\"},{\"@type\":\"ListItem\",\"position\":3,\"name\":\"Miehist\u00f6\"}]},{\"@type\":\"WebSite\",\"@id\":\"https:\/\/meripelastus.fi\/kuopio\/#website\",\"url\":\"https:\/\/meripelastus.fi\/kuopio\/\",\"name\":\"Kuopion J\u00e4rvipelastajat\",\"description\":\"Vapaaehtoiset apunasi vesill\u00e4\",\"potentialAction\":[{\"@type\":\"SearchAction\",\"target\":{\"@type\":\"EntryPoint\",\"urlTemplate\":\"https:\/\/meripelastus.fi\/kuopio\/?s={search_term_string}\"},\"query-input\":{\"@type\":\"PropertyValueSpecification\",\"valueRequired\":true,\"valueName\":\"search_term_string\"}}],\"inLanguage\":\"fi\"}]}<\/script>\n<!-- \/ Yoast SEO Premium plugin. -->","yoast_head_json":{"title":"Miehist\u00f6 - Kuopion J\u00e4rvipelastajat","robots":{"index":"index","follow":"follow","max-snippet":"max-snippet:-1","max-image-preview":"max-image-preview:large","max-video-preview":"max-video-preview:-1"},"canonical":"https:\/\/meripelastus.fi\/kuopio\/toiminta\/miehisto\/","og_locale":"fi_FI","og_type":"article","og_title":"Miehist\u00f6","og_description":"Miehist\u00f6mme suorittama p\u00e4ivystys-, pelastus- ja avustustoiminta perustuu t\u00e4ysin vapaaehtoisuuteen. Miehist\u00f6mme on sitoutunut auttamaan veneilij\u00f6it\u00e4 ja muita vesill\u00e4 liikkujia koko avovesikauden ajan. Mukaan miehist\u00f6\u00f6n? &#8211; Liity j\u00e4seneksi t\u00e4st\u00e4. Tarjoamme laadukasta koulutusta Suomen Meripelastusseuran koulutusj\u00e4rjestelm\u00e4 takaa kaikille vapaaehtoisille meripelastajille yhdenmukaisen ja tasokkaan osaamisen toimia vesill\u00e4 avustus- ja pelastusteht\u00e4viss\u00e4. P\u00e4\u00e4m\u00e4\u00e4rin\u00e4 ovat p\u00e4ivyst\u00e4jien tietotaidon yll\u00e4pit\u00e4minen ja edelleen kehitt\u00e4minen sek\u00e4 [&hellip;]","og_url":"https:\/\/meripelastus.fi\/kuopio\/toiminta\/miehisto\/","og_site_name":"Kuopion J\u00e4rvipelastajat","article_modified_time":"2026-02-16T15:59:18+00:00","og_image":[{"width":1536,"height":1536,"url":"https:\/\/meripelastus.fi\/kuopio\/wp-content\/uploads\/sites\/18\/2026\/02\/IMG_3861-edited.jpeg","type":"image\/jpeg"}],"twitter_card":"summary_large_image","twitter_misc":{"Arvioitu lukuaika":"2 minuuttia"},"schema":{"@context":"https:\/\/schema.org","@graph":[{"@type":"WebPage","@id":"https:\/\/meripelastus.fi\/kuopio\/toiminta\/miehisto\/","url":"https:\/\/meripelastus.fi\/kuopio\/toiminta\/miehisto\/","name":"Miehist\u00f6 - Kuopion J\u00e4rvipelastajat","isPartOf":{"@id":"https:\/\/meripelastus.fi\/kuopio\/#website"},"primaryImageOfPage":{"@id":"https:\/\/meripelastus.fi\/kuopio\/toiminta\/miehisto\/#primaryimage"},"image":{"@id":"https:\/\/meripelastus.fi\/kuopio\/toiminta\/miehisto\/#primaryimage"},"thumbnailUrl":"https:\/\/meripelastus.fi\/kuopio\/wp-content\/uploads\/sites\/18\/2026\/02\/IMG_3861-edited.jpeg","datePublished":"2018-03-19T07:19:27+00:00","dateModified":"2026-02-16T15:59:18+00:00","breadcrumb":{"@id":"https:\/\/meripelastus.fi\/kuopio\/toiminta\/miehisto\/#breadcrumb"},"inLanguage":"fi","potentialAction":[{"@type":"ReadAction","target":["https:\/\/meripelastus.fi\/kuopio\/toiminta\/miehisto\/"]}]},{"@type":"ImageObject","inLanguage":"fi","@id":"https:\/\/meripelastus.fi\/kuopio\/toiminta\/miehisto\/#primaryimage","url":"https:\/\/meripelastus.fi\/kuopio\/wp-content\/uploads\/sites\/18\/2026\/02\/IMG_3861-edited.jpeg","contentUrl":"https:\/\/meripelastus.fi\/kuopio\/wp-content\/uploads\/sites\/18\/2026\/02\/IMG_3861-edited.jpeg","width":1536,"height":1536},{"@type":"BreadcrumbList","@id":"https:\/\/meripelastus.fi\/kuopio\/toiminta\/miehisto\/#breadcrumb","itemListElement":[{"@type":"ListItem","position":1,"name":"Etusivu","item":"https:\/\/meripelastus.fi\/kuopio\/"},{"@type":"ListItem","position":2,"name":"Toiminta","item":"https:\/\/meripelastus.fi\/kuopio\/toiminta\/"},{"@type":"ListItem","position":3,"name":"Miehist\u00f6"}]},{"@type":"WebSite","@id":"https:\/\/meripelastus.fi\/kuopio\/#website","url":"https:\/\/meripelastus.fi\/kuopio\/","name":"Kuopion J\u00e4rvipelastajat","description":"Vapaaehtoiset apunasi vesill\u00e4","potentialAction":[{"@type":"SearchAction","target":{"@type":"EntryPoint","urlTemplate":"https:\/\/meripelastus.fi\/kuopio\/?s={search_term_string}"},"query-input":{"@type":"PropertyValueSpecification","valueRequired":true,"valueName":"search_term_string"}}],"inLanguage":"fi"}]}},"_links":{"self":[{"href":"https:\/\/meripelastus.fi\/kuopio\/wp-json\/wp\/v2\/pages\/28","targetHints":{"allow":["GET"]}}],"collection":[{"href":"https:\/\/meripelastus.fi\/kuopio\/wp-json\/wp\/v2\/pages"}],"about":[{"href":"https:\/\/meripelastus.fi\/kuopio\/wp-json\/wp\/v2\/types\/page"}],"author":[{"embeddable":true,"href":"https:\/\/meripelastus.fi\/kuopio\/wp-json\/wp\/v2\/users\/1"}],"replies":[{"embeddable":true,"href":"https:\/\/meripelastus.fi\/kuopio\/wp-json\/wp\/v2\/comments?post=28"}],"version-history":[{"count":10,"href":"https:\/\/meripelastus.fi\/kuopio\/wp-json\/wp\/v2\/pages\/28\/revisions"}],"predecessor-version":[{"id":715,"href":"https:\/\/meripelastus.fi\/kuopio\/wp-json\/wp\/v2\/pages\/28\/revisions\/715"}],"up":[{"embeddable":true,"href":"https:\/\/meripelastus.fi\/kuopio\/wp-json\/wp\/v2\/pages\/20"}],"wp:attachment":[{"href":"https:\/\/meripelastus.fi\/kuopio\/wp-json\/wp\/v2\/media?parent=28"}],"curies":[{"name":"wp","href":"https:\/\/api.w.org\/{rel}","templated":true}]}}