{"id":267,"date":"2019-03-02T14:11:35","date_gmt":"2019-03-02T12:11:35","guid":{"rendered":"https:\/\/meripelastus.fi\/kuopio-vedos\/?page_id=267"},"modified":"2026-02-16T17:38:52","modified_gmt":"2026-02-16T15:38:52","slug":"liity-jaseneksi","status":"publish","type":"page","link":"https:\/\/meripelastus.fi\/kuopio\/kuopion-jarvipelastajat\/liity-jaseneksi\/","title":{"rendered":"Liity j\u00e4seneksi"},"content":{"rendered":"<h4><\/h4>\n<h4>Liity SMPS Kuopion J\u00e4rvipelastajat ry:n j\u00e4seneksi, jotta saat apua helposti ja ilman erillisi\u00e4 kustannuksia! <a href=\"https:\/\/meripelastus.fi\/jaseneksi\/\">Lis\u00e4tietoja t\u00e4st\u00e4.<\/a><\/h4>\n<h3>Voit liitty\u00e4 henkil\u00f6j\u00e4seneksi, perhej\u00e4seneksi tai yhteis\u00f6j\u00e4seneksi, ja hankkia samalla Plus- tai Premium-tason j\u00e4senpalvelun.<\/h3>\n<p>Liittym\u00e4ll\u00e4 SMPS Kuopion J\u00e4rvipelastajat ry:n j\u00e4seneksi tuet vesill\u00e4 tapahtuvaa vapaaehtoista avustus- ja pelastustoimintaa. Voit liitty\u00e4 joko henkil\u00f6-, perhe- tai yhteis\u00f6j\u00e4seneksi. Liittymisen yhteydess\u00e4 voit valita lis\u00e4palveluna j\u00e4senpalvelun.<\/p>\n<p>Kuopion J\u00e4rvipelastajien j\u00e4seneksi voi liitty\u00e4 suoraan Meripelastuseuran sivuilla:<\/p>\n<p><a href=\"https:\/\/meripelastus.fi\/jasenyys\/liittymislomakkeet\/\" target=\"_blank\" rel=\"noopener\">Liittymislomakkeet (Valitse yhdistykseksi Kuopion J\u00e4rvipelastajat).<\/a><\/p>\n<p>Perhe- tai yhteis\u00f6j\u00e4seneksi tai tukijaksi voit liitty\u00e4 ottamalla yhteytt\u00e4 yhdistykseemme.<\/p>\n<h3>Pelastajaksi miehist\u00f6\u00f6n tai vapaaehtoiseksi aktiiviksi?<\/h3>\n<p><strong>Tulokashaku 2026 &#8211; aikataulu<\/strong><\/p>\n<ul>\n<li><span style=\"font-size: revert\">Haku on k\u00e4ynniss\u00e4 31.3.2026 asti.<\/span><\/li>\n<li><span style=\"font-size: revert\">Kaikki hakijat haastatellaan huhtikuun puoliv\u00e4liin menness\u00e4.<\/span><\/li>\n<li><span style=\"font-size: revert\">22.4. j\u00e4rjestet\u00e4\u00e4n tutustumisilta, johon kutsutaan kaikki miehist\u00f6vaatimukset t\u00e4ytt\u00e4v\u00e4t hakijat.<\/span><\/li>\n<li><span style=\"font-size: revert\">Lopulliset tulokasvalinnat tehd\u00e4\u00e4n 30.4. menness\u00e4.<\/span><\/li>\n<li><span style=\"font-size: revert\">Valituille j\u00e4rjestet\u00e4\u00e4n tulokaskurssi 22.-24.5. Kurssi on pakollinen harrastuksen aloittamiseksi.\u00a0<\/span><\/li>\n<\/ul>\n<p><strong>Miehist\u00f6vaatimukset<\/strong><\/p>\n<ul>\n<li>Normaali fyysinen toimintakyky\n<ul>\n<li>Kaikkiin aluksiin pystytt\u00e4v\u00e4 nousemaan vedest\u00e4 k\u00e4sin omatoimisesti<\/li>\n<li>Toimintakyky ei saa est\u00e4\u00e4 toimimista vaativissa pelastusteht\u00e4viss\u00e4<\/li>\n<\/ul>\n<\/li>\n<li>Uimataito\n<ul>\n<li>200 m uinti yht\u00e4jaksoisesti\n<ul>\n<li>Pohjoismaisen uimatasotestin mukaan ja pelastuspuvussa<\/li>\n<\/ul>\n<\/li>\n<li>Sukeltaminen h\u00e4t\u00e4\u00e4ntym\u00e4tt\u00e4 1-2 m syvyyteen v\u00e4hint\u00e4\u00e4n uimahalliolosuhteissa<\/li>\n<\/ul>\n<\/li>\n<li>Hyv\u00e4 psyykkinen toimintakyky<\/li>\n<li>Hyv\u00e4 terveydentila ja normaali n\u00e4k\u00f6- ja kuuloaisti\n<ul>\n<li>Vahvistettu terveysilmoituksella<\/li>\n<\/ul>\n<\/li>\n<li>16-70 vuoden ik\u00e4<\/li>\n<li>Sujuva suomen kielen taito<\/li>\n<li>Hyv\u00e4t vuorovaikutustaidot ja kyky toimia luotettavana yhteis\u00f6n j\u00e4senen\u00e4<\/li>\n<li>Vastuullinen asenne ja pyyteet\u00f6n halu edist\u00e4\u00e4 yhdistyksen toimintaa\n<ul>\n<li>Suhtautuu vakavuudella turvallisuuteen, salassapitovelvoitteisiin ja viestii vastuullisesti yhdistyksen toiminnasta<\/li>\n<\/ul>\n<\/li>\n<\/ul>\n<p><span style=\"font-size: revert\">Lis\u00e4tietoja harrastuksesta: <\/span><a style=\"font-size: revert\" href=\"https:\/\/meripelastus.fi\/toiminta\/tule-mukaan\/\">Meripelastus &#8211; Tule mukaan!<\/a><\/p>\n<p><strong>Tulokasvastaavaan saat yhteyden parhaiten s\u00e4hk\u00f6postilla: tulokas.kuopio (at) messi.meripelastus.fi<\/strong><\/p>\n<h3>FAQ j\u00e4senyysasioista Meripelastusseuran sivuilla<\/h3>\n<p><a href=\"https:\/\/meripelastus.fi\/jasenyys\/faq\/\" target=\"_blank\" rel=\"noopener\">Kysymyksi\u00e4 ja vastauksia j\u00e4senyydest\u00e4<\/a><\/p>\n","protected":false},"excerpt":{"rendered":"<p>Liity SMPS Kuopion J\u00e4rvipelastajat ry:n j\u00e4seneksi, jotta saat apua helposti ja ilman erillisi\u00e4 kustannuksia! Lis\u00e4tietoja t\u00e4st\u00e4. Voit liitty\u00e4 henkil\u00f6j\u00e4seneksi, perhej\u00e4seneksi tai yhteis\u00f6j\u00e4seneksi, ja hankkia samalla Plus- tai Premium-tason j\u00e4senpalvelun. Liittym\u00e4ll\u00e4 SMPS Kuopion J\u00e4rvipelastajat ry:n j\u00e4seneksi tuet vesill\u00e4 tapahtuvaa vapaaehtoista avustus- ja pelastustoimintaa. Voit liitty\u00e4 joko henkil\u00f6-, perhe- tai yhteis\u00f6j\u00e4seneksi. Liittymisen yhteydess\u00e4 voit valita lis\u00e4palveluna j\u00e4senpalvelun. [&hellip;]<\/p>\n","protected":false},"author":35,"featured_media":0,"parent":6,"menu_order":0,"comment_status":"closed","ping_status":"closed","template":"","meta":{"_acf_changed":false,"inline_featured_image":false,"footnotes":""},"class_list":["post-267","page","type-page","status-publish","hentry"],"acf":[],"yoast_head":"<!-- This site is optimized with the Yoast SEO Premium plugin v27.2 (Yoast SEO v27.2) - https:\/\/yoast.com\/product\/yoast-seo-premium-wordpress\/ -->\n<title>Liity j\u00e4seneksi - Kuopion J\u00e4rvipelastajat<\/title>\n<meta name=\"robots\" content=\"index, follow, max-snippet:-1, max-image-preview:large, max-video-preview:-1\" \/>\n<link rel=\"canonical\" href=\"https:\/\/meripelastus.fi\/kuopio\/kuopion-jarvipelastajat\/liity-jaseneksi\/\" \/>\n<meta property=\"og:locale\" content=\"fi_FI\" \/>\n<meta property=\"og:type\" content=\"article\" \/>\n<meta property=\"og:title\" content=\"Liity j\u00e4seneksi\" \/>\n<meta property=\"og:description\" content=\"Liity SMPS Kuopion J\u00e4rvipelastajat ry:n j\u00e4seneksi, jotta saat apua helposti ja ilman erillisi\u00e4 kustannuksia! Lis\u00e4tietoja t\u00e4st\u00e4. Voit liitty\u00e4 henkil\u00f6j\u00e4seneksi, perhej\u00e4seneksi tai yhteis\u00f6j\u00e4seneksi, ja hankkia samalla Plus- tai Premium-tason j\u00e4senpalvelun. Liittym\u00e4ll\u00e4 SMPS Kuopion J\u00e4rvipelastajat ry:n j\u00e4seneksi tuet vesill\u00e4 tapahtuvaa vapaaehtoista avustus- ja pelastustoimintaa. Voit liitty\u00e4 joko henkil\u00f6-, perhe- tai yhteis\u00f6j\u00e4seneksi. Liittymisen yhteydess\u00e4 voit valita lis\u00e4palveluna j\u00e4senpalvelun. [&hellip;]\" \/>\n<meta property=\"og:url\" content=\"https:\/\/meripelastus.fi\/kuopio\/kuopion-jarvipelastajat\/liity-jaseneksi\/\" \/>\n<meta property=\"og:site_name\" content=\"Kuopion J\u00e4rvipelastajat\" \/>\n<meta property=\"article:modified_time\" content=\"2026-02-16T15:38:52+00:00\" \/>\n<meta name=\"twitter:card\" content=\"summary_large_image\" \/>\n<meta name=\"twitter:label1\" content=\"Arvioitu lukuaika\" \/>\n\t<meta name=\"twitter:data1\" content=\"2 minuuttia\" \/>\n<script type=\"application\/ld+json\" class=\"yoast-schema-graph\">{\"@context\":\"https:\/\/schema.org\",\"@graph\":[{\"@type\":\"WebPage\",\"@id\":\"https:\/\/meripelastus.fi\/kuopio\/kuopion-jarvipelastajat\/liity-jaseneksi\/\",\"url\":\"https:\/\/meripelastus.fi\/kuopio\/kuopion-jarvipelastajat\/liity-jaseneksi\/\",\"name\":\"Liity j\u00e4seneksi - Kuopion J\u00e4rvipelastajat\",\"isPartOf\":{\"@id\":\"https:\/\/meripelastus.fi\/kuopio\/#website\"},\"datePublished\":\"2019-03-02T12:11:35+00:00\",\"dateModified\":\"2026-02-16T15:38:52+00:00\",\"breadcrumb\":{\"@id\":\"https:\/\/meripelastus.fi\/kuopio\/kuopion-jarvipelastajat\/liity-jaseneksi\/#breadcrumb\"},\"inLanguage\":\"fi\",\"potentialAction\":[{\"@type\":\"ReadAction\",\"target\":[\"https:\/\/meripelastus.fi\/kuopio\/kuopion-jarvipelastajat\/liity-jaseneksi\/\"]}]},{\"@type\":\"BreadcrumbList\",\"@id\":\"https:\/\/meripelastus.fi\/kuopio\/kuopion-jarvipelastajat\/liity-jaseneksi\/#breadcrumb\",\"itemListElement\":[{\"@type\":\"ListItem\",\"position\":1,\"name\":\"Etusivu\",\"item\":\"https:\/\/meripelastus.fi\/kuopio\/\"},{\"@type\":\"ListItem\",\"position\":2,\"name\":\"Kuopion J\u00e4rvipelastajat\",\"item\":\"https:\/\/meripelastus.fi\/kuopio\/kuopion-jarvipelastajat\/\"},{\"@type\":\"ListItem\",\"position\":3,\"name\":\"Liity j\u00e4seneksi\"}]},{\"@type\":\"WebSite\",\"@id\":\"https:\/\/meripelastus.fi\/kuopio\/#website\",\"url\":\"https:\/\/meripelastus.fi\/kuopio\/\",\"name\":\"Kuopion J\u00e4rvipelastajat\",\"description\":\"Vapaaehtoiset apunasi vesill\u00e4\",\"potentialAction\":[{\"@type\":\"SearchAction\",\"target\":{\"@type\":\"EntryPoint\",\"urlTemplate\":\"https:\/\/meripelastus.fi\/kuopio\/?s={search_term_string}\"},\"query-input\":{\"@type\":\"PropertyValueSpecification\",\"valueRequired\":true,\"valueName\":\"search_term_string\"}}],\"inLanguage\":\"fi\"}]}<\/script>\n<!-- \/ Yoast SEO Premium plugin. -->","yoast_head_json":{"title":"Liity j\u00e4seneksi - Kuopion J\u00e4rvipelastajat","robots":{"index":"index","follow":"follow","max-snippet":"max-snippet:-1","max-image-preview":"max-image-preview:large","max-video-preview":"max-video-preview:-1"},"canonical":"https:\/\/meripelastus.fi\/kuopio\/kuopion-jarvipelastajat\/liity-jaseneksi\/","og_locale":"fi_FI","og_type":"article","og_title":"Liity j\u00e4seneksi","og_description":"Liity SMPS Kuopion J\u00e4rvipelastajat ry:n j\u00e4seneksi, jotta saat apua helposti ja ilman erillisi\u00e4 kustannuksia! Lis\u00e4tietoja t\u00e4st\u00e4. Voit liitty\u00e4 henkil\u00f6j\u00e4seneksi, perhej\u00e4seneksi tai yhteis\u00f6j\u00e4seneksi, ja hankkia samalla Plus- tai Premium-tason j\u00e4senpalvelun. Liittym\u00e4ll\u00e4 SMPS Kuopion J\u00e4rvipelastajat ry:n j\u00e4seneksi tuet vesill\u00e4 tapahtuvaa vapaaehtoista avustus- ja pelastustoimintaa. Voit liitty\u00e4 joko henkil\u00f6-, perhe- tai yhteis\u00f6j\u00e4seneksi. Liittymisen yhteydess\u00e4 voit valita lis\u00e4palveluna j\u00e4senpalvelun. [&hellip;]","og_url":"https:\/\/meripelastus.fi\/kuopio\/kuopion-jarvipelastajat\/liity-jaseneksi\/","og_site_name":"Kuopion J\u00e4rvipelastajat","article_modified_time":"2026-02-16T15:38:52+00:00","twitter_card":"summary_large_image","twitter_misc":{"Arvioitu lukuaika":"2 minuuttia"},"schema":{"@context":"https:\/\/schema.org","@graph":[{"@type":"WebPage","@id":"https:\/\/meripelastus.fi\/kuopio\/kuopion-jarvipelastajat\/liity-jaseneksi\/","url":"https:\/\/meripelastus.fi\/kuopio\/kuopion-jarvipelastajat\/liity-jaseneksi\/","name":"Liity j\u00e4seneksi - Kuopion J\u00e4rvipelastajat","isPartOf":{"@id":"https:\/\/meripelastus.fi\/kuopio\/#website"},"datePublished":"2019-03-02T12:11:35+00:00","dateModified":"2026-02-16T15:38:52+00:00","breadcrumb":{"@id":"https:\/\/meripelastus.fi\/kuopio\/kuopion-jarvipelastajat\/liity-jaseneksi\/#breadcrumb"},"inLanguage":"fi","potentialAction":[{"@type":"ReadAction","target":["https:\/\/meripelastus.fi\/kuopio\/kuopion-jarvipelastajat\/liity-jaseneksi\/"]}]},{"@type":"BreadcrumbList","@id":"https:\/\/meripelastus.fi\/kuopio\/kuopion-jarvipelastajat\/liity-jaseneksi\/#breadcrumb","itemListElement":[{"@type":"ListItem","position":1,"name":"Etusivu","item":"https:\/\/meripelastus.fi\/kuopio\/"},{"@type":"ListItem","position":2,"name":"Kuopion J\u00e4rvipelastajat","item":"https:\/\/meripelastus.fi\/kuopio\/kuopion-jarvipelastajat\/"},{"@type":"ListItem","position":3,"name":"Liity j\u00e4seneksi"}]},{"@type":"WebSite","@id":"https:\/\/meripelastus.fi\/kuopio\/#website","url":"https:\/\/meripelastus.fi\/kuopio\/","name":"Kuopion J\u00e4rvipelastajat","description":"Vapaaehtoiset apunasi vesill\u00e4","potentialAction":[{"@type":"SearchAction","target":{"@type":"EntryPoint","urlTemplate":"https:\/\/meripelastus.fi\/kuopio\/?s={search_term_string}"},"query-input":{"@type":"PropertyValueSpecification","valueRequired":true,"valueName":"search_term_string"}}],"inLanguage":"fi"}]}},"_links":{"self":[{"href":"https:\/\/meripelastus.fi\/kuopio\/wp-json\/wp\/v2\/pages\/267","targetHints":{"allow":["GET"]}}],"collection":[{"href":"https:\/\/meripelastus.fi\/kuopio\/wp-json\/wp\/v2\/pages"}],"about":[{"href":"https:\/\/meripelastus.fi\/kuopio\/wp-json\/wp\/v2\/types\/page"}],"author":[{"embeddable":true,"href":"https:\/\/meripelastus.fi\/kuopio\/wp-json\/wp\/v2\/users\/35"}],"replies":[{"embeddable":true,"href":"https:\/\/meripelastus.fi\/kuopio\/wp-json\/wp\/v2\/comments?post=267"}],"version-history":[{"count":17,"href":"https:\/\/meripelastus.fi\/kuopio\/wp-json\/wp\/v2\/pages\/267\/revisions"}],"predecessor-version":[{"id":705,"href":"https:\/\/meripelastus.fi\/kuopio\/wp-json\/wp\/v2\/pages\/267\/revisions\/705"}],"up":[{"embeddable":true,"href":"https:\/\/meripelastus.fi\/kuopio\/wp-json\/wp\/v2\/pages\/6"}],"wp:attachment":[{"href":"https:\/\/meripelastus.fi\/kuopio\/wp-json\/wp\/v2\/media?parent=267"}],"curies":[{"name":"wp","href":"https:\/\/api.w.org\/{rel}","templated":true}]}}