{"id":26,"date":"2018-03-19T09:19:10","date_gmt":"2018-03-19T07:19:10","guid":{"rendered":"http:\/\/basetemplate.smpsyhdistykset.16.testivedos.com\/?page_id=26"},"modified":"2026-03-19T10:40:44","modified_gmt":"2026-03-19T08:40:44","slug":"alukset","status":"publish","type":"page","link":"https:\/\/meripelastus.fi\/kuopio\/toiminta\/alukset\/","title":{"rendered":"Alukset"},"content":{"rendered":"\n<h2 class=\"wp-block-heading\" id=\"h-pv-herman-saastamoinen-pv323\">PV Herman Saastamoinen (PV323)<\/h2>\n\n\n\n<p>VPS 108<\/p>\n\n\n\n<figure class=\"wp-block-image size-large\"><img loading=\"lazy\" decoding=\"async\" width=\"1024\" height=\"768\" src=\"https:\/\/meripelastus.fi\/kuopio\/wp-content\/uploads\/sites\/18\/2023\/03\/IMG_4620-1024x768.jpg\" alt=\"PV323 rannassa\" class=\"wp-image-468\" srcset=\"https:\/\/meripelastus.fi\/kuopio\/wp-content\/uploads\/sites\/18\/2023\/03\/IMG_4620-1024x768.jpg 1024w, https:\/\/meripelastus.fi\/kuopio\/wp-content\/uploads\/sites\/18\/2023\/03\/IMG_4620-300x225.jpg 300w, https:\/\/meripelastus.fi\/kuopio\/wp-content\/uploads\/sites\/18\/2023\/03\/IMG_4620-768x576.jpg 768w, https:\/\/meripelastus.fi\/kuopio\/wp-content\/uploads\/sites\/18\/2023\/03\/IMG_4620-1536x1152.jpg 1536w, https:\/\/meripelastus.fi\/kuopio\/wp-content\/uploads\/sites\/18\/2023\/03\/IMG_4620-1600x1200.jpg 1600w, https:\/\/meripelastus.fi\/kuopio\/wp-content\/uploads\/sites\/18\/2023\/03\/IMG_4620.jpg 2048w\" sizes=\"auto, (max-width: 1024px) 100vw, 1024px\" \/><\/figure>\n\n\n<ul>\n<li>Oy Kewatec Aluboat Ab: Kewatec Patrol 1000 OB<\/li>\n<li>Koneteho: 2 x 300 hp Mercury SeaPro<\/li>\n<li>Huippunopeus: 41 kn<\/li>\n<li>Pituus: 10,01 m<\/li>\n<li>Leveys: 3,21 m<\/li>\n<li>Syv\u00e4ys: noin 0,9 m<\/li>\n<li>Paino: 5,85 tn<\/li>\n<li>Miehist\u00f6: v\u00e4hint\u00e4\u00e4n 1+1 (p\u00e4\u00e4llikk\u00f6 ja kansimies)<\/li>\n<\/ul>\n<h2>PV OP Pohjois-Savo (PV146)<\/h2>\n<p>VPS1082<\/p>\n<p><img loading=\"lazy\" decoding=\"async\" class=\"alignnone  wp-image-238\" src=\"https:\/\/meripelastus.fi\/kuopio\/wp-content\/uploads\/sites\/18\/2019\/03\/IMG_2807_1-300x225.jpg\" alt=\"\" width=\"1041\" height=\"781\" srcset=\"https:\/\/meripelastus.fi\/kuopio\/wp-content\/uploads\/sites\/18\/2019\/03\/IMG_2807_1-300x225.jpg 300w, https:\/\/meripelastus.fi\/kuopio\/wp-content\/uploads\/sites\/18\/2019\/03\/IMG_2807_1-768x576.jpg 768w, https:\/\/meripelastus.fi\/kuopio\/wp-content\/uploads\/sites\/18\/2019\/03\/IMG_2807_1-1024x768.jpg 1024w, https:\/\/meripelastus.fi\/kuopio\/wp-content\/uploads\/sites\/18\/2019\/03\/IMG_2807_1-1600x1200.jpg 1600w\" sizes=\"auto, (max-width: 1041px) 100vw, 1041px\" \/><\/p>\n<ul>\n<li>RNLI: Atlantic 75<\/li>\n<li>Koneteho: 2 x 70 hp Yamaha<\/li>\n<li>Huippunopeus: 32 kn<\/li>\n<li>Pituus: 7,5m<\/li>\n<li>Leveys: 2,64m<\/li>\n<li>Syv\u00e4ys: noin 0,8m<\/li>\n<li>Paino: 1,8 tn<\/li>\n<li>Miehist\u00f6: v\u00e4hint\u00e4\u00e4n 1+1 (per\u00e4mies ja kansimies)<\/li>\n<\/ul>\n<h2>AV Konejatarvike (AV74)<\/h2>\n<p>VPS1083<\/p>\n<p><img loading=\"lazy\" decoding=\"async\" class=\"alignnone wp-image-598 \" src=\"https:\/\/meripelastus.fi\/kuopio\/wp-content\/uploads\/sites\/18\/2024\/06\/IMG_9050-2-e1717926007695.jpeg\" alt=\"\" width=\"1043\" height=\"644\" srcset=\"https:\/\/meripelastus.fi\/kuopio\/wp-content\/uploads\/sites\/18\/2024\/06\/IMG_9050-2-e1717926007695.jpeg 1536w, https:\/\/meripelastus.fi\/kuopio\/wp-content\/uploads\/sites\/18\/2024\/06\/IMG_9050-2-e1717926007695-300x185.jpeg 300w, https:\/\/meripelastus.fi\/kuopio\/wp-content\/uploads\/sites\/18\/2024\/06\/IMG_9050-2-e1717926007695-1024x632.jpeg 1024w, https:\/\/meripelastus.fi\/kuopio\/wp-content\/uploads\/sites\/18\/2024\/06\/IMG_9050-2-e1717926007695-768x474.jpeg 768w\" sizes=\"auto, (max-width: 1043px) 100vw, 1043px\" \/><\/p>\n<ul>\n<li>Sea-doo Gti SE 170 2023<\/li>\n<li>Koneteho: 170 hp<\/li>\n<li>Huippunopeus: 47 kn<\/li>\n<li>Pituus: 3,3 m<\/li>\n<li>Leveys: 1,3 m<\/li>\n<li>Paino: 335 kg<\/li>\n<li>Henkil\u00f6lukum\u00e4\u00e4r\u00e4: 3<\/li>\n<li>Miehist\u00f6: 1+1 (aliper\u00e4mies ja harjoittelija)<\/li>\n<\/ul>\n<p>Hanki veneellesi Meripelastusseuran j\u00e4senpalvelu, jotta saat apua helposti ja ilman erillisi\u00e4 kustannuksia. Lis\u00e4ksi autat meit\u00e4 yll\u00e4pit\u00e4m\u00e4\u00e4n kalustoamme ja pit\u00e4m\u00e4\u00e4n sen iskussa! <a href=\"https:\/\/meripelastus.fi\/jaseneksi\/\">Lis\u00e4tietoja t\u00e4st\u00e4.<\/a><\/p>\n\n\n<p><\/p>\n","protected":false},"excerpt":{"rendered":"<p>PV Herman Saastamoinen (PV323) VPS 108 Oy Kewatec Aluboat Ab: Kewatec Patrol 1000 OB Koneteho: 2 x 300 hp Mercury SeaPro Huippunopeus: 41 kn Pituus: 10,01 m Leveys: 3,21 m Syv\u00e4ys: noin 0,9 m Paino: 5,85 tn Miehist\u00f6: v\u00e4hint\u00e4\u00e4n 1+1 (p\u00e4\u00e4llikk\u00f6 ja kansimies) PV OP Pohjois-Savo (PV146) VPS1082 RNLI: Atlantic 75 Koneteho: 2 x 70 [&hellip;]<\/p>\n","protected":false},"author":1,"featured_media":469,"parent":20,"menu_order":0,"comment_status":"closed","ping_status":"closed","template":"","meta":{"_acf_changed":false,"inline_featured_image":false,"footnotes":""},"class_list":["post-26","page","type-page","status-publish","has-post-thumbnail","hentry"],"acf":[],"yoast_head":"<!-- This site is optimized with the Yoast SEO Premium plugin v27.2 (Yoast SEO v27.2) - https:\/\/yoast.com\/product\/yoast-seo-premium-wordpress\/ -->\n<title>Alukset - Kuopion J\u00e4rvipelastajat<\/title>\n<meta name=\"robots\" content=\"index, follow, max-snippet:-1, max-image-preview:large, max-video-preview:-1\" \/>\n<link rel=\"canonical\" href=\"https:\/\/meripelastus.fi\/kuopio\/toiminta\/alukset\/\" \/>\n<meta property=\"og:locale\" content=\"fi_FI\" \/>\n<meta property=\"og:type\" content=\"article\" \/>\n<meta property=\"og:title\" content=\"Alukset\" \/>\n<meta property=\"og:description\" content=\"PV Herman Saastamoinen (PV323) VPS 108 Oy Kewatec Aluboat Ab: Kewatec Patrol 1000 OB Koneteho: 2 x 300 hp Mercury SeaPro Huippunopeus: 41 kn Pituus: 10,01 m Leveys: 3,21 m Syv\u00e4ys: noin 0,9 m Paino: 5,85 tn Miehist\u00f6: v\u00e4hint\u00e4\u00e4n 1+1 (p\u00e4\u00e4llikk\u00f6 ja kansimies) PV OP Pohjois-Savo (PV146) VPS1082 RNLI: Atlantic 75 Koneteho: 2 x 70 [&hellip;]\" \/>\n<meta property=\"og:url\" content=\"https:\/\/meripelastus.fi\/kuopio\/toiminta\/alukset\/\" \/>\n<meta property=\"og:site_name\" content=\"Kuopion J\u00e4rvipelastajat\" \/>\n<meta property=\"article:modified_time\" content=\"2026-03-19T08:40:44+00:00\" \/>\n<meta property=\"og:image\" content=\"https:\/\/meripelastus.fi\/kuopio\/wp-content\/uploads\/sites\/18\/2023\/03\/IMG_3545.jpg\" \/>\n\t<meta property=\"og:image:width\" content=\"2048\" \/>\n\t<meta property=\"og:image:height\" content=\"1536\" \/>\n\t<meta property=\"og:image:type\" content=\"image\/jpeg\" \/>\n<meta name=\"twitter:card\" content=\"summary_large_image\" \/>\n<meta name=\"twitter:label1\" content=\"Arvioitu lukuaika\" \/>\n\t<meta name=\"twitter:data1\" content=\"2 minuuttia\" \/>\n<script type=\"application\/ld+json\" class=\"yoast-schema-graph\">{\"@context\":\"https:\/\/schema.org\",\"@graph\":[{\"@type\":\"WebPage\",\"@id\":\"https:\/\/meripelastus.fi\/kuopio\/toiminta\/alukset\/\",\"url\":\"https:\/\/meripelastus.fi\/kuopio\/toiminta\/alukset\/\",\"name\":\"Alukset - Kuopion J\u00e4rvipelastajat\",\"isPartOf\":{\"@id\":\"https:\/\/meripelastus.fi\/kuopio\/#website\"},\"primaryImageOfPage\":{\"@id\":\"https:\/\/meripelastus.fi\/kuopio\/toiminta\/alukset\/#primaryimage\"},\"image\":{\"@id\":\"https:\/\/meripelastus.fi\/kuopio\/toiminta\/alukset\/#primaryimage\"},\"thumbnailUrl\":\"https:\/\/meripelastus.fi\/kuopio\/wp-content\/uploads\/sites\/18\/2023\/03\/IMG_3545.jpg\",\"datePublished\":\"2018-03-19T07:19:10+00:00\",\"dateModified\":\"2026-03-19T08:40:44+00:00\",\"breadcrumb\":{\"@id\":\"https:\/\/meripelastus.fi\/kuopio\/toiminta\/alukset\/#breadcrumb\"},\"inLanguage\":\"fi\",\"potentialAction\":[{\"@type\":\"ReadAction\",\"target\":[\"https:\/\/meripelastus.fi\/kuopio\/toiminta\/alukset\/\"]}]},{\"@type\":\"ImageObject\",\"inLanguage\":\"fi\",\"@id\":\"https:\/\/meripelastus.fi\/kuopio\/toiminta\/alukset\/#primaryimage\",\"url\":\"https:\/\/meripelastus.fi\/kuopio\/wp-content\/uploads\/sites\/18\/2023\/03\/IMG_3545.jpg\",\"contentUrl\":\"https:\/\/meripelastus.fi\/kuopio\/wp-content\/uploads\/sites\/18\/2023\/03\/IMG_3545.jpg\",\"width\":2048,\"height\":1536},{\"@type\":\"BreadcrumbList\",\"@id\":\"https:\/\/meripelastus.fi\/kuopio\/toiminta\/alukset\/#breadcrumb\",\"itemListElement\":[{\"@type\":\"ListItem\",\"position\":1,\"name\":\"Etusivu\",\"item\":\"https:\/\/meripelastus.fi\/kuopio\/\"},{\"@type\":\"ListItem\",\"position\":2,\"name\":\"Toiminta\",\"item\":\"https:\/\/meripelastus.fi\/kuopio\/toiminta\/\"},{\"@type\":\"ListItem\",\"position\":3,\"name\":\"Alukset\"}]},{\"@type\":\"WebSite\",\"@id\":\"https:\/\/meripelastus.fi\/kuopio\/#website\",\"url\":\"https:\/\/meripelastus.fi\/kuopio\/\",\"name\":\"Kuopion J\u00e4rvipelastajat\",\"description\":\"Vapaaehtoiset apunasi vesill\u00e4\",\"potentialAction\":[{\"@type\":\"SearchAction\",\"target\":{\"@type\":\"EntryPoint\",\"urlTemplate\":\"https:\/\/meripelastus.fi\/kuopio\/?s={search_term_string}\"},\"query-input\":{\"@type\":\"PropertyValueSpecification\",\"valueRequired\":true,\"valueName\":\"search_term_string\"}}],\"inLanguage\":\"fi\"}]}<\/script>\n<!-- \/ Yoast SEO Premium plugin. -->","yoast_head_json":{"title":"Alukset - Kuopion J\u00e4rvipelastajat","robots":{"index":"index","follow":"follow","max-snippet":"max-snippet:-1","max-image-preview":"max-image-preview:large","max-video-preview":"max-video-preview:-1"},"canonical":"https:\/\/meripelastus.fi\/kuopio\/toiminta\/alukset\/","og_locale":"fi_FI","og_type":"article","og_title":"Alukset","og_description":"PV Herman Saastamoinen (PV323) VPS 108 Oy Kewatec Aluboat Ab: Kewatec Patrol 1000 OB Koneteho: 2 x 300 hp Mercury SeaPro Huippunopeus: 41 kn Pituus: 10,01 m Leveys: 3,21 m Syv\u00e4ys: noin 0,9 m Paino: 5,85 tn Miehist\u00f6: v\u00e4hint\u00e4\u00e4n 1+1 (p\u00e4\u00e4llikk\u00f6 ja kansimies) PV OP Pohjois-Savo (PV146) VPS1082 RNLI: Atlantic 75 Koneteho: 2 x 70 [&hellip;]","og_url":"https:\/\/meripelastus.fi\/kuopio\/toiminta\/alukset\/","og_site_name":"Kuopion J\u00e4rvipelastajat","article_modified_time":"2026-03-19T08:40:44+00:00","og_image":[{"width":2048,"height":1536,"url":"https:\/\/meripelastus.fi\/kuopio\/wp-content\/uploads\/sites\/18\/2023\/03\/IMG_3545.jpg","type":"image\/jpeg"}],"twitter_card":"summary_large_image","twitter_misc":{"Arvioitu lukuaika":"2 minuuttia"},"schema":{"@context":"https:\/\/schema.org","@graph":[{"@type":"WebPage","@id":"https:\/\/meripelastus.fi\/kuopio\/toiminta\/alukset\/","url":"https:\/\/meripelastus.fi\/kuopio\/toiminta\/alukset\/","name":"Alukset - Kuopion J\u00e4rvipelastajat","isPartOf":{"@id":"https:\/\/meripelastus.fi\/kuopio\/#website"},"primaryImageOfPage":{"@id":"https:\/\/meripelastus.fi\/kuopio\/toiminta\/alukset\/#primaryimage"},"image":{"@id":"https:\/\/meripelastus.fi\/kuopio\/toiminta\/alukset\/#primaryimage"},"thumbnailUrl":"https:\/\/meripelastus.fi\/kuopio\/wp-content\/uploads\/sites\/18\/2023\/03\/IMG_3545.jpg","datePublished":"2018-03-19T07:19:10+00:00","dateModified":"2026-03-19T08:40:44+00:00","breadcrumb":{"@id":"https:\/\/meripelastus.fi\/kuopio\/toiminta\/alukset\/#breadcrumb"},"inLanguage":"fi","potentialAction":[{"@type":"ReadAction","target":["https:\/\/meripelastus.fi\/kuopio\/toiminta\/alukset\/"]}]},{"@type":"ImageObject","inLanguage":"fi","@id":"https:\/\/meripelastus.fi\/kuopio\/toiminta\/alukset\/#primaryimage","url":"https:\/\/meripelastus.fi\/kuopio\/wp-content\/uploads\/sites\/18\/2023\/03\/IMG_3545.jpg","contentUrl":"https:\/\/meripelastus.fi\/kuopio\/wp-content\/uploads\/sites\/18\/2023\/03\/IMG_3545.jpg","width":2048,"height":1536},{"@type":"BreadcrumbList","@id":"https:\/\/meripelastus.fi\/kuopio\/toiminta\/alukset\/#breadcrumb","itemListElement":[{"@type":"ListItem","position":1,"name":"Etusivu","item":"https:\/\/meripelastus.fi\/kuopio\/"},{"@type":"ListItem","position":2,"name":"Toiminta","item":"https:\/\/meripelastus.fi\/kuopio\/toiminta\/"},{"@type":"ListItem","position":3,"name":"Alukset"}]},{"@type":"WebSite","@id":"https:\/\/meripelastus.fi\/kuopio\/#website","url":"https:\/\/meripelastus.fi\/kuopio\/","name":"Kuopion J\u00e4rvipelastajat","description":"Vapaaehtoiset apunasi vesill\u00e4","potentialAction":[{"@type":"SearchAction","target":{"@type":"EntryPoint","urlTemplate":"https:\/\/meripelastus.fi\/kuopio\/?s={search_term_string}"},"query-input":{"@type":"PropertyValueSpecification","valueRequired":true,"valueName":"search_term_string"}}],"inLanguage":"fi"}]}},"_links":{"self":[{"href":"https:\/\/meripelastus.fi\/kuopio\/wp-json\/wp\/v2\/pages\/26","targetHints":{"allow":["GET"]}}],"collection":[{"href":"https:\/\/meripelastus.fi\/kuopio\/wp-json\/wp\/v2\/pages"}],"about":[{"href":"https:\/\/meripelastus.fi\/kuopio\/wp-json\/wp\/v2\/types\/page"}],"author":[{"embeddable":true,"href":"https:\/\/meripelastus.fi\/kuopio\/wp-json\/wp\/v2\/users\/1"}],"replies":[{"embeddable":true,"href":"https:\/\/meripelastus.fi\/kuopio\/wp-json\/wp\/v2\/comments?post=26"}],"version-history":[{"count":18,"href":"https:\/\/meripelastus.fi\/kuopio\/wp-json\/wp\/v2\/pages\/26\/revisions"}],"predecessor-version":[{"id":729,"href":"https:\/\/meripelastus.fi\/kuopio\/wp-json\/wp\/v2\/pages\/26\/revisions\/729"}],"up":[{"embeddable":true,"href":"https:\/\/meripelastus.fi\/kuopio\/wp-json\/wp\/v2\/pages\/20"}],"wp:featuredmedia":[{"embeddable":true,"href":"https:\/\/meripelastus.fi\/kuopio\/wp-json\/wp\/v2\/media\/469"}],"wp:attachment":[{"href":"https:\/\/meripelastus.fi\/kuopio\/wp-json\/wp\/v2\/media?parent=26"}],"curies":[{"name":"wp","href":"https:\/\/api.w.org\/{rel}","templated":true}]}}