{"id":203,"date":"2019-03-02T12:38:26","date_gmt":"2019-03-02T10:38:26","guid":{"rendered":"https:\/\/meripelastus.fi\/kuopio-vedos\/?page_id=203"},"modified":"2026-02-16T16:39:50","modified_gmt":"2026-02-16T14:39:50","slug":"tukikohdat","status":"publish","type":"page","link":"https:\/\/meripelastus.fi\/kuopio\/kuopion-jarvipelastajat\/tukikohdat\/","title":{"rendered":"Tukikohdat"},"content":{"rendered":"<p>Yhdistyksen kaksi tukikohtaa mahdollistavat p\u00e4ivystys- ja koulutustoiminnan sek\u00e4 varusteiden huoltamisen ja s\u00e4ilytyksen. Talkoovoimin yll\u00e4pidett\u00e4v\u00e4t tukikohdat ovat t\u00e4rke\u00e4ss\u00e4 roolissa my\u00f6s yhteis\u00f6llisyyden vahvistajana.<\/p>\n<h2>Pirttiniemi<\/h2>\n<h4>Paikan koordinaatit: lat 62\u00b054&#8217;15.6&#8243;N\u00a0 lon 27\u00b043&#8217;43.5&#8243;E<\/h4>\n<h4><a href=\"https:\/\/www.google.com\/maps\/place\/62%C2%B054'15.6%22N+27%C2%B043'43.5%22E\/@62.904319,27.7265643,17z\/data=!3m1!4b1!4m6!3m5!1s0x0:0x0!7e2!8m2!3d62.9043194!4d27.728753\">Katso kartta<\/a><\/h4>\n<p><strong>Operatiivisen toiminnan tukikohta siirtyi vuonna 2019 Maljalahdelta Pirttiniemeen. Osoite on Vesitie 18.<\/strong><\/p>\n<p>P\u00e4\u00e4osin talkoovoimin rakennetussa noin 80 neli\u00f6t\u00e4 k\u00e4sitt\u00e4v\u00e4ss\u00e4 uudisrakennuksessa on asianmukaiset tilat kokouksille ja koulutuksille sek\u00e4 varusteille ja kalustolle. Lis\u00e4ksi toimivuutta tuovat keitti\u00f6, suihku ja wc. Toimintojen keskittyminen Kuopion Pursiseuran vuokratontille lis\u00e4\u00e4 yhdistyksen vuorovaikutusta veneilyv\u00e4en kanssa.\u00a0 My\u00f6s yhdistyksen molemmat alukset ovat\u00a0 operatiivisen tukikohdan v\u00e4litt\u00f6m\u00e4ss\u00e4 l\u00e4heisyydess\u00e4.<\/p>\n<p><img loading=\"lazy\" decoding=\"async\" class=\"alignnone wp-image-360\" src=\"https:\/\/meripelastus.fi\/kuopio\/wp-content\/uploads\/sites\/18\/2019\/07\/234-300x225.jpg\" alt=\"\" width=\"823\" height=\"617\" srcset=\"https:\/\/meripelastus.fi\/kuopio\/wp-content\/uploads\/sites\/18\/2019\/07\/234-300x225.jpg 300w, https:\/\/meripelastus.fi\/kuopio\/wp-content\/uploads\/sites\/18\/2019\/07\/234.jpg 577w\" sizes=\"auto, (max-width: 823px) 100vw, 823px\" \/><\/p>\n<h2>Iivarinsalo<\/h2>\n<h4>Paikan koordinaatit: lat 62\u00b049,1&#8242; N lon 27\u00b050,0&#8217;E<\/h4>\n<p><a class=\"readon\" href=\"http:\/\/maps.google.fi\/maps?q=62.819521,27.831576&amp;num=1&amp;sll=62.48683,27.489248&amp;sspn=0.006295,0.009039&amp;ie=UTF8&amp;ll=62.819168,27.832473&amp;spn=0.002058,0.008256&amp;z=18\" target=\"_blank\" rel=\"noopener noreferrer\">Katso kartta<\/a><\/p>\n<p>Jo 1980-luvulla perustettu saaristotukikohta sijaitsee Iivarinsalossa Etel\u00e4-Kallavedell\u00e4 noin kuuden merimailin et\u00e4isyydell\u00e4 Kuopion Maljalahdelta. Kaupungin vuokratontille on rakennettu talkoovoimin p\u00e4\u00e4rakennus, sauna, varastoaitta, puuliiteri, agregaattivaja, grillikota ja laiturit. Perinteisi\u00e4 aktiviteetteja Iivarinsalossa ovat viirinnosto kev\u00e4ll\u00e4 ja viirinlasku syksyll\u00e4 sek\u00e4 juhannusp\u00e4ivystys Operaatio Merit\u00e4hti. Saaristotukikohta on vain yhdistyksen j\u00e4senten k\u00e4ytett\u00e4viss\u00e4, mutta toimii tarvittaessa my\u00f6s yleisen\u00e4 turvasatamana. Tukikohtaa voidaan my\u00f6s vuokrata ulkopuolisille erilaisiin tapahtumiin ja tilaisuuksiin. Lis\u00e4tietoja saa Iivarinsalon is\u00e4nn\u00e4lt\u00e4.<\/p>\n<table style=\"width: 912px\" border=\"0\">\n<tbody>\n<tr>\n<td style=\"width: 296.667px\"><img loading=\"lazy\" decoding=\"async\" class=\"alignnone size-medium wp-image-215\" src=\"https:\/\/meripelastus.fi\/kuopio-vedos\/wp-content\/uploads\/sites\/18\/2019\/03\/iivari3-300x225.jpg\" alt=\"\" width=\"300\" height=\"225\" srcset=\"https:\/\/meripelastus.fi\/kuopio\/wp-content\/uploads\/sites\/18\/2019\/03\/iivari3-300x225.jpg 300w, https:\/\/meripelastus.fi\/kuopio\/wp-content\/uploads\/sites\/18\/2019\/03\/iivari3.jpg 640w\" sizes=\"auto, (max-width: 300px) 100vw, 300px\" \/><\/td>\n<td style=\"width: 296.667px\"><img loading=\"lazy\" decoding=\"async\" class=\"alignnone size-medium wp-image-216\" src=\"https:\/\/meripelastus.fi\/kuopio-vedos\/wp-content\/uploads\/sites\/18\/2019\/03\/iivari4-300x225.jpg\" alt=\"\" width=\"300\" height=\"225\" srcset=\"https:\/\/meripelastus.fi\/kuopio\/wp-content\/uploads\/sites\/18\/2019\/03\/iivari4-300x225.jpg 300w, https:\/\/meripelastus.fi\/kuopio\/wp-content\/uploads\/sites\/18\/2019\/03\/iivari4.jpg 640w\" sizes=\"auto, (max-width: 300px) 100vw, 300px\" \/><\/td>\n<td style=\"width: 296.667px\"><img loading=\"lazy\" decoding=\"async\" class=\"alignnone size-medium wp-image-217\" src=\"https:\/\/meripelastus.fi\/kuopio-vedos\/wp-content\/uploads\/sites\/18\/2019\/03\/iivari5-300x225.jpg\" alt=\"\" width=\"300\" height=\"225\" srcset=\"https:\/\/meripelastus.fi\/kuopio\/wp-content\/uploads\/sites\/18\/2019\/03\/iivari5-300x225.jpg 300w, https:\/\/meripelastus.fi\/kuopio\/wp-content\/uploads\/sites\/18\/2019\/03\/iivari5.jpg 640w\" sizes=\"auto, (max-width: 300px) 100vw, 300px\" \/><\/td>\n<\/tr>\n<\/tbody>\n<\/table>\n<h1><\/h1>\n<table class=\" alignleft\" style=\"width: 68.6717%;border-collapse: collapse\" border=\"0\">\n<tbody>\n<tr>\n<td style=\"width: 23.5876%\"><img loading=\"lazy\" decoding=\"async\" class=\"alignnone size-medium wp-image-636\" src=\"https:\/\/meripelastus.fi\/kuopio\/wp-content\/uploads\/sites\/18\/2024\/08\/smps-logomerkki-vari-valkoinentausta-naytto-1-300x300.png\" alt=\"\" width=\"300\" height=\"300\" srcset=\"https:\/\/meripelastus.fi\/kuopio\/wp-content\/uploads\/sites\/18\/2024\/08\/smps-logomerkki-vari-valkoinentausta-naytto-1-300x300.png 300w, https:\/\/meripelastus.fi\/kuopio\/wp-content\/uploads\/sites\/18\/2024\/08\/smps-logomerkki-vari-valkoinentausta-naytto-1-1024x1020.png 1024w, https:\/\/meripelastus.fi\/kuopio\/wp-content\/uploads\/sites\/18\/2024\/08\/smps-logomerkki-vari-valkoinentausta-naytto-1-150x150.png 150w, https:\/\/meripelastus.fi\/kuopio\/wp-content\/uploads\/sites\/18\/2024\/08\/smps-logomerkki-vari-valkoinentausta-naytto-1-768x765.png 768w, https:\/\/meripelastus.fi\/kuopio\/wp-content\/uploads\/sites\/18\/2024\/08\/smps-logomerkki-vari-valkoinentausta-naytto-1-160x160.png 160w, https:\/\/meripelastus.fi\/kuopio\/wp-content\/uploads\/sites\/18\/2024\/08\/smps-logomerkki-vari-valkoinentausta-naytto-1.png 1121w\" sizes=\"auto, (max-width: 300px) 100vw, 300px\" \/><\/td>\n<td style=\"width: 49.7049%\">\n<ul>\n<li>Virpi Waenerberg<\/li>\n<li>Iivarisalon asemavastaava<\/li>\n<li>asema.kuopio(at)messi.meripelastus.fi<\/li>\n<\/ul>\n<\/td>\n<\/tr>\n<\/tbody>\n<\/table>\n<h2><\/h2>\n<h2><\/h2>\n","protected":false},"excerpt":{"rendered":"<p>Yhdistyksen kaksi tukikohtaa mahdollistavat p\u00e4ivystys- ja koulutustoiminnan sek\u00e4 varusteiden huoltamisen ja s\u00e4ilytyksen. Talkoovoimin yll\u00e4pidett\u00e4v\u00e4t tukikohdat ovat t\u00e4rke\u00e4ss\u00e4 roolissa my\u00f6s yhteis\u00f6llisyyden vahvistajana. Pirttiniemi Paikan koordinaatit: lat 62\u00b054&#8217;15.6&#8243;N\u00a0 lon 27\u00b043&#8217;43.5&#8243;E Katso kartta Operatiivisen toiminnan tukikohta siirtyi vuonna 2019 Maljalahdelta Pirttiniemeen. Osoite on Vesitie 18. P\u00e4\u00e4osin talkoovoimin rakennetussa noin 80 neli\u00f6t\u00e4 k\u00e4sitt\u00e4v\u00e4ss\u00e4 uudisrakennuksessa on asianmukaiset tilat kokouksille ja [&hellip;]<\/p>\n","protected":false},"author":35,"featured_media":0,"parent":6,"menu_order":0,"comment_status":"closed","ping_status":"closed","template":"","meta":{"_acf_changed":false,"inline_featured_image":false,"footnotes":""},"class_list":["post-203","page","type-page","status-publish","hentry"],"acf":[],"yoast_head":"<!-- This site is optimized with the Yoast SEO Premium plugin v27.2 (Yoast SEO v27.2) - https:\/\/yoast.com\/product\/yoast-seo-premium-wordpress\/ -->\n<title>Tukikohdat - Kuopion J\u00e4rvipelastajat<\/title>\n<meta name=\"description\" content=\"Kuopion j\u00e4rvipelastajat tukikohdat. Pirttiniemi Messi ja Iivarinsalo\" \/>\n<meta name=\"robots\" content=\"index, follow, max-snippet:-1, max-image-preview:large, max-video-preview:-1\" \/>\n<link rel=\"canonical\" href=\"https:\/\/meripelastus.fi\/kuopio\/kuopion-jarvipelastajat\/tukikohdat\/\" \/>\n<meta property=\"og:locale\" content=\"fi_FI\" \/>\n<meta property=\"og:type\" content=\"article\" \/>\n<meta property=\"og:title\" content=\"Tukikohdat\" \/>\n<meta property=\"og:description\" content=\"Kuopion j\u00e4rvipelastajat tukikohdat. Pirttiniemi Messi ja Iivarinsalo\" \/>\n<meta property=\"og:url\" content=\"https:\/\/meripelastus.fi\/kuopio\/kuopion-jarvipelastajat\/tukikohdat\/\" \/>\n<meta property=\"og:site_name\" content=\"Kuopion J\u00e4rvipelastajat\" \/>\n<meta property=\"article:modified_time\" content=\"2026-02-16T14:39:50+00:00\" \/>\n<meta property=\"og:image\" content=\"https:\/\/meripelastus.fi\/kuopio\/wp-content\/uploads\/sites\/18\/2019\/07\/234.jpg\" \/>\n\t<meta property=\"og:image:width\" content=\"577\" \/>\n\t<meta property=\"og:image:height\" content=\"433\" \/>\n\t<meta property=\"og:image:type\" content=\"image\/jpeg\" \/>\n<meta name=\"twitter:card\" content=\"summary_large_image\" \/>\n<meta name=\"twitter:label1\" content=\"Arvioitu lukuaika\" \/>\n\t<meta name=\"twitter:data1\" content=\"3 minuuttia\" \/>\n<script type=\"application\/ld+json\" class=\"yoast-schema-graph\">{\"@context\":\"https:\/\/schema.org\",\"@graph\":[{\"@type\":\"WebPage\",\"@id\":\"https:\/\/meripelastus.fi\/kuopio\/kuopion-jarvipelastajat\/tukikohdat\/\",\"url\":\"https:\/\/meripelastus.fi\/kuopio\/kuopion-jarvipelastajat\/tukikohdat\/\",\"name\":\"Tukikohdat - Kuopion J\u00e4rvipelastajat\",\"isPartOf\":{\"@id\":\"https:\/\/meripelastus.fi\/kuopio\/#website\"},\"primaryImageOfPage\":{\"@id\":\"https:\/\/meripelastus.fi\/kuopio\/kuopion-jarvipelastajat\/tukikohdat\/#primaryimage\"},\"image\":{\"@id\":\"https:\/\/meripelastus.fi\/kuopio\/kuopion-jarvipelastajat\/tukikohdat\/#primaryimage\"},\"thumbnailUrl\":\"https:\/\/meripelastus.fi\/kuopio\/wp-content\/uploads\/sites\/18\/2019\/07\/234-300x225.jpg\",\"datePublished\":\"2019-03-02T10:38:26+00:00\",\"dateModified\":\"2026-02-16T14:39:50+00:00\",\"description\":\"Kuopion j\u00e4rvipelastajat tukikohdat. Pirttiniemi Messi ja Iivarinsalo\",\"breadcrumb\":{\"@id\":\"https:\/\/meripelastus.fi\/kuopio\/kuopion-jarvipelastajat\/tukikohdat\/#breadcrumb\"},\"inLanguage\":\"fi\",\"potentialAction\":[{\"@type\":\"ReadAction\",\"target\":[\"https:\/\/meripelastus.fi\/kuopio\/kuopion-jarvipelastajat\/tukikohdat\/\"]}]},{\"@type\":\"ImageObject\",\"inLanguage\":\"fi\",\"@id\":\"https:\/\/meripelastus.fi\/kuopio\/kuopion-jarvipelastajat\/tukikohdat\/#primaryimage\",\"url\":\"https:\/\/meripelastus.fi\/kuopio\/wp-content\/uploads\/sites\/18\/2019\/07\/234.jpg\",\"contentUrl\":\"https:\/\/meripelastus.fi\/kuopio\/wp-content\/uploads\/sites\/18\/2019\/07\/234.jpg\",\"width\":577,\"height\":433},{\"@type\":\"BreadcrumbList\",\"@id\":\"https:\/\/meripelastus.fi\/kuopio\/kuopion-jarvipelastajat\/tukikohdat\/#breadcrumb\",\"itemListElement\":[{\"@type\":\"ListItem\",\"position\":1,\"name\":\"Etusivu\",\"item\":\"https:\/\/meripelastus.fi\/kuopio\/\"},{\"@type\":\"ListItem\",\"position\":2,\"name\":\"Kuopion J\u00e4rvipelastajat\",\"item\":\"https:\/\/meripelastus.fi\/kuopio\/kuopion-jarvipelastajat\/\"},{\"@type\":\"ListItem\",\"position\":3,\"name\":\"Tukikohdat\"}]},{\"@type\":\"WebSite\",\"@id\":\"https:\/\/meripelastus.fi\/kuopio\/#website\",\"url\":\"https:\/\/meripelastus.fi\/kuopio\/\",\"name\":\"Kuopion J\u00e4rvipelastajat\",\"description\":\"Vapaaehtoiset apunasi vesill\u00e4\",\"potentialAction\":[{\"@type\":\"SearchAction\",\"target\":{\"@type\":\"EntryPoint\",\"urlTemplate\":\"https:\/\/meripelastus.fi\/kuopio\/?s={search_term_string}\"},\"query-input\":{\"@type\":\"PropertyValueSpecification\",\"valueRequired\":true,\"valueName\":\"search_term_string\"}}],\"inLanguage\":\"fi\"}]}<\/script>\n<!-- \/ Yoast SEO Premium plugin. -->","yoast_head_json":{"title":"Tukikohdat - Kuopion J\u00e4rvipelastajat","description":"Kuopion j\u00e4rvipelastajat tukikohdat. Pirttiniemi Messi ja Iivarinsalo","robots":{"index":"index","follow":"follow","max-snippet":"max-snippet:-1","max-image-preview":"max-image-preview:large","max-video-preview":"max-video-preview:-1"},"canonical":"https:\/\/meripelastus.fi\/kuopio\/kuopion-jarvipelastajat\/tukikohdat\/","og_locale":"fi_FI","og_type":"article","og_title":"Tukikohdat","og_description":"Kuopion j\u00e4rvipelastajat tukikohdat. Pirttiniemi Messi ja Iivarinsalo","og_url":"https:\/\/meripelastus.fi\/kuopio\/kuopion-jarvipelastajat\/tukikohdat\/","og_site_name":"Kuopion J\u00e4rvipelastajat","article_modified_time":"2026-02-16T14:39:50+00:00","og_image":[{"width":577,"height":433,"url":"https:\/\/meripelastus.fi\/kuopio\/wp-content\/uploads\/sites\/18\/2019\/07\/234.jpg","type":"image\/jpeg"}],"twitter_card":"summary_large_image","twitter_misc":{"Arvioitu lukuaika":"3 minuuttia"},"schema":{"@context":"https:\/\/schema.org","@graph":[{"@type":"WebPage","@id":"https:\/\/meripelastus.fi\/kuopio\/kuopion-jarvipelastajat\/tukikohdat\/","url":"https:\/\/meripelastus.fi\/kuopio\/kuopion-jarvipelastajat\/tukikohdat\/","name":"Tukikohdat - Kuopion J\u00e4rvipelastajat","isPartOf":{"@id":"https:\/\/meripelastus.fi\/kuopio\/#website"},"primaryImageOfPage":{"@id":"https:\/\/meripelastus.fi\/kuopio\/kuopion-jarvipelastajat\/tukikohdat\/#primaryimage"},"image":{"@id":"https:\/\/meripelastus.fi\/kuopio\/kuopion-jarvipelastajat\/tukikohdat\/#primaryimage"},"thumbnailUrl":"https:\/\/meripelastus.fi\/kuopio\/wp-content\/uploads\/sites\/18\/2019\/07\/234-300x225.jpg","datePublished":"2019-03-02T10:38:26+00:00","dateModified":"2026-02-16T14:39:50+00:00","description":"Kuopion j\u00e4rvipelastajat tukikohdat. Pirttiniemi Messi ja Iivarinsalo","breadcrumb":{"@id":"https:\/\/meripelastus.fi\/kuopio\/kuopion-jarvipelastajat\/tukikohdat\/#breadcrumb"},"inLanguage":"fi","potentialAction":[{"@type":"ReadAction","target":["https:\/\/meripelastus.fi\/kuopio\/kuopion-jarvipelastajat\/tukikohdat\/"]}]},{"@type":"ImageObject","inLanguage":"fi","@id":"https:\/\/meripelastus.fi\/kuopio\/kuopion-jarvipelastajat\/tukikohdat\/#primaryimage","url":"https:\/\/meripelastus.fi\/kuopio\/wp-content\/uploads\/sites\/18\/2019\/07\/234.jpg","contentUrl":"https:\/\/meripelastus.fi\/kuopio\/wp-content\/uploads\/sites\/18\/2019\/07\/234.jpg","width":577,"height":433},{"@type":"BreadcrumbList","@id":"https:\/\/meripelastus.fi\/kuopio\/kuopion-jarvipelastajat\/tukikohdat\/#breadcrumb","itemListElement":[{"@type":"ListItem","position":1,"name":"Etusivu","item":"https:\/\/meripelastus.fi\/kuopio\/"},{"@type":"ListItem","position":2,"name":"Kuopion J\u00e4rvipelastajat","item":"https:\/\/meripelastus.fi\/kuopio\/kuopion-jarvipelastajat\/"},{"@type":"ListItem","position":3,"name":"Tukikohdat"}]},{"@type":"WebSite","@id":"https:\/\/meripelastus.fi\/kuopio\/#website","url":"https:\/\/meripelastus.fi\/kuopio\/","name":"Kuopion J\u00e4rvipelastajat","description":"Vapaaehtoiset apunasi vesill\u00e4","potentialAction":[{"@type":"SearchAction","target":{"@type":"EntryPoint","urlTemplate":"https:\/\/meripelastus.fi\/kuopio\/?s={search_term_string}"},"query-input":{"@type":"PropertyValueSpecification","valueRequired":true,"valueName":"search_term_string"}}],"inLanguage":"fi"}]}},"_links":{"self":[{"href":"https:\/\/meripelastus.fi\/kuopio\/wp-json\/wp\/v2\/pages\/203","targetHints":{"allow":["GET"]}}],"collection":[{"href":"https:\/\/meripelastus.fi\/kuopio\/wp-json\/wp\/v2\/pages"}],"about":[{"href":"https:\/\/meripelastus.fi\/kuopio\/wp-json\/wp\/v2\/types\/page"}],"author":[{"embeddable":true,"href":"https:\/\/meripelastus.fi\/kuopio\/wp-json\/wp\/v2\/users\/35"}],"replies":[{"embeddable":true,"href":"https:\/\/meripelastus.fi\/kuopio\/wp-json\/wp\/v2\/comments?post=203"}],"version-history":[{"count":32,"href":"https:\/\/meripelastus.fi\/kuopio\/wp-json\/wp\/v2\/pages\/203\/revisions"}],"predecessor-version":[{"id":700,"href":"https:\/\/meripelastus.fi\/kuopio\/wp-json\/wp\/v2\/pages\/203\/revisions\/700"}],"up":[{"embeddable":true,"href":"https:\/\/meripelastus.fi\/kuopio\/wp-json\/wp\/v2\/pages\/6"}],"wp:attachment":[{"href":"https:\/\/meripelastus.fi\/kuopio\/wp-json\/wp\/v2\/media?parent=203"}],"curies":[{"name":"wp","href":"https:\/\/api.w.org\/{rel}","templated":true}]}}