{"id":192,"date":"2019-02-26T12:29:02","date_gmt":"2019-02-26T10:29:02","guid":{"rendered":"https:\/\/meripelastus.fi\/kuopio-vedos\/?page_id=192"},"modified":"2026-02-16T16:40:27","modified_gmt":"2026-02-16T14:40:27","slug":"yhdistyksen-saannot","status":"publish","type":"page","link":"https:\/\/meripelastus.fi\/kuopio\/kuopion-jarvipelastajat\/yhdistyksen-saannot\/","title":{"rendered":"Yhdistyksen s\u00e4\u00e4nn\u00f6t"},"content":{"rendered":"<div class=\"title\">\n<h2>SMPS kuopion j\u00e4rvipelastajat ry s\u00e4\u00e4nn\u00f6t<\/h2>\n<\/div>\n<h3>20.11.2017<\/h3>\n<p>&nbsp;<\/p>\n<h4>1 \u00a7 NIMI, KOTIPAIKKA JA KIELI<\/h4>\n<p>Yhdistyksen nimi on SMPS Kuopion J\u00e4rvipelastajat ry, j\u00e4ljemp\u00e4n\u00e4 yhdistys. Ep\u00e4virallisena nimen\u00e4 k\u00e4ytet\u00e4\u00e4n nime\u00e4 \u201dKuopion J\u00e4rvipelastajat\u201d.<\/p>\n<p>Yhdistyksen kotipaikka on Kuopion kaupunki.<\/p>\n<p>Yhdistyksen toiminta-alue k\u00e4sitt\u00e4\u00e4 keskeisen\u00e4 alueena Kallaveden vesist\u00f6n. Keskeinen alue rajautuu pohjoisessa Ahkiolahden kanavaan, etel\u00e4ss\u00e4 Konnuksen kanavaan, kaakossa Karvion ja Varistaipaleen kanaviin sek\u00e4 koillisessa Karjalankosken kanavaan. Laajennettu toiminta-alue k\u00e4sitt\u00e4\u00e4 Nilsi\u00e4n reitin vesist\u00f6n, Juoj\u00e4rven vesist\u00f6n ja Hein\u00e4veden reitin Oraviin saakka. Toiminta-aluetta voidaan laajentaa liitt\u00e4m\u00e4ll\u00e4 yhdistykseen pelastusasemia.<\/p>\n<p>Yhdistyksen kieli on suomi.<\/p>\n<p>Yhdistys on Suomen Meripelastusseura ry:n, jota n\u00e4iss\u00e4 s\u00e4\u00e4nn\u00f6iss\u00e4 kutsutaan Seuraksi, j\u00e4sen. Yhdistys voi my\u00f6s olla veneilyj\u00e4rjest\u00f6jen j\u00e4sen.<\/p>\n<p>&nbsp;<\/p>\n<h4>2 \u00a7 TARKOITUS JA TOIMINTA<\/h4>\n<p>Yhdistyksen tarkoituksena on toiminta-alueellaan<\/p>\n<ol>\n<li>pelastaa ihmishenki\u00e4 merih\u00e4d\u00e4st\u00e4,<\/li>\n<li>avustaa vesill\u00e4liikkujia ja veden \u00e4\u00e4rell\u00e4 oleskelevia vahinko- ja vaaratilanteissa,<\/li>\n<li>toimia yhdistyksen toiminta-alueella vapaaehtoisen meripelastustoiminnan tunnetuksi tekemiseksi,<\/li>\n<li>her\u00e4tt\u00e4\u00e4 toiminta-alueellaan innostusta vapaaehtoista meripelastusta kohtaan<\/li>\n<li>toimia meripelastusty\u00f6n ja vesiliikenteen turvallisuuden edist\u00e4miseksi<\/li>\n<li>toimia vapaaehtoisen pelastuspalvelun aktiivisena yhdistyksen\u00e4<\/li>\n<\/ol>\n<p>Tarkoituksensa toteuttamiseksi yhdistys<\/p>\n<ol>\n<li>suorittaa toiminta-alueellaan pelastusty\u00f6t\u00e4 osana alueellista pelastusj\u00e4rjestelm\u00e4\u00e4 yhteisty\u00f6ss\u00e4 sit\u00e4 johtavien viranomaisten kanssa,<\/li>\n<li>yll\u00e4pit\u00e4\u00e4 ja kehitt\u00e4\u00e4 etsint\u00e4-, pelastus- ja avustustoiminnan edellytt\u00e4mi\u00e4 valmiuksiaan,<\/li>\n<li>tukee Seuran meripelastusta koskevaa edunvalvonta-, koulutus- ja tiedotustoimintaa,<\/li>\n<li>toimii yhteisty\u00f6ss\u00e4 oman toiminta-alueensa meri- ja j\u00e4rvipelastusyhdistysten kanssa sek\u00e4 osallistuu Seuran ja yhdistysten v\u00e4lisen yhteistoiminnan kehitt\u00e4miseen,<\/li>\n<li>tekee toimintavalmiussopimuksia viranomaisten kanssa<\/li>\n<li>harjoittaa nuorisotoimintaa<\/li>\n<li>toimia yhteisty\u00f6ss\u00e4 paikallisten veneily-yhdistysten koulutuksen ja resurssien kanssa<\/li>\n<\/ol>\n<p>Toimintansa tukemiseksi yhdistys voi hankkia varoja<\/p>\n<ol>\n<li>j\u00e4rjest\u00e4m\u00e4ll\u00e4 asianomaisen luvan saatuaan rahanker\u00e4yksi\u00e4, arpajaisia ja maksullisia huvitilaisuuksia<\/li>\n<li>oman alansa julkaisutoiminnalla<\/li>\n<li>kantamalla j\u00e4senyyteen liittyvi\u00e4 j\u00e4senmaksuja<\/li>\n<li>tarjoamalla meripelastustoimintaan liittyv\u00e4\u00e4 Trossi-j\u00e4senpalvelua<\/li>\n<li>laskuttamalla avustustoiminnasta aiheutuneet viranomaisen vahvistamat kulukorvaukset avustettavalta<\/li>\n<li>ottamalla vastaan avustuksia, lahjoituksia ja testamentteja sek\u00e4 myym\u00e4ll\u00e4 erilaisia kannatustuotteita<\/li>\n<li>omistamalla toimintaansa varten tarpeellista irtainta tai kiinte\u00e4\u00e4 omaisuutta, sek\u00e4 vuokraamalla niit\u00e4<\/li>\n<li>suorittamalla maksua vastaan erilaisia vesill\u00e4 tapahtuvia ja vesist\u00f6turvallisuutta edist\u00e4vi\u00e4 palveluteht\u00e4vi\u00e4 huomioiden toiminnasta mahdollisesti aiheutuvat veroseuraamukset ja muut viranomaism\u00e4\u00e4r\u00e4ykset<\/li>\n<li>harjoittamalla yhdistyslain 5 \u00a7:n tarkoittamaa ansiotoimintaa, joka v\u00e4litt\u00f6m\u00e4sti liittyy yhdistyksen tarkoituksen toteuttamiseen taikka jota on pidett\u00e4v\u00e4 taloudellisesti v\u00e4h\u00e4arvoisena.<\/li>\n<\/ol>\n<p>&nbsp;<\/p>\n<h4>3 \u00a7 J\u00c4SENET<\/h4>\n<p>Yhdistyksen j\u00e4seni\u00e4 ovat henkil\u00f6j\u00e4senet, perhej\u00e4senet jotka kuuluvat henkil\u00f6j\u00e4senen ruokakuntaan, yhteis\u00f6j\u00e4senet, s\u00e4\u00e4ti\u00f6t sek\u00e4 kunniapuheenjohtajat ja kunniaj\u00e4senet.<\/p>\n<p>Henkil\u00f6j\u00e4seneksi voi liitty\u00e4 jokainen hyv\u00e4maineinen fyysinen henkil\u00f6, samoin kuin yhteis\u00f6- ja s\u00e4\u00e4ti\u00f6j\u00e4seneksi jokainen oikeuskelpoinen yhteis\u00f6 tai s\u00e4\u00e4ti\u00f6, jotka hyv\u00e4ksyv\u00e4t yhdistyksen s\u00e4\u00e4nn\u00f6t. Hallitus hyv\u00e4ksyy uudet j\u00e4senet.<\/p>\n<p>Kunniapuheenjohtajaksi tai kunniaj\u00e4seneksi voi yhdistyksen kokous hallituksen esityksest\u00e4 kolme nelj\u00e4sosan (3\/4) \u00e4\u00e4nten enemmist\u00f6ll\u00e4 kutsua henkil\u00f6n, joka on eritt\u00e4in ansiokkaasti edist\u00e4nyt tai tukenut yhdistyksen toimintaa.<\/p>\n<p>&nbsp;<\/p>\n<h4>4 \u00a7 J\u00c4SENYYS<\/h4>\n<p>J\u00e4senell\u00e4 on oikeus erota yhdistyksest\u00e4 ilmoittamalla siit\u00e4 kirjallisesti hallitukselle tai sen puheenjohtajalle. J\u00e4sen voi my\u00f6s erota ilmoittamalla siit\u00e4 yhdistyksen kokouksessa p\u00f6yt\u00e4kirjaan merkitt\u00e4v\u00e4ksi.<\/p>\n<p>J\u00e4sen, joka on j\u00e4tt\u00e4nyt er\u00e4\u00e4ntyneen j\u00e4senmaksunsa maksamatta toukokuun loppuun menness\u00e4 tai muuten j\u00e4tt\u00e4nyt t\u00e4ytt\u00e4m\u00e4tt\u00e4 ne velvoitteet, joihin h\u00e4n yhdistyksen j\u00e4senen\u00e4 on sitoutunut, voidaan hallituksen p\u00e4\u00e4t\u00f6ksell\u00e4 erottaa yhdistyksen j\u00e4senyydest\u00e4. Hallitus voi p\u00e4\u00e4t\u00f6ksell\u00e4\u00e4n my\u00f6s erottaa yhdistyksen j\u00e4senen, joka menettelyll\u00e4\u00e4n yhdistyksess\u00e4 tai sen ulkopuolella huomattavasti on vahingoittanut yhdistyst\u00e4.<\/p>\n<p>Erotetulla on oikeus saattaa erottaminen yhdistyksen kokouksen ratkaistavaksi, mik\u00e4li h\u00e4n kirjallisesti ilmoittaa siit\u00e4 hallitukselle enint\u00e4\u00e4n 60 p\u00e4iv\u00e4\u00e4 erottamisilmoituksen l\u00e4hett\u00e4misest\u00e4, mik\u00e4li erottamisen syyn\u00e4 on muu kuin j\u00e4senmaksun suorittamatta j\u00e4tt\u00e4minen. Eroava ja erotettava j\u00e4sen on velvollinen maksamaan j\u00e4senmaksunsa kyseiselt\u00e4 kalenterivuodelta.<\/p>\n<p>&nbsp;<\/p>\n<h4>5 \u00a7 J\u00c4SENMAKSU JA \u00c4\u00c4NIOIKEUS<\/h4>\n<p>Jokainen henkil\u00f6-, perhe-, yhteis\u00f6- ja s\u00e4\u00e4ti\u00f6j\u00e4sen, kunniapuheenjohtajaa ja kunniaj\u00e4seni\u00e4 lukuun ottamatta, suorittakoon yhdistykselle sen suuruisen j\u00e4senmaksun ja henkil\u00f6j\u00e4senen liittymismaksun kuin yhdistyksen syyskokous on p\u00e4\u00e4tt\u00e4nyt erikseen henkil\u00f6-, perhe-, yhteis\u00f6j\u00e4senille ja s\u00e4\u00e4ti\u00f6j\u00e4senille. Jokaisella 15 vuotta t\u00e4ytt\u00e4neell\u00e4 henkil\u00f6j\u00e4senell\u00e4 on \u00e4\u00e4nioikeus yhdistyksen kokouksissa, mik\u00e4li viimeksi er\u00e4\u00e4ntynyt j\u00e4senmaksu on maksettu ennen kokousta. Jokaisella \u00e4\u00e4nioikeutetulla on yksi \u00e4\u00e4ni. \u00c4\u00e4nioikeutta ei voi k\u00e4ytt\u00e4\u00e4 asiamiehen v\u00e4lityksell\u00e4. Kunniapuheenjohtajilla ja kunniaj\u00e4senill\u00e4 on \u00e4\u00e4nioikeus yhdistyksen kokouksissa.<\/p>\n<p>Perhe-, yhteis\u00f6- ja s\u00e4\u00e4ti\u00f6j\u00e4senill\u00e4 on puhe-, mutta ei \u00e4\u00e4nioikeutta yhdistyksen kokouksissa.<\/p>\n<p>&nbsp;<\/p>\n<h4>6 \u00a7 TOIMINTA- JA TILIKAUSI<\/h4>\n<p>Yhdistyksen toiminta- ja tilikausi on kalenterivuosi.<\/p>\n<p>Vuosikertomus ja tilinp\u00e4\u00e4t\u00f6s ovat hallituksen j\u00e4tett\u00e4v\u00e4 viimeist\u00e4\u00e4n kolme (3) viikkoa ennen kev\u00e4tkokousta toiminnantarkastajille, joiden tulee antaa lausuntonsa hallitukselle viimeist\u00e4\u00e4n yht\u00e4 (1) viikkoa ennen kev\u00e4tkokousta.<\/p>\n<p>&nbsp;<\/p>\n<h4>7 \u00a7 YHDISTYKSEN KOKOUKSET<\/h4>\n<p>Yhdistyksen kev\u00e4tkokous pidet\u00e4\u00e4n kunkin vuoden maaliskuun loppuun menness\u00e4 ja syyskokous syys- &#8211; joulukuussa.<\/p>\n<p>Esitys, jonka yhdistyksen j\u00e4sen haluaa j\u00e4tt\u00e4\u00e4 yhdistyksen kokouksen p\u00e4\u00e4tett\u00e4v\u00e4ksi, tulee antaa hallitukselle viimeist\u00e4\u00e4n kolmekymment\u00e4 (30) p\u00e4iv\u00e4\u00e4 ennen kokousta.<\/p>\n<p>Yhdistyksen ylim\u00e4\u00e4r\u00e4inen kokous pidet\u00e4\u00e4n silloin, kun yhdistyksen kokous niin p\u00e4\u00e4tt\u00e4\u00e4 tai hallitus katsoo sen tarpeelliseksi tai kun v\u00e4hint\u00e4\u00e4n kymmenesosa (1\/10) yhdistyksen \u00e4\u00e4nioikeutetuista j\u00e4senist\u00e4 sit\u00e4 kirjallisesti hallitukselta vaatii ilmoitetun asian k\u00e4sittelemist\u00e4 varten. Ylim\u00e4\u00e4r\u00e4isen kokouksen kutsussa on mainittava ne asiat, jotka kokouksessa k\u00e4sitell\u00e4\u00e4n.<\/p>\n<p>Kokoukset pidet\u00e4\u00e4n hallituksen m\u00e4\u00e4r\u00e4\u00e4m\u00e4n\u00e4 aikana ja paikassa. Kutsu kokouksiin on l\u00e4hetett\u00e4v\u00e4 v\u00e4hint\u00e4\u00e4n kymmenen (10) p\u00e4iv\u00e4\u00e4 ennen kokousta kirjeitse tai s\u00e4hk\u00f6postitse j\u00e4senille tai ilmoituksella j\u00e4senist\u00f6lle suunnatussa tietoteknisess\u00e4 jakelussa tai yhdess\u00e4 yhdistyksen kotipaikkakunnalla s\u00e4\u00e4nn\u00f6llisesti ilmestyv\u00e4ss\u00e4 ilmaisjakelulehdess\u00e4.<\/p>\n<p>Yhdistyksen kokoukseen voidaan osallistua hallituksen tai yhdistyksen kokouksen niin p\u00e4\u00e4tt\u00e4ess\u00e4 my\u00f6s postitse taikka tietoliikenneyhteyden tai muun teknisen apuv\u00e4lineen avulla kokouksen aikana tai ennen kokousta.<\/p>\n<p>Yhdistyksen kokouksen p\u00e4\u00e4t\u00f6kseksi tulee se mielipide, jota on kannattanut yli puolet annetuista \u00e4\u00e4nist\u00e4. \u00c4\u00e4nten menness\u00e4 tasan ratkaisee kokouksen puheenjohtajan \u00e4\u00e4ni, vaaleissa kuitenkin arpa.<\/p>\n<p>&nbsp;<\/p>\n<h4>8 \u00a7 S\u00c4\u00c4NT\u00d6M\u00c4\u00c4R\u00c4ISET KOKOUKSET<\/h4>\n<p>Yhdistyksen kev\u00e4tkokouksessa k\u00e4sitell\u00e4\u00e4n seuraavat asiat:<\/p>\n<ol>\n<li>avataan kokous<\/li>\n<li>valitaan puheenjohtaja, sihteeri, kaksi (2) p\u00f6yt\u00e4kirjantarkastajaa ja kaksi (2) \u00e4\u00e4ntenlaskijaa<\/li>\n<li>todetaan l\u00e4sn\u00e4olijat ja \u00e4\u00e4nioikeutetut j\u00e4senet<\/li>\n<li>todetaan kokouksen laillisuus ja p\u00e4\u00e4t\u00f6svaltaisuus<\/li>\n<li>k\u00e4sitell\u00e4\u00e4n ty\u00f6j\u00e4rjestys<\/li>\n<li>esitell\u00e4\u00e4n yhdistyksen vuosikertomus ja tilinp\u00e4\u00e4t\u00f6s<\/li>\n<li>esitell\u00e4\u00e4n toiminnantarkastuskertomus<\/li>\n<li>p\u00e4\u00e4tet\u00e4\u00e4n vuosikertomuksen ja tilinp\u00e4\u00e4t\u00f6ksen vahvistamisesta sek\u00e4 vastuuvapauden my\u00f6nt\u00e4misest\u00e4 hallitukselle ja muille tilivelvollisille<\/li>\n<li>k\u00e4sitell\u00e4\u00e4n muut kokouskutsussa mainitut asiat<\/li>\n<li>k\u00e4sitell\u00e4\u00e4n muut j\u00e4senten yhdistyksen kokouksen p\u00e4\u00e4tett\u00e4v\u00e4ksi j\u00e4tt\u00e4m\u00e4t asiat, ottaen huomioon yhdistyslain 24 \u00a7<\/li>\n<li>esitell\u00e4\u00e4n hallituksen tiedonannot<\/li>\n<li>p\u00e4\u00e4tet\u00e4\u00e4n kokous<\/li>\n<\/ol>\n<p>Yhdistyksen syyskokouksessa k\u00e4sitell\u00e4\u00e4n seuraavat asiat:<\/p>\n<ol>\n<li>avataan kokous<\/li>\n<li>valitaan puheenjohtaja, sihteeri, kaksi (2) p\u00f6yt\u00e4kirjantarkastajaa ja kaksi (2) \u00e4\u00e4ntenlaskijaa<\/li>\n<li>todetaan l\u00e4sn\u00e4olijat ja \u00e4\u00e4nioikeutetut j\u00e4senet<\/li>\n<li>todetaan kokouksen laillisuus ja p\u00e4\u00e4t\u00f6svaltaisuus<\/li>\n<li>k\u00e4sitell\u00e4\u00e4n ty\u00f6j\u00e4rjestys<\/li>\n<li>vahvistetaan yhdistyksen seuraavan vuoden toimintasuunnitelma, talousarvio ja j\u00e4senmaksut, sek\u00e4 henkil\u00f6j\u00e4senen liittymismaksu<\/li>\n<li>valitaan hallituksen puheenjohtaja tai varapuheenjohtaja vuorovuosin kahden (2) vuoden toimikaudeksi<\/li>\n<li>valitaan kaksi (2) hallituksen j\u00e4sent\u00e4 kahden (2) vuoden toimikaudeksi erovuoroisten tilalle<\/li>\n<li>valitaan kaksi (2) toiminnantarkastajaa ja heille varahenkil\u00f6<\/li>\n<li>k\u00e4sitell\u00e4\u00e4n muut kokouskutsussa mainitut asiat<\/li>\n<li>k\u00e4sitell\u00e4\u00e4n muut j\u00e4senten yhdistyksen kokouksen p\u00e4\u00e4tett\u00e4v\u00e4ksi j\u00e4tt\u00e4m\u00e4t asiat, ottaen huomioon yhdistyslain 24 \u00a7<\/li>\n<li>esitell\u00e4\u00e4n hallituksen tiedonannot<\/li>\n<li>p\u00e4\u00e4tet\u00e4\u00e4n kokous<\/li>\n<\/ol>\n<p>Vuosikertomus ja tilinp\u00e4\u00e4t\u00f6s, toiminnantarkastajien lausunto sek\u00e4 j\u00e4ljenn\u00f6s kev\u00e4tkokouksen p\u00f6yt\u00e4kirjasta on l\u00e4hetett\u00e4v\u00e4 Seuralle ennen huhtikuun 15. p\u00e4iv\u00e4\u00e4.<\/p>\n<h4><\/h4>\n<h4>9 \u00a7 HALLINTO<\/h4>\n<p>Yhdistyst\u00e4 edustaa ja sen toimintaa johtaa hallitus, johon kuuluu puheenjohtaja, varapuheenjohtaja sek\u00e4 nelj\u00e4 (4) muuta j\u00e4sent\u00e4. Puheenjohtajat valitaan kahdeksi (2) vuodeksi kerrallaan siten, ett\u00e4 toinen heist\u00e4 on vuorollaan erovuoroinen. Ensimm\u00e4isell\u00e4 kerralla puheenjohtaja valitaan kahdeksi (2) ja varapuheenjohtaja yhdeksi (1) vuodeksi. Muiden j\u00e4senten toimikausi on kaksivuotinen siten, ett\u00e4 vuorovuosina eroaa kaksi (2) j\u00e4sent\u00e4. Ensimm\u00e4isen\u00e4 vuonna erovuoroisuuden ratkaisee arpominen, joka suoritetaan v\u00e4litt\u00f6m\u00e4sti vaalin j\u00e4lkeen.<\/p>\n<p>Hallitus valitsee keskuudestaan tai ulkopuolelta yhdistykselle sihteerin ja taloudenhoitajan sek\u00e4 muut tarvittavat toimihenkil\u00f6t.<\/p>\n<p>Hallitus voi palkata ty\u00f6ntekij\u00f6it\u00e4 ja toimihenkil\u00f6it\u00e4.<\/p>\n<p>Hallitus voi perustaa toimikuntia hoitamaan eri teht\u00e4vi\u00e4.<\/p>\n<p>&nbsp;<\/p>\n<h4>10 \u00a7 HALLITUKSEN KOKOUKSET<\/h4>\n<p>Hallitus kokoontuu puheenjohtajan tai h\u00e4nen ollessaan estyneen\u00e4 varapuheenjohtajan kutsusta. Hallitus on p\u00e4\u00e4t\u00f6svaltainen, mik\u00e4li v\u00e4hint\u00e4\u00e4n puolet sen j\u00e4senist\u00e4 on l\u00e4sn\u00e4 ja heist\u00e4 v\u00e4hint\u00e4\u00e4n yksi on puheenjohtaja tai varapuheen-johtaja.<\/p>\n<p>Yhdistyksen hallituksen kokouksissa on pidett\u00e4v\u00e4 p\u00f6yt\u00e4kirjaa, jonka allekirjoituksellaan vahvistavat kokouksen puheenjohtaja ja sihteeri.<\/p>\n<p>Kokouksen p\u00f6yt\u00e4kirja tarkastetaan aina seuraavassa kokouksessa. P\u00f6yt\u00e4kirja tai sen osaa voidaan erityisest\u00e4 syyst\u00e4 my\u00f6s tarkastaa v\u00e4litt\u00f6m\u00e4sti.<\/p>\n<p>\u00c4\u00e4nestyksess\u00e4 voittaa se kanta, jota yksinkertainen enemmist\u00f6 l\u00e4sn\u00e4 olevista j\u00e4senist\u00e4 kannattaa. Jos \u00e4\u00e4net menev\u00e4t tasan, ratkaisee kokouksen puheenjohtajan \u00e4\u00e4ni, henkil\u00f6vaaleissa kuitenkin arpa.<\/p>\n<p>&nbsp;<\/p>\n<h4>11 \u00a7 HALLITUKSEN TEHT\u00c4V\u00c4T<\/h4>\n<p>Hallituksen teht\u00e4v\u00e4n\u00e4 on muun muassa:<\/p>\n<ol>\n<li>vastata yhdistyksen toiminnasta ja hallinnosta<\/li>\n<li>valvoa yhdistyksen etua sek\u00e4 kantaa ja vastata yhdistyksen puolesta<\/li>\n<li>laatia yhdistyksen talousarvioesitys sek\u00e4 ehdotus j\u00e4senmaksujen suuruudeksi<\/li>\n<li>hoitaa yhdistyksen taloutta ja huolehtia yhdistyksen hallinnassa olevasta omaisuudesta<\/li>\n<li>huolehtia hallituksen vuosikertomuksen ja tilinp\u00e4\u00e4t\u00f6ksen laatimisesta<\/li>\n<li>valmistella yhdistyksen kokouksissa k\u00e4sitelt\u00e4v\u00e4t asiat sek\u00e4 toimenpanna niist\u00e4 tehdyt p\u00e4\u00e4t\u00f6kset<\/li>\n<li>pit\u00e4\u00e4 yhteytt\u00e4 Seuraan ja toisiin j\u00e4senyhdistyksiin<\/li>\n<li>ottaa ja erottaa yhdistyksen ty\u00f6ntekij\u00e4n, toimihenkil\u00f6n, taloudenhoitajan ja sihteerin sek\u00e4 muut tarvittavat toimihenkil\u00f6t<\/li>\n<li>p\u00e4\u00e4tt\u00e4\u00e4 toimikuntien perustamisesta sek\u00e4 vahvistaa niiden toimintaohjeet ja valita niihin j\u00e4senet<\/li>\n<li>nimitt\u00e4\u00e4 yhdistyksen k\u00e4yt\u00f6ss\u00e4 olevien pelastusalusten p\u00e4\u00e4llik\u00f6t<\/li>\n<li>p\u00e4\u00e4tt\u00e4\u00e4 yhdistyksen huomionosoituksista ja palkitsemisista<\/li>\n<li>yll\u00e4pit\u00e4\u00e4 yhteytt\u00e4 alueen muihin pelastuspalveluorganisaatioihin<\/li>\n<li>toimittaa vuosittain yhdistyksen vuosikertomus, tilinp\u00e4\u00e4t\u00f6s ja vuosikokouksen p\u00f6yt\u00e4kirja j\u00e4ljenn\u00f6ksin\u00e4 Seuralle huhtikuun 15. p\u00e4iv\u00e4\u00e4n menness\u00e4<\/li>\n<li>valmistella yhdistyksen kokoukselle huomattavan omaisuuden kiinnitt\u00e4mist\u00e4 ja luovuttamista koskevat esitykset<\/li>\n<\/ol>\n<p>Hallitus vahvistaa itse ty\u00f6j\u00e4rjestyksens\u00e4.<\/p>\n<p>&nbsp;<\/p>\n<h4>12 \u00a7 YHDISTYKSEN NIMEN KIRJOITTAMINEN<\/h4>\n<p>Yhdistyksen nimen kirjoittaa puheenjohtaja tai henkil\u00f6, jolle hallitus on my\u00f6nt\u00e4nyt nimenkirjoitusoikeuden.<\/p>\n<p>&nbsp;<\/p>\n<h4>13 \u00a7 S\u00c4\u00c4NT\u00d6JEN MUUTTAMINEN<\/h4>\n<p>Ehdotus n\u00e4iden s\u00e4\u00e4nt\u00f6jen muuttamisesta on k\u00e4sitelt\u00e4v\u00e4 kahdessa per\u00e4tt\u00e4isess\u00e4 yhdistyksen kokouksessa, joista toisen on oltava s\u00e4\u00e4nt\u00f6m\u00e4\u00e4r\u00e4inen kokous. Kokousten v\u00e4li tulee olla v\u00e4hint\u00e4\u00e4n 30 p\u00e4iv\u00e4\u00e4. Kummassakin kokouksessa esityksen on saatava annetuista \u00e4\u00e4nist\u00e4 v\u00e4hint\u00e4\u00e4n kolme nelj\u00e4sosan (3\/4) \u00e4\u00e4nten enemmist\u00f6 tullakseen hyv\u00e4ksytyksi.<\/p>\n<p>Ehdotus n\u00e4iden s\u00e4\u00e4nt\u00f6jen muuttamisesta on 30 p\u00e4iv\u00e4\u00e4 ennen ensimm\u00e4ist\u00e4 k\u00e4sittely\u00e4 hyv\u00e4ksytett\u00e4v\u00e4 Seuralla.<\/p>\n<p>&nbsp;<\/p>\n<h4>14 \u00a7 YHDISTYKSEN PURKAMINEN<\/h4>\n<p>P\u00e4\u00e4t\u00f6s yhdistyksen purkamisesta tehd\u00e4\u00e4n kahdessa per\u00e4tt\u00e4isess\u00e4 yhdistyksen kokouksessa sill\u00e4 tavalla ja samalla \u00e4\u00e4ntenenemmist\u00f6ll\u00e4 kuin 13 \u00a7 m\u00e4\u00e4r\u00e4t\u00e4\u00e4n. Jos yhdistys puretaan tai sen toiminta lakkautetaan, luovutetaan sen j\u00e4ljellej\u00e4\u00e4neet varat ja kalusto Seuralle.<\/p>\n<p>Ehdotus yhdistyksen purkamisesta on ilmoitettava 30 p\u00e4iv\u00e4\u00e4 ennen ensimm\u00e4ist\u00e4 k\u00e4sittely\u00e4 Seuralle.<\/p>\n","protected":false},"excerpt":{"rendered":"<p>SMPS kuopion j\u00e4rvipelastajat ry s\u00e4\u00e4nn\u00f6t 20.11.2017 &nbsp; 1 \u00a7 NIMI, KOTIPAIKKA JA KIELI Yhdistyksen nimi on SMPS Kuopion J\u00e4rvipelastajat ry, j\u00e4ljemp\u00e4n\u00e4 yhdistys. Ep\u00e4virallisena nimen\u00e4 k\u00e4ytet\u00e4\u00e4n nime\u00e4 \u201dKuopion J\u00e4rvipelastajat\u201d. Yhdistyksen kotipaikka on Kuopion kaupunki. Yhdistyksen toiminta-alue k\u00e4sitt\u00e4\u00e4 keskeisen\u00e4 alueena Kallaveden vesist\u00f6n. Keskeinen alue rajautuu pohjoisessa Ahkiolahden kanavaan, etel\u00e4ss\u00e4 Konnuksen kanavaan, kaakossa Karvion ja Varistaipaleen kanaviin sek\u00e4 [&hellip;]<\/p>\n","protected":false},"author":35,"featured_media":0,"parent":6,"menu_order":0,"comment_status":"closed","ping_status":"closed","template":"","meta":{"_acf_changed":false,"inline_featured_image":false,"footnotes":""},"class_list":["post-192","page","type-page","status-publish","hentry"],"acf":[],"yoast_head":"<!-- This site is optimized with the Yoast SEO Premium plugin v27.4 (Yoast SEO v27.4) - https:\/\/yoast.com\/product\/yoast-seo-premium-wordpress\/ -->\n<title>Yhdistyksen s\u00e4\u00e4nn\u00f6t - Kuopion J\u00e4rvipelastajat<\/title>\n<meta name=\"robots\" content=\"index, follow, max-snippet:-1, max-image-preview:large, max-video-preview:-1\" \/>\n<link rel=\"canonical\" href=\"https:\/\/meripelastus.fi\/kuopio\/kuopion-jarvipelastajat\/yhdistyksen-saannot\/\" \/>\n<meta property=\"og:locale\" content=\"fi_FI\" \/>\n<meta property=\"og:type\" content=\"article\" \/>\n<meta property=\"og:title\" content=\"Yhdistyksen s\u00e4\u00e4nn\u00f6t\" \/>\n<meta property=\"og:description\" content=\"SMPS kuopion j\u00e4rvipelastajat ry s\u00e4\u00e4nn\u00f6t 20.11.2017 &nbsp; 1 \u00a7 NIMI, KOTIPAIKKA JA KIELI Yhdistyksen nimi on SMPS Kuopion J\u00e4rvipelastajat ry, j\u00e4ljemp\u00e4n\u00e4 yhdistys. Ep\u00e4virallisena nimen\u00e4 k\u00e4ytet\u00e4\u00e4n nime\u00e4 \u201dKuopion J\u00e4rvipelastajat\u201d. Yhdistyksen kotipaikka on Kuopion kaupunki. Yhdistyksen toiminta-alue k\u00e4sitt\u00e4\u00e4 keskeisen\u00e4 alueena Kallaveden vesist\u00f6n. Keskeinen alue rajautuu pohjoisessa Ahkiolahden kanavaan, etel\u00e4ss\u00e4 Konnuksen kanavaan, kaakossa Karvion ja Varistaipaleen kanaviin sek\u00e4 [&hellip;]\" \/>\n<meta property=\"og:url\" content=\"https:\/\/meripelastus.fi\/kuopio\/kuopion-jarvipelastajat\/yhdistyksen-saannot\/\" \/>\n<meta property=\"og:site_name\" content=\"Kuopion J\u00e4rvipelastajat\" \/>\n<meta property=\"article:modified_time\" content=\"2026-02-16T14:40:27+00:00\" \/>\n<meta name=\"twitter:card\" content=\"summary_large_image\" \/>\n<meta name=\"twitter:label1\" content=\"Arvioitu lukuaika\" \/>\n\t<meta name=\"twitter:data1\" content=\"9 minuuttia\" \/>\n<script type=\"application\/ld+json\" class=\"yoast-schema-graph\">{\"@context\":\"https:\\\/\\\/schema.org\",\"@graph\":[{\"@type\":\"WebPage\",\"@id\":\"https:\\\/\\\/meripelastus.fi\\\/kuopio\\\/kuopion-jarvipelastajat\\\/yhdistyksen-saannot\\\/\",\"url\":\"https:\\\/\\\/meripelastus.fi\\\/kuopio\\\/kuopion-jarvipelastajat\\\/yhdistyksen-saannot\\\/\",\"name\":\"Yhdistyksen s\u00e4\u00e4nn\u00f6t - Kuopion J\u00e4rvipelastajat\",\"isPartOf\":{\"@id\":\"https:\\\/\\\/meripelastus.fi\\\/kuopio\\\/#website\"},\"datePublished\":\"2019-02-26T10:29:02+00:00\",\"dateModified\":\"2026-02-16T14:40:27+00:00\",\"breadcrumb\":{\"@id\":\"https:\\\/\\\/meripelastus.fi\\\/kuopio\\\/kuopion-jarvipelastajat\\\/yhdistyksen-saannot\\\/#breadcrumb\"},\"inLanguage\":\"fi\",\"potentialAction\":[{\"@type\":\"ReadAction\",\"target\":[\"https:\\\/\\\/meripelastus.fi\\\/kuopio\\\/kuopion-jarvipelastajat\\\/yhdistyksen-saannot\\\/\"]}]},{\"@type\":\"BreadcrumbList\",\"@id\":\"https:\\\/\\\/meripelastus.fi\\\/kuopio\\\/kuopion-jarvipelastajat\\\/yhdistyksen-saannot\\\/#breadcrumb\",\"itemListElement\":[{\"@type\":\"ListItem\",\"position\":1,\"name\":\"Etusivu\",\"item\":\"https:\\\/\\\/meripelastus.fi\\\/kuopio\\\/\"},{\"@type\":\"ListItem\",\"position\":2,\"name\":\"Kuopion J\u00e4rvipelastajat\",\"item\":\"https:\\\/\\\/meripelastus.fi\\\/kuopio\\\/kuopion-jarvipelastajat\\\/\"},{\"@type\":\"ListItem\",\"position\":3,\"name\":\"Yhdistyksen s\u00e4\u00e4nn\u00f6t\"}]},{\"@type\":\"WebSite\",\"@id\":\"https:\\\/\\\/meripelastus.fi\\\/kuopio\\\/#website\",\"url\":\"https:\\\/\\\/meripelastus.fi\\\/kuopio\\\/\",\"name\":\"Kuopion J\u00e4rvipelastajat\",\"description\":\"Vapaaehtoiset apunasi vesill\u00e4\",\"potentialAction\":[{\"@type\":\"SearchAction\",\"target\":{\"@type\":\"EntryPoint\",\"urlTemplate\":\"https:\\\/\\\/meripelastus.fi\\\/kuopio\\\/?s={search_term_string}\"},\"query-input\":{\"@type\":\"PropertyValueSpecification\",\"valueRequired\":true,\"valueName\":\"search_term_string\"}}],\"inLanguage\":\"fi\"}]}<\/script>\n<!-- \/ Yoast SEO Premium plugin. -->","yoast_head_json":{"title":"Yhdistyksen s\u00e4\u00e4nn\u00f6t - Kuopion J\u00e4rvipelastajat","robots":{"index":"index","follow":"follow","max-snippet":"max-snippet:-1","max-image-preview":"max-image-preview:large","max-video-preview":"max-video-preview:-1"},"canonical":"https:\/\/meripelastus.fi\/kuopio\/kuopion-jarvipelastajat\/yhdistyksen-saannot\/","og_locale":"fi_FI","og_type":"article","og_title":"Yhdistyksen s\u00e4\u00e4nn\u00f6t","og_description":"SMPS kuopion j\u00e4rvipelastajat ry s\u00e4\u00e4nn\u00f6t 20.11.2017 &nbsp; 1 \u00a7 NIMI, KOTIPAIKKA JA KIELI Yhdistyksen nimi on SMPS Kuopion J\u00e4rvipelastajat ry, j\u00e4ljemp\u00e4n\u00e4 yhdistys. Ep\u00e4virallisena nimen\u00e4 k\u00e4ytet\u00e4\u00e4n nime\u00e4 \u201dKuopion J\u00e4rvipelastajat\u201d. Yhdistyksen kotipaikka on Kuopion kaupunki. Yhdistyksen toiminta-alue k\u00e4sitt\u00e4\u00e4 keskeisen\u00e4 alueena Kallaveden vesist\u00f6n. Keskeinen alue rajautuu pohjoisessa Ahkiolahden kanavaan, etel\u00e4ss\u00e4 Konnuksen kanavaan, kaakossa Karvion ja Varistaipaleen kanaviin sek\u00e4 [&hellip;]","og_url":"https:\/\/meripelastus.fi\/kuopio\/kuopion-jarvipelastajat\/yhdistyksen-saannot\/","og_site_name":"Kuopion J\u00e4rvipelastajat","article_modified_time":"2026-02-16T14:40:27+00:00","twitter_card":"summary_large_image","twitter_misc":{"Arvioitu lukuaika":"9 minuuttia"},"schema":{"@context":"https:\/\/schema.org","@graph":[{"@type":"WebPage","@id":"https:\/\/meripelastus.fi\/kuopio\/kuopion-jarvipelastajat\/yhdistyksen-saannot\/","url":"https:\/\/meripelastus.fi\/kuopio\/kuopion-jarvipelastajat\/yhdistyksen-saannot\/","name":"Yhdistyksen s\u00e4\u00e4nn\u00f6t - Kuopion J\u00e4rvipelastajat","isPartOf":{"@id":"https:\/\/meripelastus.fi\/kuopio\/#website"},"datePublished":"2019-02-26T10:29:02+00:00","dateModified":"2026-02-16T14:40:27+00:00","breadcrumb":{"@id":"https:\/\/meripelastus.fi\/kuopio\/kuopion-jarvipelastajat\/yhdistyksen-saannot\/#breadcrumb"},"inLanguage":"fi","potentialAction":[{"@type":"ReadAction","target":["https:\/\/meripelastus.fi\/kuopio\/kuopion-jarvipelastajat\/yhdistyksen-saannot\/"]}]},{"@type":"BreadcrumbList","@id":"https:\/\/meripelastus.fi\/kuopio\/kuopion-jarvipelastajat\/yhdistyksen-saannot\/#breadcrumb","itemListElement":[{"@type":"ListItem","position":1,"name":"Etusivu","item":"https:\/\/meripelastus.fi\/kuopio\/"},{"@type":"ListItem","position":2,"name":"Kuopion J\u00e4rvipelastajat","item":"https:\/\/meripelastus.fi\/kuopio\/kuopion-jarvipelastajat\/"},{"@type":"ListItem","position":3,"name":"Yhdistyksen s\u00e4\u00e4nn\u00f6t"}]},{"@type":"WebSite","@id":"https:\/\/meripelastus.fi\/kuopio\/#website","url":"https:\/\/meripelastus.fi\/kuopio\/","name":"Kuopion J\u00e4rvipelastajat","description":"Vapaaehtoiset apunasi vesill\u00e4","potentialAction":[{"@type":"SearchAction","target":{"@type":"EntryPoint","urlTemplate":"https:\/\/meripelastus.fi\/kuopio\/?s={search_term_string}"},"query-input":{"@type":"PropertyValueSpecification","valueRequired":true,"valueName":"search_term_string"}}],"inLanguage":"fi"}]}},"_links":{"self":[{"href":"https:\/\/meripelastus.fi\/kuopio\/wp-json\/wp\/v2\/pages\/192","targetHints":{"allow":["GET"]}}],"collection":[{"href":"https:\/\/meripelastus.fi\/kuopio\/wp-json\/wp\/v2\/pages"}],"about":[{"href":"https:\/\/meripelastus.fi\/kuopio\/wp-json\/wp\/v2\/types\/page"}],"author":[{"embeddable":true,"href":"https:\/\/meripelastus.fi\/kuopio\/wp-json\/wp\/v2\/users\/35"}],"replies":[{"embeddable":true,"href":"https:\/\/meripelastus.fi\/kuopio\/wp-json\/wp\/v2\/comments?post=192"}],"version-history":[{"count":1,"href":"https:\/\/meripelastus.fi\/kuopio\/wp-json\/wp\/v2\/pages\/192\/revisions"}],"predecessor-version":[{"id":193,"href":"https:\/\/meripelastus.fi\/kuopio\/wp-json\/wp\/v2\/pages\/192\/revisions\/193"}],"up":[{"embeddable":true,"href":"https:\/\/meripelastus.fi\/kuopio\/wp-json\/wp\/v2\/pages\/6"}],"wp:attachment":[{"href":"https:\/\/meripelastus.fi\/kuopio\/wp-json\/wp\/v2\/media?parent=192"}],"curies":[{"name":"wp","href":"https:\/\/api.w.org\/{rel}","templated":true}]}}