{"id":797,"date":"2025-12-05T01:27:28","date_gmt":"2025-12-04T23:27:28","guid":{"rendered":"https:\/\/meripelastus.fi\/kotka\/?page_id=797"},"modified":"2025-12-05T01:27:33","modified_gmt":"2025-12-04T23:27:33","slug":"mobiilijasenkortti","status":"publish","type":"page","link":"https:\/\/meripelastus.fi\/kotka\/mobiilijasenkortti\/","title":{"rendered":"Mobiilij\u00e4senkortti"},"content":{"rendered":"\n<h2 class=\"wp-block-heading\" id=\"h-ota-kayttoon-meripelastusseuran-mobiilijasenkortti\">Ota k\u00e4ytt\u00f6\u00f6n meripelastusseuran mobiilij\u00e4senkortti<\/h2>\n\n\n\n<p>Meripelastusseura tarjoaa mobiilij\u00e4senkortin kaikille j\u00e4senyhdistystens\u00e4 j\u00e4senille. Lis\u00e4ksi mobiilij\u00e4senkorttiin on liitetty yhteisty\u00f6kumppaneittemme tarjoamia rahanarvoisia j\u00e4senetuja. Mobiilij\u00e4senkortti kulkee aina mukana puhelimessa.<\/p>\n\n\n\n<p>Mobiilij\u00e4senkortti on voimassa aina seuraavan vuoden huhtikuun alkuun saakka, jolloin toimitamme uuden (edellytt\u00e4\u00e4 kyseisen vuoden j\u00e4senmaksun kirjautumista j\u00e4rjestelm\u00e4\u00e4mme).<\/p>\n\n\n\n<p>Meripelastusseuran mobiilij\u00e4senkortti on Cardu-sovelluksessa, joka toimii iOS- ja Android-\u00e4lypuhelimissa. Sovelluksen avulla on mahdollista k\u00e4ytt\u00e4\u00e4 omassa puhelimessa erilaisia j\u00e4sen- ja etukortteja sek\u00e4 niihin liittyvi\u00e4 etuja.<\/p>\n\n\n\n<h3 class=\"wp-block-heading\" id=\"h-j-asenkortin-kayttoonotto\">J<strong>\u00e4senkortin k\u00e4ytt\u00f6\u00f6notto<\/strong><\/h3>\n\n\n\n<ol class=\"wp-block-list\">\n<li>Jos j\u00e4sentiedoistasi l\u00f6ytyy matkapuhelinnumerosi, saat Cardulta sovelluksen latauslinkin tekstiviestin\u00e4. Klikkaa linkki\u00e4 ja seuraa ohjeita. J\u00e4senkorttisi odottaa sinua Cardu-sovelluksen lompakossa.<\/li>\n\n\n\n<li>Jos sinulla on jo Cardu-tili, saat viestin s\u00e4hk\u00f6postiisi uudesta j\u00e4senkortista ja l\u00f6yd\u00e4t kortin Cardu Lompakosta.<\/li>\n\n\n\n<li>Uusi k\u00e4ytt\u00e4j\u00e4: Lataa Cardu-sovellus sovelluskaupasta ja avaa se. Rekister\u00f6idy k\u00e4ytt\u00e4j\u00e4ksi \u2013&gt; Uusi tili.<\/li>\n\n\n\n<li>Sinulta kysyt\u00e4\u00e4n matkapuhelinnumero, nimesi ja s\u00e4hk\u00f6postiosoitteesi sek\u00e4 pyydet\u00e4\u00e4n luomaan tilille salasana.<\/li>\n\n\n\n<li>Cardu-tunnukseen liitetty puhelinnumero varmennetaan 4-numeroisella koodilla, joka tulee annettuun numeroon tekstiviestin\u00e4.<\/li>\n\n\n\n<li>Tarvittaessa kirjaudu Carduun k\u00e4ytt\u00e4j\u00e4tunnuksellasi (=s\u00e4hk\u00f6postiosoite).<\/li>\n<\/ol>\n\n\n\n<p>Omat korttisi l\u00f6ytyv\u00e4t Cardun Lompakosta. Jos et n\u00e4e j\u00e4senkorttia Cardussa, palaa saamaasi tekstiviestiin ja klikkaa linkki\u00e4 uudelleen. Teknisiss\u00e4 kysymyksiss\u00e4 ota yhteytt\u00e4&nbsp;<a href=\"mailto:support@cardu.com\">support@cardu.com<\/a>. Usein kysytyt kysymykset&nbsp;<a href=\"https:\/\/www.cardu.com\/faq\/\">https:\/\/www.cardu.com\/faq\/<\/a><\/p>\n\n\n\n<p>J\u00e4senedut ja niit\u00e4 koskevat tarkemmat tiedot l\u00f6yd\u00e4t j\u00e4senedut-kanavalta.<\/p>\n","protected":false},"excerpt":{"rendered":"<p>Ota k\u00e4ytt\u00f6\u00f6n meripelastusseuran mobiilij\u00e4senkortti Meripelastusseura tarjoaa mobiilij\u00e4senkortin kaikille j\u00e4senyhdistystens\u00e4 j\u00e4senille. Lis\u00e4ksi mobiilij\u00e4senkorttiin on liitetty yhteisty\u00f6kumppaneittemme tarjoamia rahanarvoisia j\u00e4senetuja. Mobiilij\u00e4senkortti kulkee aina mukana puhelimessa. Mobiilij\u00e4senkortti on voimassa aina seuraavan vuoden huhtikuun alkuun saakka, jolloin toimitamme uuden (edellytt\u00e4\u00e4 kyseisen vuoden j\u00e4senmaksun kirjautumista j\u00e4rjestelm\u00e4\u00e4mme). Meripelastusseuran mobiilij\u00e4senkortti on Cardu-sovelluksessa, joka toimii iOS- ja Android-\u00e4lypuhelimissa. Sovelluksen avulla on mahdollista k\u00e4ytt\u00e4\u00e4 [&hellip;]<\/p>\n","protected":false},"author":142,"featured_media":798,"parent":0,"menu_order":0,"comment_status":"closed","ping_status":"closed","template":"","meta":{"_acf_changed":false,"inline_featured_image":false,"footnotes":""},"class_list":["post-797","page","type-page","status-publish","has-post-thumbnail","hentry"],"acf":[],"yoast_head":"<!-- This site is optimized with the Yoast SEO Premium plugin v27.2 (Yoast SEO v27.2) - https:\/\/yoast.com\/product\/yoast-seo-premium-wordpress\/ -->\n<title>Mobiilij\u00e4senkortti - Kotkan Meripelastusyhdistys<\/title>\n<meta name=\"robots\" content=\"index, follow, max-snippet:-1, max-image-preview:large, max-video-preview:-1\" \/>\n<link rel=\"canonical\" href=\"https:\/\/meripelastus.fi\/kotka\/mobiilijasenkortti\/\" \/>\n<meta property=\"og:locale\" content=\"fi_FI\" \/>\n<meta property=\"og:type\" content=\"article\" \/>\n<meta property=\"og:title\" content=\"Mobiilij\u00e4senkortti\" \/>\n<meta property=\"og:description\" content=\"Ota k\u00e4ytt\u00f6\u00f6n meripelastusseuran mobiilij\u00e4senkortti Meripelastusseura tarjoaa mobiilij\u00e4senkortin kaikille j\u00e4senyhdistystens\u00e4 j\u00e4senille. Lis\u00e4ksi mobiilij\u00e4senkorttiin on liitetty yhteisty\u00f6kumppaneittemme tarjoamia rahanarvoisia j\u00e4senetuja. Mobiilij\u00e4senkortti kulkee aina mukana puhelimessa. Mobiilij\u00e4senkortti on voimassa aina seuraavan vuoden huhtikuun alkuun saakka, jolloin toimitamme uuden (edellytt\u00e4\u00e4 kyseisen vuoden j\u00e4senmaksun kirjautumista j\u00e4rjestelm\u00e4\u00e4mme). Meripelastusseuran mobiilij\u00e4senkortti on Cardu-sovelluksessa, joka toimii iOS- ja Android-\u00e4lypuhelimissa. Sovelluksen avulla on mahdollista k\u00e4ytt\u00e4\u00e4 [&hellip;]\" \/>\n<meta property=\"og:url\" content=\"https:\/\/meripelastus.fi\/kotka\/mobiilijasenkortti\/\" \/>\n<meta property=\"og:site_name\" content=\"Kotkan Meripelastusyhdistys\" \/>\n<meta property=\"article:modified_time\" content=\"2025-12-04T23:27:33+00:00\" \/>\n<meta property=\"og:image\" content=\"https:\/\/meripelastus.fi\/kotka\/wp-content\/uploads\/sites\/27\/2025\/12\/IMG_2999.jpg\" \/>\n\t<meta property=\"og:image:width\" content=\"1245\" \/>\n\t<meta property=\"og:image:height\" content=\"934\" \/>\n\t<meta property=\"og:image:type\" content=\"image\/jpeg\" \/>\n<meta name=\"twitter:card\" content=\"summary_large_image\" \/>\n<meta name=\"twitter:label1\" content=\"Arvioitu lukuaika\" \/>\n\t<meta name=\"twitter:data1\" content=\"2 minuuttia\" \/>\n<script type=\"application\/ld+json\" class=\"yoast-schema-graph\">{\"@context\":\"https:\/\/schema.org\",\"@graph\":[{\"@type\":\"WebPage\",\"@id\":\"https:\/\/meripelastus.fi\/kotka\/mobiilijasenkortti\/\",\"url\":\"https:\/\/meripelastus.fi\/kotka\/mobiilijasenkortti\/\",\"name\":\"Mobiilij\u00e4senkortti - Kotkan Meripelastusyhdistys\",\"isPartOf\":{\"@id\":\"https:\/\/meripelastus.fi\/kotka\/#website\"},\"primaryImageOfPage\":{\"@id\":\"https:\/\/meripelastus.fi\/kotka\/mobiilijasenkortti\/#primaryimage\"},\"image\":{\"@id\":\"https:\/\/meripelastus.fi\/kotka\/mobiilijasenkortti\/#primaryimage\"},\"thumbnailUrl\":\"https:\/\/meripelastus.fi\/kotka\/wp-content\/uploads\/sites\/27\/2025\/12\/IMG_2999.jpg\",\"datePublished\":\"2025-12-04T23:27:28+00:00\",\"dateModified\":\"2025-12-04T23:27:33+00:00\",\"breadcrumb\":{\"@id\":\"https:\/\/meripelastus.fi\/kotka\/mobiilijasenkortti\/#breadcrumb\"},\"inLanguage\":\"fi\",\"potentialAction\":[{\"@type\":\"ReadAction\",\"target\":[\"https:\/\/meripelastus.fi\/kotka\/mobiilijasenkortti\/\"]}]},{\"@type\":\"ImageObject\",\"inLanguage\":\"fi\",\"@id\":\"https:\/\/meripelastus.fi\/kotka\/mobiilijasenkortti\/#primaryimage\",\"url\":\"https:\/\/meripelastus.fi\/kotka\/wp-content\/uploads\/sites\/27\/2025\/12\/IMG_2999.jpg\",\"contentUrl\":\"https:\/\/meripelastus.fi\/kotka\/wp-content\/uploads\/sites\/27\/2025\/12\/IMG_2999.jpg\",\"width\":1245,\"height\":934},{\"@type\":\"BreadcrumbList\",\"@id\":\"https:\/\/meripelastus.fi\/kotka\/mobiilijasenkortti\/#breadcrumb\",\"itemListElement\":[{\"@type\":\"ListItem\",\"position\":1,\"name\":\"Etusivu\",\"item\":\"https:\/\/meripelastus.fi\/kotka\/\"},{\"@type\":\"ListItem\",\"position\":2,\"name\":\"Mobiilij\u00e4senkortti\"}]},{\"@type\":\"WebSite\",\"@id\":\"https:\/\/meripelastus.fi\/kotka\/#website\",\"url\":\"https:\/\/meripelastus.fi\/kotka\/\",\"name\":\"Kotkan Meripelastusyhdistys\",\"description\":\"Vapaaehtoiset apunasi vesill\u00e4\",\"potentialAction\":[{\"@type\":\"SearchAction\",\"target\":{\"@type\":\"EntryPoint\",\"urlTemplate\":\"https:\/\/meripelastus.fi\/kotka\/?s={search_term_string}\"},\"query-input\":{\"@type\":\"PropertyValueSpecification\",\"valueRequired\":true,\"valueName\":\"search_term_string\"}}],\"inLanguage\":\"fi\"}]}<\/script>\n<!-- \/ Yoast SEO Premium plugin. -->","yoast_head_json":{"title":"Mobiilij\u00e4senkortti - Kotkan Meripelastusyhdistys","robots":{"index":"index","follow":"follow","max-snippet":"max-snippet:-1","max-image-preview":"max-image-preview:large","max-video-preview":"max-video-preview:-1"},"canonical":"https:\/\/meripelastus.fi\/kotka\/mobiilijasenkortti\/","og_locale":"fi_FI","og_type":"article","og_title":"Mobiilij\u00e4senkortti","og_description":"Ota k\u00e4ytt\u00f6\u00f6n meripelastusseuran mobiilij\u00e4senkortti Meripelastusseura tarjoaa mobiilij\u00e4senkortin kaikille j\u00e4senyhdistystens\u00e4 j\u00e4senille. Lis\u00e4ksi mobiilij\u00e4senkorttiin on liitetty yhteisty\u00f6kumppaneittemme tarjoamia rahanarvoisia j\u00e4senetuja. Mobiilij\u00e4senkortti kulkee aina mukana puhelimessa. Mobiilij\u00e4senkortti on voimassa aina seuraavan vuoden huhtikuun alkuun saakka, jolloin toimitamme uuden (edellytt\u00e4\u00e4 kyseisen vuoden j\u00e4senmaksun kirjautumista j\u00e4rjestelm\u00e4\u00e4mme). Meripelastusseuran mobiilij\u00e4senkortti on Cardu-sovelluksessa, joka toimii iOS- ja Android-\u00e4lypuhelimissa. Sovelluksen avulla on mahdollista k\u00e4ytt\u00e4\u00e4 [&hellip;]","og_url":"https:\/\/meripelastus.fi\/kotka\/mobiilijasenkortti\/","og_site_name":"Kotkan Meripelastusyhdistys","article_modified_time":"2025-12-04T23:27:33+00:00","og_image":[{"width":1245,"height":934,"url":"https:\/\/meripelastus.fi\/kotka\/wp-content\/uploads\/sites\/27\/2025\/12\/IMG_2999.jpg","type":"image\/jpeg"}],"twitter_card":"summary_large_image","twitter_misc":{"Arvioitu lukuaika":"2 minuuttia"},"schema":{"@context":"https:\/\/schema.org","@graph":[{"@type":"WebPage","@id":"https:\/\/meripelastus.fi\/kotka\/mobiilijasenkortti\/","url":"https:\/\/meripelastus.fi\/kotka\/mobiilijasenkortti\/","name":"Mobiilij\u00e4senkortti - Kotkan Meripelastusyhdistys","isPartOf":{"@id":"https:\/\/meripelastus.fi\/kotka\/#website"},"primaryImageOfPage":{"@id":"https:\/\/meripelastus.fi\/kotka\/mobiilijasenkortti\/#primaryimage"},"image":{"@id":"https:\/\/meripelastus.fi\/kotka\/mobiilijasenkortti\/#primaryimage"},"thumbnailUrl":"https:\/\/meripelastus.fi\/kotka\/wp-content\/uploads\/sites\/27\/2025\/12\/IMG_2999.jpg","datePublished":"2025-12-04T23:27:28+00:00","dateModified":"2025-12-04T23:27:33+00:00","breadcrumb":{"@id":"https:\/\/meripelastus.fi\/kotka\/mobiilijasenkortti\/#breadcrumb"},"inLanguage":"fi","potentialAction":[{"@type":"ReadAction","target":["https:\/\/meripelastus.fi\/kotka\/mobiilijasenkortti\/"]}]},{"@type":"ImageObject","inLanguage":"fi","@id":"https:\/\/meripelastus.fi\/kotka\/mobiilijasenkortti\/#primaryimage","url":"https:\/\/meripelastus.fi\/kotka\/wp-content\/uploads\/sites\/27\/2025\/12\/IMG_2999.jpg","contentUrl":"https:\/\/meripelastus.fi\/kotka\/wp-content\/uploads\/sites\/27\/2025\/12\/IMG_2999.jpg","width":1245,"height":934},{"@type":"BreadcrumbList","@id":"https:\/\/meripelastus.fi\/kotka\/mobiilijasenkortti\/#breadcrumb","itemListElement":[{"@type":"ListItem","position":1,"name":"Etusivu","item":"https:\/\/meripelastus.fi\/kotka\/"},{"@type":"ListItem","position":2,"name":"Mobiilij\u00e4senkortti"}]},{"@type":"WebSite","@id":"https:\/\/meripelastus.fi\/kotka\/#website","url":"https:\/\/meripelastus.fi\/kotka\/","name":"Kotkan Meripelastusyhdistys","description":"Vapaaehtoiset apunasi vesill\u00e4","potentialAction":[{"@type":"SearchAction","target":{"@type":"EntryPoint","urlTemplate":"https:\/\/meripelastus.fi\/kotka\/?s={search_term_string}"},"query-input":{"@type":"PropertyValueSpecification","valueRequired":true,"valueName":"search_term_string"}}],"inLanguage":"fi"}]}},"_links":{"self":[{"href":"https:\/\/meripelastus.fi\/kotka\/wp-json\/wp\/v2\/pages\/797","targetHints":{"allow":["GET"]}}],"collection":[{"href":"https:\/\/meripelastus.fi\/kotka\/wp-json\/wp\/v2\/pages"}],"about":[{"href":"https:\/\/meripelastus.fi\/kotka\/wp-json\/wp\/v2\/types\/page"}],"author":[{"embeddable":true,"href":"https:\/\/meripelastus.fi\/kotka\/wp-json\/wp\/v2\/users\/142"}],"replies":[{"embeddable":true,"href":"https:\/\/meripelastus.fi\/kotka\/wp-json\/wp\/v2\/comments?post=797"}],"version-history":[{"count":1,"href":"https:\/\/meripelastus.fi\/kotka\/wp-json\/wp\/v2\/pages\/797\/revisions"}],"predecessor-version":[{"id":799,"href":"https:\/\/meripelastus.fi\/kotka\/wp-json\/wp\/v2\/pages\/797\/revisions\/799"}],"wp:featuredmedia":[{"embeddable":true,"href":"https:\/\/meripelastus.fi\/kotka\/wp-json\/wp\/v2\/media\/798"}],"wp:attachment":[{"href":"https:\/\/meripelastus.fi\/kotka\/wp-json\/wp\/v2\/media?parent=797"}],"curies":[{"name":"wp","href":"https:\/\/api.w.org\/{rel}","templated":true}]}}