{"id":696,"date":"2025-05-29T10:03:02","date_gmt":"2025-05-29T07:03:02","guid":{"rendered":"https:\/\/meripelastus.fi\/kotka\/?page_id=696"},"modified":"2025-12-05T10:09:20","modified_gmt":"2025-12-05T08:09:20","slug":"jasentietojen-paivittaminen","status":"publish","type":"page","link":"https:\/\/meripelastus.fi\/kotka\/jasentietojen-paivittaminen\/","title":{"rendered":"J\u00e4sentietojen p\u00e4ivitt\u00e4minen"},"content":{"rendered":"\n<p>J\u00e4sentietojen <a href=\"https:\/\/meripelastus.fi\/jasenyys\/jasentietojen-paivityslomake\/\" target=\"_blank\" rel=\"noreferrer noopener\">p\u00e4ivityslomakeella<\/a> p\u00e4\u00e4set p\u00e4ivitt\u00e4m\u00e4\u00e4n j\u00e4sentietojasi, kuten yhteystietojen muutokset, J\u00e4senpalvelun Plus tai Premium muutokset, j\u00e4senyyden p\u00e4\u00e4tt\u00e4minen tai muita asioita.<\/p>\n\n\n\n<div class=\"wp-block-buttons is-layout-flex wp-block-buttons-is-layout-flex\">\n<div class=\"wp-block-button\"><a class=\"wp-block-button__link wp-element-button\" href=\"https:\/\/meripelastus.fi\/jasenyys\/jasentietojen-paivityslomake\/\" target=\"_blank\" rel=\"noreferrer noopener\">J\u00e4sentietojen p\u00e4ivityslomake<\/a><\/div>\n<\/div>\n\n\n\n<div style=\"height:100px\" aria-hidden=\"true\" class=\"wp-block-spacer\"><\/div>\n\n\n\n<p>Tarvittaessa lis\u00e4tietoja:<\/p>\n\n\n\n<p>Kotkan Meripelastusyhdistyksen sihteeri<br><a href=\"mailto:sihteerikotkanmeripelastus.fi\" target=\"_blank\" rel=\"noreferrer noopener\">sihteeri(\u00e4t)kotkanmeripelastus.fi<\/a><\/p>\n\n\n\n<p>Meripelastusseuran toimisto, j\u00e4senpalvelu<br><a href=\"mailto:smps.toimisto@meripelastus.fi\" target=\"_blank\" rel=\"noreferrer noopener\">smps.toimisto(\u00e4t)meripelastus.fi<\/a><\/p>\n\n\n\n<p><\/p>\n","protected":false},"excerpt":{"rendered":"<p>J\u00e4sentietojen p\u00e4ivityslomakeella p\u00e4\u00e4set p\u00e4ivitt\u00e4m\u00e4\u00e4n j\u00e4sentietojasi, kuten yhteystietojen muutokset, J\u00e4senpalvelun Plus tai Premium muutokset, j\u00e4senyyden p\u00e4\u00e4tt\u00e4minen tai muita asioita. Tarvittaessa lis\u00e4tietoja: Kotkan Meripelastusyhdistyksen sihteerisihteeri(\u00e4t)kotkanmeripelastus.fi Meripelastusseuran toimisto, j\u00e4senpalvelusmps.toimisto(\u00e4t)meripelastus.fi<\/p>\n","protected":false},"author":142,"featured_media":0,"parent":0,"menu_order":0,"comment_status":"closed","ping_status":"closed","template":"","meta":{"_acf_changed":false,"inline_featured_image":false,"footnotes":""},"class_list":["post-696","page","type-page","status-publish","hentry"],"acf":[],"yoast_head":"<!-- This site is optimized with the Yoast SEO Premium plugin v27.2 (Yoast SEO v27.2) - https:\/\/yoast.com\/product\/yoast-seo-premium-wordpress\/ -->\n<title>J\u00e4sentietojen p\u00e4ivitt\u00e4minen - Kotkan Meripelastusyhdistys<\/title>\n<meta name=\"robots\" content=\"index, follow, max-snippet:-1, max-image-preview:large, max-video-preview:-1\" \/>\n<link rel=\"canonical\" href=\"https:\/\/meripelastus.fi\/kotka\/jasentietojen-paivittaminen\/\" \/>\n<meta property=\"og:locale\" content=\"fi_FI\" \/>\n<meta property=\"og:type\" content=\"article\" \/>\n<meta property=\"og:title\" content=\"J\u00e4sentietojen p\u00e4ivitt\u00e4minen\" \/>\n<meta property=\"og:description\" content=\"J\u00e4sentietojen p\u00e4ivityslomakeella p\u00e4\u00e4set p\u00e4ivitt\u00e4m\u00e4\u00e4n j\u00e4sentietojasi, kuten yhteystietojen muutokset, J\u00e4senpalvelun Plus tai Premium muutokset, j\u00e4senyyden p\u00e4\u00e4tt\u00e4minen tai muita asioita. Tarvittaessa lis\u00e4tietoja: Kotkan Meripelastusyhdistyksen sihteerisihteeri(\u00e4t)kotkanmeripelastus.fi Meripelastusseuran toimisto, j\u00e4senpalvelusmps.toimisto(\u00e4t)meripelastus.fi\" \/>\n<meta property=\"og:url\" content=\"https:\/\/meripelastus.fi\/kotka\/jasentietojen-paivittaminen\/\" \/>\n<meta property=\"og:site_name\" content=\"Kotkan Meripelastusyhdistys\" \/>\n<meta property=\"article:modified_time\" content=\"2025-12-05T08:09:20+00:00\" \/>\n<meta name=\"twitter:card\" content=\"summary_large_image\" \/>\n<meta name=\"twitter:label1\" content=\"Arvioitu lukuaika\" \/>\n\t<meta name=\"twitter:data1\" content=\"1 minuutti\" \/>\n<script type=\"application\/ld+json\" class=\"yoast-schema-graph\">{\"@context\":\"https:\/\/schema.org\",\"@graph\":[{\"@type\":\"WebPage\",\"@id\":\"https:\/\/meripelastus.fi\/kotka\/jasentietojen-paivittaminen\/\",\"url\":\"https:\/\/meripelastus.fi\/kotka\/jasentietojen-paivittaminen\/\",\"name\":\"J\u00e4sentietojen p\u00e4ivitt\u00e4minen - Kotkan Meripelastusyhdistys\",\"isPartOf\":{\"@id\":\"https:\/\/meripelastus.fi\/kotka\/#website\"},\"datePublished\":\"2025-05-29T07:03:02+00:00\",\"dateModified\":\"2025-12-05T08:09:20+00:00\",\"breadcrumb\":{\"@id\":\"https:\/\/meripelastus.fi\/kotka\/jasentietojen-paivittaminen\/#breadcrumb\"},\"inLanguage\":\"fi\",\"potentialAction\":[{\"@type\":\"ReadAction\",\"target\":[\"https:\/\/meripelastus.fi\/kotka\/jasentietojen-paivittaminen\/\"]}]},{\"@type\":\"BreadcrumbList\",\"@id\":\"https:\/\/meripelastus.fi\/kotka\/jasentietojen-paivittaminen\/#breadcrumb\",\"itemListElement\":[{\"@type\":\"ListItem\",\"position\":1,\"name\":\"Etusivu\",\"item\":\"https:\/\/meripelastus.fi\/kotka\/\"},{\"@type\":\"ListItem\",\"position\":2,\"name\":\"J\u00e4sentietojen p\u00e4ivitt\u00e4minen\"}]},{\"@type\":\"WebSite\",\"@id\":\"https:\/\/meripelastus.fi\/kotka\/#website\",\"url\":\"https:\/\/meripelastus.fi\/kotka\/\",\"name\":\"Kotkan Meripelastusyhdistys\",\"description\":\"Vapaaehtoiset apunasi vesill\u00e4\",\"potentialAction\":[{\"@type\":\"SearchAction\",\"target\":{\"@type\":\"EntryPoint\",\"urlTemplate\":\"https:\/\/meripelastus.fi\/kotka\/?s={search_term_string}\"},\"query-input\":{\"@type\":\"PropertyValueSpecification\",\"valueRequired\":true,\"valueName\":\"search_term_string\"}}],\"inLanguage\":\"fi\"}]}<\/script>\n<!-- \/ Yoast SEO Premium plugin. -->","yoast_head_json":{"title":"J\u00e4sentietojen p\u00e4ivitt\u00e4minen - Kotkan Meripelastusyhdistys","robots":{"index":"index","follow":"follow","max-snippet":"max-snippet:-1","max-image-preview":"max-image-preview:large","max-video-preview":"max-video-preview:-1"},"canonical":"https:\/\/meripelastus.fi\/kotka\/jasentietojen-paivittaminen\/","og_locale":"fi_FI","og_type":"article","og_title":"J\u00e4sentietojen p\u00e4ivitt\u00e4minen","og_description":"J\u00e4sentietojen p\u00e4ivityslomakeella p\u00e4\u00e4set p\u00e4ivitt\u00e4m\u00e4\u00e4n j\u00e4sentietojasi, kuten yhteystietojen muutokset, J\u00e4senpalvelun Plus tai Premium muutokset, j\u00e4senyyden p\u00e4\u00e4tt\u00e4minen tai muita asioita. Tarvittaessa lis\u00e4tietoja: Kotkan Meripelastusyhdistyksen sihteerisihteeri(\u00e4t)kotkanmeripelastus.fi Meripelastusseuran toimisto, j\u00e4senpalvelusmps.toimisto(\u00e4t)meripelastus.fi","og_url":"https:\/\/meripelastus.fi\/kotka\/jasentietojen-paivittaminen\/","og_site_name":"Kotkan Meripelastusyhdistys","article_modified_time":"2025-12-05T08:09:20+00:00","twitter_card":"summary_large_image","twitter_misc":{"Arvioitu lukuaika":"1 minuutti"},"schema":{"@context":"https:\/\/schema.org","@graph":[{"@type":"WebPage","@id":"https:\/\/meripelastus.fi\/kotka\/jasentietojen-paivittaminen\/","url":"https:\/\/meripelastus.fi\/kotka\/jasentietojen-paivittaminen\/","name":"J\u00e4sentietojen p\u00e4ivitt\u00e4minen - Kotkan Meripelastusyhdistys","isPartOf":{"@id":"https:\/\/meripelastus.fi\/kotka\/#website"},"datePublished":"2025-05-29T07:03:02+00:00","dateModified":"2025-12-05T08:09:20+00:00","breadcrumb":{"@id":"https:\/\/meripelastus.fi\/kotka\/jasentietojen-paivittaminen\/#breadcrumb"},"inLanguage":"fi","potentialAction":[{"@type":"ReadAction","target":["https:\/\/meripelastus.fi\/kotka\/jasentietojen-paivittaminen\/"]}]},{"@type":"BreadcrumbList","@id":"https:\/\/meripelastus.fi\/kotka\/jasentietojen-paivittaminen\/#breadcrumb","itemListElement":[{"@type":"ListItem","position":1,"name":"Etusivu","item":"https:\/\/meripelastus.fi\/kotka\/"},{"@type":"ListItem","position":2,"name":"J\u00e4sentietojen p\u00e4ivitt\u00e4minen"}]},{"@type":"WebSite","@id":"https:\/\/meripelastus.fi\/kotka\/#website","url":"https:\/\/meripelastus.fi\/kotka\/","name":"Kotkan Meripelastusyhdistys","description":"Vapaaehtoiset apunasi vesill\u00e4","potentialAction":[{"@type":"SearchAction","target":{"@type":"EntryPoint","urlTemplate":"https:\/\/meripelastus.fi\/kotka\/?s={search_term_string}"},"query-input":{"@type":"PropertyValueSpecification","valueRequired":true,"valueName":"search_term_string"}}],"inLanguage":"fi"}]}},"_links":{"self":[{"href":"https:\/\/meripelastus.fi\/kotka\/wp-json\/wp\/v2\/pages\/696","targetHints":{"allow":["GET"]}}],"collection":[{"href":"https:\/\/meripelastus.fi\/kotka\/wp-json\/wp\/v2\/pages"}],"about":[{"href":"https:\/\/meripelastus.fi\/kotka\/wp-json\/wp\/v2\/types\/page"}],"author":[{"embeddable":true,"href":"https:\/\/meripelastus.fi\/kotka\/wp-json\/wp\/v2\/users\/142"}],"replies":[{"embeddable":true,"href":"https:\/\/meripelastus.fi\/kotka\/wp-json\/wp\/v2\/comments?post=696"}],"version-history":[{"count":6,"href":"https:\/\/meripelastus.fi\/kotka\/wp-json\/wp\/v2\/pages\/696\/revisions"}],"predecessor-version":[{"id":814,"href":"https:\/\/meripelastus.fi\/kotka\/wp-json\/wp\/v2\/pages\/696\/revisions\/814"}],"wp:attachment":[{"href":"https:\/\/meripelastus.fi\/kotka\/wp-json\/wp\/v2\/media?parent=696"}],"curies":[{"name":"wp","href":"https:\/\/api.w.org\/{rel}","templated":true}]}}