{"id":653,"date":"2025-05-28T21:54:34","date_gmt":"2025-05-28T18:54:34","guid":{"rendered":"https:\/\/meripelastus.fi\/kotka\/?page_id=653"},"modified":"2025-12-05T16:35:37","modified_gmt":"2025-12-05T14:35:37","slug":"kannatusjasenyys","status":"publish","type":"page","link":"https:\/\/meripelastus.fi\/kotka\/auta-meita-auttamaan\/kannatusjasenyys\/","title":{"rendered":"Kannatusj\u00e4senyys"},"content":{"rendered":"\n<p>Kannatusj\u00e4senyys on sinulle, joka haluat auttaa vapaaehtoisia meripelastajia pit\u00e4m\u00e4\u00e4n pelastusveneet liikkeell\u00e4 vuotuisella j\u00e4senmaksulla. <\/p>\n\n\n\n<p>Kannatusj\u00e4sen saa Suomen Meripelastusseuran j\u00e4senlehden ja p\u00e4\u00e4see halutessaan tutustumaan Kotkan Meripelastusyhdistyksen kalustoon. <\/p>\n\n\n\n<p>Voit liitty\u00e4 t\u00e4ydent\u00e4m\u00e4ll\u00e4 alla olevat tiedot. Lis\u00e4tietoja tarvittaessa varainhankinta.kotka(\u00e4t)messi.meripelastus.fi tai sihteeri(\u00e4t)meripelastus.fi<\/p>\n\n\n\n<p>Jokainen j\u00e4senyys on meille kultaakin arvokkaampaa, kiitos kun kannatat!<\/p>\n\n\n\n<div class=\"wpcf7 no-js\" id=\"wpcf7-f654-o1\" lang=\"fi\" dir=\"ltr\" data-wpcf7-id=\"654\">\n<div class=\"screen-reader-response\"><p role=\"status\" aria-live=\"polite\" aria-atomic=\"true\"><\/p> <ul><\/ul><\/div>\n<form action=\"\/kotka\/wp-json\/wp\/v2\/pages\/653#wpcf7-f654-o1\" method=\"post\" class=\"wpcf7-form init\" aria-label=\"Yhteydenottolomake\" novalidate=\"novalidate\" data-status=\"init\">\n<fieldset class=\"hidden-fields-container\"><input type=\"hidden\" name=\"_wpcf7\" value=\"654\" \/><input type=\"hidden\" name=\"_wpcf7_version\" value=\"6.1.5\" \/><input type=\"hidden\" name=\"_wpcf7_locale\" value=\"fi\" \/><input type=\"hidden\" name=\"_wpcf7_unit_tag\" value=\"wpcf7-f654-o1\" \/><input type=\"hidden\" name=\"_wpcf7_container_post\" value=\"0\" \/><input type=\"hidden\" name=\"_wpcf7_posted_data_hash\" value=\"\" \/><input type=\"hidden\" name=\"_wpcf7_recaptcha_response\" value=\"\" \/>\n<\/fieldset>\n<div class=\"form-group\">\n\t<p><label for=\"your-name\" class=\"control-label\">Etu- ja sukunimi <span class=\"text-danger\">*<\/span><\/label><br \/>\n<span class=\"wpcf7-form-control-wrap\" data-name=\"your-name\"><input size=\"40\" maxlength=\"400\" class=\"wpcf7-form-control wpcf7-text wpcf7-validates-as-required form-control\" aria-required=\"true\" aria-invalid=\"false\" value=\"\" type=\"text\" name=\"your-name\" \/><\/span>\n\t<\/p>\n<\/div>\n<div class=\"form-group\">\n\t<p><label for=\"your-bday\" class=\"control-label\">Syntym\u00e4aika <span class=\"text-danger\">*<\/span><\/label><br \/>\n<span class=\"wpcf7-form-control-wrap\" data-name=\"your-bday\"><input size=\"40\" maxlength=\"400\" class=\"wpcf7-form-control wpcf7-text wpcf7-validates-as-required form-control\" aria-required=\"true\" aria-invalid=\"false\" value=\"\" type=\"text\" name=\"your-bday\" \/><\/span>\n\t<\/p>\n<\/div>\n<div class=\"form-group\">\n\t<p><label for=\"your-address\" class=\"control-label\">Katuosoite <span class=\"text-danger\">*<\/span><\/label><br \/>\n<span class=\"wpcf7-form-control-wrap\" data-name=\"your-address\"><input size=\"40\" maxlength=\"400\" class=\"wpcf7-form-control wpcf7-text wpcf7-validates-as-required form-control\" aria-required=\"true\" aria-invalid=\"false\" value=\"\" type=\"text\" name=\"your-address\" \/><\/span>\n\t<\/p>\n<\/div>\n<div class=\"form-group\">\n\t<p><label for=\"your-post\" class=\"control-label\">Postinumero ja -toimipaikka <span class=\"text-danger\">*<\/span><\/label><br \/>\n<span class=\"wpcf7-form-control-wrap\" data-name=\"your-post\"><input size=\"40\" maxlength=\"400\" class=\"wpcf7-form-control wpcf7-text wpcf7-validates-as-required form-control\" aria-required=\"true\" aria-invalid=\"false\" value=\"\" type=\"text\" name=\"your-post\" \/><\/span>\n\t<\/p>\n<\/div>\n<div class=\"form-group\">\n\t<p><label for=\"your-puh\" class=\"control-label\">Puhelinnumero <span class=\"text-danger\">*<\/span><\/label><br \/>\n<span class=\"wpcf7-form-control-wrap\" data-name=\"your-puh\"><input size=\"40\" maxlength=\"400\" class=\"wpcf7-form-control wpcf7-tel wpcf7-validates-as-required wpcf7-text wpcf7-validates-as-tel form-control\" aria-required=\"true\" aria-invalid=\"false\" value=\"\" type=\"tel\" name=\"your-puh\" \/><\/span>\n\t<\/p>\n<\/div>\n<div class=\"form-group\">\n\t<p><label for=\"your-email\" class=\"control-label\">S\u00e4hk\u00f6postiosoite <span class=\"text-danger\">*<\/span><\/label><br \/>\n<span class=\"wpcf7-form-control-wrap\" data-name=\"your-email\"><input size=\"40\" maxlength=\"400\" class=\"wpcf7-form-control wpcf7-email wpcf7-validates-as-required wpcf7-text wpcf7-validates-as-email form-control\" aria-required=\"true\" aria-invalid=\"false\" value=\"\" type=\"email\" name=\"your-email\" \/><\/span>\n\t<\/p>\n<\/div>\n<div class=\"form-group\">\n\t<div class=\"row\">\n\t\t<div class=\"form-check customformsmalltext col-12\">\n\t\t\t<p><span class=\"wpcf7-form-control-wrap\" data-name=\"acceptance-648\"><span class=\"wpcf7-form-control wpcf7-acceptance\"><span class=\"wpcf7-list-item\"><label><input type=\"checkbox\" name=\"acceptance-648\" value=\"1\" aria-invalid=\"false\" \/><span class=\"wpcf7-list-item-label\">Tietoni saa tallentaa tietosuojak\u00e4yt\u00e4nn\u00f6n mukaisesti <a href=\"https:\/\/meripelastus.fi\/meripelastusseura\/rekisteriselosteet\/\" target=\"_blank\" aria-label=\"Lue tietosuojaseloste\">Lue lis\u00e4\u00e4 &#8250;<\/a><\/span><\/label><\/span><\/span><\/span>\n\t\t\t<\/p>\n\t\t<\/div>\n\t<\/div>\n<\/div>\n<p><input class=\"wpcf7-form-control wpcf7-submit has-spinner btn-block btn btn-primary btn-lg\" type=\"submit\" value=\"L\u00e4het\u00e4\" \/>\n<\/p><div class=\"wpcf7-response-output\" aria-hidden=\"true\"><\/div>\n<\/form>\n<\/div>\n\n","protected":false},"excerpt":{"rendered":"<p>Kannatusj\u00e4senyys on sinulle, joka haluat auttaa vapaaehtoisia meripelastajia pit\u00e4m\u00e4\u00e4n pelastusveneet liikkeell\u00e4 vuotuisella j\u00e4senmaksulla. Kannatusj\u00e4sen saa Suomen Meripelastusseuran j\u00e4senlehden ja p\u00e4\u00e4see halutessaan tutustumaan Kotkan Meripelastusyhdistyksen kalustoon. Voit liitty\u00e4 t\u00e4ydent\u00e4m\u00e4ll\u00e4 alla olevat tiedot. Lis\u00e4tietoja tarvittaessa varainhankinta.kotka(\u00e4t)messi.meripelastus.fi tai sihteeri(\u00e4t)meripelastus.fi Jokainen j\u00e4senyys on meille kultaakin arvokkaampaa, kiitos kun kannatat!<\/p>\n","protected":false},"author":142,"featured_media":225,"parent":560,"menu_order":0,"comment_status":"closed","ping_status":"closed","template":"","meta":{"_acf_changed":false,"inline_featured_image":false,"footnotes":""},"class_list":["post-653","page","type-page","status-publish","has-post-thumbnail","hentry"],"acf":[],"yoast_head":"<!-- This site is optimized with the Yoast SEO Premium plugin v27.2 (Yoast SEO v27.2) - https:\/\/yoast.com\/product\/yoast-seo-premium-wordpress\/ -->\n<title>Kannatusj\u00e4senyys - Kotkan Meripelastusyhdistys<\/title>\n<meta name=\"robots\" content=\"index, follow, max-snippet:-1, max-image-preview:large, max-video-preview:-1\" \/>\n<link rel=\"canonical\" href=\"https:\/\/meripelastus.fi\/kotka\/auta-meita-auttamaan\/kannatusjasenyys\/\" \/>\n<meta property=\"og:locale\" content=\"fi_FI\" \/>\n<meta property=\"og:type\" content=\"article\" \/>\n<meta property=\"og:title\" content=\"Kannatusj\u00e4senyys\" \/>\n<meta property=\"og:description\" content=\"Kannatusj\u00e4senyys on sinulle, joka haluat auttaa vapaaehtoisia meripelastajia pit\u00e4m\u00e4\u00e4n pelastusveneet liikkeell\u00e4 vuotuisella j\u00e4senmaksulla. Kannatusj\u00e4sen saa Suomen Meripelastusseuran j\u00e4senlehden ja p\u00e4\u00e4see halutessaan tutustumaan Kotkan Meripelastusyhdistyksen kalustoon. Voit liitty\u00e4 t\u00e4ydent\u00e4m\u00e4ll\u00e4 alla olevat tiedot. Lis\u00e4tietoja tarvittaessa varainhankinta.kotka(\u00e4t)messi.meripelastus.fi tai sihteeri(\u00e4t)meripelastus.fi Jokainen j\u00e4senyys on meille kultaakin arvokkaampaa, kiitos kun kannatat!\" \/>\n<meta property=\"og:url\" content=\"https:\/\/meripelastus.fi\/kotka\/auta-meita-auttamaan\/kannatusjasenyys\/\" \/>\n<meta property=\"og:site_name\" content=\"Kotkan Meripelastusyhdistys\" \/>\n<meta property=\"article:modified_time\" content=\"2025-12-05T14:35:37+00:00\" \/>\n<meta property=\"og:image\" content=\"https:\/\/meripelastus.fi\/kotka\/wp-content\/uploads\/sites\/27\/2020\/01\/20180709_214456-scaled.jpg\" \/>\n\t<meta property=\"og:image:width\" content=\"4032\" \/>\n\t<meta property=\"og:image:height\" content=\"2744\" \/>\n\t<meta property=\"og:image:type\" content=\"image\/jpeg\" \/>\n<meta name=\"twitter:card\" content=\"summary_large_image\" \/>\n<meta name=\"twitter:label1\" content=\"Arvioitu lukuaika\" \/>\n\t<meta name=\"twitter:data1\" content=\"1 minuutti\" \/>\n<script type=\"application\/ld+json\" class=\"yoast-schema-graph\">{\"@context\":\"https:\/\/schema.org\",\"@graph\":[{\"@type\":\"WebPage\",\"@id\":\"https:\/\/meripelastus.fi\/kotka\/auta-meita-auttamaan\/kannatusjasenyys\/\",\"url\":\"https:\/\/meripelastus.fi\/kotka\/auta-meita-auttamaan\/kannatusjasenyys\/\",\"name\":\"Kannatusj\u00e4senyys - Kotkan Meripelastusyhdistys\",\"isPartOf\":{\"@id\":\"https:\/\/meripelastus.fi\/kotka\/#website\"},\"primaryImageOfPage\":{\"@id\":\"https:\/\/meripelastus.fi\/kotka\/auta-meita-auttamaan\/kannatusjasenyys\/#primaryimage\"},\"image\":{\"@id\":\"https:\/\/meripelastus.fi\/kotka\/auta-meita-auttamaan\/kannatusjasenyys\/#primaryimage\"},\"thumbnailUrl\":\"https:\/\/meripelastus.fi\/kotka\/wp-content\/uploads\/sites\/27\/2020\/01\/20180709_214456-scaled.jpg\",\"datePublished\":\"2025-05-28T18:54:34+00:00\",\"dateModified\":\"2025-12-05T14:35:37+00:00\",\"breadcrumb\":{\"@id\":\"https:\/\/meripelastus.fi\/kotka\/auta-meita-auttamaan\/kannatusjasenyys\/#breadcrumb\"},\"inLanguage\":\"fi\",\"potentialAction\":[{\"@type\":\"ReadAction\",\"target\":[\"https:\/\/meripelastus.fi\/kotka\/auta-meita-auttamaan\/kannatusjasenyys\/\"]}]},{\"@type\":\"ImageObject\",\"inLanguage\":\"fi\",\"@id\":\"https:\/\/meripelastus.fi\/kotka\/auta-meita-auttamaan\/kannatusjasenyys\/#primaryimage\",\"url\":\"https:\/\/meripelastus.fi\/kotka\/wp-content\/uploads\/sites\/27\/2020\/01\/20180709_214456-scaled.jpg\",\"contentUrl\":\"https:\/\/meripelastus.fi\/kotka\/wp-content\/uploads\/sites\/27\/2020\/01\/20180709_214456-scaled.jpg\",\"width\":4032,\"height\":2744,\"caption\":\"pv Lassi\"},{\"@type\":\"BreadcrumbList\",\"@id\":\"https:\/\/meripelastus.fi\/kotka\/auta-meita-auttamaan\/kannatusjasenyys\/#breadcrumb\",\"itemListElement\":[{\"@type\":\"ListItem\",\"position\":1,\"name\":\"Etusivu\",\"item\":\"https:\/\/meripelastus.fi\/kotka\/\"},{\"@type\":\"ListItem\",\"position\":2,\"name\":\"Tue Meripelastajia\",\"item\":\"https:\/\/meripelastus.fi\/kotka\/auta-meita-auttamaan\/\"},{\"@type\":\"ListItem\",\"position\":3,\"name\":\"Kannatusj\u00e4senyys\"}]},{\"@type\":\"WebSite\",\"@id\":\"https:\/\/meripelastus.fi\/kotka\/#website\",\"url\":\"https:\/\/meripelastus.fi\/kotka\/\",\"name\":\"Kotkan Meripelastusyhdistys\",\"description\":\"Vapaaehtoiset apunasi vesill\u00e4\",\"potentialAction\":[{\"@type\":\"SearchAction\",\"target\":{\"@type\":\"EntryPoint\",\"urlTemplate\":\"https:\/\/meripelastus.fi\/kotka\/?s={search_term_string}\"},\"query-input\":{\"@type\":\"PropertyValueSpecification\",\"valueRequired\":true,\"valueName\":\"search_term_string\"}}],\"inLanguage\":\"fi\"}]}<\/script>\n<!-- \/ Yoast SEO Premium plugin. -->","yoast_head_json":{"title":"Kannatusj\u00e4senyys - Kotkan Meripelastusyhdistys","robots":{"index":"index","follow":"follow","max-snippet":"max-snippet:-1","max-image-preview":"max-image-preview:large","max-video-preview":"max-video-preview:-1"},"canonical":"https:\/\/meripelastus.fi\/kotka\/auta-meita-auttamaan\/kannatusjasenyys\/","og_locale":"fi_FI","og_type":"article","og_title":"Kannatusj\u00e4senyys","og_description":"Kannatusj\u00e4senyys on sinulle, joka haluat auttaa vapaaehtoisia meripelastajia pit\u00e4m\u00e4\u00e4n pelastusveneet liikkeell\u00e4 vuotuisella j\u00e4senmaksulla. Kannatusj\u00e4sen saa Suomen Meripelastusseuran j\u00e4senlehden ja p\u00e4\u00e4see halutessaan tutustumaan Kotkan Meripelastusyhdistyksen kalustoon. Voit liitty\u00e4 t\u00e4ydent\u00e4m\u00e4ll\u00e4 alla olevat tiedot. Lis\u00e4tietoja tarvittaessa varainhankinta.kotka(\u00e4t)messi.meripelastus.fi tai sihteeri(\u00e4t)meripelastus.fi Jokainen j\u00e4senyys on meille kultaakin arvokkaampaa, kiitos kun kannatat!","og_url":"https:\/\/meripelastus.fi\/kotka\/auta-meita-auttamaan\/kannatusjasenyys\/","og_site_name":"Kotkan Meripelastusyhdistys","article_modified_time":"2025-12-05T14:35:37+00:00","og_image":[{"width":4032,"height":2744,"url":"https:\/\/meripelastus.fi\/kotka\/wp-content\/uploads\/sites\/27\/2020\/01\/20180709_214456-scaled.jpg","type":"image\/jpeg"}],"twitter_card":"summary_large_image","twitter_misc":{"Arvioitu lukuaika":"1 minuutti"},"schema":{"@context":"https:\/\/schema.org","@graph":[{"@type":"WebPage","@id":"https:\/\/meripelastus.fi\/kotka\/auta-meita-auttamaan\/kannatusjasenyys\/","url":"https:\/\/meripelastus.fi\/kotka\/auta-meita-auttamaan\/kannatusjasenyys\/","name":"Kannatusj\u00e4senyys - Kotkan Meripelastusyhdistys","isPartOf":{"@id":"https:\/\/meripelastus.fi\/kotka\/#website"},"primaryImageOfPage":{"@id":"https:\/\/meripelastus.fi\/kotka\/auta-meita-auttamaan\/kannatusjasenyys\/#primaryimage"},"image":{"@id":"https:\/\/meripelastus.fi\/kotka\/auta-meita-auttamaan\/kannatusjasenyys\/#primaryimage"},"thumbnailUrl":"https:\/\/meripelastus.fi\/kotka\/wp-content\/uploads\/sites\/27\/2020\/01\/20180709_214456-scaled.jpg","datePublished":"2025-05-28T18:54:34+00:00","dateModified":"2025-12-05T14:35:37+00:00","breadcrumb":{"@id":"https:\/\/meripelastus.fi\/kotka\/auta-meita-auttamaan\/kannatusjasenyys\/#breadcrumb"},"inLanguage":"fi","potentialAction":[{"@type":"ReadAction","target":["https:\/\/meripelastus.fi\/kotka\/auta-meita-auttamaan\/kannatusjasenyys\/"]}]},{"@type":"ImageObject","inLanguage":"fi","@id":"https:\/\/meripelastus.fi\/kotka\/auta-meita-auttamaan\/kannatusjasenyys\/#primaryimage","url":"https:\/\/meripelastus.fi\/kotka\/wp-content\/uploads\/sites\/27\/2020\/01\/20180709_214456-scaled.jpg","contentUrl":"https:\/\/meripelastus.fi\/kotka\/wp-content\/uploads\/sites\/27\/2020\/01\/20180709_214456-scaled.jpg","width":4032,"height":2744,"caption":"pv Lassi"},{"@type":"BreadcrumbList","@id":"https:\/\/meripelastus.fi\/kotka\/auta-meita-auttamaan\/kannatusjasenyys\/#breadcrumb","itemListElement":[{"@type":"ListItem","position":1,"name":"Etusivu","item":"https:\/\/meripelastus.fi\/kotka\/"},{"@type":"ListItem","position":2,"name":"Tue Meripelastajia","item":"https:\/\/meripelastus.fi\/kotka\/auta-meita-auttamaan\/"},{"@type":"ListItem","position":3,"name":"Kannatusj\u00e4senyys"}]},{"@type":"WebSite","@id":"https:\/\/meripelastus.fi\/kotka\/#website","url":"https:\/\/meripelastus.fi\/kotka\/","name":"Kotkan Meripelastusyhdistys","description":"Vapaaehtoiset apunasi vesill\u00e4","potentialAction":[{"@type":"SearchAction","target":{"@type":"EntryPoint","urlTemplate":"https:\/\/meripelastus.fi\/kotka\/?s={search_term_string}"},"query-input":{"@type":"PropertyValueSpecification","valueRequired":true,"valueName":"search_term_string"}}],"inLanguage":"fi"}]}},"_links":{"self":[{"href":"https:\/\/meripelastus.fi\/kotka\/wp-json\/wp\/v2\/pages\/653","targetHints":{"allow":["GET"]}}],"collection":[{"href":"https:\/\/meripelastus.fi\/kotka\/wp-json\/wp\/v2\/pages"}],"about":[{"href":"https:\/\/meripelastus.fi\/kotka\/wp-json\/wp\/v2\/types\/page"}],"author":[{"embeddable":true,"href":"https:\/\/meripelastus.fi\/kotka\/wp-json\/wp\/v2\/users\/142"}],"replies":[{"embeddable":true,"href":"https:\/\/meripelastus.fi\/kotka\/wp-json\/wp\/v2\/comments?post=653"}],"version-history":[{"count":3,"href":"https:\/\/meripelastus.fi\/kotka\/wp-json\/wp\/v2\/pages\/653\/revisions"}],"predecessor-version":[{"id":823,"href":"https:\/\/meripelastus.fi\/kotka\/wp-json\/wp\/v2\/pages\/653\/revisions\/823"}],"up":[{"embeddable":true,"href":"https:\/\/meripelastus.fi\/kotka\/wp-json\/wp\/v2\/pages\/560"}],"wp:featuredmedia":[{"embeddable":true,"href":"https:\/\/meripelastus.fi\/kotka\/wp-json\/wp\/v2\/media\/225"}],"wp:attachment":[{"href":"https:\/\/meripelastus.fi\/kotka\/wp-json\/wp\/v2\/media?parent=653"}],"curies":[{"name":"wp","href":"https:\/\/api.w.org\/{rel}","templated":true}]}}