{"id":633,"date":"2025-05-28T22:04:01","date_gmt":"2025-05-28T19:04:01","guid":{"rendered":"https:\/\/meripelastus.fi\/kotka\/?page_id=633"},"modified":"2025-12-05T01:54:38","modified_gmt":"2025-12-04T23:54:38","slug":"liity-jaseneksi","status":"publish","type":"page","link":"https:\/\/meripelastus.fi\/kotka\/liity-jaseneksi\/","title":{"rendered":"Liity j\u00e4seneksi"},"content":{"rendered":"\n<p>Kotkan Meripelastusyhdistys on vapaaehtoisista koostuva organisaatio, joka harjoittaa meripelastustoimintaa It\u00e4isell\u00e4 Suomenlahdella. Toimimme my\u00f6s ensivasteyksikk\u00f6n\u00e4 alueellamme. Toiminnan rahoitus koostuu ensisijaisesti j\u00e4senmaksuista ja lahjoituksista. Vaikka vapaaehtoiset meripelastajat tekev\u00e4t ty\u00f6t\u00e4\u00e4n t\u00e4ysin korvauksetta, tarvitaan jatkuvasti varoja alusten yll\u00e4pitoon ja polttoaineisiin. Haluatko sin\u00e4, yrityksenne tai seuranne olla mukana varmistamassa, ett\u00e4 veneet pysyv\u00e4t liikkeell\u00e4. N\u00e4in turvaamme veneilij\u00f6iden sek\u00e4 saaristossa liikkuvien ja asuvien turvallisuutta?<\/p>\n\n\n\n<p>Kaikki Kotkan Meripelastusyhdistyksen j\u00e4senet tukevat huomattavalla tavalla meripelastustoimintaa j\u00e4senmaksulla. J\u00e4senille toimitetaan Suomen Meripelastusseuran j\u00e4senlehti. Yhteis\u00f6j\u00e4senille tarjotaan n\u00e4kyvyytt\u00e4 yhdistyksen sivuilla.<\/p>\n\n\n\n<p>Veneilij\u00e4t saavat lis\u00e4turvaa J\u00e4senpalvelu Plus tai Premium -j\u00e4senyydell\u00e4.<\/p>\n\n\n\n<p>Mik\u00e4li toimintaan osallistuminen vapaaehtoisena meripelastajana kiinnostaa, niin silloin vaihtoehtona on aktiivij\u00e4senyys. <\/p>\n\n\n\n<p><\/p>\n\n\n\n<p><\/p>\n\n\n\n<h3 class=\"wp-block-heading\" id=\"h-jasenpalvelu-plus-98-vuodessa\"><a href=\"https:\/\/meripelastus.fi\/trossi\/\" target=\"_blank\" rel=\"noreferrer noopener\">J\u00e4senpalvelu Plus 98\u20ac vuodessa<\/a><\/h3>\n\n\n\n<p>J\u00e4senpalvelu Plus tarjoaa turvaa yhdelle omistamallesi veneelle ollessasi itse mukana veneess\u00e4. <a href=\"https:\/\/meripelastus.fi\/trossi\/\" target=\"_blank\" rel=\"noreferrer noopener\">Liity Plus-j\u00e4seneksi<\/a> ja <strong>valitse yhdistykseksi Kotkan Meripelastusyhdistys.<\/strong><\/p>\n\n\n\n<p><\/p>\n\n\n\n<h3 class=\"wp-block-heading\" id=\"h-jasenpalvelu-premium-148-vuodessa\"><a href=\"https:\/\/meripelastus.fi\/jaseneksi\/\" target=\"_blank\" rel=\"noreferrer noopener\">J\u00e4senpalvelu Premium 148\u20ac vuodessa<\/a><\/h3>\n\n\n\n<p>J\u00e4senpalvelu Premium on j\u00e4rkev\u00e4 valinta, kun omistat useamman veneen ja haluat turvaa kaikille venematkoillesi. Premium kattaa veneesi ja venematkasi riippumatta siit\u00e4, kenen omistamalla veneell\u00e4 liikut. Premium kattaa my\u00f6s perhe- ja yhteisk\u00e4yt\u00f6n. <a href=\"https:\/\/meripelastus.fi\/trossi\/\" target=\"_blank\" rel=\"noreferrer noopener\">Liity Premium-j\u00e4seneksi<\/a>\u00a0ja\u00a0<strong>valitse yhdistykseksi Kotkan Meripelastusyhdistys.<\/strong><\/p>\n\n\n\n<h3 class=\"wp-block-heading\" id=\"h-yhteisojasenyys-300-vuodessa\"><a href=\"https:\/\/meripelastus.fi\/kotka\/auta-meita-auttamaan\/yhteisojasenyys\/\" target=\"_blank\" rel=\"noreferrer noopener\">Yhteis\u00f6j\u00e4senyys 300\u20ac vuodessa<\/a><\/h3>\n\n\n\n<p>Yritykset, venekerhot ym. vastaavat yhteis\u00f6t voivat tukea toimintaa liittym\u00e4ll\u00e4 <a href=\"https:\/\/meripelastus.fi\/kotka\/auta-meita-auttamaan\/yhteisojasenyys\/\" target=\"_blank\" rel=\"noreferrer noopener\">yhteis\u00f6j\u00e4seniksi<\/a> ja n\u00e4in olla mahdollistamassa vapaaehtoista meripelastustoimintaa.<\/p>\n\n\n\n<h3 class=\"wp-block-heading\" id=\"h-kannatusjasenyys-42-vuodessa\"><a href=\"https:\/\/meripelastus.fi\/kotka\/auta-meita-auttamaan\/kannatusjasenyys\/\" target=\"_blank\" rel=\"noreferrer noopener\">Kannatusj\u00e4senyys 42\u20ac vuodessa<\/a><\/h3>\n\n\n\n<p>Sinulle, joka haluat pit\u00e4\u00e4 pelastusveneet liikkeell\u00e4 vuotuisella <a href=\"https:\/\/meripelastus.fi\/kotka\/auta-meita-auttamaan\/kannatusjasenyys\/\" target=\"_blank\" rel=\"noreferrer noopener\">kannatusmaksulla<\/a> sek\u00e4 veneilij\u00f6iden ett\u00e4 saaristossa liikkuvien ja asuvien turvana.<\/p>\n\n\n\n<h3 class=\"wp-block-heading\" id=\"h-aktiivijasenyys-42-vuodessa\"><a href=\"https:\/\/meripelastus.fi\/kotka\/meripelastajaksi\/\" target=\"_blank\" rel=\"noreferrer noopener\">Aktiivij\u00e4senyys 42\u20ac vuodessa<\/a><\/h3>\n\n\n\n<p>Jos sinua kiinnostaa osallistua itse meripelastustoimintaan ja aloittaa kouluttautuminen vapaaehtoiseksi meripelastajaksi. <a href=\"https:\/\/meripelastus.fi\/kotka\/meripelastajaksi\/\" target=\"_blank\" rel=\"noreferrer noopener\">Lue lis\u00e4\u00e4<\/a> ja ilmoittaudu mukaan.<\/p>\n\n\n\n<div style=\"height:100px\" aria-hidden=\"true\" class=\"wp-block-spacer\"><\/div>\n\n\n\n<div class=\"wp-block-buttons is-layout-flex wp-block-buttons-is-layout-flex\">\n<div class=\"wp-block-button\"><a class=\"wp-block-button__link wp-element-button\" href=\"https:\/\/meripelastus.fi\/jasenyys\/jasentietojen-paivityslomake\/\" target=\"_blank\" rel=\"noreferrer noopener\">J\u00e4sentietojen p\u00e4ivityslomake<\/a><\/div>\n<\/div>\n","protected":false},"excerpt":{"rendered":"<p>Kotkan Meripelastusyhdistys on vapaaehtoisista koostuva organisaatio, joka harjoittaa meripelastustoimintaa It\u00e4isell\u00e4 Suomenlahdella. Toimimme my\u00f6s ensivasteyksikk\u00f6n\u00e4 alueellamme. Toiminnan rahoitus koostuu ensisijaisesti j\u00e4senmaksuista ja lahjoituksista. Vaikka vapaaehtoiset meripelastajat tekev\u00e4t ty\u00f6t\u00e4\u00e4n t\u00e4ysin korvauksetta, tarvitaan jatkuvasti varoja alusten yll\u00e4pitoon ja polttoaineisiin. Haluatko sin\u00e4, yrityksenne tai seuranne olla mukana varmistamassa, ett\u00e4 veneet pysyv\u00e4t liikkeell\u00e4. N\u00e4in turvaamme veneilij\u00f6iden sek\u00e4 saaristossa liikkuvien ja [&hellip;]<\/p>\n","protected":false},"author":142,"featured_media":239,"parent":0,"menu_order":0,"comment_status":"closed","ping_status":"closed","template":"","meta":{"_acf_changed":false,"inline_featured_image":false,"footnotes":""},"class_list":["post-633","page","type-page","status-publish","has-post-thumbnail","hentry"],"acf":[],"yoast_head":"<!-- This site is optimized with the Yoast SEO Premium plugin v27.2 (Yoast SEO v27.2) - https:\/\/yoast.com\/product\/yoast-seo-premium-wordpress\/ -->\n<title>Liity j\u00e4seneksi - Kotkan Meripelastusyhdistys<\/title>\n<meta name=\"robots\" content=\"index, follow, max-snippet:-1, max-image-preview:large, max-video-preview:-1\" \/>\n<link rel=\"canonical\" href=\"https:\/\/meripelastus.fi\/kotka\/liity-jaseneksi\/\" \/>\n<meta property=\"og:locale\" content=\"fi_FI\" \/>\n<meta property=\"og:type\" content=\"article\" \/>\n<meta property=\"og:title\" content=\"Liity j\u00e4seneksi\" \/>\n<meta property=\"og:description\" content=\"Kotkan Meripelastusyhdistys on vapaaehtoisista koostuva organisaatio, joka harjoittaa meripelastustoimintaa It\u00e4isell\u00e4 Suomenlahdella. Toimimme my\u00f6s ensivasteyksikk\u00f6n\u00e4 alueellamme. Toiminnan rahoitus koostuu ensisijaisesti j\u00e4senmaksuista ja lahjoituksista. Vaikka vapaaehtoiset meripelastajat tekev\u00e4t ty\u00f6t\u00e4\u00e4n t\u00e4ysin korvauksetta, tarvitaan jatkuvasti varoja alusten yll\u00e4pitoon ja polttoaineisiin. Haluatko sin\u00e4, yrityksenne tai seuranne olla mukana varmistamassa, ett\u00e4 veneet pysyv\u00e4t liikkeell\u00e4. N\u00e4in turvaamme veneilij\u00f6iden sek\u00e4 saaristossa liikkuvien ja [&hellip;]\" \/>\n<meta property=\"og:url\" content=\"https:\/\/meripelastus.fi\/kotka\/liity-jaseneksi\/\" \/>\n<meta property=\"og:site_name\" content=\"Kotkan Meripelastusyhdistys\" \/>\n<meta property=\"article:modified_time\" content=\"2025-12-04T23:54:38+00:00\" \/>\n<meta property=\"og:image\" content=\"https:\/\/meripelastus.fi\/kotka\/wp-content\/uploads\/sites\/27\/2020\/01\/20180827_184657-scaled.jpg\" \/>\n\t<meta property=\"og:image:width\" content=\"4032\" \/>\n\t<meta property=\"og:image:height\" content=\"2268\" \/>\n\t<meta property=\"og:image:type\" content=\"image\/jpeg\" \/>\n<meta name=\"twitter:card\" content=\"summary_large_image\" \/>\n<meta name=\"twitter:label1\" content=\"Arvioitu lukuaika\" \/>\n\t<meta name=\"twitter:data1\" content=\"2 minuuttia\" \/>\n<script type=\"application\/ld+json\" class=\"yoast-schema-graph\">{\"@context\":\"https:\/\/schema.org\",\"@graph\":[{\"@type\":\"WebPage\",\"@id\":\"https:\/\/meripelastus.fi\/kotka\/liity-jaseneksi\/\",\"url\":\"https:\/\/meripelastus.fi\/kotka\/liity-jaseneksi\/\",\"name\":\"Liity j\u00e4seneksi - Kotkan Meripelastusyhdistys\",\"isPartOf\":{\"@id\":\"https:\/\/meripelastus.fi\/kotka\/#website\"},\"primaryImageOfPage\":{\"@id\":\"https:\/\/meripelastus.fi\/kotka\/liity-jaseneksi\/#primaryimage\"},\"image\":{\"@id\":\"https:\/\/meripelastus.fi\/kotka\/liity-jaseneksi\/#primaryimage\"},\"thumbnailUrl\":\"https:\/\/meripelastus.fi\/kotka\/wp-content\/uploads\/sites\/27\/2020\/01\/20180827_184657-scaled.jpg\",\"datePublished\":\"2025-05-28T19:04:01+00:00\",\"dateModified\":\"2025-12-04T23:54:38+00:00\",\"breadcrumb\":{\"@id\":\"https:\/\/meripelastus.fi\/kotka\/liity-jaseneksi\/#breadcrumb\"},\"inLanguage\":\"fi\",\"potentialAction\":[{\"@type\":\"ReadAction\",\"target\":[\"https:\/\/meripelastus.fi\/kotka\/liity-jaseneksi\/\"]}]},{\"@type\":\"ImageObject\",\"inLanguage\":\"fi\",\"@id\":\"https:\/\/meripelastus.fi\/kotka\/liity-jaseneksi\/#primaryimage\",\"url\":\"https:\/\/meripelastus.fi\/kotka\/wp-content\/uploads\/sites\/27\/2020\/01\/20180827_184657-scaled.jpg\",\"contentUrl\":\"https:\/\/meripelastus.fi\/kotka\/wp-content\/uploads\/sites\/27\/2020\/01\/20180827_184657-scaled.jpg\",\"width\":4032,\"height\":2268,\"caption\":\"pv Kotka\"},{\"@type\":\"BreadcrumbList\",\"@id\":\"https:\/\/meripelastus.fi\/kotka\/liity-jaseneksi\/#breadcrumb\",\"itemListElement\":[{\"@type\":\"ListItem\",\"position\":1,\"name\":\"Etusivu\",\"item\":\"https:\/\/meripelastus.fi\/kotka\/\"},{\"@type\":\"ListItem\",\"position\":2,\"name\":\"Liity j\u00e4seneksi\"}]},{\"@type\":\"WebSite\",\"@id\":\"https:\/\/meripelastus.fi\/kotka\/#website\",\"url\":\"https:\/\/meripelastus.fi\/kotka\/\",\"name\":\"Kotkan Meripelastusyhdistys\",\"description\":\"Vapaaehtoiset apunasi vesill\u00e4\",\"potentialAction\":[{\"@type\":\"SearchAction\",\"target\":{\"@type\":\"EntryPoint\",\"urlTemplate\":\"https:\/\/meripelastus.fi\/kotka\/?s={search_term_string}\"},\"query-input\":{\"@type\":\"PropertyValueSpecification\",\"valueRequired\":true,\"valueName\":\"search_term_string\"}}],\"inLanguage\":\"fi\"}]}<\/script>\n<!-- \/ Yoast SEO Premium plugin. -->","yoast_head_json":{"title":"Liity j\u00e4seneksi - Kotkan Meripelastusyhdistys","robots":{"index":"index","follow":"follow","max-snippet":"max-snippet:-1","max-image-preview":"max-image-preview:large","max-video-preview":"max-video-preview:-1"},"canonical":"https:\/\/meripelastus.fi\/kotka\/liity-jaseneksi\/","og_locale":"fi_FI","og_type":"article","og_title":"Liity j\u00e4seneksi","og_description":"Kotkan Meripelastusyhdistys on vapaaehtoisista koostuva organisaatio, joka harjoittaa meripelastustoimintaa It\u00e4isell\u00e4 Suomenlahdella. Toimimme my\u00f6s ensivasteyksikk\u00f6n\u00e4 alueellamme. Toiminnan rahoitus koostuu ensisijaisesti j\u00e4senmaksuista ja lahjoituksista. Vaikka vapaaehtoiset meripelastajat tekev\u00e4t ty\u00f6t\u00e4\u00e4n t\u00e4ysin korvauksetta, tarvitaan jatkuvasti varoja alusten yll\u00e4pitoon ja polttoaineisiin. Haluatko sin\u00e4, yrityksenne tai seuranne olla mukana varmistamassa, ett\u00e4 veneet pysyv\u00e4t liikkeell\u00e4. N\u00e4in turvaamme veneilij\u00f6iden sek\u00e4 saaristossa liikkuvien ja [&hellip;]","og_url":"https:\/\/meripelastus.fi\/kotka\/liity-jaseneksi\/","og_site_name":"Kotkan Meripelastusyhdistys","article_modified_time":"2025-12-04T23:54:38+00:00","og_image":[{"width":4032,"height":2268,"url":"https:\/\/meripelastus.fi\/kotka\/wp-content\/uploads\/sites\/27\/2020\/01\/20180827_184657-scaled.jpg","type":"image\/jpeg"}],"twitter_card":"summary_large_image","twitter_misc":{"Arvioitu lukuaika":"2 minuuttia"},"schema":{"@context":"https:\/\/schema.org","@graph":[{"@type":"WebPage","@id":"https:\/\/meripelastus.fi\/kotka\/liity-jaseneksi\/","url":"https:\/\/meripelastus.fi\/kotka\/liity-jaseneksi\/","name":"Liity j\u00e4seneksi - Kotkan Meripelastusyhdistys","isPartOf":{"@id":"https:\/\/meripelastus.fi\/kotka\/#website"},"primaryImageOfPage":{"@id":"https:\/\/meripelastus.fi\/kotka\/liity-jaseneksi\/#primaryimage"},"image":{"@id":"https:\/\/meripelastus.fi\/kotka\/liity-jaseneksi\/#primaryimage"},"thumbnailUrl":"https:\/\/meripelastus.fi\/kotka\/wp-content\/uploads\/sites\/27\/2020\/01\/20180827_184657-scaled.jpg","datePublished":"2025-05-28T19:04:01+00:00","dateModified":"2025-12-04T23:54:38+00:00","breadcrumb":{"@id":"https:\/\/meripelastus.fi\/kotka\/liity-jaseneksi\/#breadcrumb"},"inLanguage":"fi","potentialAction":[{"@type":"ReadAction","target":["https:\/\/meripelastus.fi\/kotka\/liity-jaseneksi\/"]}]},{"@type":"ImageObject","inLanguage":"fi","@id":"https:\/\/meripelastus.fi\/kotka\/liity-jaseneksi\/#primaryimage","url":"https:\/\/meripelastus.fi\/kotka\/wp-content\/uploads\/sites\/27\/2020\/01\/20180827_184657-scaled.jpg","contentUrl":"https:\/\/meripelastus.fi\/kotka\/wp-content\/uploads\/sites\/27\/2020\/01\/20180827_184657-scaled.jpg","width":4032,"height":2268,"caption":"pv Kotka"},{"@type":"BreadcrumbList","@id":"https:\/\/meripelastus.fi\/kotka\/liity-jaseneksi\/#breadcrumb","itemListElement":[{"@type":"ListItem","position":1,"name":"Etusivu","item":"https:\/\/meripelastus.fi\/kotka\/"},{"@type":"ListItem","position":2,"name":"Liity j\u00e4seneksi"}]},{"@type":"WebSite","@id":"https:\/\/meripelastus.fi\/kotka\/#website","url":"https:\/\/meripelastus.fi\/kotka\/","name":"Kotkan Meripelastusyhdistys","description":"Vapaaehtoiset apunasi vesill\u00e4","potentialAction":[{"@type":"SearchAction","target":{"@type":"EntryPoint","urlTemplate":"https:\/\/meripelastus.fi\/kotka\/?s={search_term_string}"},"query-input":{"@type":"PropertyValueSpecification","valueRequired":true,"valueName":"search_term_string"}}],"inLanguage":"fi"}]}},"_links":{"self":[{"href":"https:\/\/meripelastus.fi\/kotka\/wp-json\/wp\/v2\/pages\/633","targetHints":{"allow":["GET"]}}],"collection":[{"href":"https:\/\/meripelastus.fi\/kotka\/wp-json\/wp\/v2\/pages"}],"about":[{"href":"https:\/\/meripelastus.fi\/kotka\/wp-json\/wp\/v2\/types\/page"}],"author":[{"embeddable":true,"href":"https:\/\/meripelastus.fi\/kotka\/wp-json\/wp\/v2\/users\/142"}],"replies":[{"embeddable":true,"href":"https:\/\/meripelastus.fi\/kotka\/wp-json\/wp\/v2\/comments?post=633"}],"version-history":[{"count":12,"href":"https:\/\/meripelastus.fi\/kotka\/wp-json\/wp\/v2\/pages\/633\/revisions"}],"predecessor-version":[{"id":809,"href":"https:\/\/meripelastus.fi\/kotka\/wp-json\/wp\/v2\/pages\/633\/revisions\/809"}],"wp:featuredmedia":[{"embeddable":true,"href":"https:\/\/meripelastus.fi\/kotka\/wp-json\/wp\/v2\/media\/239"}],"wp:attachment":[{"href":"https:\/\/meripelastus.fi\/kotka\/wp-json\/wp\/v2\/media?parent=633"}],"curies":[{"name":"wp","href":"https:\/\/api.w.org\/{rel}","templated":true}]}}