{"id":6,"date":"2018-03-19T09:16:14","date_gmt":"2018-03-19T07:16:14","guid":{"rendered":"http:\/\/basetemplate.smpsyhdistykset.16.testivedos.com\/?page_id=6"},"modified":"2020-01-15T12:13:32","modified_gmt":"2020-01-15T10:13:32","slug":"kotkan-meripelastusyhdistys","status":"publish","type":"page","link":"https:\/\/meripelastus.fi\/kotka\/kotkan-meripelastusyhdistys\/","title":{"rendered":"Kotkan Meripelastusyhdistys"},"content":{"rendered":"<div class=\"title\">\n<h2>Kotkan Meripelastusyhdistys ry<\/h2>\n<\/div>\n<p>* Perustettu 1957<br \/>\n* J\u00e4seni\u00e4 noin 350<br \/>\n* Asemapaikka Luotsi-Kuusinen, Kotkansaari<br \/>\n* Toiminta-alue It\u00e4inen Suomenlahti<br \/>\n* Teht\u00e4v\u00e4t avustusteht\u00e4vi\u00e4 it\u00e4isell\u00e4 Suomenlahdell\u00e4 sek\u00e4 Ven\u00e4j\u00e4n rajan tuntumassa, my\u00f6s uponneiden veneiden nostot.<\/p>\n<p>It\u00e4isell\u00e4 Suomenlahdella on harjoitettu vapaaehtoista meripelastusta jo 1850-luvulta l\u00e4htien. Kotkaan perustettiin vuonna 1957 Suomen Meripelastusseuran paikallisosasto, joka rekister\u00f6itiin Kymenlaakson Meripelastusyhdistykseksi vuonna 1960. Yhdistyksen nimeksi tuli vuonna 1987 Kotkan Meripelastusyhdistys ry.<\/p>\n","protected":false},"excerpt":{"rendered":"<p>Kotkan Meripelastusyhdistys ry * Perustettu 1957 * J\u00e4seni\u00e4 noin 350 * Asemapaikka Luotsi-Kuusinen, Kotkansaari * Toiminta-alue It\u00e4inen Suomenlahti * Teht\u00e4v\u00e4t avustusteht\u00e4vi\u00e4 it\u00e4isell\u00e4 Suomenlahdell\u00e4 sek\u00e4 Ven\u00e4j\u00e4n rajan tuntumassa, my\u00f6s uponneiden veneiden nostot. It\u00e4isell\u00e4 Suomenlahdella on harjoitettu vapaaehtoista meripelastusta jo 1850-luvulta l\u00e4htien. Kotkaan perustettiin vuonna 1957 Suomen Meripelastusseuran paikallisosasto, joka rekister\u00f6itiin Kymenlaakson Meripelastusyhdistykseksi vuonna 1960. Yhdistyksen nimeksi [&hellip;]<\/p>\n","protected":false},"author":1,"featured_media":0,"parent":0,"menu_order":2,"comment_status":"closed","ping_status":"closed","template":"","meta":{"_acf_changed":false,"inline_featured_image":false,"footnotes":""},"class_list":["post-6","page","type-page","status-publish","hentry"],"acf":[],"yoast_head":"<!-- This site is optimized with the Yoast SEO Premium plugin v27.2 (Yoast SEO v27.2) - https:\/\/yoast.com\/product\/yoast-seo-premium-wordpress\/ -->\n<title>Kotkan Meripelastusyhdistys - Kotkan Meripelastusyhdistys<\/title>\n<meta name=\"robots\" content=\"index, follow, max-snippet:-1, max-image-preview:large, max-video-preview:-1\" \/>\n<link rel=\"canonical\" href=\"https:\/\/meripelastus.fi\/kotka\/kotkan-meripelastusyhdistys\/\" \/>\n<meta property=\"og:locale\" content=\"fi_FI\" \/>\n<meta property=\"og:type\" content=\"article\" \/>\n<meta property=\"og:title\" content=\"Kotkan Meripelastusyhdistys\" \/>\n<meta property=\"og:description\" content=\"Kotkan Meripelastusyhdistys ry * Perustettu 1957 * J\u00e4seni\u00e4 noin 350 * Asemapaikka Luotsi-Kuusinen, Kotkansaari * Toiminta-alue It\u00e4inen Suomenlahti * Teht\u00e4v\u00e4t avustusteht\u00e4vi\u00e4 it\u00e4isell\u00e4 Suomenlahdell\u00e4 sek\u00e4 Ven\u00e4j\u00e4n rajan tuntumassa, my\u00f6s uponneiden veneiden nostot. It\u00e4isell\u00e4 Suomenlahdella on harjoitettu vapaaehtoista meripelastusta jo 1850-luvulta l\u00e4htien. Kotkaan perustettiin vuonna 1957 Suomen Meripelastusseuran paikallisosasto, joka rekister\u00f6itiin Kymenlaakson Meripelastusyhdistykseksi vuonna 1960. Yhdistyksen nimeksi [&hellip;]\" \/>\n<meta property=\"og:url\" content=\"https:\/\/meripelastus.fi\/kotka\/kotkan-meripelastusyhdistys\/\" \/>\n<meta property=\"og:site_name\" content=\"Kotkan Meripelastusyhdistys\" \/>\n<meta property=\"article:modified_time\" content=\"2020-01-15T10:13:32+00:00\" \/>\n<meta name=\"twitter:card\" content=\"summary_large_image\" \/>\n<script type=\"application\/ld+json\" class=\"yoast-schema-graph\">{\"@context\":\"https:\/\/schema.org\",\"@graph\":[{\"@type\":\"WebPage\",\"@id\":\"https:\/\/meripelastus.fi\/kotka\/kotkan-meripelastusyhdistys\/\",\"url\":\"https:\/\/meripelastus.fi\/kotka\/kotkan-meripelastusyhdistys\/\",\"name\":\"Kotkan Meripelastusyhdistys - Kotkan Meripelastusyhdistys\",\"isPartOf\":{\"@id\":\"https:\/\/meripelastus.fi\/kotka\/#website\"},\"datePublished\":\"2018-03-19T07:16:14+00:00\",\"dateModified\":\"2020-01-15T10:13:32+00:00\",\"breadcrumb\":{\"@id\":\"https:\/\/meripelastus.fi\/kotka\/kotkan-meripelastusyhdistys\/#breadcrumb\"},\"inLanguage\":\"fi\",\"potentialAction\":[{\"@type\":\"ReadAction\",\"target\":[\"https:\/\/meripelastus.fi\/kotka\/kotkan-meripelastusyhdistys\/\"]}]},{\"@type\":\"BreadcrumbList\",\"@id\":\"https:\/\/meripelastus.fi\/kotka\/kotkan-meripelastusyhdistys\/#breadcrumb\",\"itemListElement\":[{\"@type\":\"ListItem\",\"position\":1,\"name\":\"Etusivu\",\"item\":\"https:\/\/meripelastus.fi\/kotka\/\"},{\"@type\":\"ListItem\",\"position\":2,\"name\":\"Kotkan Meripelastusyhdistys\"}]},{\"@type\":\"WebSite\",\"@id\":\"https:\/\/meripelastus.fi\/kotka\/#website\",\"url\":\"https:\/\/meripelastus.fi\/kotka\/\",\"name\":\"Kotkan Meripelastusyhdistys\",\"description\":\"Vapaaehtoiset apunasi vesill\u00e4\",\"potentialAction\":[{\"@type\":\"SearchAction\",\"target\":{\"@type\":\"EntryPoint\",\"urlTemplate\":\"https:\/\/meripelastus.fi\/kotka\/?s={search_term_string}\"},\"query-input\":{\"@type\":\"PropertyValueSpecification\",\"valueRequired\":true,\"valueName\":\"search_term_string\"}}],\"inLanguage\":\"fi\"}]}<\/script>\n<!-- \/ Yoast SEO Premium plugin. -->","yoast_head_json":{"title":"Kotkan Meripelastusyhdistys - Kotkan Meripelastusyhdistys","robots":{"index":"index","follow":"follow","max-snippet":"max-snippet:-1","max-image-preview":"max-image-preview:large","max-video-preview":"max-video-preview:-1"},"canonical":"https:\/\/meripelastus.fi\/kotka\/kotkan-meripelastusyhdistys\/","og_locale":"fi_FI","og_type":"article","og_title":"Kotkan Meripelastusyhdistys","og_description":"Kotkan Meripelastusyhdistys ry * Perustettu 1957 * J\u00e4seni\u00e4 noin 350 * Asemapaikka Luotsi-Kuusinen, Kotkansaari * Toiminta-alue It\u00e4inen Suomenlahti * Teht\u00e4v\u00e4t avustusteht\u00e4vi\u00e4 it\u00e4isell\u00e4 Suomenlahdell\u00e4 sek\u00e4 Ven\u00e4j\u00e4n rajan tuntumassa, my\u00f6s uponneiden veneiden nostot. It\u00e4isell\u00e4 Suomenlahdella on harjoitettu vapaaehtoista meripelastusta jo 1850-luvulta l\u00e4htien. Kotkaan perustettiin vuonna 1957 Suomen Meripelastusseuran paikallisosasto, joka rekister\u00f6itiin Kymenlaakson Meripelastusyhdistykseksi vuonna 1960. Yhdistyksen nimeksi [&hellip;]","og_url":"https:\/\/meripelastus.fi\/kotka\/kotkan-meripelastusyhdistys\/","og_site_name":"Kotkan Meripelastusyhdistys","article_modified_time":"2020-01-15T10:13:32+00:00","twitter_card":"summary_large_image","schema":{"@context":"https:\/\/schema.org","@graph":[{"@type":"WebPage","@id":"https:\/\/meripelastus.fi\/kotka\/kotkan-meripelastusyhdistys\/","url":"https:\/\/meripelastus.fi\/kotka\/kotkan-meripelastusyhdistys\/","name":"Kotkan Meripelastusyhdistys - Kotkan Meripelastusyhdistys","isPartOf":{"@id":"https:\/\/meripelastus.fi\/kotka\/#website"},"datePublished":"2018-03-19T07:16:14+00:00","dateModified":"2020-01-15T10:13:32+00:00","breadcrumb":{"@id":"https:\/\/meripelastus.fi\/kotka\/kotkan-meripelastusyhdistys\/#breadcrumb"},"inLanguage":"fi","potentialAction":[{"@type":"ReadAction","target":["https:\/\/meripelastus.fi\/kotka\/kotkan-meripelastusyhdistys\/"]}]},{"@type":"BreadcrumbList","@id":"https:\/\/meripelastus.fi\/kotka\/kotkan-meripelastusyhdistys\/#breadcrumb","itemListElement":[{"@type":"ListItem","position":1,"name":"Etusivu","item":"https:\/\/meripelastus.fi\/kotka\/"},{"@type":"ListItem","position":2,"name":"Kotkan Meripelastusyhdistys"}]},{"@type":"WebSite","@id":"https:\/\/meripelastus.fi\/kotka\/#website","url":"https:\/\/meripelastus.fi\/kotka\/","name":"Kotkan Meripelastusyhdistys","description":"Vapaaehtoiset apunasi vesill\u00e4","potentialAction":[{"@type":"SearchAction","target":{"@type":"EntryPoint","urlTemplate":"https:\/\/meripelastus.fi\/kotka\/?s={search_term_string}"},"query-input":{"@type":"PropertyValueSpecification","valueRequired":true,"valueName":"search_term_string"}}],"inLanguage":"fi"}]}},"_links":{"self":[{"href":"https:\/\/meripelastus.fi\/kotka\/wp-json\/wp\/v2\/pages\/6","targetHints":{"allow":["GET"]}}],"collection":[{"href":"https:\/\/meripelastus.fi\/kotka\/wp-json\/wp\/v2\/pages"}],"about":[{"href":"https:\/\/meripelastus.fi\/kotka\/wp-json\/wp\/v2\/types\/page"}],"author":[{"embeddable":true,"href":"https:\/\/meripelastus.fi\/kotka\/wp-json\/wp\/v2\/users\/1"}],"replies":[{"embeddable":true,"href":"https:\/\/meripelastus.fi\/kotka\/wp-json\/wp\/v2\/comments?post=6"}],"version-history":[{"count":5,"href":"https:\/\/meripelastus.fi\/kotka\/wp-json\/wp\/v2\/pages\/6\/revisions"}],"predecessor-version":[{"id":241,"href":"https:\/\/meripelastus.fi\/kotka\/wp-json\/wp\/v2\/pages\/6\/revisions\/241"}],"wp:attachment":[{"href":"https:\/\/meripelastus.fi\/kotka\/wp-json\/wp\/v2\/media?parent=6"}],"curies":[{"name":"wp","href":"https:\/\/api.w.org\/{rel}","templated":true}]}}