{"id":560,"date":"2024-03-22T15:25:46","date_gmt":"2024-03-22T13:25:46","guid":{"rendered":"https:\/\/meripelastus.fi\/kotka\/?page_id=560"},"modified":"2026-03-25T22:29:52","modified_gmt":"2026-03-25T20:29:52","slug":"auta-meita-auttamaan","status":"publish","type":"page","link":"https:\/\/meripelastus.fi\/kotka\/auta-meita-auttamaan\/","title":{"rendered":"Tue Meripelastajia"},"content":{"rendered":"\n<p>Kotkan Meripelastusyhdistys toimii lahjoitusvaroin ja py\u00f6rii t\u00e4ysin vapaaehtoisvoimin. Pelastusteht\u00e4vist\u00e4 sek\u00e4 erilaisista harjoituksista aiheutuu kuluja, jotka katamme osin j\u00e4senmaksuilla sek\u00e4 teht\u00e4v\u00e4korvauksilla. Vaikka vapaaehtoinen miehist\u00f6mme tekee ty\u00f6t\u00e4\u00e4n korvauksetta, he eiv\u00e4t voi kuitenkaan tehd\u00e4 sit\u00e4 ilman kunnollista kalustoa, polttoainetta ja varusteita. <\/p>\n\n\n\n<p>Sin\u00e4kin voit auttaa pit\u00e4m\u00e4\u00e4n meripelastajat valmiudessa. Siihen on monta tapaa. Lahjoitukset k\u00e4ytet\u00e4\u00e4n suoraan yhdistyksen toimintaan.<br><br><strong>MobilePaylla<\/strong> numeroon <strong>74842<\/strong> tai skannaamalla puhelimella alla olevan QR-koodin! Pienikin summa auttaa!<\/p>\n\n\n\n<figure class=\"wp-block-image size-full is-resized\"><img loading=\"lazy\" decoding=\"async\" width=\"800\" height=\"800\" src=\"https:\/\/meripelastus.fi\/kotka\/wp-content\/uploads\/sites\/27\/2024\/03\/QR-koodi_KotkanMeripelastusyhdistysry74842.png\" alt=\"\" class=\"wp-image-561\" style=\"width:217px;height:auto\" srcset=\"https:\/\/meripelastus.fi\/kotka\/wp-content\/uploads\/sites\/27\/2024\/03\/QR-koodi_KotkanMeripelastusyhdistysry74842.png 800w, https:\/\/meripelastus.fi\/kotka\/wp-content\/uploads\/sites\/27\/2024\/03\/QR-koodi_KotkanMeripelastusyhdistysry74842-300x300.png 300w, https:\/\/meripelastus.fi\/kotka\/wp-content\/uploads\/sites\/27\/2024\/03\/QR-koodi_KotkanMeripelastusyhdistysry74842-150x150.png 150w, https:\/\/meripelastus.fi\/kotka\/wp-content\/uploads\/sites\/27\/2024\/03\/QR-koodi_KotkanMeripelastusyhdistysry74842-768x768.png 768w, https:\/\/meripelastus.fi\/kotka\/wp-content\/uploads\/sites\/27\/2024\/03\/QR-koodi_KotkanMeripelastusyhdistysry74842-160x160.png 160w\" sizes=\"auto, (max-width: 800px) 100vw, 800px\" \/><\/figure>\n\n\n\n<p>Rahanker\u00e4yslupa RA\/2024\/49<\/p>\n\n\n\n<div style=\"height:100px\" aria-hidden=\"true\" class=\"wp-block-spacer\"><\/div>\n\n\n\n<p><strong>Kertalahjoitus<\/strong> suoraan pankkitilillemme  FI11 5172 0220 0477 41.<\/p>\n\n\n\n<div style=\"height:100px\" aria-hidden=\"true\" class=\"wp-block-spacer\"><\/div>\n\n\n\n<p><strong>Auta yrityksen\u00e4 tai yhteis\u00f6n\u00e4<\/strong> &#8211; <a href=\"https:\/\/meripelastus.fi\/kotka\/auta-meita-auttamaan\/yhteisojasenyys\/\" target=\"_blank\" rel=\"noreferrer noopener\">Liity yhteis\u00f6j\u00e4seneksi<\/a><\/p>\n\n\n\n<div style=\"height:100px\" aria-hidden=\"true\" class=\"wp-block-spacer\"><\/div>\n\n\n\n<p>Mik\u00e4li olette kiinnostunut erilaisista <strong>yhteisty\u00f6mahdollisuuksista<\/strong> tai harkitsette suurempaa <strong>lahjoitussummaa, testamenttia tai varainkeruukampanjaa <\/strong>voitte olla yhteydess\u00e4<\/p>\n\n\n\n<p>Kalle Lahti, varainhankintavastaava <br>varainhankinta.kotka(\u00e4t)messi.meripelastus.fi<\/p>\n\n\n\n<p><\/p>\n\n\n\n<p>Jouni Hokkanen, puheenjohtaja<br>pj.kotka(\u00e4t)messi.meripelastus.fi<br>044 055 9622<br><\/p>\n\n\n\n<p><\/p>\n","protected":false},"excerpt":{"rendered":"<p>Kotkan Meripelastusyhdistys toimii lahjoitusvaroin ja py\u00f6rii t\u00e4ysin vapaaehtoisvoimin. Pelastusteht\u00e4vist\u00e4 sek\u00e4 erilaisista harjoituksista aiheutuu kuluja, jotka katamme osin j\u00e4senmaksuilla sek\u00e4 teht\u00e4v\u00e4korvauksilla. Vaikka vapaaehtoinen miehist\u00f6mme tekee ty\u00f6t\u00e4\u00e4n korvauksetta, he eiv\u00e4t voi kuitenkaan tehd\u00e4 sit\u00e4 ilman kunnollista kalustoa, polttoainetta ja varusteita. Sin\u00e4kin voit auttaa pit\u00e4m\u00e4\u00e4n meripelastajat valmiudessa. Siihen on monta tapaa. Lahjoitukset k\u00e4ytet\u00e4\u00e4n suoraan yhdistyksen toimintaan. MobilePaylla numeroon [&hellip;]<\/p>\n","protected":false},"author":48,"featured_media":719,"parent":0,"menu_order":0,"comment_status":"closed","ping_status":"closed","template":"","meta":{"_acf_changed":false,"inline_featured_image":false,"footnotes":""},"class_list":["post-560","page","type-page","status-publish","has-post-thumbnail","hentry"],"acf":[],"yoast_head":"<!-- This site is optimized with the Yoast SEO Premium plugin v27.2 (Yoast SEO v27.2) - https:\/\/yoast.com\/product\/yoast-seo-premium-wordpress\/ -->\n<title>Tue Meripelastajia - Kotkan Meripelastusyhdistys<\/title>\n<meta name=\"robots\" content=\"index, follow, max-snippet:-1, max-image-preview:large, max-video-preview:-1\" \/>\n<link rel=\"canonical\" href=\"https:\/\/meripelastus.fi\/kotka\/auta-meita-auttamaan\/\" \/>\n<meta property=\"og:locale\" content=\"fi_FI\" \/>\n<meta property=\"og:type\" content=\"article\" \/>\n<meta property=\"og:title\" content=\"Tue Meripelastajia\" \/>\n<meta property=\"og:description\" content=\"Kotkan Meripelastusyhdistys toimii lahjoitusvaroin ja py\u00f6rii t\u00e4ysin vapaaehtoisvoimin. Pelastusteht\u00e4vist\u00e4 sek\u00e4 erilaisista harjoituksista aiheutuu kuluja, jotka katamme osin j\u00e4senmaksuilla sek\u00e4 teht\u00e4v\u00e4korvauksilla. Vaikka vapaaehtoinen miehist\u00f6mme tekee ty\u00f6t\u00e4\u00e4n korvauksetta, he eiv\u00e4t voi kuitenkaan tehd\u00e4 sit\u00e4 ilman kunnollista kalustoa, polttoainetta ja varusteita. Sin\u00e4kin voit auttaa pit\u00e4m\u00e4\u00e4n meripelastajat valmiudessa. Siihen on monta tapaa. Lahjoitukset k\u00e4ytet\u00e4\u00e4n suoraan yhdistyksen toimintaan. MobilePaylla numeroon [&hellip;]\" \/>\n<meta property=\"og:url\" content=\"https:\/\/meripelastus.fi\/kotka\/auta-meita-auttamaan\/\" \/>\n<meta property=\"og:site_name\" content=\"Kotkan Meripelastusyhdistys\" \/>\n<meta property=\"article:modified_time\" content=\"2026-03-25T20:29:52+00:00\" \/>\n<meta property=\"og:image\" content=\"https:\/\/meripelastus.fi\/kotka\/wp-content\/uploads\/sites\/27\/2025\/05\/YcX89rjA-scaled.jpeg\" \/>\n\t<meta property=\"og:image:width\" content=\"2560\" \/>\n\t<meta property=\"og:image:height\" content=\"1937\" \/>\n\t<meta property=\"og:image:type\" content=\"image\/jpeg\" \/>\n<meta name=\"twitter:card\" content=\"summary_large_image\" \/>\n<meta name=\"twitter:label1\" content=\"Arvioitu lukuaika\" \/>\n\t<meta name=\"twitter:data1\" content=\"2 minuuttia\" \/>\n<script type=\"application\/ld+json\" class=\"yoast-schema-graph\">{\"@context\":\"https:\/\/schema.org\",\"@graph\":[{\"@type\":\"WebPage\",\"@id\":\"https:\/\/meripelastus.fi\/kotka\/auta-meita-auttamaan\/\",\"url\":\"https:\/\/meripelastus.fi\/kotka\/auta-meita-auttamaan\/\",\"name\":\"Tue Meripelastajia - Kotkan Meripelastusyhdistys\",\"isPartOf\":{\"@id\":\"https:\/\/meripelastus.fi\/kotka\/#website\"},\"primaryImageOfPage\":{\"@id\":\"https:\/\/meripelastus.fi\/kotka\/auta-meita-auttamaan\/#primaryimage\"},\"image\":{\"@id\":\"https:\/\/meripelastus.fi\/kotka\/auta-meita-auttamaan\/#primaryimage\"},\"thumbnailUrl\":\"https:\/\/meripelastus.fi\/kotka\/wp-content\/uploads\/sites\/27\/2025\/05\/YcX89rjA-scaled.jpeg\",\"datePublished\":\"2024-03-22T13:25:46+00:00\",\"dateModified\":\"2026-03-25T20:29:52+00:00\",\"breadcrumb\":{\"@id\":\"https:\/\/meripelastus.fi\/kotka\/auta-meita-auttamaan\/#breadcrumb\"},\"inLanguage\":\"fi\",\"potentialAction\":[{\"@type\":\"ReadAction\",\"target\":[\"https:\/\/meripelastus.fi\/kotka\/auta-meita-auttamaan\/\"]}]},{\"@type\":\"ImageObject\",\"inLanguage\":\"fi\",\"@id\":\"https:\/\/meripelastus.fi\/kotka\/auta-meita-auttamaan\/#primaryimage\",\"url\":\"https:\/\/meripelastus.fi\/kotka\/wp-content\/uploads\/sites\/27\/2025\/05\/YcX89rjA-scaled.jpeg\",\"contentUrl\":\"https:\/\/meripelastus.fi\/kotka\/wp-content\/uploads\/sites\/27\/2025\/05\/YcX89rjA-scaled.jpeg\",\"width\":2560,\"height\":1937},{\"@type\":\"BreadcrumbList\",\"@id\":\"https:\/\/meripelastus.fi\/kotka\/auta-meita-auttamaan\/#breadcrumb\",\"itemListElement\":[{\"@type\":\"ListItem\",\"position\":1,\"name\":\"Etusivu\",\"item\":\"https:\/\/meripelastus.fi\/kotka\/\"},{\"@type\":\"ListItem\",\"position\":2,\"name\":\"Tue Meripelastajia\"}]},{\"@type\":\"WebSite\",\"@id\":\"https:\/\/meripelastus.fi\/kotka\/#website\",\"url\":\"https:\/\/meripelastus.fi\/kotka\/\",\"name\":\"Kotkan Meripelastusyhdistys\",\"description\":\"Vapaaehtoiset apunasi vesill\u00e4\",\"potentialAction\":[{\"@type\":\"SearchAction\",\"target\":{\"@type\":\"EntryPoint\",\"urlTemplate\":\"https:\/\/meripelastus.fi\/kotka\/?s={search_term_string}\"},\"query-input\":{\"@type\":\"PropertyValueSpecification\",\"valueRequired\":true,\"valueName\":\"search_term_string\"}}],\"inLanguage\":\"fi\"}]}<\/script>\n<!-- \/ Yoast SEO Premium plugin. -->","yoast_head_json":{"title":"Tue Meripelastajia - Kotkan Meripelastusyhdistys","robots":{"index":"index","follow":"follow","max-snippet":"max-snippet:-1","max-image-preview":"max-image-preview:large","max-video-preview":"max-video-preview:-1"},"canonical":"https:\/\/meripelastus.fi\/kotka\/auta-meita-auttamaan\/","og_locale":"fi_FI","og_type":"article","og_title":"Tue Meripelastajia","og_description":"Kotkan Meripelastusyhdistys toimii lahjoitusvaroin ja py\u00f6rii t\u00e4ysin vapaaehtoisvoimin. Pelastusteht\u00e4vist\u00e4 sek\u00e4 erilaisista harjoituksista aiheutuu kuluja, jotka katamme osin j\u00e4senmaksuilla sek\u00e4 teht\u00e4v\u00e4korvauksilla. Vaikka vapaaehtoinen miehist\u00f6mme tekee ty\u00f6t\u00e4\u00e4n korvauksetta, he eiv\u00e4t voi kuitenkaan tehd\u00e4 sit\u00e4 ilman kunnollista kalustoa, polttoainetta ja varusteita. Sin\u00e4kin voit auttaa pit\u00e4m\u00e4\u00e4n meripelastajat valmiudessa. Siihen on monta tapaa. Lahjoitukset k\u00e4ytet\u00e4\u00e4n suoraan yhdistyksen toimintaan. MobilePaylla numeroon [&hellip;]","og_url":"https:\/\/meripelastus.fi\/kotka\/auta-meita-auttamaan\/","og_site_name":"Kotkan Meripelastusyhdistys","article_modified_time":"2026-03-25T20:29:52+00:00","og_image":[{"width":2560,"height":1937,"url":"https:\/\/meripelastus.fi\/kotka\/wp-content\/uploads\/sites\/27\/2025\/05\/YcX89rjA-scaled.jpeg","type":"image\/jpeg"}],"twitter_card":"summary_large_image","twitter_misc":{"Arvioitu lukuaika":"2 minuuttia"},"schema":{"@context":"https:\/\/schema.org","@graph":[{"@type":"WebPage","@id":"https:\/\/meripelastus.fi\/kotka\/auta-meita-auttamaan\/","url":"https:\/\/meripelastus.fi\/kotka\/auta-meita-auttamaan\/","name":"Tue Meripelastajia - Kotkan Meripelastusyhdistys","isPartOf":{"@id":"https:\/\/meripelastus.fi\/kotka\/#website"},"primaryImageOfPage":{"@id":"https:\/\/meripelastus.fi\/kotka\/auta-meita-auttamaan\/#primaryimage"},"image":{"@id":"https:\/\/meripelastus.fi\/kotka\/auta-meita-auttamaan\/#primaryimage"},"thumbnailUrl":"https:\/\/meripelastus.fi\/kotka\/wp-content\/uploads\/sites\/27\/2025\/05\/YcX89rjA-scaled.jpeg","datePublished":"2024-03-22T13:25:46+00:00","dateModified":"2026-03-25T20:29:52+00:00","breadcrumb":{"@id":"https:\/\/meripelastus.fi\/kotka\/auta-meita-auttamaan\/#breadcrumb"},"inLanguage":"fi","potentialAction":[{"@type":"ReadAction","target":["https:\/\/meripelastus.fi\/kotka\/auta-meita-auttamaan\/"]}]},{"@type":"ImageObject","inLanguage":"fi","@id":"https:\/\/meripelastus.fi\/kotka\/auta-meita-auttamaan\/#primaryimage","url":"https:\/\/meripelastus.fi\/kotka\/wp-content\/uploads\/sites\/27\/2025\/05\/YcX89rjA-scaled.jpeg","contentUrl":"https:\/\/meripelastus.fi\/kotka\/wp-content\/uploads\/sites\/27\/2025\/05\/YcX89rjA-scaled.jpeg","width":2560,"height":1937},{"@type":"BreadcrumbList","@id":"https:\/\/meripelastus.fi\/kotka\/auta-meita-auttamaan\/#breadcrumb","itemListElement":[{"@type":"ListItem","position":1,"name":"Etusivu","item":"https:\/\/meripelastus.fi\/kotka\/"},{"@type":"ListItem","position":2,"name":"Tue Meripelastajia"}]},{"@type":"WebSite","@id":"https:\/\/meripelastus.fi\/kotka\/#website","url":"https:\/\/meripelastus.fi\/kotka\/","name":"Kotkan Meripelastusyhdistys","description":"Vapaaehtoiset apunasi vesill\u00e4","potentialAction":[{"@type":"SearchAction","target":{"@type":"EntryPoint","urlTemplate":"https:\/\/meripelastus.fi\/kotka\/?s={search_term_string}"},"query-input":{"@type":"PropertyValueSpecification","valueRequired":true,"valueName":"search_term_string"}}],"inLanguage":"fi"}]}},"_links":{"self":[{"href":"https:\/\/meripelastus.fi\/kotka\/wp-json\/wp\/v2\/pages\/560","targetHints":{"allow":["GET"]}}],"collection":[{"href":"https:\/\/meripelastus.fi\/kotka\/wp-json\/wp\/v2\/pages"}],"about":[{"href":"https:\/\/meripelastus.fi\/kotka\/wp-json\/wp\/v2\/types\/page"}],"author":[{"embeddable":true,"href":"https:\/\/meripelastus.fi\/kotka\/wp-json\/wp\/v2\/users\/48"}],"replies":[{"embeddable":true,"href":"https:\/\/meripelastus.fi\/kotka\/wp-json\/wp\/v2\/comments?post=560"}],"version-history":[{"count":12,"href":"https:\/\/meripelastus.fi\/kotka\/wp-json\/wp\/v2\/pages\/560\/revisions"}],"predecessor-version":[{"id":856,"href":"https:\/\/meripelastus.fi\/kotka\/wp-json\/wp\/v2\/pages\/560\/revisions\/856"}],"wp:featuredmedia":[{"embeddable":true,"href":"https:\/\/meripelastus.fi\/kotka\/wp-json\/wp\/v2\/media\/719"}],"wp:attachment":[{"href":"https:\/\/meripelastus.fi\/kotka\/wp-json\/wp\/v2\/media?parent=560"}],"curies":[{"name":"wp","href":"https:\/\/api.w.org\/{rel}","templated":true}]}}