{"id":361,"date":"2022-06-10T16:01:49","date_gmt":"2022-06-10T13:01:49","guid":{"rendered":"https:\/\/meripelastus.fi\/kotka\/?page_id=361"},"modified":"2026-04-03T15:53:04","modified_gmt":"2026-04-03T12:53:04","slug":"tukijat","status":"publish","type":"page","link":"https:\/\/meripelastus.fi\/kotka\/auta-meita-auttamaan\/tukijat\/","title":{"rendered":"Tukijat"},"content":{"rendered":"\n<p>Meripelastustoiminta on vapaaehtoista ja tukeutuu p\u00e4\u00e4asiassa lahjoitusten varaan. T\u00e4rkein\u00e4 yhteisty\u00f6- ja lahjoituskumppaneina toimii paikallisia yrityksi\u00e4 sek\u00e4 yksityisi\u00e4 lahjoittajia. Voit lahjoittaa <a href=\"https:\/\/meripelastus.fi\/kotka\/auta-meita-auttamaan\/\">kertalahjoituksena<\/a> tai liitty\u00e4 j\u00e4seneksi. Tule sin\u00e4kin mukaan tukemaan vapaaehtoista meripelastusta ja auta meit\u00e4 pit\u00e4m\u00e4\u00e4n veneet ja miehist\u00f6 vesill\u00e4!<\/p>\n\n\n\n<p>Kiinnostaako yhteisty\u00f6 meid\u00e4n kanssa tai haluaisitko tehd\u00e4 lahjoituksen? Ole yhteydess\u00e4<\/p>\n\n\n\n<p>Kalle Lahti, varainhankintavastaava<br>varainhankinta.kotka(\u00e4t)messi.meripelastus.fi <\/p>\n\n\n\n<p>Jouni Hokkanen, puheenjohtaja<br>+358 44 055 9622<br>pj.kotka(\u00e4t)messi.meripelastus.fi<\/p>\n\n\n\n<p><a class=\"link-arrow\" href=\"\/kotka\/tietoa-meista\">Tutustu toimintaamme<\/a><\/p>\n\n\n\n<figure class=\"wp-block-table aligncenter\"><table class=\"has-fixed-layout\"><tbody><tr><td class=\"has-text-align-center\" data-align=\"center\"><figure><a href=\"https:\/\/kotka.fi\"><img loading=\"lazy\" decoding=\"async\" class=\"alignnone size-full wp-image-377\" src=\"https:\/\/meripelastus.fi\/kotka\/wp-content\/uploads\/sites\/27\/2022\/06\/kotkan_kaupunki.jpg\" alt=\"\" width=\"200\" height=\"200\" srcset=\"https:\/\/meripelastus.fi\/kotka\/wp-content\/uploads\/sites\/27\/2022\/06\/kotkan_kaupunki.jpg 200w, https:\/\/meripelastus.fi\/kotka\/wp-content\/uploads\/sites\/27\/2022\/06\/kotkan_kaupunki-150x150.jpg 150w\" sizes=\"auto, (max-width: 200px) 100vw, 200px\" \/><\/a><\/figure><\/td><td class=\"has-text-align-center\" data-align=\"center\"><figure><a href=\"https:\/\/www.oskaroflund.fi\/\"><img loading=\"lazy\" decoding=\"async\" class=\"alignnone size-medium wp-image-379\" src=\"https:\/\/meripelastus.fi\/kotka\/wp-content\/uploads\/sites\/27\/2022\/06\/oskar_mepe.jpg\" alt=\"\" width=\"200\" height=\"200\" srcset=\"https:\/\/meripelastus.fi\/kotka\/wp-content\/uploads\/sites\/27\/2022\/06\/oskar_mepe.jpg 200w, https:\/\/meripelastus.fi\/kotka\/wp-content\/uploads\/sites\/27\/2022\/06\/oskar_mepe-150x150.jpg 150w\" sizes=\"auto, (max-width: 200px) 100vw, 200px\" \/><\/a><\/figure><\/td><td class=\"has-text-align-center\" data-align=\"center\"><figure><a href=\"https:\/\/kotkamills.com\"><img loading=\"lazy\" decoding=\"async\" class=\"alignnone size-medium wp-image-378\" src=\"https:\/\/meripelastus.fi\/kotka\/wp-content\/uploads\/sites\/27\/2022\/06\/kotka_mills.jpg\" alt=\"\" width=\"200\" height=\"200\" srcset=\"https:\/\/meripelastus.fi\/kotka\/wp-content\/uploads\/sites\/27\/2022\/06\/kotka_mills.jpg 200w, https:\/\/meripelastus.fi\/kotka\/wp-content\/uploads\/sites\/27\/2022\/06\/kotka_mills-150x150.jpg 150w\" sizes=\"auto, (max-width: 200px) 100vw, 200px\" \/><\/a><\/figure><\/td><td class=\"has-text-align-center\" data-align=\"center\"><figure><a href=\"https:\/\/veleiro.fi\"><img loading=\"lazy\" decoding=\"async\" class=\"size-medium wp-image-380 alignleft\" src=\"https:\/\/meripelastus.fi\/kotka\/wp-content\/uploads\/sites\/27\/2022\/06\/veleiro_mepe.png\" alt=\"\" width=\"200\" height=\"200\" srcset=\"https:\/\/meripelastus.fi\/kotka\/wp-content\/uploads\/sites\/27\/2022\/06\/veleiro_mepe.png 200w, https:\/\/meripelastus.fi\/kotka\/wp-content\/uploads\/sites\/27\/2022\/06\/veleiro_mepe-150x150.png 150w\" sizes=\"auto, (max-width: 200px) 100vw, 200px\" \/><\/a><\/figure><\/td><\/tr><tr><td class=\"has-text-align-center\" data-align=\"center\"><figure><a href=\"https:\/\/www.haminakotka.com\/fi\"><img loading=\"lazy\" decoding=\"async\" class=\"alignnone size-full wp-image-386\" src=\"https:\/\/meripelastus.fi\/kotka\/wp-content\/uploads\/sites\/27\/2022\/06\/port_hamina_kotka.jpg\" alt=\"\" width=\"200\" height=\"200\" srcset=\"https:\/\/meripelastus.fi\/kotka\/wp-content\/uploads\/sites\/27\/2022\/06\/port_hamina_kotka.jpg 200w, https:\/\/meripelastus.fi\/kotka\/wp-content\/uploads\/sites\/27\/2022\/06\/port_hamina_kotka-150x150.jpg 150w\" sizes=\"auto, (max-width: 200px) 100vw, 200px\" \/><\/a><\/figure><\/td><td class=\"has-text-align-center\" data-align=\"center\"><figure><a href=\"https:\/\/arctia.fi\"><img loading=\"lazy\" decoding=\"async\" class=\"alignnone size-full wp-image-385\" src=\"https:\/\/meripelastus.fi\/kotka\/wp-content\/uploads\/sites\/27\/2022\/06\/arctia.jpg\" alt=\"\" width=\"200\" height=\"200\" srcset=\"https:\/\/meripelastus.fi\/kotka\/wp-content\/uploads\/sites\/27\/2022\/06\/arctia.jpg 200w, https:\/\/meripelastus.fi\/kotka\/wp-content\/uploads\/sites\/27\/2022\/06\/arctia-150x150.jpg 150w\" sizes=\"auto, (max-width: 200px) 100vw, 200px\" \/><\/a><\/figure><\/td><td class=\"has-text-align-center\" data-align=\"center\"><figure><a href=\"https:\/\/www.ekspsaatio.fi\/\"><img loading=\"lazy\" decoding=\"async\" class=\"alignnone size-full wp-image-388\" src=\"https:\/\/meripelastus.fi\/kotka\/wp-content\/uploads\/sites\/27\/2022\/06\/eksp_saatio.jpg\" alt=\"\" width=\"200\" height=\"200\" srcset=\"https:\/\/meripelastus.fi\/kotka\/wp-content\/uploads\/sites\/27\/2022\/06\/eksp_saatio.jpg 200w, https:\/\/meripelastus.fi\/kotka\/wp-content\/uploads\/sites\/27\/2022\/06\/eksp_saatio-150x150.jpg 150w\" sizes=\"auto, (max-width: 200px) 100vw, 200px\" \/><\/a><\/figure><\/td><td class=\"has-text-align-center\" data-align=\"center\"><figure><a href=\"https:\/\/kotkanlihatukku.fi\/\"><img loading=\"lazy\" decoding=\"async\" class=\"alignnone size-full wp-image-431\" src=\"https:\/\/meripelastus.fi\/kotka\/wp-content\/uploads\/sites\/27\/2022\/07\/lihamestarit.jpg\" alt=\"\" width=\"200\" height=\"200\" srcset=\"https:\/\/meripelastus.fi\/kotka\/wp-content\/uploads\/sites\/27\/2022\/07\/lihamestarit.jpg 200w, https:\/\/meripelastus.fi\/kotka\/wp-content\/uploads\/sites\/27\/2022\/07\/lihamestarit-150x150.jpg 150w\" sizes=\"auto, (max-width: 200px) 100vw, 200px\" \/><\/a><\/figure><\/td><\/tr><tr><td class=\"has-text-align-center\" data-align=\"center\"><figure><a href=\"https:\/\/www.k-ruoka.fi\/kauppa\/k-market-mussalo\"><img loading=\"lazy\" decoding=\"async\" class=\"alignnone size-full wp-image-433\" src=\"https:\/\/meripelastus.fi\/kotka\/wp-content\/uploads\/sites\/27\/2022\/07\/mussalo.jpg\" alt=\"\" width=\"200\" height=\"200\" srcset=\"https:\/\/meripelastus.fi\/kotka\/wp-content\/uploads\/sites\/27\/2022\/07\/mussalo.jpg 200w, https:\/\/meripelastus.fi\/kotka\/wp-content\/uploads\/sites\/27\/2022\/07\/mussalo-150x150.jpg 150w\" sizes=\"auto, (max-width: 200px) 100vw, 200px\" \/><\/a><\/figure><\/td><td class=\"has-text-align-center\" data-align=\"center\"><figure><a href=\"https:\/\/www.k-ruoka.fi\/kauppa\/k-supermarket-pooki\"><img loading=\"lazy\" decoding=\"async\" class=\"alignnone size-full wp-image-432\" src=\"https:\/\/meripelastus.fi\/kotka\/wp-content\/uploads\/sites\/27\/2022\/07\/pooki.jpg\" alt=\"\" width=\"200\" height=\"200\" srcset=\"https:\/\/meripelastus.fi\/kotka\/wp-content\/uploads\/sites\/27\/2022\/07\/pooki.jpg 200w, https:\/\/meripelastus.fi\/kotka\/wp-content\/uploads\/sites\/27\/2022\/07\/pooki-150x150.jpg 150w\" sizes=\"auto, (max-width: 200px) 100vw, 200px\" \/><\/a><\/figure><\/td><td class=\"has-text-align-center\" data-align=\"center\"><figure><a href=\"https:\/\/www.facebook.com\/sapokkabarnbbq\"><img loading=\"lazy\" decoding=\"async\" class=\"alignnone size-full wp-image-466\" src=\"https:\/\/meripelastus.fi\/kotka\/wp-content\/uploads\/sites\/27\/2023\/06\/sapokka_bbq.png\" alt=\"\" width=\"200\" height=\"200\" srcset=\"https:\/\/meripelastus.fi\/kotka\/wp-content\/uploads\/sites\/27\/2023\/06\/sapokka_bbq.png 200w, https:\/\/meripelastus.fi\/kotka\/wp-content\/uploads\/sites\/27\/2023\/06\/sapokka_bbq-150x150.png 150w\" sizes=\"auto, (max-width: 200px) 100vw, 200px\" \/><\/a><\/figure><\/td><td class=\"has-text-align-center\" data-align=\"center\"><figure><a href=\"https:\/\/lamposulku.fi\/\" target=\"_blank\" rel=\"noopener\"><img loading=\"lazy\" decoding=\"async\" class=\"alignnone size-medium wp-image-626\" src=\"https:\/\/meripelastus.fi\/kotka\/wp-content\/uploads\/sites\/27\/2025\/05\/Logo-Lamposulku_vihrealla-viivalla-vektorina-212x300.jpg\" alt=\"\" width=\"212\" height=\"300\" srcset=\"https:\/\/meripelastus.fi\/kotka\/wp-content\/uploads\/sites\/27\/2025\/05\/Logo-Lamposulku_vihrealla-viivalla-vektorina-212x300.jpg 212w, https:\/\/meripelastus.fi\/kotka\/wp-content\/uploads\/sites\/27\/2025\/05\/Logo-Lamposulku_vihrealla-viivalla-vektorina.jpg 595w\" sizes=\"auto, (max-width: 212px) 100vw, 212px\" \/><\/a><\/figure><\/td><\/tr><tr><td class=\"has-text-align-center\" data-align=\"center\"><img loading=\"lazy\" decoding=\"async\" width=\"792\" height=\"480\" class=\"wp-image-625\" style=\"width: 150px\" src=\"https:\/\/meripelastus.fi\/kotka\/wp-content\/uploads\/sites\/27\/2025\/05\/Winteco_logo_black-1.jpg\" alt=\"\" srcset=\"https:\/\/meripelastus.fi\/kotka\/wp-content\/uploads\/sites\/27\/2025\/05\/Winteco_logo_black-1.jpg 792w, https:\/\/meripelastus.fi\/kotka\/wp-content\/uploads\/sites\/27\/2025\/05\/Winteco_logo_black-1-300x182.jpg 300w, https:\/\/meripelastus.fi\/kotka\/wp-content\/uploads\/sites\/27\/2025\/05\/Winteco_logo_black-1-768x465.jpg 768w\" sizes=\"auto, (max-width: 792px) 100vw, 792px\" \/><\/td><td class=\"has-text-align-center\" data-align=\"center\"><img loading=\"lazy\" decoding=\"async\" width=\"1804\" height=\"692\" class=\"wp-image-738\" style=\"width: 150px\" src=\"https:\/\/meripelastus.fi\/kotka\/wp-content\/uploads\/sites\/27\/2025\/06\/logo-uusi-jpg-nettiin_lisatty-Maarakennus-tietotaito-Oy.jpg\" alt=\"\" srcset=\"https:\/\/meripelastus.fi\/kotka\/wp-content\/uploads\/sites\/27\/2025\/06\/logo-uusi-jpg-nettiin_lisatty-Maarakennus-tietotaito-Oy.jpg 1804w, https:\/\/meripelastus.fi\/kotka\/wp-content\/uploads\/sites\/27\/2025\/06\/logo-uusi-jpg-nettiin_lisatty-Maarakennus-tietotaito-Oy-300x115.jpg 300w, https:\/\/meripelastus.fi\/kotka\/wp-content\/uploads\/sites\/27\/2025\/06\/logo-uusi-jpg-nettiin_lisatty-Maarakennus-tietotaito-Oy-1024x393.jpg 1024w, https:\/\/meripelastus.fi\/kotka\/wp-content\/uploads\/sites\/27\/2025\/06\/logo-uusi-jpg-nettiin_lisatty-Maarakennus-tietotaito-Oy-768x295.jpg 768w, https:\/\/meripelastus.fi\/kotka\/wp-content\/uploads\/sites\/27\/2025\/06\/logo-uusi-jpg-nettiin_lisatty-Maarakennus-tietotaito-Oy-1536x589.jpg 1536w\" sizes=\"auto, (max-width: 1804px) 100vw, 1804px\" \/><\/td><td class=\"has-text-align-center\" data-align=\"center\"><img loading=\"lazy\" decoding=\"async\" width=\"283\" height=\"158\" class=\"wp-image-862\" style=\"width: 150px\" src=\"https:\/\/meripelastus.fi\/kotka\/wp-content\/uploads\/sites\/27\/2026\/04\/mustaharmaa_cm_pysty.jpg\" alt=\"\"><\/td><td class=\"has-text-align-center\" data-align=\"center\"><\/td><\/tr><\/tbody><\/table><\/figure>\n\n\n\n<p><\/p>\n\n\n\n<p><\/p>\n","protected":false},"excerpt":{"rendered":"<p>Meripelastustoiminta on vapaaehtoista ja tukeutuu p\u00e4\u00e4asiassa lahjoitusten varaan. T\u00e4rkein\u00e4 yhteisty\u00f6- ja lahjoituskumppaneina toimii paikallisia yrityksi\u00e4 sek\u00e4 yksityisi\u00e4 lahjoittajia. Voit lahjoittaa kertalahjoituksena tai liitty\u00e4 j\u00e4seneksi. Tule sin\u00e4kin mukaan tukemaan vapaaehtoista meripelastusta ja auta meit\u00e4 pit\u00e4m\u00e4\u00e4n veneet ja miehist\u00f6 vesill\u00e4! Kiinnostaako yhteisty\u00f6 meid\u00e4n kanssa tai haluaisitko tehd\u00e4 lahjoituksen? Ole yhteydess\u00e4 Kalle Lahti, varainhankintavastaavavarainhankinta.kotka(\u00e4t)messi.meripelastus.fi Jouni Hokkanen, puheenjohtaja+358 44 [&hellip;]<\/p>\n","protected":false},"author":48,"featured_media":362,"parent":560,"menu_order":0,"comment_status":"closed","ping_status":"closed","template":"","meta":{"_acf_changed":false,"inline_featured_image":false,"footnotes":""},"class_list":["post-361","page","type-page","status-publish","has-post-thumbnail","hentry"],"acf":[],"yoast_head":"<!-- This site is optimized with the Yoast SEO Premium plugin v27.2 (Yoast SEO v27.2) - https:\/\/yoast.com\/product\/yoast-seo-premium-wordpress\/ -->\n<title>Tukijat - Kotkan Meripelastusyhdistys - Auta meit\u00e4 pit\u00e4m\u00e4\u00e4n veneet vesill\u00e4!<\/title>\n<meta name=\"description\" content=\"Kotkan Meripelastusyhdistys tarvitsee sinut tukemaan yhdistyst\u00e4mme! Auta meit\u00e4 pit\u00e4m\u00e4\u00e4n veneet ja miehist\u00f6 vesill\u00e4 ja ole osana vesiturvallisuutta!\" \/>\n<meta name=\"robots\" content=\"index, follow, max-snippet:-1, max-image-preview:large, max-video-preview:-1\" \/>\n<link rel=\"canonical\" href=\"https:\/\/meripelastus.fi\/kotka\/auta-meita-auttamaan\/tukijat\/\" \/>\n<meta property=\"og:locale\" content=\"fi_FI\" \/>\n<meta property=\"og:type\" content=\"article\" \/>\n<meta property=\"og:title\" content=\"Tukijat\" \/>\n<meta property=\"og:description\" content=\"Kotkan Meripelastusyhdistys tarvitsee sinut tukemaan yhdistyst\u00e4mme! Auta meit\u00e4 pit\u00e4m\u00e4\u00e4n veneet ja miehist\u00f6 vesill\u00e4 ja ole osana vesiturvallisuutta!\" \/>\n<meta property=\"og:url\" content=\"https:\/\/meripelastus.fi\/kotka\/auta-meita-auttamaan\/tukijat\/\" \/>\n<meta property=\"og:site_name\" content=\"Kotkan Meripelastusyhdistys\" \/>\n<meta property=\"article:modified_time\" content=\"2026-04-03T12:53:04+00:00\" \/>\n<meta property=\"og:image\" content=\"https:\/\/meripelastus.fi\/kotka\/wp-content\/uploads\/sites\/27\/2022\/06\/kotka_mepe_060622_-05925.jpg\" \/>\n\t<meta property=\"og:image:width\" content=\"2048\" \/>\n\t<meta property=\"og:image:height\" content=\"1365\" \/>\n\t<meta property=\"og:image:type\" content=\"image\/jpeg\" \/>\n<meta name=\"twitter:card\" content=\"summary_large_image\" \/>\n<meta name=\"twitter:label1\" content=\"Arvioitu lukuaika\" \/>\n\t<meta name=\"twitter:data1\" content=\"4 minuuttia\" \/>\n<script type=\"application\/ld+json\" class=\"yoast-schema-graph\">{\"@context\":\"https:\/\/schema.org\",\"@graph\":[{\"@type\":\"WebPage\",\"@id\":\"https:\/\/meripelastus.fi\/kotka\/auta-meita-auttamaan\/tukijat\/\",\"url\":\"https:\/\/meripelastus.fi\/kotka\/auta-meita-auttamaan\/tukijat\/\",\"name\":\"Tukijat - Kotkan Meripelastusyhdistys - Auta meit\u00e4 pit\u00e4m\u00e4\u00e4n veneet vesill\u00e4!\",\"isPartOf\":{\"@id\":\"https:\/\/meripelastus.fi\/kotka\/#website\"},\"primaryImageOfPage\":{\"@id\":\"https:\/\/meripelastus.fi\/kotka\/auta-meita-auttamaan\/tukijat\/#primaryimage\"},\"image\":{\"@id\":\"https:\/\/meripelastus.fi\/kotka\/auta-meita-auttamaan\/tukijat\/#primaryimage\"},\"thumbnailUrl\":\"https:\/\/meripelastus.fi\/kotka\/wp-content\/uploads\/sites\/27\/2022\/06\/kotka_mepe_060622_-05925.jpg\",\"datePublished\":\"2022-06-10T13:01:49+00:00\",\"dateModified\":\"2026-04-03T12:53:04+00:00\",\"description\":\"Kotkan Meripelastusyhdistys tarvitsee sinut tukemaan yhdistyst\u00e4mme! Auta meit\u00e4 pit\u00e4m\u00e4\u00e4n veneet ja miehist\u00f6 vesill\u00e4 ja ole osana vesiturvallisuutta!\",\"breadcrumb\":{\"@id\":\"https:\/\/meripelastus.fi\/kotka\/auta-meita-auttamaan\/tukijat\/#breadcrumb\"},\"inLanguage\":\"fi\",\"potentialAction\":[{\"@type\":\"ReadAction\",\"target\":[\"https:\/\/meripelastus.fi\/kotka\/auta-meita-auttamaan\/tukijat\/\"]}]},{\"@type\":\"ImageObject\",\"inLanguage\":\"fi\",\"@id\":\"https:\/\/meripelastus.fi\/kotka\/auta-meita-auttamaan\/tukijat\/#primaryimage\",\"url\":\"https:\/\/meripelastus.fi\/kotka\/wp-content\/uploads\/sites\/27\/2022\/06\/kotka_mepe_060622_-05925.jpg\",\"contentUrl\":\"https:\/\/meripelastus.fi\/kotka\/wp-content\/uploads\/sites\/27\/2022\/06\/kotka_mepe_060622_-05925.jpg\",\"width\":2048,\"height\":1365},{\"@type\":\"BreadcrumbList\",\"@id\":\"https:\/\/meripelastus.fi\/kotka\/auta-meita-auttamaan\/tukijat\/#breadcrumb\",\"itemListElement\":[{\"@type\":\"ListItem\",\"position\":1,\"name\":\"Etusivu\",\"item\":\"https:\/\/meripelastus.fi\/kotka\/\"},{\"@type\":\"ListItem\",\"position\":2,\"name\":\"Tue Meripelastajia\",\"item\":\"https:\/\/meripelastus.fi\/kotka\/auta-meita-auttamaan\/\"},{\"@type\":\"ListItem\",\"position\":3,\"name\":\"Tukijat\"}]},{\"@type\":\"WebSite\",\"@id\":\"https:\/\/meripelastus.fi\/kotka\/#website\",\"url\":\"https:\/\/meripelastus.fi\/kotka\/\",\"name\":\"Kotkan Meripelastusyhdistys\",\"description\":\"Vapaaehtoiset apunasi vesill\u00e4\",\"potentialAction\":[{\"@type\":\"SearchAction\",\"target\":{\"@type\":\"EntryPoint\",\"urlTemplate\":\"https:\/\/meripelastus.fi\/kotka\/?s={search_term_string}\"},\"query-input\":{\"@type\":\"PropertyValueSpecification\",\"valueRequired\":true,\"valueName\":\"search_term_string\"}}],\"inLanguage\":\"fi\"}]}<\/script>\n<!-- \/ Yoast SEO Premium plugin. -->","yoast_head_json":{"title":"Tukijat - Kotkan Meripelastusyhdistys - Auta meit\u00e4 pit\u00e4m\u00e4\u00e4n veneet vesill\u00e4!","description":"Kotkan Meripelastusyhdistys tarvitsee sinut tukemaan yhdistyst\u00e4mme! Auta meit\u00e4 pit\u00e4m\u00e4\u00e4n veneet ja miehist\u00f6 vesill\u00e4 ja ole osana vesiturvallisuutta!","robots":{"index":"index","follow":"follow","max-snippet":"max-snippet:-1","max-image-preview":"max-image-preview:large","max-video-preview":"max-video-preview:-1"},"canonical":"https:\/\/meripelastus.fi\/kotka\/auta-meita-auttamaan\/tukijat\/","og_locale":"fi_FI","og_type":"article","og_title":"Tukijat","og_description":"Kotkan Meripelastusyhdistys tarvitsee sinut tukemaan yhdistyst\u00e4mme! Auta meit\u00e4 pit\u00e4m\u00e4\u00e4n veneet ja miehist\u00f6 vesill\u00e4 ja ole osana vesiturvallisuutta!","og_url":"https:\/\/meripelastus.fi\/kotka\/auta-meita-auttamaan\/tukijat\/","og_site_name":"Kotkan Meripelastusyhdistys","article_modified_time":"2026-04-03T12:53:04+00:00","og_image":[{"width":2048,"height":1365,"url":"https:\/\/meripelastus.fi\/kotka\/wp-content\/uploads\/sites\/27\/2022\/06\/kotka_mepe_060622_-05925.jpg","type":"image\/jpeg"}],"twitter_card":"summary_large_image","twitter_misc":{"Arvioitu lukuaika":"4 minuuttia"},"schema":{"@context":"https:\/\/schema.org","@graph":[{"@type":"WebPage","@id":"https:\/\/meripelastus.fi\/kotka\/auta-meita-auttamaan\/tukijat\/","url":"https:\/\/meripelastus.fi\/kotka\/auta-meita-auttamaan\/tukijat\/","name":"Tukijat - Kotkan Meripelastusyhdistys - Auta meit\u00e4 pit\u00e4m\u00e4\u00e4n veneet vesill\u00e4!","isPartOf":{"@id":"https:\/\/meripelastus.fi\/kotka\/#website"},"primaryImageOfPage":{"@id":"https:\/\/meripelastus.fi\/kotka\/auta-meita-auttamaan\/tukijat\/#primaryimage"},"image":{"@id":"https:\/\/meripelastus.fi\/kotka\/auta-meita-auttamaan\/tukijat\/#primaryimage"},"thumbnailUrl":"https:\/\/meripelastus.fi\/kotka\/wp-content\/uploads\/sites\/27\/2022\/06\/kotka_mepe_060622_-05925.jpg","datePublished":"2022-06-10T13:01:49+00:00","dateModified":"2026-04-03T12:53:04+00:00","description":"Kotkan Meripelastusyhdistys tarvitsee sinut tukemaan yhdistyst\u00e4mme! Auta meit\u00e4 pit\u00e4m\u00e4\u00e4n veneet ja miehist\u00f6 vesill\u00e4 ja ole osana vesiturvallisuutta!","breadcrumb":{"@id":"https:\/\/meripelastus.fi\/kotka\/auta-meita-auttamaan\/tukijat\/#breadcrumb"},"inLanguage":"fi","potentialAction":[{"@type":"ReadAction","target":["https:\/\/meripelastus.fi\/kotka\/auta-meita-auttamaan\/tukijat\/"]}]},{"@type":"ImageObject","inLanguage":"fi","@id":"https:\/\/meripelastus.fi\/kotka\/auta-meita-auttamaan\/tukijat\/#primaryimage","url":"https:\/\/meripelastus.fi\/kotka\/wp-content\/uploads\/sites\/27\/2022\/06\/kotka_mepe_060622_-05925.jpg","contentUrl":"https:\/\/meripelastus.fi\/kotka\/wp-content\/uploads\/sites\/27\/2022\/06\/kotka_mepe_060622_-05925.jpg","width":2048,"height":1365},{"@type":"BreadcrumbList","@id":"https:\/\/meripelastus.fi\/kotka\/auta-meita-auttamaan\/tukijat\/#breadcrumb","itemListElement":[{"@type":"ListItem","position":1,"name":"Etusivu","item":"https:\/\/meripelastus.fi\/kotka\/"},{"@type":"ListItem","position":2,"name":"Tue Meripelastajia","item":"https:\/\/meripelastus.fi\/kotka\/auta-meita-auttamaan\/"},{"@type":"ListItem","position":3,"name":"Tukijat"}]},{"@type":"WebSite","@id":"https:\/\/meripelastus.fi\/kotka\/#website","url":"https:\/\/meripelastus.fi\/kotka\/","name":"Kotkan Meripelastusyhdistys","description":"Vapaaehtoiset apunasi vesill\u00e4","potentialAction":[{"@type":"SearchAction","target":{"@type":"EntryPoint","urlTemplate":"https:\/\/meripelastus.fi\/kotka\/?s={search_term_string}"},"query-input":{"@type":"PropertyValueSpecification","valueRequired":true,"valueName":"search_term_string"}}],"inLanguage":"fi"}]}},"_links":{"self":[{"href":"https:\/\/meripelastus.fi\/kotka\/wp-json\/wp\/v2\/pages\/361","targetHints":{"allow":["GET"]}}],"collection":[{"href":"https:\/\/meripelastus.fi\/kotka\/wp-json\/wp\/v2\/pages"}],"about":[{"href":"https:\/\/meripelastus.fi\/kotka\/wp-json\/wp\/v2\/types\/page"}],"author":[{"embeddable":true,"href":"https:\/\/meripelastus.fi\/kotka\/wp-json\/wp\/v2\/users\/48"}],"replies":[{"embeddable":true,"href":"https:\/\/meripelastus.fi\/kotka\/wp-json\/wp\/v2\/comments?post=361"}],"version-history":[{"count":38,"href":"https:\/\/meripelastus.fi\/kotka\/wp-json\/wp\/v2\/pages\/361\/revisions"}],"predecessor-version":[{"id":863,"href":"https:\/\/meripelastus.fi\/kotka\/wp-json\/wp\/v2\/pages\/361\/revisions\/863"}],"up":[{"embeddable":true,"href":"https:\/\/meripelastus.fi\/kotka\/wp-json\/wp\/v2\/pages\/560"}],"wp:featuredmedia":[{"embeddable":true,"href":"https:\/\/meripelastus.fi\/kotka\/wp-json\/wp\/v2\/media\/362"}],"wp:attachment":[{"href":"https:\/\/meripelastus.fi\/kotka\/wp-json\/wp\/v2\/media?parent=361"}],"curies":[{"name":"wp","href":"https:\/\/api.w.org\/{rel}","templated":true}]}}