{"id":28,"date":"2018-03-19T09:19:27","date_gmt":"2018-03-19T07:19:27","guid":{"rendered":"http:\/\/basetemplate.smpsyhdistykset.16.testivedos.com\/?page_id=28"},"modified":"2025-10-14T09:12:03","modified_gmt":"2025-10-14T06:12:03","slug":"miehisto","status":"publish","type":"page","link":"https:\/\/meripelastus.fi\/kotka\/toiminta\/miehisto\/","title":{"rendered":"Miehist\u00f6"},"content":{"rendered":"<div class=\"title\">\n<p><span style=\"font-size: revert;font-family: -apple-system, BlinkMacSystemFont, 'Segoe UI', Roboto, Oxygen-Sans, Ubuntu, Cantarell, 'Helvetica Neue', sans-serif\">Tule mukaamme turvaamaan ja avustamaan ihmisi\u00e4 saaristossamme. Meilt\u00e4 saat paalupaikan vesill\u00e4 liikkumiseen, alan parhaalla kalustolla. Otamme tulokkaat avosylin vastaan ja loistavalla ryhm\u00e4hengell\u00e4 p\u00e4rj\u00e4\u00e4mme niin tyynell\u00e4 kuin myrskyiss\u00e4kin.<\/span><\/p>\n<\/div>\n<div class=\"text_exposed_show\">\n<p>Toimintamme sopii kaikenik\u00e4isille sukupuoleen katsomatta. Mink\u00e4\u00e4nlaista aiempaa osaamista veneilyst\u00e4 tai pelastuksesta ei vaadita. Meill\u00e4 on eritt\u00e4in toimiva ja kattava koulutusj\u00e4rjestelm\u00e4 harjoittelijasta p\u00e4\u00e4llik\u00f6ksi asti. Koulutuksiin voit osallistua 16-vuotiaasta alkaen ja h\u00e4lytysmiehist\u00f6\u00f6n aikaisintaan 18-vuotiaana. Meill\u00e4 on my\u00f6s nuorisotoimintaa, johon voivat osallistua 10-15 vuotiaat nuoret.\u00a0<\/p>\n<h3>Koulutus<\/h3>\n<p>Koulutamme kaikki miehist\u00f6mme j\u00e4senet Suomen Meripelastusseuran auktorisoidun <a href=\"https:\/\/meripelastus.fi\/toiminta\/koulutus\/\" target=\"_blank\" rel=\"noopener\">koulutusj\u00e4rjestelm\u00e4n<\/a> mukaisesti. Teemme tiivist\u00e4 yhteisty\u00f6t\u00e4 viranomaisten kanssa.\u00a0<\/p>\n<p>Vapaaehtoinen meripelastus on harrastuksena suhteellisen paljon aikaa vaativa, mutta erityisen antoisa harrastus. Miehist\u00f6n j\u00e4senet oppivat laaja-alaisesti erilaisia taitoja. Muiden vesill\u00e4liikkujien ja saaristossa matkaajien auttaminen erilaisissa s\u00e4\u00e4olosuhteissa edellytt\u00e4\u00e4 miehist\u00f6lt\u00e4 ja kalustolta hyv\u00e4\u00e4 kuntoa. Lis\u00e4ksi vapaaehtoiselta meripelastajalta odotetaan ryhm\u00e4henkisyytt\u00e4, normaalia terveytt\u00e4 sek\u00e4 uimataitoa. Koulutus ja osaamisen yll\u00e4pito vaativat sitoutumista ja aktiivisuutta.<\/p>\n<p><strong>Tulokas- ja harjoittelijakoulutus<\/strong><\/p>\n<p>Tulokas- ja harjoittelijakoulutuksessa annetaan perusvalmiudet aluksen miehist\u00f6ss\u00e4 toimimiseen. Jakson aikana tutustutaan mm. meripelastusj\u00e4rjestelm\u00e4\u00e4n, toimintatapoihin ja turvallisuuss\u00e4\u00e4nt\u00f6ihin. My\u00f6s henkil\u00f6kohtainen pelastautuminen, merimiestaidot, meripelastustaidot, palontorjunta, viestiliikenne sek\u00e4 ensiaputaidot kuuluvat koulutukseen.\u00a0<\/p>\n<\/div>\n<p><strong>Kansimies- ja konemieskoulutus<\/strong><\/p>\n<p>Kansimieskoulutus antaa valmiudet itsen\u00e4iseen toimintaan meripelastusaluksen miehist\u00f6ss\u00e4. T\u00e4ss\u00e4 vaiheessa syvennet\u00e4\u00e4n harjoittelijakoulutuksessa opittuja taitoja ja perehdyt\u00e4\u00e4n laajemmin meripelastusteht\u00e4vien hoitamiseen. Kansimiehen on kyett\u00e4v\u00e4 suoriutumaan kansity\u00f6skentelyst\u00e4, aluksen ohjailusta sek\u00e4 pelastusteht\u00e4vien k\u00e4yt\u00e4nn\u00f6n toteuttamisesta sek\u00e4 osittain my\u00f6s viestiliikenteest\u00e4 ja navigoinnista.\u00a0<\/p>\n<p><strong>P\u00e4\u00e4llyst\u00f6koulutus<\/strong><\/p>\n<p>Per\u00e4mieskoulutuksessa perehdyt\u00e4\u00e4n vapaaehtoisen meripelastusyksik\u00f6n toimintaan kokonaisuutena. Painopisteen\u00e4 on monipuolinen valmistautuminen vastuunottoon miehist\u00f6n johtamisessa ja navigoinnissa.<\/p>\n<p>P\u00e4\u00e4llikk\u00f6koulutuksessa olevalle annetaan valmiudet aluksen toiminnasta vastaamiseen. P\u00e4\u00e4llik\u00f6n tulee hallita kaikki vapaaehtoisyksik\u00f6n perustoiminnot ja pysty\u00e4 ottamaan kokonaisvastuu aluksesta, miehist\u00f6st\u00e4 sek\u00e4 meripelastusteht\u00e4v\u00e4n suorittamisesta.\u00a0<\/p>\n<div class=\"text_exposed_show\">\n<p>Lis\u00e4tietoa saa <a href=\"https:\/\/view.24mags.com\/mobilev\/b96aff83a6a4bbbdcfbada9f7d2ead#\/page=1\" target=\"_blank\" rel=\"noopener\">hakijan oppaasta!<\/a><\/p>\n<p>Kiinnostuitko? <span style=\"font-size: revert;font-family: -apple-system, BlinkMacSystemFont, 'Segoe UI', Roboto, Oxygen-Sans, Ubuntu, Cantarell, 'Helvetica Neue', sans-serif\">Kysy lis\u00e4\u00e4<\/span><\/p>\n<\/div>\n<p><strong>Tulokasvastaava<\/strong><br \/>Tomi Karkulahti<br \/><a href=\"mailto:tulokas.kotka@messi.meripelastus.fi\" target=\"_blank\" rel=\"noopener\">tulokas.kotka(at)messi.meripelastus.fi<\/a><\/p>\n<p><strong>Koulutusvastaava<br \/><\/strong>Jouni Hokkanen<br \/><a href=\"mailto:koulutus.kotka@messi.meripelastus.fi\" target=\"_blank\" rel=\"noopener\">koulutus.kotka(at)messi.meripelastus.fi<\/a><\/p>\n<h3>Miten liityn j\u00e4seneksi?<\/h3>\n<p>Voit liitty\u00e4 Kotkan Meripelastusyhdistyksen j\u00e4seneksi\u00a0<a href=\"https:\/\/meripelastus.fi\/jasenyys\/liittymislomakkeet\/\" target=\"_blank\" rel=\"noopener\">t\u00e4st\u00e4!<\/a><\/p>\n<p>J\u00e4sen voi olla aktiivinen meripelastaja tai jos haluat tukea toimintaa kannatusmieless\u00e4, voit liitty\u00e4 kannatusj\u00e4seneksi.<\/p>\n<h3>Tervetuloa mukaan!<\/h3>\n\n\n<p><\/p>\n\n\n\n<p><\/p>\n","protected":false},"excerpt":{"rendered":"<p>Tule mukaamme turvaamaan ja avustamaan ihmisi\u00e4 saaristossamme. Meilt\u00e4 saat paalupaikan vesill\u00e4 liikkumiseen, alan parhaalla kalustolla. Otamme tulokkaat avosylin vastaan ja loistavalla ryhm\u00e4hengell\u00e4 p\u00e4rj\u00e4\u00e4mme niin tyynell\u00e4 kuin myrskyiss\u00e4kin. Toimintamme sopii kaikenik\u00e4isille sukupuoleen katsomatta. Mink\u00e4\u00e4nlaista aiempaa osaamista veneilyst\u00e4 tai pelastuksesta ei vaadita. Meill\u00e4 on eritt\u00e4in toimiva ja kattava koulutusj\u00e4rjestelm\u00e4 harjoittelijasta p\u00e4\u00e4llik\u00f6ksi asti. Koulutuksiin voit osallistua 16-vuotiaasta alkaen [&hellip;]<\/p>\n","protected":false},"author":1,"featured_media":233,"parent":20,"menu_order":0,"comment_status":"closed","ping_status":"closed","template":"","meta":{"_acf_changed":false,"inline_featured_image":false,"footnotes":""},"class_list":["post-28","page","type-page","status-publish","has-post-thumbnail","hentry"],"acf":[],"yoast_head":"<!-- This site is optimized with the Yoast SEO Premium plugin v27.2 (Yoast SEO v27.2) - https:\/\/yoast.com\/product\/yoast-seo-premium-wordpress\/ -->\n<title>Miehist\u00f6 - Kotkan Meripelastusyhdistys<\/title>\n<meta name=\"robots\" content=\"index, follow, max-snippet:-1, max-image-preview:large, max-video-preview:-1\" \/>\n<link rel=\"canonical\" href=\"https:\/\/meripelastus.fi\/kotka\/toiminta\/miehisto\/\" \/>\n<meta property=\"og:locale\" content=\"fi_FI\" \/>\n<meta property=\"og:type\" content=\"article\" \/>\n<meta property=\"og:title\" content=\"Miehist\u00f6\" \/>\n<meta property=\"og:description\" content=\"Tule mukaamme turvaamaan ja avustamaan ihmisi\u00e4 saaristossamme. Meilt\u00e4 saat paalupaikan vesill\u00e4 liikkumiseen, alan parhaalla kalustolla. Otamme tulokkaat avosylin vastaan ja loistavalla ryhm\u00e4hengell\u00e4 p\u00e4rj\u00e4\u00e4mme niin tyynell\u00e4 kuin myrskyiss\u00e4kin. Toimintamme sopii kaikenik\u00e4isille sukupuoleen katsomatta. Mink\u00e4\u00e4nlaista aiempaa osaamista veneilyst\u00e4 tai pelastuksesta ei vaadita. Meill\u00e4 on eritt\u00e4in toimiva ja kattava koulutusj\u00e4rjestelm\u00e4 harjoittelijasta p\u00e4\u00e4llik\u00f6ksi asti. Koulutuksiin voit osallistua 16-vuotiaasta alkaen [&hellip;]\" \/>\n<meta property=\"og:url\" content=\"https:\/\/meripelastus.fi\/kotka\/toiminta\/miehisto\/\" \/>\n<meta property=\"og:site_name\" content=\"Kotkan Meripelastusyhdistys\" \/>\n<meta property=\"article:modified_time\" content=\"2025-10-14T06:12:03+00:00\" \/>\n<meta property=\"og:image\" content=\"https:\/\/meripelastus.fi\/kotka\/wp-content\/uploads\/sites\/27\/2020\/01\/mepe7.jpg\" \/>\n\t<meta property=\"og:image:width\" content=\"1332\" \/>\n\t<meta property=\"og:image:height\" content=\"888\" \/>\n\t<meta property=\"og:image:type\" content=\"image\/jpeg\" \/>\n<meta name=\"twitter:card\" content=\"summary_large_image\" \/>\n<meta name=\"twitter:label1\" content=\"Arvioitu lukuaika\" \/>\n\t<meta name=\"twitter:data1\" content=\"2 minuuttia\" \/>\n<script type=\"application\/ld+json\" class=\"yoast-schema-graph\">{\"@context\":\"https:\/\/schema.org\",\"@graph\":[{\"@type\":\"WebPage\",\"@id\":\"https:\/\/meripelastus.fi\/kotka\/toiminta\/miehisto\/\",\"url\":\"https:\/\/meripelastus.fi\/kotka\/toiminta\/miehisto\/\",\"name\":\"Miehist\u00f6 - Kotkan Meripelastusyhdistys\",\"isPartOf\":{\"@id\":\"https:\/\/meripelastus.fi\/kotka\/#website\"},\"primaryImageOfPage\":{\"@id\":\"https:\/\/meripelastus.fi\/kotka\/toiminta\/miehisto\/#primaryimage\"},\"image\":{\"@id\":\"https:\/\/meripelastus.fi\/kotka\/toiminta\/miehisto\/#primaryimage\"},\"thumbnailUrl\":\"https:\/\/meripelastus.fi\/kotka\/wp-content\/uploads\/sites\/27\/2020\/01\/mepe7.jpg\",\"datePublished\":\"2018-03-19T07:19:27+00:00\",\"dateModified\":\"2025-10-14T06:12:03+00:00\",\"breadcrumb\":{\"@id\":\"https:\/\/meripelastus.fi\/kotka\/toiminta\/miehisto\/#breadcrumb\"},\"inLanguage\":\"fi\",\"potentialAction\":[{\"@type\":\"ReadAction\",\"target\":[\"https:\/\/meripelastus.fi\/kotka\/toiminta\/miehisto\/\"]}]},{\"@type\":\"ImageObject\",\"inLanguage\":\"fi\",\"@id\":\"https:\/\/meripelastus.fi\/kotka\/toiminta\/miehisto\/#primaryimage\",\"url\":\"https:\/\/meripelastus.fi\/kotka\/wp-content\/uploads\/sites\/27\/2020\/01\/mepe7.jpg\",\"contentUrl\":\"https:\/\/meripelastus.fi\/kotka\/wp-content\/uploads\/sites\/27\/2020\/01\/mepe7.jpg\",\"width\":1332,\"height\":888,\"caption\":\"Pyh\u00e4inp\u00e4iv\u00e4n alusparaati\"},{\"@type\":\"BreadcrumbList\",\"@id\":\"https:\/\/meripelastus.fi\/kotka\/toiminta\/miehisto\/#breadcrumb\",\"itemListElement\":[{\"@type\":\"ListItem\",\"position\":1,\"name\":\"Etusivu\",\"item\":\"https:\/\/meripelastus.fi\/kotka\/\"},{\"@type\":\"ListItem\",\"position\":2,\"name\":\"Toiminta\",\"item\":\"https:\/\/meripelastus.fi\/kotka\/toiminta\/\"},{\"@type\":\"ListItem\",\"position\":3,\"name\":\"Miehist\u00f6\"}]},{\"@type\":\"WebSite\",\"@id\":\"https:\/\/meripelastus.fi\/kotka\/#website\",\"url\":\"https:\/\/meripelastus.fi\/kotka\/\",\"name\":\"Kotkan Meripelastusyhdistys\",\"description\":\"Vapaaehtoiset apunasi vesill\u00e4\",\"potentialAction\":[{\"@type\":\"SearchAction\",\"target\":{\"@type\":\"EntryPoint\",\"urlTemplate\":\"https:\/\/meripelastus.fi\/kotka\/?s={search_term_string}\"},\"query-input\":{\"@type\":\"PropertyValueSpecification\",\"valueRequired\":true,\"valueName\":\"search_term_string\"}}],\"inLanguage\":\"fi\"}]}<\/script>\n<!-- \/ Yoast SEO Premium plugin. -->","yoast_head_json":{"title":"Miehist\u00f6 - Kotkan Meripelastusyhdistys","robots":{"index":"index","follow":"follow","max-snippet":"max-snippet:-1","max-image-preview":"max-image-preview:large","max-video-preview":"max-video-preview:-1"},"canonical":"https:\/\/meripelastus.fi\/kotka\/toiminta\/miehisto\/","og_locale":"fi_FI","og_type":"article","og_title":"Miehist\u00f6","og_description":"Tule mukaamme turvaamaan ja avustamaan ihmisi\u00e4 saaristossamme. Meilt\u00e4 saat paalupaikan vesill\u00e4 liikkumiseen, alan parhaalla kalustolla. Otamme tulokkaat avosylin vastaan ja loistavalla ryhm\u00e4hengell\u00e4 p\u00e4rj\u00e4\u00e4mme niin tyynell\u00e4 kuin myrskyiss\u00e4kin. Toimintamme sopii kaikenik\u00e4isille sukupuoleen katsomatta. Mink\u00e4\u00e4nlaista aiempaa osaamista veneilyst\u00e4 tai pelastuksesta ei vaadita. Meill\u00e4 on eritt\u00e4in toimiva ja kattava koulutusj\u00e4rjestelm\u00e4 harjoittelijasta p\u00e4\u00e4llik\u00f6ksi asti. Koulutuksiin voit osallistua 16-vuotiaasta alkaen [&hellip;]","og_url":"https:\/\/meripelastus.fi\/kotka\/toiminta\/miehisto\/","og_site_name":"Kotkan Meripelastusyhdistys","article_modified_time":"2025-10-14T06:12:03+00:00","og_image":[{"width":1332,"height":888,"url":"https:\/\/meripelastus.fi\/kotka\/wp-content\/uploads\/sites\/27\/2020\/01\/mepe7.jpg","type":"image\/jpeg"}],"twitter_card":"summary_large_image","twitter_misc":{"Arvioitu lukuaika":"2 minuuttia"},"schema":{"@context":"https:\/\/schema.org","@graph":[{"@type":"WebPage","@id":"https:\/\/meripelastus.fi\/kotka\/toiminta\/miehisto\/","url":"https:\/\/meripelastus.fi\/kotka\/toiminta\/miehisto\/","name":"Miehist\u00f6 - Kotkan Meripelastusyhdistys","isPartOf":{"@id":"https:\/\/meripelastus.fi\/kotka\/#website"},"primaryImageOfPage":{"@id":"https:\/\/meripelastus.fi\/kotka\/toiminta\/miehisto\/#primaryimage"},"image":{"@id":"https:\/\/meripelastus.fi\/kotka\/toiminta\/miehisto\/#primaryimage"},"thumbnailUrl":"https:\/\/meripelastus.fi\/kotka\/wp-content\/uploads\/sites\/27\/2020\/01\/mepe7.jpg","datePublished":"2018-03-19T07:19:27+00:00","dateModified":"2025-10-14T06:12:03+00:00","breadcrumb":{"@id":"https:\/\/meripelastus.fi\/kotka\/toiminta\/miehisto\/#breadcrumb"},"inLanguage":"fi","potentialAction":[{"@type":"ReadAction","target":["https:\/\/meripelastus.fi\/kotka\/toiminta\/miehisto\/"]}]},{"@type":"ImageObject","inLanguage":"fi","@id":"https:\/\/meripelastus.fi\/kotka\/toiminta\/miehisto\/#primaryimage","url":"https:\/\/meripelastus.fi\/kotka\/wp-content\/uploads\/sites\/27\/2020\/01\/mepe7.jpg","contentUrl":"https:\/\/meripelastus.fi\/kotka\/wp-content\/uploads\/sites\/27\/2020\/01\/mepe7.jpg","width":1332,"height":888,"caption":"Pyh\u00e4inp\u00e4iv\u00e4n alusparaati"},{"@type":"BreadcrumbList","@id":"https:\/\/meripelastus.fi\/kotka\/toiminta\/miehisto\/#breadcrumb","itemListElement":[{"@type":"ListItem","position":1,"name":"Etusivu","item":"https:\/\/meripelastus.fi\/kotka\/"},{"@type":"ListItem","position":2,"name":"Toiminta","item":"https:\/\/meripelastus.fi\/kotka\/toiminta\/"},{"@type":"ListItem","position":3,"name":"Miehist\u00f6"}]},{"@type":"WebSite","@id":"https:\/\/meripelastus.fi\/kotka\/#website","url":"https:\/\/meripelastus.fi\/kotka\/","name":"Kotkan Meripelastusyhdistys","description":"Vapaaehtoiset apunasi vesill\u00e4","potentialAction":[{"@type":"SearchAction","target":{"@type":"EntryPoint","urlTemplate":"https:\/\/meripelastus.fi\/kotka\/?s={search_term_string}"},"query-input":{"@type":"PropertyValueSpecification","valueRequired":true,"valueName":"search_term_string"}}],"inLanguage":"fi"}]}},"_links":{"self":[{"href":"https:\/\/meripelastus.fi\/kotka\/wp-json\/wp\/v2\/pages\/28","targetHints":{"allow":["GET"]}}],"collection":[{"href":"https:\/\/meripelastus.fi\/kotka\/wp-json\/wp\/v2\/pages"}],"about":[{"href":"https:\/\/meripelastus.fi\/kotka\/wp-json\/wp\/v2\/types\/page"}],"author":[{"embeddable":true,"href":"https:\/\/meripelastus.fi\/kotka\/wp-json\/wp\/v2\/users\/1"}],"replies":[{"embeddable":true,"href":"https:\/\/meripelastus.fi\/kotka\/wp-json\/wp\/v2\/comments?post=28"}],"version-history":[{"count":16,"href":"https:\/\/meripelastus.fi\/kotka\/wp-json\/wp\/v2\/pages\/28\/revisions"}],"predecessor-version":[{"id":746,"href":"https:\/\/meripelastus.fi\/kotka\/wp-json\/wp\/v2\/pages\/28\/revisions\/746"}],"up":[{"embeddable":true,"href":"https:\/\/meripelastus.fi\/kotka\/wp-json\/wp\/v2\/pages\/20"}],"wp:featuredmedia":[{"embeddable":true,"href":"https:\/\/meripelastus.fi\/kotka\/wp-json\/wp\/v2\/media\/233"}],"wp:attachment":[{"href":"https:\/\/meripelastus.fi\/kotka\/wp-json\/wp\/v2\/media?parent=28"}],"curies":[{"name":"wp","href":"https:\/\/api.w.org\/{rel}","templated":true}]}}