{"id":26,"date":"2018-03-19T09:19:10","date_gmt":"2018-03-19T07:19:10","guid":{"rendered":"http:\/\/basetemplate.smpsyhdistykset.16.testivedos.com\/?page_id=26"},"modified":"2020-01-13T21:45:27","modified_gmt":"2020-01-13T19:45:27","slug":"alukset","status":"publish","type":"page","link":"https:\/\/meripelastus.fi\/kotka\/toiminta\/alukset\/","title":{"rendered":"Alukset"},"content":{"rendered":"<h2><b>PV\u00a0Kotka, rek.nro A-56007<\/b><\/h2>\n<p><span>\u00a0<\/span><\/p>\n<p><img loading=\"lazy\" decoding=\"async\" class=\" wp-image-239\" src=\"https:\/\/meripelastus.fi\/kotka-vedos\/wp-content\/uploads\/sites\/27\/2020\/01\/20180827_184657-300x169.jpg\" alt=\"\" width=\"428\" height=\"241\" srcset=\"https:\/\/meripelastus.fi\/kotka\/wp-content\/uploads\/sites\/27\/2020\/01\/20180827_184657-300x169.jpg 300w, https:\/\/meripelastus.fi\/kotka\/wp-content\/uploads\/sites\/27\/2020\/01\/20180827_184657-768x432.jpg 768w, https:\/\/meripelastus.fi\/kotka\/wp-content\/uploads\/sites\/27\/2020\/01\/20180827_184657-1024x576.jpg 1024w, https:\/\/meripelastus.fi\/kotka\/wp-content\/uploads\/sites\/27\/2020\/01\/20180827_184657-1536x864.jpg 1536w, https:\/\/meripelastus.fi\/kotka\/wp-content\/uploads\/sites\/27\/2020\/01\/20180827_184657-2048x1152.jpg 2048w\" sizes=\"auto, (max-width: 428px) 100vw, 428px\" \/><\/p>\n<p>&nbsp;<\/p>\n<p><span>PV Kotka on vuonna 2008 rakennettu ja 2009 k\u00e4ytt\u00f6\u00f6n otettu pelastusvene. Alus on uusin Suomen Meripelastusseuran PV5-sarjan veneist\u00e4, ja se edustaa kehittyneint\u00e4 It\u00e4merell\u00e4 k\u00e4yt\u00f6ss\u00e4 olevaa pelastusalusten tekniikkaa. PV Kotka on suunniteltu toimimaan koko It\u00e4merell\u00e4 kaikissa avovesikauden s\u00e4\u00e4olosuhteissa, ja se on mm. suunniteltu ymp\u00e4rik\u00e4\u00e4ntyv\u00e4ksi.<\/span><\/p>\n<p><span>Kotkan pituus on 16,8\u00a0m ja leveys 4,7\u00a0m. Vesijettien ansiosta aluksen syv\u00e4ys on vain 1\u00a0m. Kahden p\u00e4\u00e4koneen teho on yhteens\u00e4 1\u00a0200 kW (1\u00a0600 hv).<\/span><\/p>\n<p><span>PV Kotkan matkanopeus on 29 solmua ja huippunopeus 39 solmua. Toiminta-aika on 10 tuntia. Meripelastusteht\u00e4viss\u00e4 minimimiehist\u00f6n\u00e4 on p\u00e4\u00e4llikk\u00f6 ja kolme miehist\u00f6n j\u00e4sent\u00e4.<\/span><\/p>\n<h3><b>PV Kotka ( V SL 118 )<\/b><\/h3>\n<p><span>Kotisatama: Luotsi-Kuusinen, Kotka<\/span><\/p>\n<p><span><\/span><span><br \/>\n<\/span><span>VHF-tunnus: OJ7975<\/span><span><br \/>\n<\/span><span>MMSI: 230018360<\/span><span><br \/>\n<\/span><span>GSM: 0400-376217<\/span><span><br \/>\n<\/span><span>AIS: Rescue Kotka<\/span><\/p>\n<h3><b>Tekniset tiedot<\/b><\/h3>\n<table>\n<tbody>\n<tr>\n<td><span>Pituus: 16,8 m<\/span><\/td>\n<\/tr>\n<tr>\n<td><span>Leveys: 4,6 m<\/span><\/td>\n<\/tr>\n<tr>\n<td><span>Syv\u00e4ys: 1 m<\/span><\/td>\n<\/tr>\n<tr>\n<td><span>Paino: 21,5 tonnia<\/span><\/td>\n<\/tr>\n<tr>\n<td><span>Matkanopeus: 29 solmua<\/span><\/td>\n<\/tr>\n<tr>\n<td><span>Huippunopeus: 39 solmua<\/span><\/td>\n<\/tr>\n<tr>\n<td><span>Alituskorkeus: 7,2 m (masto kaadettuna 4,8 m)<\/span><\/td>\n<\/tr>\n<tr>\n<td><span>Koneteho: 2 x 609 kW (n. 2 x 800 hv)<\/span><\/td>\n<\/tr>\n<tr>\n<td><span>Koneet: Caterpillar C-15 ACERT<\/span><\/td>\n<\/tr>\n<tr>\n<td><span>Vesijetit: Rolls-Royce 40A3<\/span><\/td>\n<\/tr>\n<tr>\n<td><span>Ohjausj\u00e4rjestelm\u00e4: Vector ESB<\/span><\/td>\n<\/tr>\n<tr>\n<td><span>Apukone: Westerbeke, s\u00e4hk\u00f6teho 7,5 kW<\/span><\/td>\n<\/tr>\n<tr>\n<td><span>Nosturi: Fassi, nostokyky 1000 kg<\/span><\/td>\n<\/tr>\n<\/tbody>\n<\/table>\n<div><\/div>\n<p><img loading=\"lazy\" decoding=\"async\" class=\" wp-image-234\" src=\"https:\/\/meripelastus.fi\/kotka-vedos\/wp-content\/uploads\/sites\/27\/2020\/01\/mepe9-300x225.jpg\" alt=\"\" width=\"414\" height=\"311\" srcset=\"https:\/\/meripelastus.fi\/kotka\/wp-content\/uploads\/sites\/27\/2020\/01\/mepe9-300x225.jpg 300w, https:\/\/meripelastus.fi\/kotka\/wp-content\/uploads\/sites\/27\/2020\/01\/mepe9-768x576.jpg 768w, https:\/\/meripelastus.fi\/kotka\/wp-content\/uploads\/sites\/27\/2020\/01\/mepe9-1024x768.jpg 1024w, https:\/\/meripelastus.fi\/kotka\/wp-content\/uploads\/sites\/27\/2020\/01\/mepe9.jpg 1184w\" sizes=\"auto, (max-width: 414px) 100vw, 414px\" \/><\/p>\n<p>&nbsp;<\/p>\n<h3><b>Navigointi- ja viestiliikennevarustus<\/b><\/h3>\n<table>\n<tbody>\n<tr>\n<td><span>Tutka 2 kpl<\/span><\/td>\n<\/tr>\n<tr>\n<td><span>Karttaplotteri 2 kpl<\/span><\/td>\n<\/tr>\n<tr>\n<td><span>Elektroninen merikartta 2 kpl<\/span><\/td>\n<\/tr>\n<tr>\n<td><span>AIS<\/span><\/td>\n<\/tr>\n<tr>\n<td><span>NavTex<\/span><\/td>\n<\/tr>\n<tr>\n<td><span>S\u00e4\u00e4asema<\/span><\/td>\n<\/tr>\n<tr>\n<td><span>GPS-Gyro-kompassi<\/span><\/td>\n<\/tr>\n<tr>\n<td><span>GPS 3 kpl<\/span><\/td>\n<\/tr>\n<tr>\n<td><span>Kiinte\u00e4 VHF 2 kpl (1 kpl DSC)<\/span><\/td>\n<\/tr>\n<tr>\n<td><span>K\u00e4si-VHF 2 kpl<\/span><\/td>\n<\/tr>\n<tr>\n<td><span>VIRVE-yhteydet<\/span><\/td>\n<\/tr>\n<tr>\n<td><span>Iridium langaton intercom-j\u00e4rjestelm\u00e4<\/span><\/td>\n<\/tr>\n<\/tbody>\n<\/table>\n<p><span>L\u00e4mp\u00f6kamera FLIR M618CS<\/span><\/p>\n<h3><b>Sammutus- ja pelastusvarustus<\/b><\/h3>\n<table>\n<tbody>\n<tr>\n<td><span>Palopumppu 4 000 l\/min \/ 10 bar<\/span><\/td>\n<\/tr>\n<tr>\n<td><span>200 m paloletkua, 4 kpl sammutusasuja, kevytvaahtolaitteet<\/span><\/td>\n<\/tr>\n<tr>\n<td><span>Tyhjennyspumppaus palopumpun kautta<\/span><\/td>\n<\/tr>\n<tr>\n<td><span>S\u00e4hk\u00f6pumput 720 l\/min ja 230 l\/min<\/span><\/td>\n<\/tr>\n<tr>\n<td><span>600 l &#8221;nostopussi&#8221; 2 kpl<\/span><\/td>\n<\/tr>\n<tr>\n<td><span>Virranm\u00e4\u00e4rityspoiju, raivauskalusto<\/span><\/td>\n<\/tr>\n<tr>\n<td><span>Etsint\u00e4valot 24v\/250w 3 kpl<\/span><\/td>\n<\/tr>\n<tr>\n<td><span>Potilaankuljetustila<\/span><\/td>\n<\/tr>\n<tr>\n<td><span>Ensivastevarustus, tyhji\u00f6lastat, tyhji\u00f6patja, defibrillaattori, l\u00e4\u00e4kehappi<\/span><\/td>\n<\/tr>\n<tr>\n<td><span>Kaukalopaarit, rankalauta\/kauhapaarit, kantotuoli<\/span><\/td>\n<\/tr>\n<\/tbody>\n<\/table>\n<p><span>Apuvene, modifioitu Sea Doo Spark 90HO<br \/>\n<\/span>ROV: Deeptrecker DTG-3<\/p>\n<h2><\/h2>\n<h2><span><\/span><b>PV\u00a0Lassi, Rek.no: A-59617<\/b><\/h2>\n<p><span><img loading=\"lazy\" decoding=\"async\" class=\"wp-image-225 alignright\" src=\"https:\/\/meripelastus.fi\/kotka-vedos\/wp-content\/uploads\/sites\/27\/2020\/01\/20180709_214456-300x204.jpg\" alt=\"\" width=\"376\" height=\"256\" srcset=\"https:\/\/meripelastus.fi\/kotka\/wp-content\/uploads\/sites\/27\/2020\/01\/20180709_214456-300x204.jpg 300w, https:\/\/meripelastus.fi\/kotka\/wp-content\/uploads\/sites\/27\/2020\/01\/20180709_214456-768x523.jpg 768w, https:\/\/meripelastus.fi\/kotka\/wp-content\/uploads\/sites\/27\/2020\/01\/20180709_214456-1024x697.jpg 1024w, https:\/\/meripelastus.fi\/kotka\/wp-content\/uploads\/sites\/27\/2020\/01\/20180709_214456-1536x1045.jpg 1536w, https:\/\/meripelastus.fi\/kotka\/wp-content\/uploads\/sites\/27\/2020\/01\/20180709_214456-2048x1394.jpg 2048w\" sizes=\"auto, (max-width: 376px) 100vw, 376px\" \/>\u00a0<\/span><\/p>\n<p>&nbsp;<\/p>\n<p><span>PV Lassi on toukokuussa 2011 k\u00e4ytt\u00f6\u00f6n otettu PV2-luokan pelastusvene. Alus on suunniteltu toimimaan itsen\u00e4isen\u00e4, nopeana pelastusyksikk\u00f6n\u00e4, ja se ulottaa Kotkan Meripelastusyhdistyksen toimintavalmiuden my\u00f6s Kotkan merialueen sokkeloiseen saaristoon ja jokisuihin.<\/span><\/p>\n<p><span>Alumiinirunkoisen kellukeveneen koneteho on 450 hevosvoimaa ja matkanopeus noin 30 solmua (56 km\/h). Toimintamatka on 60 merimailia (110 km). Vetolaitteena on vesisuihku, joka mahdollistaa turvallisen toimimisen my\u00f6s matalissa vesiss\u00e4. Aluksen miehist\u00f6 on 2-3 henkil\u00f6\u00e4.<\/span><\/p>\n<p><span>\u00a0<\/span><\/p>\n<h3><b>PV Lassi ( V SL 1184 )<\/b><\/h3>\n<p><span>Kotisatama: Luotsi-Kuusinen, Kotka<\/span><\/p>\n<h3><b>Tekniset tiedot<\/b><\/h3>\n<table>\n<tbody>\n<tr>\n<td><span>Pituus: 7,95 m<\/span><\/td>\n<\/tr>\n<tr>\n<td><span>Leveys: 2,85 m<\/span><\/td>\n<\/tr>\n<tr>\n<td><span>Syv\u00e4ys: 0,45 m<\/span><\/td>\n<\/tr>\n<tr>\n<td><span>T\u00e4ysuppouma: 3,1 tonnia<\/span><\/td>\n<\/tr>\n<tr>\n<td><span>Matkanopeus: 29 solmua<\/span><\/td>\n<\/tr>\n<tr>\n<td><span>Huippunopeus: 39 solmua<\/span><\/td>\n<\/tr>\n<tr>\n<td><span>Alituskorkeus: 3,5 m (masto kaadettuna 1,8 m)<\/span><\/td>\n<\/tr>\n<tr>\n<td><span>Koneteho: 331 kW (n. 450 hv)<\/span><\/td>\n<\/tr>\n<tr>\n<td><span>Kone: Iveco N67ENTM45<\/span><\/td>\n<\/tr>\n<tr>\n<td><span>Vesijetti: Alamarin-Jet 288<\/span><\/td>\n<\/tr>\n<\/tbody>\n<\/table>\n<h3><\/h3>\n<h3><img loading=\"lazy\" decoding=\"async\" class=\"wp-image-226 alignright\" src=\"https:\/\/meripelastus.fi\/kotka-vedos\/wp-content\/uploads\/sites\/27\/2020\/01\/20180709_212821-300x180.jpg\" alt=\"\" width=\"407\" height=\"244\" srcset=\"https:\/\/meripelastus.fi\/kotka\/wp-content\/uploads\/sites\/27\/2020\/01\/20180709_212821-300x180.jpg 300w, https:\/\/meripelastus.fi\/kotka\/wp-content\/uploads\/sites\/27\/2020\/01\/20180709_212821-768x461.jpg 768w, https:\/\/meripelastus.fi\/kotka\/wp-content\/uploads\/sites\/27\/2020\/01\/20180709_212821-1024x614.jpg 1024w, https:\/\/meripelastus.fi\/kotka\/wp-content\/uploads\/sites\/27\/2020\/01\/20180709_212821-1536x921.jpg 1536w, https:\/\/meripelastus.fi\/kotka\/wp-content\/uploads\/sites\/27\/2020\/01\/20180709_212821-2048x1229.jpg 2048w\" sizes=\"auto, (max-width: 407px) 100vw, 407px\" \/><\/h3>\n<h3><b>Navigointi- ja viestiliikennevarustus<\/b><\/h3>\n<table>\n<tbody>\n<tr>\n<td><span>Tutka \/ Karttaplotteri \/ Kaikuluotain<\/span><\/td>\n<\/tr>\n<tr>\n<td><span>Elektroninen kompassi<\/span><\/td>\n<\/tr>\n<tr>\n<td><span>GPS 2 kpl<\/span><\/td>\n<\/tr>\n<tr>\n<td><span>Kiinte\u00e4 VHF<\/span><\/td>\n<\/tr>\n<tr>\n<td><span>K\u00e4si-VHF<\/span><\/td>\n<\/tr>\n<tr>\n<td><span>VIRVE-yhteydet<\/span><\/td>\n<\/tr>\n<tr>\n<td><span>GSM-puhelin<\/span><\/td>\n<\/tr>\n<\/tbody>\n<\/table>\n<h3><b>Sammutus- ja pelastusvarustus<\/b><\/h3>\n<table>\n<tbody>\n<tr>\n<td><span>Palopumppu 1 000 l\/min<\/span><\/td>\n<\/tr>\n<tr>\n<td><span>60 m paloletkua<\/span><\/td>\n<\/tr>\n<tr>\n<td><span>Tyhjennyspumppaus palopumpun kautta<\/span><\/td>\n<\/tr>\n<tr>\n<td><span>Kauhapaarit, raivauskalusto<\/span><\/td>\n<\/tr>\n<tr>\n<td><span>Etsint\u00e4valot 2 kpl<\/span><\/td>\n<\/tr>\n<tr>\n<td><span>Ensivastevarustus, defibrillaattori, l\u00e4\u00e4kehappi<\/span><\/td>\n<\/tr>\n<\/tbody>\n<\/table>\n<p><span>\u00a0<\/span><\/p>\n<h2><b>Yhdistyksen aiempaa kalustoa<\/b><\/h2>\n<p><span>PR Niilo Saarinen (1962-1967)<\/span><span><br \/>\n<\/span><span>PR Wilhelm Wahlforss (1967-2007)<\/span><span><br \/>\n<\/span><span>PV Rankki (1997-2008)<\/span><\/p>\n<p>&nbsp;<\/p>\n","protected":false},"excerpt":{"rendered":"<p>PV\u00a0Kotka, rek.nro A-56007 \u00a0 &nbsp; PV Kotka on vuonna 2008 rakennettu ja 2009 k\u00e4ytt\u00f6\u00f6n otettu pelastusvene. Alus on uusin Suomen Meripelastusseuran PV5-sarjan veneist\u00e4, ja se edustaa kehittyneint\u00e4 It\u00e4merell\u00e4 k\u00e4yt\u00f6ss\u00e4 olevaa pelastusalusten tekniikkaa. PV Kotka on suunniteltu toimimaan koko It\u00e4merell\u00e4 kaikissa avovesikauden s\u00e4\u00e4olosuhteissa, ja se on mm. suunniteltu ymp\u00e4rik\u00e4\u00e4ntyv\u00e4ksi. Kotkan pituus on 16,8\u00a0m ja leveys 4,7\u00a0m. [&hellip;]<\/p>\n","protected":false},"author":1,"featured_media":235,"parent":20,"menu_order":0,"comment_status":"closed","ping_status":"closed","template":"","meta":{"_acf_changed":false,"inline_featured_image":false,"footnotes":""},"class_list":["post-26","page","type-page","status-publish","has-post-thumbnail","hentry"],"acf":[],"yoast_head":"<!-- This site is optimized with the Yoast SEO Premium plugin v27.2 (Yoast SEO v27.2) - https:\/\/yoast.com\/product\/yoast-seo-premium-wordpress\/ -->\n<title>Alukset - Kotkan Meripelastusyhdistys<\/title>\n<meta name=\"robots\" content=\"index, follow, max-snippet:-1, max-image-preview:large, max-video-preview:-1\" \/>\n<link rel=\"canonical\" href=\"https:\/\/meripelastus.fi\/kotka\/toiminta\/alukset\/\" \/>\n<meta property=\"og:locale\" content=\"fi_FI\" \/>\n<meta property=\"og:type\" content=\"article\" \/>\n<meta property=\"og:title\" content=\"Alukset\" \/>\n<meta property=\"og:description\" content=\"PV\u00a0Kotka, rek.nro A-56007 \u00a0 &nbsp; PV Kotka on vuonna 2008 rakennettu ja 2009 k\u00e4ytt\u00f6\u00f6n otettu pelastusvene. Alus on uusin Suomen Meripelastusseuran PV5-sarjan veneist\u00e4, ja se edustaa kehittyneint\u00e4 It\u00e4merell\u00e4 k\u00e4yt\u00f6ss\u00e4 olevaa pelastusalusten tekniikkaa. PV Kotka on suunniteltu toimimaan koko It\u00e4merell\u00e4 kaikissa avovesikauden s\u00e4\u00e4olosuhteissa, ja se on mm. suunniteltu ymp\u00e4rik\u00e4\u00e4ntyv\u00e4ksi. Kotkan pituus on 16,8\u00a0m ja leveys 4,7\u00a0m. [&hellip;]\" \/>\n<meta property=\"og:url\" content=\"https:\/\/meripelastus.fi\/kotka\/toiminta\/alukset\/\" \/>\n<meta property=\"og:site_name\" content=\"Kotkan Meripelastusyhdistys\" \/>\n<meta property=\"article:modified_time\" content=\"2020-01-13T19:45:27+00:00\" \/>\n<meta property=\"og:image\" content=\"https:\/\/meripelastus.fi\/kotka\/wp-content\/uploads\/sites\/27\/2020\/01\/mepe8.jpg\" \/>\n\t<meta property=\"og:image:width\" content=\"1184\" \/>\n\t<meta property=\"og:image:height\" content=\"888\" \/>\n\t<meta property=\"og:image:type\" content=\"image\/jpeg\" \/>\n<meta name=\"twitter:card\" content=\"summary_large_image\" \/>\n<meta name=\"twitter:label1\" content=\"Arvioitu lukuaika\" \/>\n\t<meta name=\"twitter:data1\" content=\"2 minuuttia\" \/>\n<script type=\"application\/ld+json\" class=\"yoast-schema-graph\">{\"@context\":\"https:\/\/schema.org\",\"@graph\":[{\"@type\":\"WebPage\",\"@id\":\"https:\/\/meripelastus.fi\/kotka\/toiminta\/alukset\/\",\"url\":\"https:\/\/meripelastus.fi\/kotka\/toiminta\/alukset\/\",\"name\":\"Alukset - Kotkan Meripelastusyhdistys\",\"isPartOf\":{\"@id\":\"https:\/\/meripelastus.fi\/kotka\/#website\"},\"primaryImageOfPage\":{\"@id\":\"https:\/\/meripelastus.fi\/kotka\/toiminta\/alukset\/#primaryimage\"},\"image\":{\"@id\":\"https:\/\/meripelastus.fi\/kotka\/toiminta\/alukset\/#primaryimage\"},\"thumbnailUrl\":\"https:\/\/meripelastus.fi\/kotka\/wp-content\/uploads\/sites\/27\/2020\/01\/mepe8.jpg\",\"datePublished\":\"2018-03-19T07:19:10+00:00\",\"dateModified\":\"2020-01-13T19:45:27+00:00\",\"breadcrumb\":{\"@id\":\"https:\/\/meripelastus.fi\/kotka\/toiminta\/alukset\/#breadcrumb\"},\"inLanguage\":\"fi\",\"potentialAction\":[{\"@type\":\"ReadAction\",\"target\":[\"https:\/\/meripelastus.fi\/kotka\/toiminta\/alukset\/\"]}]},{\"@type\":\"ImageObject\",\"inLanguage\":\"fi\",\"@id\":\"https:\/\/meripelastus.fi\/kotka\/toiminta\/alukset\/#primaryimage\",\"url\":\"https:\/\/meripelastus.fi\/kotka\/wp-content\/uploads\/sites\/27\/2020\/01\/mepe8.jpg\",\"contentUrl\":\"https:\/\/meripelastus.fi\/kotka\/wp-content\/uploads\/sites\/27\/2020\/01\/mepe8.jpg\",\"width\":1184,\"height\":888,\"caption\":\"Kirkonmaa L\u00e4nsilaituri\"},{\"@type\":\"BreadcrumbList\",\"@id\":\"https:\/\/meripelastus.fi\/kotka\/toiminta\/alukset\/#breadcrumb\",\"itemListElement\":[{\"@type\":\"ListItem\",\"position\":1,\"name\":\"Etusivu\",\"item\":\"https:\/\/meripelastus.fi\/kotka\/\"},{\"@type\":\"ListItem\",\"position\":2,\"name\":\"Toiminta\",\"item\":\"https:\/\/meripelastus.fi\/kotka\/toiminta\/\"},{\"@type\":\"ListItem\",\"position\":3,\"name\":\"Alukset\"}]},{\"@type\":\"WebSite\",\"@id\":\"https:\/\/meripelastus.fi\/kotka\/#website\",\"url\":\"https:\/\/meripelastus.fi\/kotka\/\",\"name\":\"Kotkan Meripelastusyhdistys\",\"description\":\"Vapaaehtoiset apunasi vesill\u00e4\",\"potentialAction\":[{\"@type\":\"SearchAction\",\"target\":{\"@type\":\"EntryPoint\",\"urlTemplate\":\"https:\/\/meripelastus.fi\/kotka\/?s={search_term_string}\"},\"query-input\":{\"@type\":\"PropertyValueSpecification\",\"valueRequired\":true,\"valueName\":\"search_term_string\"}}],\"inLanguage\":\"fi\"}]}<\/script>\n<!-- \/ Yoast SEO Premium plugin. -->","yoast_head_json":{"title":"Alukset - Kotkan Meripelastusyhdistys","robots":{"index":"index","follow":"follow","max-snippet":"max-snippet:-1","max-image-preview":"max-image-preview:large","max-video-preview":"max-video-preview:-1"},"canonical":"https:\/\/meripelastus.fi\/kotka\/toiminta\/alukset\/","og_locale":"fi_FI","og_type":"article","og_title":"Alukset","og_description":"PV\u00a0Kotka, rek.nro A-56007 \u00a0 &nbsp; PV Kotka on vuonna 2008 rakennettu ja 2009 k\u00e4ytt\u00f6\u00f6n otettu pelastusvene. Alus on uusin Suomen Meripelastusseuran PV5-sarjan veneist\u00e4, ja se edustaa kehittyneint\u00e4 It\u00e4merell\u00e4 k\u00e4yt\u00f6ss\u00e4 olevaa pelastusalusten tekniikkaa. PV Kotka on suunniteltu toimimaan koko It\u00e4merell\u00e4 kaikissa avovesikauden s\u00e4\u00e4olosuhteissa, ja se on mm. suunniteltu ymp\u00e4rik\u00e4\u00e4ntyv\u00e4ksi. Kotkan pituus on 16,8\u00a0m ja leveys 4,7\u00a0m. [&hellip;]","og_url":"https:\/\/meripelastus.fi\/kotka\/toiminta\/alukset\/","og_site_name":"Kotkan Meripelastusyhdistys","article_modified_time":"2020-01-13T19:45:27+00:00","og_image":[{"width":1184,"height":888,"url":"https:\/\/meripelastus.fi\/kotka\/wp-content\/uploads\/sites\/27\/2020\/01\/mepe8.jpg","type":"image\/jpeg"}],"twitter_card":"summary_large_image","twitter_misc":{"Arvioitu lukuaika":"2 minuuttia"},"schema":{"@context":"https:\/\/schema.org","@graph":[{"@type":"WebPage","@id":"https:\/\/meripelastus.fi\/kotka\/toiminta\/alukset\/","url":"https:\/\/meripelastus.fi\/kotka\/toiminta\/alukset\/","name":"Alukset - Kotkan Meripelastusyhdistys","isPartOf":{"@id":"https:\/\/meripelastus.fi\/kotka\/#website"},"primaryImageOfPage":{"@id":"https:\/\/meripelastus.fi\/kotka\/toiminta\/alukset\/#primaryimage"},"image":{"@id":"https:\/\/meripelastus.fi\/kotka\/toiminta\/alukset\/#primaryimage"},"thumbnailUrl":"https:\/\/meripelastus.fi\/kotka\/wp-content\/uploads\/sites\/27\/2020\/01\/mepe8.jpg","datePublished":"2018-03-19T07:19:10+00:00","dateModified":"2020-01-13T19:45:27+00:00","breadcrumb":{"@id":"https:\/\/meripelastus.fi\/kotka\/toiminta\/alukset\/#breadcrumb"},"inLanguage":"fi","potentialAction":[{"@type":"ReadAction","target":["https:\/\/meripelastus.fi\/kotka\/toiminta\/alukset\/"]}]},{"@type":"ImageObject","inLanguage":"fi","@id":"https:\/\/meripelastus.fi\/kotka\/toiminta\/alukset\/#primaryimage","url":"https:\/\/meripelastus.fi\/kotka\/wp-content\/uploads\/sites\/27\/2020\/01\/mepe8.jpg","contentUrl":"https:\/\/meripelastus.fi\/kotka\/wp-content\/uploads\/sites\/27\/2020\/01\/mepe8.jpg","width":1184,"height":888,"caption":"Kirkonmaa L\u00e4nsilaituri"},{"@type":"BreadcrumbList","@id":"https:\/\/meripelastus.fi\/kotka\/toiminta\/alukset\/#breadcrumb","itemListElement":[{"@type":"ListItem","position":1,"name":"Etusivu","item":"https:\/\/meripelastus.fi\/kotka\/"},{"@type":"ListItem","position":2,"name":"Toiminta","item":"https:\/\/meripelastus.fi\/kotka\/toiminta\/"},{"@type":"ListItem","position":3,"name":"Alukset"}]},{"@type":"WebSite","@id":"https:\/\/meripelastus.fi\/kotka\/#website","url":"https:\/\/meripelastus.fi\/kotka\/","name":"Kotkan Meripelastusyhdistys","description":"Vapaaehtoiset apunasi vesill\u00e4","potentialAction":[{"@type":"SearchAction","target":{"@type":"EntryPoint","urlTemplate":"https:\/\/meripelastus.fi\/kotka\/?s={search_term_string}"},"query-input":{"@type":"PropertyValueSpecification","valueRequired":true,"valueName":"search_term_string"}}],"inLanguage":"fi"}]}},"_links":{"self":[{"href":"https:\/\/meripelastus.fi\/kotka\/wp-json\/wp\/v2\/pages\/26","targetHints":{"allow":["GET"]}}],"collection":[{"href":"https:\/\/meripelastus.fi\/kotka\/wp-json\/wp\/v2\/pages"}],"about":[{"href":"https:\/\/meripelastus.fi\/kotka\/wp-json\/wp\/v2\/types\/page"}],"author":[{"embeddable":true,"href":"https:\/\/meripelastus.fi\/kotka\/wp-json\/wp\/v2\/users\/1"}],"replies":[{"embeddable":true,"href":"https:\/\/meripelastus.fi\/kotka\/wp-json\/wp\/v2\/comments?post=26"}],"version-history":[{"count":10,"href":"https:\/\/meripelastus.fi\/kotka\/wp-json\/wp\/v2\/pages\/26\/revisions"}],"predecessor-version":[{"id":247,"href":"https:\/\/meripelastus.fi\/kotka\/wp-json\/wp\/v2\/pages\/26\/revisions\/247"}],"up":[{"embeddable":true,"href":"https:\/\/meripelastus.fi\/kotka\/wp-json\/wp\/v2\/pages\/20"}],"wp:featuredmedia":[{"embeddable":true,"href":"https:\/\/meripelastus.fi\/kotka\/wp-json\/wp\/v2\/media\/235"}],"wp:attachment":[{"href":"https:\/\/meripelastus.fi\/kotka\/wp-json\/wp\/v2\/media?parent=26"}],"curies":[{"name":"wp","href":"https:\/\/api.w.org\/{rel}","templated":true}]}}