{"id":253,"date":"2020-01-13T21:57:23","date_gmt":"2020-01-13T19:57:23","guid":{"rendered":"https:\/\/meripelastus.fi\/kotka-vedos\/?page_id=253"},"modified":"2024-01-19T12:33:10","modified_gmt":"2024-01-19T10:33:10","slug":"kuvia-aluksista-ja-toiminnasta","status":"publish","type":"page","link":"https:\/\/meripelastus.fi\/kotka\/kuvia-aluksista-ja-toiminnasta\/","title":{"rendered":"Kuvia aluksista ja toiminnasta"},"content":{"rendered":"\n<figure class=\"wp-block-gallery has-nested-images columns-5 is-cropped wp-block-gallery-1 is-layout-flex wp-block-gallery-is-layout-flex\">\n<figure class=\"wp-block-image size-large\"><a href=\"https:\/\/meripelastus.fi\/kotka\/wp-content\/uploads\/sites\/27\/2020\/01\/me4.jpg\"><img loading=\"lazy\" decoding=\"async\" width=\"1024\" height=\"576\" data-id=\"230\" src=\"https:\/\/meripelastus.fi\/kotka\/wp-content\/uploads\/sites\/27\/2020\/01\/me4-1024x576.jpg\" alt=\"Ulkonuokossa\" class=\"wp-image-230\" srcset=\"https:\/\/meripelastus.fi\/kotka\/wp-content\/uploads\/sites\/27\/2020\/01\/me4-1024x576.jpg 1024w, https:\/\/meripelastus.fi\/kotka\/wp-content\/uploads\/sites\/27\/2020\/01\/me4-300x169.jpg 300w, https:\/\/meripelastus.fi\/kotka\/wp-content\/uploads\/sites\/27\/2020\/01\/me4-768x432.jpg 768w, https:\/\/meripelastus.fi\/kotka\/wp-content\/uploads\/sites\/27\/2020\/01\/me4-1536x864.jpg 1536w, https:\/\/meripelastus.fi\/kotka\/wp-content\/uploads\/sites\/27\/2020\/01\/me4.jpg 1885w\" sizes=\"auto, (max-width: 1024px) 100vw, 1024px\" \/><\/a><\/figure>\n\n\n\n<figure class=\"wp-block-image size-large\"><a href=\"https:\/\/meripelastus.fi\/kotka\/wp-content\/uploads\/sites\/27\/2020\/01\/me3.jpg\"><img loading=\"lazy\" decoding=\"async\" width=\"1024\" height=\"576\" data-id=\"229\" src=\"https:\/\/meripelastus.fi\/kotka\/wp-content\/uploads\/sites\/27\/2020\/01\/me3-1024x576.jpg\" alt=\"Lehm\u00e4nmonttu\" class=\"wp-image-229\" srcset=\"https:\/\/meripelastus.fi\/kotka\/wp-content\/uploads\/sites\/27\/2020\/01\/me3-1024x576.jpg 1024w, https:\/\/meripelastus.fi\/kotka\/wp-content\/uploads\/sites\/27\/2020\/01\/me3-300x169.jpg 300w, https:\/\/meripelastus.fi\/kotka\/wp-content\/uploads\/sites\/27\/2020\/01\/me3-768x432.jpg 768w, https:\/\/meripelastus.fi\/kotka\/wp-content\/uploads\/sites\/27\/2020\/01\/me3-1536x864.jpg 1536w, https:\/\/meripelastus.fi\/kotka\/wp-content\/uploads\/sites\/27\/2020\/01\/me3.jpg 1885w\" sizes=\"auto, (max-width: 1024px) 100vw, 1024px\" \/><\/a><\/figure>\n\n\n\n<figure class=\"wp-block-image size-large\"><a href=\"https:\/\/meripelastus.fi\/kotka\/wp-content\/uploads\/sites\/27\/2020\/01\/mepe9.jpg\"><img loading=\"lazy\" decoding=\"async\" width=\"1024\" height=\"768\" data-id=\"234\" src=\"https:\/\/meripelastus.fi\/kotka\/wp-content\/uploads\/sites\/27\/2020\/01\/mepe9-1024x768.jpg\" alt=\"pv Kotka ohjaamo\" class=\"wp-image-234\" srcset=\"https:\/\/meripelastus.fi\/kotka\/wp-content\/uploads\/sites\/27\/2020\/01\/mepe9-1024x768.jpg 1024w, https:\/\/meripelastus.fi\/kotka\/wp-content\/uploads\/sites\/27\/2020\/01\/mepe9-300x225.jpg 300w, https:\/\/meripelastus.fi\/kotka\/wp-content\/uploads\/sites\/27\/2020\/01\/mepe9-768x576.jpg 768w, https:\/\/meripelastus.fi\/kotka\/wp-content\/uploads\/sites\/27\/2020\/01\/mepe9.jpg 1184w\" sizes=\"auto, (max-width: 1024px) 100vw, 1024px\" \/><\/a><\/figure>\n\n\n\n<figure class=\"wp-block-image size-large\"><a href=\"https:\/\/meripelastus.fi\/kotka\/wp-content\/uploads\/sites\/27\/2020\/01\/20180709_212821-scaled.jpg\"><img loading=\"lazy\" decoding=\"async\" width=\"1024\" height=\"614\" data-id=\"226\" src=\"https:\/\/meripelastus.fi\/kotka\/wp-content\/uploads\/sites\/27\/2020\/01\/20180709_212821-1024x614.jpg\" alt=\"pv Lassi\" class=\"wp-image-226\" srcset=\"https:\/\/meripelastus.fi\/kotka\/wp-content\/uploads\/sites\/27\/2020\/01\/20180709_212821-1024x614.jpg 1024w, https:\/\/meripelastus.fi\/kotka\/wp-content\/uploads\/sites\/27\/2020\/01\/20180709_212821-300x180.jpg 300w, https:\/\/meripelastus.fi\/kotka\/wp-content\/uploads\/sites\/27\/2020\/01\/20180709_212821-768x461.jpg 768w, https:\/\/meripelastus.fi\/kotka\/wp-content\/uploads\/sites\/27\/2020\/01\/20180709_212821-1536x921.jpg 1536w, https:\/\/meripelastus.fi\/kotka\/wp-content\/uploads\/sites\/27\/2020\/01\/20180709_212821-2048x1229.jpg 2048w\" sizes=\"auto, (max-width: 1024px) 100vw, 1024px\" \/><\/a><\/figure>\n\n\n\n<figure class=\"wp-block-image size-large\"><a href=\"https:\/\/meripelastus.fi\/kotka\/wp-content\/uploads\/sites\/27\/2020\/01\/mepe3.jpg\"><img loading=\"lazy\" decoding=\"async\" width=\"1024\" height=\"768\" data-id=\"237\" src=\"https:\/\/meripelastus.fi\/kotka\/wp-content\/uploads\/sites\/27\/2020\/01\/mepe3-1024x768.jpg\" alt=\"Kotkan majakka\" class=\"wp-image-237\" srcset=\"https:\/\/meripelastus.fi\/kotka\/wp-content\/uploads\/sites\/27\/2020\/01\/mepe3-1024x768.jpg 1024w, https:\/\/meripelastus.fi\/kotka\/wp-content\/uploads\/sites\/27\/2020\/01\/mepe3-300x225.jpg 300w, https:\/\/meripelastus.fi\/kotka\/wp-content\/uploads\/sites\/27\/2020\/01\/mepe3-768x576.jpg 768w, https:\/\/meripelastus.fi\/kotka\/wp-content\/uploads\/sites\/27\/2020\/01\/mepe3.jpg 1184w\" sizes=\"auto, (max-width: 1024px) 100vw, 1024px\" \/><\/a><\/figure>\n\n\n\n<figure class=\"wp-block-image size-large\"><a href=\"https:\/\/meripelastus.fi\/kotka\/wp-content\/uploads\/sites\/27\/2020\/01\/mepe4.jpg\"><img loading=\"lazy\" decoding=\"async\" width=\"1024\" height=\"768\" data-id=\"238\" src=\"https:\/\/meripelastus.fi\/kotka\/wp-content\/uploads\/sites\/27\/2020\/01\/mepe4-1024x768.jpg\" alt=\"Ollinkari taustalla\" class=\"wp-image-238\" srcset=\"https:\/\/meripelastus.fi\/kotka\/wp-content\/uploads\/sites\/27\/2020\/01\/mepe4-1024x768.jpg 1024w, https:\/\/meripelastus.fi\/kotka\/wp-content\/uploads\/sites\/27\/2020\/01\/mepe4-300x225.jpg 300w, https:\/\/meripelastus.fi\/kotka\/wp-content\/uploads\/sites\/27\/2020\/01\/mepe4-768x576.jpg 768w, https:\/\/meripelastus.fi\/kotka\/wp-content\/uploads\/sites\/27\/2020\/01\/mepe4.jpg 1184w\" sizes=\"auto, (max-width: 1024px) 100vw, 1024px\" \/><\/a><\/figure>\n\n\n\n<figure class=\"wp-block-image size-large\"><a href=\"https:\/\/meripelastus.fi\/kotka\/wp-content\/uploads\/sites\/27\/2020\/01\/mepe8.jpg\"><img loading=\"lazy\" decoding=\"async\" width=\"1024\" height=\"768\" data-id=\"235\" src=\"https:\/\/meripelastus.fi\/kotka\/wp-content\/uploads\/sites\/27\/2020\/01\/mepe8-1024x768.jpg\" alt=\"Kirkonmaa L\u00e4nsilaituri\" class=\"wp-image-235\" srcset=\"https:\/\/meripelastus.fi\/kotka\/wp-content\/uploads\/sites\/27\/2020\/01\/mepe8-1024x768.jpg 1024w, https:\/\/meripelastus.fi\/kotka\/wp-content\/uploads\/sites\/27\/2020\/01\/mepe8-300x225.jpg 300w, https:\/\/meripelastus.fi\/kotka\/wp-content\/uploads\/sites\/27\/2020\/01\/mepe8-768x576.jpg 768w, https:\/\/meripelastus.fi\/kotka\/wp-content\/uploads\/sites\/27\/2020\/01\/mepe8.jpg 1184w\" sizes=\"auto, (max-width: 1024px) 100vw, 1024px\" \/><\/a><\/figure>\n\n\n\n<figure class=\"wp-block-image size-large\"><a href=\"https:\/\/meripelastus.fi\/kotka\/wp-content\/uploads\/sites\/27\/2020\/01\/me1.jpg\"><img loading=\"lazy\" decoding=\"async\" width=\"1024\" height=\"576\" data-id=\"228\" src=\"https:\/\/meripelastus.fi\/kotka\/wp-content\/uploads\/sites\/27\/2020\/01\/me1-1024x576.jpg\" alt=\"Per\u00e4vana\" class=\"wp-image-228\" srcset=\"https:\/\/meripelastus.fi\/kotka\/wp-content\/uploads\/sites\/27\/2020\/01\/me1-1024x576.jpg 1024w, https:\/\/meripelastus.fi\/kotka\/wp-content\/uploads\/sites\/27\/2020\/01\/me1-300x169.jpg 300w, https:\/\/meripelastus.fi\/kotka\/wp-content\/uploads\/sites\/27\/2020\/01\/me1-768x432.jpg 768w, https:\/\/meripelastus.fi\/kotka\/wp-content\/uploads\/sites\/27\/2020\/01\/me1-1536x864.jpg 1536w, https:\/\/meripelastus.fi\/kotka\/wp-content\/uploads\/sites\/27\/2020\/01\/me1.jpg 1885w\" sizes=\"auto, (max-width: 1024px) 100vw, 1024px\" \/><\/a><\/figure>\n\n\n\n<figure class=\"wp-block-image size-large\"><a href=\"https:\/\/meripelastus.fi\/kotka\/wp-content\/uploads\/sites\/27\/2020\/01\/Kuva-054.jpg\"><img loading=\"lazy\" decoding=\"async\" width=\"1024\" height=\"683\" data-id=\"191\" src=\"https:\/\/meripelastus.fi\/kotka\/wp-content\/uploads\/sites\/27\/2020\/01\/Kuva-054-1024x683.jpg\" alt=\"Vinssausharjoitus\" class=\"wp-image-191\" srcset=\"https:\/\/meripelastus.fi\/kotka\/wp-content\/uploads\/sites\/27\/2020\/01\/Kuva-054-1024x683.jpg 1024w, https:\/\/meripelastus.fi\/kotka\/wp-content\/uploads\/sites\/27\/2020\/01\/Kuva-054-300x200.jpg 300w, https:\/\/meripelastus.fi\/kotka\/wp-content\/uploads\/sites\/27\/2020\/01\/Kuva-054-768x512.jpg 768w, https:\/\/meripelastus.fi\/kotka\/wp-content\/uploads\/sites\/27\/2020\/01\/Kuva-054.jpg 1474w\" sizes=\"auto, (max-width: 1024px) 100vw, 1024px\" \/><\/a><\/figure>\n\n\n\n<figure class=\"wp-block-image size-large\"><a href=\"https:\/\/meripelastus.fi\/kotka\/wp-content\/uploads\/sites\/27\/2020\/01\/mepe7.jpg\"><img loading=\"lazy\" decoding=\"async\" width=\"1024\" height=\"683\" data-id=\"233\" src=\"https:\/\/meripelastus.fi\/kotka\/wp-content\/uploads\/sites\/27\/2020\/01\/mepe7-1024x683.jpg\" alt=\"Pyh\u00e4inp\u00e4iv\u00e4n alusparaati\" class=\"wp-image-233\" srcset=\"https:\/\/meripelastus.fi\/kotka\/wp-content\/uploads\/sites\/27\/2020\/01\/mepe7-1024x683.jpg 1024w, https:\/\/meripelastus.fi\/kotka\/wp-content\/uploads\/sites\/27\/2020\/01\/mepe7-300x200.jpg 300w, https:\/\/meripelastus.fi\/kotka\/wp-content\/uploads\/sites\/27\/2020\/01\/mepe7-768x512.jpg 768w, https:\/\/meripelastus.fi\/kotka\/wp-content\/uploads\/sites\/27\/2020\/01\/mepe7.jpg 1332w\" sizes=\"auto, (max-width: 1024px) 100vw, 1024px\" \/><\/a><\/figure>\n\n\n\n<figure class=\"wp-block-image size-large\"><a href=\"https:\/\/meripelastus.fi\/kotka\/wp-content\/uploads\/sites\/27\/2020\/01\/mepe1.jpg\"><img loading=\"lazy\" decoding=\"async\" width=\"1024\" height=\"768\" data-id=\"231\" src=\"https:\/\/meripelastus.fi\/kotka\/wp-content\/uploads\/sites\/27\/2020\/01\/mepe1-1024x768.jpg\" alt=\"Sapokka\" class=\"wp-image-231\" srcset=\"https:\/\/meripelastus.fi\/kotka\/wp-content\/uploads\/sites\/27\/2020\/01\/mepe1-1024x768.jpg 1024w, https:\/\/meripelastus.fi\/kotka\/wp-content\/uploads\/sites\/27\/2020\/01\/mepe1-300x225.jpg 300w, https:\/\/meripelastus.fi\/kotka\/wp-content\/uploads\/sites\/27\/2020\/01\/mepe1-768x576.jpg 768w, https:\/\/meripelastus.fi\/kotka\/wp-content\/uploads\/sites\/27\/2020\/01\/mepe1.jpg 1249w\" sizes=\"auto, (max-width: 1024px) 100vw, 1024px\" \/><\/a><\/figure>\n\n\n\n<figure class=\"wp-block-image size-large\"><a href=\"https:\/\/meripelastus.fi\/kotka\/wp-content\/uploads\/sites\/27\/2020\/01\/me2-scaled-e1578944060604.jpg\"><img loading=\"lazy\" decoding=\"async\" width=\"1024\" height=\"416\" data-id=\"227\" src=\"https:\/\/meripelastus.fi\/kotka\/wp-content\/uploads\/sites\/27\/2020\/01\/me2-scaled-e1578944060604-1024x416.jpg\" alt=\"Yhteisty\u00f6t\u00e4\" class=\"wp-image-227\" srcset=\"https:\/\/meripelastus.fi\/kotka\/wp-content\/uploads\/sites\/27\/2020\/01\/me2-scaled-e1578944060604-1024x416.jpg 1024w, https:\/\/meripelastus.fi\/kotka\/wp-content\/uploads\/sites\/27\/2020\/01\/me2-scaled-e1578944060604-300x122.jpg 300w, https:\/\/meripelastus.fi\/kotka\/wp-content\/uploads\/sites\/27\/2020\/01\/me2-scaled-e1578944060604-768x312.jpg 768w, https:\/\/meripelastus.fi\/kotka\/wp-content\/uploads\/sites\/27\/2020\/01\/me2-scaled-e1578944060604-1536x624.jpg 1536w, https:\/\/meripelastus.fi\/kotka\/wp-content\/uploads\/sites\/27\/2020\/01\/me2-scaled-e1578944060604-2048x832.jpg 2048w\" sizes=\"auto, (max-width: 1024px) 100vw, 1024px\" \/><\/a><\/figure>\n\n\n\n<figure class=\"wp-block-image size-large\"><a href=\"https:\/\/meripelastus.fi\/kotka\/wp-content\/uploads\/sites\/27\/2020\/01\/mepe6-e1578945416163.jpg\"><img loading=\"lazy\" decoding=\"async\" width=\"1024\" height=\"361\" data-id=\"232\" src=\"https:\/\/meripelastus.fi\/kotka\/wp-content\/uploads\/sites\/27\/2020\/01\/mepe6-e1578945416163-1024x361.jpg\" alt=\"iltaruskoa\" class=\"wp-image-232\" srcset=\"https:\/\/meripelastus.fi\/kotka\/wp-content\/uploads\/sites\/27\/2020\/01\/mepe6-e1578945416163-1024x361.jpg 1024w, https:\/\/meripelastus.fi\/kotka\/wp-content\/uploads\/sites\/27\/2020\/01\/mepe6-e1578945416163-300x106.jpg 300w, https:\/\/meripelastus.fi\/kotka\/wp-content\/uploads\/sites\/27\/2020\/01\/mepe6-e1578945416163-768x271.jpg 768w, https:\/\/meripelastus.fi\/kotka\/wp-content\/uploads\/sites\/27\/2020\/01\/mepe6-e1578945416163.jpg 1166w\" sizes=\"auto, (max-width: 1024px) 100vw, 1024px\" \/><\/a><\/figure>\n\n\n\n<figure class=\"wp-block-image size-large\"><a href=\"https:\/\/meripelastus.fi\/kotka\/wp-content\/uploads\/sites\/27\/2020\/01\/20180827_184657-scaled.jpg\"><img loading=\"lazy\" decoding=\"async\" width=\"1024\" height=\"576\" data-id=\"239\" src=\"https:\/\/meripelastus.fi\/kotka\/wp-content\/uploads\/sites\/27\/2020\/01\/20180827_184657-1024x576.jpg\" alt=\"pv Kotka\" class=\"wp-image-239\" srcset=\"https:\/\/meripelastus.fi\/kotka\/wp-content\/uploads\/sites\/27\/2020\/01\/20180827_184657-1024x576.jpg 1024w, https:\/\/meripelastus.fi\/kotka\/wp-content\/uploads\/sites\/27\/2020\/01\/20180827_184657-300x169.jpg 300w, https:\/\/meripelastus.fi\/kotka\/wp-content\/uploads\/sites\/27\/2020\/01\/20180827_184657-768x432.jpg 768w, https:\/\/meripelastus.fi\/kotka\/wp-content\/uploads\/sites\/27\/2020\/01\/20180827_184657-1536x864.jpg 1536w, https:\/\/meripelastus.fi\/kotka\/wp-content\/uploads\/sites\/27\/2020\/01\/20180827_184657-2048x1152.jpg 2048w\" sizes=\"auto, (max-width: 1024px) 100vw, 1024px\" \/><\/a><\/figure>\n\n\n\n<figure class=\"wp-block-image size-large\"><a href=\"https:\/\/meripelastus.fi\/kotka\/wp-content\/uploads\/sites\/27\/2020\/01\/mepe2.jpg\"><img loading=\"lazy\" decoding=\"async\" width=\"666\" height=\"888\" data-id=\"236\" src=\"https:\/\/meripelastus.fi\/kotka\/wp-content\/uploads\/sites\/27\/2020\/01\/mepe2.jpg\" alt=\"Nuokonsalmi\" class=\"wp-image-236\" srcset=\"https:\/\/meripelastus.fi\/kotka\/wp-content\/uploads\/sites\/27\/2020\/01\/mepe2.jpg 666w, https:\/\/meripelastus.fi\/kotka\/wp-content\/uploads\/sites\/27\/2020\/01\/mepe2-225x300.jpg 225w\" sizes=\"auto, (max-width: 666px) 100vw, 666px\" \/><\/a><\/figure>\n\n\n\n<figure class=\"wp-block-image size-large\"><a href=\"https:\/\/meripelastus.fi\/kotka\/wp-content\/uploads\/sites\/27\/2020\/01\/home.jpg\"><img loading=\"lazy\" decoding=\"async\" width=\"1024\" height=\"484\" data-id=\"189\" src=\"https:\/\/meripelastus.fi\/kotka\/wp-content\/uploads\/sites\/27\/2020\/01\/home-1024x484.jpg\" alt=\"pv Kotka\" class=\"wp-image-189\" srcset=\"https:\/\/meripelastus.fi\/kotka\/wp-content\/uploads\/sites\/27\/2020\/01\/home-1024x484.jpg 1024w, https:\/\/meripelastus.fi\/kotka\/wp-content\/uploads\/sites\/27\/2020\/01\/home-300x142.jpg 300w, https:\/\/meripelastus.fi\/kotka\/wp-content\/uploads\/sites\/27\/2020\/01\/home-768x363.jpg 768w, https:\/\/meripelastus.fi\/kotka\/wp-content\/uploads\/sites\/27\/2020\/01\/home-1536x725.jpg 1536w, https:\/\/meripelastus.fi\/kotka\/wp-content\/uploads\/sites\/27\/2020\/01\/home.jpg 1800w\" sizes=\"auto, (max-width: 1024px) 100vw, 1024px\" \/><\/a><\/figure>\n\n\n\n<figure class=\"wp-block-image size-large\"><a href=\"https:\/\/meripelastus.fi\/kotka\/wp-content\/uploads\/sites\/27\/2020\/01\/20180709_214456-scaled.jpg\"><img loading=\"lazy\" decoding=\"async\" width=\"1024\" height=\"697\" data-id=\"225\" src=\"https:\/\/meripelastus.fi\/kotka\/wp-content\/uploads\/sites\/27\/2020\/01\/20180709_214456-1024x697.jpg\" alt=\"pv Lassi\" class=\"wp-image-225\" srcset=\"https:\/\/meripelastus.fi\/kotka\/wp-content\/uploads\/sites\/27\/2020\/01\/20180709_214456-1024x697.jpg 1024w, https:\/\/meripelastus.fi\/kotka\/wp-content\/uploads\/sites\/27\/2020\/01\/20180709_214456-300x204.jpg 300w, https:\/\/meripelastus.fi\/kotka\/wp-content\/uploads\/sites\/27\/2020\/01\/20180709_214456-768x523.jpg 768w, https:\/\/meripelastus.fi\/kotka\/wp-content\/uploads\/sites\/27\/2020\/01\/20180709_214456-1536x1045.jpg 1536w, https:\/\/meripelastus.fi\/kotka\/wp-content\/uploads\/sites\/27\/2020\/01\/20180709_214456-2048x1394.jpg 2048w\" sizes=\"auto, (max-width: 1024px) 100vw, 1024px\" \/><\/a><\/figure>\n<\/figure>\n","protected":false},"excerpt":{"rendered":"","protected":false},"author":62,"featured_media":232,"parent":0,"menu_order":3,"comment_status":"closed","ping_status":"closed","template":"","meta":{"_acf_changed":false,"inline_featured_image":false,"footnotes":""},"class_list":["post-253","page","type-page","status-publish","has-post-thumbnail","hentry"],"acf":[],"yoast_head":"<!-- This site is optimized with the Yoast SEO Premium plugin v27.2 (Yoast SEO v27.2) - https:\/\/yoast.com\/product\/yoast-seo-premium-wordpress\/ -->\n<title>Kuvia aluksista ja toiminnasta - Kotkan Meripelastusyhdistys<\/title>\n<meta name=\"robots\" content=\"index, follow, max-snippet:-1, max-image-preview:large, max-video-preview:-1\" \/>\n<link rel=\"canonical\" href=\"https:\/\/meripelastus.fi\/kotka\/kuvia-aluksista-ja-toiminnasta\/\" \/>\n<meta property=\"og:locale\" content=\"fi_FI\" \/>\n<meta property=\"og:type\" content=\"article\" \/>\n<meta property=\"og:title\" content=\"Kuvia aluksista ja toiminnasta\" \/>\n<meta property=\"og:url\" content=\"https:\/\/meripelastus.fi\/kotka\/kuvia-aluksista-ja-toiminnasta\/\" \/>\n<meta property=\"og:site_name\" content=\"Kotkan Meripelastusyhdistys\" \/>\n<meta property=\"article:modified_time\" content=\"2024-01-19T10:33:10+00:00\" \/>\n<meta property=\"og:image\" content=\"https:\/\/meripelastus.fi\/kotka\/wp-content\/uploads\/sites\/27\/2020\/01\/mepe6-e1578945416163.jpg\" \/>\n\t<meta property=\"og:image:width\" content=\"1166\" \/>\n\t<meta property=\"og:image:height\" content=\"411\" \/>\n\t<meta property=\"og:image:type\" content=\"image\/jpeg\" \/>\n<meta name=\"twitter:card\" content=\"summary_large_image\" \/>\n<meta name=\"twitter:label1\" content=\"Arvioitu lukuaika\" \/>\n\t<meta name=\"twitter:data1\" content=\"4 minuuttia\" \/>\n<script type=\"application\/ld+json\" class=\"yoast-schema-graph\">{\"@context\":\"https:\/\/schema.org\",\"@graph\":[{\"@type\":\"WebPage\",\"@id\":\"https:\/\/meripelastus.fi\/kotka\/kuvia-aluksista-ja-toiminnasta\/\",\"url\":\"https:\/\/meripelastus.fi\/kotka\/kuvia-aluksista-ja-toiminnasta\/\",\"name\":\"Kuvia aluksista ja toiminnasta - Kotkan Meripelastusyhdistys\",\"isPartOf\":{\"@id\":\"https:\/\/meripelastus.fi\/kotka\/#website\"},\"primaryImageOfPage\":{\"@id\":\"https:\/\/meripelastus.fi\/kotka\/kuvia-aluksista-ja-toiminnasta\/#primaryimage\"},\"image\":{\"@id\":\"https:\/\/meripelastus.fi\/kotka\/kuvia-aluksista-ja-toiminnasta\/#primaryimage\"},\"thumbnailUrl\":\"https:\/\/meripelastus.fi\/kotka\/wp-content\/uploads\/sites\/27\/2020\/01\/mepe6-e1578945416163.jpg\",\"datePublished\":\"2020-01-13T19:57:23+00:00\",\"dateModified\":\"2024-01-19T10:33:10+00:00\",\"breadcrumb\":{\"@id\":\"https:\/\/meripelastus.fi\/kotka\/kuvia-aluksista-ja-toiminnasta\/#breadcrumb\"},\"inLanguage\":\"fi\",\"potentialAction\":[{\"@type\":\"ReadAction\",\"target\":[\"https:\/\/meripelastus.fi\/kotka\/kuvia-aluksista-ja-toiminnasta\/\"]}]},{\"@type\":\"ImageObject\",\"inLanguage\":\"fi\",\"@id\":\"https:\/\/meripelastus.fi\/kotka\/kuvia-aluksista-ja-toiminnasta\/#primaryimage\",\"url\":\"https:\/\/meripelastus.fi\/kotka\/wp-content\/uploads\/sites\/27\/2020\/01\/mepe6-e1578945416163.jpg\",\"contentUrl\":\"https:\/\/meripelastus.fi\/kotka\/wp-content\/uploads\/sites\/27\/2020\/01\/mepe6-e1578945416163.jpg\",\"width\":1166,\"height\":411,\"caption\":\"iltaruskoa\"},{\"@type\":\"BreadcrumbList\",\"@id\":\"https:\/\/meripelastus.fi\/kotka\/kuvia-aluksista-ja-toiminnasta\/#breadcrumb\",\"itemListElement\":[{\"@type\":\"ListItem\",\"position\":1,\"name\":\"Etusivu\",\"item\":\"https:\/\/meripelastus.fi\/kotka\/\"},{\"@type\":\"ListItem\",\"position\":2,\"name\":\"Kuvia aluksista ja toiminnasta\"}]},{\"@type\":\"WebSite\",\"@id\":\"https:\/\/meripelastus.fi\/kotka\/#website\",\"url\":\"https:\/\/meripelastus.fi\/kotka\/\",\"name\":\"Kotkan Meripelastusyhdistys\",\"description\":\"Vapaaehtoiset apunasi vesill\u00e4\",\"potentialAction\":[{\"@type\":\"SearchAction\",\"target\":{\"@type\":\"EntryPoint\",\"urlTemplate\":\"https:\/\/meripelastus.fi\/kotka\/?s={search_term_string}\"},\"query-input\":{\"@type\":\"PropertyValueSpecification\",\"valueRequired\":true,\"valueName\":\"search_term_string\"}}],\"inLanguage\":\"fi\"}]}<\/script>\n<!-- \/ Yoast SEO Premium plugin. -->","yoast_head_json":{"title":"Kuvia aluksista ja toiminnasta - Kotkan Meripelastusyhdistys","robots":{"index":"index","follow":"follow","max-snippet":"max-snippet:-1","max-image-preview":"max-image-preview:large","max-video-preview":"max-video-preview:-1"},"canonical":"https:\/\/meripelastus.fi\/kotka\/kuvia-aluksista-ja-toiminnasta\/","og_locale":"fi_FI","og_type":"article","og_title":"Kuvia aluksista ja toiminnasta","og_url":"https:\/\/meripelastus.fi\/kotka\/kuvia-aluksista-ja-toiminnasta\/","og_site_name":"Kotkan Meripelastusyhdistys","article_modified_time":"2024-01-19T10:33:10+00:00","og_image":[{"width":1166,"height":411,"url":"https:\/\/meripelastus.fi\/kotka\/wp-content\/uploads\/sites\/27\/2020\/01\/mepe6-e1578945416163.jpg","type":"image\/jpeg"}],"twitter_card":"summary_large_image","twitter_misc":{"Arvioitu lukuaika":"4 minuuttia"},"schema":{"@context":"https:\/\/schema.org","@graph":[{"@type":"WebPage","@id":"https:\/\/meripelastus.fi\/kotka\/kuvia-aluksista-ja-toiminnasta\/","url":"https:\/\/meripelastus.fi\/kotka\/kuvia-aluksista-ja-toiminnasta\/","name":"Kuvia aluksista ja toiminnasta - Kotkan Meripelastusyhdistys","isPartOf":{"@id":"https:\/\/meripelastus.fi\/kotka\/#website"},"primaryImageOfPage":{"@id":"https:\/\/meripelastus.fi\/kotka\/kuvia-aluksista-ja-toiminnasta\/#primaryimage"},"image":{"@id":"https:\/\/meripelastus.fi\/kotka\/kuvia-aluksista-ja-toiminnasta\/#primaryimage"},"thumbnailUrl":"https:\/\/meripelastus.fi\/kotka\/wp-content\/uploads\/sites\/27\/2020\/01\/mepe6-e1578945416163.jpg","datePublished":"2020-01-13T19:57:23+00:00","dateModified":"2024-01-19T10:33:10+00:00","breadcrumb":{"@id":"https:\/\/meripelastus.fi\/kotka\/kuvia-aluksista-ja-toiminnasta\/#breadcrumb"},"inLanguage":"fi","potentialAction":[{"@type":"ReadAction","target":["https:\/\/meripelastus.fi\/kotka\/kuvia-aluksista-ja-toiminnasta\/"]}]},{"@type":"ImageObject","inLanguage":"fi","@id":"https:\/\/meripelastus.fi\/kotka\/kuvia-aluksista-ja-toiminnasta\/#primaryimage","url":"https:\/\/meripelastus.fi\/kotka\/wp-content\/uploads\/sites\/27\/2020\/01\/mepe6-e1578945416163.jpg","contentUrl":"https:\/\/meripelastus.fi\/kotka\/wp-content\/uploads\/sites\/27\/2020\/01\/mepe6-e1578945416163.jpg","width":1166,"height":411,"caption":"iltaruskoa"},{"@type":"BreadcrumbList","@id":"https:\/\/meripelastus.fi\/kotka\/kuvia-aluksista-ja-toiminnasta\/#breadcrumb","itemListElement":[{"@type":"ListItem","position":1,"name":"Etusivu","item":"https:\/\/meripelastus.fi\/kotka\/"},{"@type":"ListItem","position":2,"name":"Kuvia aluksista ja toiminnasta"}]},{"@type":"WebSite","@id":"https:\/\/meripelastus.fi\/kotka\/#website","url":"https:\/\/meripelastus.fi\/kotka\/","name":"Kotkan Meripelastusyhdistys","description":"Vapaaehtoiset apunasi vesill\u00e4","potentialAction":[{"@type":"SearchAction","target":{"@type":"EntryPoint","urlTemplate":"https:\/\/meripelastus.fi\/kotka\/?s={search_term_string}"},"query-input":{"@type":"PropertyValueSpecification","valueRequired":true,"valueName":"search_term_string"}}],"inLanguage":"fi"}]}},"_links":{"self":[{"href":"https:\/\/meripelastus.fi\/kotka\/wp-json\/wp\/v2\/pages\/253","targetHints":{"allow":["GET"]}}],"collection":[{"href":"https:\/\/meripelastus.fi\/kotka\/wp-json\/wp\/v2\/pages"}],"about":[{"href":"https:\/\/meripelastus.fi\/kotka\/wp-json\/wp\/v2\/types\/page"}],"author":[{"embeddable":true,"href":"https:\/\/meripelastus.fi\/kotka\/wp-json\/wp\/v2\/users\/62"}],"replies":[{"embeddable":true,"href":"https:\/\/meripelastus.fi\/kotka\/wp-json\/wp\/v2\/comments?post=253"}],"version-history":[{"count":15,"href":"https:\/\/meripelastus.fi\/kotka\/wp-json\/wp\/v2\/pages\/253\/revisions"}],"predecessor-version":[{"id":532,"href":"https:\/\/meripelastus.fi\/kotka\/wp-json\/wp\/v2\/pages\/253\/revisions\/532"}],"wp:featuredmedia":[{"embeddable":true,"href":"https:\/\/meripelastus.fi\/kotka\/wp-json\/wp\/v2\/media\/232"}],"wp:attachment":[{"href":"https:\/\/meripelastus.fi\/kotka\/wp-json\/wp\/v2\/media?parent=253"}],"curies":[{"name":"wp","href":"https:\/\/api.w.org\/{rel}","templated":true}]}}