{"id":22,"date":"2018-03-19T09:18:43","date_gmt":"2018-03-19T07:18:43","guid":{"rendered":"http:\/\/basetemplate.smpsyhdistykset.16.testivedos.com\/?page_id=22"},"modified":"2025-12-05T01:44:50","modified_gmt":"2025-12-04T23:44:50","slug":"halytysohje","status":"publish","type":"page","link":"https:\/\/meripelastus.fi\/kotka\/toiminta\/halytysohje\/","title":{"rendered":"H\u00e4lytysohje"},"content":{"rendered":"<div id=\"halytys\">\n<div class=\"title\">\n<h2>H\u00e4lytys<\/h2>\n<\/div>\n<\/div>\n<h3>Meripelastuksen h\u00e4lytysnumero:<\/h3>\n<div>0294 1000<\/div>\n<h3>Yleinen h\u00e4t\u00e4numero:<\/h3>\n<div>112<\/div>\n<h3>VHF-kanava:<\/h3>\n<div>16 \/ VHF-DSC 70<\/div>\n<div>\n<h3>J\u00e4senpalvelu, kiireett\u00f6m\u00e4t avunpyynn\u00f6t:<\/h3>\n<div>0800 30 22 30 (1.5.-31.10.)<\/div>\n<\/div>\n","protected":false},"excerpt":{"rendered":"<p>H\u00e4lytys Meripelastuksen h\u00e4lytysnumero: 0294 1000 Yleinen h\u00e4t\u00e4numero: 112 VHF-kanava: 16 \/ VHF-DSC 70 J\u00e4senpalvelu, kiireett\u00f6m\u00e4t avunpyynn\u00f6t: 0800 30 22 30 (1.5.-31.10.)<\/p>\n","protected":false},"author":1,"featured_media":724,"parent":20,"menu_order":0,"comment_status":"closed","ping_status":"closed","template":"","meta":{"_acf_changed":false,"inline_featured_image":false,"footnotes":""},"class_list":["post-22","page","type-page","status-publish","has-post-thumbnail","hentry"],"acf":[],"yoast_head":"<!-- This site is optimized with the Yoast SEO Premium plugin v27.2 (Yoast SEO v27.2) - https:\/\/yoast.com\/product\/yoast-seo-premium-wordpress\/ -->\n<title>H\u00e4lytysohje - Kotkan Meripelastusyhdistys<\/title>\n<meta name=\"robots\" content=\"index, follow, max-snippet:-1, max-image-preview:large, max-video-preview:-1\" \/>\n<link rel=\"canonical\" href=\"https:\/\/meripelastus.fi\/kotka\/toiminta\/halytysohje\/\" \/>\n<meta property=\"og:locale\" content=\"fi_FI\" \/>\n<meta property=\"og:type\" content=\"article\" \/>\n<meta property=\"og:title\" content=\"H\u00e4lytysohje\" \/>\n<meta property=\"og:description\" content=\"H\u00e4lytys Meripelastuksen h\u00e4lytysnumero: 0294 1000 Yleinen h\u00e4t\u00e4numero: 112 VHF-kanava: 16 \/ VHF-DSC 70 J\u00e4senpalvelu, kiireett\u00f6m\u00e4t avunpyynn\u00f6t: 0800 30 22 30 (1.5.-31.10.)\" \/>\n<meta property=\"og:url\" content=\"https:\/\/meripelastus.fi\/kotka\/toiminta\/halytysohje\/\" \/>\n<meta property=\"og:site_name\" content=\"Kotkan Meripelastusyhdistys\" \/>\n<meta property=\"article:modified_time\" content=\"2025-12-04T23:44:50+00:00\" \/>\n<meta property=\"og:image\" content=\"https:\/\/meripelastus.fi\/kotka\/wp-content\/uploads\/sites\/27\/2025\/05\/secu_-8700-Normaali.jpeg\" \/>\n\t<meta property=\"og:image:width\" content=\"640\" \/>\n\t<meta property=\"og:image:height\" content=\"427\" \/>\n\t<meta property=\"og:image:type\" content=\"image\/jpeg\" \/>\n<meta name=\"twitter:card\" content=\"summary_large_image\" \/>\n<meta name=\"twitter:label1\" content=\"Arvioitu lukuaika\" \/>\n\t<meta name=\"twitter:data1\" content=\"1 minuutti\" \/>\n<script type=\"application\/ld+json\" class=\"yoast-schema-graph\">{\"@context\":\"https:\/\/schema.org\",\"@graph\":[{\"@type\":\"WebPage\",\"@id\":\"https:\/\/meripelastus.fi\/kotka\/toiminta\/halytysohje\/\",\"url\":\"https:\/\/meripelastus.fi\/kotka\/toiminta\/halytysohje\/\",\"name\":\"H\u00e4lytysohje - Kotkan Meripelastusyhdistys\",\"isPartOf\":{\"@id\":\"https:\/\/meripelastus.fi\/kotka\/#website\"},\"primaryImageOfPage\":{\"@id\":\"https:\/\/meripelastus.fi\/kotka\/toiminta\/halytysohje\/#primaryimage\"},\"image\":{\"@id\":\"https:\/\/meripelastus.fi\/kotka\/toiminta\/halytysohje\/#primaryimage\"},\"thumbnailUrl\":\"https:\/\/meripelastus.fi\/kotka\/wp-content\/uploads\/sites\/27\/2025\/05\/secu_-8700-Normaali.jpeg\",\"datePublished\":\"2018-03-19T07:18:43+00:00\",\"dateModified\":\"2025-12-04T23:44:50+00:00\",\"breadcrumb\":{\"@id\":\"https:\/\/meripelastus.fi\/kotka\/toiminta\/halytysohje\/#breadcrumb\"},\"inLanguage\":\"fi\",\"potentialAction\":[{\"@type\":\"ReadAction\",\"target\":[\"https:\/\/meripelastus.fi\/kotka\/toiminta\/halytysohje\/\"]}]},{\"@type\":\"ImageObject\",\"inLanguage\":\"fi\",\"@id\":\"https:\/\/meripelastus.fi\/kotka\/toiminta\/halytysohje\/#primaryimage\",\"url\":\"https:\/\/meripelastus.fi\/kotka\/wp-content\/uploads\/sites\/27\/2025\/05\/secu_-8700-Normaali.jpeg\",\"contentUrl\":\"https:\/\/meripelastus.fi\/kotka\/wp-content\/uploads\/sites\/27\/2025\/05\/secu_-8700-Normaali.jpeg\",\"width\":640,\"height\":427},{\"@type\":\"BreadcrumbList\",\"@id\":\"https:\/\/meripelastus.fi\/kotka\/toiminta\/halytysohje\/#breadcrumb\",\"itemListElement\":[{\"@type\":\"ListItem\",\"position\":1,\"name\":\"Etusivu\",\"item\":\"https:\/\/meripelastus.fi\/kotka\/\"},{\"@type\":\"ListItem\",\"position\":2,\"name\":\"Toiminta\",\"item\":\"https:\/\/meripelastus.fi\/kotka\/toiminta\/\"},{\"@type\":\"ListItem\",\"position\":3,\"name\":\"H\u00e4lytysohje\"}]},{\"@type\":\"WebSite\",\"@id\":\"https:\/\/meripelastus.fi\/kotka\/#website\",\"url\":\"https:\/\/meripelastus.fi\/kotka\/\",\"name\":\"Kotkan Meripelastusyhdistys\",\"description\":\"Vapaaehtoiset apunasi vesill\u00e4\",\"potentialAction\":[{\"@type\":\"SearchAction\",\"target\":{\"@type\":\"EntryPoint\",\"urlTemplate\":\"https:\/\/meripelastus.fi\/kotka\/?s={search_term_string}\"},\"query-input\":{\"@type\":\"PropertyValueSpecification\",\"valueRequired\":true,\"valueName\":\"search_term_string\"}}],\"inLanguage\":\"fi\"}]}<\/script>\n<!-- \/ Yoast SEO Premium plugin. -->","yoast_head_json":{"title":"H\u00e4lytysohje - Kotkan Meripelastusyhdistys","robots":{"index":"index","follow":"follow","max-snippet":"max-snippet:-1","max-image-preview":"max-image-preview:large","max-video-preview":"max-video-preview:-1"},"canonical":"https:\/\/meripelastus.fi\/kotka\/toiminta\/halytysohje\/","og_locale":"fi_FI","og_type":"article","og_title":"H\u00e4lytysohje","og_description":"H\u00e4lytys Meripelastuksen h\u00e4lytysnumero: 0294 1000 Yleinen h\u00e4t\u00e4numero: 112 VHF-kanava: 16 \/ VHF-DSC 70 J\u00e4senpalvelu, kiireett\u00f6m\u00e4t avunpyynn\u00f6t: 0800 30 22 30 (1.5.-31.10.)","og_url":"https:\/\/meripelastus.fi\/kotka\/toiminta\/halytysohje\/","og_site_name":"Kotkan Meripelastusyhdistys","article_modified_time":"2025-12-04T23:44:50+00:00","og_image":[{"width":640,"height":427,"url":"https:\/\/meripelastus.fi\/kotka\/wp-content\/uploads\/sites\/27\/2025\/05\/secu_-8700-Normaali.jpeg","type":"image\/jpeg"}],"twitter_card":"summary_large_image","twitter_misc":{"Arvioitu lukuaika":"1 minuutti"},"schema":{"@context":"https:\/\/schema.org","@graph":[{"@type":"WebPage","@id":"https:\/\/meripelastus.fi\/kotka\/toiminta\/halytysohje\/","url":"https:\/\/meripelastus.fi\/kotka\/toiminta\/halytysohje\/","name":"H\u00e4lytysohje - Kotkan Meripelastusyhdistys","isPartOf":{"@id":"https:\/\/meripelastus.fi\/kotka\/#website"},"primaryImageOfPage":{"@id":"https:\/\/meripelastus.fi\/kotka\/toiminta\/halytysohje\/#primaryimage"},"image":{"@id":"https:\/\/meripelastus.fi\/kotka\/toiminta\/halytysohje\/#primaryimage"},"thumbnailUrl":"https:\/\/meripelastus.fi\/kotka\/wp-content\/uploads\/sites\/27\/2025\/05\/secu_-8700-Normaali.jpeg","datePublished":"2018-03-19T07:18:43+00:00","dateModified":"2025-12-04T23:44:50+00:00","breadcrumb":{"@id":"https:\/\/meripelastus.fi\/kotka\/toiminta\/halytysohje\/#breadcrumb"},"inLanguage":"fi","potentialAction":[{"@type":"ReadAction","target":["https:\/\/meripelastus.fi\/kotka\/toiminta\/halytysohje\/"]}]},{"@type":"ImageObject","inLanguage":"fi","@id":"https:\/\/meripelastus.fi\/kotka\/toiminta\/halytysohje\/#primaryimage","url":"https:\/\/meripelastus.fi\/kotka\/wp-content\/uploads\/sites\/27\/2025\/05\/secu_-8700-Normaali.jpeg","contentUrl":"https:\/\/meripelastus.fi\/kotka\/wp-content\/uploads\/sites\/27\/2025\/05\/secu_-8700-Normaali.jpeg","width":640,"height":427},{"@type":"BreadcrumbList","@id":"https:\/\/meripelastus.fi\/kotka\/toiminta\/halytysohje\/#breadcrumb","itemListElement":[{"@type":"ListItem","position":1,"name":"Etusivu","item":"https:\/\/meripelastus.fi\/kotka\/"},{"@type":"ListItem","position":2,"name":"Toiminta","item":"https:\/\/meripelastus.fi\/kotka\/toiminta\/"},{"@type":"ListItem","position":3,"name":"H\u00e4lytysohje"}]},{"@type":"WebSite","@id":"https:\/\/meripelastus.fi\/kotka\/#website","url":"https:\/\/meripelastus.fi\/kotka\/","name":"Kotkan Meripelastusyhdistys","description":"Vapaaehtoiset apunasi vesill\u00e4","potentialAction":[{"@type":"SearchAction","target":{"@type":"EntryPoint","urlTemplate":"https:\/\/meripelastus.fi\/kotka\/?s={search_term_string}"},"query-input":{"@type":"PropertyValueSpecification","valueRequired":true,"valueName":"search_term_string"}}],"inLanguage":"fi"}]}},"_links":{"self":[{"href":"https:\/\/meripelastus.fi\/kotka\/wp-json\/wp\/v2\/pages\/22","targetHints":{"allow":["GET"]}}],"collection":[{"href":"https:\/\/meripelastus.fi\/kotka\/wp-json\/wp\/v2\/pages"}],"about":[{"href":"https:\/\/meripelastus.fi\/kotka\/wp-json\/wp\/v2\/types\/page"}],"author":[{"embeddable":true,"href":"https:\/\/meripelastus.fi\/kotka\/wp-json\/wp\/v2\/users\/1"}],"replies":[{"embeddable":true,"href":"https:\/\/meripelastus.fi\/kotka\/wp-json\/wp\/v2\/comments?post=22"}],"version-history":[{"count":6,"href":"https:\/\/meripelastus.fi\/kotka\/wp-json\/wp\/v2\/pages\/22\/revisions"}],"predecessor-version":[{"id":804,"href":"https:\/\/meripelastus.fi\/kotka\/wp-json\/wp\/v2\/pages\/22\/revisions\/804"}],"up":[{"embeddable":true,"href":"https:\/\/meripelastus.fi\/kotka\/wp-json\/wp\/v2\/pages\/20"}],"wp:featuredmedia":[{"embeddable":true,"href":"https:\/\/meripelastus.fi\/kotka\/wp-json\/wp\/v2\/media\/724"}],"wp:attachment":[{"href":"https:\/\/meripelastus.fi\/kotka\/wp-json\/wp\/v2\/media?parent=22"}],"curies":[{"name":"wp","href":"https:\/\/api.w.org\/{rel}","templated":true}]}}