{"id":20,"date":"2018-03-19T09:18:28","date_gmt":"2018-03-19T07:18:28","guid":{"rendered":"http:\/\/basetemplate.smpsyhdistykset.16.testivedos.com\/?page_id=20"},"modified":"2020-01-03T14:18:34","modified_gmt":"2020-01-03T12:18:34","slug":"toiminta","status":"publish","type":"page","link":"https:\/\/meripelastus.fi\/kotka\/toiminta\/","title":{"rendered":"Toiminta"},"content":{"rendered":"<div class=\"title\">\n<h2>Toiminta<\/h2>\n<\/div>\n<p>Meripelastus on vapaaehtoistoimintaa merell\u00e4 liikkujien turvaamiseksi.<\/p>\n<p><img decoding=\"async\" src=\"images\/content_img1.jpg\" alt=\"\" width=\"400\" \/><span><\/span>Purjehduskausi aloitetaan kev\u00e4\u00e4ll\u00e4 j\u00e4iden l\u00e4hdetty\u00e4 ja sit\u00e4 jatketaan aina marraskuulle asti j\u00e4\u00e4tilanteesta riippuen. Pv Kotka on koko purjehduskauden joko\u00a0 v\u00e4litt\u00f6m\u00e4ss\u00e4 l\u00e4ht\u00f6valmiudessa tai kotip\u00e4ivystyksess\u00e4, jolloin alus l\u00e4htee liikkeelle 30min sis\u00e4ll\u00e4 h\u00e4lytyksest\u00e4. P\u00e4ivyst\u00e4mme kaikkina vuorokaudenaikoina sek\u00e4 kaikissa s\u00e4\u00e4olosuhteissa. Pv Kotkan miehityksen muodostaa p\u00e4\u00e4llikk\u00f6 ja v\u00e4hint\u00e4\u00e4n 2-3 henkinen miehist\u00f6.<\/p>\n<h3>Koulutus<\/h3>\n<p><img loading=\"lazy\" decoding=\"async\" src=\"images\/content_img2.jpg\" alt=\"\" width=\"177\" height=\"183\" align=\"right\" \/><\/p>\n<p>Koulutuksen tavoitteena on antaa vapaaehtoisille meripelastajille sellaiset tiedot ja taidot, ett\u00e4 he voivat turvallisesti ja tehokkaasti toimia pelastusteht\u00e4viss\u00e4 meripelastusaluksilla. T\u00e4m\u00e4n ammatti-taidon saavuttamiseksi ja yll\u00e4pit\u00e4misek-si Meripelastusseura j\u00e4rjest\u00e4\u00e4 koulutus-tilaisuuksia ja kursseja. Kotkan Meripe-lastusyhdistyksess\u00e4 kouluttaudumme SMPS:n koulutusj\u00e4rjestelm\u00e4n mukai-sesti. Koulutusp\u00e4iv\u00e4mme on maanantai ja harjoittelemme tilanteita purjehdus-kaudella\u00a0 k\u00e4yt\u00e4nn\u00f6ss\u00e4 aluksella ja kauden ulkopuolella teoriaa opiskellen.<\/p>\n","protected":false},"excerpt":{"rendered":"<p>Toiminta Meripelastus on vapaaehtoistoimintaa merell\u00e4 liikkujien turvaamiseksi. Purjehduskausi aloitetaan kev\u00e4\u00e4ll\u00e4 j\u00e4iden l\u00e4hdetty\u00e4 ja sit\u00e4 jatketaan aina marraskuulle asti j\u00e4\u00e4tilanteesta riippuen. Pv Kotka on koko purjehduskauden joko\u00a0 v\u00e4litt\u00f6m\u00e4ss\u00e4 l\u00e4ht\u00f6valmiudessa tai kotip\u00e4ivystyksess\u00e4, jolloin alus l\u00e4htee liikkeelle 30min sis\u00e4ll\u00e4 h\u00e4lytyksest\u00e4. P\u00e4ivyst\u00e4mme kaikkina vuorokaudenaikoina sek\u00e4 kaikissa s\u00e4\u00e4olosuhteissa. Pv Kotkan miehityksen muodostaa p\u00e4\u00e4llikk\u00f6 ja v\u00e4hint\u00e4\u00e4n 2-3 henkinen miehist\u00f6. Koulutus Koulutuksen [&hellip;]<\/p>\n","protected":false},"author":1,"featured_media":0,"parent":0,"menu_order":3,"comment_status":"closed","ping_status":"closed","template":"","meta":{"_acf_changed":false,"inline_featured_image":false,"footnotes":""},"class_list":["post-20","page","type-page","status-publish","hentry"],"acf":[],"yoast_head":"<!-- This site is optimized with the Yoast SEO Premium plugin v27.2 (Yoast SEO v27.2) - https:\/\/yoast.com\/product\/yoast-seo-premium-wordpress\/ -->\n<title>Toiminta - Kotkan Meripelastusyhdistys<\/title>\n<meta name=\"robots\" content=\"index, follow, max-snippet:-1, max-image-preview:large, max-video-preview:-1\" \/>\n<link rel=\"canonical\" href=\"https:\/\/meripelastus.fi\/kotka\/toiminta\/\" \/>\n<meta property=\"og:locale\" content=\"fi_FI\" \/>\n<meta property=\"og:type\" content=\"article\" \/>\n<meta property=\"og:title\" content=\"Toiminta\" \/>\n<meta property=\"og:description\" content=\"Toiminta Meripelastus on vapaaehtoistoimintaa merell\u00e4 liikkujien turvaamiseksi. Purjehduskausi aloitetaan kev\u00e4\u00e4ll\u00e4 j\u00e4iden l\u00e4hdetty\u00e4 ja sit\u00e4 jatketaan aina marraskuulle asti j\u00e4\u00e4tilanteesta riippuen. Pv Kotka on koko purjehduskauden joko\u00a0 v\u00e4litt\u00f6m\u00e4ss\u00e4 l\u00e4ht\u00f6valmiudessa tai kotip\u00e4ivystyksess\u00e4, jolloin alus l\u00e4htee liikkeelle 30min sis\u00e4ll\u00e4 h\u00e4lytyksest\u00e4. P\u00e4ivyst\u00e4mme kaikkina vuorokaudenaikoina sek\u00e4 kaikissa s\u00e4\u00e4olosuhteissa. Pv Kotkan miehityksen muodostaa p\u00e4\u00e4llikk\u00f6 ja v\u00e4hint\u00e4\u00e4n 2-3 henkinen miehist\u00f6. Koulutus Koulutuksen [&hellip;]\" \/>\n<meta property=\"og:url\" content=\"https:\/\/meripelastus.fi\/kotka\/toiminta\/\" \/>\n<meta property=\"og:site_name\" content=\"Kotkan Meripelastusyhdistys\" \/>\n<meta property=\"article:modified_time\" content=\"2020-01-03T12:18:34+00:00\" \/>\n<meta property=\"og:image\" content=\"http:\/\/images\/content_img1.jpg\" \/>\n<meta name=\"twitter:card\" content=\"summary_large_image\" \/>\n<meta name=\"twitter:label1\" content=\"Arvioitu lukuaika\" \/>\n\t<meta name=\"twitter:data1\" content=\"1 minuutti\" \/>\n<script type=\"application\/ld+json\" class=\"yoast-schema-graph\">{\"@context\":\"https:\/\/schema.org\",\"@graph\":[{\"@type\":\"WebPage\",\"@id\":\"https:\/\/meripelastus.fi\/kotka\/toiminta\/\",\"url\":\"https:\/\/meripelastus.fi\/kotka\/toiminta\/\",\"name\":\"Toiminta - Kotkan Meripelastusyhdistys\",\"isPartOf\":{\"@id\":\"https:\/\/meripelastus.fi\/kotka\/#website\"},\"datePublished\":\"2018-03-19T07:18:28+00:00\",\"dateModified\":\"2020-01-03T12:18:34+00:00\",\"breadcrumb\":{\"@id\":\"https:\/\/meripelastus.fi\/kotka\/toiminta\/#breadcrumb\"},\"inLanguage\":\"fi\",\"potentialAction\":[{\"@type\":\"ReadAction\",\"target\":[\"https:\/\/meripelastus.fi\/kotka\/toiminta\/\"]}]},{\"@type\":\"BreadcrumbList\",\"@id\":\"https:\/\/meripelastus.fi\/kotka\/toiminta\/#breadcrumb\",\"itemListElement\":[{\"@type\":\"ListItem\",\"position\":1,\"name\":\"Etusivu\",\"item\":\"https:\/\/meripelastus.fi\/kotka\/\"},{\"@type\":\"ListItem\",\"position\":2,\"name\":\"Toiminta\"}]},{\"@type\":\"WebSite\",\"@id\":\"https:\/\/meripelastus.fi\/kotka\/#website\",\"url\":\"https:\/\/meripelastus.fi\/kotka\/\",\"name\":\"Kotkan Meripelastusyhdistys\",\"description\":\"Vapaaehtoiset apunasi vesill\u00e4\",\"potentialAction\":[{\"@type\":\"SearchAction\",\"target\":{\"@type\":\"EntryPoint\",\"urlTemplate\":\"https:\/\/meripelastus.fi\/kotka\/?s={search_term_string}\"},\"query-input\":{\"@type\":\"PropertyValueSpecification\",\"valueRequired\":true,\"valueName\":\"search_term_string\"}}],\"inLanguage\":\"fi\"}]}<\/script>\n<!-- \/ Yoast SEO Premium plugin. -->","yoast_head_json":{"title":"Toiminta - Kotkan Meripelastusyhdistys","robots":{"index":"index","follow":"follow","max-snippet":"max-snippet:-1","max-image-preview":"max-image-preview:large","max-video-preview":"max-video-preview:-1"},"canonical":"https:\/\/meripelastus.fi\/kotka\/toiminta\/","og_locale":"fi_FI","og_type":"article","og_title":"Toiminta","og_description":"Toiminta Meripelastus on vapaaehtoistoimintaa merell\u00e4 liikkujien turvaamiseksi. Purjehduskausi aloitetaan kev\u00e4\u00e4ll\u00e4 j\u00e4iden l\u00e4hdetty\u00e4 ja sit\u00e4 jatketaan aina marraskuulle asti j\u00e4\u00e4tilanteesta riippuen. Pv Kotka on koko purjehduskauden joko\u00a0 v\u00e4litt\u00f6m\u00e4ss\u00e4 l\u00e4ht\u00f6valmiudessa tai kotip\u00e4ivystyksess\u00e4, jolloin alus l\u00e4htee liikkeelle 30min sis\u00e4ll\u00e4 h\u00e4lytyksest\u00e4. P\u00e4ivyst\u00e4mme kaikkina vuorokaudenaikoina sek\u00e4 kaikissa s\u00e4\u00e4olosuhteissa. Pv Kotkan miehityksen muodostaa p\u00e4\u00e4llikk\u00f6 ja v\u00e4hint\u00e4\u00e4n 2-3 henkinen miehist\u00f6. Koulutus Koulutuksen [&hellip;]","og_url":"https:\/\/meripelastus.fi\/kotka\/toiminta\/","og_site_name":"Kotkan Meripelastusyhdistys","article_modified_time":"2020-01-03T12:18:34+00:00","og_image":[{"url":"images\/content_img1.jpg","type":"","width":"","height":""}],"twitter_card":"summary_large_image","twitter_misc":{"Arvioitu lukuaika":"1 minuutti"},"schema":{"@context":"https:\/\/schema.org","@graph":[{"@type":"WebPage","@id":"https:\/\/meripelastus.fi\/kotka\/toiminta\/","url":"https:\/\/meripelastus.fi\/kotka\/toiminta\/","name":"Toiminta - Kotkan Meripelastusyhdistys","isPartOf":{"@id":"https:\/\/meripelastus.fi\/kotka\/#website"},"datePublished":"2018-03-19T07:18:28+00:00","dateModified":"2020-01-03T12:18:34+00:00","breadcrumb":{"@id":"https:\/\/meripelastus.fi\/kotka\/toiminta\/#breadcrumb"},"inLanguage":"fi","potentialAction":[{"@type":"ReadAction","target":["https:\/\/meripelastus.fi\/kotka\/toiminta\/"]}]},{"@type":"BreadcrumbList","@id":"https:\/\/meripelastus.fi\/kotka\/toiminta\/#breadcrumb","itemListElement":[{"@type":"ListItem","position":1,"name":"Etusivu","item":"https:\/\/meripelastus.fi\/kotka\/"},{"@type":"ListItem","position":2,"name":"Toiminta"}]},{"@type":"WebSite","@id":"https:\/\/meripelastus.fi\/kotka\/#website","url":"https:\/\/meripelastus.fi\/kotka\/","name":"Kotkan Meripelastusyhdistys","description":"Vapaaehtoiset apunasi vesill\u00e4","potentialAction":[{"@type":"SearchAction","target":{"@type":"EntryPoint","urlTemplate":"https:\/\/meripelastus.fi\/kotka\/?s={search_term_string}"},"query-input":{"@type":"PropertyValueSpecification","valueRequired":true,"valueName":"search_term_string"}}],"inLanguage":"fi"}]}},"_links":{"self":[{"href":"https:\/\/meripelastus.fi\/kotka\/wp-json\/wp\/v2\/pages\/20","targetHints":{"allow":["GET"]}}],"collection":[{"href":"https:\/\/meripelastus.fi\/kotka\/wp-json\/wp\/v2\/pages"}],"about":[{"href":"https:\/\/meripelastus.fi\/kotka\/wp-json\/wp\/v2\/types\/page"}],"author":[{"embeddable":true,"href":"https:\/\/meripelastus.fi\/kotka\/wp-json\/wp\/v2\/users\/1"}],"replies":[{"embeddable":true,"href":"https:\/\/meripelastus.fi\/kotka\/wp-json\/wp\/v2\/comments?post=20"}],"version-history":[{"count":2,"href":"https:\/\/meripelastus.fi\/kotka\/wp-json\/wp\/v2\/pages\/20\/revisions"}],"predecessor-version":[{"id":202,"href":"https:\/\/meripelastus.fi\/kotka\/wp-json\/wp\/v2\/pages\/20\/revisions\/202"}],"wp:attachment":[{"href":"https:\/\/meripelastus.fi\/kotka\/wp-json\/wp\/v2\/media?parent=20"}],"curies":[{"name":"wp","href":"https:\/\/api.w.org\/{rel}","templated":true}]}}