{"id":8,"date":"2018-03-19T09:16:29","date_gmt":"2018-03-19T07:16:29","guid":{"rendered":"http:\/\/basetemplate.smpsyhdistykset.16.testivedos.com\/?page_id=8"},"modified":"2019-03-14T12:25:24","modified_gmt":"2019-03-14T10:25:24","slug":"tietoa-meista","status":"publish","type":"page","link":"https:\/\/meripelastus.fi\/konnevesi-vedos\/konneveden-jarvipelastajat\/tietoa-meista\/","title":{"rendered":"Tietoa meist\u00e4"},"content":{"rendered":"<p>Konneveden\u00a0J\u00e4rvipelastajat on Suomen meripelastusseuran j\u00e4senyhdistys. Yhdistys on perustettu vuonna 1993. Vuosi 2018 oli yhdistyksemme 26. toimintavuosi.<\/p>\n<p>Yhdistyksen p\u00e4\u00e4teht\u00e4v\u00e4 on suorittaa pelastus- ja avustusteht\u00e4vi\u00e4 Konnevesi-j\u00e4rvell\u00e4, Keiteleell\u00e4 aina Matilanvirtaan asti ja Kiesim\u00e4j\u00e4rvess\u00e4 Kerkonkoskelle saakka yhteisty\u00f6ss\u00e4 alueen viranomaisten kanssa.<\/p>\n<p>Yhdistys toimii meripelastusty\u00f6n ja vesiliikenteen turvallisuuden edist\u00e4miseksi.<\/p>\n<p>&nbsp;<\/p>\n<p>Yhdistyksell\u00e4 on k\u00e4yt\u00f6ss\u00e4\u00e4n t\u00e4ll\u00e4 hetkell\u00e4 kaksi alusta, PV\u00a0234 ja AV 40.<\/p>\n","protected":false},"excerpt":{"rendered":"<p>Konneveden\u00a0J\u00e4rvipelastajat on Suomen meripelastusseuran j\u00e4senyhdistys. Yhdistys on perustettu vuonna 1993. Vuosi 2018 oli yhdistyksemme 26. toimintavuosi. Yhdistyksen p\u00e4\u00e4teht\u00e4v\u00e4 on suorittaa pelastus- ja avustusteht\u00e4vi\u00e4 Konnevesi-j\u00e4rvell\u00e4, Keiteleell\u00e4 aina Matilanvirtaan asti ja Kiesim\u00e4j\u00e4rvess\u00e4 Kerkonkoskelle saakka yhteisty\u00f6ss\u00e4 alueen viranomaisten kanssa. Yhdistys toimii meripelastusty\u00f6n ja vesiliikenteen turvallisuuden edist\u00e4miseksi. &nbsp; Yhdistyksell\u00e4 on k\u00e4yt\u00f6ss\u00e4\u00e4n t\u00e4ll\u00e4 hetkell\u00e4 kaksi alusta, PV\u00a0234 ja AV 40.<\/p>\n","protected":false},"author":1,"featured_media":0,"parent":6,"menu_order":0,"comment_status":"closed","ping_status":"closed","template":"","meta":{"_acf_changed":false,"inline_featured_image":false,"footnotes":""},"class_list":["post-8","page","type-page","status-publish","hentry"],"acf":[],"yoast_head":"<!-- This site is optimized with the Yoast SEO Premium plugin v27.2 (Yoast SEO v27.2) - https:\/\/yoast.com\/product\/yoast-seo-premium-wordpress\/ -->\n<title>Tietoa meist\u00e4 - Konneveden J\u00e4rvipelastajat<\/title>\n<meta name=\"robots\" content=\"index, follow, max-snippet:-1, max-image-preview:large, max-video-preview:-1\" \/>\n<link rel=\"canonical\" href=\"https:\/\/meripelastus.fi\/konnevesi-vedos\/konneveden-jarvipelastajat\/tietoa-meista\/\" \/>\n<meta property=\"og:locale\" content=\"fi_FI\" \/>\n<meta property=\"og:type\" content=\"article\" \/>\n<meta property=\"og:title\" content=\"Tietoa meist\u00e4\" \/>\n<meta property=\"og:description\" content=\"Konneveden\u00a0J\u00e4rvipelastajat on Suomen meripelastusseuran j\u00e4senyhdistys. Yhdistys on perustettu vuonna 1993. Vuosi 2018 oli yhdistyksemme 26. toimintavuosi. Yhdistyksen p\u00e4\u00e4teht\u00e4v\u00e4 on suorittaa pelastus- ja avustusteht\u00e4vi\u00e4 Konnevesi-j\u00e4rvell\u00e4, Keiteleell\u00e4 aina Matilanvirtaan asti ja Kiesim\u00e4j\u00e4rvess\u00e4 Kerkonkoskelle saakka yhteisty\u00f6ss\u00e4 alueen viranomaisten kanssa. Yhdistys toimii meripelastusty\u00f6n ja vesiliikenteen turvallisuuden edist\u00e4miseksi. &nbsp; Yhdistyksell\u00e4 on k\u00e4yt\u00f6ss\u00e4\u00e4n t\u00e4ll\u00e4 hetkell\u00e4 kaksi alusta, PV\u00a0234 ja AV 40.\" \/>\n<meta property=\"og:url\" content=\"https:\/\/meripelastus.fi\/konnevesi-vedos\/konneveden-jarvipelastajat\/tietoa-meista\/\" \/>\n<meta property=\"og:site_name\" content=\"Konneveden J\u00e4rvipelastajat\" \/>\n<meta property=\"article:modified_time\" content=\"2019-03-14T10:25:24+00:00\" \/>\n<meta name=\"twitter:card\" content=\"summary_large_image\" \/>\n<script type=\"application\/ld+json\" class=\"yoast-schema-graph\">{\"@context\":\"https:\/\/schema.org\",\"@graph\":[{\"@type\":\"WebPage\",\"@id\":\"https:\/\/meripelastus.fi\/konnevesi-vedos\/konneveden-jarvipelastajat\/tietoa-meista\/\",\"url\":\"https:\/\/meripelastus.fi\/konnevesi-vedos\/konneveden-jarvipelastajat\/tietoa-meista\/\",\"name\":\"Tietoa meist\u00e4 - Konneveden J\u00e4rvipelastajat\",\"isPartOf\":{\"@id\":\"https:\/\/meripelastus.fi\/konnevesi-vedos\/#website\"},\"datePublished\":\"2018-03-19T07:16:29+00:00\",\"dateModified\":\"2019-03-14T10:25:24+00:00\",\"breadcrumb\":{\"@id\":\"https:\/\/meripelastus.fi\/konnevesi-vedos\/konneveden-jarvipelastajat\/tietoa-meista\/#breadcrumb\"},\"inLanguage\":\"fi\",\"potentialAction\":[{\"@type\":\"ReadAction\",\"target\":[\"https:\/\/meripelastus.fi\/konnevesi-vedos\/konneveden-jarvipelastajat\/tietoa-meista\/\"]}]},{\"@type\":\"BreadcrumbList\",\"@id\":\"https:\/\/meripelastus.fi\/konnevesi-vedos\/konneveden-jarvipelastajat\/tietoa-meista\/#breadcrumb\",\"itemListElement\":[{\"@type\":\"ListItem\",\"position\":1,\"name\":\"Etusivu\",\"item\":\"https:\/\/meripelastus.fi\/konnevesi-vedos\/\"},{\"@type\":\"ListItem\",\"position\":2,\"name\":\"Konneveden J\u00e4rvipelastajat\",\"item\":\"https:\/\/meripelastus.fi\/konnevesi-vedos\/konneveden-jarvipelastajat\/\"},{\"@type\":\"ListItem\",\"position\":3,\"name\":\"Tietoa meist\u00e4\"}]},{\"@type\":\"WebSite\",\"@id\":\"https:\/\/meripelastus.fi\/konnevesi-vedos\/#website\",\"url\":\"https:\/\/meripelastus.fi\/konnevesi-vedos\/\",\"name\":\"Konneveden J\u00e4rvipelastajat\",\"description\":\"Vapaaehtoiset apunasi vesill\u00e4\",\"potentialAction\":[{\"@type\":\"SearchAction\",\"target\":{\"@type\":\"EntryPoint\",\"urlTemplate\":\"https:\/\/meripelastus.fi\/konnevesi-vedos\/?s={search_term_string}\"},\"query-input\":{\"@type\":\"PropertyValueSpecification\",\"valueRequired\":true,\"valueName\":\"search_term_string\"}}],\"inLanguage\":\"fi\"}]}<\/script>\n<!-- \/ Yoast SEO Premium plugin. -->","yoast_head_json":{"title":"Tietoa meist\u00e4 - Konneveden J\u00e4rvipelastajat","robots":{"index":"index","follow":"follow","max-snippet":"max-snippet:-1","max-image-preview":"max-image-preview:large","max-video-preview":"max-video-preview:-1"},"canonical":"https:\/\/meripelastus.fi\/konnevesi-vedos\/konneveden-jarvipelastajat\/tietoa-meista\/","og_locale":"fi_FI","og_type":"article","og_title":"Tietoa meist\u00e4","og_description":"Konneveden\u00a0J\u00e4rvipelastajat on Suomen meripelastusseuran j\u00e4senyhdistys. Yhdistys on perustettu vuonna 1993. Vuosi 2018 oli yhdistyksemme 26. toimintavuosi. Yhdistyksen p\u00e4\u00e4teht\u00e4v\u00e4 on suorittaa pelastus- ja avustusteht\u00e4vi\u00e4 Konnevesi-j\u00e4rvell\u00e4, Keiteleell\u00e4 aina Matilanvirtaan asti ja Kiesim\u00e4j\u00e4rvess\u00e4 Kerkonkoskelle saakka yhteisty\u00f6ss\u00e4 alueen viranomaisten kanssa. Yhdistys toimii meripelastusty\u00f6n ja vesiliikenteen turvallisuuden edist\u00e4miseksi. &nbsp; Yhdistyksell\u00e4 on k\u00e4yt\u00f6ss\u00e4\u00e4n t\u00e4ll\u00e4 hetkell\u00e4 kaksi alusta, PV\u00a0234 ja AV 40.","og_url":"https:\/\/meripelastus.fi\/konnevesi-vedos\/konneveden-jarvipelastajat\/tietoa-meista\/","og_site_name":"Konneveden J\u00e4rvipelastajat","article_modified_time":"2019-03-14T10:25:24+00:00","twitter_card":"summary_large_image","schema":{"@context":"https:\/\/schema.org","@graph":[{"@type":"WebPage","@id":"https:\/\/meripelastus.fi\/konnevesi-vedos\/konneveden-jarvipelastajat\/tietoa-meista\/","url":"https:\/\/meripelastus.fi\/konnevesi-vedos\/konneveden-jarvipelastajat\/tietoa-meista\/","name":"Tietoa meist\u00e4 - Konneveden J\u00e4rvipelastajat","isPartOf":{"@id":"https:\/\/meripelastus.fi\/konnevesi-vedos\/#website"},"datePublished":"2018-03-19T07:16:29+00:00","dateModified":"2019-03-14T10:25:24+00:00","breadcrumb":{"@id":"https:\/\/meripelastus.fi\/konnevesi-vedos\/konneveden-jarvipelastajat\/tietoa-meista\/#breadcrumb"},"inLanguage":"fi","potentialAction":[{"@type":"ReadAction","target":["https:\/\/meripelastus.fi\/konnevesi-vedos\/konneveden-jarvipelastajat\/tietoa-meista\/"]}]},{"@type":"BreadcrumbList","@id":"https:\/\/meripelastus.fi\/konnevesi-vedos\/konneveden-jarvipelastajat\/tietoa-meista\/#breadcrumb","itemListElement":[{"@type":"ListItem","position":1,"name":"Etusivu","item":"https:\/\/meripelastus.fi\/konnevesi-vedos\/"},{"@type":"ListItem","position":2,"name":"Konneveden J\u00e4rvipelastajat","item":"https:\/\/meripelastus.fi\/konnevesi-vedos\/konneveden-jarvipelastajat\/"},{"@type":"ListItem","position":3,"name":"Tietoa meist\u00e4"}]},{"@type":"WebSite","@id":"https:\/\/meripelastus.fi\/konnevesi-vedos\/#website","url":"https:\/\/meripelastus.fi\/konnevesi-vedos\/","name":"Konneveden J\u00e4rvipelastajat","description":"Vapaaehtoiset apunasi vesill\u00e4","potentialAction":[{"@type":"SearchAction","target":{"@type":"EntryPoint","urlTemplate":"https:\/\/meripelastus.fi\/konnevesi-vedos\/?s={search_term_string}"},"query-input":{"@type":"PropertyValueSpecification","valueRequired":true,"valueName":"search_term_string"}}],"inLanguage":"fi"}]}},"_links":{"self":[{"href":"https:\/\/meripelastus.fi\/konnevesi-vedos\/wp-json\/wp\/v2\/pages\/8","targetHints":{"allow":["GET"]}}],"collection":[{"href":"https:\/\/meripelastus.fi\/konnevesi-vedos\/wp-json\/wp\/v2\/pages"}],"about":[{"href":"https:\/\/meripelastus.fi\/konnevesi-vedos\/wp-json\/wp\/v2\/types\/page"}],"author":[{"embeddable":true,"href":"https:\/\/meripelastus.fi\/konnevesi-vedos\/wp-json\/wp\/v2\/users\/1"}],"replies":[{"embeddable":true,"href":"https:\/\/meripelastus.fi\/konnevesi-vedos\/wp-json\/wp\/v2\/comments?post=8"}],"version-history":[{"count":7,"href":"https:\/\/meripelastus.fi\/konnevesi-vedos\/wp-json\/wp\/v2\/pages\/8\/revisions"}],"predecessor-version":[{"id":192,"href":"https:\/\/meripelastus.fi\/konnevesi-vedos\/wp-json\/wp\/v2\/pages\/8\/revisions\/192"}],"up":[{"embeddable":true,"href":"https:\/\/meripelastus.fi\/konnevesi-vedos\/wp-json\/wp\/v2\/pages\/6"}],"wp:attachment":[{"href":"https:\/\/meripelastus.fi\/konnevesi-vedos\/wp-json\/wp\/v2\/media?parent=8"}],"curies":[{"name":"wp","href":"https:\/\/api.w.org\/{rel}","templated":true}]}}