{"id":307,"date":"2025-05-13T15:15:11","date_gmt":"2025-05-13T12:15:11","guid":{"rendered":"https:\/\/meripelastus.fi\/kokkola-vedos\/?page_id=307"},"modified":"2025-10-01T13:10:13","modified_gmt":"2025-10-01T10:10:13","slug":"contact","status":"publish","type":"page","link":"https:\/\/meripelastus.fi\/kokkola\/en\/contact\/","title":{"rendered":"Contact"},"content":{"rendered":"\n<p><strong>Kokkolan Meripelastajat &#8211; Gamlakarleby Sj\u00f6r\u00e4ddare\u00a0ry<\/strong><\/p>\n\n\n\n<p>Sahapolku 10<br>67900 Kokkola<\/p>\n\n\n\n<p><a href=\"mailto:kokkola@messi.meripelastus.fi\">kokkola@messi.meripelastus.fi<\/a><br>Phone number:&nbsp;<a href=\"tel:0925163506\">0925 163 506<\/a><\/p>\n","protected":false},"excerpt":{"rendered":"<p>Kokkolan Meripelastajat &#8211; Gamlakarleby Sj\u00f6r\u00e4ddare\u00a0ry Sahapolku 1067900 Kokkola kokkola@messi.meripelastus.fiPhone number:&nbsp;0925 163 506<\/p>\n","protected":false},"author":1,"featured_media":0,"parent":0,"menu_order":0,"comment_status":"closed","ping_status":"closed","template":"","meta":{"_acf_changed":false,"inline_featured_image":false,"footnotes":""},"class_list":["post-307","page","type-page","status-publish","hentry"],"acf":[],"yoast_head":"<!-- This site is optimized with the Yoast SEO Premium plugin v27.2 (Yoast SEO v27.2) - https:\/\/yoast.com\/product\/yoast-seo-premium-wordpress\/ -->\n<title>Contact - Kokkolan Meripelastajat-Gamlakarleby Sj\u00f6r\u00e4ddare ry<\/title>\n<meta name=\"robots\" content=\"index, follow, max-snippet:-1, max-image-preview:large, max-video-preview:-1\" \/>\n<link rel=\"canonical\" href=\"https:\/\/meripelastus.fi\/kokkola\/en\/contact\/\" \/>\n<meta property=\"og:locale\" content=\"fi_FI\" \/>\n<meta property=\"og:type\" content=\"article\" \/>\n<meta property=\"og:title\" content=\"Contact\" \/>\n<meta property=\"og:description\" content=\"Kokkolan Meripelastajat &#8211; Gamlakarleby Sj\u00f6r\u00e4ddare\u00a0ry Sahapolku 1067900 Kokkola kokkola@messi.meripelastus.fiPhone number:&nbsp;0925 163 506\" \/>\n<meta property=\"og:url\" content=\"https:\/\/meripelastus.fi\/kokkola\/en\/contact\/\" \/>\n<meta property=\"og:site_name\" content=\"Kokkolan Meripelastajat-Gamlakarleby Sj\u00f6r\u00e4ddare ry\" \/>\n<meta property=\"article:modified_time\" content=\"2025-10-01T10:10:13+00:00\" \/>\n<meta name=\"twitter:card\" content=\"summary_large_image\" \/>\n<meta name=\"twitter:label1\" content=\"Arvioitu lukuaika\" \/>\n\t<meta name=\"twitter:data1\" content=\"1 minuutti\" \/>\n<script type=\"application\/ld+json\" class=\"yoast-schema-graph\">{\"@context\":\"https:\/\/schema.org\",\"@graph\":[{\"@type\":\"WebPage\",\"@id\":\"https:\/\/meripelastus.fi\/kokkola\/en\/contact\/\",\"url\":\"https:\/\/meripelastus.fi\/kokkola\/en\/contact\/\",\"name\":\"Contact - Kokkolan Meripelastajat-Gamlakarleby Sj\u00f6r\u00e4ddare ry\",\"isPartOf\":{\"@id\":\"https:\/\/meripelastus.fi\/kokkola\/#website\"},\"datePublished\":\"2025-05-13T12:15:11+00:00\",\"dateModified\":\"2025-10-01T10:10:13+00:00\",\"breadcrumb\":{\"@id\":\"https:\/\/meripelastus.fi\/kokkola\/en\/contact\/#breadcrumb\"},\"inLanguage\":\"fi\",\"potentialAction\":[{\"@type\":\"ReadAction\",\"target\":[\"https:\/\/meripelastus.fi\/kokkola\/en\/contact\/\"]}]},{\"@type\":\"BreadcrumbList\",\"@id\":\"https:\/\/meripelastus.fi\/kokkola\/en\/contact\/#breadcrumb\",\"itemListElement\":[{\"@type\":\"ListItem\",\"position\":1,\"name\":\"Etusivu\",\"item\":\"https:\/\/meripelastus.fi\/kokkola\/\"},{\"@type\":\"ListItem\",\"position\":2,\"name\":\"Contact\"}]},{\"@type\":\"WebSite\",\"@id\":\"https:\/\/meripelastus.fi\/kokkola\/#website\",\"url\":\"https:\/\/meripelastus.fi\/kokkola\/\",\"name\":\"Kokkolan Meripelastajat-Gamlakarleby Sj\u00f6r\u00e4ddare ry\",\"description\":\"Vapaaehtoiset apunasi vesill\u00e4\",\"potentialAction\":[{\"@type\":\"SearchAction\",\"target\":{\"@type\":\"EntryPoint\",\"urlTemplate\":\"https:\/\/meripelastus.fi\/kokkola\/?s={search_term_string}\"},\"query-input\":{\"@type\":\"PropertyValueSpecification\",\"valueRequired\":true,\"valueName\":\"search_term_string\"}}],\"inLanguage\":\"fi\"}]}<\/script>\n<!-- \/ Yoast SEO Premium plugin. -->","yoast_head_json":{"title":"Contact - Kokkolan Meripelastajat-Gamlakarleby Sj\u00f6r\u00e4ddare ry","robots":{"index":"index","follow":"follow","max-snippet":"max-snippet:-1","max-image-preview":"max-image-preview:large","max-video-preview":"max-video-preview:-1"},"canonical":"https:\/\/meripelastus.fi\/kokkola\/en\/contact\/","og_locale":"fi_FI","og_type":"article","og_title":"Contact","og_description":"Kokkolan Meripelastajat &#8211; Gamlakarleby Sj\u00f6r\u00e4ddare\u00a0ry Sahapolku 1067900 Kokkola kokkola@messi.meripelastus.fiPhone number:&nbsp;0925 163 506","og_url":"https:\/\/meripelastus.fi\/kokkola\/en\/contact\/","og_site_name":"Kokkolan Meripelastajat-Gamlakarleby Sj\u00f6r\u00e4ddare ry","article_modified_time":"2025-10-01T10:10:13+00:00","twitter_card":"summary_large_image","twitter_misc":{"Arvioitu lukuaika":"1 minuutti"},"schema":{"@context":"https:\/\/schema.org","@graph":[{"@type":"WebPage","@id":"https:\/\/meripelastus.fi\/kokkola\/en\/contact\/","url":"https:\/\/meripelastus.fi\/kokkola\/en\/contact\/","name":"Contact - Kokkolan Meripelastajat-Gamlakarleby Sj\u00f6r\u00e4ddare ry","isPartOf":{"@id":"https:\/\/meripelastus.fi\/kokkola\/#website"},"datePublished":"2025-05-13T12:15:11+00:00","dateModified":"2025-10-01T10:10:13+00:00","breadcrumb":{"@id":"https:\/\/meripelastus.fi\/kokkola\/en\/contact\/#breadcrumb"},"inLanguage":"fi","potentialAction":[{"@type":"ReadAction","target":["https:\/\/meripelastus.fi\/kokkola\/en\/contact\/"]}]},{"@type":"BreadcrumbList","@id":"https:\/\/meripelastus.fi\/kokkola\/en\/contact\/#breadcrumb","itemListElement":[{"@type":"ListItem","position":1,"name":"Etusivu","item":"https:\/\/meripelastus.fi\/kokkola\/"},{"@type":"ListItem","position":2,"name":"Contact"}]},{"@type":"WebSite","@id":"https:\/\/meripelastus.fi\/kokkola\/#website","url":"https:\/\/meripelastus.fi\/kokkola\/","name":"Kokkolan Meripelastajat-Gamlakarleby Sj\u00f6r\u00e4ddare ry","description":"Vapaaehtoiset apunasi vesill\u00e4","potentialAction":[{"@type":"SearchAction","target":{"@type":"EntryPoint","urlTemplate":"https:\/\/meripelastus.fi\/kokkola\/?s={search_term_string}"},"query-input":{"@type":"PropertyValueSpecification","valueRequired":true,"valueName":"search_term_string"}}],"inLanguage":"fi"}]}},"_links":{"self":[{"href":"https:\/\/meripelastus.fi\/kokkola\/wp-json\/wp\/v2\/pages\/307","targetHints":{"allow":["GET"]}}],"collection":[{"href":"https:\/\/meripelastus.fi\/kokkola\/wp-json\/wp\/v2\/pages"}],"about":[{"href":"https:\/\/meripelastus.fi\/kokkola\/wp-json\/wp\/v2\/types\/page"}],"author":[{"embeddable":true,"href":"https:\/\/meripelastus.fi\/kokkola\/wp-json\/wp\/v2\/users\/1"}],"replies":[{"embeddable":true,"href":"https:\/\/meripelastus.fi\/kokkola\/wp-json\/wp\/v2\/comments?post=307"}],"version-history":[{"count":6,"href":"https:\/\/meripelastus.fi\/kokkola\/wp-json\/wp\/v2\/pages\/307\/revisions"}],"predecessor-version":[{"id":404,"href":"https:\/\/meripelastus.fi\/kokkola\/wp-json\/wp\/v2\/pages\/307\/revisions\/404"}],"wp:attachment":[{"href":"https:\/\/meripelastus.fi\/kokkola\/wp-json\/wp\/v2\/media?parent=307"}],"curies":[{"name":"wp","href":"https:\/\/api.w.org\/{rel}","templated":true}]}}