{"id":299,"date":"2025-05-13T15:13:44","date_gmt":"2025-05-13T12:13:44","guid":{"rendered":"https:\/\/meripelastus.fi\/kokkola-vedos\/?page_id=299"},"modified":"2025-10-01T11:04:05","modified_gmt":"2025-10-01T08:04:05","slug":"emergency-instructions","status":"publish","type":"page","link":"https:\/\/meripelastus.fi\/kokkola\/en\/activity\/emergency-instructions\/","title":{"rendered":"Emergency Instructions"},"content":{"rendered":"\n<p><strong>At Sea: <\/strong>Sea rescue emergency number <a href=\"tel:02941000\">0294 1000<\/a><br>Or VHF channel 16 \/ VHF-DSC 70<\/p>\n\n\n\n<p><strong>In Inland Waters:<\/strong> General emergency number <a href=\"tel:112\">112<\/a><\/p>\n\n\n\n<h2 class=\"wp-block-heading\" id=\"h-in-case-of-an-emergency-or-danger-report\">In case of an emergency or danger, report:<\/h2>\n\n\n\n<ul class=\"wp-block-list\">\n<li>Your name (and vessel name) and contact information<\/li>\n\n\n\n<li>The location of the incident as accurately as possible<\/li>\n\n\n\n<li>What has happened<\/li>\n\n\n\n<li>Whether there are injured persons or if lives are at risk<\/li>\n\n\n\n<li>What kind of assistance is needed<\/li>\n\n\n\n<li>DO NOT HANG UP until you are given permission.<\/li>\n<\/ul>\n\n\n\n<h2 class=\"wp-block-heading\" id=\"h-non-urgent-trossi-service-requests\">Non-urgent Trossi service requests:<\/h2>\n\n\n\n<p><a href=\"tel:0800302230\">0800 30 22 30<\/a> (May 1 \u2013 October 31)<\/p>\n","protected":false},"excerpt":{"rendered":"<p>At Sea: Sea rescue emergency number 0294 1000Or VHF channel 16 \/ VHF-DSC 70 In Inland Waters: General emergency number 112 In case of an emergency or danger, report: Non-urgent Trossi service requests: 0800 30 22 30 (May 1 \u2013 October 31)<\/p>\n","protected":false},"author":1,"featured_media":0,"parent":290,"menu_order":0,"comment_status":"closed","ping_status":"closed","template":"","meta":{"_acf_changed":false,"inline_featured_image":false,"footnotes":""},"class_list":["post-299","page","type-page","status-publish","hentry"],"acf":[],"yoast_head":"<!-- This site is optimized with the Yoast SEO Premium plugin v27.2 (Yoast SEO v27.2) - https:\/\/yoast.com\/product\/yoast-seo-premium-wordpress\/ -->\n<title>Emergency Instructions - Kokkolan Meripelastajat-Gamlakarleby Sj\u00f6r\u00e4ddare ry<\/title>\n<meta name=\"robots\" content=\"index, follow, max-snippet:-1, max-image-preview:large, max-video-preview:-1\" \/>\n<link rel=\"canonical\" href=\"https:\/\/meripelastus.fi\/kokkola\/en\/activity\/emergency-instructions\/\" \/>\n<meta property=\"og:locale\" content=\"fi_FI\" \/>\n<meta property=\"og:type\" content=\"article\" \/>\n<meta property=\"og:title\" content=\"Emergency Instructions\" \/>\n<meta property=\"og:description\" content=\"At Sea: Sea rescue emergency number 0294 1000Or VHF channel 16 \/ VHF-DSC 70 In Inland Waters: General emergency number 112 In case of an emergency or danger, report: Non-urgent Trossi service requests: 0800 30 22 30 (May 1 \u2013 October 31)\" \/>\n<meta property=\"og:url\" content=\"https:\/\/meripelastus.fi\/kokkola\/en\/activity\/emergency-instructions\/\" \/>\n<meta property=\"og:site_name\" content=\"Kokkolan Meripelastajat-Gamlakarleby Sj\u00f6r\u00e4ddare ry\" \/>\n<meta property=\"article:modified_time\" content=\"2025-10-01T08:04:05+00:00\" \/>\n<meta name=\"twitter:card\" content=\"summary_large_image\" \/>\n<meta name=\"twitter:label1\" content=\"Arvioitu lukuaika\" \/>\n\t<meta name=\"twitter:data1\" content=\"1 minuutti\" \/>\n<script type=\"application\/ld+json\" class=\"yoast-schema-graph\">{\"@context\":\"https:\/\/schema.org\",\"@graph\":[{\"@type\":\"WebPage\",\"@id\":\"https:\/\/meripelastus.fi\/kokkola\/en\/activity\/emergency-instructions\/\",\"url\":\"https:\/\/meripelastus.fi\/kokkola\/en\/activity\/emergency-instructions\/\",\"name\":\"Emergency Instructions - Kokkolan Meripelastajat-Gamlakarleby Sj\u00f6r\u00e4ddare ry\",\"isPartOf\":{\"@id\":\"https:\/\/meripelastus.fi\/kokkola\/#website\"},\"datePublished\":\"2025-05-13T12:13:44+00:00\",\"dateModified\":\"2025-10-01T08:04:05+00:00\",\"breadcrumb\":{\"@id\":\"https:\/\/meripelastus.fi\/kokkola\/en\/activity\/emergency-instructions\/#breadcrumb\"},\"inLanguage\":\"fi\",\"potentialAction\":[{\"@type\":\"ReadAction\",\"target\":[\"https:\/\/meripelastus.fi\/kokkola\/en\/activity\/emergency-instructions\/\"]}]},{\"@type\":\"BreadcrumbList\",\"@id\":\"https:\/\/meripelastus.fi\/kokkola\/en\/activity\/emergency-instructions\/#breadcrumb\",\"itemListElement\":[{\"@type\":\"ListItem\",\"position\":1,\"name\":\"Etusivu\",\"item\":\"https:\/\/meripelastus.fi\/kokkola\/\"},{\"@type\":\"ListItem\",\"position\":2,\"name\":\"Activity\",\"item\":\"https:\/\/meripelastus.fi\/kokkola\/en\/activity\/\"},{\"@type\":\"ListItem\",\"position\":3,\"name\":\"Emergency Instructions\"}]},{\"@type\":\"WebSite\",\"@id\":\"https:\/\/meripelastus.fi\/kokkola\/#website\",\"url\":\"https:\/\/meripelastus.fi\/kokkola\/\",\"name\":\"Kokkolan Meripelastajat-Gamlakarleby Sj\u00f6r\u00e4ddare ry\",\"description\":\"Vapaaehtoiset apunasi vesill\u00e4\",\"potentialAction\":[{\"@type\":\"SearchAction\",\"target\":{\"@type\":\"EntryPoint\",\"urlTemplate\":\"https:\/\/meripelastus.fi\/kokkola\/?s={search_term_string}\"},\"query-input\":{\"@type\":\"PropertyValueSpecification\",\"valueRequired\":true,\"valueName\":\"search_term_string\"}}],\"inLanguage\":\"fi\"}]}<\/script>\n<!-- \/ Yoast SEO Premium plugin. -->","yoast_head_json":{"title":"Emergency Instructions - Kokkolan Meripelastajat-Gamlakarleby Sj\u00f6r\u00e4ddare ry","robots":{"index":"index","follow":"follow","max-snippet":"max-snippet:-1","max-image-preview":"max-image-preview:large","max-video-preview":"max-video-preview:-1"},"canonical":"https:\/\/meripelastus.fi\/kokkola\/en\/activity\/emergency-instructions\/","og_locale":"fi_FI","og_type":"article","og_title":"Emergency Instructions","og_description":"At Sea: Sea rescue emergency number 0294 1000Or VHF channel 16 \/ VHF-DSC 70 In Inland Waters: General emergency number 112 In case of an emergency or danger, report: Non-urgent Trossi service requests: 0800 30 22 30 (May 1 \u2013 October 31)","og_url":"https:\/\/meripelastus.fi\/kokkola\/en\/activity\/emergency-instructions\/","og_site_name":"Kokkolan Meripelastajat-Gamlakarleby Sj\u00f6r\u00e4ddare ry","article_modified_time":"2025-10-01T08:04:05+00:00","twitter_card":"summary_large_image","twitter_misc":{"Arvioitu lukuaika":"1 minuutti"},"schema":{"@context":"https:\/\/schema.org","@graph":[{"@type":"WebPage","@id":"https:\/\/meripelastus.fi\/kokkola\/en\/activity\/emergency-instructions\/","url":"https:\/\/meripelastus.fi\/kokkola\/en\/activity\/emergency-instructions\/","name":"Emergency Instructions - Kokkolan Meripelastajat-Gamlakarleby Sj\u00f6r\u00e4ddare ry","isPartOf":{"@id":"https:\/\/meripelastus.fi\/kokkola\/#website"},"datePublished":"2025-05-13T12:13:44+00:00","dateModified":"2025-10-01T08:04:05+00:00","breadcrumb":{"@id":"https:\/\/meripelastus.fi\/kokkola\/en\/activity\/emergency-instructions\/#breadcrumb"},"inLanguage":"fi","potentialAction":[{"@type":"ReadAction","target":["https:\/\/meripelastus.fi\/kokkola\/en\/activity\/emergency-instructions\/"]}]},{"@type":"BreadcrumbList","@id":"https:\/\/meripelastus.fi\/kokkola\/en\/activity\/emergency-instructions\/#breadcrumb","itemListElement":[{"@type":"ListItem","position":1,"name":"Etusivu","item":"https:\/\/meripelastus.fi\/kokkola\/"},{"@type":"ListItem","position":2,"name":"Activity","item":"https:\/\/meripelastus.fi\/kokkola\/en\/activity\/"},{"@type":"ListItem","position":3,"name":"Emergency Instructions"}]},{"@type":"WebSite","@id":"https:\/\/meripelastus.fi\/kokkola\/#website","url":"https:\/\/meripelastus.fi\/kokkola\/","name":"Kokkolan Meripelastajat-Gamlakarleby Sj\u00f6r\u00e4ddare ry","description":"Vapaaehtoiset apunasi vesill\u00e4","potentialAction":[{"@type":"SearchAction","target":{"@type":"EntryPoint","urlTemplate":"https:\/\/meripelastus.fi\/kokkola\/?s={search_term_string}"},"query-input":{"@type":"PropertyValueSpecification","valueRequired":true,"valueName":"search_term_string"}}],"inLanguage":"fi"}]}},"_links":{"self":[{"href":"https:\/\/meripelastus.fi\/kokkola\/wp-json\/wp\/v2\/pages\/299","targetHints":{"allow":["GET"]}}],"collection":[{"href":"https:\/\/meripelastus.fi\/kokkola\/wp-json\/wp\/v2\/pages"}],"about":[{"href":"https:\/\/meripelastus.fi\/kokkola\/wp-json\/wp\/v2\/types\/page"}],"author":[{"embeddable":true,"href":"https:\/\/meripelastus.fi\/kokkola\/wp-json\/wp\/v2\/users\/1"}],"replies":[{"embeddable":true,"href":"https:\/\/meripelastus.fi\/kokkola\/wp-json\/wp\/v2\/comments?post=299"}],"version-history":[{"count":2,"href":"https:\/\/meripelastus.fi\/kokkola\/wp-json\/wp\/v2\/pages\/299\/revisions"}],"predecessor-version":[{"id":388,"href":"https:\/\/meripelastus.fi\/kokkola\/wp-json\/wp\/v2\/pages\/299\/revisions\/388"}],"up":[{"embeddable":true,"href":"https:\/\/meripelastus.fi\/kokkola\/wp-json\/wp\/v2\/pages\/290"}],"wp:attachment":[{"href":"https:\/\/meripelastus.fi\/kokkola\/wp-json\/wp\/v2\/media?parent=299"}],"curies":[{"name":"wp","href":"https:\/\/api.w.org\/{rel}","templated":true}]}}