{"id":147,"date":"2025-05-12T15:31:56","date_gmt":"2025-05-12T12:31:56","guid":{"rendered":"https:\/\/meripelastus.fi\/kokkola-vedos\/?page_id=147"},"modified":"2025-10-01T13:09:58","modified_gmt":"2025-10-01T10:09:58","slug":"kontakt","status":"publish","type":"page","link":"https:\/\/meripelastus.fi\/kokkola\/sv\/kontakt\/","title":{"rendered":"Kontakt"},"content":{"rendered":"\n<p><strong>Kokkolan Meripelastajat &#8211; Gamlakarleby Sj\u00f6r\u00e4ddare\u00a0ry<\/strong><\/p>\n\n\n\n<p>Sahapolku 10<br>67900 Kokkola<\/p>\n\n\n\n<p><a href=\"mailto:kokkola@messi.meripelastus.fi\">kokkola@messi.meripelastus.fi<\/a><br>Telefonnummer:&nbsp;<a href=\"tel:0925163506\">0925 163 506<\/a><\/p>\n","protected":false},"excerpt":{"rendered":"<p>Kokkolan Meripelastajat &#8211; Gamlakarleby Sj\u00f6r\u00e4ddare\u00a0ry Sahapolku 1067900 Kokkola kokkola@messi.meripelastus.fiTelefonnummer:&nbsp;0925 163 506<\/p>\n","protected":false},"author":1,"featured_media":0,"parent":0,"menu_order":0,"comment_status":"closed","ping_status":"closed","template":"","meta":{"_acf_changed":false,"inline_featured_image":false,"footnotes":""},"class_list":["post-147","page","type-page","status-publish","hentry"],"acf":[],"yoast_head":"<!-- This site is optimized with the Yoast SEO Premium plugin v27.2 (Yoast SEO v27.2) - https:\/\/yoast.com\/product\/yoast-seo-premium-wordpress\/ -->\n<title>Kontakt - Kokkolan Meripelastajat-Gamlakarleby Sj\u00f6r\u00e4ddare ry<\/title>\n<meta name=\"robots\" content=\"index, follow, max-snippet:-1, max-image-preview:large, max-video-preview:-1\" \/>\n<link rel=\"canonical\" href=\"https:\/\/meripelastus.fi\/kokkola\/sv\/kontakt\/\" \/>\n<meta property=\"og:locale\" content=\"fi_FI\" \/>\n<meta property=\"og:type\" content=\"article\" \/>\n<meta property=\"og:title\" content=\"Kontakt\" \/>\n<meta property=\"og:description\" content=\"Kokkolan Meripelastajat &#8211; Gamlakarleby Sj\u00f6r\u00e4ddare\u00a0ry Sahapolku 1067900 Kokkola kokkola@messi.meripelastus.fiTelefonnummer:&nbsp;0925 163 506\" \/>\n<meta property=\"og:url\" content=\"https:\/\/meripelastus.fi\/kokkola\/sv\/kontakt\/\" \/>\n<meta property=\"og:site_name\" content=\"Kokkolan Meripelastajat-Gamlakarleby Sj\u00f6r\u00e4ddare ry\" \/>\n<meta property=\"article:modified_time\" content=\"2025-10-01T10:09:58+00:00\" \/>\n<meta name=\"twitter:card\" content=\"summary_large_image\" \/>\n<script type=\"application\/ld+json\" class=\"yoast-schema-graph\">{\"@context\":\"https:\/\/schema.org\",\"@graph\":[{\"@type\":\"WebPage\",\"@id\":\"https:\/\/meripelastus.fi\/kokkola\/sv\/kontakt\/\",\"url\":\"https:\/\/meripelastus.fi\/kokkola\/sv\/kontakt\/\",\"name\":\"Kontakt - Kokkolan Meripelastajat-Gamlakarleby Sj\u00f6r\u00e4ddare ry\",\"isPartOf\":{\"@id\":\"https:\/\/meripelastus.fi\/kokkola\/#website\"},\"datePublished\":\"2025-05-12T12:31:56+00:00\",\"dateModified\":\"2025-10-01T10:09:58+00:00\",\"breadcrumb\":{\"@id\":\"https:\/\/meripelastus.fi\/kokkola\/sv\/kontakt\/#breadcrumb\"},\"inLanguage\":\"fi\",\"potentialAction\":[{\"@type\":\"ReadAction\",\"target\":[\"https:\/\/meripelastus.fi\/kokkola\/sv\/kontakt\/\"]}]},{\"@type\":\"BreadcrumbList\",\"@id\":\"https:\/\/meripelastus.fi\/kokkola\/sv\/kontakt\/#breadcrumb\",\"itemListElement\":[{\"@type\":\"ListItem\",\"position\":1,\"name\":\"Etusivu\",\"item\":\"https:\/\/meripelastus.fi\/kokkola\/\"},{\"@type\":\"ListItem\",\"position\":2,\"name\":\"Kontakt\"}]},{\"@type\":\"WebSite\",\"@id\":\"https:\/\/meripelastus.fi\/kokkola\/#website\",\"url\":\"https:\/\/meripelastus.fi\/kokkola\/\",\"name\":\"Kokkolan Meripelastajat-Gamlakarleby Sj\u00f6r\u00e4ddare ry\",\"description\":\"Vapaaehtoiset apunasi vesill\u00e4\",\"potentialAction\":[{\"@type\":\"SearchAction\",\"target\":{\"@type\":\"EntryPoint\",\"urlTemplate\":\"https:\/\/meripelastus.fi\/kokkola\/?s={search_term_string}\"},\"query-input\":{\"@type\":\"PropertyValueSpecification\",\"valueRequired\":true,\"valueName\":\"search_term_string\"}}],\"inLanguage\":\"fi\"}]}<\/script>\n<!-- \/ Yoast SEO Premium plugin. -->","yoast_head_json":{"title":"Kontakt - Kokkolan Meripelastajat-Gamlakarleby Sj\u00f6r\u00e4ddare ry","robots":{"index":"index","follow":"follow","max-snippet":"max-snippet:-1","max-image-preview":"max-image-preview:large","max-video-preview":"max-video-preview:-1"},"canonical":"https:\/\/meripelastus.fi\/kokkola\/sv\/kontakt\/","og_locale":"fi_FI","og_type":"article","og_title":"Kontakt","og_description":"Kokkolan Meripelastajat &#8211; Gamlakarleby Sj\u00f6r\u00e4ddare\u00a0ry Sahapolku 1067900 Kokkola kokkola@messi.meripelastus.fiTelefonnummer:&nbsp;0925 163 506","og_url":"https:\/\/meripelastus.fi\/kokkola\/sv\/kontakt\/","og_site_name":"Kokkolan Meripelastajat-Gamlakarleby Sj\u00f6r\u00e4ddare ry","article_modified_time":"2025-10-01T10:09:58+00:00","twitter_card":"summary_large_image","schema":{"@context":"https:\/\/schema.org","@graph":[{"@type":"WebPage","@id":"https:\/\/meripelastus.fi\/kokkola\/sv\/kontakt\/","url":"https:\/\/meripelastus.fi\/kokkola\/sv\/kontakt\/","name":"Kontakt - Kokkolan Meripelastajat-Gamlakarleby Sj\u00f6r\u00e4ddare ry","isPartOf":{"@id":"https:\/\/meripelastus.fi\/kokkola\/#website"},"datePublished":"2025-05-12T12:31:56+00:00","dateModified":"2025-10-01T10:09:58+00:00","breadcrumb":{"@id":"https:\/\/meripelastus.fi\/kokkola\/sv\/kontakt\/#breadcrumb"},"inLanguage":"fi","potentialAction":[{"@type":"ReadAction","target":["https:\/\/meripelastus.fi\/kokkola\/sv\/kontakt\/"]}]},{"@type":"BreadcrumbList","@id":"https:\/\/meripelastus.fi\/kokkola\/sv\/kontakt\/#breadcrumb","itemListElement":[{"@type":"ListItem","position":1,"name":"Etusivu","item":"https:\/\/meripelastus.fi\/kokkola\/"},{"@type":"ListItem","position":2,"name":"Kontakt"}]},{"@type":"WebSite","@id":"https:\/\/meripelastus.fi\/kokkola\/#website","url":"https:\/\/meripelastus.fi\/kokkola\/","name":"Kokkolan Meripelastajat-Gamlakarleby Sj\u00f6r\u00e4ddare ry","description":"Vapaaehtoiset apunasi vesill\u00e4","potentialAction":[{"@type":"SearchAction","target":{"@type":"EntryPoint","urlTemplate":"https:\/\/meripelastus.fi\/kokkola\/?s={search_term_string}"},"query-input":{"@type":"PropertyValueSpecification","valueRequired":true,"valueName":"search_term_string"}}],"inLanguage":"fi"}]}},"_links":{"self":[{"href":"https:\/\/meripelastus.fi\/kokkola\/wp-json\/wp\/v2\/pages\/147","targetHints":{"allow":["GET"]}}],"collection":[{"href":"https:\/\/meripelastus.fi\/kokkola\/wp-json\/wp\/v2\/pages"}],"about":[{"href":"https:\/\/meripelastus.fi\/kokkola\/wp-json\/wp\/v2\/types\/page"}],"author":[{"embeddable":true,"href":"https:\/\/meripelastus.fi\/kokkola\/wp-json\/wp\/v2\/users\/1"}],"replies":[{"embeddable":true,"href":"https:\/\/meripelastus.fi\/kokkola\/wp-json\/wp\/v2\/comments?post=147"}],"version-history":[{"count":6,"href":"https:\/\/meripelastus.fi\/kokkola\/wp-json\/wp\/v2\/pages\/147\/revisions"}],"predecessor-version":[{"id":403,"href":"https:\/\/meripelastus.fi\/kokkola\/wp-json\/wp\/v2\/pages\/147\/revisions\/403"}],"wp:attachment":[{"href":"https:\/\/meripelastus.fi\/kokkola\/wp-json\/wp\/v2\/media?parent=147"}],"curies":[{"name":"wp","href":"https:\/\/api.w.org\/{rel}","templated":true}]}}