{"id":123,"date":"2025-05-12T15:25:11","date_gmt":"2025-05-12T12:25:11","guid":{"rendered":"https:\/\/meripelastus.fi\/kokkola-vedos\/?page_id=123"},"modified":"2025-12-05T10:35:18","modified_gmt":"2025-12-05T08:35:18","slug":"gor-frivilligt-sjoraddningsarbete","status":"publish","type":"page","link":"https:\/\/meripelastus.fi\/kokkola\/sv\/gor-frivilligt-sjoraddningsarbete\/","title":{"rendered":"G\u00f6r frivilligt sj\u00f6r\u00e4ddningsarbete"},"content":{"rendered":"\n<div style=\"height:6rem\" aria-hidden=\"true\" class=\"wp-block-spacer\"><\/div>\n\n\n \n\t\n<div class=\"container home-container\"> \n    <div class=\"row home-img-lifts py-0 d-flex justify-content-center\">\n\n            \t\t\t\t \n\t\t\t\t\t\t<div class=\"col-10 offset-1 offset-md-0 col-md-6 col-lg-3 col-xxl-4 has-secondary-background-color d-flex flex-column align-items-stretch justify-content-between text-white text-center homelifts homelifts-lahjoita\">\n                            <div class=\"homelifts-lahjoita-img\"><img loading=\"lazy\" decoding=\"async\" src=\"https:\/\/meripelastus.fi\/kokkola\/wp-content\/uploads\/sites\/47\/2025\/05\/svg-huutomerkki-white.svg\" alt=\"\" width=\"300\" height=\"273\" \/><\/div> \n                            <div class=\"homelifts-lahjoita-content\">\n                                <h3 class=\"h2 text-white mt-0 mb-0\">Alarmanvisning!<\/h3>                                                                <div class=\"homelifts-lahjoita-content-otsikkoryhma\">\n                                    <h4 class=\"text-white mt-0\"><span>Insj\u00f6vattnen<\/span><\/h4>\n                                    <p><a href=\"tel:112\">112<\/a><\/p>\n                                <\/div>\n                                                                <div class=\"homelifts-lahjoita-content-otsikkoryhma\">\n                                    <h4 class=\"text-white mt-0\"><span>Sj\u00f6omr\u00e5det<\/span><\/h4>\n                                    <p><a href=\"tel:02941000\">02 94 1000<\/a><\/p>\n                                <\/div>\n                                                                <p>Trossen-servicebeg\u00e4ran\u00a0(1.5.-31.10.)\u00a0<a href=\"tel:0800302230\"><strong>0800 30 22 30<\/strong><\/a><\/p>\n                            <\/div>\n                            <a href=\"https:\/\/meripelastus.fi\/kokkola\/sv\/verksamhet\/alarmanvisning\/\" class=\"btn btn-default my-0 mx-auto\" target=\"_self\">Alarmanvisning<\/a>                             \n                        <\/div>\n\t\t\t\t\t\t\t\n            \t\t\t\t \n\t\t\t\t\t\t\t<div class=\"col-10 offset-1 offset-md-0 col-md-6 col-lg-3 col-xxl-4 has-white-background-color d-flex flex-column align-items-stretch justify-content-between text-center homelifts homelifts-trossi\">\n                                <div class=\"homelifts-trossi-img\"><img loading=\"lazy\" decoding=\"async\" src=\"https:\/\/meripelastus.fi\/kokkola\/wp-content\/uploads\/sites\/47\/2025\/05\/svg-alus.svg\" alt=\"\" width=\"300\" height=\"300\" \/><\/div>                          \n                                <div class=\"homelifts-trossi-content\">\n                                    <h3 class=\"h2 mt-0\">Utf\u00f6rda uppdrag<\/h3>                                                                                                                <ul class=\"list-unstyled\" id=\"tehtavatrss\" data-amount=\"2\" data-city=\"28\">\n                                            <template>\n                                                <li>\n                                                    <time><\/time>\n                                                    <strong><\/strong>\n                                                    <br \/>\n                                                    <span><\/span>\n                                                <\/li>\n                                            <\/template>\n                                        <\/ul>\n                                                                    <\/div>\n                                <a href=\"https:\/\/meripelastus.fi\/kokkola\/sv\/verksamhet\/uppgifter\/\" class=\"btn btn-primary mb-0 mx-auto\" target=\"_self\">Mehr seenotf\u00e4lle<\/a>                             \n                            <\/div>\n\t\t\t\t\t\t\t           \n\n            \t\t\t\t \n\t\t\t\t\t\t<div class=\"col-10 offset-1 offset-md-0 col-md-6 col-lg-3 col-xxl-4 has-secondary-background-color d-flex flex-column align-items-stretch justify-content-between text-white text-center homelifts homelifts-liity\">\n                            <div class=\"homelifts-liity-img\"><img loading=\"lazy\" decoding=\"async\" src=\"https:\/\/meripelastus.fi\/kokkola\/wp-content\/uploads\/sites\/47\/2025\/12\/smps-plus-jasenpalvelu-1-300x300.png\" alt=\"Medlemstj\u00e4nst\" width=\"300\" height=\"300\" \/><\/div>  \n                            <div class=\"homelifts-liity-content\">\n                                <h3 class=\"h2 text-white mt-0\">Medlemstj\u00e4nst \u2013 Skydd f\u00f6r din b\u00e5t<\/h3>                                <hr class=\"homelift-border\">\n                                <p>Vill du f\u00e5 din b\u00e5t, kostnadsfritt till s\u00e4kerhet, vid ett eventuellt haveri? Anslut dig till Medlemstj\u00e4nst!<\/p>\n                            <\/div>\n                            <a href=\"https:\/\/meripelastus.fi\/sv\/medlemstjanst\/\" class=\"btn btn-default mb-0 mx-auto\" target=\"_blank\">L\u00e4s mer<\/a>                             \n                        <\/div>\n\t\t\t\t\t\t\t    <\/div>\n<\/div>\n\n\n<div style=\"height:3rem\" aria-hidden=\"true\" class=\"wp-block-spacer\"><\/div>\n\n\n\n<div class=\"wp-block-group alignfull border-top has-white-background-color has-background\"><div class=\"wp-block-group__inner-container is-layout-constrained wp-block-group-is-layout-constrained\">\n<div style=\"height:3rem\" aria-hidden=\"true\" class=\"wp-block-spacer\"><\/div>\n\n\n\n<h4 class=\"wp-block-heading has-text-align-center has-x-large-font-size\" id=\"h-frivilliga-hjalper-dig-till-havs\" style=\"text-transform:uppercase\">Frivilliga hj\u00e4lper dig till havs<\/h4>\n\n\n\n<div class=\"wp-block-columns is-layout-flex wp-container-core-columns-is-layout-9d6595d7 wp-block-columns-is-layout-flex\">\n<div class=\"wp-block-column is-layout-flow wp-block-column-is-layout-flow\" style=\"flex-basis:10%\"><\/div>\n\n\n\n<div class=\"wp-block-column is-layout-flow wp-block-column-is-layout-flow\" style=\"flex-basis:80%\">\n<p class=\"has-text-align-center has-medium-font-size\"><strong>Finlands Sj\u00f6r\u00e4ddningss\u00e4llskap Kokkolan Meripelastajat &#8211; Gamlakarleby Sj\u00f6r\u00e4ddare&nbsp;ry<\/strong><\/p>\n\n\n\n<div class=\"wp-block-buttons is-content-justification-center is-layout-flex wp-container-core-buttons-is-layout-16018d1d wp-block-buttons-is-layout-flex\"><\/div>\n<\/div>\n\n\n\n<div class=\"wp-block-column is-layout-flow wp-block-column-is-layout-flow\" style=\"flex-basis:10%\"><\/div>\n<\/div>\n\n\n\t\n   <div class=\"compass-wrapper\"><img loading=\"lazy\" decoding=\"async\" src=\"https:\/\/meripelastus.fi\/kokkola\/wp-content\/themes\/jarjestot-25\/img\/smps-kompassi-sininen.png\" width=\"1083\" height=\"110\" class=\"kompassi-block\" aria-hidden=\"true\"\/><\/div><\/div><\/div>\n\n\n\n<p><\/p>\n","protected":false},"excerpt":{"rendered":"<p>Frivilliga hj\u00e4lper dig till havs Finlands Sj\u00f6r\u00e4ddningss\u00e4llskap Kokkolan Meripelastajat &#8211; Gamlakarleby Sj\u00f6r\u00e4ddare&nbsp;ry<\/p>\n","protected":false},"author":1,"featured_media":249,"parent":0,"menu_order":0,"comment_status":"closed","ping_status":"closed","template":"templates\/frontpage.php","meta":{"_acf_changed":false,"inline_featured_image":false,"footnotes":""},"class_list":["post-123","page","type-page","status-publish","has-post-thumbnail","hentry"],"acf":[],"yoast_head":"<!-- This site is optimized with the Yoast SEO Premium plugin v27.2 (Yoast SEO v27.2) - https:\/\/yoast.com\/product\/yoast-seo-premium-wordpress\/ -->\n<title>G\u00f6r frivilligt sj\u00f6r\u00e4ddningsarbete - Kokkolan Meripelastajat-Gamlakarleby Sj\u00f6r\u00e4ddare ry<\/title>\n<meta name=\"robots\" content=\"index, follow, max-snippet:-1, max-image-preview:large, max-video-preview:-1\" \/>\n<link rel=\"canonical\" href=\"https:\/\/meripelastus.fi\/kokkola\/sv\/gor-frivilligt-sjoraddningsarbete\/\" \/>\n<meta property=\"og:locale\" content=\"fi_FI\" \/>\n<meta property=\"og:type\" content=\"article\" \/>\n<meta property=\"og:title\" content=\"G\u00f6r frivilligt sj\u00f6r\u00e4ddningsarbete\" \/>\n<meta property=\"og:description\" content=\"Frivilliga hj\u00e4lper dig till havs Finlands Sj\u00f6r\u00e4ddningss\u00e4llskap Kokkolan Meripelastajat &#8211; Gamlakarleby Sj\u00f6r\u00e4ddare&nbsp;ry\" \/>\n<meta property=\"og:url\" content=\"https:\/\/meripelastus.fi\/kokkola\/sv\/gor-frivilligt-sjoraddningsarbete\/\" \/>\n<meta property=\"og:site_name\" content=\"Kokkolan Meripelastajat-Gamlakarleby Sj\u00f6r\u00e4ddare ry\" \/>\n<meta property=\"article:modified_time\" content=\"2025-12-05T08:35:18+00:00\" \/>\n<meta property=\"og:image\" content=\"https:\/\/meripelastus.fi\/kokkola\/wp-content\/uploads\/sites\/47\/2025\/05\/kokkolan-meripelastajat-gamlakarleby-Sjorad-ry-1.jpg\" \/>\n\t<meta property=\"og:image:width\" content=\"1920\" \/>\n\t<meta property=\"og:image:height\" content=\"988\" \/>\n\t<meta property=\"og:image:type\" content=\"image\/jpeg\" \/>\n<meta name=\"twitter:card\" content=\"summary_large_image\" \/>\n<meta name=\"twitter:label1\" content=\"Arvioitu lukuaika\" \/>\n\t<meta name=\"twitter:data1\" content=\"1 minuutti\" \/>\n<script type=\"application\/ld+json\" class=\"yoast-schema-graph\">{\"@context\":\"https:\/\/schema.org\",\"@graph\":[{\"@type\":\"WebPage\",\"@id\":\"https:\/\/meripelastus.fi\/kokkola\/sv\/gor-frivilligt-sjoraddningsarbete\/\",\"url\":\"https:\/\/meripelastus.fi\/kokkola\/sv\/gor-frivilligt-sjoraddningsarbete\/\",\"name\":\"G\u00f6r frivilligt sj\u00f6r\u00e4ddningsarbete - Kokkolan Meripelastajat-Gamlakarleby Sj\u00f6r\u00e4ddare ry\",\"isPartOf\":{\"@id\":\"https:\/\/meripelastus.fi\/kokkola\/#website\"},\"primaryImageOfPage\":{\"@id\":\"https:\/\/meripelastus.fi\/kokkola\/sv\/gor-frivilligt-sjoraddningsarbete\/#primaryimage\"},\"image\":{\"@id\":\"https:\/\/meripelastus.fi\/kokkola\/sv\/gor-frivilligt-sjoraddningsarbete\/#primaryimage\"},\"thumbnailUrl\":\"https:\/\/meripelastus.fi\/kokkola\/wp-content\/uploads\/sites\/47\/2025\/05\/kokkolan-meripelastajat-gamlakarleby-Sjorad-ry-1.jpg\",\"datePublished\":\"2025-05-12T12:25:11+00:00\",\"dateModified\":\"2025-12-05T08:35:18+00:00\",\"breadcrumb\":{\"@id\":\"https:\/\/meripelastus.fi\/kokkola\/sv\/gor-frivilligt-sjoraddningsarbete\/#breadcrumb\"},\"inLanguage\":\"fi\",\"potentialAction\":[{\"@type\":\"ReadAction\",\"target\":[\"https:\/\/meripelastus.fi\/kokkola\/sv\/gor-frivilligt-sjoraddningsarbete\/\"]}]},{\"@type\":\"ImageObject\",\"inLanguage\":\"fi\",\"@id\":\"https:\/\/meripelastus.fi\/kokkola\/sv\/gor-frivilligt-sjoraddningsarbete\/#primaryimage\",\"url\":\"https:\/\/meripelastus.fi\/kokkola\/wp-content\/uploads\/sites\/47\/2025\/05\/kokkolan-meripelastajat-gamlakarleby-Sjorad-ry-1.jpg\",\"contentUrl\":\"https:\/\/meripelastus.fi\/kokkola\/wp-content\/uploads\/sites\/47\/2025\/05\/kokkolan-meripelastajat-gamlakarleby-Sjorad-ry-1.jpg\",\"width\":1920,\"height\":988},{\"@type\":\"BreadcrumbList\",\"@id\":\"https:\/\/meripelastus.fi\/kokkola\/sv\/gor-frivilligt-sjoraddningsarbete\/#breadcrumb\",\"itemListElement\":[{\"@type\":\"ListItem\",\"position\":1,\"name\":\"Etusivu\",\"item\":\"https:\/\/meripelastus.fi\/kokkola\/\"},{\"@type\":\"ListItem\",\"position\":2,\"name\":\"G\u00f6r frivilligt sj\u00f6r\u00e4ddningsarbete\"}]},{\"@type\":\"WebSite\",\"@id\":\"https:\/\/meripelastus.fi\/kokkola\/#website\",\"url\":\"https:\/\/meripelastus.fi\/kokkola\/\",\"name\":\"Kokkolan Meripelastajat-Gamlakarleby Sj\u00f6r\u00e4ddare ry\",\"description\":\"Vapaaehtoiset apunasi vesill\u00e4\",\"potentialAction\":[{\"@type\":\"SearchAction\",\"target\":{\"@type\":\"EntryPoint\",\"urlTemplate\":\"https:\/\/meripelastus.fi\/kokkola\/?s={search_term_string}\"},\"query-input\":{\"@type\":\"PropertyValueSpecification\",\"valueRequired\":true,\"valueName\":\"search_term_string\"}}],\"inLanguage\":\"fi\"}]}<\/script>\n<!-- \/ Yoast SEO Premium plugin. -->","yoast_head_json":{"title":"G\u00f6r frivilligt sj\u00f6r\u00e4ddningsarbete - Kokkolan Meripelastajat-Gamlakarleby Sj\u00f6r\u00e4ddare ry","robots":{"index":"index","follow":"follow","max-snippet":"max-snippet:-1","max-image-preview":"max-image-preview:large","max-video-preview":"max-video-preview:-1"},"canonical":"https:\/\/meripelastus.fi\/kokkola\/sv\/gor-frivilligt-sjoraddningsarbete\/","og_locale":"fi_FI","og_type":"article","og_title":"G\u00f6r frivilligt sj\u00f6r\u00e4ddningsarbete","og_description":"Frivilliga hj\u00e4lper dig till havs Finlands Sj\u00f6r\u00e4ddningss\u00e4llskap Kokkolan Meripelastajat &#8211; Gamlakarleby Sj\u00f6r\u00e4ddare&nbsp;ry","og_url":"https:\/\/meripelastus.fi\/kokkola\/sv\/gor-frivilligt-sjoraddningsarbete\/","og_site_name":"Kokkolan Meripelastajat-Gamlakarleby Sj\u00f6r\u00e4ddare ry","article_modified_time":"2025-12-05T08:35:18+00:00","og_image":[{"width":1920,"height":988,"url":"https:\/\/meripelastus.fi\/kokkola\/wp-content\/uploads\/sites\/47\/2025\/05\/kokkolan-meripelastajat-gamlakarleby-Sjorad-ry-1.jpg","type":"image\/jpeg"}],"twitter_card":"summary_large_image","twitter_misc":{"Arvioitu lukuaika":"1 minuutti"},"schema":{"@context":"https:\/\/schema.org","@graph":[{"@type":"WebPage","@id":"https:\/\/meripelastus.fi\/kokkola\/sv\/gor-frivilligt-sjoraddningsarbete\/","url":"https:\/\/meripelastus.fi\/kokkola\/sv\/gor-frivilligt-sjoraddningsarbete\/","name":"G\u00f6r frivilligt sj\u00f6r\u00e4ddningsarbete - Kokkolan Meripelastajat-Gamlakarleby Sj\u00f6r\u00e4ddare ry","isPartOf":{"@id":"https:\/\/meripelastus.fi\/kokkola\/#website"},"primaryImageOfPage":{"@id":"https:\/\/meripelastus.fi\/kokkola\/sv\/gor-frivilligt-sjoraddningsarbete\/#primaryimage"},"image":{"@id":"https:\/\/meripelastus.fi\/kokkola\/sv\/gor-frivilligt-sjoraddningsarbete\/#primaryimage"},"thumbnailUrl":"https:\/\/meripelastus.fi\/kokkola\/wp-content\/uploads\/sites\/47\/2025\/05\/kokkolan-meripelastajat-gamlakarleby-Sjorad-ry-1.jpg","datePublished":"2025-05-12T12:25:11+00:00","dateModified":"2025-12-05T08:35:18+00:00","breadcrumb":{"@id":"https:\/\/meripelastus.fi\/kokkola\/sv\/gor-frivilligt-sjoraddningsarbete\/#breadcrumb"},"inLanguage":"fi","potentialAction":[{"@type":"ReadAction","target":["https:\/\/meripelastus.fi\/kokkola\/sv\/gor-frivilligt-sjoraddningsarbete\/"]}]},{"@type":"ImageObject","inLanguage":"fi","@id":"https:\/\/meripelastus.fi\/kokkola\/sv\/gor-frivilligt-sjoraddningsarbete\/#primaryimage","url":"https:\/\/meripelastus.fi\/kokkola\/wp-content\/uploads\/sites\/47\/2025\/05\/kokkolan-meripelastajat-gamlakarleby-Sjorad-ry-1.jpg","contentUrl":"https:\/\/meripelastus.fi\/kokkola\/wp-content\/uploads\/sites\/47\/2025\/05\/kokkolan-meripelastajat-gamlakarleby-Sjorad-ry-1.jpg","width":1920,"height":988},{"@type":"BreadcrumbList","@id":"https:\/\/meripelastus.fi\/kokkola\/sv\/gor-frivilligt-sjoraddningsarbete\/#breadcrumb","itemListElement":[{"@type":"ListItem","position":1,"name":"Etusivu","item":"https:\/\/meripelastus.fi\/kokkola\/"},{"@type":"ListItem","position":2,"name":"G\u00f6r frivilligt sj\u00f6r\u00e4ddningsarbete"}]},{"@type":"WebSite","@id":"https:\/\/meripelastus.fi\/kokkola\/#website","url":"https:\/\/meripelastus.fi\/kokkola\/","name":"Kokkolan Meripelastajat-Gamlakarleby Sj\u00f6r\u00e4ddare ry","description":"Vapaaehtoiset apunasi vesill\u00e4","potentialAction":[{"@type":"SearchAction","target":{"@type":"EntryPoint","urlTemplate":"https:\/\/meripelastus.fi\/kokkola\/?s={search_term_string}"},"query-input":{"@type":"PropertyValueSpecification","valueRequired":true,"valueName":"search_term_string"}}],"inLanguage":"fi"}]}},"_links":{"self":[{"href":"https:\/\/meripelastus.fi\/kokkola\/wp-json\/wp\/v2\/pages\/123","targetHints":{"allow":["GET"]}}],"collection":[{"href":"https:\/\/meripelastus.fi\/kokkola\/wp-json\/wp\/v2\/pages"}],"about":[{"href":"https:\/\/meripelastus.fi\/kokkola\/wp-json\/wp\/v2\/types\/page"}],"author":[{"embeddable":true,"href":"https:\/\/meripelastus.fi\/kokkola\/wp-json\/wp\/v2\/users\/1"}],"replies":[{"embeddable":true,"href":"https:\/\/meripelastus.fi\/kokkola\/wp-json\/wp\/v2\/comments?post=123"}],"version-history":[{"count":15,"href":"https:\/\/meripelastus.fi\/kokkola\/wp-json\/wp\/v2\/pages\/123\/revisions"}],"predecessor-version":[{"id":413,"href":"https:\/\/meripelastus.fi\/kokkola\/wp-json\/wp\/v2\/pages\/123\/revisions\/413"}],"wp:featuredmedia":[{"embeddable":true,"href":"https:\/\/meripelastus.fi\/kokkola\/wp-json\/wp\/v2\/media\/249"}],"wp:attachment":[{"href":"https:\/\/meripelastus.fi\/kokkola\/wp-json\/wp\/v2\/media?parent=123"}],"curies":[{"name":"wp","href":"https:\/\/api.w.org\/{rel}","templated":true}]}}