{"id":111,"date":"2025-05-12T15:17:23","date_gmt":"2025-05-12T12:17:23","guid":{"rendered":"https:\/\/meripelastus.fi\/kokkola-vedos\/?page_id=111"},"modified":"2025-09-30T16:28:39","modified_gmt":"2025-09-30T13:28:39","slug":"halytysohje","status":"publish","type":"page","link":"https:\/\/meripelastus.fi\/kokkola\/toiminta\/halytysohje\/","title":{"rendered":"H\u00e4lytysohje"},"content":{"rendered":"\n<p>Merell\u00e4 meripelastuksen h\u00e4lytysnumero <strong><a href=\"tel:02941000\">0294 1000<\/a><\/strong><\/p>\n\n\n\n<p>Tai VHF-kanava 16 \/ VHF-DSC 70<\/p>\n\n\n\n<p>Sis\u00e4vesill\u00e4 yleinen h\u00e4t\u00e4numero <strong>112<\/strong><\/p>\n\n\n\n<h2 class=\"wp-block-heading\" id=\"h-hata-tai-vaaratilanteessa-ilmoita\">H\u00e4t\u00e4- tai vaaratilanteessa ilmoita:<\/h2>\n\n\n\n<ul class=\"wp-block-list\">\n<li>nimesi (aluksesi nimi) ja yhteysmahdollisuudet<\/li>\n\n\n\n<li>tapahtumapaikka mahdollisimman tarkasti<\/li>\n\n\n\n<li>mit\u00e4 on tapahtunut<\/li>\n\n\n\n<li>onko loukkaantuneita tai ihmishenki\u00e4 vaarassa<\/li>\n\n\n\n<li>mit\u00e4 apua tarvitaan<\/li>\n\n\n\n<li>\u00c4L\u00c4 KATKAISE YHTEYTT\u00c4 ennen kuin saat luvan.<\/li>\n<\/ul>\n\n\n\n<h2 class=\"wp-block-heading\" id=\"h-kiireettomat-trossi-palvelupyynnot\">Kiireett\u00f6m\u00e4t Trossi-palvelupyynn\u00f6t<\/h2>\n\n\n\n<p><a href=\"tel:+358800302230\">0800 30 22 30<\/a> (1.5.-31.10.).<\/p>\n","protected":false},"excerpt":{"rendered":"<p>Merell\u00e4 meripelastuksen h\u00e4lytysnumero 0294 1000 Tai VHF-kanava 16 \/ VHF-DSC 70 Sis\u00e4vesill\u00e4 yleinen h\u00e4t\u00e4numero 112 H\u00e4t\u00e4- tai vaaratilanteessa ilmoita: Kiireett\u00f6m\u00e4t Trossi-palvelupyynn\u00f6t 0800 30 22 30 (1.5.-31.10.).<\/p>\n","protected":false},"author":1,"featured_media":0,"parent":105,"menu_order":0,"comment_status":"closed","ping_status":"closed","template":"","meta":{"_acf_changed":false,"inline_featured_image":false,"footnotes":""},"class_list":["post-111","page","type-page","status-publish","hentry"],"acf":[],"yoast_head":"<!-- This site is optimized with the Yoast SEO Premium plugin v27.2 (Yoast SEO v27.2) - https:\/\/yoast.com\/product\/yoast-seo-premium-wordpress\/ -->\n<title>H\u00e4lytysohje - Kokkolan Meripelastajat-Gamlakarleby Sj\u00f6r\u00e4ddare ry<\/title>\n<meta name=\"robots\" content=\"index, follow, max-snippet:-1, max-image-preview:large, max-video-preview:-1\" \/>\n<link rel=\"canonical\" href=\"https:\/\/meripelastus.fi\/kokkola\/toiminta\/halytysohje\/\" \/>\n<meta property=\"og:locale\" content=\"fi_FI\" \/>\n<meta property=\"og:type\" content=\"article\" \/>\n<meta property=\"og:title\" content=\"H\u00e4lytysohje\" \/>\n<meta property=\"og:description\" content=\"Merell\u00e4 meripelastuksen h\u00e4lytysnumero 0294 1000 Tai VHF-kanava 16 \/ VHF-DSC 70 Sis\u00e4vesill\u00e4 yleinen h\u00e4t\u00e4numero 112 H\u00e4t\u00e4- tai vaaratilanteessa ilmoita: Kiireett\u00f6m\u00e4t Trossi-palvelupyynn\u00f6t 0800 30 22 30 (1.5.-31.10.).\" \/>\n<meta property=\"og:url\" content=\"https:\/\/meripelastus.fi\/kokkola\/toiminta\/halytysohje\/\" \/>\n<meta property=\"og:site_name\" content=\"Kokkolan Meripelastajat-Gamlakarleby Sj\u00f6r\u00e4ddare ry\" \/>\n<meta property=\"article:modified_time\" content=\"2025-09-30T13:28:39+00:00\" \/>\n<meta name=\"twitter:card\" content=\"summary_large_image\" \/>\n<meta name=\"twitter:label1\" content=\"Arvioitu lukuaika\" \/>\n\t<meta name=\"twitter:data1\" content=\"1 minuutti\" \/>\n<script type=\"application\/ld+json\" class=\"yoast-schema-graph\">{\"@context\":\"https:\/\/schema.org\",\"@graph\":[{\"@type\":\"WebPage\",\"@id\":\"https:\/\/meripelastus.fi\/kokkola\/toiminta\/halytysohje\/\",\"url\":\"https:\/\/meripelastus.fi\/kokkola\/toiminta\/halytysohje\/\",\"name\":\"H\u00e4lytysohje - Kokkolan Meripelastajat-Gamlakarleby Sj\u00f6r\u00e4ddare ry\",\"isPartOf\":{\"@id\":\"https:\/\/meripelastus.fi\/kokkola\/#website\"},\"datePublished\":\"2025-05-12T12:17:23+00:00\",\"dateModified\":\"2025-09-30T13:28:39+00:00\",\"breadcrumb\":{\"@id\":\"https:\/\/meripelastus.fi\/kokkola\/toiminta\/halytysohje\/#breadcrumb\"},\"inLanguage\":\"fi\",\"potentialAction\":[{\"@type\":\"ReadAction\",\"target\":[\"https:\/\/meripelastus.fi\/kokkola\/toiminta\/halytysohje\/\"]}]},{\"@type\":\"BreadcrumbList\",\"@id\":\"https:\/\/meripelastus.fi\/kokkola\/toiminta\/halytysohje\/#breadcrumb\",\"itemListElement\":[{\"@type\":\"ListItem\",\"position\":1,\"name\":\"Etusivu\",\"item\":\"https:\/\/meripelastus.fi\/kokkola\/\"},{\"@type\":\"ListItem\",\"position\":2,\"name\":\"Toiminta\",\"item\":\"https:\/\/meripelastus.fi\/kokkola\/toiminta\/\"},{\"@type\":\"ListItem\",\"position\":3,\"name\":\"H\u00e4lytysohje\"}]},{\"@type\":\"WebSite\",\"@id\":\"https:\/\/meripelastus.fi\/kokkola\/#website\",\"url\":\"https:\/\/meripelastus.fi\/kokkola\/\",\"name\":\"Kokkolan Meripelastajat-Gamlakarleby Sj\u00f6r\u00e4ddare ry\",\"description\":\"Vapaaehtoiset apunasi vesill\u00e4\",\"potentialAction\":[{\"@type\":\"SearchAction\",\"target\":{\"@type\":\"EntryPoint\",\"urlTemplate\":\"https:\/\/meripelastus.fi\/kokkola\/?s={search_term_string}\"},\"query-input\":{\"@type\":\"PropertyValueSpecification\",\"valueRequired\":true,\"valueName\":\"search_term_string\"}}],\"inLanguage\":\"fi\"}]}<\/script>\n<!-- \/ Yoast SEO Premium plugin. -->","yoast_head_json":{"title":"H\u00e4lytysohje - Kokkolan Meripelastajat-Gamlakarleby Sj\u00f6r\u00e4ddare ry","robots":{"index":"index","follow":"follow","max-snippet":"max-snippet:-1","max-image-preview":"max-image-preview:large","max-video-preview":"max-video-preview:-1"},"canonical":"https:\/\/meripelastus.fi\/kokkola\/toiminta\/halytysohje\/","og_locale":"fi_FI","og_type":"article","og_title":"H\u00e4lytysohje","og_description":"Merell\u00e4 meripelastuksen h\u00e4lytysnumero 0294 1000 Tai VHF-kanava 16 \/ VHF-DSC 70 Sis\u00e4vesill\u00e4 yleinen h\u00e4t\u00e4numero 112 H\u00e4t\u00e4- tai vaaratilanteessa ilmoita: Kiireett\u00f6m\u00e4t Trossi-palvelupyynn\u00f6t 0800 30 22 30 (1.5.-31.10.).","og_url":"https:\/\/meripelastus.fi\/kokkola\/toiminta\/halytysohje\/","og_site_name":"Kokkolan Meripelastajat-Gamlakarleby Sj\u00f6r\u00e4ddare ry","article_modified_time":"2025-09-30T13:28:39+00:00","twitter_card":"summary_large_image","twitter_misc":{"Arvioitu lukuaika":"1 minuutti"},"schema":{"@context":"https:\/\/schema.org","@graph":[{"@type":"WebPage","@id":"https:\/\/meripelastus.fi\/kokkola\/toiminta\/halytysohje\/","url":"https:\/\/meripelastus.fi\/kokkola\/toiminta\/halytysohje\/","name":"H\u00e4lytysohje - Kokkolan Meripelastajat-Gamlakarleby Sj\u00f6r\u00e4ddare ry","isPartOf":{"@id":"https:\/\/meripelastus.fi\/kokkola\/#website"},"datePublished":"2025-05-12T12:17:23+00:00","dateModified":"2025-09-30T13:28:39+00:00","breadcrumb":{"@id":"https:\/\/meripelastus.fi\/kokkola\/toiminta\/halytysohje\/#breadcrumb"},"inLanguage":"fi","potentialAction":[{"@type":"ReadAction","target":["https:\/\/meripelastus.fi\/kokkola\/toiminta\/halytysohje\/"]}]},{"@type":"BreadcrumbList","@id":"https:\/\/meripelastus.fi\/kokkola\/toiminta\/halytysohje\/#breadcrumb","itemListElement":[{"@type":"ListItem","position":1,"name":"Etusivu","item":"https:\/\/meripelastus.fi\/kokkola\/"},{"@type":"ListItem","position":2,"name":"Toiminta","item":"https:\/\/meripelastus.fi\/kokkola\/toiminta\/"},{"@type":"ListItem","position":3,"name":"H\u00e4lytysohje"}]},{"@type":"WebSite","@id":"https:\/\/meripelastus.fi\/kokkola\/#website","url":"https:\/\/meripelastus.fi\/kokkola\/","name":"Kokkolan Meripelastajat-Gamlakarleby Sj\u00f6r\u00e4ddare ry","description":"Vapaaehtoiset apunasi vesill\u00e4","potentialAction":[{"@type":"SearchAction","target":{"@type":"EntryPoint","urlTemplate":"https:\/\/meripelastus.fi\/kokkola\/?s={search_term_string}"},"query-input":{"@type":"PropertyValueSpecification","valueRequired":true,"valueName":"search_term_string"}}],"inLanguage":"fi"}]}},"_links":{"self":[{"href":"https:\/\/meripelastus.fi\/kokkola\/wp-json\/wp\/v2\/pages\/111","targetHints":{"allow":["GET"]}}],"collection":[{"href":"https:\/\/meripelastus.fi\/kokkola\/wp-json\/wp\/v2\/pages"}],"about":[{"href":"https:\/\/meripelastus.fi\/kokkola\/wp-json\/wp\/v2\/types\/page"}],"author":[{"embeddable":true,"href":"https:\/\/meripelastus.fi\/kokkola\/wp-json\/wp\/v2\/users\/1"}],"replies":[{"embeddable":true,"href":"https:\/\/meripelastus.fi\/kokkola\/wp-json\/wp\/v2\/comments?post=111"}],"version-history":[{"count":2,"href":"https:\/\/meripelastus.fi\/kokkola\/wp-json\/wp\/v2\/pages\/111\/revisions"}],"predecessor-version":[{"id":362,"href":"https:\/\/meripelastus.fi\/kokkola\/wp-json\/wp\/v2\/pages\/111\/revisions\/362"}],"up":[{"embeddable":true,"href":"https:\/\/meripelastus.fi\/kokkola\/wp-json\/wp\/v2\/pages\/105"}],"wp:attachment":[{"href":"https:\/\/meripelastus.fi\/kokkola\/wp-json\/wp\/v2\/media?parent=111"}],"curies":[{"name":"wp","href":"https:\/\/api.w.org\/{rel}","templated":true}]}}