{"id":8,"date":"2018-03-19T09:16:29","date_gmt":"2018-03-19T07:16:29","guid":{"rendered":"http:\/\/basetemplate.smpsyhdistykset.16.testivedos.com\/?page_id=8"},"modified":"2026-03-16T19:57:08","modified_gmt":"2026-03-16T17:57:08","slug":"tietoa-meista","status":"publish","type":"page","link":"https:\/\/meripelastus.fi\/kiviniemi\/kmpy\/tietoa-meista\/","title":{"rendered":"Tietoa meist\u00e4"},"content":{"rendered":"\n<p>Kiviniemen Meripelastusyhdistys on vuonna 1980 perustettu yli 125-vuotiaan <a href=\"https:\/\/meripelastus.fi\/\">Suomen Meripelastusseuran<\/a> paikallisyhdistys. Vapaaehtoisvoimin toimivien meripelastusyksik\u00f6iden verkko on koko maan laajuinen ja ne auttavat Suomen vesialueilla vuosittain yli kolmeatuhatta ihmist\u00e4, joista n. 20 pelastetaan todenn\u00e4k\u00f6iselt\u00e4 menehtymiselt\u00e4. Valtaosa avuntarvitsijoista ovat huviveneilij\u00f6it\u00e4, joita yll\u00e4tt\u00e4\u00e4 esimerkiksi tekninen vika tai polttoaineen loppuminen.<\/p>\n\n\n\n<p>Yhdistyksemme tukikohta sijaitsee idyllisess\u00e4 Kiviniemen satamassa, jossa on talkooty\u00f6n\u00e4 valmistunut koulutusrakennuksemme. Rakennuksessa on koulutustilat 10-16 henkil\u00f6lle kattavilla AV varusteilla, sek\u00e4 n\u00e4ytt\u00e4v\u00e4 saunaosasto. Rakennuksessa pystyy y\u00f6pym\u00e4\u00e4n 16 henkil\u00f6\u00e4. Lis\u00e4ksi rakennuksessa on huoltotilat yhdistyksemme koneille ja laitteille.<\/p>\n\n\n\n<p>Toimintamme on t\u00e4ysin vapaaehtoisty\u00f6n varassa, mutta sen yll\u00e4pito vaatii jatkuvaa rahoitusta. Toimintamme rahoitetaan p\u00e4\u00e4asiassa j\u00e4senmaksutuloilla, lahjoituksilla ja varainkeruutuotoilla sek\u00e4 suoritetuista teht\u00e4vist\u00e4 maksettavilla korvauksilla. Olemme voittoa tavoittelematon j\u00e4rjest\u00f6, eik\u00e4 kukaan saa yhdistyksen toiminnassa mukana olemisesta taloudellista korvausta.<\/p>\n\n\n\t\n   <div class=\"compass-wrapper\"><img loading=\"lazy\" decoding=\"async\" src=\"https:\/\/meripelastus.fi\/kiviniemi\/wp-content\/themes\/jarjestot\/img\/smps-kompassi-sininen.png\" width=\"1083\" height=\"110\" class=\"kompassi-block\" aria-hidden=\"true\"\/><\/div>\n\n\n<div class=\"wp-block-cover\"><img decoding=\"async\" class=\"wp-block-cover__image-background wp-image-2007\" alt=\"\" src=\"https:\/\/meripelastus.fi\/helsinki\/wp-content\/uploads\/sites\/21\/2024\/01\/smps-merikortti-tumma-yksityiskohdat.jpg\" data-object-fit=\"cover\" \/><span aria-hidden=\"true\" class=\"wp-block-cover__background has-background-dim-0 has-background-dim\"><\/span><div class=\"wp-block-cover__inner-container is-layout-constrained wp-block-cover-is-layout-constrained\">\n<div style=\"height:6rem\" aria-hidden=\"true\" class=\"wp-block-spacer\"><\/div>\n\n\n\n<h2 class=\"wp-block-heading has-text-align-center has-white-color has-text-color has-link-color has-x-large-font-size wp-elements-6906f06b8c2068d0946bdfed5955fc3b\" id=\"h-ojenna-auttava-katesi\">OJENNA AUTTAVA K\u00c4TESI.<\/h2>\n\n\n\n<p class=\"has-text-align-center has-white-color has-text-color has-link-color wp-elements-39ff5d48f1304714237b78698552c49e\">Auta meit\u00e4 auttamaan! Vapaaehtoisemme tekev\u00e4t ty\u00f6t\u00e4\u00e4n t\u00e4ysin korvauksetta, mutta toimintamme vaatii jatkuvaa rahoitusta.<\/p>\n\n\n\n<div class=\"wp-block-buttons is-content-justification-center is-layout-flex wp-container-core-buttons-is-layout-16018d1d wp-block-buttons-is-layout-flex\">\n<div class=\"wp-block-button is-style-fill\"><a class=\"wp-block-button__link has-primary-color has-white-background-color has-text-color has-background has-link-color has-text-align-center wp-element-button\" href=\"https:\/\/meripelastus.fi\/kiviniemi\/tue\/\">TUE toimintaa<\/a><\/div>\n\n\n\n<div class=\"wp-block-button is-style-outline is-style-outline--1\"><a class=\"wp-block-button__link has-text-align-center wp-element-button\" href=\"https:\/\/meripelastus.fi\/kiviniemi\/tue\/liity\/\">Liity j\u00e4seneksi<\/a><\/div>\n<\/div>\n\n\n\n<div style=\"height:6rem\" aria-hidden=\"true\" class=\"wp-block-spacer\"><\/div>\n<\/div><\/div>\n\n\n\n<h2 class=\"wp-block-heading\" id=\"h-aina-valmiina-auttamaan\">Aina valmiina auttamaan!<\/h2>\n\n\n\n<p>Yhdistyksemme p\u00e4\u00e4teht\u00e4v\u00e4 on suorittaa pelastus- ja avustusteht\u00e4vi\u00e4 Oulun, Iin ja Hailuodon v\u00e4lisill\u00e4 merialueilla yhteisty\u00f6ss\u00e4 alueen viranomaisten kanssa. Vakavia h\u00e4t\u00e4tilanteita sattuu alueellamme onneksi harvoin, mutta kiireett\u00f6m\u00e4mpi\u00e4 havereita usein. Vastaanotamme teht\u00e4vi\u00e4 Rajavartiolaitoksen<a href=\"https:\/\/raja.fi\/meripelastus\" target=\"_blank\" rel=\"noreferrer noopener\"> Turun meripelastuskeskukselta<\/a>, <a href=\"https:\/\/112.fi\/\" target=\"_blank\" rel=\"noreferrer noopener\">H\u00e4t\u00e4keskukselta<\/a>, Meripelastusseuran <a href=\"https:\/\/meripelastus.fi\/jaseneksi\/\" target=\"_blank\" rel=\"noreferrer noopener\">j\u00e4senpalvelun<\/a> palvelunumerosta sek\u00e4 suoraan asiakkaalta omaan p\u00e4ivystysnumeroomme tai sattuessamme paikalle partioajolla.<\/p>\n\n\n\n<p>Teht\u00e4viimme kuuluvat muun muassa karilleajon tai konevian vuoksi toimintakyvytt\u00f6mien veneiden hinaukset. Lis\u00e4ksi autamme viranomaisia etsinn\u00f6iss\u00e4 ja suoritamme merialueella muun muassa sairaankuljetusteht\u00e4vi\u00e4. Aluksillamme on my\u00f6s siirrett\u00e4v\u00e4\u00e4 sammutuskalustoa, jota k\u00e4yt\u00e4mme yhteisty\u00f6ss\u00e4 <a href=\"https:\/\/pelastustoimi.fi\/pohjois-pohjanmaa\" target=\"_blank\" rel=\"noreferrer noopener\">Pohjois-Pohjanmaan pelastuslaitoksen<\/a> kanssa.<\/p>\n\n\n\n<p>Toimintaamme ohjaavat arvot ovat avoimuus, arvostus ja ammattimaisuus. N\u00e4iden periaatteiden mukaisesti pyrimme avoimuuteen kaikessa toiminnassamme, arvostamme ja kunnioitamme kaikkia vapaaehtoisia, yhteisty\u00f6kumppaneita ja avunsaajia sek\u00e4 hoidamme teht\u00e4v\u00e4mme ammattimaisesti ja vastuullisesti, vaikka toimimmekin vapaaehtoisvoimin.<\/p>\n\n\n\n<div class=\"wp-block-buttons is-layout-flex wp-block-buttons-is-layout-flex\">\n<div class=\"wp-block-button\"><a class=\"wp-block-button__link wp-element-button\" href=\"https:\/\/meripelastus.fi\/kiviniemi\/toiminta\/tulemukaan\/\">Mukaan miehist\u00f6\u00f6n<\/a><\/div>\n\n\n\n<div class=\"wp-block-button is-style-outline is-style-outline--2\"><a class=\"wp-block-button__link wp-element-button\" href=\"https:\/\/meripelastus.fi\/kiviniemi\/toiminta\/alukset\/\">Tutustu kalustoon<\/a><\/div>\n<\/div>\n\n\n\t\n   <div class=\"compass-wrapper\"><img loading=\"lazy\" decoding=\"async\" src=\"https:\/\/meripelastus.fi\/kiviniemi\/wp-content\/themes\/jarjestot\/img\/smps-kompassi-sininen.png\" width=\"1083\" height=\"110\" class=\"kompassi-block\" aria-hidden=\"true\"\/><\/div>\n\n\n<figure class=\"wp-block-embed is-type-video is-provider-youtube wp-block-embed-youtube wp-embed-aspect-16-9 wp-has-aspect-ratio\"><div class=\"wp-block-embed__wrapper\">\n<iframe loading=\"lazy\" title=\"Me olemme Meripelastusseura\" width=\"500\" height=\"281\" src=\"https:\/\/www.youtube.com\/embed\/Ro6COmKFKYI?feature=oembed\" frameborder=\"0\" allow=\"accelerometer; autoplay; clipboard-write; encrypted-media; gyroscope; picture-in-picture; web-share\" referrerpolicy=\"strict-origin-when-cross-origin\" allowfullscreen><\/iframe>\n<\/div><figcaption class=\"wp-element-caption\">Suomen Meripelastusseuran br\u00e4ndivideo, johon on tiivistetty toimintamme p\u00e4\u00e4asiat; tehokkaat ja tarkoituksenmukaiset pelastusveneet sek\u00e4 valtakunnallinen auditoitu koulutusj\u00e4rjestelm\u00e4. Unohtamatta kaiken perustaa, vapaaehtoisia meripelastajia<\/figcaption><\/figure>\n","protected":false},"excerpt":{"rendered":"<p>Kiviniemen Meripelastusyhdistys on vuonna 1980 perustettu yli 125-vuotiaan Suomen Meripelastusseuran paikallisyhdistys. Vapaaehtoisvoimin toimivien meripelastusyksik\u00f6iden verkko on koko maan laajuinen ja ne auttavat Suomen vesialueilla vuosittain yli kolmeatuhatta ihmist\u00e4, joista n. 20 pelastetaan todenn\u00e4k\u00f6iselt\u00e4 menehtymiselt\u00e4. Valtaosa avuntarvitsijoista ovat huviveneilij\u00f6it\u00e4, joita yll\u00e4tt\u00e4\u00e4 esimerkiksi tekninen vika tai polttoaineen loppuminen. Yhdistyksemme tukikohta sijaitsee idyllisess\u00e4 Kiviniemen satamassa, jossa on talkooty\u00f6n\u00e4 [&hellip;]<\/p>\n","protected":false},"author":1,"featured_media":1286,"parent":6,"menu_order":0,"comment_status":"closed","ping_status":"closed","template":"","meta":{"_acf_changed":false,"inline_featured_image":false,"footnotes":""},"class_list":["post-8","page","type-page","status-publish","has-post-thumbnail","hentry"],"acf":[],"yoast_head":"<!-- This site is optimized with the Yoast SEO Premium plugin v27.2 (Yoast SEO v27.2) - https:\/\/yoast.com\/product\/yoast-seo-premium-wordpress\/ -->\n<title>Tietoa meist\u00e4 - Kiviniemen Meripelastusyhdistys<\/title>\n<meta name=\"robots\" content=\"index, follow, max-snippet:-1, max-image-preview:large, max-video-preview:-1\" \/>\n<link rel=\"canonical\" href=\"https:\/\/meripelastus.fi\/kiviniemi\/kmpy\/tietoa-meista\/\" \/>\n<meta property=\"og:locale\" content=\"fi_FI\" \/>\n<meta property=\"og:type\" content=\"article\" \/>\n<meta property=\"og:title\" content=\"Tietoa meist\u00e4\" \/>\n<meta property=\"og:description\" content=\"Kiviniemen Meripelastusyhdistys on vuonna 1980 perustettu yli 125-vuotiaan Suomen Meripelastusseuran paikallisyhdistys. Vapaaehtoisvoimin toimivien meripelastusyksik\u00f6iden verkko on koko maan laajuinen ja ne auttavat Suomen vesialueilla vuosittain yli kolmeatuhatta ihmist\u00e4, joista n. 20 pelastetaan todenn\u00e4k\u00f6iselt\u00e4 menehtymiselt\u00e4. Valtaosa avuntarvitsijoista ovat huviveneilij\u00f6it\u00e4, joita yll\u00e4tt\u00e4\u00e4 esimerkiksi tekninen vika tai polttoaineen loppuminen. Yhdistyksemme tukikohta sijaitsee idyllisess\u00e4 Kiviniemen satamassa, jossa on talkooty\u00f6n\u00e4 [&hellip;]\" \/>\n<meta property=\"og:url\" content=\"https:\/\/meripelastus.fi\/kiviniemi\/kmpy\/tietoa-meista\/\" \/>\n<meta property=\"og:site_name\" content=\"Kiviniemen Meripelastusyhdistys\" \/>\n<meta property=\"article:modified_time\" content=\"2026-03-16T17:57:08+00:00\" \/>\n<meta property=\"og:image\" content=\"https:\/\/meripelastus.fi\/kiviniemi\/wp-content\/uploads\/sites\/13\/2025\/06\/IMG_6191-scaled-e1750852753483.jpg\" \/>\n\t<meta property=\"og:image:width\" content=\"2560\" \/>\n\t<meta property=\"og:image:height\" content=\"1365\" \/>\n\t<meta property=\"og:image:type\" content=\"image\/jpeg\" \/>\n<meta name=\"twitter:card\" content=\"summary_large_image\" \/>\n<meta name=\"twitter:label1\" content=\"Arvioitu lukuaika\" \/>\n\t<meta name=\"twitter:data1\" content=\"3 minuuttia\" \/>\n<script type=\"application\/ld+json\" class=\"yoast-schema-graph\">{\"@context\":\"https:\/\/schema.org\",\"@graph\":[{\"@type\":\"WebPage\",\"@id\":\"https:\/\/meripelastus.fi\/kiviniemi\/kmpy\/tietoa-meista\/\",\"url\":\"https:\/\/meripelastus.fi\/kiviniemi\/kmpy\/tietoa-meista\/\",\"name\":\"Tietoa meist\u00e4 - Kiviniemen Meripelastusyhdistys\",\"isPartOf\":{\"@id\":\"https:\/\/meripelastus.fi\/kiviniemi\/#website\"},\"primaryImageOfPage\":{\"@id\":\"https:\/\/meripelastus.fi\/kiviniemi\/kmpy\/tietoa-meista\/#primaryimage\"},\"image\":{\"@id\":\"https:\/\/meripelastus.fi\/kiviniemi\/kmpy\/tietoa-meista\/#primaryimage\"},\"thumbnailUrl\":\"https:\/\/meripelastus.fi\/kiviniemi\/wp-content\/uploads\/sites\/13\/2025\/06\/IMG_6191-scaled-e1750852753483.jpg\",\"datePublished\":\"2018-03-19T07:16:29+00:00\",\"dateModified\":\"2026-03-16T17:57:08+00:00\",\"breadcrumb\":{\"@id\":\"https:\/\/meripelastus.fi\/kiviniemi\/kmpy\/tietoa-meista\/#breadcrumb\"},\"inLanguage\":\"fi\",\"potentialAction\":[{\"@type\":\"ReadAction\",\"target\":[\"https:\/\/meripelastus.fi\/kiviniemi\/kmpy\/tietoa-meista\/\"]}]},{\"@type\":\"ImageObject\",\"inLanguage\":\"fi\",\"@id\":\"https:\/\/meripelastus.fi\/kiviniemi\/kmpy\/tietoa-meista\/#primaryimage\",\"url\":\"https:\/\/meripelastus.fi\/kiviniemi\/wp-content\/uploads\/sites\/13\/2025\/06\/IMG_6191-scaled-e1750852753483.jpg\",\"contentUrl\":\"https:\/\/meripelastus.fi\/kiviniemi\/wp-content\/uploads\/sites\/13\/2025\/06\/IMG_6191-scaled-e1750852753483.jpg\",\"width\":2560,\"height\":1365},{\"@type\":\"BreadcrumbList\",\"@id\":\"https:\/\/meripelastus.fi\/kiviniemi\/kmpy\/tietoa-meista\/#breadcrumb\",\"itemListElement\":[{\"@type\":\"ListItem\",\"position\":1,\"name\":\"Etusivu\",\"item\":\"https:\/\/meripelastus.fi\/kiviniemi\/\"},{\"@type\":\"ListItem\",\"position\":2,\"name\":\"Kiviniemen Meripelastusyhdistys\",\"item\":\"https:\/\/meripelastus.fi\/kiviniemi\/kmpy\/\"},{\"@type\":\"ListItem\",\"position\":3,\"name\":\"Tietoa meist\u00e4\"}]},{\"@type\":\"WebSite\",\"@id\":\"https:\/\/meripelastus.fi\/kiviniemi\/#website\",\"url\":\"https:\/\/meripelastus.fi\/kiviniemi\/\",\"name\":\"Kiviniemen Meripelastusyhdistys\",\"description\":\"Vapaaehtoiset apunasi vesill\u00e4\",\"potentialAction\":[{\"@type\":\"SearchAction\",\"target\":{\"@type\":\"EntryPoint\",\"urlTemplate\":\"https:\/\/meripelastus.fi\/kiviniemi\/?s={search_term_string}\"},\"query-input\":{\"@type\":\"PropertyValueSpecification\",\"valueRequired\":true,\"valueName\":\"search_term_string\"}}],\"inLanguage\":\"fi\"}]}<\/script>\n<!-- \/ Yoast SEO Premium plugin. -->","yoast_head_json":{"title":"Tietoa meist\u00e4 - Kiviniemen Meripelastusyhdistys","robots":{"index":"index","follow":"follow","max-snippet":"max-snippet:-1","max-image-preview":"max-image-preview:large","max-video-preview":"max-video-preview:-1"},"canonical":"https:\/\/meripelastus.fi\/kiviniemi\/kmpy\/tietoa-meista\/","og_locale":"fi_FI","og_type":"article","og_title":"Tietoa meist\u00e4","og_description":"Kiviniemen Meripelastusyhdistys on vuonna 1980 perustettu yli 125-vuotiaan Suomen Meripelastusseuran paikallisyhdistys. Vapaaehtoisvoimin toimivien meripelastusyksik\u00f6iden verkko on koko maan laajuinen ja ne auttavat Suomen vesialueilla vuosittain yli kolmeatuhatta ihmist\u00e4, joista n. 20 pelastetaan todenn\u00e4k\u00f6iselt\u00e4 menehtymiselt\u00e4. Valtaosa avuntarvitsijoista ovat huviveneilij\u00f6it\u00e4, joita yll\u00e4tt\u00e4\u00e4 esimerkiksi tekninen vika tai polttoaineen loppuminen. Yhdistyksemme tukikohta sijaitsee idyllisess\u00e4 Kiviniemen satamassa, jossa on talkooty\u00f6n\u00e4 [&hellip;]","og_url":"https:\/\/meripelastus.fi\/kiviniemi\/kmpy\/tietoa-meista\/","og_site_name":"Kiviniemen Meripelastusyhdistys","article_modified_time":"2026-03-16T17:57:08+00:00","og_image":[{"width":2560,"height":1365,"url":"https:\/\/meripelastus.fi\/kiviniemi\/wp-content\/uploads\/sites\/13\/2025\/06\/IMG_6191-scaled-e1750852753483.jpg","type":"image\/jpeg"}],"twitter_card":"summary_large_image","twitter_misc":{"Arvioitu lukuaika":"3 minuuttia"},"schema":{"@context":"https:\/\/schema.org","@graph":[{"@type":"WebPage","@id":"https:\/\/meripelastus.fi\/kiviniemi\/kmpy\/tietoa-meista\/","url":"https:\/\/meripelastus.fi\/kiviniemi\/kmpy\/tietoa-meista\/","name":"Tietoa meist\u00e4 - Kiviniemen Meripelastusyhdistys","isPartOf":{"@id":"https:\/\/meripelastus.fi\/kiviniemi\/#website"},"primaryImageOfPage":{"@id":"https:\/\/meripelastus.fi\/kiviniemi\/kmpy\/tietoa-meista\/#primaryimage"},"image":{"@id":"https:\/\/meripelastus.fi\/kiviniemi\/kmpy\/tietoa-meista\/#primaryimage"},"thumbnailUrl":"https:\/\/meripelastus.fi\/kiviniemi\/wp-content\/uploads\/sites\/13\/2025\/06\/IMG_6191-scaled-e1750852753483.jpg","datePublished":"2018-03-19T07:16:29+00:00","dateModified":"2026-03-16T17:57:08+00:00","breadcrumb":{"@id":"https:\/\/meripelastus.fi\/kiviniemi\/kmpy\/tietoa-meista\/#breadcrumb"},"inLanguage":"fi","potentialAction":[{"@type":"ReadAction","target":["https:\/\/meripelastus.fi\/kiviniemi\/kmpy\/tietoa-meista\/"]}]},{"@type":"ImageObject","inLanguage":"fi","@id":"https:\/\/meripelastus.fi\/kiviniemi\/kmpy\/tietoa-meista\/#primaryimage","url":"https:\/\/meripelastus.fi\/kiviniemi\/wp-content\/uploads\/sites\/13\/2025\/06\/IMG_6191-scaled-e1750852753483.jpg","contentUrl":"https:\/\/meripelastus.fi\/kiviniemi\/wp-content\/uploads\/sites\/13\/2025\/06\/IMG_6191-scaled-e1750852753483.jpg","width":2560,"height":1365},{"@type":"BreadcrumbList","@id":"https:\/\/meripelastus.fi\/kiviniemi\/kmpy\/tietoa-meista\/#breadcrumb","itemListElement":[{"@type":"ListItem","position":1,"name":"Etusivu","item":"https:\/\/meripelastus.fi\/kiviniemi\/"},{"@type":"ListItem","position":2,"name":"Kiviniemen Meripelastusyhdistys","item":"https:\/\/meripelastus.fi\/kiviniemi\/kmpy\/"},{"@type":"ListItem","position":3,"name":"Tietoa meist\u00e4"}]},{"@type":"WebSite","@id":"https:\/\/meripelastus.fi\/kiviniemi\/#website","url":"https:\/\/meripelastus.fi\/kiviniemi\/","name":"Kiviniemen Meripelastusyhdistys","description":"Vapaaehtoiset apunasi vesill\u00e4","potentialAction":[{"@type":"SearchAction","target":{"@type":"EntryPoint","urlTemplate":"https:\/\/meripelastus.fi\/kiviniemi\/?s={search_term_string}"},"query-input":{"@type":"PropertyValueSpecification","valueRequired":true,"valueName":"search_term_string"}}],"inLanguage":"fi"}]}},"_links":{"self":[{"href":"https:\/\/meripelastus.fi\/kiviniemi\/wp-json\/wp\/v2\/pages\/8","targetHints":{"allow":["GET"]}}],"collection":[{"href":"https:\/\/meripelastus.fi\/kiviniemi\/wp-json\/wp\/v2\/pages"}],"about":[{"href":"https:\/\/meripelastus.fi\/kiviniemi\/wp-json\/wp\/v2\/types\/page"}],"author":[{"embeddable":true,"href":"https:\/\/meripelastus.fi\/kiviniemi\/wp-json\/wp\/v2\/users\/1"}],"replies":[{"embeddable":true,"href":"https:\/\/meripelastus.fi\/kiviniemi\/wp-json\/wp\/v2\/comments?post=8"}],"version-history":[{"count":38,"href":"https:\/\/meripelastus.fi\/kiviniemi\/wp-json\/wp\/v2\/pages\/8\/revisions"}],"predecessor-version":[{"id":1461,"href":"https:\/\/meripelastus.fi\/kiviniemi\/wp-json\/wp\/v2\/pages\/8\/revisions\/1461"}],"up":[{"embeddable":true,"href":"https:\/\/meripelastus.fi\/kiviniemi\/wp-json\/wp\/v2\/pages\/6"}],"wp:featuredmedia":[{"embeddable":true,"href":"https:\/\/meripelastus.fi\/kiviniemi\/wp-json\/wp\/v2\/media\/1286"}],"wp:attachment":[{"href":"https:\/\/meripelastus.fi\/kiviniemi\/wp-json\/wp\/v2\/media?parent=8"}],"curies":[{"name":"wp","href":"https:\/\/api.w.org\/{rel}","templated":true}]}}