{"id":569,"date":"2024-01-24T17:16:56","date_gmt":"2024-01-24T15:16:56","guid":{"rendered":"https:\/\/meripelastus.fi\/kiviniemi\/?page_id=569"},"modified":"2025-05-21T13:23:54","modified_gmt":"2025-05-21T10:23:54","slug":"pv-venekuume","status":"publish","type":"page","link":"https:\/\/meripelastus.fi\/kiviniemi\/toiminta\/alukset\/pv-venekuume\/","title":{"rendered":"Pv Venekuume"},"content":{"rendered":"\n<p>SMPS PV1-luokan RIB-pelastusvene Pv Venekuume soveltuu hyvin alueemme karikkoisissa ja matalissa paikoissa suoritettaviin teht\u00e4viin sek\u00e4 pienempien aluksien avustamiseen. Koostaan huolimatta alus pystyy toimimaan t\u00e4ysin itsen\u00e4isen\u00e4 meripelastusyksikk\u00f6n\u00e4 ja kykenee haastavampiinkin teht\u00e4viin itsen\u00e4isesti.<\/p>\n\n\n\n<h2 class=\"wp-block-heading\" id=\"h-ominaisuudet\">Ominaisuudet<\/h2>\n\n\n\n<p>Nopeus: 35 kn (65 km\/h)<br>Koneteho: 85 kW (115 hp)<br>Toimintas\u00e4de: 70 nm (130 km)<br>Propulsio: per\u00e4moottori<\/p>\n\n\n\n<p>Pituus: 6 m<br>Leveys: 2,35 m<br>Paino: 1 tn<\/p>\n\n\n\n<p>Valmistaja: Boomeranger Boats Oy<br>Rakennettu: 2005<br>Peruskorjattu: 2024<\/p>\n\n\n\n<p>Miehist\u00f6: min. 1+1 hl\u00f6<\/p>\n\n\n\n<h2 class=\"wp-block-heading\" id=\"h-yhteystiedot\">Yhteystiedot<\/h2>\n\n\n\n<p>Radiotunnus: OJ3552<br>MMSI: 230071570<\/p>\n\n\n\n<div class=\"wp-block-buttons is-layout-flex wp-block-buttons-is-layout-flex\">\n<div class=\"wp-block-button\"><a class=\"wp-block-button__link wp-element-button\" href=\"https:\/\/meripelastus.fi\/kiviniemi\/toiminta\/alukset\/\">Takaisin aluksiin<\/a><\/div>\n<\/div>\n","protected":false},"excerpt":{"rendered":"<p>SMPS PV1-luokan RIB-pelastusvene Pv Venekuume soveltuu hyvin alueemme karikkoisissa ja matalissa paikoissa suoritettaviin teht\u00e4viin sek\u00e4 pienempien aluksien avustamiseen. Koostaan huolimatta alus pystyy toimimaan t\u00e4ysin itsen\u00e4isen\u00e4 meripelastusyksikk\u00f6n\u00e4 ja kykenee haastavampiinkin teht\u00e4viin itsen\u00e4isesti. Ominaisuudet Nopeus: 35 kn (65 km\/h)Koneteho: 85 kW (115 hp)Toimintas\u00e4de: 70 nm (130 km)Propulsio: per\u00e4moottori Pituus: 6 mLeveys: 2,35 mPaino: 1 tn Valmistaja: Boomeranger [&hellip;]<\/p>\n","protected":false},"author":103,"featured_media":1269,"parent":26,"menu_order":0,"comment_status":"closed","ping_status":"closed","template":"","meta":{"_acf_changed":false,"inline_featured_image":false,"footnotes":""},"class_list":["post-569","page","type-page","status-publish","has-post-thumbnail","hentry"],"acf":[],"yoast_head":"<!-- This site is optimized with the Yoast SEO Premium plugin v27.2 (Yoast SEO v27.2) - https:\/\/yoast.com\/product\/yoast-seo-premium-wordpress\/ -->\n<title>Pv Venekuume - Kiviniemen Meripelastusyhdistys<\/title>\n<meta name=\"robots\" content=\"index, follow, max-snippet:-1, max-image-preview:large, max-video-preview:-1\" \/>\n<link rel=\"canonical\" href=\"https:\/\/meripelastus.fi\/kiviniemi\/toiminta\/alukset\/pv-venekuume\/\" \/>\n<meta property=\"og:locale\" content=\"fi_FI\" \/>\n<meta property=\"og:type\" content=\"article\" \/>\n<meta property=\"og:title\" content=\"Pv Venekuume\" \/>\n<meta property=\"og:description\" content=\"SMPS PV1-luokan RIB-pelastusvene Pv Venekuume soveltuu hyvin alueemme karikkoisissa ja matalissa paikoissa suoritettaviin teht\u00e4viin sek\u00e4 pienempien aluksien avustamiseen. Koostaan huolimatta alus pystyy toimimaan t\u00e4ysin itsen\u00e4isen\u00e4 meripelastusyksikk\u00f6n\u00e4 ja kykenee haastavampiinkin teht\u00e4viin itsen\u00e4isesti. Ominaisuudet Nopeus: 35 kn (65 km\/h)Koneteho: 85 kW (115 hp)Toimintas\u00e4de: 70 nm (130 km)Propulsio: per\u00e4moottori Pituus: 6 mLeveys: 2,35 mPaino: 1 tn Valmistaja: Boomeranger [&hellip;]\" \/>\n<meta property=\"og:url\" content=\"https:\/\/meripelastus.fi\/kiviniemi\/toiminta\/alukset\/pv-venekuume\/\" \/>\n<meta property=\"og:site_name\" content=\"Kiviniemen Meripelastusyhdistys\" \/>\n<meta property=\"article:modified_time\" content=\"2025-05-21T10:23:54+00:00\" \/>\n<meta property=\"og:image\" content=\"https:\/\/meripelastus.fi\/kiviniemi\/wp-content\/uploads\/sites\/13\/2025\/05\/IMG_3105-scaled.jpg\" \/>\n\t<meta property=\"og:image:width\" content=\"2560\" \/>\n\t<meta property=\"og:image:height\" content=\"1707\" \/>\n\t<meta property=\"og:image:type\" content=\"image\/jpeg\" \/>\n<meta name=\"twitter:card\" content=\"summary_large_image\" \/>\n<meta name=\"twitter:label1\" content=\"Arvioitu lukuaika\" \/>\n\t<meta name=\"twitter:data1\" content=\"1 minuutti\" \/>\n<script type=\"application\/ld+json\" class=\"yoast-schema-graph\">{\"@context\":\"https:\/\/schema.org\",\"@graph\":[{\"@type\":\"WebPage\",\"@id\":\"https:\/\/meripelastus.fi\/kiviniemi\/toiminta\/alukset\/pv-venekuume\/\",\"url\":\"https:\/\/meripelastus.fi\/kiviniemi\/toiminta\/alukset\/pv-venekuume\/\",\"name\":\"Pv Venekuume - Kiviniemen Meripelastusyhdistys\",\"isPartOf\":{\"@id\":\"https:\/\/meripelastus.fi\/kiviniemi\/#website\"},\"primaryImageOfPage\":{\"@id\":\"https:\/\/meripelastus.fi\/kiviniemi\/toiminta\/alukset\/pv-venekuume\/#primaryimage\"},\"image\":{\"@id\":\"https:\/\/meripelastus.fi\/kiviniemi\/toiminta\/alukset\/pv-venekuume\/#primaryimage\"},\"thumbnailUrl\":\"https:\/\/meripelastus.fi\/kiviniemi\/wp-content\/uploads\/sites\/13\/2025\/05\/IMG_3105-scaled.jpg\",\"datePublished\":\"2024-01-24T15:16:56+00:00\",\"dateModified\":\"2025-05-21T10:23:54+00:00\",\"breadcrumb\":{\"@id\":\"https:\/\/meripelastus.fi\/kiviniemi\/toiminta\/alukset\/pv-venekuume\/#breadcrumb\"},\"inLanguage\":\"fi\",\"potentialAction\":[{\"@type\":\"ReadAction\",\"target\":[\"https:\/\/meripelastus.fi\/kiviniemi\/toiminta\/alukset\/pv-venekuume\/\"]}]},{\"@type\":\"ImageObject\",\"inLanguage\":\"fi\",\"@id\":\"https:\/\/meripelastus.fi\/kiviniemi\/toiminta\/alukset\/pv-venekuume\/#primaryimage\",\"url\":\"https:\/\/meripelastus.fi\/kiviniemi\/wp-content\/uploads\/sites\/13\/2025\/05\/IMG_3105-scaled.jpg\",\"contentUrl\":\"https:\/\/meripelastus.fi\/kiviniemi\/wp-content\/uploads\/sites\/13\/2025\/05\/IMG_3105-scaled.jpg\",\"width\":2560,\"height\":1707},{\"@type\":\"BreadcrumbList\",\"@id\":\"https:\/\/meripelastus.fi\/kiviniemi\/toiminta\/alukset\/pv-venekuume\/#breadcrumb\",\"itemListElement\":[{\"@type\":\"ListItem\",\"position\":1,\"name\":\"Etusivu\",\"item\":\"https:\/\/meripelastus.fi\/kiviniemi\/\"},{\"@type\":\"ListItem\",\"position\":2,\"name\":\"Toiminta\",\"item\":\"https:\/\/meripelastus.fi\/kiviniemi\/toiminta\/\"},{\"@type\":\"ListItem\",\"position\":3,\"name\":\"Alukset\",\"item\":\"https:\/\/meripelastus.fi\/kiviniemi\/toiminta\/alukset\/\"},{\"@type\":\"ListItem\",\"position\":4,\"name\":\"Pv Venekuume\"}]},{\"@type\":\"WebSite\",\"@id\":\"https:\/\/meripelastus.fi\/kiviniemi\/#website\",\"url\":\"https:\/\/meripelastus.fi\/kiviniemi\/\",\"name\":\"Kiviniemen Meripelastusyhdistys\",\"description\":\"Vapaaehtoiset apunasi vesill\u00e4\",\"potentialAction\":[{\"@type\":\"SearchAction\",\"target\":{\"@type\":\"EntryPoint\",\"urlTemplate\":\"https:\/\/meripelastus.fi\/kiviniemi\/?s={search_term_string}\"},\"query-input\":{\"@type\":\"PropertyValueSpecification\",\"valueRequired\":true,\"valueName\":\"search_term_string\"}}],\"inLanguage\":\"fi\"}]}<\/script>\n<!-- \/ Yoast SEO Premium plugin. -->","yoast_head_json":{"title":"Pv Venekuume - Kiviniemen Meripelastusyhdistys","robots":{"index":"index","follow":"follow","max-snippet":"max-snippet:-1","max-image-preview":"max-image-preview:large","max-video-preview":"max-video-preview:-1"},"canonical":"https:\/\/meripelastus.fi\/kiviniemi\/toiminta\/alukset\/pv-venekuume\/","og_locale":"fi_FI","og_type":"article","og_title":"Pv Venekuume","og_description":"SMPS PV1-luokan RIB-pelastusvene Pv Venekuume soveltuu hyvin alueemme karikkoisissa ja matalissa paikoissa suoritettaviin teht\u00e4viin sek\u00e4 pienempien aluksien avustamiseen. Koostaan huolimatta alus pystyy toimimaan t\u00e4ysin itsen\u00e4isen\u00e4 meripelastusyksikk\u00f6n\u00e4 ja kykenee haastavampiinkin teht\u00e4viin itsen\u00e4isesti. Ominaisuudet Nopeus: 35 kn (65 km\/h)Koneteho: 85 kW (115 hp)Toimintas\u00e4de: 70 nm (130 km)Propulsio: per\u00e4moottori Pituus: 6 mLeveys: 2,35 mPaino: 1 tn Valmistaja: Boomeranger [&hellip;]","og_url":"https:\/\/meripelastus.fi\/kiviniemi\/toiminta\/alukset\/pv-venekuume\/","og_site_name":"Kiviniemen Meripelastusyhdistys","article_modified_time":"2025-05-21T10:23:54+00:00","og_image":[{"width":2560,"height":1707,"url":"https:\/\/meripelastus.fi\/kiviniemi\/wp-content\/uploads\/sites\/13\/2025\/05\/IMG_3105-scaled.jpg","type":"image\/jpeg"}],"twitter_card":"summary_large_image","twitter_misc":{"Arvioitu lukuaika":"1 minuutti"},"schema":{"@context":"https:\/\/schema.org","@graph":[{"@type":"WebPage","@id":"https:\/\/meripelastus.fi\/kiviniemi\/toiminta\/alukset\/pv-venekuume\/","url":"https:\/\/meripelastus.fi\/kiviniemi\/toiminta\/alukset\/pv-venekuume\/","name":"Pv Venekuume - Kiviniemen Meripelastusyhdistys","isPartOf":{"@id":"https:\/\/meripelastus.fi\/kiviniemi\/#website"},"primaryImageOfPage":{"@id":"https:\/\/meripelastus.fi\/kiviniemi\/toiminta\/alukset\/pv-venekuume\/#primaryimage"},"image":{"@id":"https:\/\/meripelastus.fi\/kiviniemi\/toiminta\/alukset\/pv-venekuume\/#primaryimage"},"thumbnailUrl":"https:\/\/meripelastus.fi\/kiviniemi\/wp-content\/uploads\/sites\/13\/2025\/05\/IMG_3105-scaled.jpg","datePublished":"2024-01-24T15:16:56+00:00","dateModified":"2025-05-21T10:23:54+00:00","breadcrumb":{"@id":"https:\/\/meripelastus.fi\/kiviniemi\/toiminta\/alukset\/pv-venekuume\/#breadcrumb"},"inLanguage":"fi","potentialAction":[{"@type":"ReadAction","target":["https:\/\/meripelastus.fi\/kiviniemi\/toiminta\/alukset\/pv-venekuume\/"]}]},{"@type":"ImageObject","inLanguage":"fi","@id":"https:\/\/meripelastus.fi\/kiviniemi\/toiminta\/alukset\/pv-venekuume\/#primaryimage","url":"https:\/\/meripelastus.fi\/kiviniemi\/wp-content\/uploads\/sites\/13\/2025\/05\/IMG_3105-scaled.jpg","contentUrl":"https:\/\/meripelastus.fi\/kiviniemi\/wp-content\/uploads\/sites\/13\/2025\/05\/IMG_3105-scaled.jpg","width":2560,"height":1707},{"@type":"BreadcrumbList","@id":"https:\/\/meripelastus.fi\/kiviniemi\/toiminta\/alukset\/pv-venekuume\/#breadcrumb","itemListElement":[{"@type":"ListItem","position":1,"name":"Etusivu","item":"https:\/\/meripelastus.fi\/kiviniemi\/"},{"@type":"ListItem","position":2,"name":"Toiminta","item":"https:\/\/meripelastus.fi\/kiviniemi\/toiminta\/"},{"@type":"ListItem","position":3,"name":"Alukset","item":"https:\/\/meripelastus.fi\/kiviniemi\/toiminta\/alukset\/"},{"@type":"ListItem","position":4,"name":"Pv Venekuume"}]},{"@type":"WebSite","@id":"https:\/\/meripelastus.fi\/kiviniemi\/#website","url":"https:\/\/meripelastus.fi\/kiviniemi\/","name":"Kiviniemen Meripelastusyhdistys","description":"Vapaaehtoiset apunasi vesill\u00e4","potentialAction":[{"@type":"SearchAction","target":{"@type":"EntryPoint","urlTemplate":"https:\/\/meripelastus.fi\/kiviniemi\/?s={search_term_string}"},"query-input":{"@type":"PropertyValueSpecification","valueRequired":true,"valueName":"search_term_string"}}],"inLanguage":"fi"}]}},"_links":{"self":[{"href":"https:\/\/meripelastus.fi\/kiviniemi\/wp-json\/wp\/v2\/pages\/569","targetHints":{"allow":["GET"]}}],"collection":[{"href":"https:\/\/meripelastus.fi\/kiviniemi\/wp-json\/wp\/v2\/pages"}],"about":[{"href":"https:\/\/meripelastus.fi\/kiviniemi\/wp-json\/wp\/v2\/types\/page"}],"author":[{"embeddable":true,"href":"https:\/\/meripelastus.fi\/kiviniemi\/wp-json\/wp\/v2\/users\/103"}],"replies":[{"embeddable":true,"href":"https:\/\/meripelastus.fi\/kiviniemi\/wp-json\/wp\/v2\/comments?post=569"}],"version-history":[{"count":4,"href":"https:\/\/meripelastus.fi\/kiviniemi\/wp-json\/wp\/v2\/pages\/569\/revisions"}],"predecessor-version":[{"id":1256,"href":"https:\/\/meripelastus.fi\/kiviniemi\/wp-json\/wp\/v2\/pages\/569\/revisions\/1256"}],"up":[{"embeddable":true,"href":"https:\/\/meripelastus.fi\/kiviniemi\/wp-json\/wp\/v2\/pages\/26"}],"wp:featuredmedia":[{"embeddable":true,"href":"https:\/\/meripelastus.fi\/kiviniemi\/wp-json\/wp\/v2\/media\/1269"}],"wp:attachment":[{"href":"https:\/\/meripelastus.fi\/kiviniemi\/wp-json\/wp\/v2\/media?parent=569"}],"curies":[{"name":"wp","href":"https:\/\/api.w.org\/{rel}","templated":true}]}}