{"id":300,"date":"2022-10-07T10:11:30","date_gmt":"2022-10-07T07:11:30","guid":{"rendered":"https:\/\/meripelastus.fi\/kiviniemi-vedos\/?page_id=300"},"modified":"2025-05-07T23:32:20","modified_gmt":"2025-05-07T20:32:20","slug":"pv-op-oulu","status":"publish","type":"page","link":"https:\/\/meripelastus.fi\/kiviniemi\/toiminta\/alukset\/pv-op-oulu\/","title":{"rendered":"Pv OP Oulu (2017-2024)"},"content":{"rendered":"\n<p>Juurikin pelastusalukseksi suunniteltu SMPS PV 4 -luokkaan sijoittuva nopeakulkuinen ja monipuolinen pelastusvene Pv OP Oulu saapui Kiviniemeen kev\u00e4\u00e4ll\u00e4 2017 ja suoritti viimeisen pelastusteht\u00e4v\u00e4ns\u00e4 syksyll\u00e4 2024. Aluksella pystyi toimimaan Per\u00e4meren h\u00e4lytyksill\u00e4 miss\u00e4 tahansa s\u00e4\u00e4olosuhteissa ja se soveltui l\u00e4hes kaikkiin meripelastusteht\u00e4viin. Alus oli varusteltu monipuolisella meripelastus-, sairaankuljetus-, ja palotorjuntav\u00e4lineist\u00f6ll\u00e4.<\/p>\n\n\n\n<p>OP Oulu toimi aluksemme p\u00e4\u00e4sponsorina ja mahdollisti yli 700 000 \u20ac arvoisen aluksen saannin alueellemme. Aluksen Kastoi OP Oulun Toimitusjohtaja, Kauppaneuvos Timo Levo yhdess\u00e4 Meripelastusseuran Toimitusjohtaja Jari Piiraisen kanssa.<\/p>\n\n\n\n<figure class=\"wp-block-image\"><img loading=\"lazy\" decoding=\"async\" width=\"1024\" height=\"606\" src=\"https:\/\/meripelastus.fi\/kiviniemi-vedos\/wp-content\/uploads\/sites\/13\/2022\/10\/19477496_1764699540226568_8336151581251634171_o-1024x606.jpg\" alt=\"\" class=\"wp-image-307\" srcset=\"https:\/\/meripelastus.fi\/kiviniemi\/wp-content\/uploads\/sites\/13\/2022\/10\/19477496_1764699540226568_8336151581251634171_o-1024x606.jpg 1024w, https:\/\/meripelastus.fi\/kiviniemi\/wp-content\/uploads\/sites\/13\/2022\/10\/19477496_1764699540226568_8336151581251634171_o-300x177.jpg 300w, https:\/\/meripelastus.fi\/kiviniemi\/wp-content\/uploads\/sites\/13\/2022\/10\/19477496_1764699540226568_8336151581251634171_o-768x454.jpg 768w, https:\/\/meripelastus.fi\/kiviniemi\/wp-content\/uploads\/sites\/13\/2022\/10\/19477496_1764699540226568_8336151581251634171_o-1536x908.jpg 1536w, https:\/\/meripelastus.fi\/kiviniemi\/wp-content\/uploads\/sites\/13\/2022\/10\/19477496_1764699540226568_8336151581251634171_o.jpg 2048w\" sizes=\"auto, (max-width: 1024px) 100vw, 1024px\" \/><\/figure>\n\n\n\n<h2 class=\"wp-block-heading\" id=\"h-ominaisuudet\">Ominaisuudet<\/h2>\n\n\n\n<p>Nopeus: 38 kn (70 km\/h)<br>Koneteho: 846 kW (1135 hp)<br>Toimintas\u00e4de: 95 nm (176 km)<br>Propulsio: vesisuihku<\/p>\n\n\n\n<p>Pituus: 13,5 m<br>Leveys: 4,5 m<br>Korkeus: 5 m<br>Syv\u00e4ys: 0,8 m<br>Paino: 15 tn<\/p>\n\n\n\n<p>Valmistaja: Mobimar Oy<br>Malli: Mobimar 14 Guardian<br>Rakennettu: 2013<br>Peruskorjattu: 2023<\/p>\n\n\n\n<p>Miehist\u00f6: min. 1+2 hl\u00f6, max. 8 hl\u00f6<br>Evakuointikapasiteetti: 17 hl\u00f6 (sis. miehist\u00f6)<br>1 paaripotilas<\/p>\n\n\n\n<h2 class=\"wp-block-heading\" id=\"h-yhteystiedot\">Yhteystiedot<\/h2>\n\n\n\n<p>Radiotunnus: OH3541<br>MMSI: 230059750<br>GSM: 0401612686<br>AIS: Rescue OP Oulu<\/p>\n\n\n\n<div class=\"wp-block-buttons is-layout-flex wp-block-buttons-is-layout-flex\">\n<div class=\"wp-block-button\"><a class=\"wp-block-button__link wp-element-button\" href=\"https:\/\/meripelastus.fi\/kiviniemi\/toiminta\/alukset\/\">Takaisin aluksiin<\/a><\/div>\n<\/div>\n","protected":false},"excerpt":{"rendered":"<p>Juurikin pelastusalukseksi suunniteltu SMPS PV 4 -luokkaan sijoittuva nopeakulkuinen ja monipuolinen pelastusvene Pv OP Oulu saapui Kiviniemeen kev\u00e4\u00e4ll\u00e4 2017 ja suoritti viimeisen pelastusteht\u00e4v\u00e4ns\u00e4 syksyll\u00e4 2024. Aluksella pystyi toimimaan Per\u00e4meren h\u00e4lytyksill\u00e4 miss\u00e4 tahansa s\u00e4\u00e4olosuhteissa ja se soveltui l\u00e4hes kaikkiin meripelastusteht\u00e4viin. Alus oli varusteltu monipuolisella meripelastus-, sairaankuljetus-, ja palotorjuntav\u00e4lineist\u00f6ll\u00e4. OP Oulu toimi aluksemme p\u00e4\u00e4sponsorina ja mahdollisti yli [&hellip;]<\/p>\n","protected":false},"author":103,"featured_media":326,"parent":26,"menu_order":0,"comment_status":"closed","ping_status":"closed","template":"","meta":{"_acf_changed":false,"inline_featured_image":false,"footnotes":""},"class_list":["post-300","page","type-page","status-publish","has-post-thumbnail","hentry"],"acf":[],"yoast_head":"<!-- This site is optimized with the Yoast SEO Premium plugin v27.2 (Yoast SEO v27.2) - https:\/\/yoast.com\/product\/yoast-seo-premium-wordpress\/ -->\n<title>Pv OP Oulu (2017-2024) - Kiviniemen Meripelastusyhdistys<\/title>\n<meta name=\"robots\" content=\"index, follow, max-snippet:-1, max-image-preview:large, max-video-preview:-1\" \/>\n<link rel=\"canonical\" href=\"https:\/\/meripelastus.fi\/kiviniemi\/toiminta\/alukset\/pv-op-oulu\/\" \/>\n<meta property=\"og:locale\" content=\"fi_FI\" \/>\n<meta property=\"og:type\" content=\"article\" \/>\n<meta property=\"og:title\" content=\"Pv OP Oulu (2017-2024)\" \/>\n<meta property=\"og:description\" content=\"Juurikin pelastusalukseksi suunniteltu SMPS PV 4 -luokkaan sijoittuva nopeakulkuinen ja monipuolinen pelastusvene Pv OP Oulu saapui Kiviniemeen kev\u00e4\u00e4ll\u00e4 2017 ja suoritti viimeisen pelastusteht\u00e4v\u00e4ns\u00e4 syksyll\u00e4 2024. Aluksella pystyi toimimaan Per\u00e4meren h\u00e4lytyksill\u00e4 miss\u00e4 tahansa s\u00e4\u00e4olosuhteissa ja se soveltui l\u00e4hes kaikkiin meripelastusteht\u00e4viin. Alus oli varusteltu monipuolisella meripelastus-, sairaankuljetus-, ja palotorjuntav\u00e4lineist\u00f6ll\u00e4. OP Oulu toimi aluksemme p\u00e4\u00e4sponsorina ja mahdollisti yli [&hellip;]\" \/>\n<meta property=\"og:url\" content=\"https:\/\/meripelastus.fi\/kiviniemi\/toiminta\/alukset\/pv-op-oulu\/\" \/>\n<meta property=\"og:site_name\" content=\"Kiviniemen Meripelastusyhdistys\" \/>\n<meta property=\"article:modified_time\" content=\"2025-05-07T20:32:20+00:00\" \/>\n<meta property=\"og:image\" content=\"https:\/\/meripelastus.fi\/kiviniemi\/wp-content\/uploads\/sites\/13\/2022\/10\/IMG_3334-scaledR.jpg\" \/>\n\t<meta property=\"og:image:width\" content=\"1800\" \/>\n\t<meta property=\"og:image:height\" content=\"850\" \/>\n\t<meta property=\"og:image:type\" content=\"image\/jpeg\" \/>\n<meta name=\"twitter:card\" content=\"summary_large_image\" \/>\n<meta name=\"twitter:label1\" content=\"Arvioitu lukuaika\" \/>\n\t<meta name=\"twitter:data1\" content=\"2 minuuttia\" \/>\n<script type=\"application\/ld+json\" class=\"yoast-schema-graph\">{\"@context\":\"https:\/\/schema.org\",\"@graph\":[{\"@type\":\"WebPage\",\"@id\":\"https:\/\/meripelastus.fi\/kiviniemi\/toiminta\/alukset\/pv-op-oulu\/\",\"url\":\"https:\/\/meripelastus.fi\/kiviniemi\/toiminta\/alukset\/pv-op-oulu\/\",\"name\":\"Pv OP Oulu (2017-2024) - Kiviniemen Meripelastusyhdistys\",\"isPartOf\":{\"@id\":\"https:\/\/meripelastus.fi\/kiviniemi\/#website\"},\"primaryImageOfPage\":{\"@id\":\"https:\/\/meripelastus.fi\/kiviniemi\/toiminta\/alukset\/pv-op-oulu\/#primaryimage\"},\"image\":{\"@id\":\"https:\/\/meripelastus.fi\/kiviniemi\/toiminta\/alukset\/pv-op-oulu\/#primaryimage\"},\"thumbnailUrl\":\"https:\/\/meripelastus.fi\/kiviniemi\/wp-content\/uploads\/sites\/13\/2022\/10\/IMG_3334-scaledR.jpg\",\"datePublished\":\"2022-10-07T07:11:30+00:00\",\"dateModified\":\"2025-05-07T20:32:20+00:00\",\"breadcrumb\":{\"@id\":\"https:\/\/meripelastus.fi\/kiviniemi\/toiminta\/alukset\/pv-op-oulu\/#breadcrumb\"},\"inLanguage\":\"fi\",\"potentialAction\":[{\"@type\":\"ReadAction\",\"target\":[\"https:\/\/meripelastus.fi\/kiviniemi\/toiminta\/alukset\/pv-op-oulu\/\"]}]},{\"@type\":\"ImageObject\",\"inLanguage\":\"fi\",\"@id\":\"https:\/\/meripelastus.fi\/kiviniemi\/toiminta\/alukset\/pv-op-oulu\/#primaryimage\",\"url\":\"https:\/\/meripelastus.fi\/kiviniemi\/wp-content\/uploads\/sites\/13\/2022\/10\/IMG_3334-scaledR.jpg\",\"contentUrl\":\"https:\/\/meripelastus.fi\/kiviniemi\/wp-content\/uploads\/sites\/13\/2022\/10\/IMG_3334-scaledR.jpg\",\"width\":1800,\"height\":850,\"caption\":\"pelastusvene\"},{\"@type\":\"BreadcrumbList\",\"@id\":\"https:\/\/meripelastus.fi\/kiviniemi\/toiminta\/alukset\/pv-op-oulu\/#breadcrumb\",\"itemListElement\":[{\"@type\":\"ListItem\",\"position\":1,\"name\":\"Etusivu\",\"item\":\"https:\/\/meripelastus.fi\/kiviniemi\/\"},{\"@type\":\"ListItem\",\"position\":2,\"name\":\"Toiminta\",\"item\":\"https:\/\/meripelastus.fi\/kiviniemi\/toiminta\/\"},{\"@type\":\"ListItem\",\"position\":3,\"name\":\"Alukset\",\"item\":\"https:\/\/meripelastus.fi\/kiviniemi\/toiminta\/alukset\/\"},{\"@type\":\"ListItem\",\"position\":4,\"name\":\"Pv OP Oulu (2017-2024)\"}]},{\"@type\":\"WebSite\",\"@id\":\"https:\/\/meripelastus.fi\/kiviniemi\/#website\",\"url\":\"https:\/\/meripelastus.fi\/kiviniemi\/\",\"name\":\"Kiviniemen Meripelastusyhdistys\",\"description\":\"Vapaaehtoiset apunasi vesill\u00e4\",\"potentialAction\":[{\"@type\":\"SearchAction\",\"target\":{\"@type\":\"EntryPoint\",\"urlTemplate\":\"https:\/\/meripelastus.fi\/kiviniemi\/?s={search_term_string}\"},\"query-input\":{\"@type\":\"PropertyValueSpecification\",\"valueRequired\":true,\"valueName\":\"search_term_string\"}}],\"inLanguage\":\"fi\"}]}<\/script>\n<!-- \/ Yoast SEO Premium plugin. -->","yoast_head_json":{"title":"Pv OP Oulu (2017-2024) - Kiviniemen Meripelastusyhdistys","robots":{"index":"index","follow":"follow","max-snippet":"max-snippet:-1","max-image-preview":"max-image-preview:large","max-video-preview":"max-video-preview:-1"},"canonical":"https:\/\/meripelastus.fi\/kiviniemi\/toiminta\/alukset\/pv-op-oulu\/","og_locale":"fi_FI","og_type":"article","og_title":"Pv OP Oulu (2017-2024)","og_description":"Juurikin pelastusalukseksi suunniteltu SMPS PV 4 -luokkaan sijoittuva nopeakulkuinen ja monipuolinen pelastusvene Pv OP Oulu saapui Kiviniemeen kev\u00e4\u00e4ll\u00e4 2017 ja suoritti viimeisen pelastusteht\u00e4v\u00e4ns\u00e4 syksyll\u00e4 2024. Aluksella pystyi toimimaan Per\u00e4meren h\u00e4lytyksill\u00e4 miss\u00e4 tahansa s\u00e4\u00e4olosuhteissa ja se soveltui l\u00e4hes kaikkiin meripelastusteht\u00e4viin. Alus oli varusteltu monipuolisella meripelastus-, sairaankuljetus-, ja palotorjuntav\u00e4lineist\u00f6ll\u00e4. OP Oulu toimi aluksemme p\u00e4\u00e4sponsorina ja mahdollisti yli [&hellip;]","og_url":"https:\/\/meripelastus.fi\/kiviniemi\/toiminta\/alukset\/pv-op-oulu\/","og_site_name":"Kiviniemen Meripelastusyhdistys","article_modified_time":"2025-05-07T20:32:20+00:00","og_image":[{"width":1800,"height":850,"url":"https:\/\/meripelastus.fi\/kiviniemi\/wp-content\/uploads\/sites\/13\/2022\/10\/IMG_3334-scaledR.jpg","type":"image\/jpeg"}],"twitter_card":"summary_large_image","twitter_misc":{"Arvioitu lukuaika":"2 minuuttia"},"schema":{"@context":"https:\/\/schema.org","@graph":[{"@type":"WebPage","@id":"https:\/\/meripelastus.fi\/kiviniemi\/toiminta\/alukset\/pv-op-oulu\/","url":"https:\/\/meripelastus.fi\/kiviniemi\/toiminta\/alukset\/pv-op-oulu\/","name":"Pv OP Oulu (2017-2024) - Kiviniemen Meripelastusyhdistys","isPartOf":{"@id":"https:\/\/meripelastus.fi\/kiviniemi\/#website"},"primaryImageOfPage":{"@id":"https:\/\/meripelastus.fi\/kiviniemi\/toiminta\/alukset\/pv-op-oulu\/#primaryimage"},"image":{"@id":"https:\/\/meripelastus.fi\/kiviniemi\/toiminta\/alukset\/pv-op-oulu\/#primaryimage"},"thumbnailUrl":"https:\/\/meripelastus.fi\/kiviniemi\/wp-content\/uploads\/sites\/13\/2022\/10\/IMG_3334-scaledR.jpg","datePublished":"2022-10-07T07:11:30+00:00","dateModified":"2025-05-07T20:32:20+00:00","breadcrumb":{"@id":"https:\/\/meripelastus.fi\/kiviniemi\/toiminta\/alukset\/pv-op-oulu\/#breadcrumb"},"inLanguage":"fi","potentialAction":[{"@type":"ReadAction","target":["https:\/\/meripelastus.fi\/kiviniemi\/toiminta\/alukset\/pv-op-oulu\/"]}]},{"@type":"ImageObject","inLanguage":"fi","@id":"https:\/\/meripelastus.fi\/kiviniemi\/toiminta\/alukset\/pv-op-oulu\/#primaryimage","url":"https:\/\/meripelastus.fi\/kiviniemi\/wp-content\/uploads\/sites\/13\/2022\/10\/IMG_3334-scaledR.jpg","contentUrl":"https:\/\/meripelastus.fi\/kiviniemi\/wp-content\/uploads\/sites\/13\/2022\/10\/IMG_3334-scaledR.jpg","width":1800,"height":850,"caption":"pelastusvene"},{"@type":"BreadcrumbList","@id":"https:\/\/meripelastus.fi\/kiviniemi\/toiminta\/alukset\/pv-op-oulu\/#breadcrumb","itemListElement":[{"@type":"ListItem","position":1,"name":"Etusivu","item":"https:\/\/meripelastus.fi\/kiviniemi\/"},{"@type":"ListItem","position":2,"name":"Toiminta","item":"https:\/\/meripelastus.fi\/kiviniemi\/toiminta\/"},{"@type":"ListItem","position":3,"name":"Alukset","item":"https:\/\/meripelastus.fi\/kiviniemi\/toiminta\/alukset\/"},{"@type":"ListItem","position":4,"name":"Pv OP Oulu (2017-2024)"}]},{"@type":"WebSite","@id":"https:\/\/meripelastus.fi\/kiviniemi\/#website","url":"https:\/\/meripelastus.fi\/kiviniemi\/","name":"Kiviniemen Meripelastusyhdistys","description":"Vapaaehtoiset apunasi vesill\u00e4","potentialAction":[{"@type":"SearchAction","target":{"@type":"EntryPoint","urlTemplate":"https:\/\/meripelastus.fi\/kiviniemi\/?s={search_term_string}"},"query-input":{"@type":"PropertyValueSpecification","valueRequired":true,"valueName":"search_term_string"}}],"inLanguage":"fi"}]}},"_links":{"self":[{"href":"https:\/\/meripelastus.fi\/kiviniemi\/wp-json\/wp\/v2\/pages\/300","targetHints":{"allow":["GET"]}}],"collection":[{"href":"https:\/\/meripelastus.fi\/kiviniemi\/wp-json\/wp\/v2\/pages"}],"about":[{"href":"https:\/\/meripelastus.fi\/kiviniemi\/wp-json\/wp\/v2\/types\/page"}],"author":[{"embeddable":true,"href":"https:\/\/meripelastus.fi\/kiviniemi\/wp-json\/wp\/v2\/users\/103"}],"replies":[{"embeddable":true,"href":"https:\/\/meripelastus.fi\/kiviniemi\/wp-json\/wp\/v2\/comments?post=300"}],"version-history":[{"count":21,"href":"https:\/\/meripelastus.fi\/kiviniemi\/wp-json\/wp\/v2\/pages\/300\/revisions"}],"predecessor-version":[{"id":1231,"href":"https:\/\/meripelastus.fi\/kiviniemi\/wp-json\/wp\/v2\/pages\/300\/revisions\/1231"}],"up":[{"embeddable":true,"href":"https:\/\/meripelastus.fi\/kiviniemi\/wp-json\/wp\/v2\/pages\/26"}],"wp:featuredmedia":[{"embeddable":true,"href":"https:\/\/meripelastus.fi\/kiviniemi\/wp-json\/wp\/v2\/media\/326"}],"wp:attachment":[{"href":"https:\/\/meripelastus.fi\/kiviniemi\/wp-json\/wp\/v2\/media?parent=300"}],"curies":[{"name":"wp","href":"https:\/\/api.w.org\/{rel}","templated":true}]}}