{"id":234,"date":"2022-09-19T21:59:28","date_gmt":"2022-09-19T18:59:28","guid":{"rendered":"https:\/\/meripelastus.fi\/kiviniemi-vedos\/?page_id=234"},"modified":"2025-09-22T16:37:53","modified_gmt":"2025-09-22T13:37:53","slug":"koulutus","status":"publish","type":"page","link":"https:\/\/meripelastus.fi\/kiviniemi\/toiminta\/koulutus\/","title":{"rendered":"Koulutus"},"content":{"rendered":"\n<p>Koulutamme miehist\u00f6mme Suomen Meripelastusseuran koulutusj\u00e4rjestelm\u00e4n mukaisesti. Koulutusj\u00e4rjestelm\u00e4n tavoitteena on taata vapaaehtoiselle meripelastajalle taidot, joiden avulla meripelastusaluksella toimiminen on turvallista ja tehokasta. Kaupallisen liikenteen p\u00e4tevyyskirjoja ei toiminnassa tarvita, sill\u00e4 oma koulutusj\u00e4rjestelm\u00e4 toimii alusturvallisuuslains\u00e4\u00e4d\u00e4nn\u00f6n mukaan miehist\u00f6n osaamisen pohjana.<\/p>\n\n\n\n<p>Meripelastusseuran koulutusj\u00e4rjestelm\u00e4 jakautuu miehist\u00f6n ja p\u00e4\u00e4llyst\u00f6n koulutussuunnitelmaan. Uudesta meripelastajasta koulutetaan ensin harjoittelija, ja yhden tai kahden aktiivisen harjoittelijakauden j\u00e4lkeen on mahdollisuus saavuttaa itselleen kansimiehen koulutustaso. Mik\u00e4li p\u00e4\u00e4llyst\u00f6ss\u00e4 toimiminen kiinnostaa, voi kouluttautumista jatkaa oman aktiivisuuden sek\u00e4 henkil\u00f6kohtaisten ominaisuuksien mukaan per\u00e4mieheksi tai aina meripelastusaluksen p\u00e4\u00e4llik\u00f6ksi asti.<\/p>\n\n\n\n<div style=\"height:2rem\" aria-hidden=\"true\" class=\"wp-block-spacer\"><\/div>\n\n\n\n<figure class=\"wp-block-image size-full is-resized\"><img loading=\"lazy\" decoding=\"async\" width=\"1344\" height=\"421\" src=\"https:\/\/meripelastus.fi\/kiviniemi\/wp-content\/uploads\/sites\/13\/2025\/08\/smps-koulutustasot-vaaka.png\" alt=\"\" class=\"wp-image-1340\" style=\"width:680px;height:auto\" srcset=\"https:\/\/meripelastus.fi\/kiviniemi\/wp-content\/uploads\/sites\/13\/2025\/08\/smps-koulutustasot-vaaka.png 1344w, https:\/\/meripelastus.fi\/kiviniemi\/wp-content\/uploads\/sites\/13\/2025\/08\/smps-koulutustasot-vaaka-300x94.png 300w, https:\/\/meripelastus.fi\/kiviniemi\/wp-content\/uploads\/sites\/13\/2025\/08\/smps-koulutustasot-vaaka-1024x321.png 1024w, https:\/\/meripelastus.fi\/kiviniemi\/wp-content\/uploads\/sites\/13\/2025\/08\/smps-koulutustasot-vaaka-768x241.png 768w\" sizes=\"auto, (max-width: 1344px) 100vw, 1344px\" \/><figcaption class=\"wp-element-caption\">Suomen Meripelastusseuran koulutusj\u00e4rjestelm\u00e4n mukaiset koulutustasot<\/figcaption><\/figure>\n\n\n\n<p>Vapaaehtoisessa meripelastustoiminnassa tarvittavat tiedot ja taidot on jaettu 12 osaamisalueeseen. Harrastus on eritt\u00e4in monipuolinen, sill\u00e4 osaamista kehitet\u00e4\u00e4n kaikissa n\u00e4iss\u00e4 kiinte\u00e4sti operatiiviseen toimintaan liittyviss\u00e4 alueissa. Osaamisalueet ovat:<\/p>\n\n\n\n<ol class=\"wp-block-list\">\n<li>Turvallisuus ja h\u00e4t\u00e4tilanteet meripelastusaluksella<\/li>\n\n\n\n<li>Meripelastusj\u00e4rjestelm\u00e4 ja johtaminen<\/li>\n\n\n\n<li>Merimiestaito<\/li>\n\n\n\n<li>Navigointi ja aluksen ohjailu<\/li>\n\n\n\n<li>Viestint\u00e4<\/li>\n\n\n\n<li>Etsint\u00e4teht\u00e4v\u00e4t<\/li>\n\n\n\n<li>Pelastusteht\u00e4v\u00e4t<\/li>\n\n\n\n<li>Sammutusteht\u00e4v\u00e4t<\/li>\n\n\n\n<li>Ensiaputeht\u00e4v\u00e4t<\/li>\n\n\n\n<li>Avustusteht\u00e4v\u00e4t<\/li>\n\n\n\n<li>Meripelastusaluksen tekniikka<\/li>\n\n\n\n<li>Meripelastusaluksen huolto ja kunnossapito<\/li>\n<\/ol>\n\n\n\n<div style=\"height:32px\" aria-hidden=\"true\" class=\"wp-block-spacer\"><\/div>\n\n\n<div class=\"wp-block-image\">\n<figure class=\"aligncenter size-large\"><img loading=\"lazy\" decoding=\"async\" width=\"1024\" height=\"683\" src=\"https:\/\/meripelastus.fi\/kiviniemi\/wp-content\/uploads\/sites\/13\/2025\/06\/IMG_5515-1024x683.jpg\" alt=\"\" class=\"wp-image-1315\" srcset=\"https:\/\/meripelastus.fi\/kiviniemi\/wp-content\/uploads\/sites\/13\/2025\/06\/IMG_5515-1024x683.jpg 1024w, https:\/\/meripelastus.fi\/kiviniemi\/wp-content\/uploads\/sites\/13\/2025\/06\/IMG_5515-300x200.jpg 300w, https:\/\/meripelastus.fi\/kiviniemi\/wp-content\/uploads\/sites\/13\/2025\/06\/IMG_5515-768x512.jpg 768w, https:\/\/meripelastus.fi\/kiviniemi\/wp-content\/uploads\/sites\/13\/2025\/06\/IMG_5515-1536x1024.jpg 1536w, https:\/\/meripelastus.fi\/kiviniemi\/wp-content\/uploads\/sites\/13\/2025\/06\/IMG_5515-2048x1365.jpg 2048w\" sizes=\"auto, (max-width: 1024px) 100vw, 1024px\" \/><\/figure>\n<\/div>\n\n\n<p>Koulutusta j\u00e4rjestet\u00e4\u00e4n omassa yhdistyksess\u00e4mme yhteisty\u00f6ss\u00e4 muiden alueen yhdistysten ja viranomaisten kanssa, sek\u00e4 valtakunnallisesti Meripelastusseuran kursseilla. Kiviniemen Meripelastusyhdistys harjoittelee avovesikaudella kerran viikossa tiistai-iltaisin. Lis\u00e4ksi miehist\u00f6\u00e4 koulutetaan partioiden ja p\u00e4ivystyksien aikana.<\/p>\n\n\n\n<p>Koulutuksemme on p\u00e4\u00e4osin k\u00e4yt\u00e4nn\u00f6nl\u00e4heist\u00e4. Talvella j\u00e4rjestet\u00e4\u00e4n teoriakoulutusta, jolla luodaan pohjaa avovesikauden toiminnalle. Lis\u00e4ksi talvisin harjoitellaan k\u00e4yt\u00e4nn\u00f6ss\u00e4 esimerkiksi ensiapua ja muita taitoja, joiden harjoittelu ei edellyt\u00e4 vesille p\u00e4\u00e4sy\u00e4.<\/p>\n\n\n\n<p><a href=\"http:\/\/view.24mags.com\/publication\/meripelastus\/fa2d67ed5e49d76a3a3dde8d5872d78e\" target=\"_blank\" rel=\"noreferrer noopener\">Koulutusj\u00e4rjestelm\u00e4n yleiskuvaus<\/a> | <a href=\"https:\/\/view.24mags.com\/sites\/all\/files\/public_files\/documents\/meripelastus\/fa2d67ed5e49d76a3a3dde8d5872d7\/document.pdf\">pdf<\/a><br><a href=\"http:\/\/view.24mags.com\/publication\/meripelastus\/d259ffb696ed449c575ff1480eae8659\" target=\"_blank\" rel=\"noreferrer noopener\">Miehist\u00f6n koulutussuunnitelma<\/a> | <a href=\"https:\/\/view.24mags.com\/sites\/all\/files\/public_files\/documents\/meripelastus\/d259ffb696ed449c575ff1480eae86\/document.pdf\">pdf<\/a><br><a href=\"http:\/\/view.24mags.com\/publication\/meripelastus\/dfed6354f8ffa73f02531bdf4241edfc\" target=\"_blank\" rel=\"noreferrer noopener\">P\u00e4\u00e4llyst\u00f6n koulutussuunnitelma<\/a> | <a href=\"https:\/\/view.24mags.com\/sites\/all\/files\/public_files\/documents\/meripelastus\/dfed6354f8ffa73f02531bdf4241ed\/document.pdf\">pdf<\/a><\/p>\n\n\n\n<div class=\"wp-block-buttons is-layout-flex wp-block-buttons-is-layout-flex\">\n<div class=\"wp-block-button\"><a class=\"wp-block-button__link wp-element-button\" href=\"https:\/\/meripelastus.fi\/kiviniemi\/toiminta\/tulemukaan\/\">Miten p\u00e4\u00e4sen mukaan?<\/a><\/div>\n<\/div>\n\n\n\t\n   <div class=\"compass-wrapper\"><img loading=\"lazy\" decoding=\"async\" src=\"https:\/\/meripelastus.fi\/kiviniemi\/wp-content\/themes\/jarjestot\/img\/smps-kompassi-sininen.png\" width=\"1083\" height=\"110\" class=\"kompassi-block\" aria-hidden=\"true\"\/><\/div>\n\n\n<figure class=\"wp-block-gallery has-nested-images columns-default is-cropped wp-block-gallery-1 is-layout-flex wp-block-gallery-is-layout-flex\">\n<figure class=\"wp-block-image size-large\"><img loading=\"lazy\" decoding=\"async\" width=\"768\" height=\"1024\" data-id=\"811\" src=\"https:\/\/meripelastus.fi\/kiviniemi\/wp-content\/uploads\/sites\/13\/2024\/05\/391722631_3638487239746849_7852706353291503704_n-768x1024.jpg\" alt=\"\" class=\"wp-image-811\" srcset=\"https:\/\/meripelastus.fi\/kiviniemi\/wp-content\/uploads\/sites\/13\/2024\/05\/391722631_3638487239746849_7852706353291503704_n-768x1024.jpg 768w, https:\/\/meripelastus.fi\/kiviniemi\/wp-content\/uploads\/sites\/13\/2024\/05\/391722631_3638487239746849_7852706353291503704_n-225x300.jpg 225w, https:\/\/meripelastus.fi\/kiviniemi\/wp-content\/uploads\/sites\/13\/2024\/05\/391722631_3638487239746849_7852706353291503704_n-1152x1536.jpg 1152w, https:\/\/meripelastus.fi\/kiviniemi\/wp-content\/uploads\/sites\/13\/2024\/05\/391722631_3638487239746849_7852706353291503704_n.jpg 1536w\" sizes=\"auto, (max-width: 768px) 100vw, 768px\" \/><\/figure>\n\n\n\n<figure class=\"wp-block-image size-large\"><img loading=\"lazy\" decoding=\"async\" width=\"764\" height=\"1024\" data-id=\"813\" src=\"https:\/\/meripelastus.fi\/kiviniemi\/wp-content\/uploads\/sites\/13\/2024\/05\/109124382_10158741916922745_8441226090630607781_n-764x1024.jpg\" alt=\"\" class=\"wp-image-813\" srcset=\"https:\/\/meripelastus.fi\/kiviniemi\/wp-content\/uploads\/sites\/13\/2024\/05\/109124382_10158741916922745_8441226090630607781_n-764x1024.jpg 764w, https:\/\/meripelastus.fi\/kiviniemi\/wp-content\/uploads\/sites\/13\/2024\/05\/109124382_10158741916922745_8441226090630607781_n-224x300.jpg 224w, https:\/\/meripelastus.fi\/kiviniemi\/wp-content\/uploads\/sites\/13\/2024\/05\/109124382_10158741916922745_8441226090630607781_n-768x1029.jpg 768w, https:\/\/meripelastus.fi\/kiviniemi\/wp-content\/uploads\/sites\/13\/2024\/05\/109124382_10158741916922745_8441226090630607781_n-1146x1536.jpg 1146w, https:\/\/meripelastus.fi\/kiviniemi\/wp-content\/uploads\/sites\/13\/2024\/05\/109124382_10158741916922745_8441226090630607781_n.jpg 1504w\" sizes=\"auto, (max-width: 764px) 100vw, 764px\" \/><\/figure>\n\n\n\n<figure class=\"wp-block-image size-large\"><img loading=\"lazy\" decoding=\"async\" width=\"1024\" height=\"683\" data-id=\"1382\" src=\"https:\/\/meripelastus.fi\/kiviniemi\/wp-content\/uploads\/sites\/13\/2025\/09\/IMG_8973-1024x683.jpg\" alt=\"\" class=\"wp-image-1382\" srcset=\"https:\/\/meripelastus.fi\/kiviniemi\/wp-content\/uploads\/sites\/13\/2025\/09\/IMG_8973-1024x683.jpg 1024w, https:\/\/meripelastus.fi\/kiviniemi\/wp-content\/uploads\/sites\/13\/2025\/09\/IMG_8973-300x200.jpg 300w, https:\/\/meripelastus.fi\/kiviniemi\/wp-content\/uploads\/sites\/13\/2025\/09\/IMG_8973-768x512.jpg 768w, https:\/\/meripelastus.fi\/kiviniemi\/wp-content\/uploads\/sites\/13\/2025\/09\/IMG_8973-1536x1024.jpg 1536w, https:\/\/meripelastus.fi\/kiviniemi\/wp-content\/uploads\/sites\/13\/2025\/09\/IMG_8973.jpg 2048w\" sizes=\"auto, (max-width: 1024px) 100vw, 1024px\" \/><\/figure>\n\n\n\n<figure class=\"wp-block-image size-large\"><img loading=\"lazy\" decoding=\"async\" width=\"1024\" height=\"683\" data-id=\"1379\" src=\"https:\/\/meripelastus.fi\/kiviniemi\/wp-content\/uploads\/sites\/13\/2025\/09\/IMG_9323-1024x683.jpg\" alt=\"\" class=\"wp-image-1379\" srcset=\"https:\/\/meripelastus.fi\/kiviniemi\/wp-content\/uploads\/sites\/13\/2025\/09\/IMG_9323-1024x683.jpg 1024w, https:\/\/meripelastus.fi\/kiviniemi\/wp-content\/uploads\/sites\/13\/2025\/09\/IMG_9323-300x200.jpg 300w, https:\/\/meripelastus.fi\/kiviniemi\/wp-content\/uploads\/sites\/13\/2025\/09\/IMG_9323-768x512.jpg 768w, https:\/\/meripelastus.fi\/kiviniemi\/wp-content\/uploads\/sites\/13\/2025\/09\/IMG_9323-1536x1024.jpg 1536w, https:\/\/meripelastus.fi\/kiviniemi\/wp-content\/uploads\/sites\/13\/2025\/09\/IMG_9323.jpg 2048w\" sizes=\"auto, (max-width: 1024px) 100vw, 1024px\" \/><\/figure>\n\n\n\n<figure class=\"wp-block-image size-large\"><img loading=\"lazy\" decoding=\"async\" width=\"1024\" height=\"683\" data-id=\"1299\" src=\"https:\/\/meripelastus.fi\/kiviniemi\/wp-content\/uploads\/sites\/13\/2025\/06\/IMG_5941-1024x683.jpg\" alt=\"\" class=\"wp-image-1299\" srcset=\"https:\/\/meripelastus.fi\/kiviniemi\/wp-content\/uploads\/sites\/13\/2025\/06\/IMG_5941-1024x683.jpg 1024w, https:\/\/meripelastus.fi\/kiviniemi\/wp-content\/uploads\/sites\/13\/2025\/06\/IMG_5941-300x200.jpg 300w, https:\/\/meripelastus.fi\/kiviniemi\/wp-content\/uploads\/sites\/13\/2025\/06\/IMG_5941-768x512.jpg 768w, https:\/\/meripelastus.fi\/kiviniemi\/wp-content\/uploads\/sites\/13\/2025\/06\/IMG_5941-1536x1024.jpg 1536w, https:\/\/meripelastus.fi\/kiviniemi\/wp-content\/uploads\/sites\/13\/2025\/06\/IMG_5941-2048x1365.jpg 2048w\" sizes=\"auto, (max-width: 1024px) 100vw, 1024px\" \/><\/figure>\n\n\n\n<figure class=\"wp-block-image size-large\"><img loading=\"lazy\" decoding=\"async\" width=\"1024\" height=\"683\" data-id=\"1294\" src=\"https:\/\/meripelastus.fi\/kiviniemi\/wp-content\/uploads\/sites\/13\/2025\/06\/IMG_4659-1024x683.jpg\" alt=\"\" class=\"wp-image-1294\" srcset=\"https:\/\/meripelastus.fi\/kiviniemi\/wp-content\/uploads\/sites\/13\/2025\/06\/IMG_4659-1024x683.jpg 1024w, https:\/\/meripelastus.fi\/kiviniemi\/wp-content\/uploads\/sites\/13\/2025\/06\/IMG_4659-300x200.jpg 300w, https:\/\/meripelastus.fi\/kiviniemi\/wp-content\/uploads\/sites\/13\/2025\/06\/IMG_4659-768x512.jpg 768w, https:\/\/meripelastus.fi\/kiviniemi\/wp-content\/uploads\/sites\/13\/2025\/06\/IMG_4659-1536x1024.jpg 1536w, https:\/\/meripelastus.fi\/kiviniemi\/wp-content\/uploads\/sites\/13\/2025\/06\/IMG_4659-2048x1365.jpg 2048w\" sizes=\"auto, (max-width: 1024px) 100vw, 1024px\" \/><\/figure>\n\n\n\n<figure class=\"wp-block-image size-large\"><img loading=\"lazy\" decoding=\"async\" width=\"1024\" height=\"683\" data-id=\"235\" src=\"https:\/\/meripelastus.fi\/kiviniemi\/wp-content\/uploads\/sites\/13\/2022\/09\/278862228_5155932111140934_610308049972184227_n-1024x683.jpg\" alt=\"meripelastajia\" class=\"wp-image-235\" srcset=\"https:\/\/meripelastus.fi\/kiviniemi\/wp-content\/uploads\/sites\/13\/2022\/09\/278862228_5155932111140934_610308049972184227_n-1024x683.jpg 1024w, https:\/\/meripelastus.fi\/kiviniemi\/wp-content\/uploads\/sites\/13\/2022\/09\/278862228_5155932111140934_610308049972184227_n-300x200.jpg 300w, https:\/\/meripelastus.fi\/kiviniemi\/wp-content\/uploads\/sites\/13\/2022\/09\/278862228_5155932111140934_610308049972184227_n-768x512.jpg 768w, https:\/\/meripelastus.fi\/kiviniemi\/wp-content\/uploads\/sites\/13\/2022\/09\/278862228_5155932111140934_610308049972184227_n.jpg 1440w\" sizes=\"auto, (max-width: 1024px) 100vw, 1024px\" \/><\/figure>\n\n\n\n<figure class=\"wp-block-image size-large\"><img loading=\"lazy\" decoding=\"async\" width=\"1024\" height=\"683\" data-id=\"1381\" src=\"https:\/\/meripelastus.fi\/kiviniemi\/wp-content\/uploads\/sites\/13\/2025\/09\/IMG_8820-1024x683.jpg\" alt=\"\" class=\"wp-image-1381\" srcset=\"https:\/\/meripelastus.fi\/kiviniemi\/wp-content\/uploads\/sites\/13\/2025\/09\/IMG_8820-1024x683.jpg 1024w, https:\/\/meripelastus.fi\/kiviniemi\/wp-content\/uploads\/sites\/13\/2025\/09\/IMG_8820-300x200.jpg 300w, https:\/\/meripelastus.fi\/kiviniemi\/wp-content\/uploads\/sites\/13\/2025\/09\/IMG_8820-768x512.jpg 768w, https:\/\/meripelastus.fi\/kiviniemi\/wp-content\/uploads\/sites\/13\/2025\/09\/IMG_8820-1536x1024.jpg 1536w, https:\/\/meripelastus.fi\/kiviniemi\/wp-content\/uploads\/sites\/13\/2025\/09\/IMG_8820.jpg 2048w\" sizes=\"auto, (max-width: 1024px) 100vw, 1024px\" \/><\/figure>\n<\/figure>\n","protected":false},"excerpt":{"rendered":"<p>Koulutamme miehist\u00f6mme Suomen Meripelastusseuran koulutusj\u00e4rjestelm\u00e4n mukaisesti. Koulutusj\u00e4rjestelm\u00e4n tavoitteena on taata vapaaehtoiselle meripelastajalle taidot, joiden avulla meripelastusaluksella toimiminen on turvallista ja tehokasta. Kaupallisen liikenteen p\u00e4tevyyskirjoja ei toiminnassa tarvita, sill\u00e4 oma koulutusj\u00e4rjestelm\u00e4 toimii alusturvallisuuslains\u00e4\u00e4d\u00e4nn\u00f6n mukaan miehist\u00f6n osaamisen pohjana. Meripelastusseuran koulutusj\u00e4rjestelm\u00e4 jakautuu miehist\u00f6n ja p\u00e4\u00e4llyst\u00f6n koulutussuunnitelmaan. Uudesta meripelastajasta koulutetaan ensin harjoittelija, ja yhden tai kahden aktiivisen harjoittelijakauden j\u00e4lkeen [&hellip;]<\/p>\n","protected":false},"author":103,"featured_media":235,"parent":20,"menu_order":0,"comment_status":"closed","ping_status":"closed","template":"","meta":{"_acf_changed":false,"inline_featured_image":false,"footnotes":""},"class_list":["post-234","page","type-page","status-publish","has-post-thumbnail","hentry"],"acf":[],"yoast_head":"<!-- This site is optimized with the Yoast SEO Premium plugin v27.4 (Yoast SEO v27.4) - https:\/\/yoast.com\/product\/yoast-seo-premium-wordpress\/ -->\n<title>Koulutus - Kiviniemen Meripelastusyhdistys<\/title>\n<meta name=\"robots\" content=\"index, follow, max-snippet:-1, max-image-preview:large, max-video-preview:-1\" \/>\n<link rel=\"canonical\" href=\"https:\/\/meripelastus.fi\/kiviniemi\/toiminta\/koulutus\/\" \/>\n<meta property=\"og:locale\" content=\"fi_FI\" \/>\n<meta property=\"og:type\" content=\"article\" \/>\n<meta property=\"og:title\" content=\"Koulutus\" \/>\n<meta property=\"og:description\" content=\"Koulutamme miehist\u00f6mme Suomen Meripelastusseuran koulutusj\u00e4rjestelm\u00e4n mukaisesti. Koulutusj\u00e4rjestelm\u00e4n tavoitteena on taata vapaaehtoiselle meripelastajalle taidot, joiden avulla meripelastusaluksella toimiminen on turvallista ja tehokasta. Kaupallisen liikenteen p\u00e4tevyyskirjoja ei toiminnassa tarvita, sill\u00e4 oma koulutusj\u00e4rjestelm\u00e4 toimii alusturvallisuuslains\u00e4\u00e4d\u00e4nn\u00f6n mukaan miehist\u00f6n osaamisen pohjana. Meripelastusseuran koulutusj\u00e4rjestelm\u00e4 jakautuu miehist\u00f6n ja p\u00e4\u00e4llyst\u00f6n koulutussuunnitelmaan. Uudesta meripelastajasta koulutetaan ensin harjoittelija, ja yhden tai kahden aktiivisen harjoittelijakauden j\u00e4lkeen [&hellip;]\" \/>\n<meta property=\"og:url\" content=\"https:\/\/meripelastus.fi\/kiviniemi\/toiminta\/koulutus\/\" \/>\n<meta property=\"og:site_name\" content=\"Kiviniemen Meripelastusyhdistys\" \/>\n<meta property=\"article:modified_time\" content=\"2025-09-22T13:37:53+00:00\" \/>\n<meta property=\"og:image\" content=\"https:\/\/meripelastus.fi\/kiviniemi\/wp-content\/uploads\/sites\/13\/2022\/09\/278862228_5155932111140934_610308049972184227_n.jpg\" \/>\n\t<meta property=\"og:image:width\" content=\"1440\" \/>\n\t<meta property=\"og:image:height\" content=\"960\" \/>\n\t<meta property=\"og:image:type\" content=\"image\/jpeg\" \/>\n<meta name=\"twitter:card\" content=\"summary_large_image\" \/>\n<meta name=\"twitter:label1\" content=\"Arvioitu lukuaika\" \/>\n\t<meta name=\"twitter:data1\" content=\"4 minuuttia\" \/>\n<script type=\"application\/ld+json\" class=\"yoast-schema-graph\">{\"@context\":\"https:\\\/\\\/schema.org\",\"@graph\":[{\"@type\":\"WebPage\",\"@id\":\"https:\\\/\\\/meripelastus.fi\\\/kiviniemi\\\/toiminta\\\/koulutus\\\/\",\"url\":\"https:\\\/\\\/meripelastus.fi\\\/kiviniemi\\\/toiminta\\\/koulutus\\\/\",\"name\":\"Koulutus - Kiviniemen Meripelastusyhdistys\",\"isPartOf\":{\"@id\":\"https:\\\/\\\/meripelastus.fi\\\/kiviniemi\\\/#website\"},\"primaryImageOfPage\":{\"@id\":\"https:\\\/\\\/meripelastus.fi\\\/kiviniemi\\\/toiminta\\\/koulutus\\\/#primaryimage\"},\"image\":{\"@id\":\"https:\\\/\\\/meripelastus.fi\\\/kiviniemi\\\/toiminta\\\/koulutus\\\/#primaryimage\"},\"thumbnailUrl\":\"https:\\\/\\\/meripelastus.fi\\\/kiviniemi\\\/wp-content\\\/uploads\\\/sites\\\/13\\\/2022\\\/09\\\/278862228_5155932111140934_610308049972184227_n.jpg\",\"datePublished\":\"2022-09-19T18:59:28+00:00\",\"dateModified\":\"2025-09-22T13:37:53+00:00\",\"breadcrumb\":{\"@id\":\"https:\\\/\\\/meripelastus.fi\\\/kiviniemi\\\/toiminta\\\/koulutus\\\/#breadcrumb\"},\"inLanguage\":\"fi\",\"potentialAction\":[{\"@type\":\"ReadAction\",\"target\":[\"https:\\\/\\\/meripelastus.fi\\\/kiviniemi\\\/toiminta\\\/koulutus\\\/\"]}]},{\"@type\":\"ImageObject\",\"inLanguage\":\"fi\",\"@id\":\"https:\\\/\\\/meripelastus.fi\\\/kiviniemi\\\/toiminta\\\/koulutus\\\/#primaryimage\",\"url\":\"https:\\\/\\\/meripelastus.fi\\\/kiviniemi\\\/wp-content\\\/uploads\\\/sites\\\/13\\\/2022\\\/09\\\/278862228_5155932111140934_610308049972184227_n.jpg\",\"contentUrl\":\"https:\\\/\\\/meripelastus.fi\\\/kiviniemi\\\/wp-content\\\/uploads\\\/sites\\\/13\\\/2022\\\/09\\\/278862228_5155932111140934_610308049972184227_n.jpg\",\"width\":1440,\"height\":960,\"caption\":\"meripelastajia\"},{\"@type\":\"BreadcrumbList\",\"@id\":\"https:\\\/\\\/meripelastus.fi\\\/kiviniemi\\\/toiminta\\\/koulutus\\\/#breadcrumb\",\"itemListElement\":[{\"@type\":\"ListItem\",\"position\":1,\"name\":\"Etusivu\",\"item\":\"https:\\\/\\\/meripelastus.fi\\\/kiviniemi\\\/\"},{\"@type\":\"ListItem\",\"position\":2,\"name\":\"Toiminta\",\"item\":\"https:\\\/\\\/meripelastus.fi\\\/kiviniemi\\\/toiminta\\\/\"},{\"@type\":\"ListItem\",\"position\":3,\"name\":\"Koulutus\"}]},{\"@type\":\"WebSite\",\"@id\":\"https:\\\/\\\/meripelastus.fi\\\/kiviniemi\\\/#website\",\"url\":\"https:\\\/\\\/meripelastus.fi\\\/kiviniemi\\\/\",\"name\":\"Kiviniemen Meripelastusyhdistys\",\"description\":\"Vapaaehtoiset apunasi vesill\u00e4\",\"potentialAction\":[{\"@type\":\"SearchAction\",\"target\":{\"@type\":\"EntryPoint\",\"urlTemplate\":\"https:\\\/\\\/meripelastus.fi\\\/kiviniemi\\\/?s={search_term_string}\"},\"query-input\":{\"@type\":\"PropertyValueSpecification\",\"valueRequired\":true,\"valueName\":\"search_term_string\"}}],\"inLanguage\":\"fi\"}]}<\/script>\n<!-- \/ Yoast SEO Premium plugin. -->","yoast_head_json":{"title":"Koulutus - Kiviniemen Meripelastusyhdistys","robots":{"index":"index","follow":"follow","max-snippet":"max-snippet:-1","max-image-preview":"max-image-preview:large","max-video-preview":"max-video-preview:-1"},"canonical":"https:\/\/meripelastus.fi\/kiviniemi\/toiminta\/koulutus\/","og_locale":"fi_FI","og_type":"article","og_title":"Koulutus","og_description":"Koulutamme miehist\u00f6mme Suomen Meripelastusseuran koulutusj\u00e4rjestelm\u00e4n mukaisesti. Koulutusj\u00e4rjestelm\u00e4n tavoitteena on taata vapaaehtoiselle meripelastajalle taidot, joiden avulla meripelastusaluksella toimiminen on turvallista ja tehokasta. Kaupallisen liikenteen p\u00e4tevyyskirjoja ei toiminnassa tarvita, sill\u00e4 oma koulutusj\u00e4rjestelm\u00e4 toimii alusturvallisuuslains\u00e4\u00e4d\u00e4nn\u00f6n mukaan miehist\u00f6n osaamisen pohjana. Meripelastusseuran koulutusj\u00e4rjestelm\u00e4 jakautuu miehist\u00f6n ja p\u00e4\u00e4llyst\u00f6n koulutussuunnitelmaan. Uudesta meripelastajasta koulutetaan ensin harjoittelija, ja yhden tai kahden aktiivisen harjoittelijakauden j\u00e4lkeen [&hellip;]","og_url":"https:\/\/meripelastus.fi\/kiviniemi\/toiminta\/koulutus\/","og_site_name":"Kiviniemen Meripelastusyhdistys","article_modified_time":"2025-09-22T13:37:53+00:00","og_image":[{"width":1440,"height":960,"url":"https:\/\/meripelastus.fi\/kiviniemi\/wp-content\/uploads\/sites\/13\/2022\/09\/278862228_5155932111140934_610308049972184227_n.jpg","type":"image\/jpeg"}],"twitter_card":"summary_large_image","twitter_misc":{"Arvioitu lukuaika":"4 minuuttia"},"schema":{"@context":"https:\/\/schema.org","@graph":[{"@type":"WebPage","@id":"https:\/\/meripelastus.fi\/kiviniemi\/toiminta\/koulutus\/","url":"https:\/\/meripelastus.fi\/kiviniemi\/toiminta\/koulutus\/","name":"Koulutus - Kiviniemen Meripelastusyhdistys","isPartOf":{"@id":"https:\/\/meripelastus.fi\/kiviniemi\/#website"},"primaryImageOfPage":{"@id":"https:\/\/meripelastus.fi\/kiviniemi\/toiminta\/koulutus\/#primaryimage"},"image":{"@id":"https:\/\/meripelastus.fi\/kiviniemi\/toiminta\/koulutus\/#primaryimage"},"thumbnailUrl":"https:\/\/meripelastus.fi\/kiviniemi\/wp-content\/uploads\/sites\/13\/2022\/09\/278862228_5155932111140934_610308049972184227_n.jpg","datePublished":"2022-09-19T18:59:28+00:00","dateModified":"2025-09-22T13:37:53+00:00","breadcrumb":{"@id":"https:\/\/meripelastus.fi\/kiviniemi\/toiminta\/koulutus\/#breadcrumb"},"inLanguage":"fi","potentialAction":[{"@type":"ReadAction","target":["https:\/\/meripelastus.fi\/kiviniemi\/toiminta\/koulutus\/"]}]},{"@type":"ImageObject","inLanguage":"fi","@id":"https:\/\/meripelastus.fi\/kiviniemi\/toiminta\/koulutus\/#primaryimage","url":"https:\/\/meripelastus.fi\/kiviniemi\/wp-content\/uploads\/sites\/13\/2022\/09\/278862228_5155932111140934_610308049972184227_n.jpg","contentUrl":"https:\/\/meripelastus.fi\/kiviniemi\/wp-content\/uploads\/sites\/13\/2022\/09\/278862228_5155932111140934_610308049972184227_n.jpg","width":1440,"height":960,"caption":"meripelastajia"},{"@type":"BreadcrumbList","@id":"https:\/\/meripelastus.fi\/kiviniemi\/toiminta\/koulutus\/#breadcrumb","itemListElement":[{"@type":"ListItem","position":1,"name":"Etusivu","item":"https:\/\/meripelastus.fi\/kiviniemi\/"},{"@type":"ListItem","position":2,"name":"Toiminta","item":"https:\/\/meripelastus.fi\/kiviniemi\/toiminta\/"},{"@type":"ListItem","position":3,"name":"Koulutus"}]},{"@type":"WebSite","@id":"https:\/\/meripelastus.fi\/kiviniemi\/#website","url":"https:\/\/meripelastus.fi\/kiviniemi\/","name":"Kiviniemen Meripelastusyhdistys","description":"Vapaaehtoiset apunasi vesill\u00e4","potentialAction":[{"@type":"SearchAction","target":{"@type":"EntryPoint","urlTemplate":"https:\/\/meripelastus.fi\/kiviniemi\/?s={search_term_string}"},"query-input":{"@type":"PropertyValueSpecification","valueRequired":true,"valueName":"search_term_string"}}],"inLanguage":"fi"}]}},"_links":{"self":[{"href":"https:\/\/meripelastus.fi\/kiviniemi\/wp-json\/wp\/v2\/pages\/234","targetHints":{"allow":["GET"]}}],"collection":[{"href":"https:\/\/meripelastus.fi\/kiviniemi\/wp-json\/wp\/v2\/pages"}],"about":[{"href":"https:\/\/meripelastus.fi\/kiviniemi\/wp-json\/wp\/v2\/types\/page"}],"author":[{"embeddable":true,"href":"https:\/\/meripelastus.fi\/kiviniemi\/wp-json\/wp\/v2\/users\/103"}],"replies":[{"embeddable":true,"href":"https:\/\/meripelastus.fi\/kiviniemi\/wp-json\/wp\/v2\/comments?post=234"}],"version-history":[{"count":37,"href":"https:\/\/meripelastus.fi\/kiviniemi\/wp-json\/wp\/v2\/pages\/234\/revisions"}],"predecessor-version":[{"id":1384,"href":"https:\/\/meripelastus.fi\/kiviniemi\/wp-json\/wp\/v2\/pages\/234\/revisions\/1384"}],"up":[{"embeddable":true,"href":"https:\/\/meripelastus.fi\/kiviniemi\/wp-json\/wp\/v2\/pages\/20"}],"wp:featuredmedia":[{"embeddable":true,"href":"https:\/\/meripelastus.fi\/kiviniemi\/wp-json\/wp\/v2\/media\/235"}],"wp:attachment":[{"href":"https:\/\/meripelastus.fi\/kiviniemi\/wp-json\/wp\/v2\/media?parent=234"}],"curies":[{"name":"wp","href":"https:\/\/api.w.org\/{rel}","templated":true}]}}