{"id":225,"date":"2022-09-19T21:16:15","date_gmt":"2022-09-19T18:16:15","guid":{"rendered":"https:\/\/meripelastus.fi\/kiviniemi-vedos\/?page_id=225"},"modified":"2026-03-21T21:53:15","modified_gmt":"2026-03-21T19:53:15","slug":"tulemukaan","status":"publish","type":"page","link":"https:\/\/meripelastus.fi\/kiviniemi\/toiminta\/tulemukaan\/","title":{"rendered":"Tule mukaan!"},"content":{"rendered":"\n<p><strong>Haluaisitko liikkua merell\u00e4, mutta et omista venett\u00e4? Oletko luonteeltasi auttamishaluinen? Pid\u00e4tk\u00f6 uusien asioiden oppimisesta? Tule mukaan ja hanki itsellesi uusi, maailman paras harrastus!<\/strong><\/p>\n\n\n\n<p>Vapaaehtoinen meripelastustoiminta vaatii sitoutumista, mutta antaa paljon. Kanssaihmisten auttaminen, mahdollisuus p\u00e4\u00e4st\u00e4 vesille ilman omaa venett\u00e4 sek\u00e4 monipuolinen pelastus- ja merenkulkukoulutus ovat paketti, mit\u00e4 mik\u00e4\u00e4n muu harrastus ei tarjoa.<\/p>\n\n\n\n<p>Paras aika liitty\u00e4 mukaan on kev\u00e4\u00e4ll\u00e4 ennen avovesikauden alkua, sill\u00e4 silloin pystymme j\u00e4rjest\u00e4m\u00e4\u00e4n uusille perehdytyksen ja saamme heist\u00e4 harjoittelijoita alkavalle kaudelle. Siit\u00e4 huolimatta yksitt\u00e4isten uusien j\u00e4senten mukaan liittyminen onnistuu my\u00f6s ymp\u00e4ri vuoden.<\/p>\n\n\n\n<p>Mik\u00e4li et pysty terveyden tai el\u00e4m\u00e4ntilanteesi takia osallistumaan h\u00e4lytysmiehist\u00f6\u00f6n, mutta olet muuten kiinnostunut toiminnasta, pystymme mahdollisesti tarjoamaan muita teht\u00e4vi\u00e4 yhdistyksest\u00e4. Alusten tekniset ty\u00f6t sek\u00e4 kunnossapito, hallinnolliset teht\u00e4v\u00e4t ja varainhankinta ovat niin ik\u00e4\u00e4n t\u00e4rke\u00e4 osa toimintaamme.<\/p>\n\n\n\n<div class=\"wp-block-buttons is-layout-flex wp-block-buttons-is-layout-flex\">\n<div class=\"wp-block-button\"><a class=\"wp-block-button__link wp-element-button\" href=\"#yhteys\">OTA YHTEYTT\u00c4<\/a><\/div>\n\n\n\n<div class=\"wp-block-button is-style-outline is-style-outline--1\"><a class=\"wp-block-button__link wp-element-button\" href=\"https:\/\/meripelastus.fi\/kiviniemi\/wp-content\/uploads\/sites\/13\/2024\/09\/SMPS-Mukaan-Meripelastusseuran-vapaaehtoismiehistoon-2024-Messiin-pieni.pdf\" target=\"_blank\" rel=\"noreferrer noopener\">Tutustu hakijan oppaaseen <i class=\"fa-solid fa-up-right-from-square\"><\/i><\/a><\/div>\n<\/div>\n\n\n\t\n   <div class=\"compass-wrapper\"><img loading=\"lazy\" decoding=\"async\" src=\"https:\/\/meripelastus.fi\/kiviniemi\/wp-content\/themes\/jarjestot\/img\/smps-kompassi-sininen.png\" width=\"1083\" height=\"110\" class=\"kompassi-block\" aria-hidden=\"true\"\/><\/div>\n\n\n<figure class=\"wp-block-image size-full\"><img loading=\"lazy\" decoding=\"async\" width=\"960\" height=\"640\" src=\"https:\/\/meripelastus.fi\/kiviniemi\/wp-content\/uploads\/sites\/13\/2024\/01\/35534056_2111184275577574_9066743173799215104_n.jpg\" alt=\"\" class=\"wp-image-447\" srcset=\"https:\/\/meripelastus.fi\/kiviniemi\/wp-content\/uploads\/sites\/13\/2024\/01\/35534056_2111184275577574_9066743173799215104_n.jpg 960w, https:\/\/meripelastus.fi\/kiviniemi\/wp-content\/uploads\/sites\/13\/2024\/01\/35534056_2111184275577574_9066743173799215104_n-300x200.jpg 300w, https:\/\/meripelastus.fi\/kiviniemi\/wp-content\/uploads\/sites\/13\/2024\/01\/35534056_2111184275577574_9066743173799215104_n-768x512.jpg 768w\" sizes=\"auto, (max-width: 960px) 100vw, 960px\" \/><\/figure>\n\n\n\n<h2 class=\"wp-block-heading\">Mit\u00e4 toivomme sinulta?<\/h2>\n\n\n\n<p>Emme edellyt\u00e4 aiempaa veneilykokemusta, superkuntoa tai muutakaan erityisosaamista. <a href=\"https:\/\/meripelastus.fi\/kiviniemi\/toiminta\/koulutus\/\">Koulutamme <\/a>itse kaikki miehist\u00f6mme j\u00e4senet, joten riitt\u00e4\u00e4 ett\u00e4 haluat auttaa ja olet innokas oppimaan uutta! Toiminnassa on mukana sek\u00e4 miehi\u00e4 ett\u00e4 naisia ja opiskelijoita ett\u00e4 el\u00e4kel\u00e4isi\u00e4. Ammattialoja on edustettuina sairaanhoitajasta kirjanpit\u00e4j\u00e4\u00e4n ja palomiehest\u00e4 kosmetologiin.<\/p>\n\n\n\n<h3 class=\"wp-block-heading\">P\u00e4\u00e4syvaatimukset pelastusmiehist\u00f6\u00f6n ovat:<\/h3>\n\n\n\n<ul class=\"wp-block-list\">\n<li>Hyv\u00e4 fyysinen ja psyykkinen peruskunto<\/li>\n\n\n\n<li>V\u00e4hint\u00e4\u00e4n 16 vuoden ik\u00e4*<\/li>\n\n\n\n<li>Uimataito**<\/li>\n\n\n\n<li>Mahdollisuus sitoutua aikaa viev\u00e4\u00e4n harrastukseen<\/li>\n\n\n\n<li>Suomen kansalaisuus ja vahva suomen kielen taito<\/li>\n\n\n\n<li>Normaali terveys: voit tutustua tarkempiin terveysvaatimuksiin <a href=\"https:\/\/meripelastus.fi\/kiviniemi\/wp-content\/uploads\/sites\/13\/2024\/01\/Liite-1-Vapaaehtoisen-meripelastajan-terveysilmoitus_2021.pdf\" target=\"_blank\" rel=\"noreferrer noopener\">terveysilmoituksesta<\/a><\/li>\n<\/ul>\n\n\n\n<p><small>*) H\u00e4lytysmiehist\u00f6iss\u00e4 toimivilta edellytet\u00e4\u00e4n v\u00e4hint\u00e4\u00e4n 18 vuoden ik\u00e4\u00e4, mutta jo 16-vuotiaana voi p\u00e4\u00e4st\u00e4 pelastusalukselle harjoittelijaksi ja osallistua normaalisti viikkoharjoituksiin.<br>**) Pohjoismainen uimataidon m\u00e4\u00e4ritelm\u00e4: Henkil\u00f6, joka pudottuaan syv\u00e4\u00e4n veteen niin, ett\u00e4 p\u00e4\u00e4 k\u00e4y veden alla ja p\u00e4\u00e4sty\u00e4\u00e4n uudelleen pinnalle, ui yht\u00e4jaksoisesti 200 metri\u00e4, josta 50 metri\u00e4 sel\u00e4ll\u00e4\u00e4n, on uimataitoinen.<\/small><\/p>\n\n\n\n<h2 class=\"wp-block-heading\" id=\"yhteys\">Sinustako merih\u00e4t\u00e4isten sankari?<\/h2>\n\n\n\n<p>Mahtavaa, jos saamme sinut mukaan!<\/p>\n\n\n\n<p>Tee nyt ensimm\u00e4inen siirto ja t\u00e4yt\u00e4 alla oleva lomake. Otamme sinuun pian yhteytt\u00e4!<\/p>\n\n\n\n<h3 class=\"wp-block-heading\">Olen kiinnostunut meripelastuksesta harrastuksena. Ota minuun yhteytt\u00e4 ja kerro lis\u00e4\u00e4!<\/h3>\n\n\n\n<div class=\"wp-block-contact-form-7-contact-form-selector\">\n<div class=\"wpcf7 no-js\" id=\"wpcf7-f551-o1\" lang=\"fi\" dir=\"ltr\" data-wpcf7-id=\"551\">\n<div class=\"screen-reader-response\"><p role=\"status\" aria-live=\"polite\" aria-atomic=\"true\"><\/p> <ul><\/ul><\/div>\n<form action=\"\/kiviniemi\/wp-json\/wp\/v2\/pages\/225#wpcf7-f551-o1\" method=\"post\" class=\"wpcf7-form init\" aria-label=\"Yhteydenottolomake\" novalidate=\"novalidate\" data-status=\"init\">\n<fieldset class=\"hidden-fields-container\"><input type=\"hidden\" name=\"_wpcf7\" value=\"551\" \/><input type=\"hidden\" name=\"_wpcf7_version\" value=\"6.1.5\" \/><input type=\"hidden\" name=\"_wpcf7_locale\" value=\"fi\" \/><input type=\"hidden\" name=\"_wpcf7_unit_tag\" value=\"wpcf7-f551-o1\" \/><input type=\"hidden\" name=\"_wpcf7_container_post\" value=\"0\" \/><input type=\"hidden\" name=\"_wpcf7_posted_data_hash\" value=\"\" \/>\n<\/fieldset>\n<p><label> Etu- ja Sukunimi <span class=\"text-danger\">*<\/span><br \/>\n<span class=\"wpcf7-form-control-wrap\" data-name=\"your-name\"><input size=\"40\" maxlength=\"400\" class=\"wpcf7-form-control wpcf7-text wpcf7-validates-as-required\" autocomplete=\"name\" aria-required=\"true\" aria-invalid=\"false\" value=\"\" type=\"text\" name=\"your-name\" \/><\/span> <\/label>\n<\/p>\n<p><label> S\u00e4hk\u00f6postiosoite <span class=\"text-danger\">*<\/span><br \/>\n<span class=\"wpcf7-form-control-wrap\" data-name=\"your-email\"><input size=\"40\" maxlength=\"400\" class=\"wpcf7-form-control wpcf7-email wpcf7-validates-as-required wpcf7-text wpcf7-validates-as-email\" autocomplete=\"email\" aria-required=\"true\" aria-invalid=\"false\" value=\"\" type=\"email\" name=\"your-email\" \/><\/span> <\/label>\n<\/p>\n<p><label> Puhelinnumero<br \/>\n<span class=\"wpcf7-form-control-wrap\" data-name=\"your-phone\"><input size=\"40\" maxlength=\"400\" class=\"wpcf7-form-control wpcf7-tel wpcf7-text wpcf7-validates-as-tel\" autocomplete=\"tel\" aria-invalid=\"false\" value=\"\" type=\"tel\" name=\"your-phone\" \/><\/span> <\/label>\n<\/p>\n<p><label> Viestisi<br \/>\n<span class=\"wpcf7-form-control-wrap\" data-name=\"your-message\"><textarea cols=\"40\" rows=\"10\" maxlength=\"2000\" class=\"wpcf7-form-control wpcf7-textarea\" aria-invalid=\"false\" placeholder=\"Vapaaehtoinen meripelastus harrastuksena kiinnostaa, koska...\" name=\"your-message\"><\/textarea><\/span> <\/label>\n<\/p>\n<p><span class=\"wpcf7-form-control-wrap\" data-name=\"acceptance-378\"><span class=\"wpcf7-form-control wpcf7-acceptance\"><span class=\"wpcf7-list-item\"><label><input type=\"checkbox\" name=\"acceptance-378\" value=\"1\" aria-invalid=\"false\" \/><span class=\"wpcf7-list-item-label\">Hyv\u00e4ksyn <a href=\"https:\/\/meripelastus.fi\/kiviniemi\/kiviniemen-meripelastusyhdistys\/rekisteriselosteet\/\" target=\"_blank\" rel=\"noopener\">tietosuojak\u00e4yt\u00e4nn\u00f6n<\/a> mukaisen henkil\u00f6tietojeni k\u00e4sittelyn.<\/span><\/label><\/span><\/span><\/span>\n<\/p>\n<p><input class=\"wpcf7-form-control wpcf7-submit has-spinner\" type=\"submit\" value=\"L\u00e4het\u00e4\" \/>\n<\/p><div class=\"wpcf7-response-output\" aria-hidden=\"true\"><\/div>\n<\/form>\n<\/div>\n<\/div>\n","protected":false},"excerpt":{"rendered":"<p>Haluaisitko liikkua merell\u00e4, mutta et omista venett\u00e4? Oletko luonteeltasi auttamishaluinen? Pid\u00e4tk\u00f6 uusien asioiden oppimisesta? Tule mukaan ja hanki itsellesi uusi, maailman paras harrastus! Vapaaehtoinen meripelastustoiminta vaatii sitoutumista, mutta antaa paljon. Kanssaihmisten auttaminen, mahdollisuus p\u00e4\u00e4st\u00e4 vesille ilman omaa venett\u00e4 sek\u00e4 monipuolinen pelastus- ja merenkulkukoulutus ovat paketti, mit\u00e4 mik\u00e4\u00e4n muu harrastus ei tarjoa. Paras aika liitty\u00e4 mukaan [&hellip;]<\/p>\n","protected":false},"author":103,"featured_media":1304,"parent":20,"menu_order":0,"comment_status":"closed","ping_status":"closed","template":"","meta":{"_acf_changed":false,"inline_featured_image":false,"footnotes":""},"class_list":["post-225","page","type-page","status-publish","has-post-thumbnail","hentry"],"acf":[],"yoast_head":"<!-- This site is optimized with the Yoast SEO Premium plugin v27.2 (Yoast SEO v27.2) - https:\/\/yoast.com\/product\/yoast-seo-premium-wordpress\/ -->\n<title>Tule mukaan! - Kiviniemen Meripelastusyhdistys<\/title>\n<meta name=\"robots\" content=\"index, follow, max-snippet:-1, max-image-preview:large, max-video-preview:-1\" \/>\n<link rel=\"canonical\" href=\"https:\/\/meripelastus.fi\/kiviniemi\/toiminta\/tulemukaan\/\" \/>\n<meta property=\"og:locale\" content=\"fi_FI\" \/>\n<meta property=\"og:type\" content=\"article\" \/>\n<meta property=\"og:title\" content=\"Tule mukaan!\" \/>\n<meta property=\"og:description\" content=\"Haluaisitko liikkua merell\u00e4, mutta et omista venett\u00e4? Oletko luonteeltasi auttamishaluinen? Pid\u00e4tk\u00f6 uusien asioiden oppimisesta? Tule mukaan ja hanki itsellesi uusi, maailman paras harrastus! Vapaaehtoinen meripelastustoiminta vaatii sitoutumista, mutta antaa paljon. Kanssaihmisten auttaminen, mahdollisuus p\u00e4\u00e4st\u00e4 vesille ilman omaa venett\u00e4 sek\u00e4 monipuolinen pelastus- ja merenkulkukoulutus ovat paketti, mit\u00e4 mik\u00e4\u00e4n muu harrastus ei tarjoa. Paras aika liitty\u00e4 mukaan [&hellip;]\" \/>\n<meta property=\"og:url\" content=\"https:\/\/meripelastus.fi\/kiviniemi\/toiminta\/tulemukaan\/\" \/>\n<meta property=\"og:site_name\" content=\"Kiviniemen Meripelastusyhdistys\" \/>\n<meta property=\"article:modified_time\" content=\"2026-03-21T19:53:15+00:00\" \/>\n<meta property=\"og:image\" content=\"https:\/\/meripelastus.fi\/kiviniemi\/wp-content\/uploads\/sites\/13\/2025\/06\/IMG_6116-scaled.jpg\" \/>\n\t<meta property=\"og:image:width\" content=\"2560\" \/>\n\t<meta property=\"og:image:height\" content=\"1707\" \/>\n\t<meta property=\"og:image:type\" content=\"image\/jpeg\" \/>\n<meta name=\"twitter:card\" content=\"summary_large_image\" \/>\n<meta name=\"twitter:label1\" content=\"Arvioitu lukuaika\" \/>\n\t<meta name=\"twitter:data1\" content=\"3 minuuttia\" \/>\n<script type=\"application\/ld+json\" class=\"yoast-schema-graph\">{\"@context\":\"https:\/\/schema.org\",\"@graph\":[{\"@type\":\"WebPage\",\"@id\":\"https:\/\/meripelastus.fi\/kiviniemi\/toiminta\/tulemukaan\/\",\"url\":\"https:\/\/meripelastus.fi\/kiviniemi\/toiminta\/tulemukaan\/\",\"name\":\"Tule mukaan! - Kiviniemen Meripelastusyhdistys\",\"isPartOf\":{\"@id\":\"https:\/\/meripelastus.fi\/kiviniemi\/#website\"},\"primaryImageOfPage\":{\"@id\":\"https:\/\/meripelastus.fi\/kiviniemi\/toiminta\/tulemukaan\/#primaryimage\"},\"image\":{\"@id\":\"https:\/\/meripelastus.fi\/kiviniemi\/toiminta\/tulemukaan\/#primaryimage\"},\"thumbnailUrl\":\"https:\/\/meripelastus.fi\/kiviniemi\/wp-content\/uploads\/sites\/13\/2025\/06\/IMG_6116-scaled.jpg\",\"datePublished\":\"2022-09-19T18:16:15+00:00\",\"dateModified\":\"2026-03-21T19:53:15+00:00\",\"breadcrumb\":{\"@id\":\"https:\/\/meripelastus.fi\/kiviniemi\/toiminta\/tulemukaan\/#breadcrumb\"},\"inLanguage\":\"fi\",\"potentialAction\":[{\"@type\":\"ReadAction\",\"target\":[\"https:\/\/meripelastus.fi\/kiviniemi\/toiminta\/tulemukaan\/\"]}]},{\"@type\":\"ImageObject\",\"inLanguage\":\"fi\",\"@id\":\"https:\/\/meripelastus.fi\/kiviniemi\/toiminta\/tulemukaan\/#primaryimage\",\"url\":\"https:\/\/meripelastus.fi\/kiviniemi\/wp-content\/uploads\/sites\/13\/2025\/06\/IMG_6116-scaled.jpg\",\"contentUrl\":\"https:\/\/meripelastus.fi\/kiviniemi\/wp-content\/uploads\/sites\/13\/2025\/06\/IMG_6116-scaled.jpg\",\"width\":2560,\"height\":1707},{\"@type\":\"BreadcrumbList\",\"@id\":\"https:\/\/meripelastus.fi\/kiviniemi\/toiminta\/tulemukaan\/#breadcrumb\",\"itemListElement\":[{\"@type\":\"ListItem\",\"position\":1,\"name\":\"Etusivu\",\"item\":\"https:\/\/meripelastus.fi\/kiviniemi\/\"},{\"@type\":\"ListItem\",\"position\":2,\"name\":\"Toiminta\",\"item\":\"https:\/\/meripelastus.fi\/kiviniemi\/toiminta\/\"},{\"@type\":\"ListItem\",\"position\":3,\"name\":\"Tule mukaan!\"}]},{\"@type\":\"WebSite\",\"@id\":\"https:\/\/meripelastus.fi\/kiviniemi\/#website\",\"url\":\"https:\/\/meripelastus.fi\/kiviniemi\/\",\"name\":\"Kiviniemen Meripelastusyhdistys\",\"description\":\"Vapaaehtoiset apunasi vesill\u00e4\",\"potentialAction\":[{\"@type\":\"SearchAction\",\"target\":{\"@type\":\"EntryPoint\",\"urlTemplate\":\"https:\/\/meripelastus.fi\/kiviniemi\/?s={search_term_string}\"},\"query-input\":{\"@type\":\"PropertyValueSpecification\",\"valueRequired\":true,\"valueName\":\"search_term_string\"}}],\"inLanguage\":\"fi\"}]}<\/script>\n<!-- \/ Yoast SEO Premium plugin. -->","yoast_head_json":{"title":"Tule mukaan! - Kiviniemen Meripelastusyhdistys","robots":{"index":"index","follow":"follow","max-snippet":"max-snippet:-1","max-image-preview":"max-image-preview:large","max-video-preview":"max-video-preview:-1"},"canonical":"https:\/\/meripelastus.fi\/kiviniemi\/toiminta\/tulemukaan\/","og_locale":"fi_FI","og_type":"article","og_title":"Tule mukaan!","og_description":"Haluaisitko liikkua merell\u00e4, mutta et omista venett\u00e4? Oletko luonteeltasi auttamishaluinen? Pid\u00e4tk\u00f6 uusien asioiden oppimisesta? Tule mukaan ja hanki itsellesi uusi, maailman paras harrastus! Vapaaehtoinen meripelastustoiminta vaatii sitoutumista, mutta antaa paljon. Kanssaihmisten auttaminen, mahdollisuus p\u00e4\u00e4st\u00e4 vesille ilman omaa venett\u00e4 sek\u00e4 monipuolinen pelastus- ja merenkulkukoulutus ovat paketti, mit\u00e4 mik\u00e4\u00e4n muu harrastus ei tarjoa. Paras aika liitty\u00e4 mukaan [&hellip;]","og_url":"https:\/\/meripelastus.fi\/kiviniemi\/toiminta\/tulemukaan\/","og_site_name":"Kiviniemen Meripelastusyhdistys","article_modified_time":"2026-03-21T19:53:15+00:00","og_image":[{"width":2560,"height":1707,"url":"https:\/\/meripelastus.fi\/kiviniemi\/wp-content\/uploads\/sites\/13\/2025\/06\/IMG_6116-scaled.jpg","type":"image\/jpeg"}],"twitter_card":"summary_large_image","twitter_misc":{"Arvioitu lukuaika":"3 minuuttia"},"schema":{"@context":"https:\/\/schema.org","@graph":[{"@type":"WebPage","@id":"https:\/\/meripelastus.fi\/kiviniemi\/toiminta\/tulemukaan\/","url":"https:\/\/meripelastus.fi\/kiviniemi\/toiminta\/tulemukaan\/","name":"Tule mukaan! - Kiviniemen Meripelastusyhdistys","isPartOf":{"@id":"https:\/\/meripelastus.fi\/kiviniemi\/#website"},"primaryImageOfPage":{"@id":"https:\/\/meripelastus.fi\/kiviniemi\/toiminta\/tulemukaan\/#primaryimage"},"image":{"@id":"https:\/\/meripelastus.fi\/kiviniemi\/toiminta\/tulemukaan\/#primaryimage"},"thumbnailUrl":"https:\/\/meripelastus.fi\/kiviniemi\/wp-content\/uploads\/sites\/13\/2025\/06\/IMG_6116-scaled.jpg","datePublished":"2022-09-19T18:16:15+00:00","dateModified":"2026-03-21T19:53:15+00:00","breadcrumb":{"@id":"https:\/\/meripelastus.fi\/kiviniemi\/toiminta\/tulemukaan\/#breadcrumb"},"inLanguage":"fi","potentialAction":[{"@type":"ReadAction","target":["https:\/\/meripelastus.fi\/kiviniemi\/toiminta\/tulemukaan\/"]}]},{"@type":"ImageObject","inLanguage":"fi","@id":"https:\/\/meripelastus.fi\/kiviniemi\/toiminta\/tulemukaan\/#primaryimage","url":"https:\/\/meripelastus.fi\/kiviniemi\/wp-content\/uploads\/sites\/13\/2025\/06\/IMG_6116-scaled.jpg","contentUrl":"https:\/\/meripelastus.fi\/kiviniemi\/wp-content\/uploads\/sites\/13\/2025\/06\/IMG_6116-scaled.jpg","width":2560,"height":1707},{"@type":"BreadcrumbList","@id":"https:\/\/meripelastus.fi\/kiviniemi\/toiminta\/tulemukaan\/#breadcrumb","itemListElement":[{"@type":"ListItem","position":1,"name":"Etusivu","item":"https:\/\/meripelastus.fi\/kiviniemi\/"},{"@type":"ListItem","position":2,"name":"Toiminta","item":"https:\/\/meripelastus.fi\/kiviniemi\/toiminta\/"},{"@type":"ListItem","position":3,"name":"Tule mukaan!"}]},{"@type":"WebSite","@id":"https:\/\/meripelastus.fi\/kiviniemi\/#website","url":"https:\/\/meripelastus.fi\/kiviniemi\/","name":"Kiviniemen Meripelastusyhdistys","description":"Vapaaehtoiset apunasi vesill\u00e4","potentialAction":[{"@type":"SearchAction","target":{"@type":"EntryPoint","urlTemplate":"https:\/\/meripelastus.fi\/kiviniemi\/?s={search_term_string}"},"query-input":{"@type":"PropertyValueSpecification","valueRequired":true,"valueName":"search_term_string"}}],"inLanguage":"fi"}]}},"_links":{"self":[{"href":"https:\/\/meripelastus.fi\/kiviniemi\/wp-json\/wp\/v2\/pages\/225","targetHints":{"allow":["GET"]}}],"collection":[{"href":"https:\/\/meripelastus.fi\/kiviniemi\/wp-json\/wp\/v2\/pages"}],"about":[{"href":"https:\/\/meripelastus.fi\/kiviniemi\/wp-json\/wp\/v2\/types\/page"}],"author":[{"embeddable":true,"href":"https:\/\/meripelastus.fi\/kiviniemi\/wp-json\/wp\/v2\/users\/103"}],"replies":[{"embeddable":true,"href":"https:\/\/meripelastus.fi\/kiviniemi\/wp-json\/wp\/v2\/comments?post=225"}],"version-history":[{"count":45,"href":"https:\/\/meripelastus.fi\/kiviniemi\/wp-json\/wp\/v2\/pages\/225\/revisions"}],"predecessor-version":[{"id":1521,"href":"https:\/\/meripelastus.fi\/kiviniemi\/wp-json\/wp\/v2\/pages\/225\/revisions\/1521"}],"up":[{"embeddable":true,"href":"https:\/\/meripelastus.fi\/kiviniemi\/wp-json\/wp\/v2\/pages\/20"}],"wp:featuredmedia":[{"embeddable":true,"href":"https:\/\/meripelastus.fi\/kiviniemi\/wp-json\/wp\/v2\/media\/1304"}],"wp:attachment":[{"href":"https:\/\/meripelastus.fi\/kiviniemi\/wp-json\/wp\/v2\/media?parent=225"}],"curies":[{"name":"wp","href":"https:\/\/api.w.org\/{rel}","templated":true}]}}