{"id":22,"date":"2018-03-19T09:18:43","date_gmt":"2018-03-19T07:18:43","guid":{"rendered":"http:\/\/basetemplate.smpsyhdistykset.16.testivedos.com\/?page_id=22"},"modified":"2026-03-16T20:48:09","modified_gmt":"2026-03-16T18:48:09","slug":"halytysohje","status":"publish","type":"page","link":"https:\/\/meripelastus.fi\/kiviniemi\/toiminta\/halytysohje\/","title":{"rendered":"H\u00e4lytysohje"},"content":{"rendered":"\n<p><strong>Merell\u00e4 <\/strong>meripelastuksen h\u00e4lytysnumero <strong>0294 1000<\/strong><br>VHF-kanava <strong>16<\/strong> \/ VHF-DSC <strong>70<br>Sis\u00e4vesill\u00e4 <\/strong>yleinen h\u00e4t\u00e4numero <strong>112<\/strong><\/p>\n\n\n\n<h3 class=\"wp-block-heading\">H\u00e4t\u00e4- tai vaaratilanteessa ilmoita:<\/h3>\n\n\n\n<ol class=\"wp-block-list\">\n<li>nimesi (aluksesi nimi) ja yhteystiedot<\/li>\n\n\n\n<li>tapahtumapaikka mahdollisimman tarkasti<\/li>\n\n\n\n<li>mit\u00e4 on tapahtunut<\/li>\n\n\n\n<li>onko loukkaantuneita tai ihmishenki\u00e4 vaarassa<\/li>\n\n\n\n<li>mit\u00e4 apua tarvitaan<\/li>\n<\/ol>\n\n\n\n<p><strong>\u00c4l\u00e4 katkaise yhteytt\u00e4 ennen kuin saat luvan.<\/strong><\/p>\n\n\n\n<h2 class=\"wp-block-heading\">Kiireett\u00f6m\u00e4t avunpyynn\u00f6t<\/h2>\n\n\n\n<p><strong>k\u00e4yt\u00e4 kiireett\u00f6mi\u00e4 numeroita vain silloin, kun v\u00e4lit\u00f6nt\u00e4 vaaraa ei ole.<\/strong> <strong>Mik\u00e4li olet ep\u00e4varma, soita aina ensin meripelastus-\/h\u00e4t\u00e4keskukseen, josta sinut ohjataan tarvittaessa h\u00e4lytt\u00e4m\u00e4\u00e4n kiireet\u00f6nt\u00e4 apua.<\/strong><\/p>\n\n\n\n<p>Kiviniemen Meripelastusyhdistyksen p\u00e4ivyst\u00e4j\u00e4 <strong>040 537 6059<\/strong> (avovesikaudella 24\/7)<br>Meripelastusseuran palvelunumero <strong>0800 30 22 30<\/strong> (1.5.-31.10.)<\/p>\n\n\n\n<div class=\"wp-block-buttons is-layout-flex wp-block-buttons-is-layout-flex\">\n<div class=\"wp-block-button\"><a class=\"wp-block-button__link wp-element-button\" href=\"#hata-vai-avustus\">milloin asiani on kiireet\u00f6n?<\/a><\/div>\n<\/div>\n\n\n\n<div style=\"height:20px\" aria-hidden=\"true\" class=\"wp-block-spacer\"><\/div>\n\n\n\n<div class=\"wp-block-group has-peige-background-color has-background\"><div class=\"wp-block-group__inner-container is-layout-constrained wp-block-group-is-layout-constrained\">\n<h2 class=\"wp-block-heading\">Vinkki: T\u00e4rke\u00e4t numerot talteen!<\/h2>\n\n\n\n<p>Stressaavassa h\u00e4t\u00e4tilanteessa helppokin numero saattaa unohtua. <strong>Lataa valmiiksi puhelimeesi <a href=\"https:\/\/112.fi\/112-suomi\">112 Suomi<\/a> -sovellus ja opettele etsim\u00e4\u00e4n meripelastuksen h\u00e4lytysnumero sovelluksesta.<\/strong> Sovelluksen kautta soitettaessa sijaintitietosi v\u00e4littyy automaattisesti meripelastuskeskukseen.<\/p>\n\n\n\n<p>Tallenna lis\u00e4ksi puhelimesi yhteystietoihin meripelastuksen h\u00e4lytysnumero <strong>0294 1000<\/strong>. Lis\u00e4ksi suosittelemme tallentamaan Meripelastusseuran palvelunumeron <strong>0800 30 22 30<\/strong>, sek\u00e4 alueellamme veneileville Kiviniemen Meripelastusyhdistyksen p\u00e4ivystysnumeron <strong>040 537 6059<\/strong>.<\/p>\n<\/div><\/div>\n\n\n\t\n   <div class=\"compass-wrapper\"><img loading=\"lazy\" decoding=\"async\" src=\"https:\/\/meripelastus.fi\/kiviniemi\/wp-content\/themes\/jarjestot\/img\/smps-kompassi-sininen.png\" width=\"1083\" height=\"110\" class=\"kompassi-block\" aria-hidden=\"true\"\/><\/div>\n\n\n<h2 class=\"wp-block-heading\" id=\"hata-vai-avustus\">H\u00e4t\u00e4tilanne vai kiireet\u00f6n avustus?<\/h2>\n\n\n\n<figure class=\"wp-block-image size-large\"><img loading=\"lazy\" decoding=\"async\" width=\"1024\" height=\"683\" src=\"https:\/\/meripelastus.fi\/kiviniemi\/wp-content\/uploads\/sites\/13\/2025\/06\/IMG_5941-1024x683.jpg\" alt=\"\" class=\"wp-image-1299\" srcset=\"https:\/\/meripelastus.fi\/kiviniemi\/wp-content\/uploads\/sites\/13\/2025\/06\/IMG_5941-1024x683.jpg 1024w, https:\/\/meripelastus.fi\/kiviniemi\/wp-content\/uploads\/sites\/13\/2025\/06\/IMG_5941-300x200.jpg 300w, https:\/\/meripelastus.fi\/kiviniemi\/wp-content\/uploads\/sites\/13\/2025\/06\/IMG_5941-768x512.jpg 768w, https:\/\/meripelastus.fi\/kiviniemi\/wp-content\/uploads\/sites\/13\/2025\/06\/IMG_5941-1536x1024.jpg 1536w, https:\/\/meripelastus.fi\/kiviniemi\/wp-content\/uploads\/sites\/13\/2025\/06\/IMG_5941-2048x1365.jpg 2048w\" sizes=\"auto, (max-width: 1024px) 100vw, 1024px\" \/><\/figure>\n\n\n\n<p>Alla oleva ohje on suuntaa-antava ja tarkoitettu merialueelle. L\u00f6yd\u00e4t tarkemmat ohjeet ja esimerkkitilanteet Meripelastusseuran j\u00e4senpalvelun <a href=\"https:\/\/meripelastus.fi\/jasenyys\/trossi-jasenpalvelu\/\" target=\"_blank\" rel=\"noreferrer noopener\">toimintaohjeesta<\/a>. Sis\u00e4vesill\u00e4 soita h\u00e4t\u00e4tilanteessa yleiseen h\u00e4t\u00e4numeroon 112.<\/p>\n\n\n\n<p>Jos et muista meripelastuksen h\u00e4lytysnumeroa, voit soittaa my\u00f6s merialueelta yleiseen h\u00e4t\u00e4numeroon 112. H\u00e4t\u00e4keskusp\u00e4ivyst\u00e4j\u00e4 v\u00e4litt\u00e4\u00e4 tarvittaessa puhelusi meripelastuskeskukseen.<\/p>\n\n\n\n<h3 class=\"wp-block-heading\">H\u00e4t\u00e4-\/vaaratilanne:<\/h3>\n\n\n\n<p>Soita meripelastuksen h\u00e4lytysnumeroon <strong>0294 1000<\/strong> tai k\u00e4yt\u00e4 VHF-kanavaa <strong>16<\/strong> (VHF DSC 70), jos vene ei ole kiinnitettyn\u00e4 rantaan tai ankkuriin (esim. ajelehtii, on karilla, tai ankkuroitunut ilman yhteytt\u00e4 rantaan).<\/p>\n\n\n\n<p><strong>Mik\u00e4li olet ep\u00e4varma, soita aina ensin meripelastus-\/h\u00e4t\u00e4keskukseen. P\u00e4ivyst\u00e4j\u00e4 ohjaa sinut tarvittaessa h\u00e4lytt\u00e4m\u00e4\u00e4n kiireet\u00f6nt\u00e4 apua.<\/strong><\/p>\n\n\n\n<h3 class=\"wp-block-heading\">Kiireet\u00f6n avunpyynt\u00f6:<\/h3>\n\n\n\n<p>Soita Meripelastusseuran palvelunumeroon <strong>0800 30 22 30<\/strong> tai alueellamme Kiviniemen Meripelastusyhdistyksen p\u00e4ivyst\u00e4j\u00e4lle <strong>040 537 6059<\/strong> jos vene on turvallisesti kiinnitettyn\u00e4 ja v\u00e4lit\u00f6nt\u00e4 vaaraa ei ole.<\/p>\n\n\n\n<p><strong>Voit soittaa kiireett\u00f6miin avustusnumeroihin esimerkiksi seuraavissa tilanteissa:<\/strong><\/p>\n\n\n\n<ul class=\"wp-block-list\">\n<li>Polttoaine on loppunut<\/li>\n\n\n\n<li>Akku on tyhj\u00e4<\/li>\n\n\n\n<li>Jokin osa tai laite on rikkoutunut<\/li>\n\n\n\n<li>Siima\/verkko on sotkeutunut potkuriin tai ankkuri on juuttunut pohjaan eik\u00e4 veneesi ole vaarassa upota<\/li>\n\n\n\n<li>Vene on ankkuroitu turvalliseen paikkaan ja s\u00e4\u00e4 on suotuisa, mutta vene ei k\u00e4ynnisty y\u00f6pymisen tai uinnin j\u00e4lkeen<\/li>\n\n\n\n<li>Matka on keskeytynyt \u00e4killisesti laitteen rikkoutumisen tai polttoaineen loppumisen vuoksi, mutta olet onnistunut ankkuroitumaan turvallisesti eik\u00e4 muuta vaaraa ole.<\/li>\n\n\n\n<li>Vene on liikkeell\u00e4, mutta my\u00f6hemmin sovittuna ajankohtana tarvitset apua esimerkiksi veneen nostamiseen maihin<\/li>\n<\/ul>\n","protected":false},"excerpt":{"rendered":"<p>Merell\u00e4 meripelastuksen h\u00e4lytysnumero 0294 1000VHF-kanava 16 \/ VHF-DSC 70Sis\u00e4vesill\u00e4 yleinen h\u00e4t\u00e4numero 112 H\u00e4t\u00e4- tai vaaratilanteessa ilmoita: \u00c4l\u00e4 katkaise yhteytt\u00e4 ennen kuin saat luvan. Kiireett\u00f6m\u00e4t avunpyynn\u00f6t k\u00e4yt\u00e4 kiireett\u00f6mi\u00e4 numeroita vain silloin, kun v\u00e4lit\u00f6nt\u00e4 vaaraa ei ole. Mik\u00e4li olet ep\u00e4varma, soita aina ensin meripelastus-\/h\u00e4t\u00e4keskukseen, josta sinut ohjataan tarvittaessa h\u00e4lytt\u00e4m\u00e4\u00e4n kiireet\u00f6nt\u00e4 apua. Kiviniemen Meripelastusyhdistyksen p\u00e4ivyst\u00e4j\u00e4 040 537 6059 [&hellip;]<\/p>\n","protected":false},"author":1,"featured_media":1285,"parent":20,"menu_order":0,"comment_status":"closed","ping_status":"closed","template":"","meta":{"_acf_changed":false,"inline_featured_image":false,"footnotes":""},"class_list":["post-22","page","type-page","status-publish","has-post-thumbnail","hentry"],"acf":[],"yoast_head":"<!-- This site is optimized with the Yoast SEO Premium plugin v27.2 (Yoast SEO v27.2) - https:\/\/yoast.com\/product\/yoast-seo-premium-wordpress\/ -->\n<title>H\u00e4lytysohje - Kiviniemen Meripelastusyhdistys<\/title>\n<meta name=\"robots\" content=\"index, follow, max-snippet:-1, max-image-preview:large, max-video-preview:-1\" \/>\n<link rel=\"canonical\" href=\"https:\/\/meripelastus.fi\/kiviniemi\/toiminta\/halytysohje\/\" \/>\n<meta property=\"og:locale\" content=\"fi_FI\" \/>\n<meta property=\"og:type\" content=\"article\" \/>\n<meta property=\"og:title\" content=\"H\u00e4lytysohje\" \/>\n<meta property=\"og:description\" content=\"Merell\u00e4 meripelastuksen h\u00e4lytysnumero 0294 1000VHF-kanava 16 \/ VHF-DSC 70Sis\u00e4vesill\u00e4 yleinen h\u00e4t\u00e4numero 112 H\u00e4t\u00e4- tai vaaratilanteessa ilmoita: \u00c4l\u00e4 katkaise yhteytt\u00e4 ennen kuin saat luvan. Kiireett\u00f6m\u00e4t avunpyynn\u00f6t k\u00e4yt\u00e4 kiireett\u00f6mi\u00e4 numeroita vain silloin, kun v\u00e4lit\u00f6nt\u00e4 vaaraa ei ole. Mik\u00e4li olet ep\u00e4varma, soita aina ensin meripelastus-\/h\u00e4t\u00e4keskukseen, josta sinut ohjataan tarvittaessa h\u00e4lytt\u00e4m\u00e4\u00e4n kiireet\u00f6nt\u00e4 apua. Kiviniemen Meripelastusyhdistyksen p\u00e4ivyst\u00e4j\u00e4 040 537 6059 [&hellip;]\" \/>\n<meta property=\"og:url\" content=\"https:\/\/meripelastus.fi\/kiviniemi\/toiminta\/halytysohje\/\" \/>\n<meta property=\"og:site_name\" content=\"Kiviniemen Meripelastusyhdistys\" \/>\n<meta property=\"article:modified_time\" content=\"2026-03-16T18:48:09+00:00\" \/>\n<meta property=\"og:image\" content=\"https:\/\/meripelastus.fi\/kiviniemi\/wp-content\/uploads\/sites\/13\/2025\/06\/IMG_5641-scaled.jpg\" \/>\n\t<meta property=\"og:image:width\" content=\"2560\" \/>\n\t<meta property=\"og:image:height\" content=\"1707\" \/>\n\t<meta property=\"og:image:type\" content=\"image\/jpeg\" \/>\n<meta name=\"twitter:card\" content=\"summary_large_image\" \/>\n<meta name=\"twitter:label1\" content=\"Arvioitu lukuaika\" \/>\n\t<meta name=\"twitter:data1\" content=\"3 minuuttia\" \/>\n<script type=\"application\/ld+json\" class=\"yoast-schema-graph\">{\"@context\":\"https:\/\/schema.org\",\"@graph\":[{\"@type\":\"WebPage\",\"@id\":\"https:\/\/meripelastus.fi\/kiviniemi\/toiminta\/halytysohje\/\",\"url\":\"https:\/\/meripelastus.fi\/kiviniemi\/toiminta\/halytysohje\/\",\"name\":\"H\u00e4lytysohje - Kiviniemen Meripelastusyhdistys\",\"isPartOf\":{\"@id\":\"https:\/\/meripelastus.fi\/kiviniemi\/#website\"},\"primaryImageOfPage\":{\"@id\":\"https:\/\/meripelastus.fi\/kiviniemi\/toiminta\/halytysohje\/#primaryimage\"},\"image\":{\"@id\":\"https:\/\/meripelastus.fi\/kiviniemi\/toiminta\/halytysohje\/#primaryimage\"},\"thumbnailUrl\":\"https:\/\/meripelastus.fi\/kiviniemi\/wp-content\/uploads\/sites\/13\/2025\/06\/IMG_5641-scaled.jpg\",\"datePublished\":\"2018-03-19T07:18:43+00:00\",\"dateModified\":\"2026-03-16T18:48:09+00:00\",\"breadcrumb\":{\"@id\":\"https:\/\/meripelastus.fi\/kiviniemi\/toiminta\/halytysohje\/#breadcrumb\"},\"inLanguage\":\"fi\",\"potentialAction\":[{\"@type\":\"ReadAction\",\"target\":[\"https:\/\/meripelastus.fi\/kiviniemi\/toiminta\/halytysohje\/\"]}]},{\"@type\":\"ImageObject\",\"inLanguage\":\"fi\",\"@id\":\"https:\/\/meripelastus.fi\/kiviniemi\/toiminta\/halytysohje\/#primaryimage\",\"url\":\"https:\/\/meripelastus.fi\/kiviniemi\/wp-content\/uploads\/sites\/13\/2025\/06\/IMG_5641-scaled.jpg\",\"contentUrl\":\"https:\/\/meripelastus.fi\/kiviniemi\/wp-content\/uploads\/sites\/13\/2025\/06\/IMG_5641-scaled.jpg\",\"width\":2560,\"height\":1707},{\"@type\":\"BreadcrumbList\",\"@id\":\"https:\/\/meripelastus.fi\/kiviniemi\/toiminta\/halytysohje\/#breadcrumb\",\"itemListElement\":[{\"@type\":\"ListItem\",\"position\":1,\"name\":\"Etusivu\",\"item\":\"https:\/\/meripelastus.fi\/kiviniemi\/\"},{\"@type\":\"ListItem\",\"position\":2,\"name\":\"Toiminta\",\"item\":\"https:\/\/meripelastus.fi\/kiviniemi\/toiminta\/\"},{\"@type\":\"ListItem\",\"position\":3,\"name\":\"H\u00e4lytysohje\"}]},{\"@type\":\"WebSite\",\"@id\":\"https:\/\/meripelastus.fi\/kiviniemi\/#website\",\"url\":\"https:\/\/meripelastus.fi\/kiviniemi\/\",\"name\":\"Kiviniemen Meripelastusyhdistys\",\"description\":\"Vapaaehtoiset apunasi vesill\u00e4\",\"potentialAction\":[{\"@type\":\"SearchAction\",\"target\":{\"@type\":\"EntryPoint\",\"urlTemplate\":\"https:\/\/meripelastus.fi\/kiviniemi\/?s={search_term_string}\"},\"query-input\":{\"@type\":\"PropertyValueSpecification\",\"valueRequired\":true,\"valueName\":\"search_term_string\"}}],\"inLanguage\":\"fi\"}]}<\/script>\n<!-- \/ Yoast SEO Premium plugin. -->","yoast_head_json":{"title":"H\u00e4lytysohje - Kiviniemen Meripelastusyhdistys","robots":{"index":"index","follow":"follow","max-snippet":"max-snippet:-1","max-image-preview":"max-image-preview:large","max-video-preview":"max-video-preview:-1"},"canonical":"https:\/\/meripelastus.fi\/kiviniemi\/toiminta\/halytysohje\/","og_locale":"fi_FI","og_type":"article","og_title":"H\u00e4lytysohje","og_description":"Merell\u00e4 meripelastuksen h\u00e4lytysnumero 0294 1000VHF-kanava 16 \/ VHF-DSC 70Sis\u00e4vesill\u00e4 yleinen h\u00e4t\u00e4numero 112 H\u00e4t\u00e4- tai vaaratilanteessa ilmoita: \u00c4l\u00e4 katkaise yhteytt\u00e4 ennen kuin saat luvan. Kiireett\u00f6m\u00e4t avunpyynn\u00f6t k\u00e4yt\u00e4 kiireett\u00f6mi\u00e4 numeroita vain silloin, kun v\u00e4lit\u00f6nt\u00e4 vaaraa ei ole. Mik\u00e4li olet ep\u00e4varma, soita aina ensin meripelastus-\/h\u00e4t\u00e4keskukseen, josta sinut ohjataan tarvittaessa h\u00e4lytt\u00e4m\u00e4\u00e4n kiireet\u00f6nt\u00e4 apua. Kiviniemen Meripelastusyhdistyksen p\u00e4ivyst\u00e4j\u00e4 040 537 6059 [&hellip;]","og_url":"https:\/\/meripelastus.fi\/kiviniemi\/toiminta\/halytysohje\/","og_site_name":"Kiviniemen Meripelastusyhdistys","article_modified_time":"2026-03-16T18:48:09+00:00","og_image":[{"width":2560,"height":1707,"url":"https:\/\/meripelastus.fi\/kiviniemi\/wp-content\/uploads\/sites\/13\/2025\/06\/IMG_5641-scaled.jpg","type":"image\/jpeg"}],"twitter_card":"summary_large_image","twitter_misc":{"Arvioitu lukuaika":"3 minuuttia"},"schema":{"@context":"https:\/\/schema.org","@graph":[{"@type":"WebPage","@id":"https:\/\/meripelastus.fi\/kiviniemi\/toiminta\/halytysohje\/","url":"https:\/\/meripelastus.fi\/kiviniemi\/toiminta\/halytysohje\/","name":"H\u00e4lytysohje - Kiviniemen Meripelastusyhdistys","isPartOf":{"@id":"https:\/\/meripelastus.fi\/kiviniemi\/#website"},"primaryImageOfPage":{"@id":"https:\/\/meripelastus.fi\/kiviniemi\/toiminta\/halytysohje\/#primaryimage"},"image":{"@id":"https:\/\/meripelastus.fi\/kiviniemi\/toiminta\/halytysohje\/#primaryimage"},"thumbnailUrl":"https:\/\/meripelastus.fi\/kiviniemi\/wp-content\/uploads\/sites\/13\/2025\/06\/IMG_5641-scaled.jpg","datePublished":"2018-03-19T07:18:43+00:00","dateModified":"2026-03-16T18:48:09+00:00","breadcrumb":{"@id":"https:\/\/meripelastus.fi\/kiviniemi\/toiminta\/halytysohje\/#breadcrumb"},"inLanguage":"fi","potentialAction":[{"@type":"ReadAction","target":["https:\/\/meripelastus.fi\/kiviniemi\/toiminta\/halytysohje\/"]}]},{"@type":"ImageObject","inLanguage":"fi","@id":"https:\/\/meripelastus.fi\/kiviniemi\/toiminta\/halytysohje\/#primaryimage","url":"https:\/\/meripelastus.fi\/kiviniemi\/wp-content\/uploads\/sites\/13\/2025\/06\/IMG_5641-scaled.jpg","contentUrl":"https:\/\/meripelastus.fi\/kiviniemi\/wp-content\/uploads\/sites\/13\/2025\/06\/IMG_5641-scaled.jpg","width":2560,"height":1707},{"@type":"BreadcrumbList","@id":"https:\/\/meripelastus.fi\/kiviniemi\/toiminta\/halytysohje\/#breadcrumb","itemListElement":[{"@type":"ListItem","position":1,"name":"Etusivu","item":"https:\/\/meripelastus.fi\/kiviniemi\/"},{"@type":"ListItem","position":2,"name":"Toiminta","item":"https:\/\/meripelastus.fi\/kiviniemi\/toiminta\/"},{"@type":"ListItem","position":3,"name":"H\u00e4lytysohje"}]},{"@type":"WebSite","@id":"https:\/\/meripelastus.fi\/kiviniemi\/#website","url":"https:\/\/meripelastus.fi\/kiviniemi\/","name":"Kiviniemen Meripelastusyhdistys","description":"Vapaaehtoiset apunasi vesill\u00e4","potentialAction":[{"@type":"SearchAction","target":{"@type":"EntryPoint","urlTemplate":"https:\/\/meripelastus.fi\/kiviniemi\/?s={search_term_string}"},"query-input":{"@type":"PropertyValueSpecification","valueRequired":true,"valueName":"search_term_string"}}],"inLanguage":"fi"}]}},"_links":{"self":[{"href":"https:\/\/meripelastus.fi\/kiviniemi\/wp-json\/wp\/v2\/pages\/22","targetHints":{"allow":["GET"]}}],"collection":[{"href":"https:\/\/meripelastus.fi\/kiviniemi\/wp-json\/wp\/v2\/pages"}],"about":[{"href":"https:\/\/meripelastus.fi\/kiviniemi\/wp-json\/wp\/v2\/types\/page"}],"author":[{"embeddable":true,"href":"https:\/\/meripelastus.fi\/kiviniemi\/wp-json\/wp\/v2\/users\/1"}],"replies":[{"embeddable":true,"href":"https:\/\/meripelastus.fi\/kiviniemi\/wp-json\/wp\/v2\/comments?post=22"}],"version-history":[{"count":54,"href":"https:\/\/meripelastus.fi\/kiviniemi\/wp-json\/wp\/v2\/pages\/22\/revisions"}],"predecessor-version":[{"id":1507,"href":"https:\/\/meripelastus.fi\/kiviniemi\/wp-json\/wp\/v2\/pages\/22\/revisions\/1507"}],"up":[{"embeddable":true,"href":"https:\/\/meripelastus.fi\/kiviniemi\/wp-json\/wp\/v2\/pages\/20"}],"wp:featuredmedia":[{"embeddable":true,"href":"https:\/\/meripelastus.fi\/kiviniemi\/wp-json\/wp\/v2\/media\/1285"}],"wp:attachment":[{"href":"https:\/\/meripelastus.fi\/kiviniemi\/wp-json\/wp\/v2\/media?parent=22"}],"curies":[{"name":"wp","href":"https:\/\/api.w.org\/{rel}","templated":true}]}}