{"id":1222,"date":"2025-05-07T23:46:02","date_gmt":"2025-05-07T20:46:02","guid":{"rendered":"https:\/\/meripelastus.fi\/kiviniemi\/?page_id=1222"},"modified":"2025-09-17T18:08:45","modified_gmt":"2025-09-17T15:08:45","slug":"pv328","status":"publish","type":"page","link":"https:\/\/meripelastus.fi\/kiviniemi\/toiminta\/alukset\/pv328\/","title":{"rendered":"PV328"},"content":{"rendered":"\n<p>Kiviniemen Meripelastusyhdistyksen kalusto sai merkitt\u00e4v\u00e4n vahvistuksen kev\u00e4\u00e4ll\u00e4 2025, kun uusi pelastusalus saapui kotisatamaansa. Alus on Boomeranger C-3500 -tyyppinen nopea ja merikelpoinen RIB-alus, joka on alun perin rakennettu Rajavartiolaitoksen k\u00e4ytt\u00f6\u00f6n nopeaksi veneeksi ja sittemmin toiminut valtionyhti\u00f6 Arctian palveluksessa apuveneen\u00e4. Ennen k\u00e4ytt\u00f6\u00f6nottoa se on modernisoitu ja perusteellisesti kunnostettu telakalla vapaaehtoisten meripelastajien k\u00e4ytt\u00f6\u00f6n.<\/p>\n\n\n\n<p>Vuonna 1997 valmistettu ja PV3-luokkaan kuuluva alus on hieman yli kymmenen metri\u00e4 pitk\u00e4 ja varustettu kahdella 300-hevosvoimaisella per\u00e4moottorilla. Ter\u00e4v\u00e4 V-pohja ja suuri koneteho mahdollistavat jopa 45 solmun, eli noin 80 km\/h huippunopeuden. Aluksen miehist\u00f6n koko vaihtelee tilanteesta ja teht\u00e4v\u00e4st\u00e4 riippuen kahden ja kuuden v\u00e4lill\u00e4.<\/p>\n\n\n\n<blockquote class=\"wp-block-quote is-layout-flow wp-block-quote-is-layout-flow\">\n<p><strong>Etsimme alukselle nimisponsoria!<\/strong><br>Jos haluat n\u00e4kyv\u00e4sti tukea vapaaehtoista meripelastusty\u00f6t\u00e4, <a href=\"https:\/\/meripelastus.fi\/kiviniemi\/yhteys\/\">ota yhteytt\u00e4<\/a> puheenjohtajaamme.<\/p>\n<\/blockquote>\n\n\n\n<p><strong>Seuraa aluksen liikkeit\u00e4 kartalla:<\/strong> <a href=\"https:\/\/www.marinetraffic.com\/en\/ais\/home\/shipid:9583508\">Marinetraffic<\/a><\/p>\n\n\n\n<h2 class=\"wp-block-heading\" id=\"h-ominaisuudet\">Ominaisuudet<\/h2>\n\n\n\n<p>Nopeus: 45 kn (80 km\/h)<br>Koneteho: 600 hp<br>Toimintas\u00e4de: 90 nm (167 km)<br>Propulsio: per\u00e4moottori<\/p>\n\n\n\n<p>Pituus: 10,2 m<br>Leveys: 3,5 m<br>Syv\u00e4ys: 1 m<br>Paino: 3,5 tn<\/p>\n\n\n\n<p>Valmistaja: Boomeranger Boats Oy<br>Malli: C-3500<br>Rakennettu: 1997<br>Modernisoitu: 2025<\/p>\n\n\n\n<p>Miehist\u00f6: min. 1+1 hl\u00f6, max. 6 hl\u00f6<\/p>\n\n\n\n<div class=\"wp-block-buttons is-layout-flex wp-block-buttons-is-layout-flex\">\n<div class=\"wp-block-button\"><a class=\"wp-block-button__link wp-element-button\" href=\"https:\/\/meripelastus.fi\/kiviniemi\/toiminta\/alukset\/\">Takaisin aluksiin<\/a><\/div>\n<\/div>\n\n\n\n<figure class=\"wp-block-gallery has-nested-images columns-2 is-cropped wp-block-gallery-1 is-layout-flex wp-block-gallery-is-layout-flex\">\n<figure class=\"wp-block-image size-large\"><img loading=\"lazy\" decoding=\"async\" width=\"1024\" height=\"683\" data-id=\"1284\" src=\"https:\/\/meripelastus.fi\/kiviniemi\/wp-content\/uploads\/sites\/13\/2025\/06\/IMG_5155-1024x683.jpg\" alt=\"\" class=\"wp-image-1284\" srcset=\"https:\/\/meripelastus.fi\/kiviniemi\/wp-content\/uploads\/sites\/13\/2025\/06\/IMG_5155-1024x683.jpg 1024w, https:\/\/meripelastus.fi\/kiviniemi\/wp-content\/uploads\/sites\/13\/2025\/06\/IMG_5155-300x200.jpg 300w, https:\/\/meripelastus.fi\/kiviniemi\/wp-content\/uploads\/sites\/13\/2025\/06\/IMG_5155-768x512.jpg 768w, https:\/\/meripelastus.fi\/kiviniemi\/wp-content\/uploads\/sites\/13\/2025\/06\/IMG_5155-1536x1024.jpg 1536w, https:\/\/meripelastus.fi\/kiviniemi\/wp-content\/uploads\/sites\/13\/2025\/06\/IMG_5155-2048x1365.jpg 2048w\" sizes=\"auto, (max-width: 1024px) 100vw, 1024px\" \/><\/figure>\n\n\n\n<figure class=\"wp-block-image size-large\"><img loading=\"lazy\" decoding=\"async\" width=\"1024\" height=\"768\" data-id=\"1236\" src=\"https:\/\/meripelastus.fi\/kiviniemi\/wp-content\/uploads\/sites\/13\/2025\/05\/WhatsApp-Kuva-2025-05-07-klo-20.23.26_cd0ca8aa-1024x768.jpg\" alt=\"\" class=\"wp-image-1236\" srcset=\"https:\/\/meripelastus.fi\/kiviniemi\/wp-content\/uploads\/sites\/13\/2025\/05\/WhatsApp-Kuva-2025-05-07-klo-20.23.26_cd0ca8aa-1024x768.jpg 1024w, https:\/\/meripelastus.fi\/kiviniemi\/wp-content\/uploads\/sites\/13\/2025\/05\/WhatsApp-Kuva-2025-05-07-klo-20.23.26_cd0ca8aa-300x225.jpg 300w, https:\/\/meripelastus.fi\/kiviniemi\/wp-content\/uploads\/sites\/13\/2025\/05\/WhatsApp-Kuva-2025-05-07-klo-20.23.26_cd0ca8aa-768x576.jpg 768w, https:\/\/meripelastus.fi\/kiviniemi\/wp-content\/uploads\/sites\/13\/2025\/05\/WhatsApp-Kuva-2025-05-07-klo-20.23.26_cd0ca8aa-1536x1152.jpg 1536w, https:\/\/meripelastus.fi\/kiviniemi\/wp-content\/uploads\/sites\/13\/2025\/05\/WhatsApp-Kuva-2025-05-07-klo-20.23.26_cd0ca8aa.jpg 2040w\" sizes=\"auto, (max-width: 1024px) 100vw, 1024px\" \/><\/figure>\n\n\n\n<figure class=\"wp-block-image size-large\"><img loading=\"lazy\" decoding=\"async\" width=\"1024\" height=\"683\" data-id=\"1344\" src=\"https:\/\/meripelastus.fi\/kiviniemi\/wp-content\/uploads\/sites\/13\/2025\/09\/IMG_4819-1024x683.jpg\" alt=\"\" class=\"wp-image-1344\" srcset=\"https:\/\/meripelastus.fi\/kiviniemi\/wp-content\/uploads\/sites\/13\/2025\/09\/IMG_4819-1024x683.jpg 1024w, https:\/\/meripelastus.fi\/kiviniemi\/wp-content\/uploads\/sites\/13\/2025\/09\/IMG_4819-300x200.jpg 300w, https:\/\/meripelastus.fi\/kiviniemi\/wp-content\/uploads\/sites\/13\/2025\/09\/IMG_4819-768x512.jpg 768w, https:\/\/meripelastus.fi\/kiviniemi\/wp-content\/uploads\/sites\/13\/2025\/09\/IMG_4819-1536x1024.jpg 1536w, https:\/\/meripelastus.fi\/kiviniemi\/wp-content\/uploads\/sites\/13\/2025\/09\/IMG_4819-2048x1365.jpg 2048w\" sizes=\"auto, (max-width: 1024px) 100vw, 1024px\" \/><\/figure>\n\n\n\n<figure class=\"wp-block-image size-large\"><img loading=\"lazy\" decoding=\"async\" width=\"1024\" height=\"683\" data-id=\"1345\" src=\"https:\/\/meripelastus.fi\/kiviniemi\/wp-content\/uploads\/sites\/13\/2025\/09\/IMG_5097-1024x683.jpg\" alt=\"\" class=\"wp-image-1345\" srcset=\"https:\/\/meripelastus.fi\/kiviniemi\/wp-content\/uploads\/sites\/13\/2025\/09\/IMG_5097-1024x683.jpg 1024w, https:\/\/meripelastus.fi\/kiviniemi\/wp-content\/uploads\/sites\/13\/2025\/09\/IMG_5097-300x200.jpg 300w, https:\/\/meripelastus.fi\/kiviniemi\/wp-content\/uploads\/sites\/13\/2025\/09\/IMG_5097-768x512.jpg 768w, https:\/\/meripelastus.fi\/kiviniemi\/wp-content\/uploads\/sites\/13\/2025\/09\/IMG_5097-1536x1024.jpg 1536w, https:\/\/meripelastus.fi\/kiviniemi\/wp-content\/uploads\/sites\/13\/2025\/09\/IMG_5097-2048x1365.jpg 2048w\" sizes=\"auto, (max-width: 1024px) 100vw, 1024px\" \/><\/figure>\n<\/figure>\n","protected":false},"excerpt":{"rendered":"<p>Kiviniemen Meripelastusyhdistyksen kalusto sai merkitt\u00e4v\u00e4n vahvistuksen kev\u00e4\u00e4ll\u00e4 2025, kun uusi pelastusalus saapui kotisatamaansa. Alus on Boomeranger C-3500 -tyyppinen nopea ja merikelpoinen RIB-alus, joka on alun perin rakennettu Rajavartiolaitoksen k\u00e4ytt\u00f6\u00f6n nopeaksi veneeksi ja sittemmin toiminut valtionyhti\u00f6 Arctian palveluksessa apuveneen\u00e4. Ennen k\u00e4ytt\u00f6\u00f6nottoa se on modernisoitu ja perusteellisesti kunnostettu telakalla vapaaehtoisten meripelastajien k\u00e4ytt\u00f6\u00f6n. Vuonna 1997 valmistettu ja PV3-luokkaan [&hellip;]<\/p>\n","protected":false},"author":103,"featured_media":1301,"parent":26,"menu_order":0,"comment_status":"closed","ping_status":"closed","template":"","meta":{"_acf_changed":false,"inline_featured_image":false,"footnotes":""},"class_list":["post-1222","page","type-page","status-publish","has-post-thumbnail","hentry"],"acf":[],"yoast_head":"<!-- This site is optimized with the Yoast SEO Premium plugin v27.2 (Yoast SEO v27.2) - https:\/\/yoast.com\/product\/yoast-seo-premium-wordpress\/ -->\n<title>PV328 - Kiviniemen Meripelastusyhdistys<\/title>\n<meta name=\"robots\" content=\"index, follow, max-snippet:-1, max-image-preview:large, max-video-preview:-1\" \/>\n<link rel=\"canonical\" href=\"https:\/\/meripelastus.fi\/kiviniemi\/toiminta\/alukset\/pv328\/\" \/>\n<meta property=\"og:locale\" content=\"fi_FI\" \/>\n<meta property=\"og:type\" content=\"article\" \/>\n<meta property=\"og:title\" content=\"PV328\" \/>\n<meta property=\"og:description\" content=\"Kiviniemen Meripelastusyhdistyksen kalusto sai merkitt\u00e4v\u00e4n vahvistuksen kev\u00e4\u00e4ll\u00e4 2025, kun uusi pelastusalus saapui kotisatamaansa. Alus on Boomeranger C-3500 -tyyppinen nopea ja merikelpoinen RIB-alus, joka on alun perin rakennettu Rajavartiolaitoksen k\u00e4ytt\u00f6\u00f6n nopeaksi veneeksi ja sittemmin toiminut valtionyhti\u00f6 Arctian palveluksessa apuveneen\u00e4. Ennen k\u00e4ytt\u00f6\u00f6nottoa se on modernisoitu ja perusteellisesti kunnostettu telakalla vapaaehtoisten meripelastajien k\u00e4ytt\u00f6\u00f6n. Vuonna 1997 valmistettu ja PV3-luokkaan [&hellip;]\" \/>\n<meta property=\"og:url\" content=\"https:\/\/meripelastus.fi\/kiviniemi\/toiminta\/alukset\/pv328\/\" \/>\n<meta property=\"og:site_name\" content=\"Kiviniemen Meripelastusyhdistys\" \/>\n<meta property=\"article:modified_time\" content=\"2025-09-17T15:08:45+00:00\" \/>\n<meta property=\"og:image\" content=\"https:\/\/meripelastus.fi\/kiviniemi\/wp-content\/uploads\/sites\/13\/2025\/06\/IMG_5140-scaled.jpg\" \/>\n\t<meta property=\"og:image:width\" content=\"2560\" \/>\n\t<meta property=\"og:image:height\" content=\"1707\" \/>\n\t<meta property=\"og:image:type\" content=\"image\/jpeg\" \/>\n<meta name=\"twitter:card\" content=\"summary_large_image\" \/>\n<meta name=\"twitter:label1\" content=\"Arvioitu lukuaika\" \/>\n\t<meta name=\"twitter:data1\" content=\"2 minuuttia\" \/>\n<script type=\"application\/ld+json\" class=\"yoast-schema-graph\">{\"@context\":\"https:\/\/schema.org\",\"@graph\":[{\"@type\":\"WebPage\",\"@id\":\"https:\/\/meripelastus.fi\/kiviniemi\/toiminta\/alukset\/pv328\/\",\"url\":\"https:\/\/meripelastus.fi\/kiviniemi\/toiminta\/alukset\/pv328\/\",\"name\":\"PV328 - Kiviniemen Meripelastusyhdistys\",\"isPartOf\":{\"@id\":\"https:\/\/meripelastus.fi\/kiviniemi\/#website\"},\"primaryImageOfPage\":{\"@id\":\"https:\/\/meripelastus.fi\/kiviniemi\/toiminta\/alukset\/pv328\/#primaryimage\"},\"image\":{\"@id\":\"https:\/\/meripelastus.fi\/kiviniemi\/toiminta\/alukset\/pv328\/#primaryimage\"},\"thumbnailUrl\":\"https:\/\/meripelastus.fi\/kiviniemi\/wp-content\/uploads\/sites\/13\/2025\/06\/IMG_5140-scaled.jpg\",\"datePublished\":\"2025-05-07T20:46:02+00:00\",\"dateModified\":\"2025-09-17T15:08:45+00:00\",\"breadcrumb\":{\"@id\":\"https:\/\/meripelastus.fi\/kiviniemi\/toiminta\/alukset\/pv328\/#breadcrumb\"},\"inLanguage\":\"fi\",\"potentialAction\":[{\"@type\":\"ReadAction\",\"target\":[\"https:\/\/meripelastus.fi\/kiviniemi\/toiminta\/alukset\/pv328\/\"]}]},{\"@type\":\"ImageObject\",\"inLanguage\":\"fi\",\"@id\":\"https:\/\/meripelastus.fi\/kiviniemi\/toiminta\/alukset\/pv328\/#primaryimage\",\"url\":\"https:\/\/meripelastus.fi\/kiviniemi\/wp-content\/uploads\/sites\/13\/2025\/06\/IMG_5140-scaled.jpg\",\"contentUrl\":\"https:\/\/meripelastus.fi\/kiviniemi\/wp-content\/uploads\/sites\/13\/2025\/06\/IMG_5140-scaled.jpg\",\"width\":2560,\"height\":1707},{\"@type\":\"BreadcrumbList\",\"@id\":\"https:\/\/meripelastus.fi\/kiviniemi\/toiminta\/alukset\/pv328\/#breadcrumb\",\"itemListElement\":[{\"@type\":\"ListItem\",\"position\":1,\"name\":\"Etusivu\",\"item\":\"https:\/\/meripelastus.fi\/kiviniemi\/\"},{\"@type\":\"ListItem\",\"position\":2,\"name\":\"Toiminta\",\"item\":\"https:\/\/meripelastus.fi\/kiviniemi\/toiminta\/\"},{\"@type\":\"ListItem\",\"position\":3,\"name\":\"Alukset\",\"item\":\"https:\/\/meripelastus.fi\/kiviniemi\/toiminta\/alukset\/\"},{\"@type\":\"ListItem\",\"position\":4,\"name\":\"PV328\"}]},{\"@type\":\"WebSite\",\"@id\":\"https:\/\/meripelastus.fi\/kiviniemi\/#website\",\"url\":\"https:\/\/meripelastus.fi\/kiviniemi\/\",\"name\":\"Kiviniemen Meripelastusyhdistys\",\"description\":\"Vapaaehtoiset apunasi vesill\u00e4\",\"potentialAction\":[{\"@type\":\"SearchAction\",\"target\":{\"@type\":\"EntryPoint\",\"urlTemplate\":\"https:\/\/meripelastus.fi\/kiviniemi\/?s={search_term_string}\"},\"query-input\":{\"@type\":\"PropertyValueSpecification\",\"valueRequired\":true,\"valueName\":\"search_term_string\"}}],\"inLanguage\":\"fi\"}]}<\/script>\n<!-- \/ Yoast SEO Premium plugin. -->","yoast_head_json":{"title":"PV328 - Kiviniemen Meripelastusyhdistys","robots":{"index":"index","follow":"follow","max-snippet":"max-snippet:-1","max-image-preview":"max-image-preview:large","max-video-preview":"max-video-preview:-1"},"canonical":"https:\/\/meripelastus.fi\/kiviniemi\/toiminta\/alukset\/pv328\/","og_locale":"fi_FI","og_type":"article","og_title":"PV328","og_description":"Kiviniemen Meripelastusyhdistyksen kalusto sai merkitt\u00e4v\u00e4n vahvistuksen kev\u00e4\u00e4ll\u00e4 2025, kun uusi pelastusalus saapui kotisatamaansa. Alus on Boomeranger C-3500 -tyyppinen nopea ja merikelpoinen RIB-alus, joka on alun perin rakennettu Rajavartiolaitoksen k\u00e4ytt\u00f6\u00f6n nopeaksi veneeksi ja sittemmin toiminut valtionyhti\u00f6 Arctian palveluksessa apuveneen\u00e4. Ennen k\u00e4ytt\u00f6\u00f6nottoa se on modernisoitu ja perusteellisesti kunnostettu telakalla vapaaehtoisten meripelastajien k\u00e4ytt\u00f6\u00f6n. Vuonna 1997 valmistettu ja PV3-luokkaan [&hellip;]","og_url":"https:\/\/meripelastus.fi\/kiviniemi\/toiminta\/alukset\/pv328\/","og_site_name":"Kiviniemen Meripelastusyhdistys","article_modified_time":"2025-09-17T15:08:45+00:00","og_image":[{"width":2560,"height":1707,"url":"https:\/\/meripelastus.fi\/kiviniemi\/wp-content\/uploads\/sites\/13\/2025\/06\/IMG_5140-scaled.jpg","type":"image\/jpeg"}],"twitter_card":"summary_large_image","twitter_misc":{"Arvioitu lukuaika":"2 minuuttia"},"schema":{"@context":"https:\/\/schema.org","@graph":[{"@type":"WebPage","@id":"https:\/\/meripelastus.fi\/kiviniemi\/toiminta\/alukset\/pv328\/","url":"https:\/\/meripelastus.fi\/kiviniemi\/toiminta\/alukset\/pv328\/","name":"PV328 - Kiviniemen Meripelastusyhdistys","isPartOf":{"@id":"https:\/\/meripelastus.fi\/kiviniemi\/#website"},"primaryImageOfPage":{"@id":"https:\/\/meripelastus.fi\/kiviniemi\/toiminta\/alukset\/pv328\/#primaryimage"},"image":{"@id":"https:\/\/meripelastus.fi\/kiviniemi\/toiminta\/alukset\/pv328\/#primaryimage"},"thumbnailUrl":"https:\/\/meripelastus.fi\/kiviniemi\/wp-content\/uploads\/sites\/13\/2025\/06\/IMG_5140-scaled.jpg","datePublished":"2025-05-07T20:46:02+00:00","dateModified":"2025-09-17T15:08:45+00:00","breadcrumb":{"@id":"https:\/\/meripelastus.fi\/kiviniemi\/toiminta\/alukset\/pv328\/#breadcrumb"},"inLanguage":"fi","potentialAction":[{"@type":"ReadAction","target":["https:\/\/meripelastus.fi\/kiviniemi\/toiminta\/alukset\/pv328\/"]}]},{"@type":"ImageObject","inLanguage":"fi","@id":"https:\/\/meripelastus.fi\/kiviniemi\/toiminta\/alukset\/pv328\/#primaryimage","url":"https:\/\/meripelastus.fi\/kiviniemi\/wp-content\/uploads\/sites\/13\/2025\/06\/IMG_5140-scaled.jpg","contentUrl":"https:\/\/meripelastus.fi\/kiviniemi\/wp-content\/uploads\/sites\/13\/2025\/06\/IMG_5140-scaled.jpg","width":2560,"height":1707},{"@type":"BreadcrumbList","@id":"https:\/\/meripelastus.fi\/kiviniemi\/toiminta\/alukset\/pv328\/#breadcrumb","itemListElement":[{"@type":"ListItem","position":1,"name":"Etusivu","item":"https:\/\/meripelastus.fi\/kiviniemi\/"},{"@type":"ListItem","position":2,"name":"Toiminta","item":"https:\/\/meripelastus.fi\/kiviniemi\/toiminta\/"},{"@type":"ListItem","position":3,"name":"Alukset","item":"https:\/\/meripelastus.fi\/kiviniemi\/toiminta\/alukset\/"},{"@type":"ListItem","position":4,"name":"PV328"}]},{"@type":"WebSite","@id":"https:\/\/meripelastus.fi\/kiviniemi\/#website","url":"https:\/\/meripelastus.fi\/kiviniemi\/","name":"Kiviniemen Meripelastusyhdistys","description":"Vapaaehtoiset apunasi vesill\u00e4","potentialAction":[{"@type":"SearchAction","target":{"@type":"EntryPoint","urlTemplate":"https:\/\/meripelastus.fi\/kiviniemi\/?s={search_term_string}"},"query-input":{"@type":"PropertyValueSpecification","valueRequired":true,"valueName":"search_term_string"}}],"inLanguage":"fi"}]}},"_links":{"self":[{"href":"https:\/\/meripelastus.fi\/kiviniemi\/wp-json\/wp\/v2\/pages\/1222","targetHints":{"allow":["GET"]}}],"collection":[{"href":"https:\/\/meripelastus.fi\/kiviniemi\/wp-json\/wp\/v2\/pages"}],"about":[{"href":"https:\/\/meripelastus.fi\/kiviniemi\/wp-json\/wp\/v2\/types\/page"}],"author":[{"embeddable":true,"href":"https:\/\/meripelastus.fi\/kiviniemi\/wp-json\/wp\/v2\/users\/103"}],"replies":[{"embeddable":true,"href":"https:\/\/meripelastus.fi\/kiviniemi\/wp-json\/wp\/v2\/comments?post=1222"}],"version-history":[{"count":13,"href":"https:\/\/meripelastus.fi\/kiviniemi\/wp-json\/wp\/v2\/pages\/1222\/revisions"}],"predecessor-version":[{"id":1377,"href":"https:\/\/meripelastus.fi\/kiviniemi\/wp-json\/wp\/v2\/pages\/1222\/revisions\/1377"}],"up":[{"embeddable":true,"href":"https:\/\/meripelastus.fi\/kiviniemi\/wp-json\/wp\/v2\/pages\/26"}],"wp:featuredmedia":[{"embeddable":true,"href":"https:\/\/meripelastus.fi\/kiviniemi\/wp-json\/wp\/v2\/media\/1301"}],"wp:attachment":[{"href":"https:\/\/meripelastus.fi\/kiviniemi\/wp-json\/wp\/v2\/media?parent=1222"}],"curies":[{"name":"wp","href":"https:\/\/api.w.org\/{rel}","templated":true}]}}