{"id":1162,"date":"2025-01-07T18:43:11","date_gmt":"2025-01-07T16:43:11","guid":{"rendered":"https:\/\/meripelastus.fi\/kiviniemi\/?page_id=1162"},"modified":"2026-03-25T10:39:30","modified_gmt":"2026-03-25T08:39:30","slug":"liity","status":"publish","type":"page","link":"https:\/\/meripelastus.fi\/kiviniemi\/liity\/","title":{"rendered":"Liity j\u00e4seneksi"},"content":{"rendered":"\n<p>Toimintamme rahoitetaan ensisijaisesti lahjoituksilla ja j\u00e4senmaksuilla. Liity j\u00e4seneksi ja varmista, ett\u00e4 p\u00e4\u00e4semme apuun my\u00f6s jatkossa. Yhdistyksemme henkil\u00f6j\u00e4senyys maksaa 39 \u20ac vuodessa ja j\u00e4senmaksu k\u00e4ytet\u00e4\u00e4n vapaaehtoisen toimintamme hyv\u00e4ksi.<\/p>\n\n\n\n<p>J\u00e4senen\u00e4 saat kaksi kertaa vuodessa ilmestyv\u00e4n Meripelastusseuran Trossi-j\u00e4senlehden sek\u00e4 Suomen Meripelastusseuran kattavat j\u00e4senedut.<\/p>\n\n\n\n<div class=\"wp-block-buttons is-content-justification-left is-layout-flex wp-container-core-buttons-is-layout-fdcfc74e wp-block-buttons-is-layout-flex\">\n<div class=\"wp-block-button is-style-fill\"><a class=\"wp-block-button__link wp-element-button\" href=\"#h-liittymislomake\">LIITY nyt<\/a><\/div>\n\n\n\n<div class=\"wp-block-button is-style-outline is-style-outline--1\"><a class=\"wp-block-button__link wp-element-button\" href=\"#jasenpalvelu\">TUTUSTU J\u00c4SENPALVELUUN<\/a><\/div>\n<\/div>\n\n\n\t\n   <div class=\"compass-wrapper\"><img loading=\"lazy\" decoding=\"async\" src=\"https:\/\/meripelastus.fi\/kiviniemi\/wp-content\/themes\/jarjestot\/img\/smps-kompassi-sininen.png\" width=\"1083\" height=\"110\" class=\"kompassi-block\" aria-hidden=\"true\"\/><\/div>\n\n\n<div class=\"wp-block-cover has-white-color has-text-color has-link-color wp-elements-c0075016e41a165f563fc3cef37ab676\" id=\"jasenpalvelu\"><img decoding=\"async\" class=\"wp-block-cover__image-background wp-image-2007\" alt=\"\" src=\"https:\/\/meripelastus.fi\/helsinki\/wp-content\/uploads\/sites\/21\/2024\/01\/smps-merikortti-tumma-yksityiskohdat.jpg\" data-object-fit=\"cover\"\/><span aria-hidden=\"true\" class=\"wp-block-cover__background has-background-dim-0 has-background-dim\"><\/span><div class=\"wp-block-cover__inner-container is-layout-constrained wp-block-cover-is-layout-constrained\">\n<div style=\"height:6rem\" aria-hidden=\"true\" class=\"wp-block-spacer\"><\/div>\n\n\n<div class=\"wp-block-image is-style-default\">\n<figure class=\"aligncenter size-large is-resized\"><img loading=\"lazy\" decoding=\"async\" width=\"1024\" height=\"183\" src=\"https:\/\/meripelastus.fi\/kiviniemi\/wp-content\/uploads\/sites\/13\/2026\/03\/smps-plus-ja-premium-1-1024x183.png\" alt=\"\" class=\"wp-image-1474\" style=\"aspect-ratio:5.597870554914508;width:230px;height:auto\" srcset=\"https:\/\/meripelastus.fi\/kiviniemi\/wp-content\/uploads\/sites\/13\/2026\/03\/smps-plus-ja-premium-1-1024x183.png 1024w, https:\/\/meripelastus.fi\/kiviniemi\/wp-content\/uploads\/sites\/13\/2026\/03\/smps-plus-ja-premium-1-300x54.png 300w, https:\/\/meripelastus.fi\/kiviniemi\/wp-content\/uploads\/sites\/13\/2026\/03\/smps-plus-ja-premium-1-768x137.png 768w, https:\/\/meripelastus.fi\/kiviniemi\/wp-content\/uploads\/sites\/13\/2026\/03\/smps-plus-ja-premium-1-1536x274.png 1536w, https:\/\/meripelastus.fi\/kiviniemi\/wp-content\/uploads\/sites\/13\/2026\/03\/smps-plus-ja-premium-1-2048x366.png 2048w\" sizes=\"auto, (max-width: 1024px) 100vw, 1024px\" \/><\/figure>\n<\/div>\n\n\n<h2 class=\"wp-block-heading has-text-align-center has-large-font-size\" id=\"h-meripelastusseuran-jasenpalvelu-turvanasi\">Meripelastusseuran j\u00e4senpalvelu turvanasi<\/h2>\n\n\n\n<p><\/p>\n\n\n\n<p class=\"has-text-align-center has-white-color has-text-color has-link-color wp-elements-99a6392eb6b5ec01b2cdbeea6033c229\">Ihmiset pelastetaan vesill\u00e4 aina korvauksetta, mutta veneen kiireett\u00f6m\u00e4st\u00e4 siirrosta turvaan joudutaan yleens\u00e4 perim\u00e4\u00e4n kulukorvaus. Hankkimalla Meripelastusseuran <strong>Plus<\/strong>-j\u00e4senpalvelun varmistat veneellesi avun j\u00e4senetuna silloinkin, kun ihmisi\u00e4 ei ole vaarassa. <strong>Premium<\/strong>-j\u00e4senpalvelu takaa saman avun kaikille veneillesi, my\u00f6s perheesi yhteisk\u00e4yt\u00f6ss\u00e4, sek\u00e4 sinulle veneilless\u00e4si jonkun muun omistamalla veneell\u00e4. J\u00e4senen\u00e4 tuet my\u00f6s vapaaehtoista meripelastusty\u00f6t\u00e4.<\/p>\n\n\n\n<p class=\"has-text-align-center has-white-color has-text-color has-link-color wp-elements-5de289a8af374308fc41f65ba9e025c3\">Ilman j\u00e4senpalvelua veneen hinaus maksaa keskim\u00e4\u00e4rin noin 400 euroa. Sill\u00e4 kustannat j\u00e4senyyden itsellesi vuosiksi.<\/p>\n\n\n\n<div class=\"wp-block-buttons is-content-justification-center is-layout-flex wp-container-core-buttons-is-layout-16018d1d wp-block-buttons-is-layout-flex\">\n<div class=\"wp-block-button is-style-fill\"><a class=\"wp-block-button__link has-blue-color has-white-background-color has-text-color has-background has-link-color wp-element-button\" href=\"https:\/\/meripelastus.fi\/jaseneksi\/\" target=\"_blank\" rel=\"noreferrer noopener\">Lue lis\u00e4\u00e4 <i class=\"fa-solid fa-up-right-from-square\"><\/i><\/a><\/div>\n\n\n\n<div class=\"wp-block-button is-style-outline is-style-outline--2\"><a class=\"wp-block-button__link wp-element-button\" href=\"#h-liittymislomake\">Liity j\u00e4seneksi<\/a><\/div>\n<\/div>\n\n\n\n<div style=\"height:6rem\" aria-hidden=\"true\" class=\"wp-block-spacer\"><\/div>\n<\/div><\/div>\n\n\n\n\n\n\n\n\n\n\n\n\n\n\n\n<h2 class=\"wp-block-heading\" id=\"h-liittymislomake\">Liittymislomake<\/h2>\n\n\n\n<p><strong>Liity uudeksi j\u00e4seneksi valitsemalla Haluan liitty\u00e4 Plus-j\u00e4seneksi tai haluan liitty\u00e4 Premium-j\u00e4seneksi. Maksettuasi laskun on j\u00e4senyys voimassa heti. Lataa digitaalinen j\u00e4senkortti Cardu-sovelluksesta. Liimaa veneeseen postitse saamasi venetarra ja pid\u00e4 j\u00e4senkortti mukanasi veneilless\u00e4. Seuraavan kalenterivuoden j\u00e4senmaksu l\u00e4hetet\u00e4\u00e4n sinulle automaattisesti, jollet irtisano j\u00e4senyytt\u00e4.<\/strong><\/p>\n\n\n\t\n\t<!--------TROSSI-FORM--------->\n\t<section id=\"liity\" class=\"section-trossi-form has-white-background-color pt-5\">\n\t\t<div class=\"container\">\t\t\n\t\t\t<div class=\"row\">\n\t\t\t\t<div class=\"col-10 offset-1 offset-md-0 col-md-12\">\n\t\t\t\t\t\t\t\t\t\t\t\t\t\t\t\t\t\t\n\t\t\t\t\t\t\t<iframe style=\"width:100%;border-width:0; height:auto;\" src=\"https:\/\/messi.meripelastus.fi\/forms\/fi\/join\/7\" class=\"resizejs\" title=\"Liittymislomake\" name=\"liittymislomake\" seamless=\"\">\n\t\t\t\t\t\t\t<a href=\"https:\/\/messi.meripelastus.fi\/forms\/fi\/join\/7\">Liity t\u00e4st\u00e4<\/a><\/iframe>\n\t\t\t\t\t\t\t\t\t\t\t\t\t\t\t<\/div>\n\t\t\t<\/div>\n\t\t<\/div>\n\t<\/section>\n\n\n<p><\/p>\n","protected":false},"excerpt":{"rendered":"<p>Toimintamme rahoitetaan ensisijaisesti lahjoituksilla ja j\u00e4senmaksuilla. Liity j\u00e4seneksi ja varmista, ett\u00e4 p\u00e4\u00e4semme apuun my\u00f6s jatkossa. Yhdistyksemme henkil\u00f6j\u00e4senyys maksaa 39 \u20ac vuodessa ja j\u00e4senmaksu k\u00e4ytet\u00e4\u00e4n vapaaehtoisen toimintamme hyv\u00e4ksi. J\u00e4senen\u00e4 saat kaksi kertaa vuodessa ilmestyv\u00e4n Meripelastusseuran Trossi-j\u00e4senlehden sek\u00e4 Suomen Meripelastusseuran kattavat j\u00e4senedut. Meripelastusseuran j\u00e4senpalvelu turvanasi Liittymislomake Liity uudeksi j\u00e4seneksi valitsemalla Haluan liitty\u00e4 Plus-j\u00e4seneksi tai haluan liitty\u00e4 Premium-j\u00e4seneksi. [&hellip;]<\/p>\n","protected":false},"author":103,"featured_media":1386,"parent":0,"menu_order":0,"comment_status":"closed","ping_status":"closed","template":"","meta":{"_acf_changed":false,"inline_featured_image":false,"footnotes":""},"class_list":["post-1162","page","type-page","status-publish","has-post-thumbnail","hentry"],"acf":[],"yoast_head":"<!-- This site is optimized with the Yoast SEO Premium plugin v27.2 (Yoast SEO v27.2) - https:\/\/yoast.com\/product\/yoast-seo-premium-wordpress\/ -->\n<title>Liity j\u00e4seneksi - Kiviniemen Meripelastusyhdistys<\/title>\n<meta name=\"robots\" content=\"index, follow, max-snippet:-1, max-image-preview:large, max-video-preview:-1\" \/>\n<link rel=\"canonical\" href=\"https:\/\/meripelastus.fi\/kiviniemi\/liity\/\" \/>\n<meta property=\"og:locale\" content=\"fi_FI\" \/>\n<meta property=\"og:type\" content=\"article\" \/>\n<meta property=\"og:title\" content=\"Liity j\u00e4seneksi\" \/>\n<meta property=\"og:description\" content=\"Toimintamme rahoitetaan ensisijaisesti lahjoituksilla ja j\u00e4senmaksuilla. Liity j\u00e4seneksi ja varmista, ett\u00e4 p\u00e4\u00e4semme apuun my\u00f6s jatkossa. Yhdistyksemme henkil\u00f6j\u00e4senyys maksaa 39 \u20ac vuodessa ja j\u00e4senmaksu k\u00e4ytet\u00e4\u00e4n vapaaehtoisen toimintamme hyv\u00e4ksi. J\u00e4senen\u00e4 saat kaksi kertaa vuodessa ilmestyv\u00e4n Meripelastusseuran Trossi-j\u00e4senlehden sek\u00e4 Suomen Meripelastusseuran kattavat j\u00e4senedut. Meripelastusseuran j\u00e4senpalvelu turvanasi Liittymislomake Liity uudeksi j\u00e4seneksi valitsemalla Haluan liitty\u00e4 Plus-j\u00e4seneksi tai haluan liitty\u00e4 Premium-j\u00e4seneksi. [&hellip;]\" \/>\n<meta property=\"og:url\" content=\"https:\/\/meripelastus.fi\/kiviniemi\/liity\/\" \/>\n<meta property=\"og:site_name\" content=\"Kiviniemen Meripelastusyhdistys\" \/>\n<meta property=\"article:modified_time\" content=\"2026-03-25T08:39:30+00:00\" \/>\n<meta property=\"og:image\" content=\"https:\/\/meripelastus.fi\/kiviniemi\/wp-content\/uploads\/sites\/13\/2025\/09\/IMG_8912.jpg\" \/>\n\t<meta property=\"og:image:width\" content=\"2048\" \/>\n\t<meta property=\"og:image:height\" content=\"1365\" \/>\n\t<meta property=\"og:image:type\" content=\"image\/jpeg\" \/>\n<meta name=\"twitter:card\" content=\"summary_large_image\" \/>\n<meta name=\"twitter:label1\" content=\"Arvioitu lukuaika\" \/>\n\t<meta name=\"twitter:data1\" content=\"1 minuutti\" \/>\n<script type=\"application\/ld+json\" class=\"yoast-schema-graph\">{\"@context\":\"https:\/\/schema.org\",\"@graph\":[{\"@type\":\"WebPage\",\"@id\":\"https:\/\/meripelastus.fi\/kiviniemi\/liity\/\",\"url\":\"https:\/\/meripelastus.fi\/kiviniemi\/liity\/\",\"name\":\"Liity j\u00e4seneksi - Kiviniemen Meripelastusyhdistys\",\"isPartOf\":{\"@id\":\"https:\/\/meripelastus.fi\/kiviniemi\/#website\"},\"primaryImageOfPage\":{\"@id\":\"https:\/\/meripelastus.fi\/kiviniemi\/liity\/#primaryimage\"},\"image\":{\"@id\":\"https:\/\/meripelastus.fi\/kiviniemi\/liity\/#primaryimage\"},\"thumbnailUrl\":\"https:\/\/meripelastus.fi\/kiviniemi\/wp-content\/uploads\/sites\/13\/2025\/09\/IMG_8912.jpg\",\"datePublished\":\"2025-01-07T16:43:11+00:00\",\"dateModified\":\"2026-03-25T08:39:30+00:00\",\"breadcrumb\":{\"@id\":\"https:\/\/meripelastus.fi\/kiviniemi\/liity\/#breadcrumb\"},\"inLanguage\":\"fi\",\"potentialAction\":[{\"@type\":\"ReadAction\",\"target\":[\"https:\/\/meripelastus.fi\/kiviniemi\/liity\/\"]}]},{\"@type\":\"ImageObject\",\"inLanguage\":\"fi\",\"@id\":\"https:\/\/meripelastus.fi\/kiviniemi\/liity\/#primaryimage\",\"url\":\"https:\/\/meripelastus.fi\/kiviniemi\/wp-content\/uploads\/sites\/13\/2025\/09\/IMG_8912.jpg\",\"contentUrl\":\"https:\/\/meripelastus.fi\/kiviniemi\/wp-content\/uploads\/sites\/13\/2025\/09\/IMG_8912.jpg\",\"width\":2048,\"height\":1365},{\"@type\":\"BreadcrumbList\",\"@id\":\"https:\/\/meripelastus.fi\/kiviniemi\/liity\/#breadcrumb\",\"itemListElement\":[{\"@type\":\"ListItem\",\"position\":1,\"name\":\"Etusivu\",\"item\":\"https:\/\/meripelastus.fi\/kiviniemi\/\"},{\"@type\":\"ListItem\",\"position\":2,\"name\":\"Liity j\u00e4seneksi\"}]},{\"@type\":\"WebSite\",\"@id\":\"https:\/\/meripelastus.fi\/kiviniemi\/#website\",\"url\":\"https:\/\/meripelastus.fi\/kiviniemi\/\",\"name\":\"Kiviniemen Meripelastusyhdistys\",\"description\":\"Vapaaehtoiset apunasi vesill\u00e4\",\"potentialAction\":[{\"@type\":\"SearchAction\",\"target\":{\"@type\":\"EntryPoint\",\"urlTemplate\":\"https:\/\/meripelastus.fi\/kiviniemi\/?s={search_term_string}\"},\"query-input\":{\"@type\":\"PropertyValueSpecification\",\"valueRequired\":true,\"valueName\":\"search_term_string\"}}],\"inLanguage\":\"fi\"}]}<\/script>\n<!-- \/ Yoast SEO Premium plugin. -->","yoast_head_json":{"title":"Liity j\u00e4seneksi - Kiviniemen Meripelastusyhdistys","robots":{"index":"index","follow":"follow","max-snippet":"max-snippet:-1","max-image-preview":"max-image-preview:large","max-video-preview":"max-video-preview:-1"},"canonical":"https:\/\/meripelastus.fi\/kiviniemi\/liity\/","og_locale":"fi_FI","og_type":"article","og_title":"Liity j\u00e4seneksi","og_description":"Toimintamme rahoitetaan ensisijaisesti lahjoituksilla ja j\u00e4senmaksuilla. Liity j\u00e4seneksi ja varmista, ett\u00e4 p\u00e4\u00e4semme apuun my\u00f6s jatkossa. Yhdistyksemme henkil\u00f6j\u00e4senyys maksaa 39 \u20ac vuodessa ja j\u00e4senmaksu k\u00e4ytet\u00e4\u00e4n vapaaehtoisen toimintamme hyv\u00e4ksi. J\u00e4senen\u00e4 saat kaksi kertaa vuodessa ilmestyv\u00e4n Meripelastusseuran Trossi-j\u00e4senlehden sek\u00e4 Suomen Meripelastusseuran kattavat j\u00e4senedut. Meripelastusseuran j\u00e4senpalvelu turvanasi Liittymislomake Liity uudeksi j\u00e4seneksi valitsemalla Haluan liitty\u00e4 Plus-j\u00e4seneksi tai haluan liitty\u00e4 Premium-j\u00e4seneksi. [&hellip;]","og_url":"https:\/\/meripelastus.fi\/kiviniemi\/liity\/","og_site_name":"Kiviniemen Meripelastusyhdistys","article_modified_time":"2026-03-25T08:39:30+00:00","og_image":[{"width":2048,"height":1365,"url":"https:\/\/meripelastus.fi\/kiviniemi\/wp-content\/uploads\/sites\/13\/2025\/09\/IMG_8912.jpg","type":"image\/jpeg"}],"twitter_card":"summary_large_image","twitter_misc":{"Arvioitu lukuaika":"1 minuutti"},"schema":{"@context":"https:\/\/schema.org","@graph":[{"@type":"WebPage","@id":"https:\/\/meripelastus.fi\/kiviniemi\/liity\/","url":"https:\/\/meripelastus.fi\/kiviniemi\/liity\/","name":"Liity j\u00e4seneksi - Kiviniemen Meripelastusyhdistys","isPartOf":{"@id":"https:\/\/meripelastus.fi\/kiviniemi\/#website"},"primaryImageOfPage":{"@id":"https:\/\/meripelastus.fi\/kiviniemi\/liity\/#primaryimage"},"image":{"@id":"https:\/\/meripelastus.fi\/kiviniemi\/liity\/#primaryimage"},"thumbnailUrl":"https:\/\/meripelastus.fi\/kiviniemi\/wp-content\/uploads\/sites\/13\/2025\/09\/IMG_8912.jpg","datePublished":"2025-01-07T16:43:11+00:00","dateModified":"2026-03-25T08:39:30+00:00","breadcrumb":{"@id":"https:\/\/meripelastus.fi\/kiviniemi\/liity\/#breadcrumb"},"inLanguage":"fi","potentialAction":[{"@type":"ReadAction","target":["https:\/\/meripelastus.fi\/kiviniemi\/liity\/"]}]},{"@type":"ImageObject","inLanguage":"fi","@id":"https:\/\/meripelastus.fi\/kiviniemi\/liity\/#primaryimage","url":"https:\/\/meripelastus.fi\/kiviniemi\/wp-content\/uploads\/sites\/13\/2025\/09\/IMG_8912.jpg","contentUrl":"https:\/\/meripelastus.fi\/kiviniemi\/wp-content\/uploads\/sites\/13\/2025\/09\/IMG_8912.jpg","width":2048,"height":1365},{"@type":"BreadcrumbList","@id":"https:\/\/meripelastus.fi\/kiviniemi\/liity\/#breadcrumb","itemListElement":[{"@type":"ListItem","position":1,"name":"Etusivu","item":"https:\/\/meripelastus.fi\/kiviniemi\/"},{"@type":"ListItem","position":2,"name":"Liity j\u00e4seneksi"}]},{"@type":"WebSite","@id":"https:\/\/meripelastus.fi\/kiviniemi\/#website","url":"https:\/\/meripelastus.fi\/kiviniemi\/","name":"Kiviniemen Meripelastusyhdistys","description":"Vapaaehtoiset apunasi vesill\u00e4","potentialAction":[{"@type":"SearchAction","target":{"@type":"EntryPoint","urlTemplate":"https:\/\/meripelastus.fi\/kiviniemi\/?s={search_term_string}"},"query-input":{"@type":"PropertyValueSpecification","valueRequired":true,"valueName":"search_term_string"}}],"inLanguage":"fi"}]}},"_links":{"self":[{"href":"https:\/\/meripelastus.fi\/kiviniemi\/wp-json\/wp\/v2\/pages\/1162","targetHints":{"allow":["GET"]}}],"collection":[{"href":"https:\/\/meripelastus.fi\/kiviniemi\/wp-json\/wp\/v2\/pages"}],"about":[{"href":"https:\/\/meripelastus.fi\/kiviniemi\/wp-json\/wp\/v2\/types\/page"}],"author":[{"embeddable":true,"href":"https:\/\/meripelastus.fi\/kiviniemi\/wp-json\/wp\/v2\/users\/103"}],"replies":[{"embeddable":true,"href":"https:\/\/meripelastus.fi\/kiviniemi\/wp-json\/wp\/v2\/comments?post=1162"}],"version-history":[{"count":35,"href":"https:\/\/meripelastus.fi\/kiviniemi\/wp-json\/wp\/v2\/pages\/1162\/revisions"}],"predecessor-version":[{"id":1526,"href":"https:\/\/meripelastus.fi\/kiviniemi\/wp-json\/wp\/v2\/pages\/1162\/revisions\/1526"}],"wp:featuredmedia":[{"embeddable":true,"href":"https:\/\/meripelastus.fi\/kiviniemi\/wp-json\/wp\/v2\/media\/1386"}],"wp:attachment":[{"href":"https:\/\/meripelastus.fi\/kiviniemi\/wp-json\/wp\/v2\/media?parent=1162"}],"curies":[{"name":"wp","href":"https:\/\/api.w.org\/{rel}","templated":true}]}}