{"id":982,"date":"2025-02-24T18:22:35","date_gmt":"2025-02-24T16:22:35","guid":{"rendered":"https:\/\/meripelastus.fi\/kemionsaari\/?page_id=982"},"modified":"2025-03-05T17:44:05","modified_gmt":"2025-03-05T15:44:05","slug":"tulokas","status":"publish","type":"page","link":"https:\/\/meripelastus.fi\/kemionsaari\/fi\/toiminta\/tulokas\/","title":{"rendered":"Tulokaskoulutus"},"content":{"rendered":"\n<p>Kiinnostaako uusi harrastus, jossa p\u00e4\u00e4set liikkumaan merell\u00e4, oppimaan paljon uutta ja auttamaan avuntarpeessa olevia veneilij\u00f6it\u00e4?<\/p>\n\n\n\n<p class=\"has-medium-font-size\">Haemme uusia j\u00e4seni\u00e4 Kemi\u00f6nsaaren Meripelastajien toimintaan! Vapaaehtoinen meripelastus on paljon enemm\u00e4n kuin harrastus \u2013 se on mahdollisuus kokea ainutlaatuisia el\u00e4myksi\u00e4 vesill\u00e4 hyv\u00e4ss\u00e4 seurassa.<br><br>Emme edellyt\u00e4 veneilykokemusta tai muuta erityisosaamista. Halu auttaa, into oppia uutta ja mahdollisuus sitoutua aikaa viev\u00e4\u00e4n harrastukseen riitt\u00e4v\u00e4t. Koulutusohjelman kautta saat kattavan perehdytyksen veneilyyn ja navigointiin sek\u00e4 saat koulutuksen ja p\u00e4\u00e4set harjoittelemaan hengenpelastustaitoja. Heti tulokaskurssin j\u00e4lkeen sinulla on mahdollisuus l\u00e4hte\u00e4 mukaan pelastusveneemme Monan kyytiin, oppimaan kuinka veneilij\u00f6it\u00e4 k\u00e4yt\u00e4nn\u00f6ss\u00e4 autetaan.<br><br><strong>Tervetuloa tulokaskoulutuksemme infotilaisuuksiin torstaina 27.3 klo 18\u201320 tai lauantaina 29.3. klo 10\u201312. Tilaisuudet j\u00e4rjestet\u00e4\u00e4n tukikohdassamme Taalintehtaalla<\/strong> (Dalscenter \/ Taalintehtaantie 709).\u00a0Mahdollisia kysymyksi\u00e4 voit l\u00e4hett\u00e4\u00e4 osoitteeseen <a href=\"mailto:info@sar-kemionsaari.fi\">info@sar-kemionsaari.fi<\/a>.<br><br>Infotilaisuudessa sinun on mahdollisuus hakea tulokaskoulutukseemme, jonka teoriaosuudet j\u00e4rjestet\u00e4\u00e4n to 3.4., ke 9.4. ja ti 22.4. klo 18\u201321. Koulutus jatkuu k\u00e4yt\u00e4nn\u00f6n harjoituksilla toukokuussa.<br><br>Tervetuloa mukaan toimintaamme!<br><br><strong>NYB\u00d6RJARSKOLNING<\/strong><\/p>\n\n\n\n<p><\/p>\n\n\n\n<p>\u00c4r du intresserad av en ny hobby d\u00e4r du f\u00e5r r\u00f6ra p\u00e5 dig till sj\u00f6ss, l\u00e4ra dig mycket nytt och hj\u00e4lpa b\u00e5t\u00e4gare som beh\u00f6ver hj\u00e4lp?<br>Vi s\u00f6ker nya medlemmar till Kimito\u00f6ns Sj\u00f6r\u00e4ddares verksamhet ! Frivillig sj\u00f6r\u00e4ddning \u00e4r mycket mer \u00e4n en hobby \u2013 det \u00e4r en m\u00f6jlighet att vara med om unika upplevelser p\u00e5 vattnet i gott s\u00e4llskap.<\/p>\n\n\n\n<p>Vi kr\u00e4ver inte erfarenhet av b\u00e5tliv eller n\u00e5gon annan s\u00e4rskild expertkunskap. Viljan att hj\u00e4lpa, &nbsp;ivrighet att l\u00e4ra sig nya saker och m\u00f6jlighet att engagera sig i en tidskr\u00e4vande hobby \u00e4r tillr\u00e4ckligt. Genom utbildningsprogrammet f\u00e5r du en grundlig introduktion till b\u00e5tliv och navigation, samt utbildning och praktisk tr\u00e4ning i livr\u00e4ddning. Direkt efter introduktionskursen har du m\u00f6jlighet att f\u00f6lja med p\u00e5 v\u00e5r r\u00e4ddningsb\u00e5t Mona, f\u00f6r att l\u00e4ra dig hur b\u00e5t\u00e4gare praktiskt hj\u00e4lps.<\/p>\n\n\n\n<p><strong>V\u00e4lkommen till v\u00e5ra informationstillf\u00e4llen om nyb\u00f6rjarkurskolningen torsdagen den 27.03 kl. 18\u201320 eller l\u00f6rdagen den 29.03 kl. 10\u201312. Tillf\u00e4llena h\u00e5lls vid v\u00e5r bas i Dalsbruk <\/strong>(Dalscenter \/ Dalsbruksv\u00e4gen 709). Fr\u00e5gor kan skickas till<a href=\"mailto:info@sar-kemionsaari.fi\"> info@sar-kemionsaari.fi<\/a>.<\/p>\n\n\n\n<p>Under informationstillf\u00e4llena har du m\u00f6jlighet att ans\u00f6ka till v\u00e5r nyb\u00f6rjarskolning, vars teoripass h\u00e5lls torsdag 3.04, onsdag 9.04 och tisdag 22.04 kl. 18\u201321. Utbildningen forts\u00e4tter med praktiska \u00f6vningar i maj.<\/p>\n\n\n\n<p>V\u00e4lkommen att vara med i v\u00e5r verksamhet!<\/p>\n\n\n\n<p><\/p>\n\n\n\n<p><\/p>\n\n\n\n<p><\/p>\n\n\n\n<div class=\"wpcf7 no-js\" id=\"wpcf7-f981-o1\" lang=\"fi\" dir=\"ltr\" data-wpcf7-id=\"981\">\n<div class=\"screen-reader-response\"><p role=\"status\" aria-live=\"polite\" aria-atomic=\"true\"><\/p> <ul><\/ul><\/div>\n<form action=\"\/kemionsaari\/wp-json\/wp\/v2\/pages\/982#wpcf7-f981-o1\" method=\"post\" class=\"wpcf7-form init\" aria-label=\"Yhteydenottolomake\" novalidate=\"novalidate\" data-status=\"init\">\n<fieldset class=\"hidden-fields-container\"><input type=\"hidden\" name=\"_wpcf7\" value=\"981\" \/><input type=\"hidden\" name=\"_wpcf7_version\" value=\"6.1.5\" \/><input type=\"hidden\" name=\"_wpcf7_locale\" value=\"fi\" \/><input type=\"hidden\" name=\"_wpcf7_unit_tag\" value=\"wpcf7-f981-o1\" \/><input type=\"hidden\" name=\"_wpcf7_container_post\" value=\"0\" \/><input type=\"hidden\" name=\"_wpcf7_posted_data_hash\" value=\"\" \/><input type=\"hidden\" name=\"_wpcf7_recaptcha_response\" value=\"\" \/>\n<\/fieldset>\n<p><label> Nimi \/ Namn<br \/>\n<span class=\"wpcf7-form-control-wrap\" data-name=\"your-name\"><input size=\"40\" maxlength=\"400\" class=\"wpcf7-form-control wpcf7-text wpcf7-validates-as-required\" autocomplete=\"name\" aria-required=\"true\" aria-invalid=\"false\" value=\"\" type=\"text\" name=\"your-name\" \/><\/span> <\/label>\n<\/p>\n<p><label> S\u00e4hk\u00f6postiosoite \/ E-postadress<br \/>\n<span class=\"wpcf7-form-control-wrap\" data-name=\"your-email\"><input size=\"40\" maxlength=\"400\" class=\"wpcf7-form-control wpcf7-email wpcf7-validates-as-required wpcf7-text wpcf7-validates-as-email\" autocomplete=\"email\" aria-required=\"true\" aria-invalid=\"false\" value=\"\" type=\"email\" name=\"your-email\" \/><\/span> <\/label>\n<\/p>\n<p><label> Puhelinnumero \/ Telefonnummer<br \/>\n<span class=\"wpcf7-form-control-wrap\" data-name=\"tel-820\"><input size=\"40\" maxlength=\"400\" class=\"wpcf7-form-control wpcf7-tel wpcf7-text wpcf7-validates-as-tel\" aria-invalid=\"false\" value=\"\" type=\"tel\" name=\"tel-820\" \/><\/span> <\/label>\n<\/p>\n<p><span class=\"wpcf7-form-control-wrap\" data-name=\"radio-975\"><span class=\"wpcf7-form-control wpcf7-radio\"><span class=\"wpcf7-list-item first\"><label><input type=\"radio\" name=\"radio-975\" value=\"Osallistun torstaina 27.3. klo 18-20 \/ Jag deltar p\u00e5 torsgag 27.3. kl 18-20\" \/><span class=\"wpcf7-list-item-label\">Osallistun torstaina 27.3. klo 18-20 \/ Jag deltar p\u00e5 torsgag 27.3. kl 18-20<\/span><\/label><\/span><span class=\"wpcf7-list-item last\"><label><input type=\"radio\" name=\"radio-975\" value=\"Osallistun lauantaina 29.3. klo 10-12 \/ Jag deltar p\u00e5 l\u00f6rdag 29.3. kl 10-12\" \/><span class=\"wpcf7-list-item-label\">Osallistun lauantaina 29.3. klo 10-12 \/ Jag deltar p\u00e5 l\u00f6rdag 29.3. kl 10-12<\/span><\/label><\/span><\/span><\/span>\n<\/p>\n<p><label> Viesti (valinnainen) \/ Meddelande (valfritt)<br \/>\n<span class=\"wpcf7-form-control-wrap\" data-name=\"your-message\"><textarea cols=\"40\" rows=\"10\" maxlength=\"2000\" class=\"wpcf7-form-control wpcf7-textarea\" aria-invalid=\"false\" name=\"your-message\"><\/textarea><\/span> <\/label>\n<\/p>\n<p><input class=\"wpcf7-form-control wpcf7-submit has-spinner\" type=\"submit\" value=\"L\u00e4het\u00e4\" \/>\n<\/p><div class=\"wpcf7-response-output\" aria-hidden=\"true\"><\/div>\n<\/form>\n<\/div>\n\n","protected":false},"excerpt":{"rendered":"<p>Kiinnostaako uusi harrastus, jossa p\u00e4\u00e4set liikkumaan merell\u00e4, oppimaan paljon uutta ja auttamaan avuntarpeessa olevia veneilij\u00f6it\u00e4? Haemme uusia j\u00e4seni\u00e4 Kemi\u00f6nsaaren Meripelastajien toimintaan! Vapaaehtoinen meripelastus on paljon enemm\u00e4n kuin harrastus \u2013 se on mahdollisuus kokea ainutlaatuisia el\u00e4myksi\u00e4 vesill\u00e4 hyv\u00e4ss\u00e4 seurassa. Emme edellyt\u00e4 veneilykokemusta tai muuta erityisosaamista. Halu auttaa, into oppia uutta ja mahdollisuus sitoutua aikaa viev\u00e4\u00e4n harrastukseen [&hellip;]<\/p>\n","protected":false},"author":131,"featured_media":0,"parent":20,"menu_order":5,"comment_status":"closed","ping_status":"closed","template":"","meta":{"_acf_changed":false,"inline_featured_image":false,"footnotes":""},"class_list":["post-982","page","type-page","status-publish","hentry"],"acf":[],"yoast_head":"<!-- This site is optimized with the Yoast SEO Premium plugin v27.4 (Yoast SEO v27.4) - https:\/\/yoast.com\/product\/yoast-seo-premium-wordpress\/ -->\n<title>Tulokaskoulutus - Kemi\u00f6nsaaren Meripelastajat<\/title>\n<meta name=\"robots\" content=\"index, follow, max-snippet:-1, max-image-preview:large, max-video-preview:-1\" \/>\n<link rel=\"canonical\" href=\"https:\/\/meripelastus.fi\/kemionsaari\/fi\/toiminta\/tulokas\/\" \/>\n<meta property=\"og:locale\" content=\"sv_SE\" \/>\n<meta property=\"og:type\" content=\"article\" \/>\n<meta property=\"og:title\" content=\"Tulokaskoulutus\" \/>\n<meta property=\"og:description\" content=\"Kiinnostaako uusi harrastus, jossa p\u00e4\u00e4set liikkumaan merell\u00e4, oppimaan paljon uutta ja auttamaan avuntarpeessa olevia veneilij\u00f6it\u00e4? Haemme uusia j\u00e4seni\u00e4 Kemi\u00f6nsaaren Meripelastajien toimintaan! Vapaaehtoinen meripelastus on paljon enemm\u00e4n kuin harrastus \u2013 se on mahdollisuus kokea ainutlaatuisia el\u00e4myksi\u00e4 vesill\u00e4 hyv\u00e4ss\u00e4 seurassa. Emme edellyt\u00e4 veneilykokemusta tai muuta erityisosaamista. Halu auttaa, into oppia uutta ja mahdollisuus sitoutua aikaa viev\u00e4\u00e4n harrastukseen [&hellip;]\" \/>\n<meta property=\"og:url\" content=\"https:\/\/meripelastus.fi\/kemionsaari\/fi\/toiminta\/tulokas\/\" \/>\n<meta property=\"og:site_name\" content=\"Kemi\u00f6nsaaren Meripelastajat\" \/>\n<meta property=\"article:modified_time\" content=\"2025-03-05T15:44:05+00:00\" \/>\n<meta name=\"twitter:card\" content=\"summary_large_image\" \/>\n<meta name=\"twitter:label1\" content=\"Ber\u00e4knad l\u00e4stid\" \/>\n\t<meta name=\"twitter:data1\" content=\"2 minuter\" \/>\n<script type=\"application\/ld+json\" class=\"yoast-schema-graph\">{\"@context\":\"https:\\\/\\\/schema.org\",\"@graph\":[{\"@type\":\"WebPage\",\"@id\":\"https:\\\/\\\/meripelastus.fi\\\/kemionsaari\\\/fi\\\/toiminta\\\/tulokas\\\/\",\"url\":\"https:\\\/\\\/meripelastus.fi\\\/kemionsaari\\\/fi\\\/toiminta\\\/tulokas\\\/\",\"name\":\"Tulokaskoulutus - Kemi\u00f6nsaaren Meripelastajat\",\"isPartOf\":{\"@id\":\"https:\\\/\\\/meripelastus.fi\\\/kemionsaari\\\/#website\"},\"datePublished\":\"2025-02-24T16:22:35+00:00\",\"dateModified\":\"2025-03-05T15:44:05+00:00\",\"breadcrumb\":{\"@id\":\"https:\\\/\\\/meripelastus.fi\\\/kemionsaari\\\/fi\\\/toiminta\\\/tulokas\\\/#breadcrumb\"},\"inLanguage\":\"sv-SE\",\"potentialAction\":[{\"@type\":\"ReadAction\",\"target\":[\"https:\\\/\\\/meripelastus.fi\\\/kemionsaari\\\/fi\\\/toiminta\\\/tulokas\\\/\"]}]},{\"@type\":\"BreadcrumbList\",\"@id\":\"https:\\\/\\\/meripelastus.fi\\\/kemionsaari\\\/fi\\\/toiminta\\\/tulokas\\\/#breadcrumb\",\"itemListElement\":[{\"@type\":\"ListItem\",\"position\":1,\"name\":\"Home\",\"item\":\"https:\\\/\\\/meripelastus.fi\\\/kemionsaari\\\/\"},{\"@type\":\"ListItem\",\"position\":2,\"name\":\"Toiminta\",\"item\":\"https:\\\/\\\/meripelastus.fi\\\/kemionsaari\\\/fi\\\/toiminta\\\/\"},{\"@type\":\"ListItem\",\"position\":3,\"name\":\"Tulokaskoulutus\"}]},{\"@type\":\"WebSite\",\"@id\":\"https:\\\/\\\/meripelastus.fi\\\/kemionsaari\\\/#website\",\"url\":\"https:\\\/\\\/meripelastus.fi\\\/kemionsaari\\\/\",\"name\":\"Kemi\u00f6nsaaren Meripelastajat\",\"description\":\"Vapaaehtoiset apunasi vesill\u00e4\",\"potentialAction\":[{\"@type\":\"SearchAction\",\"target\":{\"@type\":\"EntryPoint\",\"urlTemplate\":\"https:\\\/\\\/meripelastus.fi\\\/kemionsaari\\\/?s={search_term_string}\"},\"query-input\":{\"@type\":\"PropertyValueSpecification\",\"valueRequired\":true,\"valueName\":\"search_term_string\"}}],\"inLanguage\":\"sv-SE\"}]}<\/script>\n<!-- \/ Yoast SEO Premium plugin. -->","yoast_head_json":{"title":"Tulokaskoulutus - Kemi\u00f6nsaaren Meripelastajat","robots":{"index":"index","follow":"follow","max-snippet":"max-snippet:-1","max-image-preview":"max-image-preview:large","max-video-preview":"max-video-preview:-1"},"canonical":"https:\/\/meripelastus.fi\/kemionsaari\/fi\/toiminta\/tulokas\/","og_locale":"sv_SE","og_type":"article","og_title":"Tulokaskoulutus","og_description":"Kiinnostaako uusi harrastus, jossa p\u00e4\u00e4set liikkumaan merell\u00e4, oppimaan paljon uutta ja auttamaan avuntarpeessa olevia veneilij\u00f6it\u00e4? Haemme uusia j\u00e4seni\u00e4 Kemi\u00f6nsaaren Meripelastajien toimintaan! Vapaaehtoinen meripelastus on paljon enemm\u00e4n kuin harrastus \u2013 se on mahdollisuus kokea ainutlaatuisia el\u00e4myksi\u00e4 vesill\u00e4 hyv\u00e4ss\u00e4 seurassa. Emme edellyt\u00e4 veneilykokemusta tai muuta erityisosaamista. Halu auttaa, into oppia uutta ja mahdollisuus sitoutua aikaa viev\u00e4\u00e4n harrastukseen [&hellip;]","og_url":"https:\/\/meripelastus.fi\/kemionsaari\/fi\/toiminta\/tulokas\/","og_site_name":"Kemi\u00f6nsaaren Meripelastajat","article_modified_time":"2025-03-05T15:44:05+00:00","twitter_card":"summary_large_image","twitter_misc":{"Ber\u00e4knad l\u00e4stid":"2 minuter"},"schema":{"@context":"https:\/\/schema.org","@graph":[{"@type":"WebPage","@id":"https:\/\/meripelastus.fi\/kemionsaari\/fi\/toiminta\/tulokas\/","url":"https:\/\/meripelastus.fi\/kemionsaari\/fi\/toiminta\/tulokas\/","name":"Tulokaskoulutus - Kemi\u00f6nsaaren Meripelastajat","isPartOf":{"@id":"https:\/\/meripelastus.fi\/kemionsaari\/#website"},"datePublished":"2025-02-24T16:22:35+00:00","dateModified":"2025-03-05T15:44:05+00:00","breadcrumb":{"@id":"https:\/\/meripelastus.fi\/kemionsaari\/fi\/toiminta\/tulokas\/#breadcrumb"},"inLanguage":"sv-SE","potentialAction":[{"@type":"ReadAction","target":["https:\/\/meripelastus.fi\/kemionsaari\/fi\/toiminta\/tulokas\/"]}]},{"@type":"BreadcrumbList","@id":"https:\/\/meripelastus.fi\/kemionsaari\/fi\/toiminta\/tulokas\/#breadcrumb","itemListElement":[{"@type":"ListItem","position":1,"name":"Home","item":"https:\/\/meripelastus.fi\/kemionsaari\/"},{"@type":"ListItem","position":2,"name":"Toiminta","item":"https:\/\/meripelastus.fi\/kemionsaari\/fi\/toiminta\/"},{"@type":"ListItem","position":3,"name":"Tulokaskoulutus"}]},{"@type":"WebSite","@id":"https:\/\/meripelastus.fi\/kemionsaari\/#website","url":"https:\/\/meripelastus.fi\/kemionsaari\/","name":"Kemi\u00f6nsaaren Meripelastajat","description":"Vapaaehtoiset apunasi vesill\u00e4","potentialAction":[{"@type":"SearchAction","target":{"@type":"EntryPoint","urlTemplate":"https:\/\/meripelastus.fi\/kemionsaari\/?s={search_term_string}"},"query-input":{"@type":"PropertyValueSpecification","valueRequired":true,"valueName":"search_term_string"}}],"inLanguage":"sv-SE"}]}},"_links":{"self":[{"href":"https:\/\/meripelastus.fi\/kemionsaari\/wp-json\/wp\/v2\/pages\/982","targetHints":{"allow":["GET"]}}],"collection":[{"href":"https:\/\/meripelastus.fi\/kemionsaari\/wp-json\/wp\/v2\/pages"}],"about":[{"href":"https:\/\/meripelastus.fi\/kemionsaari\/wp-json\/wp\/v2\/types\/page"}],"author":[{"embeddable":true,"href":"https:\/\/meripelastus.fi\/kemionsaari\/wp-json\/wp\/v2\/users\/131"}],"replies":[{"embeddable":true,"href":"https:\/\/meripelastus.fi\/kemionsaari\/wp-json\/wp\/v2\/comments?post=982"}],"version-history":[{"count":7,"href":"https:\/\/meripelastus.fi\/kemionsaari\/wp-json\/wp\/v2\/pages\/982\/revisions"}],"predecessor-version":[{"id":998,"href":"https:\/\/meripelastus.fi\/kemionsaari\/wp-json\/wp\/v2\/pages\/982\/revisions\/998"}],"up":[{"embeddable":true,"href":"https:\/\/meripelastus.fi\/kemionsaari\/wp-json\/wp\/v2\/pages\/20"}],"wp:attachment":[{"href":"https:\/\/meripelastus.fi\/kemionsaari\/wp-json\/wp\/v2\/media?parent=982"}],"curies":[{"name":"wp","href":"https:\/\/api.w.org\/{rel}","templated":true}]}}