{"id":692,"date":"2020-06-16T10:58:32","date_gmt":"2020-06-16T07:58:32","guid":{"rendered":"https:\/\/meripelastus.fi\/kemionsaari\/?page_id=692"},"modified":"2020-06-25T09:48:26","modified_gmt":"2020-06-25T06:48:26","slug":"yhteisojasen","status":"publish","type":"page","link":"https:\/\/meripelastus.fi\/kemionsaari\/fi\/yhteisojasen\/","title":{"rendered":"Yhteis\u00f6j\u00e4sen"},"content":{"rendered":"<h3>Yhteis\u00f6j\u00e4senyys 200 \u20ac vuodessa<\/h3>\n<p>Vapaaehtoinen meripelastustoiminta rahoitetaan p\u00e4\u00e4osin avustuksilla ja j\u00e4senmaksuilla. Tehokkaat pelastusalukset kuluttavat paljon polttoainetta ja niiden yll\u00e4pito on kallista. Tarvitsemme yhteis\u00f6jen tukea voidaksemme auttaa merell\u00e4 h\u00e4t\u00e4\u00e4n joutuneita. Mik\u00e4li yrityksenne tai yhteis\u00f6nne haluaa tukea toimintaamme, voitte liitty\u00e4 yhteis\u00f6j\u00e4seneksi t\u00e4ytt\u00e4m\u00e4ll\u00e4 alla olevan lomakkeen. Tuette hyv\u00e4\u00e4 asiaa ja edesautatte veneilij\u00f6iden turvallisuutta.<\/p>\n<p>Toimintaamme tukevat yhteis\u00f6j\u00e4senet l\u00f6yd\u00e4t <a href=\"https:\/\/meripelastus.fi\/kemionsaari\/fi\/tukijamme\/\">t\u00e4\u00e4lt\u00e4.<\/a><\/p>\n\n<div class=\"wpcf7 no-js\" id=\"wpcf7-f691-o1\" lang=\"fi\" dir=\"ltr\" data-wpcf7-id=\"691\">\n<div class=\"screen-reader-response\"><p role=\"status\" aria-live=\"polite\" aria-atomic=\"true\"><\/p> <ul><\/ul><\/div>\n<form action=\"\/kemionsaari\/wp-json\/wp\/v2\/pages\/692#wpcf7-f691-o1\" method=\"post\" class=\"wpcf7-form init\" aria-label=\"Yhteydenottolomake\" novalidate=\"novalidate\" data-status=\"init\">\n<fieldset class=\"hidden-fields-container\"><input type=\"hidden\" name=\"_wpcf7\" value=\"691\" \/><input type=\"hidden\" name=\"_wpcf7_version\" value=\"6.1.5\" \/><input type=\"hidden\" name=\"_wpcf7_locale\" value=\"fi\" \/><input type=\"hidden\" name=\"_wpcf7_unit_tag\" value=\"wpcf7-f691-o1\" \/><input type=\"hidden\" name=\"_wpcf7_container_post\" value=\"0\" \/><input type=\"hidden\" name=\"_wpcf7_posted_data_hash\" value=\"\" \/><input type=\"hidden\" name=\"_wpcf7_recaptcha_response\" value=\"\" \/>\n<\/fieldset>\n<div class=\"form-group\">\n\t<p><label for=\"company-name\" class=\"control-label\">Yhteis\u00f6n nimi *<\/label><br \/>\n<span class=\"wpcf7-form-control-wrap\" data-name=\"company-name\"><input size=\"40\" maxlength=\"400\" class=\"wpcf7-form-control wpcf7-text wpcf7-validates-as-required form-control\" aria-required=\"true\" aria-invalid=\"false\" value=\"\" type=\"text\" name=\"company-name\" \/><\/span>\n\t<\/p>\n<\/div>\n<div class=\"form-group\">\n\t<p><label for=\"contact-name\" class=\"control-label\">Yhteyshenkil\u00f6n nimi *<\/label><br \/>\n<span class=\"wpcf7-form-control-wrap\" data-name=\"contact-name\"><input size=\"40\" maxlength=\"400\" class=\"wpcf7-form-control wpcf7-text wpcf7-validates-as-required form-control\" aria-required=\"true\" aria-invalid=\"false\" value=\"\" type=\"text\" name=\"contact-name\" \/><\/span>\n\t<\/p>\n<\/div>\n<div class=\"form-group\">\n\t<p><label for=\"ytunnus\" class=\"control-label\">Y-tunnus<\/label><br \/>\n<span class=\"wpcf7-form-control-wrap\" data-name=\"ytunnus\"><input size=\"40\" maxlength=\"400\" class=\"wpcf7-form-control wpcf7-text form-control\" aria-invalid=\"false\" value=\"\" type=\"text\" name=\"ytunnus\" \/><\/span>\n\t<\/p>\n<\/div>\n<div class=\"form-group\">\n\t<p><label for=\"your-address\" class=\"control-label\">Osoite *<\/label><br \/>\n<span class=\"wpcf7-form-control-wrap\" data-name=\"your-address\"><input size=\"40\" maxlength=\"400\" class=\"wpcf7-form-control wpcf7-text wpcf7-validates-as-required form-control\" aria-required=\"true\" aria-invalid=\"false\" value=\"\" type=\"text\" name=\"your-address\" \/><\/span>\n\t<\/p>\n<\/div>\n<div class=\"form-group\">\n\t<p><label for=\"your-email\" class=\"control-label\">S\u00e4hk\u00f6posti *<\/label><br \/>\n<span class=\"wpcf7-form-control-wrap\" data-name=\"your-email\"><input size=\"40\" maxlength=\"400\" class=\"wpcf7-form-control wpcf7-email wpcf7-validates-as-required wpcf7-text wpcf7-validates-as-email form-control\" aria-required=\"true\" aria-invalid=\"false\" value=\"\" type=\"email\" name=\"your-email\" \/><\/span>\n\t<\/p>\n<\/div>\n<div class=\"form-group\">\n\t<p><label for=\"your-tel\" class=\"control-label\">Puhelin *<\/label><br \/>\n<span class=\"wpcf7-form-control-wrap\" data-name=\"your-tel\"><input size=\"40\" maxlength=\"400\" class=\"wpcf7-form-control wpcf7-text wpcf7-validates-as-required form-control\" aria-required=\"true\" aria-invalid=\"false\" value=\"\" type=\"text\" name=\"your-tel\" \/><\/span>\n\t<\/p>\n<\/div>\n<div class=\"form-group\">\n\t<p><label for=\"your-message\" class=\"control-label\"> Viesti<\/label><br \/>\n<span class=\"wpcf7-form-control-wrap\" data-name=\"your-message\"><textarea cols=\"40\" rows=\"10\" maxlength=\"2000\" class=\"wpcf7-form-control wpcf7-textarea form-control\" aria-invalid=\"false\" name=\"your-message\"><\/textarea><\/span>\n\t<\/p>\n<\/div>\n<p><input class=\"wpcf7-form-control wpcf7-submit has-spinner btn-block btn btn-primary btn-lg\" type=\"submit\" value=\"L\u00e4het\u00e4\" \/>\n<\/p><div class=\"wpcf7-response-output\" aria-hidden=\"true\"><\/div>\n<\/form>\n<\/div>\n\n","protected":false},"excerpt":{"rendered":"<p>Yhteis\u00f6j\u00e4senyys 200 \u20ac vuodessa Vapaaehtoinen meripelastustoiminta rahoitetaan p\u00e4\u00e4osin avustuksilla ja j\u00e4senmaksuilla. Tehokkaat pelastusalukset kuluttavat paljon polttoainetta ja niiden yll\u00e4pito on kallista. Tarvitsemme yhteis\u00f6jen tukea voidaksemme auttaa merell\u00e4 h\u00e4t\u00e4\u00e4n joutuneita. Mik\u00e4li yrityksenne tai yhteis\u00f6nne haluaa tukea toimintaamme, voitte liitty\u00e4 yhteis\u00f6j\u00e4seneksi t\u00e4ytt\u00e4m\u00e4ll\u00e4 alla olevan lomakkeen. Tuette hyv\u00e4\u00e4 asiaa ja edesautatte veneilij\u00f6iden turvallisuutta. Toimintaamme tukevat yhteis\u00f6j\u00e4senet l\u00f6yd\u00e4t t\u00e4\u00e4lt\u00e4.<\/p>\n","protected":false},"author":1,"featured_media":0,"parent":0,"menu_order":0,"comment_status":"closed","ping_status":"closed","template":"","meta":{"_acf_changed":false,"inline_featured_image":false,"footnotes":""},"class_list":["post-692","page","type-page","status-publish","hentry"],"acf":[],"yoast_head":"<!-- This site is optimized with the Yoast SEO Premium plugin v27.2 (Yoast SEO v27.2) - https:\/\/yoast.com\/product\/yoast-seo-premium-wordpress\/ -->\n<title>Yhteis\u00f6j\u00e4sen - Kemi\u00f6nsaaren Meripelastajat<\/title>\n<meta name=\"robots\" content=\"index, follow, max-snippet:-1, max-image-preview:large, max-video-preview:-1\" \/>\n<link rel=\"canonical\" href=\"https:\/\/meripelastus.fi\/kemionsaari\/fi\/yhteisojasen\/\" \/>\n<meta property=\"og:locale\" content=\"sv_SE\" \/>\n<meta property=\"og:type\" content=\"article\" \/>\n<meta property=\"og:title\" content=\"Yhteis\u00f6j\u00e4sen\" \/>\n<meta property=\"og:description\" content=\"Yhteis\u00f6j\u00e4senyys 200 \u20ac vuodessa Vapaaehtoinen meripelastustoiminta rahoitetaan p\u00e4\u00e4osin avustuksilla ja j\u00e4senmaksuilla. Tehokkaat pelastusalukset kuluttavat paljon polttoainetta ja niiden yll\u00e4pito on kallista. Tarvitsemme yhteis\u00f6jen tukea voidaksemme auttaa merell\u00e4 h\u00e4t\u00e4\u00e4n joutuneita. Mik\u00e4li yrityksenne tai yhteis\u00f6nne haluaa tukea toimintaamme, voitte liitty\u00e4 yhteis\u00f6j\u00e4seneksi t\u00e4ytt\u00e4m\u00e4ll\u00e4 alla olevan lomakkeen. Tuette hyv\u00e4\u00e4 asiaa ja edesautatte veneilij\u00f6iden turvallisuutta. Toimintaamme tukevat yhteis\u00f6j\u00e4senet l\u00f6yd\u00e4t t\u00e4\u00e4lt\u00e4.\" \/>\n<meta property=\"og:url\" content=\"https:\/\/meripelastus.fi\/kemionsaari\/fi\/yhteisojasen\/\" \/>\n<meta property=\"og:site_name\" content=\"Kemi\u00f6nsaaren Meripelastajat\" \/>\n<meta property=\"article:modified_time\" content=\"2020-06-25T06:48:26+00:00\" \/>\n<meta name=\"twitter:card\" content=\"summary_large_image\" \/>\n<meta name=\"twitter:label1\" content=\"Ber\u00e4knad l\u00e4stid\" \/>\n\t<meta name=\"twitter:data1\" content=\"1 minut\" \/>\n<script type=\"application\/ld+json\" class=\"yoast-schema-graph\">{\"@context\":\"https:\/\/schema.org\",\"@graph\":[{\"@type\":\"WebPage\",\"@id\":\"https:\/\/meripelastus.fi\/kemionsaari\/fi\/yhteisojasen\/\",\"url\":\"https:\/\/meripelastus.fi\/kemionsaari\/fi\/yhteisojasen\/\",\"name\":\"Yhteis\u00f6j\u00e4sen - Kemi\u00f6nsaaren Meripelastajat\",\"isPartOf\":{\"@id\":\"https:\/\/meripelastus.fi\/kemionsaari\/#website\"},\"datePublished\":\"2020-06-16T07:58:32+00:00\",\"dateModified\":\"2020-06-25T06:48:26+00:00\",\"breadcrumb\":{\"@id\":\"https:\/\/meripelastus.fi\/kemionsaari\/fi\/yhteisojasen\/#breadcrumb\"},\"inLanguage\":\"sv-SE\",\"potentialAction\":[{\"@type\":\"ReadAction\",\"target\":[\"https:\/\/meripelastus.fi\/kemionsaari\/fi\/yhteisojasen\/\"]}]},{\"@type\":\"BreadcrumbList\",\"@id\":\"https:\/\/meripelastus.fi\/kemionsaari\/fi\/yhteisojasen\/#breadcrumb\",\"itemListElement\":[{\"@type\":\"ListItem\",\"position\":1,\"name\":\"Home\",\"item\":\"https:\/\/meripelastus.fi\/kemionsaari\/\"},{\"@type\":\"ListItem\",\"position\":2,\"name\":\"Yhteis\u00f6j\u00e4sen\"}]},{\"@type\":\"WebSite\",\"@id\":\"https:\/\/meripelastus.fi\/kemionsaari\/#website\",\"url\":\"https:\/\/meripelastus.fi\/kemionsaari\/\",\"name\":\"Kemi\u00f6nsaaren Meripelastajat\",\"description\":\"Vapaaehtoiset apunasi vesill\u00e4\",\"potentialAction\":[{\"@type\":\"SearchAction\",\"target\":{\"@type\":\"EntryPoint\",\"urlTemplate\":\"https:\/\/meripelastus.fi\/kemionsaari\/?s={search_term_string}\"},\"query-input\":{\"@type\":\"PropertyValueSpecification\",\"valueRequired\":true,\"valueName\":\"search_term_string\"}}],\"inLanguage\":\"sv-SE\"}]}<\/script>\n<!-- \/ Yoast SEO Premium plugin. -->","yoast_head_json":{"title":"Yhteis\u00f6j\u00e4sen - Kemi\u00f6nsaaren Meripelastajat","robots":{"index":"index","follow":"follow","max-snippet":"max-snippet:-1","max-image-preview":"max-image-preview:large","max-video-preview":"max-video-preview:-1"},"canonical":"https:\/\/meripelastus.fi\/kemionsaari\/fi\/yhteisojasen\/","og_locale":"sv_SE","og_type":"article","og_title":"Yhteis\u00f6j\u00e4sen","og_description":"Yhteis\u00f6j\u00e4senyys 200 \u20ac vuodessa Vapaaehtoinen meripelastustoiminta rahoitetaan p\u00e4\u00e4osin avustuksilla ja j\u00e4senmaksuilla. Tehokkaat pelastusalukset kuluttavat paljon polttoainetta ja niiden yll\u00e4pito on kallista. Tarvitsemme yhteis\u00f6jen tukea voidaksemme auttaa merell\u00e4 h\u00e4t\u00e4\u00e4n joutuneita. Mik\u00e4li yrityksenne tai yhteis\u00f6nne haluaa tukea toimintaamme, voitte liitty\u00e4 yhteis\u00f6j\u00e4seneksi t\u00e4ytt\u00e4m\u00e4ll\u00e4 alla olevan lomakkeen. Tuette hyv\u00e4\u00e4 asiaa ja edesautatte veneilij\u00f6iden turvallisuutta. Toimintaamme tukevat yhteis\u00f6j\u00e4senet l\u00f6yd\u00e4t t\u00e4\u00e4lt\u00e4.","og_url":"https:\/\/meripelastus.fi\/kemionsaari\/fi\/yhteisojasen\/","og_site_name":"Kemi\u00f6nsaaren Meripelastajat","article_modified_time":"2020-06-25T06:48:26+00:00","twitter_card":"summary_large_image","twitter_misc":{"Ber\u00e4knad l\u00e4stid":"1 minut"},"schema":{"@context":"https:\/\/schema.org","@graph":[{"@type":"WebPage","@id":"https:\/\/meripelastus.fi\/kemionsaari\/fi\/yhteisojasen\/","url":"https:\/\/meripelastus.fi\/kemionsaari\/fi\/yhteisojasen\/","name":"Yhteis\u00f6j\u00e4sen - Kemi\u00f6nsaaren Meripelastajat","isPartOf":{"@id":"https:\/\/meripelastus.fi\/kemionsaari\/#website"},"datePublished":"2020-06-16T07:58:32+00:00","dateModified":"2020-06-25T06:48:26+00:00","breadcrumb":{"@id":"https:\/\/meripelastus.fi\/kemionsaari\/fi\/yhteisojasen\/#breadcrumb"},"inLanguage":"sv-SE","potentialAction":[{"@type":"ReadAction","target":["https:\/\/meripelastus.fi\/kemionsaari\/fi\/yhteisojasen\/"]}]},{"@type":"BreadcrumbList","@id":"https:\/\/meripelastus.fi\/kemionsaari\/fi\/yhteisojasen\/#breadcrumb","itemListElement":[{"@type":"ListItem","position":1,"name":"Home","item":"https:\/\/meripelastus.fi\/kemionsaari\/"},{"@type":"ListItem","position":2,"name":"Yhteis\u00f6j\u00e4sen"}]},{"@type":"WebSite","@id":"https:\/\/meripelastus.fi\/kemionsaari\/#website","url":"https:\/\/meripelastus.fi\/kemionsaari\/","name":"Kemi\u00f6nsaaren Meripelastajat","description":"Vapaaehtoiset apunasi vesill\u00e4","potentialAction":[{"@type":"SearchAction","target":{"@type":"EntryPoint","urlTemplate":"https:\/\/meripelastus.fi\/kemionsaari\/?s={search_term_string}"},"query-input":{"@type":"PropertyValueSpecification","valueRequired":true,"valueName":"search_term_string"}}],"inLanguage":"sv-SE"}]}},"_links":{"self":[{"href":"https:\/\/meripelastus.fi\/kemionsaari\/wp-json\/wp\/v2\/pages\/692","targetHints":{"allow":["GET"]}}],"collection":[{"href":"https:\/\/meripelastus.fi\/kemionsaari\/wp-json\/wp\/v2\/pages"}],"about":[{"href":"https:\/\/meripelastus.fi\/kemionsaari\/wp-json\/wp\/v2\/types\/page"}],"author":[{"embeddable":true,"href":"https:\/\/meripelastus.fi\/kemionsaari\/wp-json\/wp\/v2\/users\/1"}],"replies":[{"embeddable":true,"href":"https:\/\/meripelastus.fi\/kemionsaari\/wp-json\/wp\/v2\/comments?post=692"}],"version-history":[{"count":4,"href":"https:\/\/meripelastus.fi\/kemionsaari\/wp-json\/wp\/v2\/pages\/692\/revisions"}],"predecessor-version":[{"id":706,"href":"https:\/\/meripelastus.fi\/kemionsaari\/wp-json\/wp\/v2\/pages\/692\/revisions\/706"}],"wp:attachment":[{"href":"https:\/\/meripelastus.fi\/kemionsaari\/wp-json\/wp\/v2\/media?parent=692"}],"curies":[{"name":"wp","href":"https:\/\/api.w.org\/{rel}","templated":true}]}}