{"id":606,"date":"2020-05-10T13:56:28","date_gmt":"2020-05-10T10:56:28","guid":{"rendered":"https:\/\/meripelastus.fi\/kemionsaari-vedos\/?page_id=606"},"modified":"2025-12-19T10:47:01","modified_gmt":"2025-12-19T08:47:01","slug":"bli-medlem","status":"publish","type":"page","link":"https:\/\/meripelastus.fi\/kemionsaari\/bli-medlem\/","title":{"rendered":"Bli medlem"},"content":{"rendered":"<p data-start=\"16\" data-end=\"136\">Genom att bli medlem i <strong data-start=\"39\" data-end=\"66\">Kimito\u00f6ns Sj\u00f6r\u00e4ddare rf<\/strong> st\u00f6der du den frivilliga hj\u00e4lp- och r\u00e4ddningsverksamheten till sj\u00f6ss.<\/p>\n<p data-start=\"138\" data-end=\"279\"><strong data-start=\"138\" data-end=\"170\">Personmedlemskap 38 \u20ac per \u00e5r<\/strong><br data-start=\"170\" data-end=\"173\" \/>F\u00f6r dig som vill h\u00e5lla r\u00e4ddningsb\u00e5tarna i g\u00e5ng med en \u00e5rlig avgift eller vill engagera dig i verksamheten.<\/p>\n<p data-start=\"281\" data-end=\"504\"><strong data-start=\"281\" data-end=\"319\">Medlemsservice 98 \u20ac \/ 148 \u20ac per \u00e5r<\/strong><br data-start=\"319\" data-end=\"322\" \/>Personmedlemskap f\u00f6r b\u00e5t\u00e4gare som fullt ut vill utnyttja Sj\u00f6r\u00e4ddningss\u00e4llskapets tj\u00e4nster i Finland, Sverige och Norge. V\u00e4lj Kimito\u00f6ns Sj\u00f6r\u00e4ddare som f\u00f6rening i ans\u00f6kningsblanketten.<\/p>\n<p data-start=\"506\" data-end=\"605\">Man kan bli medlem direkt via ans\u00f6kningsblanketten p\u00e5 <a href=\"https:\/\/meripelastus.fi\/sv\/medlemskap\/bli-medlem\/\"><strong data-start=\"560\" data-end=\"594\">Finlands Sj\u00f6r\u00e4ddningss\u00e4llskaps<\/strong><\/a> webbplats.<\/p>\n<p data-start=\"607\" data-end=\"835\" data-is-last-node=\"\" data-is-only-node=\"\"><strong data-start=\"607\" data-end=\"642\">Samfundsmedlemskap 200 \u20ac per \u00e5r<\/strong><br data-start=\"642\" data-end=\"645\" \/>Om ert f\u00f6retag eller er organisation vill st\u00f6dja v\u00e5r verksamhet kan ni bli samfundsmedlem! Ni st\u00f6der en god sak och bidrar till \u00f6kad s\u00e4kerhet f\u00f6r b\u00e5tfolk. Samfundsmedlemskap kan tecknas <a href=\"https:\/\/meripelastus.fi\/kemionsaari\/fi\/yhteisojasen\/\">h\u00e4r<\/a>.<\/p>\n","protected":false},"excerpt":{"rendered":"<p>Genom att bli medlem i Kimito\u00f6ns Sj\u00f6r\u00e4ddare rf st\u00f6der du den frivilliga hj\u00e4lp- och r\u00e4ddningsverksamheten till sj\u00f6ss. Personmedlemskap 38 \u20ac per \u00e5rF\u00f6r dig som vill h\u00e5lla r\u00e4ddningsb\u00e5tarna i g\u00e5ng med en \u00e5rlig avgift eller vill engagera dig i verksamheten. Medlemsservice 98 \u20ac \/ 148 \u20ac per \u00e5rPersonmedlemskap f\u00f6r b\u00e5t\u00e4gare som fullt ut vill utnyttja Sj\u00f6r\u00e4ddningss\u00e4llskapets [&hellip;]<\/p>\n","protected":false},"author":58,"featured_media":0,"parent":0,"menu_order":0,"comment_status":"closed","ping_status":"closed","template":"","meta":{"_acf_changed":false,"inline_featured_image":false,"footnotes":""},"class_list":["post-606","page","type-page","status-publish","hentry"],"acf":[],"yoast_head":"<!-- This site is optimized with the Yoast SEO Premium plugin v27.2 (Yoast SEO v27.2) - https:\/\/yoast.com\/product\/yoast-seo-premium-wordpress\/ -->\n<title>Bli medlem - Kemi\u00f6nsaaren Meripelastajat<\/title>\n<meta name=\"robots\" content=\"index, follow, max-snippet:-1, max-image-preview:large, max-video-preview:-1\" \/>\n<link rel=\"canonical\" href=\"https:\/\/meripelastus.fi\/kemionsaari\/bli-medlem\/\" \/>\n<meta property=\"og:locale\" content=\"sv_SE\" \/>\n<meta property=\"og:type\" content=\"article\" \/>\n<meta property=\"og:title\" content=\"Bli medlem\" \/>\n<meta property=\"og:description\" content=\"Genom att bli medlem i Kimito\u00f6ns Sj\u00f6r\u00e4ddare rf st\u00f6der du den frivilliga hj\u00e4lp- och r\u00e4ddningsverksamheten till sj\u00f6ss. Personmedlemskap 38 \u20ac per \u00e5rF\u00f6r dig som vill h\u00e5lla r\u00e4ddningsb\u00e5tarna i g\u00e5ng med en \u00e5rlig avgift eller vill engagera dig i verksamheten. Medlemsservice 98 \u20ac \/ 148 \u20ac per \u00e5rPersonmedlemskap f\u00f6r b\u00e5t\u00e4gare som fullt ut vill utnyttja Sj\u00f6r\u00e4ddningss\u00e4llskapets [&hellip;]\" \/>\n<meta property=\"og:url\" content=\"https:\/\/meripelastus.fi\/kemionsaari\/bli-medlem\/\" \/>\n<meta property=\"og:site_name\" content=\"Kemi\u00f6nsaaren Meripelastajat\" \/>\n<meta property=\"article:modified_time\" content=\"2025-12-19T08:47:01+00:00\" \/>\n<meta name=\"twitter:card\" content=\"summary_large_image\" \/>\n<meta name=\"twitter:label1\" content=\"Ber\u00e4knad l\u00e4stid\" \/>\n\t<meta name=\"twitter:data1\" content=\"1 minut\" \/>\n<script type=\"application\/ld+json\" class=\"yoast-schema-graph\">{\"@context\":\"https:\/\/schema.org\",\"@graph\":[{\"@type\":\"WebPage\",\"@id\":\"https:\/\/meripelastus.fi\/kemionsaari\/bli-medlem\/\",\"url\":\"https:\/\/meripelastus.fi\/kemionsaari\/bli-medlem\/\",\"name\":\"Bli medlem - Kemi\u00f6nsaaren Meripelastajat\",\"isPartOf\":{\"@id\":\"https:\/\/meripelastus.fi\/kemionsaari\/#website\"},\"datePublished\":\"2020-05-10T10:56:28+00:00\",\"dateModified\":\"2025-12-19T08:47:01+00:00\",\"breadcrumb\":{\"@id\":\"https:\/\/meripelastus.fi\/kemionsaari\/bli-medlem\/#breadcrumb\"},\"inLanguage\":\"sv-SE\",\"potentialAction\":[{\"@type\":\"ReadAction\",\"target\":[\"https:\/\/meripelastus.fi\/kemionsaari\/bli-medlem\/\"]}]},{\"@type\":\"BreadcrumbList\",\"@id\":\"https:\/\/meripelastus.fi\/kemionsaari\/bli-medlem\/#breadcrumb\",\"itemListElement\":[{\"@type\":\"ListItem\",\"position\":1,\"name\":\"Home\",\"item\":\"https:\/\/meripelastus.fi\/kemionsaari\/\"},{\"@type\":\"ListItem\",\"position\":2,\"name\":\"Bli medlem\"}]},{\"@type\":\"WebSite\",\"@id\":\"https:\/\/meripelastus.fi\/kemionsaari\/#website\",\"url\":\"https:\/\/meripelastus.fi\/kemionsaari\/\",\"name\":\"Kemi\u00f6nsaaren Meripelastajat\",\"description\":\"Vapaaehtoiset apunasi vesill\u00e4\",\"potentialAction\":[{\"@type\":\"SearchAction\",\"target\":{\"@type\":\"EntryPoint\",\"urlTemplate\":\"https:\/\/meripelastus.fi\/kemionsaari\/?s={search_term_string}\"},\"query-input\":{\"@type\":\"PropertyValueSpecification\",\"valueRequired\":true,\"valueName\":\"search_term_string\"}}],\"inLanguage\":\"sv-SE\"}]}<\/script>\n<!-- \/ Yoast SEO Premium plugin. -->","yoast_head_json":{"title":"Bli medlem - Kemi\u00f6nsaaren Meripelastajat","robots":{"index":"index","follow":"follow","max-snippet":"max-snippet:-1","max-image-preview":"max-image-preview:large","max-video-preview":"max-video-preview:-1"},"canonical":"https:\/\/meripelastus.fi\/kemionsaari\/bli-medlem\/","og_locale":"sv_SE","og_type":"article","og_title":"Bli medlem","og_description":"Genom att bli medlem i Kimito\u00f6ns Sj\u00f6r\u00e4ddare rf st\u00f6der du den frivilliga hj\u00e4lp- och r\u00e4ddningsverksamheten till sj\u00f6ss. Personmedlemskap 38 \u20ac per \u00e5rF\u00f6r dig som vill h\u00e5lla r\u00e4ddningsb\u00e5tarna i g\u00e5ng med en \u00e5rlig avgift eller vill engagera dig i verksamheten. Medlemsservice 98 \u20ac \/ 148 \u20ac per \u00e5rPersonmedlemskap f\u00f6r b\u00e5t\u00e4gare som fullt ut vill utnyttja Sj\u00f6r\u00e4ddningss\u00e4llskapets [&hellip;]","og_url":"https:\/\/meripelastus.fi\/kemionsaari\/bli-medlem\/","og_site_name":"Kemi\u00f6nsaaren Meripelastajat","article_modified_time":"2025-12-19T08:47:01+00:00","twitter_card":"summary_large_image","twitter_misc":{"Ber\u00e4knad l\u00e4stid":"1 minut"},"schema":{"@context":"https:\/\/schema.org","@graph":[{"@type":"WebPage","@id":"https:\/\/meripelastus.fi\/kemionsaari\/bli-medlem\/","url":"https:\/\/meripelastus.fi\/kemionsaari\/bli-medlem\/","name":"Bli medlem - Kemi\u00f6nsaaren Meripelastajat","isPartOf":{"@id":"https:\/\/meripelastus.fi\/kemionsaari\/#website"},"datePublished":"2020-05-10T10:56:28+00:00","dateModified":"2025-12-19T08:47:01+00:00","breadcrumb":{"@id":"https:\/\/meripelastus.fi\/kemionsaari\/bli-medlem\/#breadcrumb"},"inLanguage":"sv-SE","potentialAction":[{"@type":"ReadAction","target":["https:\/\/meripelastus.fi\/kemionsaari\/bli-medlem\/"]}]},{"@type":"BreadcrumbList","@id":"https:\/\/meripelastus.fi\/kemionsaari\/bli-medlem\/#breadcrumb","itemListElement":[{"@type":"ListItem","position":1,"name":"Home","item":"https:\/\/meripelastus.fi\/kemionsaari\/"},{"@type":"ListItem","position":2,"name":"Bli medlem"}]},{"@type":"WebSite","@id":"https:\/\/meripelastus.fi\/kemionsaari\/#website","url":"https:\/\/meripelastus.fi\/kemionsaari\/","name":"Kemi\u00f6nsaaren Meripelastajat","description":"Vapaaehtoiset apunasi vesill\u00e4","potentialAction":[{"@type":"SearchAction","target":{"@type":"EntryPoint","urlTemplate":"https:\/\/meripelastus.fi\/kemionsaari\/?s={search_term_string}"},"query-input":{"@type":"PropertyValueSpecification","valueRequired":true,"valueName":"search_term_string"}}],"inLanguage":"sv-SE"}]}},"_links":{"self":[{"href":"https:\/\/meripelastus.fi\/kemionsaari\/wp-json\/wp\/v2\/pages\/606","targetHints":{"allow":["GET"]}}],"collection":[{"href":"https:\/\/meripelastus.fi\/kemionsaari\/wp-json\/wp\/v2\/pages"}],"about":[{"href":"https:\/\/meripelastus.fi\/kemionsaari\/wp-json\/wp\/v2\/types\/page"}],"author":[{"embeddable":true,"href":"https:\/\/meripelastus.fi\/kemionsaari\/wp-json\/wp\/v2\/users\/58"}],"replies":[{"embeddable":true,"href":"https:\/\/meripelastus.fi\/kemionsaari\/wp-json\/wp\/v2\/comments?post=606"}],"version-history":[{"count":3,"href":"https:\/\/meripelastus.fi\/kemionsaari\/wp-json\/wp\/v2\/pages\/606\/revisions"}],"predecessor-version":[{"id":1083,"href":"https:\/\/meripelastus.fi\/kemionsaari\/wp-json\/wp\/v2\/pages\/606\/revisions\/1083"}],"wp:attachment":[{"href":"https:\/\/meripelastus.fi\/kemionsaari\/wp-json\/wp\/v2\/media?parent=606"}],"curies":[{"name":"wp","href":"https:\/\/api.w.org\/{rel}","templated":true}]}}