{"id":604,"date":"2020-05-09T16:56:59","date_gmt":"2020-05-09T13:56:59","guid":{"rendered":"https:\/\/meripelastus.fi\/kemionsaari-vedos\/?page_id=604"},"modified":"2025-12-19T10:40:15","modified_gmt":"2025-12-19T08:40:15","slug":"liity-jaseneksi","status":"publish","type":"page","link":"https:\/\/meripelastus.fi\/kemionsaari\/fi\/liity-jaseneksi\/","title":{"rendered":"Liity j\u00e4seneksi"},"content":{"rendered":"<p>Liittym\u00e4ll\u00e4 Kemi\u00f6nsaaren Meripelastajat ry:n j\u00e4seneksi tuet vesill\u00e4 tapahtuvaa vapaaehtoista avustus- ja pelastustoimintaa.<\/p>\n<p><strong>Henkil\u00f6j\u00e4senyys 38 \u20ac vuodessa<\/strong><br \/>\nSinulle, joka haluat pit\u00e4\u00e4 pelastusveneet liikkeell\u00e4 vuotuisella maksulla tai haluat toimintaan mukaan.<\/p>\n<p><strong>J\u00e4senpalvelu 98 \u20ac \/ 148 \u20ac vuodessa<\/strong><br \/>\nHenkil\u00f6j\u00e4senyys veneilij\u00e4lle, joka t\u00e4ysim\u00e4\u00e4r\u00e4isesti haluaa hy\u00f6dynt\u00e4\u00e4 Meripelastusseuran palveluita Suomessa, Ruotsissa ja Norjassa. Valitse liittymislomakkeesta yhdistykseksi Kemi\u00f6nsaaren Meripelastajat.<\/p>\n<p>Jj\u00e4seneksi voi liitty\u00e4 suoraan <a href=\"https:\/\/meripelastus.fi\/jasenyys\/liittymislomakkeet\/\" target=\"_blank\" rel=\"noopener noreferrer\">Suomen Meripelastuseuran sivuilla olevalla liittymislomakkeella.<\/a><\/p>\n<p><strong>Yhteis\u00f6j\u00e4senyys 200 \u20ac vuodessa<\/strong><br \/>\nMik\u00e4li yrityksenne tai yhteis\u00f6nne haluaa tukea toimintaamme voitte liitty\u00e4 yhteis\u00f6j\u00e4seneksi! Tuette hyv\u00e4\u00e4 asiaa ja edesautatte veneilij\u00f6iden turvallisuutta. Yhteis\u00f6j\u00e4seneksi voi liitty\u00e4 <a href=\"https:\/\/meripelastus.fi\/kemionsaari\/fi\/yhteisojasen\/\">t\u00e4st\u00e4.<\/a><\/p>\n","protected":false},"excerpt":{"rendered":"<p>Liittym\u00e4ll\u00e4 Kemi\u00f6nsaaren Meripelastajat ry:n j\u00e4seneksi tuet vesill\u00e4 tapahtuvaa vapaaehtoista avustus- ja pelastustoimintaa. Henkil\u00f6j\u00e4senyys 38 \u20ac vuodessa Sinulle, joka haluat pit\u00e4\u00e4 pelastusveneet liikkeell\u00e4 vuotuisella maksulla tai haluat toimintaan mukaan. J\u00e4senpalvelu 98 \u20ac \/ 148 \u20ac vuodessa Henkil\u00f6j\u00e4senyys veneilij\u00e4lle, joka t\u00e4ysim\u00e4\u00e4r\u00e4isesti haluaa hy\u00f6dynt\u00e4\u00e4 Meripelastusseuran palveluita Suomessa, Ruotsissa ja Norjassa. Valitse liittymislomakkeesta yhdistykseksi Kemi\u00f6nsaaren Meripelastajat. Jj\u00e4seneksi voi liitty\u00e4 [&hellip;]<\/p>\n","protected":false},"author":58,"featured_media":0,"parent":0,"menu_order":0,"comment_status":"closed","ping_status":"closed","template":"","meta":{"_acf_changed":false,"inline_featured_image":false,"footnotes":""},"class_list":["post-604","page","type-page","status-publish","hentry"],"acf":[],"yoast_head":"<!-- This site is optimized with the Yoast SEO Premium plugin v27.2 (Yoast SEO v27.2) - https:\/\/yoast.com\/product\/yoast-seo-premium-wordpress\/ -->\n<title>Liity j\u00e4seneksi - Kemi\u00f6nsaaren Meripelastajat<\/title>\n<meta name=\"robots\" content=\"index, follow, max-snippet:-1, max-image-preview:large, max-video-preview:-1\" \/>\n<link rel=\"canonical\" href=\"https:\/\/meripelastus.fi\/kemionsaari\/fi\/liity-jaseneksi\/\" \/>\n<meta property=\"og:locale\" content=\"sv_SE\" \/>\n<meta property=\"og:type\" content=\"article\" \/>\n<meta property=\"og:title\" content=\"Liity j\u00e4seneksi\" \/>\n<meta property=\"og:description\" content=\"Liittym\u00e4ll\u00e4 Kemi\u00f6nsaaren Meripelastajat ry:n j\u00e4seneksi tuet vesill\u00e4 tapahtuvaa vapaaehtoista avustus- ja pelastustoimintaa. Henkil\u00f6j\u00e4senyys 38 \u20ac vuodessa Sinulle, joka haluat pit\u00e4\u00e4 pelastusveneet liikkeell\u00e4 vuotuisella maksulla tai haluat toimintaan mukaan. J\u00e4senpalvelu 98 \u20ac \/ 148 \u20ac vuodessa Henkil\u00f6j\u00e4senyys veneilij\u00e4lle, joka t\u00e4ysim\u00e4\u00e4r\u00e4isesti haluaa hy\u00f6dynt\u00e4\u00e4 Meripelastusseuran palveluita Suomessa, Ruotsissa ja Norjassa. Valitse liittymislomakkeesta yhdistykseksi Kemi\u00f6nsaaren Meripelastajat. Jj\u00e4seneksi voi liitty\u00e4 [&hellip;]\" \/>\n<meta property=\"og:url\" content=\"https:\/\/meripelastus.fi\/kemionsaari\/fi\/liity-jaseneksi\/\" \/>\n<meta property=\"og:site_name\" content=\"Kemi\u00f6nsaaren Meripelastajat\" \/>\n<meta property=\"article:modified_time\" content=\"2025-12-19T08:40:15+00:00\" \/>\n<meta name=\"twitter:card\" content=\"summary_large_image\" \/>\n<meta name=\"twitter:label1\" content=\"Ber\u00e4knad l\u00e4stid\" \/>\n\t<meta name=\"twitter:data1\" content=\"1 minut\" \/>\n<script type=\"application\/ld+json\" class=\"yoast-schema-graph\">{\"@context\":\"https:\/\/schema.org\",\"@graph\":[{\"@type\":\"WebPage\",\"@id\":\"https:\/\/meripelastus.fi\/kemionsaari\/fi\/liity-jaseneksi\/\",\"url\":\"https:\/\/meripelastus.fi\/kemionsaari\/fi\/liity-jaseneksi\/\",\"name\":\"Liity j\u00e4seneksi - Kemi\u00f6nsaaren Meripelastajat\",\"isPartOf\":{\"@id\":\"https:\/\/meripelastus.fi\/kemionsaari\/#website\"},\"datePublished\":\"2020-05-09T13:56:59+00:00\",\"dateModified\":\"2025-12-19T08:40:15+00:00\",\"breadcrumb\":{\"@id\":\"https:\/\/meripelastus.fi\/kemionsaari\/fi\/liity-jaseneksi\/#breadcrumb\"},\"inLanguage\":\"sv-SE\",\"potentialAction\":[{\"@type\":\"ReadAction\",\"target\":[\"https:\/\/meripelastus.fi\/kemionsaari\/fi\/liity-jaseneksi\/\"]}]},{\"@type\":\"BreadcrumbList\",\"@id\":\"https:\/\/meripelastus.fi\/kemionsaari\/fi\/liity-jaseneksi\/#breadcrumb\",\"itemListElement\":[{\"@type\":\"ListItem\",\"position\":1,\"name\":\"Home\",\"item\":\"https:\/\/meripelastus.fi\/kemionsaari\/\"},{\"@type\":\"ListItem\",\"position\":2,\"name\":\"Liity j\u00e4seneksi\"}]},{\"@type\":\"WebSite\",\"@id\":\"https:\/\/meripelastus.fi\/kemionsaari\/#website\",\"url\":\"https:\/\/meripelastus.fi\/kemionsaari\/\",\"name\":\"Kemi\u00f6nsaaren Meripelastajat\",\"description\":\"Vapaaehtoiset apunasi vesill\u00e4\",\"potentialAction\":[{\"@type\":\"SearchAction\",\"target\":{\"@type\":\"EntryPoint\",\"urlTemplate\":\"https:\/\/meripelastus.fi\/kemionsaari\/?s={search_term_string}\"},\"query-input\":{\"@type\":\"PropertyValueSpecification\",\"valueRequired\":true,\"valueName\":\"search_term_string\"}}],\"inLanguage\":\"sv-SE\"}]}<\/script>\n<!-- \/ Yoast SEO Premium plugin. -->","yoast_head_json":{"title":"Liity j\u00e4seneksi - Kemi\u00f6nsaaren Meripelastajat","robots":{"index":"index","follow":"follow","max-snippet":"max-snippet:-1","max-image-preview":"max-image-preview:large","max-video-preview":"max-video-preview:-1"},"canonical":"https:\/\/meripelastus.fi\/kemionsaari\/fi\/liity-jaseneksi\/","og_locale":"sv_SE","og_type":"article","og_title":"Liity j\u00e4seneksi","og_description":"Liittym\u00e4ll\u00e4 Kemi\u00f6nsaaren Meripelastajat ry:n j\u00e4seneksi tuet vesill\u00e4 tapahtuvaa vapaaehtoista avustus- ja pelastustoimintaa. Henkil\u00f6j\u00e4senyys 38 \u20ac vuodessa Sinulle, joka haluat pit\u00e4\u00e4 pelastusveneet liikkeell\u00e4 vuotuisella maksulla tai haluat toimintaan mukaan. J\u00e4senpalvelu 98 \u20ac \/ 148 \u20ac vuodessa Henkil\u00f6j\u00e4senyys veneilij\u00e4lle, joka t\u00e4ysim\u00e4\u00e4r\u00e4isesti haluaa hy\u00f6dynt\u00e4\u00e4 Meripelastusseuran palveluita Suomessa, Ruotsissa ja Norjassa. Valitse liittymislomakkeesta yhdistykseksi Kemi\u00f6nsaaren Meripelastajat. Jj\u00e4seneksi voi liitty\u00e4 [&hellip;]","og_url":"https:\/\/meripelastus.fi\/kemionsaari\/fi\/liity-jaseneksi\/","og_site_name":"Kemi\u00f6nsaaren Meripelastajat","article_modified_time":"2025-12-19T08:40:15+00:00","twitter_card":"summary_large_image","twitter_misc":{"Ber\u00e4knad l\u00e4stid":"1 minut"},"schema":{"@context":"https:\/\/schema.org","@graph":[{"@type":"WebPage","@id":"https:\/\/meripelastus.fi\/kemionsaari\/fi\/liity-jaseneksi\/","url":"https:\/\/meripelastus.fi\/kemionsaari\/fi\/liity-jaseneksi\/","name":"Liity j\u00e4seneksi - Kemi\u00f6nsaaren Meripelastajat","isPartOf":{"@id":"https:\/\/meripelastus.fi\/kemionsaari\/#website"},"datePublished":"2020-05-09T13:56:59+00:00","dateModified":"2025-12-19T08:40:15+00:00","breadcrumb":{"@id":"https:\/\/meripelastus.fi\/kemionsaari\/fi\/liity-jaseneksi\/#breadcrumb"},"inLanguage":"sv-SE","potentialAction":[{"@type":"ReadAction","target":["https:\/\/meripelastus.fi\/kemionsaari\/fi\/liity-jaseneksi\/"]}]},{"@type":"BreadcrumbList","@id":"https:\/\/meripelastus.fi\/kemionsaari\/fi\/liity-jaseneksi\/#breadcrumb","itemListElement":[{"@type":"ListItem","position":1,"name":"Home","item":"https:\/\/meripelastus.fi\/kemionsaari\/"},{"@type":"ListItem","position":2,"name":"Liity j\u00e4seneksi"}]},{"@type":"WebSite","@id":"https:\/\/meripelastus.fi\/kemionsaari\/#website","url":"https:\/\/meripelastus.fi\/kemionsaari\/","name":"Kemi\u00f6nsaaren Meripelastajat","description":"Vapaaehtoiset apunasi vesill\u00e4","potentialAction":[{"@type":"SearchAction","target":{"@type":"EntryPoint","urlTemplate":"https:\/\/meripelastus.fi\/kemionsaari\/?s={search_term_string}"},"query-input":{"@type":"PropertyValueSpecification","valueRequired":true,"valueName":"search_term_string"}}],"inLanguage":"sv-SE"}]}},"_links":{"self":[{"href":"https:\/\/meripelastus.fi\/kemionsaari\/wp-json\/wp\/v2\/pages\/604","targetHints":{"allow":["GET"]}}],"collection":[{"href":"https:\/\/meripelastus.fi\/kemionsaari\/wp-json\/wp\/v2\/pages"}],"about":[{"href":"https:\/\/meripelastus.fi\/kemionsaari\/wp-json\/wp\/v2\/types\/page"}],"author":[{"embeddable":true,"href":"https:\/\/meripelastus.fi\/kemionsaari\/wp-json\/wp\/v2\/users\/58"}],"replies":[{"embeddable":true,"href":"https:\/\/meripelastus.fi\/kemionsaari\/wp-json\/wp\/v2\/comments?post=604"}],"version-history":[{"count":12,"href":"https:\/\/meripelastus.fi\/kemionsaari\/wp-json\/wp\/v2\/pages\/604\/revisions"}],"predecessor-version":[{"id":1081,"href":"https:\/\/meripelastus.fi\/kemionsaari\/wp-json\/wp\/v2\/pages\/604\/revisions\/1081"}],"wp:attachment":[{"href":"https:\/\/meripelastus.fi\/kemionsaari\/wp-json\/wp\/v2\/media?parent=604"}],"curies":[{"name":"wp","href":"https:\/\/api.w.org\/{rel}","templated":true}]}}