{"id":427,"date":"2020-04-20T12:50:40","date_gmt":"2020-04-20T09:50:40","guid":{"rendered":"https:\/\/meripelastus.fi\/kemionsaari-vedos\/?page_id=427"},"modified":"2025-12-19T10:09:17","modified_gmt":"2025-12-19T08:09:17","slug":"trossen-medlemstjanst","status":"publish","type":"page","link":"https:\/\/meripelastus.fi\/kemionsaari\/trossen-medlemstjanst\/","title":{"rendered":"MEDLEMSKAP"},"content":{"rendered":"<h4 data-start=\"68\" data-end=\"652\">SJ\u00d6R\u00c4DDNINGSS\u00c4LLSKAPET PLUS OCH SJ\u00d6R\u00c4DDNINGSS\u00c4LLSKAPET PREMIUM<\/h4>\n<p data-start=\"68\" data-end=\"652\">M\u00e4nniskor r\u00e4ddas alltid avgiftsfritt p\u00e5 vattnet, men f\u00f6r en icke-br\u00e5dskande f\u00f6rflyttning av b\u00e5ten till s\u00e4kerhet tas vanligtvis en kostnadsers\u00e4ttning ut. Beloppet kan uppg\u00e5 till flera hundra euro. Genom att skaffa Sj\u00f6r\u00e4ddningss\u00e4llskapets Plus-medlemstj\u00e4nst s\u00e4kerst\u00e4ller du hj\u00e4lp f\u00f6r din b\u00e5t som medlemsf\u00f6rm\u00e5n \u00e4ven n\u00e4r inga m\u00e4nniskor \u00e4r i fara. Premium-medlemstj\u00e4nsten garanterar samma hj\u00e4lp f\u00f6r alla dina b\u00e5tar, \u00e4ven s\u00e5dana som anv\u00e4nds gemensamt inom familjen, samt f\u00f6r dig n\u00e4r du f\u00e4rdas med en b\u00e5t som \u00e4gs av n\u00e5gon annan. Som medlem st\u00f6der du ocks\u00e5 det frivilliga sj\u00f6r\u00e4ddningsarbetet.<\/p>\n<p data-start=\"654\" data-end=\"1004\">Sj\u00f6r\u00e4ddningss\u00e4llskapets Plus- och Premium-medlemstj\u00e4nster s\u00e4kerst\u00e4ller hj\u00e4lp f\u00f6r din b\u00e5tf\u00e4rd \u00e4ven vid icke-br\u00e5dskande problemsituationer. Medlemsavgiften p\u00e5 Plus-niv\u00e5 \u00e4r endast 98 \u20ac per kalender\u00e5r. Premium-medlemstj\u00e4nsten, som erbjuder ett mer omfattande skydd, kostar 148 \u20ac. Utan medlemstj\u00e4nst kostar en bogsering av b\u00e5t i genomsnitt cirka 450 euro.<\/p>\n<p data-start=\"1006\" data-end=\"1052\">Om din f\u00e4rd p\u00e5 vattnet ov\u00e4ntat avbryts f\u00e5r du:<\/p>\n<ul data-start=\"1054\" data-end=\"1493\">\n<li data-start=\"1054\" data-end=\"1115\">\n<p data-start=\"1056\" data-end=\"1115\">Kostnadsfri bogsering till en hamn med reparationsservice<\/p>\n<\/li>\n<li data-start=\"1116\" data-end=\"1180\">\n<p data-start=\"1118\" data-end=\"1180\">Hj\u00e4lp med att hitta reparat\u00f6r och tillf\u00e4llig f\u00f6rvaringsplats<\/p>\n<\/li>\n<li data-start=\"1181\" data-end=\"1218\">\n<p data-start=\"1183\" data-end=\"1218\">Digitalt medlemskort och b\u00e5tm\u00e4rke<\/p>\n<\/li>\n<li data-start=\"1219\" data-end=\"1309\">\n<p data-start=\"1221\" data-end=\"1309\">Motsvarande service p\u00e5 \u00c5land, i Sverige, Norge och Danmark (inom ett begr\u00e4nsat omr\u00e5de)<\/p>\n<\/li>\n<li data-start=\"1310\" data-end=\"1374\">\n<p data-start=\"1312\" data-end=\"1374\">Medlemskap i den sj\u00f6- eller insj\u00f6r\u00e4ddningsf\u00f6rening du v\u00e4ljer<\/p>\n<\/li>\n<li data-start=\"1375\" data-end=\"1426\">\n<p data-start=\"1377\" data-end=\"1426\">Medlemstidningen som utkommer tv\u00e5 g\u00e5nger per \u00e5r<\/p>\n<\/li>\n<li data-start=\"1427\" data-end=\"1493\">\n<p data-start=\"1429\" data-end=\"1493\">En god k\u00e4nsla av att st\u00f6dja det frivilliga sj\u00f6r\u00e4ddningsarbetet<\/p>\n<\/li>\n<\/ul>\n<p data-start=\"1495\" data-end=\"1861\">Sj\u00f6r\u00e4ddningss\u00e4llskapet har 62 r\u00e4ddningsstationer runt om i landet, l\u00e4ngs kusten och i insj\u00f6omr\u00e5den. Den n\u00e4rmaste och mest \u00e4ndam\u00e5lsenliga enheten rycker alltid ut. Medlemstj\u00e4nsten \u00e4r avsedd f\u00f6r problemsituationer d\u00e4r det inte \u00e4r fr\u00e5ga om en n\u00f6dsituation och d\u00e4r hj\u00e4lpen inte \u00e4r br\u00e5dskande. Via servicenumret 0800 30 22 30 f\u00e5r du hj\u00e4lp under perioden 1.5\u201331.10.<\/p>\n<p data-start=\"1863\" data-end=\"2179\">Dekalen f\u00f6r Sj\u00f6r\u00e4ddningss\u00e4llskapets Plus- och Premium-medlemstj\u00e4nst p\u00e5 b\u00e5ten \u00e4r ocks\u00e5 ett st\u00e4llningstagande f\u00f6r b\u00e5ts\u00e4kerheten. Avgifterna anv\u00e4nds f\u00f6r att uppr\u00e4tth\u00e5lla och utveckla det frivilliga sj\u00f6r\u00e4ddningsarbetet i v\u00e5rt land. Varje \u00e5r f\u00e5r \u00f6ver tretusen m\u00e4nniskor och tusen farkoster hj\u00e4lp av frivilliga sj\u00f6r\u00e4ddare.<\/p>\n<p data-start=\"2181\" data-end=\"2403\"><strong data-start=\"2181\" data-end=\"2242\">St\u00f6d Kimito\u00f6ns Sj\u00f6r\u00e4ddare \u2013 v\u00e4lj oss som medlemsf\u00f6rening!<\/strong><br data-start=\"2242\" data-end=\"2245\" \/>N\u00e4r du fyller i medlemsblanketten kan du v\u00e4lja den medlemsf\u00f6rening du \u00f6nskar. Du kan st\u00f6dja Kimito\u00f6ns Sj\u00f6r\u00e4ddare genom att v\u00e4lja Kimito\u00f6n som medlemsf\u00f6rening.<\/p>\n<ul>\n<li><a href=\"https:\/\/meripelastus.fi\/sv\/medlemskap\/bli-medlem\/\">G\u00e5 med nu! (l\u00e4nken \u00f6ppnas p\u00e5 Finlands Sj\u00f6r\u00e4ddares webbplats)<\/a><\/li>\n<li><a href=\"https:\/\/meripelastus.fi\/sv\/medlemskap\/uppdatera-din-medlemsinfo\/\">Blankett f\u00f6r uppdatering av medlemsuppgifter (l\u00e4nken \u00f6ppnas p\u00e5 Finlands Sj\u00f6r\u00e4ddares webbplats)<\/a><\/li>\n<li style=\"list-style-type: none\"><\/li>\n<\/ul>\n","protected":false},"excerpt":{"rendered":"<p>SJ\u00d6R\u00c4DDNINGSS\u00c4LLSKAPET PLUS OCH SJ\u00d6R\u00c4DDNINGSS\u00c4LLSKAPET PREMIUM M\u00e4nniskor r\u00e4ddas alltid avgiftsfritt p\u00e5 vattnet, men f\u00f6r en icke-br\u00e5dskande f\u00f6rflyttning av b\u00e5ten till s\u00e4kerhet tas vanligtvis en kostnadsers\u00e4ttning ut. Beloppet kan uppg\u00e5 till flera hundra euro. Genom att skaffa Sj\u00f6r\u00e4ddningss\u00e4llskapets Plus-medlemstj\u00e4nst s\u00e4kerst\u00e4ller du hj\u00e4lp f\u00f6r din b\u00e5t som medlemsf\u00f6rm\u00e5n \u00e4ven n\u00e4r inga m\u00e4nniskor \u00e4r i fara. Premium-medlemstj\u00e4nsten garanterar samma [&hellip;]<\/p>\n","protected":false},"author":58,"featured_media":0,"parent":0,"menu_order":0,"comment_status":"closed","ping_status":"closed","template":"","meta":{"_acf_changed":false,"inline_featured_image":false,"footnotes":""},"class_list":["post-427","page","type-page","status-publish","hentry"],"acf":[],"yoast_head":"<!-- This site is optimized with the Yoast SEO Premium plugin v27.2 (Yoast SEO v27.2) - https:\/\/yoast.com\/product\/yoast-seo-premium-wordpress\/ -->\n<title>MEDLEMSKAP - Kemi\u00f6nsaaren Meripelastajat<\/title>\n<meta name=\"robots\" content=\"index, follow, max-snippet:-1, max-image-preview:large, max-video-preview:-1\" \/>\n<link rel=\"canonical\" href=\"https:\/\/meripelastus.fi\/kemionsaari\/trossen-medlemstjanst\/\" \/>\n<meta property=\"og:locale\" content=\"sv_SE\" \/>\n<meta property=\"og:type\" content=\"article\" \/>\n<meta property=\"og:title\" content=\"MEDLEMSKAP\" \/>\n<meta property=\"og:description\" content=\"SJ\u00d6R\u00c4DDNINGSS\u00c4LLSKAPET PLUS OCH SJ\u00d6R\u00c4DDNINGSS\u00c4LLSKAPET PREMIUM M\u00e4nniskor r\u00e4ddas alltid avgiftsfritt p\u00e5 vattnet, men f\u00f6r en icke-br\u00e5dskande f\u00f6rflyttning av b\u00e5ten till s\u00e4kerhet tas vanligtvis en kostnadsers\u00e4ttning ut. Beloppet kan uppg\u00e5 till flera hundra euro. Genom att skaffa Sj\u00f6r\u00e4ddningss\u00e4llskapets Plus-medlemstj\u00e4nst s\u00e4kerst\u00e4ller du hj\u00e4lp f\u00f6r din b\u00e5t som medlemsf\u00f6rm\u00e5n \u00e4ven n\u00e4r inga m\u00e4nniskor \u00e4r i fara. Premium-medlemstj\u00e4nsten garanterar samma [&hellip;]\" \/>\n<meta property=\"og:url\" content=\"https:\/\/meripelastus.fi\/kemionsaari\/trossen-medlemstjanst\/\" \/>\n<meta property=\"og:site_name\" content=\"Kemi\u00f6nsaaren Meripelastajat\" \/>\n<meta property=\"article:modified_time\" content=\"2025-12-19T08:09:17+00:00\" \/>\n<meta name=\"twitter:card\" content=\"summary_large_image\" \/>\n<meta name=\"twitter:label1\" content=\"Ber\u00e4knad l\u00e4stid\" \/>\n\t<meta name=\"twitter:data1\" content=\"2 minuter\" \/>\n<script type=\"application\/ld+json\" class=\"yoast-schema-graph\">{\"@context\":\"https:\/\/schema.org\",\"@graph\":[{\"@type\":\"WebPage\",\"@id\":\"https:\/\/meripelastus.fi\/kemionsaari\/trossen-medlemstjanst\/\",\"url\":\"https:\/\/meripelastus.fi\/kemionsaari\/trossen-medlemstjanst\/\",\"name\":\"MEDLEMSKAP - Kemi\u00f6nsaaren Meripelastajat\",\"isPartOf\":{\"@id\":\"https:\/\/meripelastus.fi\/kemionsaari\/#website\"},\"datePublished\":\"2020-04-20T09:50:40+00:00\",\"dateModified\":\"2025-12-19T08:09:17+00:00\",\"breadcrumb\":{\"@id\":\"https:\/\/meripelastus.fi\/kemionsaari\/trossen-medlemstjanst\/#breadcrumb\"},\"inLanguage\":\"sv-SE\",\"potentialAction\":[{\"@type\":\"ReadAction\",\"target\":[\"https:\/\/meripelastus.fi\/kemionsaari\/trossen-medlemstjanst\/\"]}]},{\"@type\":\"BreadcrumbList\",\"@id\":\"https:\/\/meripelastus.fi\/kemionsaari\/trossen-medlemstjanst\/#breadcrumb\",\"itemListElement\":[{\"@type\":\"ListItem\",\"position\":1,\"name\":\"Home\",\"item\":\"https:\/\/meripelastus.fi\/kemionsaari\/\"},{\"@type\":\"ListItem\",\"position\":2,\"name\":\"MEDLEMSKAP\"}]},{\"@type\":\"WebSite\",\"@id\":\"https:\/\/meripelastus.fi\/kemionsaari\/#website\",\"url\":\"https:\/\/meripelastus.fi\/kemionsaari\/\",\"name\":\"Kemi\u00f6nsaaren Meripelastajat\",\"description\":\"Vapaaehtoiset apunasi vesill\u00e4\",\"potentialAction\":[{\"@type\":\"SearchAction\",\"target\":{\"@type\":\"EntryPoint\",\"urlTemplate\":\"https:\/\/meripelastus.fi\/kemionsaari\/?s={search_term_string}\"},\"query-input\":{\"@type\":\"PropertyValueSpecification\",\"valueRequired\":true,\"valueName\":\"search_term_string\"}}],\"inLanguage\":\"sv-SE\"}]}<\/script>\n<!-- \/ Yoast SEO Premium plugin. -->","yoast_head_json":{"title":"MEDLEMSKAP - Kemi\u00f6nsaaren Meripelastajat","robots":{"index":"index","follow":"follow","max-snippet":"max-snippet:-1","max-image-preview":"max-image-preview:large","max-video-preview":"max-video-preview:-1"},"canonical":"https:\/\/meripelastus.fi\/kemionsaari\/trossen-medlemstjanst\/","og_locale":"sv_SE","og_type":"article","og_title":"MEDLEMSKAP","og_description":"SJ\u00d6R\u00c4DDNINGSS\u00c4LLSKAPET PLUS OCH SJ\u00d6R\u00c4DDNINGSS\u00c4LLSKAPET PREMIUM M\u00e4nniskor r\u00e4ddas alltid avgiftsfritt p\u00e5 vattnet, men f\u00f6r en icke-br\u00e5dskande f\u00f6rflyttning av b\u00e5ten till s\u00e4kerhet tas vanligtvis en kostnadsers\u00e4ttning ut. Beloppet kan uppg\u00e5 till flera hundra euro. Genom att skaffa Sj\u00f6r\u00e4ddningss\u00e4llskapets Plus-medlemstj\u00e4nst s\u00e4kerst\u00e4ller du hj\u00e4lp f\u00f6r din b\u00e5t som medlemsf\u00f6rm\u00e5n \u00e4ven n\u00e4r inga m\u00e4nniskor \u00e4r i fara. Premium-medlemstj\u00e4nsten garanterar samma [&hellip;]","og_url":"https:\/\/meripelastus.fi\/kemionsaari\/trossen-medlemstjanst\/","og_site_name":"Kemi\u00f6nsaaren Meripelastajat","article_modified_time":"2025-12-19T08:09:17+00:00","twitter_card":"summary_large_image","twitter_misc":{"Ber\u00e4knad l\u00e4stid":"2 minuter"},"schema":{"@context":"https:\/\/schema.org","@graph":[{"@type":"WebPage","@id":"https:\/\/meripelastus.fi\/kemionsaari\/trossen-medlemstjanst\/","url":"https:\/\/meripelastus.fi\/kemionsaari\/trossen-medlemstjanst\/","name":"MEDLEMSKAP - Kemi\u00f6nsaaren Meripelastajat","isPartOf":{"@id":"https:\/\/meripelastus.fi\/kemionsaari\/#website"},"datePublished":"2020-04-20T09:50:40+00:00","dateModified":"2025-12-19T08:09:17+00:00","breadcrumb":{"@id":"https:\/\/meripelastus.fi\/kemionsaari\/trossen-medlemstjanst\/#breadcrumb"},"inLanguage":"sv-SE","potentialAction":[{"@type":"ReadAction","target":["https:\/\/meripelastus.fi\/kemionsaari\/trossen-medlemstjanst\/"]}]},{"@type":"BreadcrumbList","@id":"https:\/\/meripelastus.fi\/kemionsaari\/trossen-medlemstjanst\/#breadcrumb","itemListElement":[{"@type":"ListItem","position":1,"name":"Home","item":"https:\/\/meripelastus.fi\/kemionsaari\/"},{"@type":"ListItem","position":2,"name":"MEDLEMSKAP"}]},{"@type":"WebSite","@id":"https:\/\/meripelastus.fi\/kemionsaari\/#website","url":"https:\/\/meripelastus.fi\/kemionsaari\/","name":"Kemi\u00f6nsaaren Meripelastajat","description":"Vapaaehtoiset apunasi vesill\u00e4","potentialAction":[{"@type":"SearchAction","target":{"@type":"EntryPoint","urlTemplate":"https:\/\/meripelastus.fi\/kemionsaari\/?s={search_term_string}"},"query-input":{"@type":"PropertyValueSpecification","valueRequired":true,"valueName":"search_term_string"}}],"inLanguage":"sv-SE"}]}},"_links":{"self":[{"href":"https:\/\/meripelastus.fi\/kemionsaari\/wp-json\/wp\/v2\/pages\/427","targetHints":{"allow":["GET"]}}],"collection":[{"href":"https:\/\/meripelastus.fi\/kemionsaari\/wp-json\/wp\/v2\/pages"}],"about":[{"href":"https:\/\/meripelastus.fi\/kemionsaari\/wp-json\/wp\/v2\/types\/page"}],"author":[{"embeddable":true,"href":"https:\/\/meripelastus.fi\/kemionsaari\/wp-json\/wp\/v2\/users\/58"}],"replies":[{"embeddable":true,"href":"https:\/\/meripelastus.fi\/kemionsaari\/wp-json\/wp\/v2\/comments?post=427"}],"version-history":[{"count":18,"href":"https:\/\/meripelastus.fi\/kemionsaari\/wp-json\/wp\/v2\/pages\/427\/revisions"}],"predecessor-version":[{"id":1076,"href":"https:\/\/meripelastus.fi\/kemionsaari\/wp-json\/wp\/v2\/pages\/427\/revisions\/1076"}],"wp:attachment":[{"href":"https:\/\/meripelastus.fi\/kemionsaari\/wp-json\/wp\/v2\/media?parent=427"}],"curies":[{"name":"wp","href":"https:\/\/api.w.org\/{rel}","templated":true}]}}