{"id":419,"date":"2020-04-20T12:25:13","date_gmt":"2020-04-20T09:25:13","guid":{"rendered":"https:\/\/meripelastus.fi\/kemionsaari-vedos\/?page_id=419"},"modified":"2025-12-19T10:12:06","modified_gmt":"2025-12-19T08:12:06","slug":"trossi-jasenpalvelu","status":"publish","type":"page","link":"https:\/\/meripelastus.fi\/kemionsaari\/fi\/trossi-jasenpalvelu\/","title":{"rendered":"J\u00c4SENPALVELUT"},"content":{"rendered":"<h3>MERIPELASTUSSEURA PLUS JA MERIPELASTUSSEURA PREMIUM<\/h3>\n<p><strong>Ihmiset pelastetaan vesill\u00e4 aina korvauksetta, mutta veneen kiireett\u00f6m\u00e4st\u00e4 siirrosta turvaan joudutaan yleens\u00e4 perim\u00e4\u00e4n kulukorvaus. Summa voi nousta satoihin euroihin. Hankkimalla Meripelastusseuran Plus-j\u00e4senpalvelun varmistat veneellesi avun j\u00e4senetuna silloinkin, kun ihmisi\u00e4 ei ole vaarassa. Premium-j\u00e4senpalvelu takaa saman avun kaikille veneillesi, my\u00f6s perheesi yhteisk\u00e4yt\u00f6ss\u00e4, sek\u00e4 sinulle veneilless\u00e4si jonkun muun omistamalla veneell\u00e4. J\u00e4senen\u00e4 tuet my\u00f6s vapaaehtoista meripelastusty\u00f6t\u00e4.<\/strong><\/p>\n<p>Meripelastusseuran Plus- ja Premium-j\u00e4senpalvelut varmistavat venematkallesi avun kiireett\u00f6miss\u00e4kin ongelmatilanteissa. Plus-tason j\u00e4senmaksu on vain 98 \u20ac kalenterivuodessa. Laajemman turvan tarjoavan Premium-j\u00e4senpalvelun hinta on 148 \u20ac. Ilman j\u00e4senpalvelua yksi veneen hinaus maksaa keskim\u00e4\u00e4rin noin 450 euroa.<\/p>\n<p><strong>Jos matkasi vesill\u00e4 yll\u00e4tt\u00e4en keskeytyy, saat<\/strong><\/p>\n<ul>\n<li><strong>Maksuton hinaus satamaan, jossa korjauspalveluita<\/strong><\/li>\n<li><strong>Apua korjaajan ja v\u00e4liaikaisen s\u00e4ilytyspaikan hankinnassa<\/strong><\/li>\n<li><strong>Saat digitaalisen j\u00e4senkortin ja venetarran<\/strong><\/li>\n<li><strong>Saat digitaalisen j\u00e4senkortin ja venetarran<\/strong><\/li>\n<li><strong>Vastaavan palvelun Ahvenanmaalla, Ruotsissa, Norjassa ja Tanskassa (rajatulla alueella)<\/strong><\/li>\n<li><strong>Valitsemasi meri- tai j\u00e4rvipelastusyhdistyksen j\u00e4senyyden<\/strong><\/li>\n<li><strong>Kaksi kertaa vuodessa ilmestyv\u00e4n j\u00e4senlehden<\/strong><\/li>\n<li><strong>Hyv\u00e4n mielen tukiessasi vapaaehtoista meripelastusty\u00f6t\u00e4.<\/strong><\/li>\n<\/ul>\n<p>Meripelastusseuralla on 62 pelastusasemaa ymp\u00e4ri maata rannikolla ja sis\u00e4vesill\u00e4. Apuun tulee aina l\u00e4hin ja tarkoituksenmukaisin yksikk\u00f6. \u00a0J\u00e4senpalvelu on tarkoitettu ongelmatilanteisiin, joissa kyseess\u00e4 ei ole vaaratilanne eik\u00e4 avun saamisella ole kiire, palvelunumerosta 0800 30 22 30 saat apua 1.5.-31.10.<\/p>\n<p>Meripelastusseuran Plus- ja Premium-j\u00e4senpalvelun tarra veneess\u00e4 on my\u00f6s kannanotto veneilyturvallisuuden puolesta. Maksut k\u00e4ytet\u00e4\u00e4n maamme vapaaehtoisen meripelastustoiminnan yll\u00e4pit\u00e4miseen ja kehitt\u00e4miseen. Vuosittain vapaaehtoisilta meripelastajilta saa apua yli kolmetuhatta ihmist\u00e4 ja tuhat alusta.<\/p>\n<h3>Tue Kemi\u00f6nsaaren Meripelastajia \u2013 valitse meid\u00e4t j\u00e4senyhdistykseksi!<\/h3>\n<p>T\u00e4ytt\u00e4ess\u00e4si j\u00e4senlomaketta, voit valita haluamasi j\u00e4senyhdistyksen. Voit tukea Kemi\u00f6nsaaren Meripelastajia valitsemalla j\u00e4senyhdistykseksi Kemi\u00f6nsaaren.<\/p>\n<ul>\n<li><a class=\"link-arrow\" href=\"https:\/\/meripelastus.fi\/kemionsaari\/wp-content\/uploads\/sites\/28\/2025\/12\/Meripelastusseuran-jasenpalvelun-ehdot-ja-toimintaohjeet-2026.pdf\" target=\"_blank\" rel=\"noopener noreferrer\">Lue t\u00e4\u00e4lt\u00e4 j\u00e4senpalvelun s\u00e4\u00e4nn\u00f6t ja ohjeet!<\/a><\/li>\n<li><a class=\"link-arrow\" href=\"https:\/\/meripelastus.fi\/jasenyys\/liittymislomakkeet\/\" target=\"_blank\" rel=\"noopener noreferrer\">Liity nyt! (linkki aukeaa Suomen Meripelastajien sivuille)<\/a><\/li>\n<li><a class=\"link-arrow\" href=\"https:\/\/meripelastus.fi\/trossi\/jasentietojen-paivityslomake\/\" target=\"_blank\" rel=\"noopener noreferrer\">J\u00e4sentietojen p\u00e4ivityslomake (linkki aukeaa Suomen Meripelastajien sivuille)\u200e<\/a><\/li>\n<\/ul>\n","protected":false},"excerpt":{"rendered":"<p>MERIPELASTUSSEURA PLUS JA MERIPELASTUSSEURA PREMIUM Ihmiset pelastetaan vesill\u00e4 aina korvauksetta, mutta veneen kiireett\u00f6m\u00e4st\u00e4 siirrosta turvaan joudutaan yleens\u00e4 perim\u00e4\u00e4n kulukorvaus. Summa voi nousta satoihin euroihin. Hankkimalla Meripelastusseuran Plus-j\u00e4senpalvelun varmistat veneellesi avun j\u00e4senetuna silloinkin, kun ihmisi\u00e4 ei ole vaarassa. Premium-j\u00e4senpalvelu takaa saman avun kaikille veneillesi, my\u00f6s perheesi yhteisk\u00e4yt\u00f6ss\u00e4, sek\u00e4 sinulle veneilless\u00e4si jonkun muun omistamalla veneell\u00e4. J\u00e4senen\u00e4 tuet [&hellip;]<\/p>\n","protected":false},"author":58,"featured_media":0,"parent":0,"menu_order":0,"comment_status":"closed","ping_status":"closed","template":"","meta":{"_acf_changed":false,"inline_featured_image":false,"footnotes":""},"class_list":["post-419","page","type-page","status-publish","hentry"],"acf":[],"yoast_head":"<!-- This site is optimized with the Yoast SEO Premium plugin v27.2 (Yoast SEO v27.2) - https:\/\/yoast.com\/product\/yoast-seo-premium-wordpress\/ -->\n<title>J\u00c4SENPALVELUT - Kemi\u00f6nsaaren Meripelastajat<\/title>\n<meta name=\"robots\" content=\"index, follow, max-snippet:-1, max-image-preview:large, max-video-preview:-1\" \/>\n<link rel=\"canonical\" href=\"https:\/\/meripelastus.fi\/kemionsaari\/fi\/trossi-jasenpalvelu\/\" \/>\n<meta property=\"og:locale\" content=\"sv_SE\" \/>\n<meta property=\"og:type\" content=\"article\" \/>\n<meta property=\"og:title\" content=\"J\u00c4SENPALVELUT\" \/>\n<meta property=\"og:description\" content=\"MERIPELASTUSSEURA PLUS JA MERIPELASTUSSEURA PREMIUM Ihmiset pelastetaan vesill\u00e4 aina korvauksetta, mutta veneen kiireett\u00f6m\u00e4st\u00e4 siirrosta turvaan joudutaan yleens\u00e4 perim\u00e4\u00e4n kulukorvaus. Summa voi nousta satoihin euroihin. Hankkimalla Meripelastusseuran Plus-j\u00e4senpalvelun varmistat veneellesi avun j\u00e4senetuna silloinkin, kun ihmisi\u00e4 ei ole vaarassa. Premium-j\u00e4senpalvelu takaa saman avun kaikille veneillesi, my\u00f6s perheesi yhteisk\u00e4yt\u00f6ss\u00e4, sek\u00e4 sinulle veneilless\u00e4si jonkun muun omistamalla veneell\u00e4. J\u00e4senen\u00e4 tuet [&hellip;]\" \/>\n<meta property=\"og:url\" content=\"https:\/\/meripelastus.fi\/kemionsaari\/fi\/trossi-jasenpalvelu\/\" \/>\n<meta property=\"og:site_name\" content=\"Kemi\u00f6nsaaren Meripelastajat\" \/>\n<meta property=\"article:modified_time\" content=\"2025-12-19T08:12:06+00:00\" \/>\n<meta name=\"twitter:card\" content=\"summary_large_image\" \/>\n<meta name=\"twitter:label1\" content=\"Ber\u00e4knad l\u00e4stid\" \/>\n\t<meta name=\"twitter:data1\" content=\"2 minuter\" \/>\n<script type=\"application\/ld+json\" class=\"yoast-schema-graph\">{\"@context\":\"https:\/\/schema.org\",\"@graph\":[{\"@type\":\"WebPage\",\"@id\":\"https:\/\/meripelastus.fi\/kemionsaari\/fi\/trossi-jasenpalvelu\/\",\"url\":\"https:\/\/meripelastus.fi\/kemionsaari\/fi\/trossi-jasenpalvelu\/\",\"name\":\"J\u00c4SENPALVELUT - Kemi\u00f6nsaaren Meripelastajat\",\"isPartOf\":{\"@id\":\"https:\/\/meripelastus.fi\/kemionsaari\/#website\"},\"datePublished\":\"2020-04-20T09:25:13+00:00\",\"dateModified\":\"2025-12-19T08:12:06+00:00\",\"breadcrumb\":{\"@id\":\"https:\/\/meripelastus.fi\/kemionsaari\/fi\/trossi-jasenpalvelu\/#breadcrumb\"},\"inLanguage\":\"sv-SE\",\"potentialAction\":[{\"@type\":\"ReadAction\",\"target\":[\"https:\/\/meripelastus.fi\/kemionsaari\/fi\/trossi-jasenpalvelu\/\"]}]},{\"@type\":\"BreadcrumbList\",\"@id\":\"https:\/\/meripelastus.fi\/kemionsaari\/fi\/trossi-jasenpalvelu\/#breadcrumb\",\"itemListElement\":[{\"@type\":\"ListItem\",\"position\":1,\"name\":\"Home\",\"item\":\"https:\/\/meripelastus.fi\/kemionsaari\/\"},{\"@type\":\"ListItem\",\"position\":2,\"name\":\"J\u00c4SENPALVELUT\"}]},{\"@type\":\"WebSite\",\"@id\":\"https:\/\/meripelastus.fi\/kemionsaari\/#website\",\"url\":\"https:\/\/meripelastus.fi\/kemionsaari\/\",\"name\":\"Kemi\u00f6nsaaren Meripelastajat\",\"description\":\"Vapaaehtoiset apunasi vesill\u00e4\",\"potentialAction\":[{\"@type\":\"SearchAction\",\"target\":{\"@type\":\"EntryPoint\",\"urlTemplate\":\"https:\/\/meripelastus.fi\/kemionsaari\/?s={search_term_string}\"},\"query-input\":{\"@type\":\"PropertyValueSpecification\",\"valueRequired\":true,\"valueName\":\"search_term_string\"}}],\"inLanguage\":\"sv-SE\"}]}<\/script>\n<!-- \/ Yoast SEO Premium plugin. -->","yoast_head_json":{"title":"J\u00c4SENPALVELUT - Kemi\u00f6nsaaren Meripelastajat","robots":{"index":"index","follow":"follow","max-snippet":"max-snippet:-1","max-image-preview":"max-image-preview:large","max-video-preview":"max-video-preview:-1"},"canonical":"https:\/\/meripelastus.fi\/kemionsaari\/fi\/trossi-jasenpalvelu\/","og_locale":"sv_SE","og_type":"article","og_title":"J\u00c4SENPALVELUT","og_description":"MERIPELASTUSSEURA PLUS JA MERIPELASTUSSEURA PREMIUM Ihmiset pelastetaan vesill\u00e4 aina korvauksetta, mutta veneen kiireett\u00f6m\u00e4st\u00e4 siirrosta turvaan joudutaan yleens\u00e4 perim\u00e4\u00e4n kulukorvaus. Summa voi nousta satoihin euroihin. Hankkimalla Meripelastusseuran Plus-j\u00e4senpalvelun varmistat veneellesi avun j\u00e4senetuna silloinkin, kun ihmisi\u00e4 ei ole vaarassa. Premium-j\u00e4senpalvelu takaa saman avun kaikille veneillesi, my\u00f6s perheesi yhteisk\u00e4yt\u00f6ss\u00e4, sek\u00e4 sinulle veneilless\u00e4si jonkun muun omistamalla veneell\u00e4. J\u00e4senen\u00e4 tuet [&hellip;]","og_url":"https:\/\/meripelastus.fi\/kemionsaari\/fi\/trossi-jasenpalvelu\/","og_site_name":"Kemi\u00f6nsaaren Meripelastajat","article_modified_time":"2025-12-19T08:12:06+00:00","twitter_card":"summary_large_image","twitter_misc":{"Ber\u00e4knad l\u00e4stid":"2 minuter"},"schema":{"@context":"https:\/\/schema.org","@graph":[{"@type":"WebPage","@id":"https:\/\/meripelastus.fi\/kemionsaari\/fi\/trossi-jasenpalvelu\/","url":"https:\/\/meripelastus.fi\/kemionsaari\/fi\/trossi-jasenpalvelu\/","name":"J\u00c4SENPALVELUT - Kemi\u00f6nsaaren Meripelastajat","isPartOf":{"@id":"https:\/\/meripelastus.fi\/kemionsaari\/#website"},"datePublished":"2020-04-20T09:25:13+00:00","dateModified":"2025-12-19T08:12:06+00:00","breadcrumb":{"@id":"https:\/\/meripelastus.fi\/kemionsaari\/fi\/trossi-jasenpalvelu\/#breadcrumb"},"inLanguage":"sv-SE","potentialAction":[{"@type":"ReadAction","target":["https:\/\/meripelastus.fi\/kemionsaari\/fi\/trossi-jasenpalvelu\/"]}]},{"@type":"BreadcrumbList","@id":"https:\/\/meripelastus.fi\/kemionsaari\/fi\/trossi-jasenpalvelu\/#breadcrumb","itemListElement":[{"@type":"ListItem","position":1,"name":"Home","item":"https:\/\/meripelastus.fi\/kemionsaari\/"},{"@type":"ListItem","position":2,"name":"J\u00c4SENPALVELUT"}]},{"@type":"WebSite","@id":"https:\/\/meripelastus.fi\/kemionsaari\/#website","url":"https:\/\/meripelastus.fi\/kemionsaari\/","name":"Kemi\u00f6nsaaren Meripelastajat","description":"Vapaaehtoiset apunasi vesill\u00e4","potentialAction":[{"@type":"SearchAction","target":{"@type":"EntryPoint","urlTemplate":"https:\/\/meripelastus.fi\/kemionsaari\/?s={search_term_string}"},"query-input":{"@type":"PropertyValueSpecification","valueRequired":true,"valueName":"search_term_string"}}],"inLanguage":"sv-SE"}]}},"_links":{"self":[{"href":"https:\/\/meripelastus.fi\/kemionsaari\/wp-json\/wp\/v2\/pages\/419","targetHints":{"allow":["GET"]}}],"collection":[{"href":"https:\/\/meripelastus.fi\/kemionsaari\/wp-json\/wp\/v2\/pages"}],"about":[{"href":"https:\/\/meripelastus.fi\/kemionsaari\/wp-json\/wp\/v2\/types\/page"}],"author":[{"embeddable":true,"href":"https:\/\/meripelastus.fi\/kemionsaari\/wp-json\/wp\/v2\/users\/58"}],"replies":[{"embeddable":true,"href":"https:\/\/meripelastus.fi\/kemionsaari\/wp-json\/wp\/v2\/comments?post=419"}],"version-history":[{"count":39,"href":"https:\/\/meripelastus.fi\/kemionsaari\/wp-json\/wp\/v2\/pages\/419\/revisions"}],"predecessor-version":[{"id":1078,"href":"https:\/\/meripelastus.fi\/kemionsaari\/wp-json\/wp\/v2\/pages\/419\/revisions\/1078"}],"wp:attachment":[{"href":"https:\/\/meripelastus.fi\/kemionsaari\/wp-json\/wp\/v2\/media?parent=419"}],"curies":[{"name":"wp","href":"https:\/\/api.w.org\/{rel}","templated":true}]}}