{"id":365,"date":"2020-02-18T18:29:05","date_gmt":"2020-02-18T16:29:05","guid":{"rendered":"https:\/\/meripelastus.fi\/kemionsaari-vedos\/?page_id=365"},"modified":"2022-03-07T07:31:52","modified_gmt":"2022-03-07T05:31:52","slug":"hyodyllisia-linkkeja","status":"publish","type":"page","link":"https:\/\/meripelastus.fi\/kemionsaari\/fi\/hyodyllisia-linkkeja\/","title":{"rendered":"Hy\u00f6dyllisi\u00e4 linkkej\u00e4"},"content":{"rendered":"<p>&nbsp;<\/p>\n<p><strong>Vesiv\u00e4ylill\u00e4 liikkuminen<\/strong><\/p>\n<ul style=\"list-style-type: disc\">\n<li><a href=\"https:\/\/vayla.fi\/vesivaylat\/rajoitusalueet#.Xk1IOm5uLIV\" target=\"_blank\" rel=\"noopener noreferrer\"><span>Vesiliikenteen kielto- ja rajoitusalueet<\/span><\/a><\/li>\n<li><a href=\"https:\/\/vayla.fi\/palveluntuottajat\/ammattimerenkulku\/meriliikenteen-hairiot\/varoituksia-merenkulkijoille\" target=\"_blank\" rel=\"noopener noreferrer\"><span>Varoituksia merenkulkijoille<\/span><\/a><\/li>\n<li><a href=\"https:\/\/www.ilmatieteenlaitos.fi\/merisaa-ja-itameri\" target=\"_blank\" rel=\"noopener noreferrer\"><span>Meris\u00e4\u00e4<\/span><\/a><\/li>\n<li><a href=\"https:\/\/extranet.vayla.fi\/pooki_www\/palaute\/\" target=\"_blank\" rel=\"noopener noreferrer\"><span>Turvalaitevioista ilmoittaminen<\/span><\/a><\/li>\n<li><a href=\"https:\/\/www.traficom.fi\/fi\/vesiliikennelaki2020\" target=\"_blank\" rel=\"noopener noreferrer\">Vesiliikennelaki<\/a><\/li>\n<\/ul>\n<p><strong>Merikartat<\/strong><\/p>\n<ul style=\"list-style-type: disc\">\n<li><span><a href=\"https:\/\/www.traficom.fi\/fi\/asioi-kanssamme\/tiedonantoja-merenkulkijoille\" target=\"_blank\" rel=\"noopener noreferrer\">Tiedonantoja merenkulkijoille<\/a><\/span><\/li>\n<li><span><a href=\"https:\/\/www.traficom.fi\/fi\/asioi-kanssamme\/merenkulun-loistot\" target=\"_blank\" rel=\"noopener noreferrer\">Merenkulun loistot<\/a><\/span><\/li>\n<li><span><a href=\"https:\/\/www.traficom.fi\/sites\/default\/files\/media\/file\/merkkienselitys_2011.pdf\" target=\"_blank\" rel=\"noopener noreferrer\">Merikarttamerkit<\/a><\/span><\/li>\n<li><a href=\"https:\/\/eservices.traficom.fi\/merikarttapalaute\" target=\"_blank\" rel=\"noopener noreferrer\">Merikarttapalaute<\/a><\/li>\n<\/ul>\n<p><strong>Radioliikenne<\/strong><\/p>\n<ul>\n<li><a href=\"https:\/\/www.traficom.fi\/fi\/liikenne\/veneily\/veneilijoiden-radiotutkinnot-ja-patevyystodistukset\" target=\"_blank\" rel=\"noopener noreferrer\">Veneilij\u00f6iden radiotutkinnot ja p\u00e4tevyystodistukset<\/a><\/li>\n<li><a href=\"https:\/\/www.traficom.fi\/sites\/default\/files\/media\/file\/Rannikkolaivurin_radioliikenneopas.pdf\" target=\"_blank\" rel=\"noopener noreferrer\">Rannikkolaivurin radioliikenneopas<\/a><\/li>\n<\/ul>\n<p><strong>Meriturvallisuus<\/strong><\/p>\n<ul>\n<li>H\u00e4t\u00e4- ja onnettomuustilanteiden toimenpidekortit huviveneille\n<ul>\n<li><a href=\"https:\/\/meripelastus.fi\/kemionsaari\/wp-content\/uploads\/sites\/28\/2021\/05\/Hatailmoitus.pdf\" target=\"_blank\" rel=\"noopener\">H\u00e4t\u00e4ilmoitus<\/a><\/li>\n<li><a href=\"https:\/\/meripelastus.fi\/kemionsaari\/wp-content\/uploads\/sites\/28\/2021\/05\/Mies-yli-laidan.pdf\" target=\"_blank\" rel=\"noopener\">Mies yli laidan (MOB)<\/a><\/li>\n<li><a href=\"https:\/\/meripelastus.fi\/kemionsaari\/wp-content\/uploads\/sites\/28\/2021\/05\/Konevika_Black-Out.pdf\" target=\"_blank\" rel=\"noopener\">Konevika\/Black out<\/a><\/li>\n<li><a href=\"https:\/\/meripelastus.fi\/kemionsaari\/wp-content\/uploads\/sites\/28\/2021\/05\/Aluspalo.pdf\" target=\"_blank\" rel=\"noopener\">Aluspalo<\/a><\/li>\n<li><a href=\"https:\/\/meripelastus.fi\/kemionsaari\/wp-content\/uploads\/sites\/28\/2021\/05\/Hataankkurointi.pdf\" target=\"_blank\" rel=\"noopener\">H\u00e4t\u00e4ankkurointi<\/a><\/li>\n<li><a href=\"https:\/\/meripelastus.fi\/kemionsaari\/wp-content\/uploads\/sites\/28\/2021\/05\/Sairaskohtaus.pdf\" target=\"_blank\" rel=\"noopener\">Sairaskohtaus<\/a><\/li>\n<li><a href=\"https:\/\/meripelastus.fi\/kemionsaari\/wp-content\/uploads\/sites\/28\/2021\/05\/Karilleajo_Yhteen-tormays.pdf\" target=\"_blank\" rel=\"noopener\">Karilleajo\/Yhteent\u00f6rm\u00e4ys<\/a><\/li>\n<li><a href=\"https:\/\/meripelastus.fi\/kemionsaari\/wp-content\/uploads\/sites\/28\/2021\/05\/Aluksen-jatto.pdf\" target=\"_blank\" rel=\"noopener\">Aluksen j\u00e4tt\u00f6<\/a><\/li>\n<li><a href=\"https:\/\/meripelastus.fi\/kemionsaari\/wp-content\/uploads\/sites\/28\/2021\/05\/Vedessa-selviytyminen.pdf\" target=\"_blank\" rel=\"noopener\">Vedess\u00e4 selviytyminen<\/a><\/li>\n<\/ul>\n<\/li>\n<li><a href=\"https:\/\/raja.fi\/documents\/44957406\/60310797\/apua_turvallisuusopas_FIN_web.pdf\/2eb291cc-db34-78a2-fd05-23d056bf6e4f\/apua_turvallisuusopas_FIN_web.pdf?t=1613138783846\" target=\"_blank\" rel=\"noopener noreferrer\">Apua! \u2013 Veneilij\u00e4n turvallisuusopas<\/a><\/li>\n<\/ul>\n<p>&nbsp;<\/p>\n","protected":false},"excerpt":{"rendered":"<p>&nbsp; Vesiv\u00e4ylill\u00e4 liikkuminen Vesiliikenteen kielto- ja rajoitusalueet Varoituksia merenkulkijoille Meris\u00e4\u00e4 Turvalaitevioista ilmoittaminen Vesiliikennelaki Merikartat Tiedonantoja merenkulkijoille Merenkulun loistot Merikarttamerkit Merikarttapalaute Radioliikenne Veneilij\u00f6iden radiotutkinnot ja p\u00e4tevyystodistukset Rannikkolaivurin radioliikenneopas Meriturvallisuus H\u00e4t\u00e4- ja onnettomuustilanteiden toimenpidekortit huviveneille H\u00e4t\u00e4ilmoitus Mies yli laidan (MOB) Konevika\/Black out Aluspalo H\u00e4t\u00e4ankkurointi Sairaskohtaus Karilleajo\/Yhteent\u00f6rm\u00e4ys Aluksen j\u00e4tt\u00f6 Vedess\u00e4 selviytyminen Apua! \u2013 Veneilij\u00e4n turvallisuusopas &nbsp;<\/p>\n","protected":false},"author":58,"featured_media":0,"parent":0,"menu_order":0,"comment_status":"closed","ping_status":"closed","template":"","meta":{"_acf_changed":false,"inline_featured_image":false,"footnotes":""},"class_list":["post-365","page","type-page","status-publish","hentry"],"acf":[],"yoast_head":"<!-- This site is optimized with the Yoast SEO Premium plugin v27.2 (Yoast SEO v27.2) - https:\/\/yoast.com\/product\/yoast-seo-premium-wordpress\/ -->\n<title>Hy\u00f6dyllisi\u00e4 linkkej\u00e4 - Kemi\u00f6nsaaren Meripelastajat<\/title>\n<meta name=\"robots\" content=\"index, follow, max-snippet:-1, max-image-preview:large, max-video-preview:-1\" \/>\n<link rel=\"canonical\" href=\"https:\/\/meripelastus.fi\/kemionsaari\/fi\/hyodyllisia-linkkeja\/\" \/>\n<meta property=\"og:locale\" content=\"sv_SE\" \/>\n<meta property=\"og:type\" content=\"article\" \/>\n<meta property=\"og:title\" content=\"Hy\u00f6dyllisi\u00e4 linkkej\u00e4\" \/>\n<meta property=\"og:description\" content=\"&nbsp; Vesiv\u00e4ylill\u00e4 liikkuminen Vesiliikenteen kielto- ja rajoitusalueet Varoituksia merenkulkijoille Meris\u00e4\u00e4 Turvalaitevioista ilmoittaminen Vesiliikennelaki Merikartat Tiedonantoja merenkulkijoille Merenkulun loistot Merikarttamerkit Merikarttapalaute Radioliikenne Veneilij\u00f6iden radiotutkinnot ja p\u00e4tevyystodistukset Rannikkolaivurin radioliikenneopas Meriturvallisuus H\u00e4t\u00e4- ja onnettomuustilanteiden toimenpidekortit huviveneille H\u00e4t\u00e4ilmoitus Mies yli laidan (MOB) Konevika\/Black out Aluspalo H\u00e4t\u00e4ankkurointi Sairaskohtaus Karilleajo\/Yhteent\u00f6rm\u00e4ys Aluksen j\u00e4tt\u00f6 Vedess\u00e4 selviytyminen Apua! \u2013 Veneilij\u00e4n turvallisuusopas &nbsp;\" \/>\n<meta property=\"og:url\" content=\"https:\/\/meripelastus.fi\/kemionsaari\/fi\/hyodyllisia-linkkeja\/\" \/>\n<meta property=\"og:site_name\" content=\"Kemi\u00f6nsaaren Meripelastajat\" \/>\n<meta property=\"article:modified_time\" content=\"2022-03-07T05:31:52+00:00\" \/>\n<meta name=\"twitter:card\" content=\"summary_large_image\" \/>\n<meta name=\"twitter:label1\" content=\"Ber\u00e4knad l\u00e4stid\" \/>\n\t<meta name=\"twitter:data1\" content=\"1 minut\" \/>\n<script type=\"application\/ld+json\" class=\"yoast-schema-graph\">{\"@context\":\"https:\/\/schema.org\",\"@graph\":[{\"@type\":\"WebPage\",\"@id\":\"https:\/\/meripelastus.fi\/kemionsaari\/fi\/hyodyllisia-linkkeja\/\",\"url\":\"https:\/\/meripelastus.fi\/kemionsaari\/fi\/hyodyllisia-linkkeja\/\",\"name\":\"Hy\u00f6dyllisi\u00e4 linkkej\u00e4 - Kemi\u00f6nsaaren Meripelastajat\",\"isPartOf\":{\"@id\":\"https:\/\/meripelastus.fi\/kemionsaari\/#website\"},\"datePublished\":\"2020-02-18T16:29:05+00:00\",\"dateModified\":\"2022-03-07T05:31:52+00:00\",\"breadcrumb\":{\"@id\":\"https:\/\/meripelastus.fi\/kemionsaari\/fi\/hyodyllisia-linkkeja\/#breadcrumb\"},\"inLanguage\":\"sv-SE\",\"potentialAction\":[{\"@type\":\"ReadAction\",\"target\":[\"https:\/\/meripelastus.fi\/kemionsaari\/fi\/hyodyllisia-linkkeja\/\"]}]},{\"@type\":\"BreadcrumbList\",\"@id\":\"https:\/\/meripelastus.fi\/kemionsaari\/fi\/hyodyllisia-linkkeja\/#breadcrumb\",\"itemListElement\":[{\"@type\":\"ListItem\",\"position\":1,\"name\":\"Home\",\"item\":\"https:\/\/meripelastus.fi\/kemionsaari\/\"},{\"@type\":\"ListItem\",\"position\":2,\"name\":\"Hy\u00f6dyllisi\u00e4 linkkej\u00e4\"}]},{\"@type\":\"WebSite\",\"@id\":\"https:\/\/meripelastus.fi\/kemionsaari\/#website\",\"url\":\"https:\/\/meripelastus.fi\/kemionsaari\/\",\"name\":\"Kemi\u00f6nsaaren Meripelastajat\",\"description\":\"Vapaaehtoiset apunasi vesill\u00e4\",\"potentialAction\":[{\"@type\":\"SearchAction\",\"target\":{\"@type\":\"EntryPoint\",\"urlTemplate\":\"https:\/\/meripelastus.fi\/kemionsaari\/?s={search_term_string}\"},\"query-input\":{\"@type\":\"PropertyValueSpecification\",\"valueRequired\":true,\"valueName\":\"search_term_string\"}}],\"inLanguage\":\"sv-SE\"}]}<\/script>\n<!-- \/ Yoast SEO Premium plugin. -->","yoast_head_json":{"title":"Hy\u00f6dyllisi\u00e4 linkkej\u00e4 - Kemi\u00f6nsaaren Meripelastajat","robots":{"index":"index","follow":"follow","max-snippet":"max-snippet:-1","max-image-preview":"max-image-preview:large","max-video-preview":"max-video-preview:-1"},"canonical":"https:\/\/meripelastus.fi\/kemionsaari\/fi\/hyodyllisia-linkkeja\/","og_locale":"sv_SE","og_type":"article","og_title":"Hy\u00f6dyllisi\u00e4 linkkej\u00e4","og_description":"&nbsp; Vesiv\u00e4ylill\u00e4 liikkuminen Vesiliikenteen kielto- ja rajoitusalueet Varoituksia merenkulkijoille Meris\u00e4\u00e4 Turvalaitevioista ilmoittaminen Vesiliikennelaki Merikartat Tiedonantoja merenkulkijoille Merenkulun loistot Merikarttamerkit Merikarttapalaute Radioliikenne Veneilij\u00f6iden radiotutkinnot ja p\u00e4tevyystodistukset Rannikkolaivurin radioliikenneopas Meriturvallisuus H\u00e4t\u00e4- ja onnettomuustilanteiden toimenpidekortit huviveneille H\u00e4t\u00e4ilmoitus Mies yli laidan (MOB) Konevika\/Black out Aluspalo H\u00e4t\u00e4ankkurointi Sairaskohtaus Karilleajo\/Yhteent\u00f6rm\u00e4ys Aluksen j\u00e4tt\u00f6 Vedess\u00e4 selviytyminen Apua! \u2013 Veneilij\u00e4n turvallisuusopas &nbsp;","og_url":"https:\/\/meripelastus.fi\/kemionsaari\/fi\/hyodyllisia-linkkeja\/","og_site_name":"Kemi\u00f6nsaaren Meripelastajat","article_modified_time":"2022-03-07T05:31:52+00:00","twitter_card":"summary_large_image","twitter_misc":{"Ber\u00e4knad l\u00e4stid":"1 minut"},"schema":{"@context":"https:\/\/schema.org","@graph":[{"@type":"WebPage","@id":"https:\/\/meripelastus.fi\/kemionsaari\/fi\/hyodyllisia-linkkeja\/","url":"https:\/\/meripelastus.fi\/kemionsaari\/fi\/hyodyllisia-linkkeja\/","name":"Hy\u00f6dyllisi\u00e4 linkkej\u00e4 - Kemi\u00f6nsaaren Meripelastajat","isPartOf":{"@id":"https:\/\/meripelastus.fi\/kemionsaari\/#website"},"datePublished":"2020-02-18T16:29:05+00:00","dateModified":"2022-03-07T05:31:52+00:00","breadcrumb":{"@id":"https:\/\/meripelastus.fi\/kemionsaari\/fi\/hyodyllisia-linkkeja\/#breadcrumb"},"inLanguage":"sv-SE","potentialAction":[{"@type":"ReadAction","target":["https:\/\/meripelastus.fi\/kemionsaari\/fi\/hyodyllisia-linkkeja\/"]}]},{"@type":"BreadcrumbList","@id":"https:\/\/meripelastus.fi\/kemionsaari\/fi\/hyodyllisia-linkkeja\/#breadcrumb","itemListElement":[{"@type":"ListItem","position":1,"name":"Home","item":"https:\/\/meripelastus.fi\/kemionsaari\/"},{"@type":"ListItem","position":2,"name":"Hy\u00f6dyllisi\u00e4 linkkej\u00e4"}]},{"@type":"WebSite","@id":"https:\/\/meripelastus.fi\/kemionsaari\/#website","url":"https:\/\/meripelastus.fi\/kemionsaari\/","name":"Kemi\u00f6nsaaren Meripelastajat","description":"Vapaaehtoiset apunasi vesill\u00e4","potentialAction":[{"@type":"SearchAction","target":{"@type":"EntryPoint","urlTemplate":"https:\/\/meripelastus.fi\/kemionsaari\/?s={search_term_string}"},"query-input":{"@type":"PropertyValueSpecification","valueRequired":true,"valueName":"search_term_string"}}],"inLanguage":"sv-SE"}]}},"_links":{"self":[{"href":"https:\/\/meripelastus.fi\/kemionsaari\/wp-json\/wp\/v2\/pages\/365","targetHints":{"allow":["GET"]}}],"collection":[{"href":"https:\/\/meripelastus.fi\/kemionsaari\/wp-json\/wp\/v2\/pages"}],"about":[{"href":"https:\/\/meripelastus.fi\/kemionsaari\/wp-json\/wp\/v2\/types\/page"}],"author":[{"embeddable":true,"href":"https:\/\/meripelastus.fi\/kemionsaari\/wp-json\/wp\/v2\/users\/58"}],"replies":[{"embeddable":true,"href":"https:\/\/meripelastus.fi\/kemionsaari\/wp-json\/wp\/v2\/comments?post=365"}],"version-history":[{"count":14,"href":"https:\/\/meripelastus.fi\/kemionsaari\/wp-json\/wp\/v2\/pages\/365\/revisions"}],"predecessor-version":[{"id":794,"href":"https:\/\/meripelastus.fi\/kemionsaari\/wp-json\/wp\/v2\/pages\/365\/revisions\/794"}],"wp:attachment":[{"href":"https:\/\/meripelastus.fi\/kemionsaari\/wp-json\/wp\/v2\/media?parent=365"}],"curies":[{"name":"wp","href":"https:\/\/api.w.org\/{rel}","templated":true}]}}