{"id":363,"date":"2020-02-18T18:28:43","date_gmt":"2020-02-18T16:28:43","guid":{"rendered":"https:\/\/meripelastus.fi\/kemionsaari-vedos\/?page_id=363"},"modified":"2022-03-07T07:34:24","modified_gmt":"2022-03-07T05:34:24","slug":"nyttiga-lankar","status":"publish","type":"page","link":"https:\/\/meripelastus.fi\/kemionsaari\/nyttiga-lankar\/","title":{"rendered":"Nyttiga l\u00e4nkar"},"content":{"rendered":"<p>&nbsp;<\/p>\n<p><strong>Att f\u00e4rdas i farleder<\/strong><\/p>\n<ul>\n<li><a href=\"https:\/\/vayla.fi\/sv\/trafikleder\/farleder\/omraden-med-forbud-och-begransningar-som-galler-sjotrafiken\" target=\"_blank\" rel=\"noopener noreferrer\"><span>Omr\u00e5den med f\u00f6rbud och begr\u00e4nsningar som g\u00e4ller sj\u00f6trafiken<\/span><\/a><\/li>\n<li><a href=\"https:\/\/extranet.vayla.fi\/pooki_www\/merivaroitukset\/list_sv.html\" target=\"_blank\" rel=\"noopener noreferrer\"><span>Navigationsvarningar<\/span><\/a><\/li>\n<li><a href=\"https:\/\/sv.ilmatieteenlaitos.fi\/sjovadret-och-ostersjon\" target=\"_blank\" rel=\"noopener noreferrer\"><span>Sj\u00f6v\u00e4dret<\/span><\/a><\/li>\n<li><a href=\"https:\/\/extranet.vayla.fi\/pooki_www\/palaute\/\" target=\"_blank\" rel=\"noopener noreferrer\"><span>Rapportera fel p\u00e5 sj\u00f6s\u00e4kerhetsanordning<\/span><\/a><\/li>\n<li><a href=\"https:\/\/www.traficom.fi\/sv\/sjotrafiklagen2020\" target=\"_blank\" rel=\"noopener noreferrer\"><span>Sj\u00f6trafiklagen<\/span><\/a><\/li>\n<\/ul>\n<p><strong>Sj\u00f6kort<\/strong><\/p>\n<ul>\n<li><span><a href=\"https:\/\/www.traficom.fi\/sv\/vara-tjanster\/underrattelser-sjofarande\" target=\"_blank\" rel=\"noopener noreferrer\">Underr\u00e4ttelser f\u00f6r sj\u00f6farande<\/a><\/span><\/li>\n<li><span><a href=\"https:\/\/www.traficom.fi\/sv\/vara-tjanster\/fyrlista-sjofart\" target=\"_blank\" rel=\"noopener noreferrer\">Fyrlista<\/a><\/span><\/li>\n<li><a href=\"https:\/\/www.traficom.fi\/sites\/default\/files\/media\/file\/merkkienselitys_2011.pdf\" target=\"_blank\" rel=\"noopener noreferrer\"><span>Sj\u00f6kortssymboler<\/span><\/a><\/li>\n<li><span><a href=\"https:\/\/eservices.traficom.fi\/merikarttapalaute\" target=\"_blank\" rel=\"noopener noreferrer\">Observation g\u00e4llande sj\u00f6kort<\/a><\/span><\/li>\n<\/ul>\n<p><strong>Radiokommunikation<\/strong><\/p>\n<ul>\n<li><span><a href=\"https:\/\/www.traficom.fi\/sv\/transport\/batliv\/batforares-radioexamina-och-behorighetsbevis\" target=\"_blank\" rel=\"noopener noreferrer\">B\u00e5tf\u00f6rares radioexamina och beh\u00f6righetsbevis<\/a><\/span><\/li>\n<li><span><a href=\"https:\/\/www.traficom.fi\/sites\/default\/files\/media\/file\/VHF-handbok.pdf\" target=\"_blank\" rel=\"noopener noreferrer\">Handbok i VHF-radiokommunikation f\u00f6r radiooperat\u00f6r med kusttra\ufb01kcerti\ufb01kat<\/a><\/span><\/li>\n<\/ul>\n<p><strong>Sj\u00f6s\u00e4kerhet<\/strong><\/p>\n<ul>\n<li><span>\u00c5tg\u00e4rdskort f\u00f6r n\u00f6d- och olyckssituationer p\u00e5 fritidsb\u00e5tar<\/span>\n<ul>\n<li><a href=\"https:\/\/meripelastus.fi\/kemionsaari\/wp-content\/uploads\/sites\/28\/2021\/05\/Nodanmalan.pdf\" target=\"_blank\" rel=\"noopener\">N\u00f6danm\u00e4lan<\/a><\/li>\n<li><a href=\"https:\/\/meripelastus.fi\/kemionsaari\/wp-content\/uploads\/sites\/28\/2021\/05\/Man-over-bord.pdf\" target=\"_blank\" rel=\"noopener\">Man \u00f6verbord (MOB)<\/a><\/li>\n<li><a href=\"https:\/\/meripelastus.fi\/kemionsaari\/wp-content\/uploads\/sites\/28\/2021\/05\/Maskinfel_Black-out.pdf\" target=\"_blank\" rel=\"noopener\">Maskinfel\/Black out<\/a><\/li>\n<li><a href=\"https:\/\/meripelastus.fi\/kemionsaari\/wp-content\/uploads\/sites\/28\/2021\/05\/Fartygsbrand.pdf\" target=\"_blank\" rel=\"noopener\">Fartygsbrand<\/a><\/li>\n<li><a href=\"https:\/\/meripelastus.fi\/kemionsaari\/wp-content\/uploads\/sites\/28\/2021\/05\/Nodankring.pdf\" target=\"_blank\" rel=\"noopener\">N\u00f6dankring<\/a><\/li>\n<li><a href=\"https:\/\/meripelastus.fi\/kemionsaari\/wp-content\/uploads\/sites\/28\/2021\/05\/Sjukdomsfall.pdf\" target=\"_blank\" rel=\"noopener\">Sjukdomsfall<\/a><\/li>\n<li><a href=\"https:\/\/meripelastus.fi\/kemionsaari\/wp-content\/uploads\/sites\/28\/2021\/05\/Grundstotning_Sammanstotning.pdf\" target=\"_blank\" rel=\"noopener\">Grundst\u00f6tning\/Sammanst\u00f6tning<\/a><\/li>\n<li><a href=\"https:\/\/meripelastus.fi\/kemionsaari\/wp-content\/uploads\/sites\/28\/2021\/05\/Overge-fartyget.pdf\" target=\"_blank\" rel=\"noopener\">\u00d6verge fartyget<\/a><\/li>\n<li><a href=\"https:\/\/meripelastus.fi\/kemionsaari\/wp-content\/uploads\/sites\/28\/2021\/05\/Klara-sig-i-vattnet.pdf\" target=\"_blank\" rel=\"noopener\">Klara sig i vattnet<\/a><\/li>\n<\/ul>\n<\/li>\n<li><span><a href=\"https:\/\/raja.fi\/documents\/44957406\/60310797\/apua_turvallisuusopas_SWE_web.pdf\/253bbd09-6d1d-a002-2667-8100f1956657\/apua_turvallisuusopas_SWE_web.pdf?t=1614253650191\" target=\"_blank\" rel=\"noopener noreferrer\">Hj\u00e4lp! &#8211; B\u00e5t\u00e4garens s\u00e4kerhetshandbok<\/a><\/span><\/li>\n<\/ul>\n","protected":false},"excerpt":{"rendered":"<p>&nbsp; Att f\u00e4rdas i farleder Omr\u00e5den med f\u00f6rbud och begr\u00e4nsningar som g\u00e4ller sj\u00f6trafiken Navigationsvarningar Sj\u00f6v\u00e4dret Rapportera fel p\u00e5 sj\u00f6s\u00e4kerhetsanordning Sj\u00f6trafiklagen Sj\u00f6kort Underr\u00e4ttelser f\u00f6r sj\u00f6farande Fyrlista Sj\u00f6kortssymboler Observation g\u00e4llande sj\u00f6kort Radiokommunikation B\u00e5tf\u00f6rares radioexamina och beh\u00f6righetsbevis Handbok i VHF-radiokommunikation f\u00f6r radiooperat\u00f6r med kusttra\ufb01kcerti\ufb01kat Sj\u00f6s\u00e4kerhet \u00c5tg\u00e4rdskort f\u00f6r n\u00f6d- och olyckssituationer p\u00e5 fritidsb\u00e5tar N\u00f6danm\u00e4lan Man \u00f6verbord (MOB) Maskinfel\/Black out [&hellip;]<\/p>\n","protected":false},"author":58,"featured_media":0,"parent":0,"menu_order":0,"comment_status":"closed","ping_status":"closed","template":"","meta":{"_acf_changed":false,"inline_featured_image":false,"footnotes":""},"class_list":["post-363","page","type-page","status-publish","hentry"],"acf":[],"yoast_head":"<!-- This site is optimized with the Yoast SEO Premium plugin v27.2 (Yoast SEO v27.2) - https:\/\/yoast.com\/product\/yoast-seo-premium-wordpress\/ -->\n<title>Nyttiga l\u00e4nkar - Kemi\u00f6nsaaren Meripelastajat<\/title>\n<meta name=\"robots\" content=\"index, follow, max-snippet:-1, max-image-preview:large, max-video-preview:-1\" \/>\n<link rel=\"canonical\" href=\"https:\/\/meripelastus.fi\/kemionsaari\/nyttiga-lankar\/\" \/>\n<meta property=\"og:locale\" content=\"sv_SE\" \/>\n<meta property=\"og:type\" content=\"article\" \/>\n<meta property=\"og:title\" content=\"Nyttiga l\u00e4nkar\" \/>\n<meta property=\"og:description\" content=\"&nbsp; Att f\u00e4rdas i farleder Omr\u00e5den med f\u00f6rbud och begr\u00e4nsningar som g\u00e4ller sj\u00f6trafiken Navigationsvarningar Sj\u00f6v\u00e4dret Rapportera fel p\u00e5 sj\u00f6s\u00e4kerhetsanordning Sj\u00f6trafiklagen Sj\u00f6kort Underr\u00e4ttelser f\u00f6r sj\u00f6farande Fyrlista Sj\u00f6kortssymboler Observation g\u00e4llande sj\u00f6kort Radiokommunikation B\u00e5tf\u00f6rares radioexamina och beh\u00f6righetsbevis Handbok i VHF-radiokommunikation f\u00f6r radiooperat\u00f6r med kusttra\ufb01kcerti\ufb01kat Sj\u00f6s\u00e4kerhet \u00c5tg\u00e4rdskort f\u00f6r n\u00f6d- och olyckssituationer p\u00e5 fritidsb\u00e5tar N\u00f6danm\u00e4lan Man \u00f6verbord (MOB) Maskinfel\/Black out [&hellip;]\" \/>\n<meta property=\"og:url\" content=\"https:\/\/meripelastus.fi\/kemionsaari\/nyttiga-lankar\/\" \/>\n<meta property=\"og:site_name\" content=\"Kemi\u00f6nsaaren Meripelastajat\" \/>\n<meta property=\"article:modified_time\" content=\"2022-03-07T05:34:24+00:00\" \/>\n<meta name=\"twitter:card\" content=\"summary_large_image\" \/>\n<meta name=\"twitter:label1\" content=\"Ber\u00e4knad l\u00e4stid\" \/>\n\t<meta name=\"twitter:data1\" content=\"1 minut\" \/>\n<script type=\"application\/ld+json\" class=\"yoast-schema-graph\">{\"@context\":\"https:\/\/schema.org\",\"@graph\":[{\"@type\":\"WebPage\",\"@id\":\"https:\/\/meripelastus.fi\/kemionsaari\/nyttiga-lankar\/\",\"url\":\"https:\/\/meripelastus.fi\/kemionsaari\/nyttiga-lankar\/\",\"name\":\"Nyttiga l\u00e4nkar - Kemi\u00f6nsaaren Meripelastajat\",\"isPartOf\":{\"@id\":\"https:\/\/meripelastus.fi\/kemionsaari\/#website\"},\"datePublished\":\"2020-02-18T16:28:43+00:00\",\"dateModified\":\"2022-03-07T05:34:24+00:00\",\"breadcrumb\":{\"@id\":\"https:\/\/meripelastus.fi\/kemionsaari\/nyttiga-lankar\/#breadcrumb\"},\"inLanguage\":\"sv-SE\",\"potentialAction\":[{\"@type\":\"ReadAction\",\"target\":[\"https:\/\/meripelastus.fi\/kemionsaari\/nyttiga-lankar\/\"]}]},{\"@type\":\"BreadcrumbList\",\"@id\":\"https:\/\/meripelastus.fi\/kemionsaari\/nyttiga-lankar\/#breadcrumb\",\"itemListElement\":[{\"@type\":\"ListItem\",\"position\":1,\"name\":\"Home\",\"item\":\"https:\/\/meripelastus.fi\/kemionsaari\/\"},{\"@type\":\"ListItem\",\"position\":2,\"name\":\"Nyttiga l\u00e4nkar\"}]},{\"@type\":\"WebSite\",\"@id\":\"https:\/\/meripelastus.fi\/kemionsaari\/#website\",\"url\":\"https:\/\/meripelastus.fi\/kemionsaari\/\",\"name\":\"Kemi\u00f6nsaaren Meripelastajat\",\"description\":\"Vapaaehtoiset apunasi vesill\u00e4\",\"potentialAction\":[{\"@type\":\"SearchAction\",\"target\":{\"@type\":\"EntryPoint\",\"urlTemplate\":\"https:\/\/meripelastus.fi\/kemionsaari\/?s={search_term_string}\"},\"query-input\":{\"@type\":\"PropertyValueSpecification\",\"valueRequired\":true,\"valueName\":\"search_term_string\"}}],\"inLanguage\":\"sv-SE\"}]}<\/script>\n<!-- \/ Yoast SEO Premium plugin. -->","yoast_head_json":{"title":"Nyttiga l\u00e4nkar - Kemi\u00f6nsaaren Meripelastajat","robots":{"index":"index","follow":"follow","max-snippet":"max-snippet:-1","max-image-preview":"max-image-preview:large","max-video-preview":"max-video-preview:-1"},"canonical":"https:\/\/meripelastus.fi\/kemionsaari\/nyttiga-lankar\/","og_locale":"sv_SE","og_type":"article","og_title":"Nyttiga l\u00e4nkar","og_description":"&nbsp; Att f\u00e4rdas i farleder Omr\u00e5den med f\u00f6rbud och begr\u00e4nsningar som g\u00e4ller sj\u00f6trafiken Navigationsvarningar Sj\u00f6v\u00e4dret Rapportera fel p\u00e5 sj\u00f6s\u00e4kerhetsanordning Sj\u00f6trafiklagen Sj\u00f6kort Underr\u00e4ttelser f\u00f6r sj\u00f6farande Fyrlista Sj\u00f6kortssymboler Observation g\u00e4llande sj\u00f6kort Radiokommunikation B\u00e5tf\u00f6rares radioexamina och beh\u00f6righetsbevis Handbok i VHF-radiokommunikation f\u00f6r radiooperat\u00f6r med kusttra\ufb01kcerti\ufb01kat Sj\u00f6s\u00e4kerhet \u00c5tg\u00e4rdskort f\u00f6r n\u00f6d- och olyckssituationer p\u00e5 fritidsb\u00e5tar N\u00f6danm\u00e4lan Man \u00f6verbord (MOB) Maskinfel\/Black out [&hellip;]","og_url":"https:\/\/meripelastus.fi\/kemionsaari\/nyttiga-lankar\/","og_site_name":"Kemi\u00f6nsaaren Meripelastajat","article_modified_time":"2022-03-07T05:34:24+00:00","twitter_card":"summary_large_image","twitter_misc":{"Ber\u00e4knad l\u00e4stid":"1 minut"},"schema":{"@context":"https:\/\/schema.org","@graph":[{"@type":"WebPage","@id":"https:\/\/meripelastus.fi\/kemionsaari\/nyttiga-lankar\/","url":"https:\/\/meripelastus.fi\/kemionsaari\/nyttiga-lankar\/","name":"Nyttiga l\u00e4nkar - Kemi\u00f6nsaaren Meripelastajat","isPartOf":{"@id":"https:\/\/meripelastus.fi\/kemionsaari\/#website"},"datePublished":"2020-02-18T16:28:43+00:00","dateModified":"2022-03-07T05:34:24+00:00","breadcrumb":{"@id":"https:\/\/meripelastus.fi\/kemionsaari\/nyttiga-lankar\/#breadcrumb"},"inLanguage":"sv-SE","potentialAction":[{"@type":"ReadAction","target":["https:\/\/meripelastus.fi\/kemionsaari\/nyttiga-lankar\/"]}]},{"@type":"BreadcrumbList","@id":"https:\/\/meripelastus.fi\/kemionsaari\/nyttiga-lankar\/#breadcrumb","itemListElement":[{"@type":"ListItem","position":1,"name":"Home","item":"https:\/\/meripelastus.fi\/kemionsaari\/"},{"@type":"ListItem","position":2,"name":"Nyttiga l\u00e4nkar"}]},{"@type":"WebSite","@id":"https:\/\/meripelastus.fi\/kemionsaari\/#website","url":"https:\/\/meripelastus.fi\/kemionsaari\/","name":"Kemi\u00f6nsaaren Meripelastajat","description":"Vapaaehtoiset apunasi vesill\u00e4","potentialAction":[{"@type":"SearchAction","target":{"@type":"EntryPoint","urlTemplate":"https:\/\/meripelastus.fi\/kemionsaari\/?s={search_term_string}"},"query-input":{"@type":"PropertyValueSpecification","valueRequired":true,"valueName":"search_term_string"}}],"inLanguage":"sv-SE"}]}},"_links":{"self":[{"href":"https:\/\/meripelastus.fi\/kemionsaari\/wp-json\/wp\/v2\/pages\/363","targetHints":{"allow":["GET"]}}],"collection":[{"href":"https:\/\/meripelastus.fi\/kemionsaari\/wp-json\/wp\/v2\/pages"}],"about":[{"href":"https:\/\/meripelastus.fi\/kemionsaari\/wp-json\/wp\/v2\/types\/page"}],"author":[{"embeddable":true,"href":"https:\/\/meripelastus.fi\/kemionsaari\/wp-json\/wp\/v2\/users\/58"}],"replies":[{"embeddable":true,"href":"https:\/\/meripelastus.fi\/kemionsaari\/wp-json\/wp\/v2\/comments?post=363"}],"version-history":[{"count":11,"href":"https:\/\/meripelastus.fi\/kemionsaari\/wp-json\/wp\/v2\/pages\/363\/revisions"}],"predecessor-version":[{"id":795,"href":"https:\/\/meripelastus.fi\/kemionsaari\/wp-json\/wp\/v2\/pages\/363\/revisions\/795"}],"wp:attachment":[{"href":"https:\/\/meripelastus.fi\/kemionsaari\/wp-json\/wp\/v2\/media?parent=363"}],"curies":[{"name":"wp","href":"https:\/\/api.w.org\/{rel}","templated":true}]}}