{"id":359,"date":"2020-02-18T18:21:39","date_gmt":"2020-02-18T16:21:39","guid":{"rendered":"https:\/\/meripelastus.fi\/kemionsaari-vedos\/?page_id=359"},"modified":"2025-12-11T20:38:29","modified_gmt":"2025-12-11T18:38:29","slug":"tukijamme","status":"publish","type":"page","link":"https:\/\/meripelastus.fi\/kemionsaari\/fi\/tukijamme\/","title":{"rendered":"Tukijamme"},"content":{"rendered":"\n<p>Kiit\u00e4mme kaikkia toimintaamme tukeneita yrityksi\u00e4 ja yhteis\u00f6j\u00e4, jotka omalla panoksellaan mahdollistavat vapaaehtoisen meripelastustoiminnan.<\/p>\n\n\n\n<p>&nbsp;<\/p>\n\n\n\n<div class=\"wp-block-group is-nowrap is-layout-flex wp-container-core-group-is-layout-ad2f72ca wp-block-group-is-layout-flex\">\n<figure class=\"wp-block-table alignleft\"><table class=\"has-fixed-layout\"><tbody><tr><td><a href=\"http:\/\/www.dalsbruksbatservice.fi\"><img loading=\"lazy\" decoding=\"async\" width=\"699\" height=\"340\" class=\"wp-image-1021\" style=\"width: 250px\" src=\"https:\/\/meripelastus.fi\/kemionsaari\/wp-content\/uploads\/sites\/28\/2025\/11\/Batservice.png\" alt=\"\" srcset=\"https:\/\/meripelastus.fi\/kemionsaari\/wp-content\/uploads\/sites\/28\/2025\/11\/Batservice.png 699w, https:\/\/meripelastus.fi\/kemionsaari\/wp-content\/uploads\/sites\/28\/2025\/11\/Batservice-300x146.png 300w\" sizes=\"auto, (max-width: 699px) 100vw, 699px\" \/><\/a><\/td><td><a href=\"https:\/\/amosanderson.fi\/fi\/\"><img loading=\"lazy\" decoding=\"async\" width=\"420\" height=\"260\" class=\"wp-image-1023\" style=\"width: 200px\" src=\"https:\/\/meripelastus.fi\/kemionsaari\/wp-content\/uploads\/sites\/28\/2025\/11\/Amos_Anderson_logo_family.png\" alt=\"\" srcset=\"https:\/\/meripelastus.fi\/kemionsaari\/wp-content\/uploads\/sites\/28\/2025\/11\/Amos_Anderson_logo_family.png 420w, https:\/\/meripelastus.fi\/kemionsaari\/wp-content\/uploads\/sites\/28\/2025\/11\/Amos_Anderson_logo_family-300x186.png 300w\" sizes=\"auto, (max-width: 420px) 100vw, 420px\" \/><\/a><\/td><\/tr><tr><td><a href=\"https:\/\/byggis.fi\"><img loading=\"lazy\" decoding=\"async\" width=\"1832\" height=\"718\" class=\"wp-image-1022\" style=\"width: 250px\" src=\"https:\/\/meripelastus.fi\/kemionsaari\/wp-content\/uploads\/sites\/28\/2025\/11\/Byggis-logo-kopio.png\" alt=\"\" srcset=\"https:\/\/meripelastus.fi\/kemionsaari\/wp-content\/uploads\/sites\/28\/2025\/11\/Byggis-logo-kopio.png 1832w, https:\/\/meripelastus.fi\/kemionsaari\/wp-content\/uploads\/sites\/28\/2025\/11\/Byggis-logo-kopio-300x118.png 300w, https:\/\/meripelastus.fi\/kemionsaari\/wp-content\/uploads\/sites\/28\/2025\/11\/Byggis-logo-kopio-1024x401.png 1024w, https:\/\/meripelastus.fi\/kemionsaari\/wp-content\/uploads\/sites\/28\/2025\/11\/Byggis-logo-kopio-768x301.png 768w, https:\/\/meripelastus.fi\/kemionsaari\/wp-content\/uploads\/sites\/28\/2025\/11\/Byggis-logo-kopio-1536x602.png 1536w\" sizes=\"auto, (max-width: 1832px) 100vw, 1832px\" \/><\/a><\/td><td><a href=\"https:\/\/machinery.fi\"><img loading=\"lazy\" decoding=\"async\" width=\"1341\" height=\"177\" class=\"wp-image-1024\" style=\"width: 250px\" src=\"https:\/\/meripelastus.fi\/kemionsaari\/wp-content\/uploads\/sites\/28\/2025\/11\/Machinery_logo-1.png\" alt=\"\" srcset=\"https:\/\/meripelastus.fi\/kemionsaari\/wp-content\/uploads\/sites\/28\/2025\/11\/Machinery_logo-1.png 1341w, https:\/\/meripelastus.fi\/kemionsaari\/wp-content\/uploads\/sites\/28\/2025\/11\/Machinery_logo-1-300x40.png 300w, https:\/\/meripelastus.fi\/kemionsaari\/wp-content\/uploads\/sites\/28\/2025\/11\/Machinery_logo-1-1024x135.png 1024w, https:\/\/meripelastus.fi\/kemionsaari\/wp-content\/uploads\/sites\/28\/2025\/11\/Machinery_logo-1-768x101.png 768w\" sizes=\"auto, (max-width: 1341px) 100vw, 1341px\" \/><\/a><\/td><\/tr><tr><td>Ab Kasn\u00e4sudden Oy<\/td><td>AFM-LKV Ab Oy<\/td><\/tr><tr><td>D-Marin Ab<\/td><td>Dalsbruks Motor o Segelklubb<\/td><\/tr><tr><td>Dalsbruks Sj\u00f6trafik Ab<\/td><td>Civil Tech Oy Ab<\/td><\/tr><tr><td>J&amp;M Launokorpi Oy<\/td><td>Kari Lepp\u00e4nen Arkkitehdit Oy<\/td><\/tr><tr><td>Kimito Telefon Ab<\/td><td>K-Knallis<\/td><\/tr><tr><td>LokalTapiola Sydkusten<\/td><td>Oy DB Marina Ab<\/td><\/tr><tr><td>Saaristo Yhti\u00f6t Oy \/ Seapoint<\/td><td>Silver Fish \/ Kultaliekki Oy<\/td><\/tr><tr><td>Somero Sparbank<\/td><td>V\u00e4stanfj\u00e4rds B\u00e5tklubb<\/td><\/tr><tr><td>Varutj\u00e4nst<\/td><td>&nbsp;<\/td><\/tr><tr><td>&nbsp;<\/td><td>&nbsp;<\/td><\/tr><\/tbody><\/table><\/figure>\n\n\n<\/div>\n\n\n\n<p><\/p>\n","protected":false},"excerpt":{"rendered":"<p>Kiit\u00e4mme kaikkia toimintaamme tukeneita yrityksi\u00e4 ja yhteis\u00f6j\u00e4, jotka omalla panoksellaan mahdollistavat vapaaehtoisen meripelastustoiminnan. &nbsp; Ab Kasn\u00e4sudden Oy AFM-LKV Ab Oy D-Marin Ab Dalsbruks Motor o Segelklubb Dalsbruks Sj\u00f6trafik Ab Civil Tech Oy Ab J&amp;M Launokorpi Oy Kari Lepp\u00e4nen Arkkitehdit Oy Kimito Telefon Ab K-Knallis LokalTapiola Sydkusten Oy DB Marina Ab Saaristo Yhti\u00f6t Oy \/ Seapoint [&hellip;]<\/p>\n","protected":false},"author":58,"featured_media":0,"parent":0,"menu_order":0,"comment_status":"closed","ping_status":"closed","template":"","meta":{"_acf_changed":false,"inline_featured_image":false,"footnotes":""},"class_list":["post-359","page","type-page","status-publish","hentry"],"acf":[],"yoast_head":"<!-- This site is optimized with the Yoast SEO Premium plugin v27.2 (Yoast SEO v27.2) - https:\/\/yoast.com\/product\/yoast-seo-premium-wordpress\/ -->\n<title>Tukijamme - Kemi\u00f6nsaaren Meripelastajat<\/title>\n<meta name=\"robots\" content=\"index, follow, max-snippet:-1, max-image-preview:large, max-video-preview:-1\" \/>\n<link rel=\"canonical\" href=\"https:\/\/meripelastus.fi\/kemionsaari\/fi\/tukijamme\/\" \/>\n<meta property=\"og:locale\" content=\"sv_SE\" \/>\n<meta property=\"og:type\" content=\"article\" \/>\n<meta property=\"og:title\" content=\"Tukijamme\" \/>\n<meta property=\"og:description\" content=\"Kiit\u00e4mme kaikkia toimintaamme tukeneita yrityksi\u00e4 ja yhteis\u00f6j\u00e4, jotka omalla panoksellaan mahdollistavat vapaaehtoisen meripelastustoiminnan. &nbsp; Ab Kasn\u00e4sudden Oy AFM-LKV Ab Oy D-Marin Ab Dalsbruks Motor o Segelklubb Dalsbruks Sj\u00f6trafik Ab Civil Tech Oy Ab J&amp;M Launokorpi Oy Kari Lepp\u00e4nen Arkkitehdit Oy Kimito Telefon Ab K-Knallis LokalTapiola Sydkusten Oy DB Marina Ab Saaristo Yhti\u00f6t Oy \/ Seapoint [&hellip;]\" \/>\n<meta property=\"og:url\" content=\"https:\/\/meripelastus.fi\/kemionsaari\/fi\/tukijamme\/\" \/>\n<meta property=\"og:site_name\" content=\"Kemi\u00f6nsaaren Meripelastajat\" \/>\n<meta property=\"article:modified_time\" content=\"2025-12-11T18:38:29+00:00\" \/>\n<meta property=\"og:image\" content=\"https:\/\/meripelastus.fi\/kemionsaari\/wp-content\/uploads\/sites\/28\/2025\/11\/Batservice.png\" \/>\n\t<meta property=\"og:image:width\" content=\"699\" \/>\n\t<meta property=\"og:image:height\" content=\"340\" \/>\n\t<meta property=\"og:image:type\" content=\"image\/png\" \/>\n<meta name=\"twitter:card\" content=\"summary_large_image\" \/>\n<meta name=\"twitter:label1\" content=\"Ber\u00e4knad l\u00e4stid\" \/>\n\t<meta name=\"twitter:data1\" content=\"2 minuter\" \/>\n<script type=\"application\/ld+json\" class=\"yoast-schema-graph\">{\"@context\":\"https:\/\/schema.org\",\"@graph\":[{\"@type\":\"WebPage\",\"@id\":\"https:\/\/meripelastus.fi\/kemionsaari\/fi\/tukijamme\/\",\"url\":\"https:\/\/meripelastus.fi\/kemionsaari\/fi\/tukijamme\/\",\"name\":\"Tukijamme - Kemi\u00f6nsaaren Meripelastajat\",\"isPartOf\":{\"@id\":\"https:\/\/meripelastus.fi\/kemionsaari\/#website\"},\"primaryImageOfPage\":{\"@id\":\"https:\/\/meripelastus.fi\/kemionsaari\/fi\/tukijamme\/#primaryimage\"},\"image\":{\"@id\":\"https:\/\/meripelastus.fi\/kemionsaari\/fi\/tukijamme\/#primaryimage\"},\"thumbnailUrl\":\"https:\/\/meripelastus.fi\/kemionsaari\/wp-content\/uploads\/sites\/28\/2025\/11\/Batservice.png\",\"datePublished\":\"2020-02-18T16:21:39+00:00\",\"dateModified\":\"2025-12-11T18:38:29+00:00\",\"breadcrumb\":{\"@id\":\"https:\/\/meripelastus.fi\/kemionsaari\/fi\/tukijamme\/#breadcrumb\"},\"inLanguage\":\"sv-SE\",\"potentialAction\":[{\"@type\":\"ReadAction\",\"target\":[\"https:\/\/meripelastus.fi\/kemionsaari\/fi\/tukijamme\/\"]}]},{\"@type\":\"ImageObject\",\"inLanguage\":\"sv-SE\",\"@id\":\"https:\/\/meripelastus.fi\/kemionsaari\/fi\/tukijamme\/#primaryimage\",\"url\":\"https:\/\/meripelastus.fi\/kemionsaari\/wp-content\/uploads\/sites\/28\/2025\/11\/Batservice.png\",\"contentUrl\":\"https:\/\/meripelastus.fi\/kemionsaari\/wp-content\/uploads\/sites\/28\/2025\/11\/Batservice.png\",\"width\":699,\"height\":340},{\"@type\":\"BreadcrumbList\",\"@id\":\"https:\/\/meripelastus.fi\/kemionsaari\/fi\/tukijamme\/#breadcrumb\",\"itemListElement\":[{\"@type\":\"ListItem\",\"position\":1,\"name\":\"Home\",\"item\":\"https:\/\/meripelastus.fi\/kemionsaari\/\"},{\"@type\":\"ListItem\",\"position\":2,\"name\":\"Tukijamme\"}]},{\"@type\":\"WebSite\",\"@id\":\"https:\/\/meripelastus.fi\/kemionsaari\/#website\",\"url\":\"https:\/\/meripelastus.fi\/kemionsaari\/\",\"name\":\"Kemi\u00f6nsaaren Meripelastajat\",\"description\":\"Vapaaehtoiset apunasi vesill\u00e4\",\"potentialAction\":[{\"@type\":\"SearchAction\",\"target\":{\"@type\":\"EntryPoint\",\"urlTemplate\":\"https:\/\/meripelastus.fi\/kemionsaari\/?s={search_term_string}\"},\"query-input\":{\"@type\":\"PropertyValueSpecification\",\"valueRequired\":true,\"valueName\":\"search_term_string\"}}],\"inLanguage\":\"sv-SE\"}]}<\/script>\n<!-- \/ Yoast SEO Premium plugin. -->","yoast_head_json":{"title":"Tukijamme - Kemi\u00f6nsaaren Meripelastajat","robots":{"index":"index","follow":"follow","max-snippet":"max-snippet:-1","max-image-preview":"max-image-preview:large","max-video-preview":"max-video-preview:-1"},"canonical":"https:\/\/meripelastus.fi\/kemionsaari\/fi\/tukijamme\/","og_locale":"sv_SE","og_type":"article","og_title":"Tukijamme","og_description":"Kiit\u00e4mme kaikkia toimintaamme tukeneita yrityksi\u00e4 ja yhteis\u00f6j\u00e4, jotka omalla panoksellaan mahdollistavat vapaaehtoisen meripelastustoiminnan. &nbsp; Ab Kasn\u00e4sudden Oy AFM-LKV Ab Oy D-Marin Ab Dalsbruks Motor o Segelklubb Dalsbruks Sj\u00f6trafik Ab Civil Tech Oy Ab J&amp;M Launokorpi Oy Kari Lepp\u00e4nen Arkkitehdit Oy Kimito Telefon Ab K-Knallis LokalTapiola Sydkusten Oy DB Marina Ab Saaristo Yhti\u00f6t Oy \/ Seapoint [&hellip;]","og_url":"https:\/\/meripelastus.fi\/kemionsaari\/fi\/tukijamme\/","og_site_name":"Kemi\u00f6nsaaren Meripelastajat","article_modified_time":"2025-12-11T18:38:29+00:00","og_image":[{"width":699,"height":340,"url":"https:\/\/meripelastus.fi\/kemionsaari\/wp-content\/uploads\/sites\/28\/2025\/11\/Batservice.png","type":"image\/png"}],"twitter_card":"summary_large_image","twitter_misc":{"Ber\u00e4knad l\u00e4stid":"2 minuter"},"schema":{"@context":"https:\/\/schema.org","@graph":[{"@type":"WebPage","@id":"https:\/\/meripelastus.fi\/kemionsaari\/fi\/tukijamme\/","url":"https:\/\/meripelastus.fi\/kemionsaari\/fi\/tukijamme\/","name":"Tukijamme - Kemi\u00f6nsaaren Meripelastajat","isPartOf":{"@id":"https:\/\/meripelastus.fi\/kemionsaari\/#website"},"primaryImageOfPage":{"@id":"https:\/\/meripelastus.fi\/kemionsaari\/fi\/tukijamme\/#primaryimage"},"image":{"@id":"https:\/\/meripelastus.fi\/kemionsaari\/fi\/tukijamme\/#primaryimage"},"thumbnailUrl":"https:\/\/meripelastus.fi\/kemionsaari\/wp-content\/uploads\/sites\/28\/2025\/11\/Batservice.png","datePublished":"2020-02-18T16:21:39+00:00","dateModified":"2025-12-11T18:38:29+00:00","breadcrumb":{"@id":"https:\/\/meripelastus.fi\/kemionsaari\/fi\/tukijamme\/#breadcrumb"},"inLanguage":"sv-SE","potentialAction":[{"@type":"ReadAction","target":["https:\/\/meripelastus.fi\/kemionsaari\/fi\/tukijamme\/"]}]},{"@type":"ImageObject","inLanguage":"sv-SE","@id":"https:\/\/meripelastus.fi\/kemionsaari\/fi\/tukijamme\/#primaryimage","url":"https:\/\/meripelastus.fi\/kemionsaari\/wp-content\/uploads\/sites\/28\/2025\/11\/Batservice.png","contentUrl":"https:\/\/meripelastus.fi\/kemionsaari\/wp-content\/uploads\/sites\/28\/2025\/11\/Batservice.png","width":699,"height":340},{"@type":"BreadcrumbList","@id":"https:\/\/meripelastus.fi\/kemionsaari\/fi\/tukijamme\/#breadcrumb","itemListElement":[{"@type":"ListItem","position":1,"name":"Home","item":"https:\/\/meripelastus.fi\/kemionsaari\/"},{"@type":"ListItem","position":2,"name":"Tukijamme"}]},{"@type":"WebSite","@id":"https:\/\/meripelastus.fi\/kemionsaari\/#website","url":"https:\/\/meripelastus.fi\/kemionsaari\/","name":"Kemi\u00f6nsaaren Meripelastajat","description":"Vapaaehtoiset apunasi vesill\u00e4","potentialAction":[{"@type":"SearchAction","target":{"@type":"EntryPoint","urlTemplate":"https:\/\/meripelastus.fi\/kemionsaari\/?s={search_term_string}"},"query-input":{"@type":"PropertyValueSpecification","valueRequired":true,"valueName":"search_term_string"}}],"inLanguage":"sv-SE"}]}},"_links":{"self":[{"href":"https:\/\/meripelastus.fi\/kemionsaari\/wp-json\/wp\/v2\/pages\/359","targetHints":{"allow":["GET"]}}],"collection":[{"href":"https:\/\/meripelastus.fi\/kemionsaari\/wp-json\/wp\/v2\/pages"}],"about":[{"href":"https:\/\/meripelastus.fi\/kemionsaari\/wp-json\/wp\/v2\/types\/page"}],"author":[{"embeddable":true,"href":"https:\/\/meripelastus.fi\/kemionsaari\/wp-json\/wp\/v2\/users\/58"}],"replies":[{"embeddable":true,"href":"https:\/\/meripelastus.fi\/kemionsaari\/wp-json\/wp\/v2\/comments?post=359"}],"version-history":[{"count":19,"href":"https:\/\/meripelastus.fi\/kemionsaari\/wp-json\/wp\/v2\/pages\/359\/revisions"}],"predecessor-version":[{"id":1073,"href":"https:\/\/meripelastus.fi\/kemionsaari\/wp-json\/wp\/v2\/pages\/359\/revisions\/1073"}],"wp:attachment":[{"href":"https:\/\/meripelastus.fi\/kemionsaari\/wp-json\/wp\/v2\/media?parent=359"}],"curies":[{"name":"wp","href":"https:\/\/api.w.org\/{rel}","templated":true}]}}