{"id":312,"date":"2020-01-27T10:09:35","date_gmt":"2020-01-27T08:09:35","guid":{"rendered":"https:\/\/meripelastus.fi\/kemionsaari-vedos\/?page_id=312"},"modified":"2020-05-09T15:14:55","modified_gmt":"2020-05-09T12:14:55","slug":"historia","status":"publish","type":"page","link":"https:\/\/meripelastus.fi\/kemionsaari\/kimitoons-sjoraddare\/historia\/","title":{"rendered":"Historia"},"content":{"rendered":"<p>P\u00e5 Kimito\u00f6n har det redan f\u00f6re f\u00f6reningens grundade funnits frivillig sj\u00f6r\u00e4ddningsverksamhet.<\/p>\n<p>\u00c5r 2006 grundades en station p\u00e5 Kasn\u00e4sudden som till en b\u00f6rjan tillh\u00f6rde Pargas Sj\u00f6r\u00e4ddningsf\u00f6rening Sydv\u00e4st. 6 \u00e5r senare b\u00f6rjade stationen tillh\u00f6ra Salos Sj\u00f6r\u00e4ddare.<\/p>\n<p>Senare godk\u00e4nde Finska Sj\u00f6r\u00e4ddningss\u00e4llskapet grundandet av en ny medlemsf\u00f6rening, Kimito\u00f6ns Sj\u00f6r\u00e4ddare rf. Den 12.6.2015 togs f\u00f6reningen officiellt med i det Finska Sj\u00f6r\u00e4ddningss\u00e4llskapet.<\/p>\n","protected":false},"excerpt":{"rendered":"<p>P\u00e5 Kimito\u00f6n har det redan f\u00f6re f\u00f6reningens grundade funnits frivillig sj\u00f6r\u00e4ddningsverksamhet. \u00c5r 2006 grundades en station p\u00e5 Kasn\u00e4sudden som till en b\u00f6rjan tillh\u00f6rde Pargas Sj\u00f6r\u00e4ddningsf\u00f6rening Sydv\u00e4st. 6 \u00e5r senare b\u00f6rjade stationen tillh\u00f6ra Salos Sj\u00f6r\u00e4ddare. Senare godk\u00e4nde Finska Sj\u00f6r\u00e4ddningss\u00e4llskapet grundandet av en ny medlemsf\u00f6rening, Kimito\u00f6ns Sj\u00f6r\u00e4ddare rf. Den 12.6.2015 togs f\u00f6reningen officiellt med i det Finska [&hellip;]<\/p>\n","protected":false},"author":58,"featured_media":0,"parent":220,"menu_order":0,"comment_status":"closed","ping_status":"closed","template":"","meta":{"_acf_changed":false,"inline_featured_image":false,"footnotes":""},"class_list":["post-312","page","type-page","status-publish","hentry"],"acf":[],"yoast_head":"<!-- This site is optimized with the Yoast SEO Premium plugin v27.2 (Yoast SEO v27.2) - https:\/\/yoast.com\/product\/yoast-seo-premium-wordpress\/ -->\n<title>Historia - Kemi\u00f6nsaaren Meripelastajat<\/title>\n<meta name=\"robots\" content=\"index, follow, max-snippet:-1, max-image-preview:large, max-video-preview:-1\" \/>\n<link rel=\"canonical\" href=\"https:\/\/meripelastus.fi\/kemionsaari\/kimitoons-sjoraddare\/historia\/\" \/>\n<meta property=\"og:locale\" content=\"sv_SE\" \/>\n<meta property=\"og:type\" content=\"article\" \/>\n<meta property=\"og:title\" content=\"Historia\" \/>\n<meta property=\"og:description\" content=\"P\u00e5 Kimito\u00f6n har det redan f\u00f6re f\u00f6reningens grundade funnits frivillig sj\u00f6r\u00e4ddningsverksamhet. \u00c5r 2006 grundades en station p\u00e5 Kasn\u00e4sudden som till en b\u00f6rjan tillh\u00f6rde Pargas Sj\u00f6r\u00e4ddningsf\u00f6rening Sydv\u00e4st. 6 \u00e5r senare b\u00f6rjade stationen tillh\u00f6ra Salos Sj\u00f6r\u00e4ddare. Senare godk\u00e4nde Finska Sj\u00f6r\u00e4ddningss\u00e4llskapet grundandet av en ny medlemsf\u00f6rening, Kimito\u00f6ns Sj\u00f6r\u00e4ddare rf. Den 12.6.2015 togs f\u00f6reningen officiellt med i det Finska [&hellip;]\" \/>\n<meta property=\"og:url\" content=\"https:\/\/meripelastus.fi\/kemionsaari\/kimitoons-sjoraddare\/historia\/\" \/>\n<meta property=\"og:site_name\" content=\"Kemi\u00f6nsaaren Meripelastajat\" \/>\n<meta property=\"article:modified_time\" content=\"2020-05-09T12:14:55+00:00\" \/>\n<meta name=\"twitter:card\" content=\"summary_large_image\" \/>\n<script type=\"application\/ld+json\" class=\"yoast-schema-graph\">{\"@context\":\"https:\/\/schema.org\",\"@graph\":[{\"@type\":\"WebPage\",\"@id\":\"https:\/\/meripelastus.fi\/kemionsaari\/kimitoons-sjoraddare\/historia\/\",\"url\":\"https:\/\/meripelastus.fi\/kemionsaari\/kimitoons-sjoraddare\/historia\/\",\"name\":\"Historia - Kemi\u00f6nsaaren Meripelastajat\",\"isPartOf\":{\"@id\":\"https:\/\/meripelastus.fi\/kemionsaari\/#website\"},\"datePublished\":\"2020-01-27T08:09:35+00:00\",\"dateModified\":\"2020-05-09T12:14:55+00:00\",\"breadcrumb\":{\"@id\":\"https:\/\/meripelastus.fi\/kemionsaari\/kimitoons-sjoraddare\/historia\/#breadcrumb\"},\"inLanguage\":\"sv-SE\",\"potentialAction\":[{\"@type\":\"ReadAction\",\"target\":[\"https:\/\/meripelastus.fi\/kemionsaari\/kimitoons-sjoraddare\/historia\/\"]}]},{\"@type\":\"BreadcrumbList\",\"@id\":\"https:\/\/meripelastus.fi\/kemionsaari\/kimitoons-sjoraddare\/historia\/#breadcrumb\",\"itemListElement\":[{\"@type\":\"ListItem\",\"position\":1,\"name\":\"Home\",\"item\":\"https:\/\/meripelastus.fi\/kemionsaari\/\"},{\"@type\":\"ListItem\",\"position\":2,\"name\":\"Kimito\u00f6ns Sj\u00f6r\u00e4ddare\",\"item\":\"https:\/\/meripelastus.fi\/kemionsaari\/kimitoons-sjoraddare\/\"},{\"@type\":\"ListItem\",\"position\":3,\"name\":\"Historia\"}]},{\"@type\":\"WebSite\",\"@id\":\"https:\/\/meripelastus.fi\/kemionsaari\/#website\",\"url\":\"https:\/\/meripelastus.fi\/kemionsaari\/\",\"name\":\"Kemi\u00f6nsaaren Meripelastajat\",\"description\":\"Vapaaehtoiset apunasi vesill\u00e4\",\"potentialAction\":[{\"@type\":\"SearchAction\",\"target\":{\"@type\":\"EntryPoint\",\"urlTemplate\":\"https:\/\/meripelastus.fi\/kemionsaari\/?s={search_term_string}\"},\"query-input\":{\"@type\":\"PropertyValueSpecification\",\"valueRequired\":true,\"valueName\":\"search_term_string\"}}],\"inLanguage\":\"sv-SE\"}]}<\/script>\n<!-- \/ Yoast SEO Premium plugin. -->","yoast_head_json":{"title":"Historia - Kemi\u00f6nsaaren Meripelastajat","robots":{"index":"index","follow":"follow","max-snippet":"max-snippet:-1","max-image-preview":"max-image-preview:large","max-video-preview":"max-video-preview:-1"},"canonical":"https:\/\/meripelastus.fi\/kemionsaari\/kimitoons-sjoraddare\/historia\/","og_locale":"sv_SE","og_type":"article","og_title":"Historia","og_description":"P\u00e5 Kimito\u00f6n har det redan f\u00f6re f\u00f6reningens grundade funnits frivillig sj\u00f6r\u00e4ddningsverksamhet. \u00c5r 2006 grundades en station p\u00e5 Kasn\u00e4sudden som till en b\u00f6rjan tillh\u00f6rde Pargas Sj\u00f6r\u00e4ddningsf\u00f6rening Sydv\u00e4st. 6 \u00e5r senare b\u00f6rjade stationen tillh\u00f6ra Salos Sj\u00f6r\u00e4ddare. Senare godk\u00e4nde Finska Sj\u00f6r\u00e4ddningss\u00e4llskapet grundandet av en ny medlemsf\u00f6rening, Kimito\u00f6ns Sj\u00f6r\u00e4ddare rf. Den 12.6.2015 togs f\u00f6reningen officiellt med i det Finska [&hellip;]","og_url":"https:\/\/meripelastus.fi\/kemionsaari\/kimitoons-sjoraddare\/historia\/","og_site_name":"Kemi\u00f6nsaaren Meripelastajat","article_modified_time":"2020-05-09T12:14:55+00:00","twitter_card":"summary_large_image","schema":{"@context":"https:\/\/schema.org","@graph":[{"@type":"WebPage","@id":"https:\/\/meripelastus.fi\/kemionsaari\/kimitoons-sjoraddare\/historia\/","url":"https:\/\/meripelastus.fi\/kemionsaari\/kimitoons-sjoraddare\/historia\/","name":"Historia - Kemi\u00f6nsaaren Meripelastajat","isPartOf":{"@id":"https:\/\/meripelastus.fi\/kemionsaari\/#website"},"datePublished":"2020-01-27T08:09:35+00:00","dateModified":"2020-05-09T12:14:55+00:00","breadcrumb":{"@id":"https:\/\/meripelastus.fi\/kemionsaari\/kimitoons-sjoraddare\/historia\/#breadcrumb"},"inLanguage":"sv-SE","potentialAction":[{"@type":"ReadAction","target":["https:\/\/meripelastus.fi\/kemionsaari\/kimitoons-sjoraddare\/historia\/"]}]},{"@type":"BreadcrumbList","@id":"https:\/\/meripelastus.fi\/kemionsaari\/kimitoons-sjoraddare\/historia\/#breadcrumb","itemListElement":[{"@type":"ListItem","position":1,"name":"Home","item":"https:\/\/meripelastus.fi\/kemionsaari\/"},{"@type":"ListItem","position":2,"name":"Kimito\u00f6ns Sj\u00f6r\u00e4ddare","item":"https:\/\/meripelastus.fi\/kemionsaari\/kimitoons-sjoraddare\/"},{"@type":"ListItem","position":3,"name":"Historia"}]},{"@type":"WebSite","@id":"https:\/\/meripelastus.fi\/kemionsaari\/#website","url":"https:\/\/meripelastus.fi\/kemionsaari\/","name":"Kemi\u00f6nsaaren Meripelastajat","description":"Vapaaehtoiset apunasi vesill\u00e4","potentialAction":[{"@type":"SearchAction","target":{"@type":"EntryPoint","urlTemplate":"https:\/\/meripelastus.fi\/kemionsaari\/?s={search_term_string}"},"query-input":{"@type":"PropertyValueSpecification","valueRequired":true,"valueName":"search_term_string"}}],"inLanguage":"sv-SE"}]}},"_links":{"self":[{"href":"https:\/\/meripelastus.fi\/kemionsaari\/wp-json\/wp\/v2\/pages\/312","targetHints":{"allow":["GET"]}}],"collection":[{"href":"https:\/\/meripelastus.fi\/kemionsaari\/wp-json\/wp\/v2\/pages"}],"about":[{"href":"https:\/\/meripelastus.fi\/kemionsaari\/wp-json\/wp\/v2\/types\/page"}],"author":[{"embeddable":true,"href":"https:\/\/meripelastus.fi\/kemionsaari\/wp-json\/wp\/v2\/users\/58"}],"replies":[{"embeddable":true,"href":"https:\/\/meripelastus.fi\/kemionsaari\/wp-json\/wp\/v2\/comments?post=312"}],"version-history":[{"count":3,"href":"https:\/\/meripelastus.fi\/kemionsaari\/wp-json\/wp\/v2\/pages\/312\/revisions"}],"predecessor-version":[{"id":599,"href":"https:\/\/meripelastus.fi\/kemionsaari\/wp-json\/wp\/v2\/pages\/312\/revisions\/599"}],"up":[{"embeddable":true,"href":"https:\/\/meripelastus.fi\/kemionsaari\/wp-json\/wp\/v2\/pages\/220"}],"wp:attachment":[{"href":"https:\/\/meripelastus.fi\/kemionsaari\/wp-json\/wp\/v2\/media?parent=312"}],"curies":[{"name":"wp","href":"https:\/\/api.w.org\/{rel}","templated":true}]}}