{"id":309,"date":"2020-01-27T10:08:59","date_gmt":"2020-01-27T08:08:59","guid":{"rendered":"https:\/\/meripelastus.fi\/kemionsaari-vedos\/?page_id=309"},"modified":"2020-01-27T10:10:46","modified_gmt":"2020-01-27T08:10:46","slug":"historia","status":"publish","type":"page","link":"https:\/\/meripelastus.fi\/kemionsaari\/fi\/kemionsaaren-meripelastajat\/historia\/","title":{"rendered":"Historia"},"content":{"rendered":"<p>Kemi\u00f6nsaaressa on ollut jo ennen yhdistyksen perustamista vapaaehtoista meripelastustoimintaa.<\/p>\n<p>Vuonna 2006 Kasn\u00e4siin perustettiin asema, joka kuului ensiksi Paraisten Meripelastusyhdistys Sydv\u00e4stiin. Kuusi vuotta my\u00f6hemmin asema siirtyi Salon Meripelastajien alaisuuteen.<\/p>\n<p>My\u00f6hemmin Suomen Meripelastusseura hyv\u00e4ksyi esityksen Kasn\u00e4sin aseman muodostamisesta itsen\u00e4iseksi meripelastusyhdistykseksi nimelt\u00e4\u00e4n Kemi\u00f6nsaaren Meripelastajat ry ja 12.6.2015 yhdistys otetaan virallisesti seuran j\u00e4seneksi.<\/p>\n","protected":false},"excerpt":{"rendered":"<p>Kemi\u00f6nsaaressa on ollut jo ennen yhdistyksen perustamista vapaaehtoista meripelastustoimintaa. Vuonna 2006 Kasn\u00e4siin perustettiin asema, joka kuului ensiksi Paraisten Meripelastusyhdistys Sydv\u00e4stiin. Kuusi vuotta my\u00f6hemmin asema siirtyi Salon Meripelastajien alaisuuteen. My\u00f6hemmin Suomen Meripelastusseura hyv\u00e4ksyi esityksen Kasn\u00e4sin aseman muodostamisesta itsen\u00e4iseksi meripelastusyhdistykseksi nimelt\u00e4\u00e4n Kemi\u00f6nsaaren Meripelastajat ry ja 12.6.2015 yhdistys otetaan virallisesti seuran j\u00e4seneksi.<\/p>\n","protected":false},"author":58,"featured_media":0,"parent":6,"menu_order":0,"comment_status":"closed","ping_status":"closed","template":"","meta":{"_acf_changed":false,"inline_featured_image":false,"footnotes":""},"class_list":["post-309","page","type-page","status-publish","hentry"],"acf":[],"yoast_head":"<!-- This site is optimized with the Yoast SEO Premium plugin v27.2 (Yoast SEO v27.2) - https:\/\/yoast.com\/product\/yoast-seo-premium-wordpress\/ -->\n<title>Historia - Kemi\u00f6nsaaren Meripelastajat<\/title>\n<meta name=\"robots\" content=\"index, follow, max-snippet:-1, max-image-preview:large, max-video-preview:-1\" \/>\n<link rel=\"canonical\" href=\"https:\/\/meripelastus.fi\/kemionsaari\/fi\/kemionsaaren-meripelastajat\/historia\/\" \/>\n<meta property=\"og:locale\" content=\"sv_SE\" \/>\n<meta property=\"og:type\" content=\"article\" \/>\n<meta property=\"og:title\" content=\"Historia\" \/>\n<meta property=\"og:description\" content=\"Kemi\u00f6nsaaressa on ollut jo ennen yhdistyksen perustamista vapaaehtoista meripelastustoimintaa. Vuonna 2006 Kasn\u00e4siin perustettiin asema, joka kuului ensiksi Paraisten Meripelastusyhdistys Sydv\u00e4stiin. Kuusi vuotta my\u00f6hemmin asema siirtyi Salon Meripelastajien alaisuuteen. My\u00f6hemmin Suomen Meripelastusseura hyv\u00e4ksyi esityksen Kasn\u00e4sin aseman muodostamisesta itsen\u00e4iseksi meripelastusyhdistykseksi nimelt\u00e4\u00e4n Kemi\u00f6nsaaren Meripelastajat ry ja 12.6.2015 yhdistys otetaan virallisesti seuran j\u00e4seneksi.\" \/>\n<meta property=\"og:url\" content=\"https:\/\/meripelastus.fi\/kemionsaari\/fi\/kemionsaaren-meripelastajat\/historia\/\" \/>\n<meta property=\"og:site_name\" content=\"Kemi\u00f6nsaaren Meripelastajat\" \/>\n<meta property=\"article:modified_time\" content=\"2020-01-27T08:10:46+00:00\" \/>\n<meta name=\"twitter:card\" content=\"summary_large_image\" \/>\n<script type=\"application\/ld+json\" class=\"yoast-schema-graph\">{\"@context\":\"https:\/\/schema.org\",\"@graph\":[{\"@type\":\"WebPage\",\"@id\":\"https:\/\/meripelastus.fi\/kemionsaari\/fi\/kemionsaaren-meripelastajat\/historia\/\",\"url\":\"https:\/\/meripelastus.fi\/kemionsaari\/fi\/kemionsaaren-meripelastajat\/historia\/\",\"name\":\"Historia - Kemi\u00f6nsaaren Meripelastajat\",\"isPartOf\":{\"@id\":\"https:\/\/meripelastus.fi\/kemionsaari\/#website\"},\"datePublished\":\"2020-01-27T08:08:59+00:00\",\"dateModified\":\"2020-01-27T08:10:46+00:00\",\"breadcrumb\":{\"@id\":\"https:\/\/meripelastus.fi\/kemionsaari\/fi\/kemionsaaren-meripelastajat\/historia\/#breadcrumb\"},\"inLanguage\":\"sv-SE\",\"potentialAction\":[{\"@type\":\"ReadAction\",\"target\":[\"https:\/\/meripelastus.fi\/kemionsaari\/fi\/kemionsaaren-meripelastajat\/historia\/\"]}]},{\"@type\":\"BreadcrumbList\",\"@id\":\"https:\/\/meripelastus.fi\/kemionsaari\/fi\/kemionsaaren-meripelastajat\/historia\/#breadcrumb\",\"itemListElement\":[{\"@type\":\"ListItem\",\"position\":1,\"name\":\"Home\",\"item\":\"https:\/\/meripelastus.fi\/kemionsaari\/\"},{\"@type\":\"ListItem\",\"position\":2,\"name\":\"Kemi\u00f6nsaaren Meripelastajat\",\"item\":\"https:\/\/meripelastus.fi\/kemionsaari\/fi\/kemionsaaren-meripelastajat\/\"},{\"@type\":\"ListItem\",\"position\":3,\"name\":\"Historia\"}]},{\"@type\":\"WebSite\",\"@id\":\"https:\/\/meripelastus.fi\/kemionsaari\/#website\",\"url\":\"https:\/\/meripelastus.fi\/kemionsaari\/\",\"name\":\"Kemi\u00f6nsaaren Meripelastajat\",\"description\":\"Vapaaehtoiset apunasi vesill\u00e4\",\"potentialAction\":[{\"@type\":\"SearchAction\",\"target\":{\"@type\":\"EntryPoint\",\"urlTemplate\":\"https:\/\/meripelastus.fi\/kemionsaari\/?s={search_term_string}\"},\"query-input\":{\"@type\":\"PropertyValueSpecification\",\"valueRequired\":true,\"valueName\":\"search_term_string\"}}],\"inLanguage\":\"sv-SE\"}]}<\/script>\n<!-- \/ Yoast SEO Premium plugin. -->","yoast_head_json":{"title":"Historia - Kemi\u00f6nsaaren Meripelastajat","robots":{"index":"index","follow":"follow","max-snippet":"max-snippet:-1","max-image-preview":"max-image-preview:large","max-video-preview":"max-video-preview:-1"},"canonical":"https:\/\/meripelastus.fi\/kemionsaari\/fi\/kemionsaaren-meripelastajat\/historia\/","og_locale":"sv_SE","og_type":"article","og_title":"Historia","og_description":"Kemi\u00f6nsaaressa on ollut jo ennen yhdistyksen perustamista vapaaehtoista meripelastustoimintaa. Vuonna 2006 Kasn\u00e4siin perustettiin asema, joka kuului ensiksi Paraisten Meripelastusyhdistys Sydv\u00e4stiin. Kuusi vuotta my\u00f6hemmin asema siirtyi Salon Meripelastajien alaisuuteen. My\u00f6hemmin Suomen Meripelastusseura hyv\u00e4ksyi esityksen Kasn\u00e4sin aseman muodostamisesta itsen\u00e4iseksi meripelastusyhdistykseksi nimelt\u00e4\u00e4n Kemi\u00f6nsaaren Meripelastajat ry ja 12.6.2015 yhdistys otetaan virallisesti seuran j\u00e4seneksi.","og_url":"https:\/\/meripelastus.fi\/kemionsaari\/fi\/kemionsaaren-meripelastajat\/historia\/","og_site_name":"Kemi\u00f6nsaaren Meripelastajat","article_modified_time":"2020-01-27T08:10:46+00:00","twitter_card":"summary_large_image","schema":{"@context":"https:\/\/schema.org","@graph":[{"@type":"WebPage","@id":"https:\/\/meripelastus.fi\/kemionsaari\/fi\/kemionsaaren-meripelastajat\/historia\/","url":"https:\/\/meripelastus.fi\/kemionsaari\/fi\/kemionsaaren-meripelastajat\/historia\/","name":"Historia - Kemi\u00f6nsaaren Meripelastajat","isPartOf":{"@id":"https:\/\/meripelastus.fi\/kemionsaari\/#website"},"datePublished":"2020-01-27T08:08:59+00:00","dateModified":"2020-01-27T08:10:46+00:00","breadcrumb":{"@id":"https:\/\/meripelastus.fi\/kemionsaari\/fi\/kemionsaaren-meripelastajat\/historia\/#breadcrumb"},"inLanguage":"sv-SE","potentialAction":[{"@type":"ReadAction","target":["https:\/\/meripelastus.fi\/kemionsaari\/fi\/kemionsaaren-meripelastajat\/historia\/"]}]},{"@type":"BreadcrumbList","@id":"https:\/\/meripelastus.fi\/kemionsaari\/fi\/kemionsaaren-meripelastajat\/historia\/#breadcrumb","itemListElement":[{"@type":"ListItem","position":1,"name":"Home","item":"https:\/\/meripelastus.fi\/kemionsaari\/"},{"@type":"ListItem","position":2,"name":"Kemi\u00f6nsaaren Meripelastajat","item":"https:\/\/meripelastus.fi\/kemionsaari\/fi\/kemionsaaren-meripelastajat\/"},{"@type":"ListItem","position":3,"name":"Historia"}]},{"@type":"WebSite","@id":"https:\/\/meripelastus.fi\/kemionsaari\/#website","url":"https:\/\/meripelastus.fi\/kemionsaari\/","name":"Kemi\u00f6nsaaren Meripelastajat","description":"Vapaaehtoiset apunasi vesill\u00e4","potentialAction":[{"@type":"SearchAction","target":{"@type":"EntryPoint","urlTemplate":"https:\/\/meripelastus.fi\/kemionsaari\/?s={search_term_string}"},"query-input":{"@type":"PropertyValueSpecification","valueRequired":true,"valueName":"search_term_string"}}],"inLanguage":"sv-SE"}]}},"_links":{"self":[{"href":"https:\/\/meripelastus.fi\/kemionsaari\/wp-json\/wp\/v2\/pages\/309","targetHints":{"allow":["GET"]}}],"collection":[{"href":"https:\/\/meripelastus.fi\/kemionsaari\/wp-json\/wp\/v2\/pages"}],"about":[{"href":"https:\/\/meripelastus.fi\/kemionsaari\/wp-json\/wp\/v2\/types\/page"}],"author":[{"embeddable":true,"href":"https:\/\/meripelastus.fi\/kemionsaari\/wp-json\/wp\/v2\/users\/58"}],"replies":[{"embeddable":true,"href":"https:\/\/meripelastus.fi\/kemionsaari\/wp-json\/wp\/v2\/comments?post=309"}],"version-history":[{"count":3,"href":"https:\/\/meripelastus.fi\/kemionsaari\/wp-json\/wp\/v2\/pages\/309\/revisions"}],"predecessor-version":[{"id":314,"href":"https:\/\/meripelastus.fi\/kemionsaari\/wp-json\/wp\/v2\/pages\/309\/revisions\/314"}],"up":[{"embeddable":true,"href":"https:\/\/meripelastus.fi\/kemionsaari\/wp-json\/wp\/v2\/pages\/6"}],"wp:attachment":[{"href":"https:\/\/meripelastus.fi\/kemionsaari\/wp-json\/wp\/v2\/media?parent=309"}],"curies":[{"name":"wp","href":"https:\/\/api.w.org\/{rel}","templated":true}]}}