{"id":295,"date":"2020-01-27T08:43:56","date_gmt":"2020-01-27T06:43:56","guid":{"rendered":"https:\/\/meripelastus.fi\/kemionsaari-vedos\/?page_id=295"},"modified":"2021-05-08T16:42:40","modified_gmt":"2021-05-08T13:42:40","slug":"raddningsbatarna","status":"publish","type":"page","link":"https:\/\/meripelastus.fi\/kemionsaari\/verksamhet\/raddningsbatarna\/","title":{"rendered":"R\u00e4ddningsb\u00e5tarna"},"content":{"rendered":"<h2>Pv Mona<img loading=\"lazy\" decoding=\"async\" class=\"alignright wp-image-655\" src=\"https:\/\/meripelastus.fi\/kemionsaari-vedos\/wp-content\/uploads\/sites\/28\/2020\/06\/DSCN0578-300x169.jpg\" alt=\"\" width=\"424\" height=\"239\" srcset=\"https:\/\/meripelastus.fi\/kemionsaari\/wp-content\/uploads\/sites\/28\/2020\/06\/DSCN0578-300x169.jpg 300w, https:\/\/meripelastus.fi\/kemionsaari\/wp-content\/uploads\/sites\/28\/2020\/06\/DSCN0578-1024x577.jpg 1024w, https:\/\/meripelastus.fi\/kemionsaari\/wp-content\/uploads\/sites\/28\/2020\/06\/DSCN0578-768x433.jpg 768w, https:\/\/meripelastus.fi\/kemionsaari\/wp-content\/uploads\/sites\/28\/2020\/06\/DSCN0578-1536x866.jpg 1536w, https:\/\/meripelastus.fi\/kemionsaari\/wp-content\/uploads\/sites\/28\/2020\/06\/DSCN0578-2048x1154.jpg 2048w\" sizes=\"auto, (max-width: 424px) 100vw, 424px\" \/><\/h2>\n<p>Tillverkare: Kewatec Aluboat<br \/>\n<span>L\u00e4ngd<\/span>: 10,2 m<br \/>\n<span>Bredd<\/span>: 3,2 m<br \/>\n<span>Vikt<\/span>: 6,55 ton<br \/>\n<span>Fart<\/span>: 35 knop<br \/>\n<span>Bes\u00e4ttning<\/span>: 2<br \/>\n<span>Motoreffekt<\/span>: 404 kW<br \/>\n<span>Framdrivning<\/span>: <span>vattenjet<\/span><br \/>\n<span>Aktionsdistans<\/span>: 95 nm<\/p>\n","protected":false},"excerpt":{"rendered":"<p>Pv Mona Tillverkare: Kewatec Aluboat L\u00e4ngd: 10,2 m Bredd: 3,2 m Vikt: 6,55 ton Fart: 35 knop Bes\u00e4ttning: 2 Motoreffekt: 404 kW Framdrivning: vattenjet Aktionsdistans: 95 nm<\/p>\n","protected":false},"author":58,"featured_media":0,"parent":233,"menu_order":0,"comment_status":"closed","ping_status":"closed","template":"","meta":{"_acf_changed":false,"inline_featured_image":false,"footnotes":""},"class_list":["post-295","page","type-page","status-publish","hentry"],"acf":[],"yoast_head":"<!-- This site is optimized with the Yoast SEO Premium plugin v27.2 (Yoast SEO v27.2) - https:\/\/yoast.com\/product\/yoast-seo-premium-wordpress\/ -->\n<title>R\u00e4ddningsb\u00e5tarna - Kemi\u00f6nsaaren Meripelastajat<\/title>\n<meta name=\"robots\" content=\"index, follow, max-snippet:-1, max-image-preview:large, max-video-preview:-1\" \/>\n<link rel=\"canonical\" href=\"https:\/\/meripelastus.fi\/kemionsaari\/verksamhet\/raddningsbatarna\/\" \/>\n<meta property=\"og:locale\" content=\"sv_SE\" \/>\n<meta property=\"og:type\" content=\"article\" \/>\n<meta property=\"og:title\" content=\"R\u00e4ddningsb\u00e5tarna\" \/>\n<meta property=\"og:description\" content=\"Pv Mona Tillverkare: Kewatec Aluboat L\u00e4ngd: 10,2 m Bredd: 3,2 m Vikt: 6,55 ton Fart: 35 knop Bes\u00e4ttning: 2 Motoreffekt: 404 kW Framdrivning: vattenjet Aktionsdistans: 95 nm\" \/>\n<meta property=\"og:url\" content=\"https:\/\/meripelastus.fi\/kemionsaari\/verksamhet\/raddningsbatarna\/\" \/>\n<meta property=\"og:site_name\" content=\"Kemi\u00f6nsaaren Meripelastajat\" \/>\n<meta property=\"article:modified_time\" content=\"2021-05-08T13:42:40+00:00\" \/>\n<meta property=\"og:image\" content=\"https:\/\/meripelastus.fi\/kemionsaari-vedos\/wp-content\/uploads\/sites\/28\/2020\/06\/DSCN0578-300x169.jpg\" \/>\n<meta name=\"twitter:card\" content=\"summary_large_image\" \/>\n<meta name=\"twitter:label1\" content=\"Ber\u00e4knad l\u00e4stid\" \/>\n\t<meta name=\"twitter:data1\" content=\"1 minut\" \/>\n<script type=\"application\/ld+json\" class=\"yoast-schema-graph\">{\"@context\":\"https:\/\/schema.org\",\"@graph\":[{\"@type\":\"WebPage\",\"@id\":\"https:\/\/meripelastus.fi\/kemionsaari\/verksamhet\/raddningsbatarna\/\",\"url\":\"https:\/\/meripelastus.fi\/kemionsaari\/verksamhet\/raddningsbatarna\/\",\"name\":\"R\u00e4ddningsb\u00e5tarna - Kemi\u00f6nsaaren Meripelastajat\",\"isPartOf\":{\"@id\":\"https:\/\/meripelastus.fi\/kemionsaari\/#website\"},\"primaryImageOfPage\":{\"@id\":\"https:\/\/meripelastus.fi\/kemionsaari\/verksamhet\/raddningsbatarna\/#primaryimage\"},\"image\":{\"@id\":\"https:\/\/meripelastus.fi\/kemionsaari\/verksamhet\/raddningsbatarna\/#primaryimage\"},\"thumbnailUrl\":\"https:\/\/meripelastus.fi\/kemionsaari-vedos\/wp-content\/uploads\/sites\/28\/2020\/06\/DSCN0578-300x169.jpg\",\"datePublished\":\"2020-01-27T06:43:56+00:00\",\"dateModified\":\"2021-05-08T13:42:40+00:00\",\"breadcrumb\":{\"@id\":\"https:\/\/meripelastus.fi\/kemionsaari\/verksamhet\/raddningsbatarna\/#breadcrumb\"},\"inLanguage\":\"sv-SE\",\"potentialAction\":[{\"@type\":\"ReadAction\",\"target\":[\"https:\/\/meripelastus.fi\/kemionsaari\/verksamhet\/raddningsbatarna\/\"]}]},{\"@type\":\"ImageObject\",\"inLanguage\":\"sv-SE\",\"@id\":\"https:\/\/meripelastus.fi\/kemionsaari\/verksamhet\/raddningsbatarna\/#primaryimage\",\"url\":\"https:\/\/meripelastus.fi\/kemionsaari-vedos\/wp-content\/uploads\/sites\/28\/2020\/06\/DSCN0578-300x169.jpg\",\"contentUrl\":\"https:\/\/meripelastus.fi\/kemionsaari-vedos\/wp-content\/uploads\/sites\/28\/2020\/06\/DSCN0578-300x169.jpg\"},{\"@type\":\"BreadcrumbList\",\"@id\":\"https:\/\/meripelastus.fi\/kemionsaari\/verksamhet\/raddningsbatarna\/#breadcrumb\",\"itemListElement\":[{\"@type\":\"ListItem\",\"position\":1,\"name\":\"Home\",\"item\":\"https:\/\/meripelastus.fi\/kemionsaari\/\"},{\"@type\":\"ListItem\",\"position\":2,\"name\":\"Verksamhet\",\"item\":\"https:\/\/meripelastus.fi\/kemionsaari\/verksamhet\/\"},{\"@type\":\"ListItem\",\"position\":3,\"name\":\"R\u00e4ddningsb\u00e5tarna\"}]},{\"@type\":\"WebSite\",\"@id\":\"https:\/\/meripelastus.fi\/kemionsaari\/#website\",\"url\":\"https:\/\/meripelastus.fi\/kemionsaari\/\",\"name\":\"Kemi\u00f6nsaaren Meripelastajat\",\"description\":\"Vapaaehtoiset apunasi vesill\u00e4\",\"potentialAction\":[{\"@type\":\"SearchAction\",\"target\":{\"@type\":\"EntryPoint\",\"urlTemplate\":\"https:\/\/meripelastus.fi\/kemionsaari\/?s={search_term_string}\"},\"query-input\":{\"@type\":\"PropertyValueSpecification\",\"valueRequired\":true,\"valueName\":\"search_term_string\"}}],\"inLanguage\":\"sv-SE\"}]}<\/script>\n<!-- \/ Yoast SEO Premium plugin. -->","yoast_head_json":{"title":"R\u00e4ddningsb\u00e5tarna - Kemi\u00f6nsaaren Meripelastajat","robots":{"index":"index","follow":"follow","max-snippet":"max-snippet:-1","max-image-preview":"max-image-preview:large","max-video-preview":"max-video-preview:-1"},"canonical":"https:\/\/meripelastus.fi\/kemionsaari\/verksamhet\/raddningsbatarna\/","og_locale":"sv_SE","og_type":"article","og_title":"R\u00e4ddningsb\u00e5tarna","og_description":"Pv Mona Tillverkare: Kewatec Aluboat L\u00e4ngd: 10,2 m Bredd: 3,2 m Vikt: 6,55 ton Fart: 35 knop Bes\u00e4ttning: 2 Motoreffekt: 404 kW Framdrivning: vattenjet Aktionsdistans: 95 nm","og_url":"https:\/\/meripelastus.fi\/kemionsaari\/verksamhet\/raddningsbatarna\/","og_site_name":"Kemi\u00f6nsaaren Meripelastajat","article_modified_time":"2021-05-08T13:42:40+00:00","og_image":[{"url":"https:\/\/meripelastus.fi\/kemionsaari-vedos\/wp-content\/uploads\/sites\/28\/2020\/06\/DSCN0578-300x169.jpg","type":"","width":"","height":""}],"twitter_card":"summary_large_image","twitter_misc":{"Ber\u00e4knad l\u00e4stid":"1 minut"},"schema":{"@context":"https:\/\/schema.org","@graph":[{"@type":"WebPage","@id":"https:\/\/meripelastus.fi\/kemionsaari\/verksamhet\/raddningsbatarna\/","url":"https:\/\/meripelastus.fi\/kemionsaari\/verksamhet\/raddningsbatarna\/","name":"R\u00e4ddningsb\u00e5tarna - Kemi\u00f6nsaaren Meripelastajat","isPartOf":{"@id":"https:\/\/meripelastus.fi\/kemionsaari\/#website"},"primaryImageOfPage":{"@id":"https:\/\/meripelastus.fi\/kemionsaari\/verksamhet\/raddningsbatarna\/#primaryimage"},"image":{"@id":"https:\/\/meripelastus.fi\/kemionsaari\/verksamhet\/raddningsbatarna\/#primaryimage"},"thumbnailUrl":"https:\/\/meripelastus.fi\/kemionsaari-vedos\/wp-content\/uploads\/sites\/28\/2020\/06\/DSCN0578-300x169.jpg","datePublished":"2020-01-27T06:43:56+00:00","dateModified":"2021-05-08T13:42:40+00:00","breadcrumb":{"@id":"https:\/\/meripelastus.fi\/kemionsaari\/verksamhet\/raddningsbatarna\/#breadcrumb"},"inLanguage":"sv-SE","potentialAction":[{"@type":"ReadAction","target":["https:\/\/meripelastus.fi\/kemionsaari\/verksamhet\/raddningsbatarna\/"]}]},{"@type":"ImageObject","inLanguage":"sv-SE","@id":"https:\/\/meripelastus.fi\/kemionsaari\/verksamhet\/raddningsbatarna\/#primaryimage","url":"https:\/\/meripelastus.fi\/kemionsaari-vedos\/wp-content\/uploads\/sites\/28\/2020\/06\/DSCN0578-300x169.jpg","contentUrl":"https:\/\/meripelastus.fi\/kemionsaari-vedos\/wp-content\/uploads\/sites\/28\/2020\/06\/DSCN0578-300x169.jpg"},{"@type":"BreadcrumbList","@id":"https:\/\/meripelastus.fi\/kemionsaari\/verksamhet\/raddningsbatarna\/#breadcrumb","itemListElement":[{"@type":"ListItem","position":1,"name":"Home","item":"https:\/\/meripelastus.fi\/kemionsaari\/"},{"@type":"ListItem","position":2,"name":"Verksamhet","item":"https:\/\/meripelastus.fi\/kemionsaari\/verksamhet\/"},{"@type":"ListItem","position":3,"name":"R\u00e4ddningsb\u00e5tarna"}]},{"@type":"WebSite","@id":"https:\/\/meripelastus.fi\/kemionsaari\/#website","url":"https:\/\/meripelastus.fi\/kemionsaari\/","name":"Kemi\u00f6nsaaren Meripelastajat","description":"Vapaaehtoiset apunasi vesill\u00e4","potentialAction":[{"@type":"SearchAction","target":{"@type":"EntryPoint","urlTemplate":"https:\/\/meripelastus.fi\/kemionsaari\/?s={search_term_string}"},"query-input":{"@type":"PropertyValueSpecification","valueRequired":true,"valueName":"search_term_string"}}],"inLanguage":"sv-SE"}]}},"_links":{"self":[{"href":"https:\/\/meripelastus.fi\/kemionsaari\/wp-json\/wp\/v2\/pages\/295","targetHints":{"allow":["GET"]}}],"collection":[{"href":"https:\/\/meripelastus.fi\/kemionsaari\/wp-json\/wp\/v2\/pages"}],"about":[{"href":"https:\/\/meripelastus.fi\/kemionsaari\/wp-json\/wp\/v2\/types\/page"}],"author":[{"embeddable":true,"href":"https:\/\/meripelastus.fi\/kemionsaari\/wp-json\/wp\/v2\/users\/58"}],"replies":[{"embeddable":true,"href":"https:\/\/meripelastus.fi\/kemionsaari\/wp-json\/wp\/v2\/comments?post=295"}],"version-history":[{"count":9,"href":"https:\/\/meripelastus.fi\/kemionsaari\/wp-json\/wp\/v2\/pages\/295\/revisions"}],"predecessor-version":[{"id":744,"href":"https:\/\/meripelastus.fi\/kemionsaari\/wp-json\/wp\/v2\/pages\/295\/revisions\/744"}],"up":[{"embeddable":true,"href":"https:\/\/meripelastus.fi\/kemionsaari\/wp-json\/wp\/v2\/pages\/233"}],"wp:attachment":[{"href":"https:\/\/meripelastus.fi\/kemionsaari\/wp-json\/wp\/v2\/media?parent=295"}],"curies":[{"name":"wp","href":"https:\/\/api.w.org\/{rel}","templated":true}]}}