{"id":28,"date":"2018-03-19T09:19:27","date_gmt":"2018-03-19T07:19:27","guid":{"rendered":"http:\/\/basetemplate.smpsyhdistykset.16.testivedos.com\/?page_id=28"},"modified":"2025-01-30T16:36:37","modified_gmt":"2025-01-30T14:36:37","slug":"miehisto","status":"publish","type":"page","link":"https:\/\/meripelastus.fi\/kemionsaari\/fi\/toiminta\/miehisto\/","title":{"rendered":"Miehist\u00f6"},"content":{"rendered":"<p>T\u00e4ll\u00e4 hetkell\u00e4 miehist\u00f6mme koostuu n. 30 aktiivij\u00e4senest\u00e4. Miehist\u00f6mme suorittama p\u00e4ivystys-, pelastus- ja avustustoiminta perustuu t\u00e4ysin vapaaehtoisuuteen. Miehist\u00f6mme on sitoutunut auttamaan veneilij\u00f6it\u00e4 ja muita vesill\u00e4 liikkujia koko avovesikauden ajan.<\/p>\n<p><strong>Koulutus<\/strong><\/p>\n<p>Koulutamme miehist\u00f6\u00e4 meripelastusseuran vaatimusten mukaisesti. Talvisin koulutus on teoriapainotteista ja kev\u00e4isin suoritetaan k\u00e4yt\u00e4nn\u00f6n harjoituksia. Koulutus perustuu meripelastusseuran materiaaliin ja koulutusp\u00e4tevyyksiin. Suurin osa koulutuksesta annetaan yhdistyksess\u00e4mme ja valtakunnallista koulutusta j\u00e4rjest\u00e4\u00e4 Suomen Meripelastusseura. Opeteltavia asioita ovat mm. merimiestaidot, merenkulku, alustekniikka, ensiapu, viestiliikenne, etsint\u00e4-, pelastus- ja avustustoiminta sek\u00e4 johtaminen aluksella.<\/p>\n<p><a href=\"http:\/\/view.24mags.com\/mobilev\/fa2d67ed5e49d76a3a3dde8d5872d78e#\/page=1\" target=\"_blank\" rel=\"noopener noreferrer\">Koulutusj\u00e4rjestelm\u00e4n yleiskuvaus<\/a><\/p>\n<p><a href=\"http:\/\/view.24mags.com\/mobilev\/d259ffb696ed449c575ff1480eae8659\" target=\"_blank\" rel=\"noopener noreferrer\">Miehist\u00f6n koulutussuunnitelma<\/a><\/p>\n<p><a href=\"http:\/\/view.24mags.com\/mobilev\/dfed6354f8ffa73f02531bdf4241edfc#\/page=1\" target=\"_blank\" rel=\"noopener noreferrer\">P\u00e4\u00e4llyst\u00f6n koulutussuunnitelma<\/a><\/p>\n<p><img loading=\"lazy\" decoding=\"async\" class=\"aligncenter wp-image-725 size-large\" src=\"https:\/\/meripelastus.fi\/kemionsaari\/wp-content\/uploads\/sites\/28\/2020\/07\/Alusperehdytys-1024x768.jpg\" alt=\"\" width=\"1024\" height=\"768\" srcset=\"https:\/\/meripelastus.fi\/kemionsaari\/wp-content\/uploads\/sites\/28\/2020\/07\/Alusperehdytys-1024x768.jpg 1024w, https:\/\/meripelastus.fi\/kemionsaari\/wp-content\/uploads\/sites\/28\/2020\/07\/Alusperehdytys-300x225.jpg 300w, https:\/\/meripelastus.fi\/kemionsaari\/wp-content\/uploads\/sites\/28\/2020\/07\/Alusperehdytys-768x576.jpg 768w, https:\/\/meripelastus.fi\/kemionsaari\/wp-content\/uploads\/sites\/28\/2020\/07\/Alusperehdytys-1536x1152.jpg 1536w, https:\/\/meripelastus.fi\/kemionsaari\/wp-content\/uploads\/sites\/28\/2020\/07\/Alusperehdytys-2048x1536.jpg 2048w, https:\/\/meripelastus.fi\/kemionsaari\/wp-content\/uploads\/sites\/28\/2020\/07\/Alusperehdytys-1600x1200.jpg 1600w\" sizes=\"auto, (max-width: 1024px) 100vw, 1024px\" \/><\/p>\n<p><strong>Mukaan toimintaan!<\/strong><\/p>\n<p>Tule mukaamme turvaamaan ja avustamaan ihmisi\u00e4 merell\u00e4. Kanssaihmisten auttaminen, mahdollisuus p\u00e4\u00e4st\u00e4 vesille ilman omaa venett\u00e4 sek\u00e4 monipuolinen pelastus- ja merenkulkukoulutus ovat paketti, mit\u00e4 mik\u00e4\u00e4n muu harrastus ei tarjoa. Emme edellyt\u00e4 aiempaa veneilykokemusta tai muuta erityisosaamista. Edellyt\u00e4mme ryhm\u00e4henkisyytt\u00e4, normaalia terveytt\u00e4 ja uimataitoa. Koulutus ja osaamisen yll\u00e4pito vaativat my\u00f6s sitoutumista ja aktiivisuutta.<\/p>\n<p><a href=\"http:\/\/view.24mags.com\/mobilev\/b96aff83a6a4bbbdcfbada9f7d2ead02#\/page=1\" target=\"_blank\" rel=\"noopener noreferrer\">Mukaan vapaaehtoisten pelastusveneiden miehist\u00f6\u00f6n -opas<\/a><\/p>\n<p>Jos olet kiinnostunut hakeutumaan mukaan operatiiviseen toimintaan, ole meihin yhteydess\u00e4: kemio@messi.meripelastus.fi<\/p>\n","protected":false},"excerpt":{"rendered":"<p>T\u00e4ll\u00e4 hetkell\u00e4 miehist\u00f6mme koostuu n. 30 aktiivij\u00e4senest\u00e4. Miehist\u00f6mme suorittama p\u00e4ivystys-, pelastus- ja avustustoiminta perustuu t\u00e4ysin vapaaehtoisuuteen. Miehist\u00f6mme on sitoutunut auttamaan veneilij\u00f6it\u00e4 ja muita vesill\u00e4 liikkujia koko avovesikauden ajan. Koulutus Koulutamme miehist\u00f6\u00e4 meripelastusseuran vaatimusten mukaisesti. Talvisin koulutus on teoriapainotteista ja kev\u00e4isin suoritetaan k\u00e4yt\u00e4nn\u00f6n harjoituksia. Koulutus perustuu meripelastusseuran materiaaliin ja koulutusp\u00e4tevyyksiin. Suurin osa koulutuksesta annetaan yhdistyksess\u00e4mme ja [&hellip;]<\/p>\n","protected":false},"author":1,"featured_media":0,"parent":20,"menu_order":0,"comment_status":"closed","ping_status":"closed","template":"","meta":{"_acf_changed":false,"inline_featured_image":false,"footnotes":""},"class_list":["post-28","page","type-page","status-publish","hentry"],"acf":[],"yoast_head":"<!-- This site is optimized with the Yoast SEO Premium plugin v27.4 (Yoast SEO v27.4) - https:\/\/yoast.com\/product\/yoast-seo-premium-wordpress\/ -->\n<title>Miehist\u00f6 - Kemi\u00f6nsaaren Meripelastajat<\/title>\n<meta name=\"robots\" content=\"index, follow, max-snippet:-1, max-image-preview:large, max-video-preview:-1\" \/>\n<link rel=\"canonical\" href=\"https:\/\/meripelastus.fi\/kemionsaari\/fi\/toiminta\/miehisto\/\" \/>\n<meta property=\"og:locale\" content=\"sv_SE\" \/>\n<meta property=\"og:type\" content=\"article\" \/>\n<meta property=\"og:title\" content=\"Miehist\u00f6\" \/>\n<meta property=\"og:description\" content=\"T\u00e4ll\u00e4 hetkell\u00e4 miehist\u00f6mme koostuu n. 30 aktiivij\u00e4senest\u00e4. Miehist\u00f6mme suorittama p\u00e4ivystys-, pelastus- ja avustustoiminta perustuu t\u00e4ysin vapaaehtoisuuteen. Miehist\u00f6mme on sitoutunut auttamaan veneilij\u00f6it\u00e4 ja muita vesill\u00e4 liikkujia koko avovesikauden ajan. Koulutus Koulutamme miehist\u00f6\u00e4 meripelastusseuran vaatimusten mukaisesti. Talvisin koulutus on teoriapainotteista ja kev\u00e4isin suoritetaan k\u00e4yt\u00e4nn\u00f6n harjoituksia. Koulutus perustuu meripelastusseuran materiaaliin ja koulutusp\u00e4tevyyksiin. Suurin osa koulutuksesta annetaan yhdistyksess\u00e4mme ja [&hellip;]\" \/>\n<meta property=\"og:url\" content=\"https:\/\/meripelastus.fi\/kemionsaari\/fi\/toiminta\/miehisto\/\" \/>\n<meta property=\"og:site_name\" content=\"Kemi\u00f6nsaaren Meripelastajat\" \/>\n<meta property=\"article:modified_time\" content=\"2025-01-30T14:36:37+00:00\" \/>\n<meta property=\"og:image\" content=\"https:\/\/meripelastus.fi\/kemionsaari\/wp-content\/uploads\/sites\/28\/2020\/07\/Alusperehdytys-scaled.jpg\" \/>\n\t<meta property=\"og:image:width\" content=\"2560\" \/>\n\t<meta property=\"og:image:height\" content=\"1920\" \/>\n\t<meta property=\"og:image:type\" content=\"image\/jpeg\" \/>\n<meta name=\"twitter:card\" content=\"summary_large_image\" \/>\n<meta name=\"twitter:label1\" content=\"Ber\u00e4knad l\u00e4stid\" \/>\n\t<meta name=\"twitter:data1\" content=\"1 minut\" \/>\n<script type=\"application\/ld+json\" class=\"yoast-schema-graph\">{\"@context\":\"https:\\\/\\\/schema.org\",\"@graph\":[{\"@type\":\"WebPage\",\"@id\":\"https:\\\/\\\/meripelastus.fi\\\/kemionsaari\\\/fi\\\/toiminta\\\/miehisto\\\/\",\"url\":\"https:\\\/\\\/meripelastus.fi\\\/kemionsaari\\\/fi\\\/toiminta\\\/miehisto\\\/\",\"name\":\"Miehist\u00f6 - Kemi\u00f6nsaaren Meripelastajat\",\"isPartOf\":{\"@id\":\"https:\\\/\\\/meripelastus.fi\\\/kemionsaari\\\/#website\"},\"primaryImageOfPage\":{\"@id\":\"https:\\\/\\\/meripelastus.fi\\\/kemionsaari\\\/fi\\\/toiminta\\\/miehisto\\\/#primaryimage\"},\"image\":{\"@id\":\"https:\\\/\\\/meripelastus.fi\\\/kemionsaari\\\/fi\\\/toiminta\\\/miehisto\\\/#primaryimage\"},\"thumbnailUrl\":\"https:\\\/\\\/meripelastus.fi\\\/kemionsaari\\\/wp-content\\\/uploads\\\/sites\\\/28\\\/2020\\\/07\\\/Alusperehdytys-1024x768.jpg\",\"datePublished\":\"2018-03-19T07:19:27+00:00\",\"dateModified\":\"2025-01-30T14:36:37+00:00\",\"breadcrumb\":{\"@id\":\"https:\\\/\\\/meripelastus.fi\\\/kemionsaari\\\/fi\\\/toiminta\\\/miehisto\\\/#breadcrumb\"},\"inLanguage\":\"sv-SE\",\"potentialAction\":[{\"@type\":\"ReadAction\",\"target\":[\"https:\\\/\\\/meripelastus.fi\\\/kemionsaari\\\/fi\\\/toiminta\\\/miehisto\\\/\"]}]},{\"@type\":\"ImageObject\",\"inLanguage\":\"sv-SE\",\"@id\":\"https:\\\/\\\/meripelastus.fi\\\/kemionsaari\\\/fi\\\/toiminta\\\/miehisto\\\/#primaryimage\",\"url\":\"https:\\\/\\\/meripelastus.fi\\\/kemionsaari\\\/wp-content\\\/uploads\\\/sites\\\/28\\\/2020\\\/07\\\/Alusperehdytys-scaled.jpg\",\"contentUrl\":\"https:\\\/\\\/meripelastus.fi\\\/kemionsaari\\\/wp-content\\\/uploads\\\/sites\\\/28\\\/2020\\\/07\\\/Alusperehdytys-scaled.jpg\",\"width\":2560,\"height\":1920},{\"@type\":\"BreadcrumbList\",\"@id\":\"https:\\\/\\\/meripelastus.fi\\\/kemionsaari\\\/fi\\\/toiminta\\\/miehisto\\\/#breadcrumb\",\"itemListElement\":[{\"@type\":\"ListItem\",\"position\":1,\"name\":\"Home\",\"item\":\"https:\\\/\\\/meripelastus.fi\\\/kemionsaari\\\/\"},{\"@type\":\"ListItem\",\"position\":2,\"name\":\"Toiminta\",\"item\":\"https:\\\/\\\/meripelastus.fi\\\/kemionsaari\\\/fi\\\/toiminta\\\/\"},{\"@type\":\"ListItem\",\"position\":3,\"name\":\"Miehist\u00f6\"}]},{\"@type\":\"WebSite\",\"@id\":\"https:\\\/\\\/meripelastus.fi\\\/kemionsaari\\\/#website\",\"url\":\"https:\\\/\\\/meripelastus.fi\\\/kemionsaari\\\/\",\"name\":\"Kemi\u00f6nsaaren Meripelastajat\",\"description\":\"Vapaaehtoiset apunasi vesill\u00e4\",\"potentialAction\":[{\"@type\":\"SearchAction\",\"target\":{\"@type\":\"EntryPoint\",\"urlTemplate\":\"https:\\\/\\\/meripelastus.fi\\\/kemionsaari\\\/?s={search_term_string}\"},\"query-input\":{\"@type\":\"PropertyValueSpecification\",\"valueRequired\":true,\"valueName\":\"search_term_string\"}}],\"inLanguage\":\"sv-SE\"}]}<\/script>\n<!-- \/ Yoast SEO Premium plugin. -->","yoast_head_json":{"title":"Miehist\u00f6 - Kemi\u00f6nsaaren Meripelastajat","robots":{"index":"index","follow":"follow","max-snippet":"max-snippet:-1","max-image-preview":"max-image-preview:large","max-video-preview":"max-video-preview:-1"},"canonical":"https:\/\/meripelastus.fi\/kemionsaari\/fi\/toiminta\/miehisto\/","og_locale":"sv_SE","og_type":"article","og_title":"Miehist\u00f6","og_description":"T\u00e4ll\u00e4 hetkell\u00e4 miehist\u00f6mme koostuu n. 30 aktiivij\u00e4senest\u00e4. Miehist\u00f6mme suorittama p\u00e4ivystys-, pelastus- ja avustustoiminta perustuu t\u00e4ysin vapaaehtoisuuteen. Miehist\u00f6mme on sitoutunut auttamaan veneilij\u00f6it\u00e4 ja muita vesill\u00e4 liikkujia koko avovesikauden ajan. Koulutus Koulutamme miehist\u00f6\u00e4 meripelastusseuran vaatimusten mukaisesti. Talvisin koulutus on teoriapainotteista ja kev\u00e4isin suoritetaan k\u00e4yt\u00e4nn\u00f6n harjoituksia. Koulutus perustuu meripelastusseuran materiaaliin ja koulutusp\u00e4tevyyksiin. Suurin osa koulutuksesta annetaan yhdistyksess\u00e4mme ja [&hellip;]","og_url":"https:\/\/meripelastus.fi\/kemionsaari\/fi\/toiminta\/miehisto\/","og_site_name":"Kemi\u00f6nsaaren Meripelastajat","article_modified_time":"2025-01-30T14:36:37+00:00","og_image":[{"width":2560,"height":1920,"url":"https:\/\/meripelastus.fi\/kemionsaari\/wp-content\/uploads\/sites\/28\/2020\/07\/Alusperehdytys-scaled.jpg","type":"image\/jpeg"}],"twitter_card":"summary_large_image","twitter_misc":{"Ber\u00e4knad l\u00e4stid":"1 minut"},"schema":{"@context":"https:\/\/schema.org","@graph":[{"@type":"WebPage","@id":"https:\/\/meripelastus.fi\/kemionsaari\/fi\/toiminta\/miehisto\/","url":"https:\/\/meripelastus.fi\/kemionsaari\/fi\/toiminta\/miehisto\/","name":"Miehist\u00f6 - Kemi\u00f6nsaaren Meripelastajat","isPartOf":{"@id":"https:\/\/meripelastus.fi\/kemionsaari\/#website"},"primaryImageOfPage":{"@id":"https:\/\/meripelastus.fi\/kemionsaari\/fi\/toiminta\/miehisto\/#primaryimage"},"image":{"@id":"https:\/\/meripelastus.fi\/kemionsaari\/fi\/toiminta\/miehisto\/#primaryimage"},"thumbnailUrl":"https:\/\/meripelastus.fi\/kemionsaari\/wp-content\/uploads\/sites\/28\/2020\/07\/Alusperehdytys-1024x768.jpg","datePublished":"2018-03-19T07:19:27+00:00","dateModified":"2025-01-30T14:36:37+00:00","breadcrumb":{"@id":"https:\/\/meripelastus.fi\/kemionsaari\/fi\/toiminta\/miehisto\/#breadcrumb"},"inLanguage":"sv-SE","potentialAction":[{"@type":"ReadAction","target":["https:\/\/meripelastus.fi\/kemionsaari\/fi\/toiminta\/miehisto\/"]}]},{"@type":"ImageObject","inLanguage":"sv-SE","@id":"https:\/\/meripelastus.fi\/kemionsaari\/fi\/toiminta\/miehisto\/#primaryimage","url":"https:\/\/meripelastus.fi\/kemionsaari\/wp-content\/uploads\/sites\/28\/2020\/07\/Alusperehdytys-scaled.jpg","contentUrl":"https:\/\/meripelastus.fi\/kemionsaari\/wp-content\/uploads\/sites\/28\/2020\/07\/Alusperehdytys-scaled.jpg","width":2560,"height":1920},{"@type":"BreadcrumbList","@id":"https:\/\/meripelastus.fi\/kemionsaari\/fi\/toiminta\/miehisto\/#breadcrumb","itemListElement":[{"@type":"ListItem","position":1,"name":"Home","item":"https:\/\/meripelastus.fi\/kemionsaari\/"},{"@type":"ListItem","position":2,"name":"Toiminta","item":"https:\/\/meripelastus.fi\/kemionsaari\/fi\/toiminta\/"},{"@type":"ListItem","position":3,"name":"Miehist\u00f6"}]},{"@type":"WebSite","@id":"https:\/\/meripelastus.fi\/kemionsaari\/#website","url":"https:\/\/meripelastus.fi\/kemionsaari\/","name":"Kemi\u00f6nsaaren Meripelastajat","description":"Vapaaehtoiset apunasi vesill\u00e4","potentialAction":[{"@type":"SearchAction","target":{"@type":"EntryPoint","urlTemplate":"https:\/\/meripelastus.fi\/kemionsaari\/?s={search_term_string}"},"query-input":{"@type":"PropertyValueSpecification","valueRequired":true,"valueName":"search_term_string"}}],"inLanguage":"sv-SE"}]}},"_links":{"self":[{"href":"https:\/\/meripelastus.fi\/kemionsaari\/wp-json\/wp\/v2\/pages\/28","targetHints":{"allow":["GET"]}}],"collection":[{"href":"https:\/\/meripelastus.fi\/kemionsaari\/wp-json\/wp\/v2\/pages"}],"about":[{"href":"https:\/\/meripelastus.fi\/kemionsaari\/wp-json\/wp\/v2\/types\/page"}],"author":[{"embeddable":true,"href":"https:\/\/meripelastus.fi\/kemionsaari\/wp-json\/wp\/v2\/users\/1"}],"replies":[{"embeddable":true,"href":"https:\/\/meripelastus.fi\/kemionsaari\/wp-json\/wp\/v2\/comments?post=28"}],"version-history":[{"count":7,"href":"https:\/\/meripelastus.fi\/kemionsaari\/wp-json\/wp\/v2\/pages\/28\/revisions"}],"predecessor-version":[{"id":978,"href":"https:\/\/meripelastus.fi\/kemionsaari\/wp-json\/wp\/v2\/pages\/28\/revisions\/978"}],"up":[{"embeddable":true,"href":"https:\/\/meripelastus.fi\/kemionsaari\/wp-json\/wp\/v2\/pages\/20"}],"wp:attachment":[{"href":"https:\/\/meripelastus.fi\/kemionsaari\/wp-json\/wp\/v2\/media?parent=28"}],"curies":[{"name":"wp","href":"https:\/\/api.w.org\/{rel}","templated":true}]}}